{"id":911,"date":"2019-10-22T07:23:48","date_gmt":"2019-10-22T07:23:48","guid":{"rendered":"https:\/\/queenchingglass.com\/?page_id=911"},"modified":"2019-10-24T03:40:12","modified_gmt":"2019-10-24T03:40:12","slug":"absinth","status":"publish","type":"page","link":"https:\/\/glassbottlewholesale.com\/de\/absinth\/","title":{"rendered":"Absinth Flaschen"},"content":{"rendered":"<div class=\"wpb-content-wrapper\"><div class=\"vc_row wpb_row vc_row-fluid\"><div class=\"wpb_column vc_column_container vc_col-sm-12\"><div class=\"vc_column-inner\"><div class=\"wpb_wrapper\">\n\t<div class=\"wpb_text_column wpb_content_element\" >\n\t\t<div class=\"wpb_wrapper\">\n\t\t\t<div class=\"tax-description clearfix\">\n<h2 style=\"text-align: center;\">Fragen Sie bei RS Glass Bottle nach dem Gro\u00dfhandelspreis f\u00fcr Absinthflaschen<\/h2>\n<p>Suchen Sie nach einem Ort, an dem Sie Absinthflaschen kaufen k\u00f6nnen? Fragen Sie jetzt nach dem Gro\u00dfhandelspreis f\u00fcr Absinthflaschen beim chinesischen Hersteller von Glasflaschen f\u00fcr Spirituosen. <a href=\"https:\/\/glassbottlewholesale.com\/de\/uber-uns\/\">RS<\/a>, ein professioneller Hersteller und Lieferant von Glasflaschen, bietet seit \u00fcber 10 Jahren Absinthflaschen f\u00fcr Top-Absinth-Marken, Unternehmen, Lieferanten oder Flaschengesch\u00e4fte an.<\/p>\n<h4>Details zur Absinth-Alkoholflasche<\/h4>\n<ul>\n<li>Name: Absinthflasche oder Wermutflasche<\/li>\n<li><strong>Mindestbestellmenge: 10.000 St\u00fcck<\/strong><\/li>\n<li>Material: Hochglanzglas<\/li>\n<li>Gr\u00f6\u00dfe: Von kleinen Absinthflaschen mit 50 ml, 100 ml, 250 ml, 350 ml, 500 ml, 700 ml, 750 ml, 1000 ml bis hin zu gro\u00dfen Flaschen mit 1500 ml usw.<\/li>\n<li>Form: Runde Absinthflasche, quadratische Absinthflasche, Absinth-Totenkopfflasche, antike Absinthflaschenform usw.<\/li>\n<li>Farbe: Klar, Blau, Gr\u00fcn, Schwarz usw.<\/li>\n<\/ul>\n<p>Unsere leere Absinthflasche ist speziell f\u00fcr die Pr\u00e4sentation von Absinthlik\u00f6r konzipiert, weich, s\u00fc\u00df und mit attraktiver Farbe. Wenn Sie an den Kosten pro Absinthflasche interessiert sind, bitte <a href=\"https:\/\/glassbottlewholesale.com\/de\/contact-us\/\">eine Nachricht hinterlassen<\/a> f\u00fcr uns, eine Absinthflasche zum Verkauf zu bekommen.<\/p>\n<\/div>\n\n\t\t<\/div>\n\t<\/div>\n<div class=\"vc_separator wpb_content_element vc_separator_align_center vc_sep_width_100 vc_sep_border_width_2 vc_sep_pos_align_center vc_separator_no_text vc_sep_color_grey vc_custom_1571730550624 wpb_content_element  vc_custom_1571730550624 wpb_content_element\" ><span class=\"vc_sep_holder vc_sep_holder_l\"><span class=\"vc_sep_line\"><\/span><\/span><span class=\"vc_sep_holder vc_sep_holder_r\"><span class=\"vc_sep_line\"><\/span><\/span>\n<\/div><div class=\"vc_separator wpb_content_element vc_separator_align_center vc_sep_width_100 vc_sep_border_width_2 vc_sep_pos_align_center vc_separator_no_text vc_sep_color_grey vc_custom_1571730561783 wpb_content_element  vc_custom_1571730561783 wpb_content_element\" ><span class=\"vc_sep_holder vc_sep_holder_l\"><span class=\"vc_sep_line\"><\/span><\/span><span class=\"vc_sep_holder vc_sep_holder_r\"><span class=\"vc_sep_line\"><\/span><\/span>\n<\/div><\/div><\/div><\/div><\/div><div class=\"vc_row wpb_row vc_row-fluid\"><div class=\"wpb_column vc_column_container vc_col-sm-12\"><div class=\"vc_column-inner\"><div class=\"wpb_wrapper\"><div class=\"woocommerce columns-4\">\n\t<ul class=\"products wpex-grid wpex-grid-cols-4 wpex-tp-grid-cols-2 wpex-pp-grid-cols-1 wpex-gap-20 wpex-clear\">\n\n<li class=\"entry has-media product type-product post-513 status-publish first instock product_cat-1000ml-glass-bottle product_cat-absinthe-bottle product_cat-gin-bottle has-post-thumbnail shipping-taxable product-type-simple\">\n\t<div class=\"product-inner wpex-flex wpex-flex-col wpex-flex-grow wpex-relative\"><div class=\"wpex-loop-product-images wpex-overflow-hidden wpex-relative\"><a href=\"https:\/\/glassbottlewholesale.com\/de\/1000ml-klarglasflaschen-mit-stopfen-groshandel\/\" class=\"woocommerce-LoopProduct-link woocommerce-loop-product__link\">\n\t<img width=\"800\" height=\"800\" src=\"https:\/\/glassbottlewholesale.com\/wp-content\/uploads\/2024\/01\/1000ml-KS-round-glass-bottle.jpg\" class=\"woo-entry-image-main wp-post-image\" alt=\"RS097: 1000 ml Klarglasflaschen Gro\u00dfhandel mit Stopfen\" loading=\"lazy\" decoding=\"async\" srcset=\"https:\/\/glassbottlewholesale.com\/wp-content\/uploads\/2024\/01\/1000ml-KS-round-glass-bottle.jpg 800w, https:\/\/glassbottlewholesale.com\/wp-content\/uploads\/2024\/01\/1000ml-KS-round-glass-bottle-300x300.jpg 300w, https:\/\/glassbottlewholesale.com\/wp-content\/uploads\/2024\/01\/1000ml-KS-round-glass-bottle-150x150.jpg 150w, https:\/\/glassbottlewholesale.com\/wp-content\/uploads\/2024\/01\/1000ml-KS-round-glass-bottle-768x768.jpg 768w, https:\/\/glassbottlewholesale.com\/wp-content\/uploads\/2024\/01\/1000ml-KS-round-glass-bottle-600x600.jpg 600w, https:\/\/glassbottlewholesale.com\/wp-content\/uploads\/2024\/01\/1000ml-KS-round-glass-bottle-100x100.jpg 100w, https:\/\/glassbottlewholesale.com\/wp-content\/uploads\/2024\/01\/1000ml-KS-round-glass-bottle-125x125.jpg 125w, https:\/\/glassbottlewholesale.com\/wp-content\/uploads\/2024\/01\/1000ml-KS-round-glass-bottle-125x125@2x.jpg 250w\" sizes=\"auto, (max-width: 800px) 100vw, 800px\" \/>\n<\/a>\t\t<div class=\"wpex-loop-product-add-to-cart wpex-absolute wpex-bottom-0 wpex-left-0 wpex-right-0 wpex-text-center wpex-transition-all wpex-duration-250 wpex-z-2 wpex-translate-y-100\"><a href=\"https:\/\/glassbottlewholesale.com\/de\/1000ml-klarglasflaschen-mit-stopfen-groshandel\/\" aria-describedby=\"woocommerce_loop_add_to_cart_link_describedby_513\" data-quantity=\"1\" class=\"button product_type_simple\" data-product_id=\"513\" data-product_sku=\"\" aria-label=\"Lesen Sie mehr \u00fcber \u201eRS097:1000ml Clear Glass Bottles Wholesale With Stoppers\u201c\" rel=\"nofollow\" data-success_message=\"\" data-no-translation-aria-label=\"\">Mehr lesen<span class=\"wpex-woocommerce-add-to-cart-button-loader wpex-inline-block wpex-w-0 wpex-invisible wpex-opacity-0\"><span class=\"ticon-spin ticon ticon-spinner\" aria-hidden=\"true\"><\/span><\/span><\/a>\t<span id=\"woocommerce_loop_add_to_cart_link_describedby_513\" class=\"screen-reader-text\">\n\t\t\t<\/span>\n<\/div>\n\t<\/div><div class=\"product-details wpex-pt-15\"><a href=\"https:\/\/glassbottlewholesale.com\/de\/1000ml-klarglasflaschen-mit-stopfen-groshandel\/\"><h2 class=\"woocommerce-loop-product__title\">RS097: 1000 ml Klarglasflaschen Gro\u00dfhandel mit Stopfen<\/h2><\/a>\n<\/div><\/div><\/li>\n<li class=\"entry has-media product type-product post-405 status-publish instock product_cat-50ml-glass-bottle product_cat-absinthe-bottle has-post-thumbnail shipping-taxable product-type-simple\">\n\t<div class=\"product-inner wpex-flex wpex-flex-col wpex-flex-grow wpex-relative\"><div class=\"wpex-loop-product-images wpex-overflow-hidden wpex-relative\"><a href=\"https:\/\/glassbottlewholesale.com\/de\/custom-50ml-absinthe-mini-bottle-wholesale\/\" class=\"woocommerce-LoopProduct-link woocommerce-loop-product__link\">\n\t<img width=\"800\" height=\"800\" src=\"https:\/\/glassbottlewholesale.com\/wp-content\/uploads\/2019\/10\/R25-glassbottle.jpg\" class=\"woo-entry-image-main wp-post-image\" alt=\"RS140: Kundenspezifische 50ml Absinth Miniflasche Gro\u00dfhandel\" loading=\"lazy\" decoding=\"async\" srcset=\"https:\/\/glassbottlewholesale.com\/wp-content\/uploads\/2019\/10\/R25-glassbottle.jpg 800w, https:\/\/glassbottlewholesale.com\/wp-content\/uploads\/2019\/10\/R25-glassbottle-300x300.jpg 300w, https:\/\/glassbottlewholesale.com\/wp-content\/uploads\/2019\/10\/R25-glassbottle-150x150.jpg 150w, https:\/\/glassbottlewholesale.com\/wp-content\/uploads\/2019\/10\/R25-glassbottle-768x768.jpg 768w, https:\/\/glassbottlewholesale.com\/wp-content\/uploads\/2019\/10\/R25-glassbottle-600x600.jpg 600w, https:\/\/glassbottlewholesale.com\/wp-content\/uploads\/2019\/10\/R25-glassbottle-100x100.jpg 100w, https:\/\/glassbottlewholesale.com\/wp-content\/uploads\/2019\/10\/R25-glassbottle-125x125.jpg 125w, https:\/\/glassbottlewholesale.com\/wp-content\/uploads\/2019\/10\/R25-glassbottle-125x125@2x.jpg 250w\" sizes=\"auto, (max-width: 800px) 100vw, 800px\" \/>\n<\/a>\t\t<div class=\"wpex-loop-product-add-to-cart wpex-absolute wpex-bottom-0 wpex-left-0 wpex-right-0 wpex-text-center wpex-transition-all wpex-duration-250 wpex-z-2 wpex-translate-y-100\"><a href=\"https:\/\/glassbottlewholesale.com\/de\/custom-50ml-absinthe-mini-bottle-wholesale\/\" aria-describedby=\"woocommerce_loop_add_to_cart_link_describedby_405\" data-quantity=\"1\" class=\"button product_type_simple\" data-product_id=\"405\" data-product_sku=\"\" aria-label=\"Lesen Sie mehr \u00fcber \u201eRS140: Custom 50ml Absinthe Mini Bottle Wholesale\u201c\" rel=\"nofollow\" data-success_message=\"\" data-no-translation-aria-label=\"\">Mehr lesen<span class=\"wpex-woocommerce-add-to-cart-button-loader wpex-inline-block wpex-w-0 wpex-invisible wpex-opacity-0\"><span class=\"ticon-spin ticon ticon-spinner\" aria-hidden=\"true\"><\/span><\/span><\/a>\t<span id=\"woocommerce_loop_add_to_cart_link_describedby_405\" class=\"screen-reader-text\">\n\t\t\t<\/span>\n<\/div>\n\t<\/div><div class=\"product-details wpex-pt-15\"><a href=\"https:\/\/glassbottlewholesale.com\/de\/custom-50ml-absinthe-mini-bottle-wholesale\/\"><h2 class=\"woocommerce-loop-product__title\">RS140: Kundenspezifische 50ml Absinth Miniflasche Gro\u00dfhandel<\/h2><\/a>\n<\/div><\/div><\/li>\n<li class=\"entry has-media product type-product post-393 status-publish instock product_cat-500ml-glass-bottle product_cat-absinthe-bottle product_cat-vodka-bottle has-post-thumbnail shipping-taxable product-type-simple\">\n\t<div class=\"product-inner wpex-flex wpex-flex-col wpex-flex-grow wpex-relative\"><div class=\"wpex-loop-product-images wpex-overflow-hidden wpex-relative\"><a href=\"https:\/\/glassbottlewholesale.com\/de\/buy-500ml-glass-bottles-in-bulk\/\" class=\"woocommerce-LoopProduct-link woocommerce-loop-product__link\">\n\t<img width=\"350\" height=\"350\" src=\"https:\/\/glassbottlewholesale.com\/wp-content\/uploads\/2019\/10\/tupian9.jpg\" class=\"woo-entry-image-main wp-post-image\" alt=\"RS142: Kaufen Sie 500-ml-Glasflaschen in gro\u00dfen Mengen vom chinesischen Hersteller\" loading=\"lazy\" decoding=\"async\" srcset=\"https:\/\/glassbottlewholesale.com\/wp-content\/uploads\/2019\/10\/tupian9.jpg 350w, https:\/\/glassbottlewholesale.com\/wp-content\/uploads\/2019\/10\/tupian9-150x150.jpg 150w, https:\/\/glassbottlewholesale.com\/wp-content\/uploads\/2019\/10\/tupian9-300x300.jpg 300w, https:\/\/glassbottlewholesale.com\/wp-content\/uploads\/2019\/10\/tupian9-100x100.jpg 100w, https:\/\/glassbottlewholesale.com\/wp-content\/uploads\/2019\/10\/tupian9-125x125.jpg 125w, https:\/\/glassbottlewholesale.com\/wp-content\/uploads\/2019\/10\/tupian9-125x125@2x.jpg 250w\" sizes=\"auto, (max-width: 350px) 100vw, 350px\" \/>\n<\/a>\t\t<div class=\"wpex-loop-product-add-to-cart wpex-absolute wpex-bottom-0 wpex-left-0 wpex-right-0 wpex-text-center wpex-transition-all wpex-duration-250 wpex-z-2 wpex-translate-y-100\"><a href=\"https:\/\/glassbottlewholesale.com\/de\/buy-500ml-glass-bottles-in-bulk\/\" aria-describedby=\"woocommerce_loop_add_to_cart_link_describedby_393\" data-quantity=\"1\" class=\"button product_type_simple\" data-product_id=\"393\" data-product_sku=\"\" aria-label=\"Lesen Sie mehr \u00fcber \u201eRS142: Buy 500ml Glass Bottles In Bulk From China Manufacturer\u201c\" rel=\"nofollow\" data-success_message=\"\" data-no-translation-aria-label=\"\">Mehr lesen<span class=\"wpex-woocommerce-add-to-cart-button-loader wpex-inline-block wpex-w-0 wpex-invisible wpex-opacity-0\"><span class=\"ticon-spin ticon ticon-spinner\" aria-hidden=\"true\"><\/span><\/span><\/a>\t<span id=\"woocommerce_loop_add_to_cart_link_describedby_393\" class=\"screen-reader-text\">\n\t\t\t<\/span>\n<\/div>\n\t<\/div><div class=\"product-details wpex-pt-15\"><a href=\"https:\/\/glassbottlewholesale.com\/de\/buy-500ml-glass-bottles-in-bulk\/\"><h2 class=\"woocommerce-loop-product__title\">RS142: Kaufen Sie 500-ml-Glasflaschen in gro\u00dfen Mengen vom chinesischen Hersteller<\/h2><\/a>\n<\/div><\/div><\/li>\n<li class=\"entry has-media product type-product post-398 status-publish last instock product_cat-750ml-glass-bottle product_cat-absinthe-bottle has-post-thumbnail shipping-taxable product-type-simple\">\n\t<div class=\"product-inner wpex-flex wpex-flex-col wpex-flex-grow wpex-relative\"><div class=\"wpex-loop-product-images wpex-overflow-hidden wpex-relative\"><a href=\"https:\/\/glassbottlewholesale.com\/de\/750ml-glas-schnapsflasche-groshandel\/\" class=\"woocommerce-LoopProduct-link woocommerce-loop-product__link\">\n\t<img width=\"800\" height=\"800\" src=\"https:\/\/glassbottlewholesale.com\/wp-content\/uploads\/2024\/04\/glass-bottle-manufacturing15-1.png\" class=\"woo-entry-image-main wp-post-image\" alt=\"RS141: China 750ml Glas Lik\u00f6r Flasche Gro\u00dfhandel\" loading=\"lazy\" decoding=\"async\" srcset=\"https:\/\/glassbottlewholesale.com\/wp-content\/uploads\/2024\/04\/glass-bottle-manufacturing15-1.png 800w, https:\/\/glassbottlewholesale.com\/wp-content\/uploads\/2024\/04\/glass-bottle-manufacturing15-1-300x300.png 300w, https:\/\/glassbottlewholesale.com\/wp-content\/uploads\/2024\/04\/glass-bottle-manufacturing15-1-150x150.png 150w, https:\/\/glassbottlewholesale.com\/wp-content\/uploads\/2024\/04\/glass-bottle-manufacturing15-1-768x768.png 768w, https:\/\/glassbottlewholesale.com\/wp-content\/uploads\/2024\/04\/glass-bottle-manufacturing15-1-600x600.png 600w, https:\/\/glassbottlewholesale.com\/wp-content\/uploads\/2024\/04\/glass-bottle-manufacturing15-1-100x100.png 100w, https:\/\/glassbottlewholesale.com\/wp-content\/uploads\/2024\/04\/glass-bottle-manufacturing15-1-125x125.png 125w, https:\/\/glassbottlewholesale.com\/wp-content\/uploads\/2024\/04\/glass-bottle-manufacturing15-1-125x125@2x.png 250w\" sizes=\"auto, (max-width: 800px) 100vw, 800px\" \/>\n<\/a>\t\t<div class=\"wpex-loop-product-add-to-cart wpex-absolute wpex-bottom-0 wpex-left-0 wpex-right-0 wpex-text-center wpex-transition-all wpex-duration-250 wpex-z-2 wpex-translate-y-100\"><a href=\"https:\/\/glassbottlewholesale.com\/de\/750ml-glas-schnapsflasche-groshandel\/\" aria-describedby=\"woocommerce_loop_add_to_cart_link_describedby_398\" data-quantity=\"1\" class=\"button product_type_simple\" data-product_id=\"398\" data-product_sku=\"\" aria-label=\"Lesen Sie mehr \u00fcber \u201eRS141: China 750ml Glass Liquor Bottle Wholesale\u201c\" rel=\"nofollow\" data-success_message=\"\" data-no-translation-aria-label=\"\">Mehr lesen<span class=\"wpex-woocommerce-add-to-cart-button-loader wpex-inline-block wpex-w-0 wpex-invisible wpex-opacity-0\"><span class=\"ticon-spin ticon ticon-spinner\" aria-hidden=\"true\"><\/span><\/span><\/a>\t<span id=\"woocommerce_loop_add_to_cart_link_describedby_398\" class=\"screen-reader-text\">\n\t\t\t<\/span>\n<\/div>\n\t<\/div><div class=\"product-details wpex-pt-15\"><a href=\"https:\/\/glassbottlewholesale.com\/de\/750ml-glas-schnapsflasche-groshandel\/\"><h2 class=\"woocommerce-loop-product__title\">RS141: China 750ml Glas Lik\u00f6r Flasche Gro\u00dfhandel<\/h2><\/a>\n<\/div><\/div><\/li>\n<li class=\"entry has-media product type-product post-395 status-publish first instock product_cat-700ml-glass-bottle product_cat-750ml-glass-bottle product_cat-absinthe-bottle product_cat-liquor-bottle has-post-thumbnail shipping-taxable product-type-simple\">\n\t<div class=\"product-inner wpex-flex wpex-flex-col wpex-flex-grow wpex-relative\"><div class=\"wpex-loop-product-images wpex-overflow-hidden wpex-relative\"><a href=\"https:\/\/glassbottlewholesale.com\/de\/700ml-750ml-glas-spirituosenflaschen-groshandel-mit-kappen\/\" class=\"woocommerce-LoopProduct-link woocommerce-loop-product__link\">\n\t<img width=\"800\" height=\"800\" src=\"https:\/\/glassbottlewholesale.com\/wp-content\/uploads\/2023\/12\/long-glass-bottleIMG_7112-1.jpg\" class=\"woo-entry-image-main wp-post-image\" alt=\"RS054: 700 ml 750 ml Glas-Spirituosenflaschen Gro\u00dfhandel mit Kappen\" loading=\"lazy\" decoding=\"async\" srcset=\"https:\/\/glassbottlewholesale.com\/wp-content\/uploads\/2023\/12\/long-glass-bottleIMG_7112-1.jpg 800w, https:\/\/glassbottlewholesale.com\/wp-content\/uploads\/2023\/12\/long-glass-bottleIMG_7112-1-300x300.jpg 300w, https:\/\/glassbottlewholesale.com\/wp-content\/uploads\/2023\/12\/long-glass-bottleIMG_7112-1-150x150.jpg 150w, https:\/\/glassbottlewholesale.com\/wp-content\/uploads\/2023\/12\/long-glass-bottleIMG_7112-1-768x768.jpg 768w, https:\/\/glassbottlewholesale.com\/wp-content\/uploads\/2023\/12\/long-glass-bottleIMG_7112-1-600x600.jpg 600w, https:\/\/glassbottlewholesale.com\/wp-content\/uploads\/2023\/12\/long-glass-bottleIMG_7112-1-100x100.jpg 100w, https:\/\/glassbottlewholesale.com\/wp-content\/uploads\/2023\/12\/long-glass-bottleIMG_7112-1-125x125.jpg 125w, https:\/\/glassbottlewholesale.com\/wp-content\/uploads\/2023\/12\/long-glass-bottleIMG_7112-1-125x125@2x.jpg 250w\" sizes=\"auto, (max-width: 800px) 100vw, 800px\" \/>\n<\/a>\t\t<div class=\"wpex-loop-product-add-to-cart wpex-absolute wpex-bottom-0 wpex-left-0 wpex-right-0 wpex-text-center wpex-transition-all wpex-duration-250 wpex-z-2 wpex-translate-y-100\"><a href=\"https:\/\/glassbottlewholesale.com\/de\/700ml-750ml-glas-spirituosenflaschen-groshandel-mit-kappen\/\" aria-describedby=\"woocommerce_loop_add_to_cart_link_describedby_395\" data-quantity=\"1\" class=\"button product_type_simple\" data-product_id=\"395\" data-product_sku=\"\" aria-label=\"Lesen Sie mehr \u00fcber \u201eRS054: 700ml 750ml Glass Spirit Bottles Wholesale With Caps\u201c\" rel=\"nofollow\" data-success_message=\"\" data-no-translation-aria-label=\"\">Mehr lesen<span class=\"wpex-woocommerce-add-to-cart-button-loader wpex-inline-block wpex-w-0 wpex-invisible wpex-opacity-0\"><span class=\"ticon-spin ticon ticon-spinner\" aria-hidden=\"true\"><\/span><\/span><\/a>\t<span id=\"woocommerce_loop_add_to_cart_link_describedby_395\" class=\"screen-reader-text\">\n\t\t\t<\/span>\n<\/div>\n\t<\/div><div class=\"product-details wpex-pt-15\"><a href=\"https:\/\/glassbottlewholesale.com\/de\/700ml-750ml-glas-spirituosenflaschen-groshandel-mit-kappen\/\"><h2 class=\"woocommerce-loop-product__title\">RS054: 700 ml 750 ml Glas-Spirituosenflaschen Gro\u00dfhandel mit Kappen<\/h2><\/a>\n<\/div><\/div><\/li>\n<\/ul>\n<\/div><\/div><\/div><\/div><\/div>\n<\/div>","protected":false},"excerpt":{"rendered":"Ask Wholesale Absinthe Bottle Price From RS Glass Bottle Are you searching for where to buy absinthe bottles? Now ask wholesale absinthe bottle price from China glass liquor bottles manufacturer. RS, a professional glass bottle manufacturer&amp;supplier, has been offered absinthe bottle for over 10 years for top absinthe brand, company, supplier, or bottle store. Details&hellip;","protected":false},"author":3,"featured_media":0,"parent":0,"menu_order":0,"comment_status":"closed","ping_status":"closed","template":"templates\/no-sidebar.php","meta":{"footnotes":""},"class_list":["post-911","page","type-page","status-publish","hentry","entry","no-media"],"yoast_head":"<!-- This site is optimized with the Yoast SEO plugin v27.3 - https:\/\/yoast.com\/product\/yoast-seo-wordpress\/ -->\n<title>Absinthe Bottles - Glass Bottle Wholesale<\/title>\n<meta name=\"robots\" content=\"index, follow, max-snippet:-1, max-image-preview:large, max-video-preview:-1\" \/>\n<link rel=\"canonical\" href=\"https:\/\/glassbottlewholesale.com\/de\/absinth\/\" \/>\n<meta property=\"og:locale\" content=\"de_DE\" \/>\n<meta property=\"og:type\" content=\"article\" \/>\n<meta property=\"og:title\" content=\"Absinthe Bottles - Glass Bottle Wholesale\" \/>\n<meta property=\"og:url\" content=\"https:\/\/glassbottlewholesale.com\/de\/absinth\/\" \/>\n<meta property=\"og:site_name\" content=\"Glass Bottle Wholesale\" \/>\n<meta property=\"article:modified_time\" content=\"2019-10-24T03:40:12+00:00\" \/>\n<meta name=\"twitter:card\" content=\"summary_large_image\" \/>\n<meta name=\"twitter:label1\" content=\"Gesch\u00e4tzte Lesezeit\" \/>\n\t<meta name=\"twitter:data1\" content=\"1\u00a0Minute\" \/>\n<script type=\"application\/ld+json\" class=\"yoast-schema-graph\">{\"@context\":\"https:\\\/\\\/schema.org\",\"@graph\":[{\"@type\":\"WebPage\",\"@id\":\"https:\\\/\\\/glassbottlewholesale.com\\\/absinthe\\\/\",\"url\":\"https:\\\/\\\/glassbottlewholesale.com\\\/absinthe\\\/\",\"name\":\"Absinthe Bottles - Glass Bottle Wholesale\",\"isPartOf\":{\"@id\":\"https:\\\/\\\/glassbottlewholesale.com\\\/#website\"},\"datePublished\":\"2019-10-22T07:23:48+00:00\",\"dateModified\":\"2019-10-24T03:40:12+00:00\",\"breadcrumb\":{\"@id\":\"https:\\\/\\\/glassbottlewholesale.com\\\/absinthe\\\/#breadcrumb\"},\"inLanguage\":\"de\",\"potentialAction\":[{\"@type\":\"ReadAction\",\"target\":[\"https:\\\/\\\/glassbottlewholesale.com\\\/absinthe\\\/\"]}]},{\"@type\":\"BreadcrumbList\",\"@id\":\"https:\\\/\\\/glassbottlewholesale.com\\\/absinthe\\\/#breadcrumb\",\"itemListElement\":[{\"@type\":\"ListItem\",\"position\":1,\"name\":\"Home\",\"item\":\"https:\\\/\\\/glassbottlewholesale.com\\\/\"},{\"@type\":\"ListItem\",\"position\":2,\"name\":\"Absinthe Bottles\"}]},{\"@type\":\"WebSite\",\"@id\":\"https:\\\/\\\/glassbottlewholesale.com\\\/#website\",\"url\":\"https:\\\/\\\/glassbottlewholesale.com\\\/\",\"name\":\"Glass Bottle Wholesale\",\"description\":\"\",\"publisher\":{\"@id\":\"https:\\\/\\\/glassbottlewholesale.com\\\/#organization\"},\"potentialAction\":[{\"@type\":\"SearchAction\",\"target\":{\"@type\":\"EntryPoint\",\"urlTemplate\":\"https:\\\/\\\/glassbottlewholesale.com\\\/?s={search_term_string}\"},\"query-input\":{\"@type\":\"PropertyValueSpecification\",\"valueRequired\":true,\"valueName\":\"search_term_string\"}}],\"inLanguage\":\"de\"},{\"@type\":\"Organization\",\"@id\":\"https:\\\/\\\/glassbottlewholesale.com\\\/#organization\",\"name\":\"Glass Bottle Wholesale\",\"url\":\"https:\\\/\\\/glassbottlewholesale.com\\\/\",\"logo\":{\"@type\":\"ImageObject\",\"inLanguage\":\"de\",\"@id\":\"https:\\\/\\\/glassbottlewholesale.com\\\/#\\\/schema\\\/logo\\\/image\\\/\",\"url\":\"https:\\\/\\\/glassbottlewholesale.com\\\/wp-content\\\/uploads\\\/2023\\\/12\\\/ruisheng-logo.webp\",\"contentUrl\":\"https:\\\/\\\/glassbottlewholesale.com\\\/wp-content\\\/uploads\\\/2023\\\/12\\\/ruisheng-logo.webp\",\"width\":400,\"height\":233,\"caption\":\"Glass Bottle Wholesale\"},\"image\":{\"@id\":\"https:\\\/\\\/glassbottlewholesale.com\\\/#\\\/schema\\\/logo\\\/image\\\/\"}}]}<\/script>\n<!-- \/ Yoast SEO plugin. -->","yoast_head_json":{"title":"Absinthe Bottles - Glass Bottle Wholesale","robots":{"index":"index","follow":"follow","max-snippet":"max-snippet:-1","max-image-preview":"max-image-preview:large","max-video-preview":"max-video-preview:-1"},"canonical":"https:\/\/glassbottlewholesale.com\/de\/absinth\/","og_locale":"de_DE","og_type":"article","og_title":"Absinthe Bottles - Glass Bottle Wholesale","og_url":"https:\/\/glassbottlewholesale.com\/de\/absinth\/","og_site_name":"Glass Bottle Wholesale","article_modified_time":"2019-10-24T03:40:12+00:00","twitter_card":"summary_large_image","twitter_misc":{"Gesch\u00e4tzte Lesezeit":"1\u00a0Minute"},"schema":{"@context":"https:\/\/schema.org","@graph":[{"@type":"WebPage","@id":"https:\/\/glassbottlewholesale.com\/absinthe\/","url":"https:\/\/glassbottlewholesale.com\/absinthe\/","name":"Absinthe Bottles - Glass Bottle Wholesale","isPartOf":{"@id":"https:\/\/glassbottlewholesale.com\/#website"},"datePublished":"2019-10-22T07:23:48+00:00","dateModified":"2019-10-24T03:40:12+00:00","breadcrumb":{"@id":"https:\/\/glassbottlewholesale.com\/absinthe\/#breadcrumb"},"inLanguage":"de","potentialAction":[{"@type":"ReadAction","target":["https:\/\/glassbottlewholesale.com\/absinthe\/"]}]},{"@type":"BreadcrumbList","@id":"https:\/\/glassbottlewholesale.com\/absinthe\/#breadcrumb","itemListElement":[{"@type":"ListItem","position":1,"name":"Home","item":"https:\/\/glassbottlewholesale.com\/"},{"@type":"ListItem","position":2,"name":"Absinthe Bottles"}]},{"@type":"WebSite","@id":"https:\/\/glassbottlewholesale.com\/#website","url":"https:\/\/glassbottlewholesale.com\/","name":"Glass Bottle Wholesale","description":"","publisher":{"@id":"https:\/\/glassbottlewholesale.com\/#organization"},"potentialAction":[{"@type":"SearchAction","target":{"@type":"EntryPoint","urlTemplate":"https:\/\/glassbottlewholesale.com\/?s={search_term_string}"},"query-input":{"@type":"PropertyValueSpecification","valueRequired":true,"valueName":"search_term_string"}}],"inLanguage":"de"},{"@type":"Organization","@id":"https:\/\/glassbottlewholesale.com\/#organization","name":"Glass Bottle Wholesale","url":"https:\/\/glassbottlewholesale.com\/","logo":{"@type":"ImageObject","inLanguage":"de","@id":"https:\/\/glassbottlewholesale.com\/#\/schema\/logo\/image\/","url":"https:\/\/glassbottlewholesale.com\/wp-content\/uploads\/2023\/12\/ruisheng-logo.webp","contentUrl":"https:\/\/glassbottlewholesale.com\/wp-content\/uploads\/2023\/12\/ruisheng-logo.webp","width":400,"height":233,"caption":"Glass Bottle Wholesale"},"image":{"@id":"https:\/\/glassbottlewholesale.com\/#\/schema\/logo\/image\/"}}]}},"_links":{"self":[{"href":"https:\/\/glassbottlewholesale.com\/de\/wp-json\/wp\/v2\/pages\/911","targetHints":{"allow":["GET"]}}],"collection":[{"href":"https:\/\/glassbottlewholesale.com\/de\/wp-json\/wp\/v2\/pages"}],"about":[{"href":"https:\/\/glassbottlewholesale.com\/de\/wp-json\/wp\/v2\/types\/page"}],"author":[{"embeddable":true,"href":"https:\/\/glassbottlewholesale.com\/de\/wp-json\/wp\/v2\/users\/3"}],"replies":[{"embeddable":true,"href":"https:\/\/glassbottlewholesale.com\/de\/wp-json\/wp\/v2\/comments?post=911"}],"version-history":[{"count":6,"href":"https:\/\/glassbottlewholesale.com\/de\/wp-json\/wp\/v2\/pages\/911\/revisions"}],"predecessor-version":[{"id":956,"href":"https:\/\/glassbottlewholesale.com\/de\/wp-json\/wp\/v2\/pages\/911\/revisions\/956"}],"wp:attachment":[{"href":"https:\/\/glassbottlewholesale.com\/de\/wp-json\/wp\/v2\/media?parent=911"}],"curies":[{"name":"wp","href":"https:\/\/api.w.org\/{rel}","templated":true}]}}