{"id":1444,"date":"2019-11-25T05:57:48","date_gmt":"2019-11-25T05:57:48","guid":{"rendered":"https:\/\/queenchingglass.com\/?post_type=product&#038;p=1444"},"modified":"2024-06-10T10:54:58","modified_gmt":"2024-06-10T10:54:58","slug":"50ml-transparent-glass-bottle-for-liquor","status":"publish","type":"product","link":"https:\/\/glassbottlewholesale.com\/de\/50ml-transparent-glass-bottle-for-liquor\/","title":{"rendered":"RS055: Miniatur-Glasflaschen 50 ml 100 ml transparente Glasflasche f\u00fcr Spirituosen"},"content":{"rendered":"<p>This empty mini liquor bottles bulk can be used as both an alcohol drinking bottle and a perfume bottle, we can print your logo on it, and paint color what you want. Our company has many years of experience, so you can trust us to make good glass bottles.<br \/>\nThe raw materials of our empty liquor bottles wholesale are pulled back from the origin, then it was strictly selected by the staff. Use high-end equipment and make high-quality bottles.<br \/>\nThese spirit bottles we also have other capacities, such as 100ml, 375ml, 500ml, 700ml, 750ml. Our company also accepts custom glass bottle service, whatever you want, we can do it. We can paint the bottle the color you want. Our company always insists on quality first, you can count on us to make a good product.<\/p>\n<p>Unsere Hauptprodukte sind hochwertige Glasflaschen wie Wodkaflaschen, Schnapsflaschen, Whiskeyflaschen, Lik\u00f6rflaschen, Marmeladenflaschen und so weiter. Wir k\u00f6nnen auch Braunglasflaschen, gr\u00fcne Flaschen und Wasserflaschen anbieten. Unser Hauptabsatzmarkt ist Europa, die USA, Australien, Amerika, usw. Und alle Produkte genie\u00dfen einen guten Ruf f\u00fcr ihre Innovation und Funktionalit\u00e4t.<\/p>\n<h4>The Information About Empty Mini Liquor Bottles Bulk<\/h4>\n<ul>\n<li>Main material: Crystal White Glass, Glass<\/li>\n<li>Cap: can custom<\/li>\n<li>Reference: RS055<\/li>\n<li>MOQ: 10000 PCS( About 500000 pcs)<\/li>\n<li>Capacity: 50ml\/100ml<\/li>\n<li>Stk.\/Karton: 24Stk.<\/li>\n<li>Herkunftsort: Shandong, China<\/li>\n<li>Merkmal: Umweltfreundlich<\/li>\n<\/ul>\n<p>If you are want to buy empty mini liquor bottles bulk from China 50ml transparent glass bottle suppliers, please <a href=\"https:\/\/glassbottlewholesale.com\/de\/contact\/\">kontaktiere uns<\/a>. Wir werden Ihnen innerhalb von 24 Stunden antworten.<\/p>","protected":false},"excerpt":{"rendered":"<p>Transparency. Elegance. Beauty. High Quality&#8230; Ruisheng 50ml transparent empty mini liquor bottles bulk put all of the excellent features in one. Which adopts high flint leads-free glass material, health and environmental protection\uff0cwidely used in liquor packaging. If you are looking for a perfect liquor glass container, It must be your first choice.<\/p>","protected":false},"featured_media":2718,"comment_status":"open","ping_status":"closed","template":"","meta":[],"product_brand":[],"product_cat":[58],"product_tag":[],"class_list":{"0":"post-1444","1":"product","2":"type-product","3":"status-publish","4":"has-post-thumbnail","6":"product_cat-50ml-glass-bottle","7":"entry","8":"has-media","10":"first","11":"instock","12":"shipping-taxable","13":"product-type-simple"},"yoast_head":"<!-- This site is optimized with the Yoast SEO plugin v27.3 - https:\/\/yoast.com\/product\/yoast-seo-wordpress\/ -->\n<title>Empty Mini Liquor Bottles Bulk | 50ml Transparent Glass Bottle Suppliers<\/title>\n<meta name=\"description\" content=\"Do you want to buy empty mini liquor bottles bulk from China 50ml transparent glass bottle suppliers? Factory Outlet With Wholesale Price! Get Quote Now.\" \/>\n<meta name=\"robots\" content=\"index, follow, max-snippet:-1, max-image-preview:large, max-video-preview:-1\" \/>\n<link rel=\"canonical\" href=\"https:\/\/ruishengglassco.com\/product\/rs055-miniature-glass-bottles-50ml-100ml-transparent-glass-bottle-for-liquor\" \/>\n<meta property=\"og:locale\" content=\"de_DE\" \/>\n<meta property=\"og:type\" content=\"article\" \/>\n<meta property=\"og:title\" content=\"Empty Mini Liquor Bottles Bulk | 50ml Transparent Glass Bottle Suppliers\" \/>\n<meta property=\"og:description\" content=\"Do you want to buy empty mini liquor bottles bulk from China 50ml transparent glass bottle suppliers? Factory Outlet With Wholesale Price! Get Quote Now.\" \/>\n<meta property=\"og:url\" content=\"https:\/\/ruishengglassco.com\/product\/rs055-miniature-glass-bottles-50ml-100ml-transparent-glass-bottle-for-liquor\" \/>\n<meta property=\"og:site_name\" content=\"Glass Bottle Wholesale\" \/>\n<meta property=\"article:modified_time\" content=\"2024-06-10T10:54:58+00:00\" \/>\n<meta property=\"og:image\" content=\"https:\/\/glassbottlewholesale.com\/wp-content\/uploads\/2019\/10\/R30-glassbottle.jpg\" \/>\n\t<meta property=\"og:image:width\" content=\"800\" \/>\n\t<meta property=\"og:image:height\" content=\"800\" \/>\n\t<meta property=\"og:image:type\" content=\"image\/jpeg\" \/>\n<meta name=\"twitter:card\" content=\"summary_large_image\" \/>\n<meta name=\"twitter:label1\" content=\"Gesch\u00e4tzte Lesezeit\" \/>\n\t<meta name=\"twitter:data1\" content=\"2\u00a0Minuten\" \/>\n<script type=\"application\/ld+json\" class=\"yoast-schema-graph\">{\"@context\":\"https:\\\/\\\/schema.org\",\"@graph\":[{\"@type\":\"WebPage\",\"@id\":\"https:\\\/\\\/glassbottlewholesale.com\\\/50ml-transparent-glass-bottle-for-liquor\\\/\",\"url\":\"https:\\\/\\\/ruishengglassco.com\\\/product\\\/rs055-miniature-glass-bottles-50ml-100ml-transparent-glass-bottle-for-liquor\",\"name\":\"Empty Mini Liquor Bottles Bulk | 50ml Transparent Glass Bottle Suppliers\",\"isPartOf\":{\"@id\":\"https:\\\/\\\/glassbottlewholesale.com\\\/#website\"},\"primaryImageOfPage\":{\"@id\":\"https:\\\/\\\/ruishengglassco.com\\\/product\\\/rs055-miniature-glass-bottles-50ml-100ml-transparent-glass-bottle-for-liquor#primaryimage\"},\"image\":{\"@id\":\"https:\\\/\\\/ruishengglassco.com\\\/product\\\/rs055-miniature-glass-bottles-50ml-100ml-transparent-glass-bottle-for-liquor#primaryimage\"},\"thumbnailUrl\":\"https:\\\/\\\/glassbottlewholesale.com\\\/wp-content\\\/uploads\\\/2019\\\/10\\\/R30-glassbottle.jpg\",\"datePublished\":\"2019-11-25T05:57:48+00:00\",\"dateModified\":\"2024-06-10T10:54:58+00:00\",\"description\":\"Do you want to buy empty mini liquor bottles bulk from China 50ml transparent glass bottle suppliers? Factory Outlet With Wholesale Price! Get Quote Now.\",\"breadcrumb\":{\"@id\":\"https:\\\/\\\/ruishengglassco.com\\\/product\\\/rs055-miniature-glass-bottles-50ml-100ml-transparent-glass-bottle-for-liquor#breadcrumb\"},\"inLanguage\":\"de\",\"potentialAction\":[{\"@type\":\"ReadAction\",\"target\":[\"https:\\\/\\\/ruishengglassco.com\\\/product\\\/rs055-miniature-glass-bottles-50ml-100ml-transparent-glass-bottle-for-liquor\"]}]},{\"@type\":\"ImageObject\",\"inLanguage\":\"de\",\"@id\":\"https:\\\/\\\/ruishengglassco.com\\\/product\\\/rs055-miniature-glass-bottles-50ml-100ml-transparent-glass-bottle-for-liquor#primaryimage\",\"url\":\"https:\\\/\\\/glassbottlewholesale.com\\\/wp-content\\\/uploads\\\/2019\\\/10\\\/R30-glassbottle.jpg\",\"contentUrl\":\"https:\\\/\\\/glassbottlewholesale.com\\\/wp-content\\\/uploads\\\/2019\\\/10\\\/R30-glassbottle.jpg\",\"width\":800,\"height\":800,\"caption\":\"Miniature Glass Bottles 50ml 100ml Transparent Glass Bottle For Liquor\"},{\"@type\":\"BreadcrumbList\",\"@id\":\"https:\\\/\\\/ruishengglassco.com\\\/product\\\/rs055-miniature-glass-bottles-50ml-100ml-transparent-glass-bottle-for-liquor#breadcrumb\",\"itemListElement\":[{\"@type\":\"ListItem\",\"position\":1,\"name\":\"Home\",\"item\":\"https:\\\/\\\/glassbottlewholesale.com\\\/\"},{\"@type\":\"ListItem\",\"position\":2,\"name\":\"Products\",\"item\":\"https:\\\/\\\/glassbottlewholesale.com\\\/shop\\\/\"},{\"@type\":\"ListItem\",\"position\":3,\"name\":\"RS055: Miniature Glass Bottles 50ml 100ml Transparent Glass Bottle For Liquor\"}]},{\"@type\":\"WebSite\",\"@id\":\"https:\\\/\\\/glassbottlewholesale.com\\\/#website\",\"url\":\"https:\\\/\\\/glassbottlewholesale.com\\\/\",\"name\":\"Glass Bottle Wholesale\",\"description\":\"\",\"publisher\":{\"@id\":\"https:\\\/\\\/glassbottlewholesale.com\\\/#organization\"},\"potentialAction\":[{\"@type\":\"SearchAction\",\"target\":{\"@type\":\"EntryPoint\",\"urlTemplate\":\"https:\\\/\\\/glassbottlewholesale.com\\\/?s={search_term_string}\"},\"query-input\":{\"@type\":\"PropertyValueSpecification\",\"valueRequired\":true,\"valueName\":\"search_term_string\"}}],\"inLanguage\":\"de\"},{\"@type\":\"Organization\",\"@id\":\"https:\\\/\\\/glassbottlewholesale.com\\\/#organization\",\"name\":\"Glass Bottle Wholesale\",\"url\":\"https:\\\/\\\/glassbottlewholesale.com\\\/\",\"logo\":{\"@type\":\"ImageObject\",\"inLanguage\":\"de\",\"@id\":\"https:\\\/\\\/glassbottlewholesale.com\\\/#\\\/schema\\\/logo\\\/image\\\/\",\"url\":\"https:\\\/\\\/glassbottlewholesale.com\\\/wp-content\\\/uploads\\\/2023\\\/12\\\/ruisheng-logo.webp\",\"contentUrl\":\"https:\\\/\\\/glassbottlewholesale.com\\\/wp-content\\\/uploads\\\/2023\\\/12\\\/ruisheng-logo.webp\",\"width\":400,\"height\":233,\"caption\":\"Glass Bottle Wholesale\"},\"image\":{\"@id\":\"https:\\\/\\\/glassbottlewholesale.com\\\/#\\\/schema\\\/logo\\\/image\\\/\"}}]}<\/script>\n<!-- \/ Yoast SEO plugin. -->","yoast_head_json":{"title":"Empty Mini Liquor Bottles Bulk | 50ml Transparent Glass Bottle Suppliers","description":"Do you want to buy empty mini liquor bottles bulk from China 50ml transparent glass bottle suppliers? Factory Outlet With Wholesale Price! Get Quote Now.","robots":{"index":"index","follow":"follow","max-snippet":"max-snippet:-1","max-image-preview":"max-image-preview:large","max-video-preview":"max-video-preview:-1"},"canonical":"https:\/\/ruishengglassco.com\/product\/rs055-miniature-glass-bottles-50ml-100ml-transparent-glass-bottle-for-liquor","og_locale":"de_DE","og_type":"article","og_title":"Empty Mini Liquor Bottles Bulk | 50ml Transparent Glass Bottle Suppliers","og_description":"Do you want to buy empty mini liquor bottles bulk from China 50ml transparent glass bottle suppliers? Factory Outlet With Wholesale Price! Get Quote Now.","og_url":"https:\/\/ruishengglassco.com\/product\/rs055-miniature-glass-bottles-50ml-100ml-transparent-glass-bottle-for-liquor","og_site_name":"Glass Bottle Wholesale","article_modified_time":"2024-06-10T10:54:58+00:00","og_image":[{"width":800,"height":800,"url":"https:\/\/glassbottlewholesale.com\/wp-content\/uploads\/2019\/10\/R30-glassbottle.jpg","type":"image\/jpeg"}],"twitter_card":"summary_large_image","twitter_misc":{"Gesch\u00e4tzte Lesezeit":"2\u00a0Minuten"},"schema":{"@context":"https:\/\/schema.org","@graph":[{"@type":"WebPage","@id":"https:\/\/glassbottlewholesale.com\/50ml-transparent-glass-bottle-for-liquor\/","url":"https:\/\/ruishengglassco.com\/product\/rs055-miniature-glass-bottles-50ml-100ml-transparent-glass-bottle-for-liquor","name":"Empty Mini Liquor Bottles Bulk | 50ml Transparent Glass Bottle Suppliers","isPartOf":{"@id":"https:\/\/glassbottlewholesale.com\/#website"},"primaryImageOfPage":{"@id":"https:\/\/ruishengglassco.com\/product\/rs055-miniature-glass-bottles-50ml-100ml-transparent-glass-bottle-for-liquor#primaryimage"},"image":{"@id":"https:\/\/ruishengglassco.com\/product\/rs055-miniature-glass-bottles-50ml-100ml-transparent-glass-bottle-for-liquor#primaryimage"},"thumbnailUrl":"https:\/\/glassbottlewholesale.com\/wp-content\/uploads\/2019\/10\/R30-glassbottle.jpg","datePublished":"2019-11-25T05:57:48+00:00","dateModified":"2024-06-10T10:54:58+00:00","description":"Do you want to buy empty mini liquor bottles bulk from China 50ml transparent glass bottle suppliers? Factory Outlet With Wholesale Price! Get Quote Now.","breadcrumb":{"@id":"https:\/\/ruishengglassco.com\/product\/rs055-miniature-glass-bottles-50ml-100ml-transparent-glass-bottle-for-liquor#breadcrumb"},"inLanguage":"de","potentialAction":[{"@type":"ReadAction","target":["https:\/\/ruishengglassco.com\/product\/rs055-miniature-glass-bottles-50ml-100ml-transparent-glass-bottle-for-liquor"]}]},{"@type":"ImageObject","inLanguage":"de","@id":"https:\/\/ruishengglassco.com\/product\/rs055-miniature-glass-bottles-50ml-100ml-transparent-glass-bottle-for-liquor#primaryimage","url":"https:\/\/glassbottlewholesale.com\/wp-content\/uploads\/2019\/10\/R30-glassbottle.jpg","contentUrl":"https:\/\/glassbottlewholesale.com\/wp-content\/uploads\/2019\/10\/R30-glassbottle.jpg","width":800,"height":800,"caption":"Miniature Glass Bottles 50ml 100ml Transparent Glass Bottle For Liquor"},{"@type":"BreadcrumbList","@id":"https:\/\/ruishengglassco.com\/product\/rs055-miniature-glass-bottles-50ml-100ml-transparent-glass-bottle-for-liquor#breadcrumb","itemListElement":[{"@type":"ListItem","position":1,"name":"Home","item":"https:\/\/glassbottlewholesale.com\/"},{"@type":"ListItem","position":2,"name":"Products","item":"https:\/\/glassbottlewholesale.com\/shop\/"},{"@type":"ListItem","position":3,"name":"RS055: Miniature Glass Bottles 50ml 100ml Transparent Glass Bottle For Liquor"}]},{"@type":"WebSite","@id":"https:\/\/glassbottlewholesale.com\/#website","url":"https:\/\/glassbottlewholesale.com\/","name":"Glass Bottle Wholesale","description":"","publisher":{"@id":"https:\/\/glassbottlewholesale.com\/#organization"},"potentialAction":[{"@type":"SearchAction","target":{"@type":"EntryPoint","urlTemplate":"https:\/\/glassbottlewholesale.com\/?s={search_term_string}"},"query-input":{"@type":"PropertyValueSpecification","valueRequired":true,"valueName":"search_term_string"}}],"inLanguage":"de"},{"@type":"Organization","@id":"https:\/\/glassbottlewholesale.com\/#organization","name":"Glass Bottle Wholesale","url":"https:\/\/glassbottlewholesale.com\/","logo":{"@type":"ImageObject","inLanguage":"de","@id":"https:\/\/glassbottlewholesale.com\/#\/schema\/logo\/image\/","url":"https:\/\/glassbottlewholesale.com\/wp-content\/uploads\/2023\/12\/ruisheng-logo.webp","contentUrl":"https:\/\/glassbottlewholesale.com\/wp-content\/uploads\/2023\/12\/ruisheng-logo.webp","width":400,"height":233,"caption":"Glass Bottle Wholesale"},"image":{"@id":"https:\/\/glassbottlewholesale.com\/#\/schema\/logo\/image\/"}}]}},"_links":{"self":[{"href":"https:\/\/glassbottlewholesale.com\/de\/wp-json\/wp\/v2\/product\/1444","targetHints":{"allow":["GET"]}}],"collection":[{"href":"https:\/\/glassbottlewholesale.com\/de\/wp-json\/wp\/v2\/product"}],"about":[{"href":"https:\/\/glassbottlewholesale.com\/de\/wp-json\/wp\/v2\/types\/product"}],"replies":[{"embeddable":true,"href":"https:\/\/glassbottlewholesale.com\/de\/wp-json\/wp\/v2\/comments?post=1444"}],"wp:featuredmedia":[{"embeddable":true,"href":"https:\/\/glassbottlewholesale.com\/de\/wp-json\/wp\/v2\/media\/2718"}],"wp:attachment":[{"href":"https:\/\/glassbottlewholesale.com\/de\/wp-json\/wp\/v2\/media?parent=1444"}],"wp:term":[{"taxonomy":"product_brand","embeddable":true,"href":"https:\/\/glassbottlewholesale.com\/de\/wp-json\/wp\/v2\/product_brand?post=1444"},{"taxonomy":"product_cat","embeddable":true,"href":"https:\/\/glassbottlewholesale.com\/de\/wp-json\/wp\/v2\/product_cat?post=1444"},{"taxonomy":"product_tag","embeddable":true,"href":"https:\/\/glassbottlewholesale.com\/de\/wp-json\/wp\/v2\/product_tag?post=1444"}],"curies":[{"name":"wp","href":"https:\/\/api.w.org\/{rel}","templated":true}]}}