{"id":1450,"date":"2019-12-25T06:13:22","date_gmt":"2019-12-25T06:13:22","guid":{"rendered":"https:\/\/queenchingglass.com\/?post_type=product&#038;p=1450"},"modified":"2025-07-10T02:25:52","modified_gmt":"2025-07-10T02:25:52","slug":"groshandel-750ml-glas-spirituosenflaschen-hersteller-china","status":"publish","type":"product","link":"https:\/\/glassbottlewholesale.com\/de\/groshandel-750ml-glas-spirituosenflaschen-hersteller-china\/","title":{"rendered":"RS043: Gro\u00dfhandel 750ml Glas Schnapsflaschen Hersteller China"},"content":{"rendered":"<div class=\"wpb-content-wrapper\"><div class=\"vc_row wpb_row vc_row-fluid\"><div class=\"wpb_column vc_column_container vc_col-sm-12\"><div class=\"vc_column-inner\"><div class=\"wpb_wrapper\">\n\t<div class=\"wpb_text_column wpb_content_element\" >\n\t\t<div class=\"wpb_wrapper\">\n\t\t\t<p>Ruisheng, ein professioneller chinesischer Hersteller und Lieferant von Glasflaschen, bietet <em>750ml Glas Spirituosenflaschen Gro\u00dfhandel<\/em> im Fabrikverkaufspreis f\u00fcr Spirituosenmarken, Unternehmen, Glasflaschenlieferanten, Gro\u00dfh\u00e4ndler, Superm\u00e4rkte und andere.<\/p>\n<p>Unser Unternehmen ist gut in diesen hochwertigen Glasflaschen, so dass wir garantieren, dass wir die Qualit\u00e4t der Glasflasche produzieren k\u00f6nnen.<\/p>\n<p>Wenn Ihnen das Design dieser 750ml Schnapsflasche gef\u00e4llt, Sie aber mit dem Fassungsverm\u00f6gen nicht zufrieden sind, k\u00f6nnen wir das Fassungsverm\u00f6gen \u00e4ndern.<\/p>\n<p>Unsere Hauptprodukte sind erstklassige leere 750ml-Glasflaschen mit Korken wie Wodkaflaschen, Schnapsflaschen, Whiskeyflaschen, Lik\u00f6rflaschen, Marmeladenflaschen und so weiter. Wir k\u00f6nnen auch Braunglasflaschen, gr\u00fcne Flaschen und Wasserflaschen anbieten. Unser Hauptabsatzmarkt ist Europa, die USA, Australien, Amerika, usw. Und alle Produkte genie\u00dfen einen guten Ruf f\u00fcr ihre Innovation und Funktionalit\u00e4t.<\/p>\n<p>Die Produktion von 750ml Glasflasche Gro\u00dfhandel wurde streng von Materialien ausgew\u00e4hlt, bringen wir in Materialien aus dem Herkunftsland, au\u00dferdem verwenden wir fortschrittliche Maschinen zu verarbeiten und eine Glasflasche zu machen.<\/p>\n<h4>Die Informationen \u00fcber 750ml Glas Spirituosenflaschen Gro\u00dfhandel wie unten:<\/h4>\n<ul>\n<li>Hauptmaterial: kristallwei\u00dfes Material, extrem wei\u00dfes Material<\/li>\n<li>Kappe: Kork<\/li>\n<li>Referenz: RS043<\/li>\n<li>MOQ: 10000 PCS (26000 St\u00fcck-30000 St\u00fcck)<\/li>\n<li>Fassungsverm\u00f6gen: 700ml 750ml<\/li>\n<li>Stk.\/Karton: 24Stk.<\/li>\n<li>Herkunftsort: Shandong, China<\/li>\n<li>Merkmal: Umweltfreundlich<\/li>\n<\/ul>\n<p>Wir haben diese Flasche auf Lager, Sie k\u00f6nnen sie sehr bald erhalten, wenn Sie sie bestellen. Wir k\u00f6nnen auch Ihr Logo auf dieser Flasche anbringen. Wir k\u00f6nnen die Verarbeitung in dieser Flasche, wie Druck, Zuckerguss, Malerei, und andere machen, <span class=\"tran\" data-group=\"0_0\">wir begr\u00fc\u00dfen<\/span> <span class=\"tran\" data-group=\"2_1\">Freunde<\/span> aus der ganzen <span class=\"tran\" data-group=\"1_2\">Welt<\/span> <span class=\"tran\" data-group=\"3_3\">Zu<\/span> <span class=\"tran\" data-group=\"5_4\">besuchen<\/span> uns! Wir werden einen Empfang f\u00fcr Sie organisieren.<\/p>\n<p>Diese einzigartige Glasflasche mit Deckel k\u00f6nnen wir die \u00d6ffnung \u00e4ndern, wir k\u00f6nnen sie in etwas anderes \u00e4ndern.<\/p>\n<p>Wenn Sie ein Muster einschnitzen wollen, k\u00f6nnen wir das tun.<\/p>\n<p>Wenn Sie mit diesem 750ml Glas Schnapsflaschen Gro\u00dfhandel zufrieden sind, kontaktieren Sie mich bitte in der Zeit. Wenn Sie es nicht m\u00f6gen, k\u00f6nnen Sie sich unsere anderen Flaschen ansehen. Oder ich gebe Ihnen den Katalog, Sie k\u00f6nnen w\u00e4hlen, was Sie m\u00f6gen. Wenn Sie in unserem Schnapsflaschen Preis interessiert sind, bitte<a href=\"https:\/\/ruishengglassco.com\/contact\"> kontaktiere uns<\/a>. Wir werden Ihnen innerhalb von 24 Stunden antworten.<\/p>\n\n\t\t<\/div>\n\t<\/div>\n<\/div><\/div><\/div><\/div>\n<\/div>","protected":false},"excerpt":{"rendered":"<p>Diese 750ml Glas Spirituosenflaschen Gro\u00dfhandel ist einer unserer hei\u00dfen Verkauf Produkte. Welche nimmt extrem wei\u00dfes Glas Material, gibt Ihnen eine klare, reine visuelle Wirkung, um Ihre Spirituosen ausgezeichnete Qualit\u00e4t zu zeigen. Long &amp; Runde Flasche K\u00f6rper Design, geeignet f\u00fcr alle Arten von Spirituosen, wie Whiskey, Wodka, Brandy, etc.<\/p>\n<ul>\n<li>MOQ: 10000 PCS (26000 St\u00fcck-30000 St\u00fcck)<\/li>\n<li>Fassungsverm\u00f6gen: 700ml\/750ml\/1000ml<\/li>\n<li>Farbe: Transparent<\/li>\n<li>Stopfen: Metallkappen<\/li>\n<li>H\u00f6he: 230 mm<\/li>\n<li>Gewicht: 650g<\/li>\n<li>Durchmesser: 60 mm<\/li>\n<\/ul>\n<p>Wenn Sie diese 750ml Glas Schnapsflaschen im Gro\u00dfhandel bestellen m\u00f6chten, hinterlassen Sie bitte eine Nachricht f\u00fcr uns<\/p>","protected":false},"featured_media":4493,"comment_status":"open","ping_status":"closed","template":"","meta":[],"product_brand":[],"product_cat":[51,52,63,67],"product_tag":[],"class_list":{"0":"post-1450","1":"product","2":"type-product","3":"status-publish","4":"has-post-thumbnail","6":"product_cat-700ml-glass-bottle","7":"product_cat-750ml-glass-bottle","8":"product_cat-liquor-bottle","9":"product_cat-vodka-bottle","10":"entry","11":"has-media","13":"first","14":"instock","15":"shipping-taxable","16":"product-type-simple"},"yoast_head":"<!-- This site is optimized with the Yoast SEO plugin v27.3 - https:\/\/yoast.com\/product\/yoast-seo-wordpress\/ -->\n<title>750ml Glass Liquor Bottles Wholesale | Glass Bottle With Corks Suppliers<\/title>\n<meta name=\"description\" content=\"Buy 750ml Glass Liquor Bottles Wholesale All in Lowest Price From China Glass Bottle Manufacturers&amp;Suppliers. Free Sample&amp;5 Years Warranty.\" \/>\n<meta name=\"robots\" content=\"index, follow, max-snippet:-1, max-image-preview:large, max-video-preview:-1\" \/>\n<link rel=\"canonical\" href=\"https:\/\/ruishengglassco.com\/product\/rs043wholesale-750ml-glass-liquor-bottles-manufacturer-china\" \/>\n<meta property=\"og:locale\" content=\"de_DE\" \/>\n<meta property=\"og:type\" content=\"article\" \/>\n<meta property=\"og:title\" content=\"750ml Glass Liquor Bottles Wholesale | Glass Bottle With Corks Suppliers\" \/>\n<meta property=\"og:description\" content=\"Buy 750ml Glass Liquor Bottles Wholesale All in Lowest Price From China Glass Bottle Manufacturers&amp;Suppliers. Free Sample&amp;5 Years Warranty.\" \/>\n<meta property=\"og:url\" content=\"https:\/\/ruishengglassco.com\/product\/rs043wholesale-750ml-glass-liquor-bottles-manufacturer-china\" \/>\n<meta property=\"og:site_name\" content=\"Glass Bottle Wholesale\" \/>\n<meta property=\"article:modified_time\" content=\"2025-07-10T02:25:52+00:00\" \/>\n<meta property=\"og:image\" content=\"https:\/\/glassbottlewholesale.com\/wp-content\/uploads\/2024\/01\/rs043-1.jpg\" \/>\n\t<meta property=\"og:image:width\" content=\"800\" \/>\n\t<meta property=\"og:image:height\" content=\"800\" \/>\n\t<meta property=\"og:image:type\" content=\"image\/jpeg\" \/>\n<meta name=\"twitter:card\" content=\"summary_large_image\" \/>\n<meta name=\"twitter:label1\" content=\"Gesch\u00e4tzte Lesezeit\" \/>\n\t<meta name=\"twitter:data1\" content=\"2\u00a0Minuten\" \/>\n<script type=\"application\/ld+json\" class=\"yoast-schema-graph\">{\"@context\":\"https:\\\/\\\/schema.org\",\"@graph\":[{\"@type\":\"WebPage\",\"@id\":\"https:\\\/\\\/glassbottlewholesale.com\\\/wholesale-750ml-glass-liquor-bottles-manufacturer-china\\\/\",\"url\":\"https:\\\/\\\/ruishengglassco.com\\\/product\\\/rs043wholesale-750ml-glass-liquor-bottles-manufacturer-china\",\"name\":\"750ml Glass Liquor Bottles Wholesale | Glass Bottle With Corks Suppliers\",\"isPartOf\":{\"@id\":\"https:\\\/\\\/glassbottlewholesale.com\\\/#website\"},\"primaryImageOfPage\":{\"@id\":\"https:\\\/\\\/ruishengglassco.com\\\/product\\\/rs043wholesale-750ml-glass-liquor-bottles-manufacturer-china#primaryimage\"},\"image\":{\"@id\":\"https:\\\/\\\/ruishengglassco.com\\\/product\\\/rs043wholesale-750ml-glass-liquor-bottles-manufacturer-china#primaryimage\"},\"thumbnailUrl\":\"https:\\\/\\\/glassbottlewholesale.com\\\/wp-content\\\/uploads\\\/2024\\\/01\\\/rs043-1.jpg\",\"datePublished\":\"2019-12-25T06:13:22+00:00\",\"dateModified\":\"2025-07-10T02:25:52+00:00\",\"description\":\"Buy 750ml Glass Liquor Bottles Wholesale All in Lowest Price From China Glass Bottle Manufacturers&Suppliers. Free Sample&5 Years Warranty.\",\"breadcrumb\":{\"@id\":\"https:\\\/\\\/ruishengglassco.com\\\/product\\\/rs043wholesale-750ml-glass-liquor-bottles-manufacturer-china#breadcrumb\"},\"inLanguage\":\"de\",\"potentialAction\":[{\"@type\":\"ReadAction\",\"target\":[\"https:\\\/\\\/ruishengglassco.com\\\/product\\\/rs043wholesale-750ml-glass-liquor-bottles-manufacturer-china\"]}]},{\"@type\":\"ImageObject\",\"inLanguage\":\"de\",\"@id\":\"https:\\\/\\\/ruishengglassco.com\\\/product\\\/rs043wholesale-750ml-glass-liquor-bottles-manufacturer-china#primaryimage\",\"url\":\"https:\\\/\\\/glassbottlewholesale.com\\\/wp-content\\\/uploads\\\/2024\\\/01\\\/rs043-1.jpg\",\"contentUrl\":\"https:\\\/\\\/glassbottlewholesale.com\\\/wp-content\\\/uploads\\\/2024\\\/01\\\/rs043-1.jpg\",\"width\":800,\"height\":800,\"caption\":\"RS043\uff1aWholesale 750ml Glass Liquor Bottles Manufacturer China\"},{\"@type\":\"BreadcrumbList\",\"@id\":\"https:\\\/\\\/ruishengglassco.com\\\/product\\\/rs043wholesale-750ml-glass-liquor-bottles-manufacturer-china#breadcrumb\",\"itemListElement\":[{\"@type\":\"ListItem\",\"position\":1,\"name\":\"Home\",\"item\":\"https:\\\/\\\/glassbottlewholesale.com\\\/\"},{\"@type\":\"ListItem\",\"position\":2,\"name\":\"Products\",\"item\":\"https:\\\/\\\/glassbottlewholesale.com\\\/shop\\\/\"},{\"@type\":\"ListItem\",\"position\":3,\"name\":\"RS043\uff1aWholesale 750ml Glass Liquor Bottles Manufacturer China\"}]},{\"@type\":\"WebSite\",\"@id\":\"https:\\\/\\\/glassbottlewholesale.com\\\/#website\",\"url\":\"https:\\\/\\\/glassbottlewholesale.com\\\/\",\"name\":\"Glass Bottle Wholesale\",\"description\":\"\",\"publisher\":{\"@id\":\"https:\\\/\\\/glassbottlewholesale.com\\\/#organization\"},\"potentialAction\":[{\"@type\":\"SearchAction\",\"target\":{\"@type\":\"EntryPoint\",\"urlTemplate\":\"https:\\\/\\\/glassbottlewholesale.com\\\/?s={search_term_string}\"},\"query-input\":{\"@type\":\"PropertyValueSpecification\",\"valueRequired\":true,\"valueName\":\"search_term_string\"}}],\"inLanguage\":\"de\"},{\"@type\":\"Organization\",\"@id\":\"https:\\\/\\\/glassbottlewholesale.com\\\/#organization\",\"name\":\"Glass Bottle Wholesale\",\"url\":\"https:\\\/\\\/glassbottlewholesale.com\\\/\",\"logo\":{\"@type\":\"ImageObject\",\"inLanguage\":\"de\",\"@id\":\"https:\\\/\\\/glassbottlewholesale.com\\\/#\\\/schema\\\/logo\\\/image\\\/\",\"url\":\"https:\\\/\\\/glassbottlewholesale.com\\\/wp-content\\\/uploads\\\/2023\\\/12\\\/ruisheng-logo.webp\",\"contentUrl\":\"https:\\\/\\\/glassbottlewholesale.com\\\/wp-content\\\/uploads\\\/2023\\\/12\\\/ruisheng-logo.webp\",\"width\":400,\"height\":233,\"caption\":\"Glass Bottle Wholesale\"},\"image\":{\"@id\":\"https:\\\/\\\/glassbottlewholesale.com\\\/#\\\/schema\\\/logo\\\/image\\\/\"}}]}<\/script>\n<!-- \/ Yoast SEO plugin. -->","yoast_head_json":{"title":"750ml Glas Lik\u00f6rflaschen Gro\u00dfhandel | Glasflasche mit Korken Lieferanten","description":"Kaufen Sie 750ml Glas Lik\u00f6rflaschen Gro\u00dfhandel alle in niedrigsten Preis von China Glasflasche Manufacturers&amp;Suppliers. Kostenlose Probe &amp; 5 Jahre Garantie.","robots":{"index":"index","follow":"follow","max-snippet":"max-snippet:-1","max-image-preview":"max-image-preview:large","max-video-preview":"max-video-preview:-1"},"canonical":"https:\/\/ruishengglassco.com\/product\/rs043wholesale-750ml-glass-liquor-bottles-manufacturer-china","og_locale":"de_DE","og_type":"article","og_title":"750ml Glass Liquor Bottles Wholesale | Glass Bottle With Corks Suppliers","og_description":"Buy 750ml Glass Liquor Bottles Wholesale All in Lowest Price From China Glass Bottle Manufacturers&Suppliers. Free Sample&5 Years Warranty.","og_url":"https:\/\/ruishengglassco.com\/product\/rs043wholesale-750ml-glass-liquor-bottles-manufacturer-china","og_site_name":"Glass Bottle Wholesale","article_modified_time":"2025-07-10T02:25:52+00:00","og_image":[{"width":800,"height":800,"url":"https:\/\/glassbottlewholesale.com\/wp-content\/uploads\/2024\/01\/rs043-1.jpg","type":"image\/jpeg"}],"twitter_card":"summary_large_image","twitter_misc":{"Gesch\u00e4tzte Lesezeit":"2\u00a0Minuten"},"schema":{"@context":"https:\/\/schema.org","@graph":[{"@type":"WebPage","@id":"https:\/\/glassbottlewholesale.com\/wholesale-750ml-glass-liquor-bottles-manufacturer-china\/","url":"https:\/\/ruishengglassco.com\/product\/rs043wholesale-750ml-glass-liquor-bottles-manufacturer-china","name":"750ml Glas Lik\u00f6rflaschen Gro\u00dfhandel | Glasflasche mit Korken Lieferanten","isPartOf":{"@id":"https:\/\/glassbottlewholesale.com\/#website"},"primaryImageOfPage":{"@id":"https:\/\/ruishengglassco.com\/product\/rs043wholesale-750ml-glass-liquor-bottles-manufacturer-china#primaryimage"},"image":{"@id":"https:\/\/ruishengglassco.com\/product\/rs043wholesale-750ml-glass-liquor-bottles-manufacturer-china#primaryimage"},"thumbnailUrl":"https:\/\/glassbottlewholesale.com\/wp-content\/uploads\/2024\/01\/rs043-1.jpg","datePublished":"2019-12-25T06:13:22+00:00","dateModified":"2025-07-10T02:25:52+00:00","description":"Kaufen Sie 750ml Glas Lik\u00f6rflaschen Gro\u00dfhandel alle in niedrigsten Preis von China Glasflasche Manufacturers&amp;Suppliers. Kostenlose Probe &amp; 5 Jahre Garantie.","breadcrumb":{"@id":"https:\/\/ruishengglassco.com\/product\/rs043wholesale-750ml-glass-liquor-bottles-manufacturer-china#breadcrumb"},"inLanguage":"de","potentialAction":[{"@type":"ReadAction","target":["https:\/\/ruishengglassco.com\/product\/rs043wholesale-750ml-glass-liquor-bottles-manufacturer-china"]}]},{"@type":"ImageObject","inLanguage":"de","@id":"https:\/\/ruishengglassco.com\/product\/rs043wholesale-750ml-glass-liquor-bottles-manufacturer-china#primaryimage","url":"https:\/\/glassbottlewholesale.com\/wp-content\/uploads\/2024\/01\/rs043-1.jpg","contentUrl":"https:\/\/glassbottlewholesale.com\/wp-content\/uploads\/2024\/01\/rs043-1.jpg","width":800,"height":800,"caption":"RS043\uff1aWholesale 750ml Glass Liquor Bottles Manufacturer China"},{"@type":"BreadcrumbList","@id":"https:\/\/ruishengglassco.com\/product\/rs043wholesale-750ml-glass-liquor-bottles-manufacturer-china#breadcrumb","itemListElement":[{"@type":"ListItem","position":1,"name":"Home","item":"https:\/\/glassbottlewholesale.com\/"},{"@type":"ListItem","position":2,"name":"Products","item":"https:\/\/glassbottlewholesale.com\/shop\/"},{"@type":"ListItem","position":3,"name":"RS043\uff1aWholesale 750ml Glass Liquor Bottles Manufacturer China"}]},{"@type":"WebSite","@id":"https:\/\/glassbottlewholesale.com\/#website","url":"https:\/\/glassbottlewholesale.com\/","name":"Glass Bottle Wholesale","description":"","publisher":{"@id":"https:\/\/glassbottlewholesale.com\/#organization"},"potentialAction":[{"@type":"SearchAction","target":{"@type":"EntryPoint","urlTemplate":"https:\/\/glassbottlewholesale.com\/?s={search_term_string}"},"query-input":{"@type":"PropertyValueSpecification","valueRequired":true,"valueName":"search_term_string"}}],"inLanguage":"de"},{"@type":"Organization","@id":"https:\/\/glassbottlewholesale.com\/#organization","name":"Glass Bottle Wholesale","url":"https:\/\/glassbottlewholesale.com\/","logo":{"@type":"ImageObject","inLanguage":"de","@id":"https:\/\/glassbottlewholesale.com\/#\/schema\/logo\/image\/","url":"https:\/\/glassbottlewholesale.com\/wp-content\/uploads\/2023\/12\/ruisheng-logo.webp","contentUrl":"https:\/\/glassbottlewholesale.com\/wp-content\/uploads\/2023\/12\/ruisheng-logo.webp","width":400,"height":233,"caption":"Glass Bottle Wholesale"},"image":{"@id":"https:\/\/glassbottlewholesale.com\/#\/schema\/logo\/image\/"}}]}},"_links":{"self":[{"href":"https:\/\/glassbottlewholesale.com\/de\/wp-json\/wp\/v2\/product\/1450","targetHints":{"allow":["GET"]}}],"collection":[{"href":"https:\/\/glassbottlewholesale.com\/de\/wp-json\/wp\/v2\/product"}],"about":[{"href":"https:\/\/glassbottlewholesale.com\/de\/wp-json\/wp\/v2\/types\/product"}],"replies":[{"embeddable":true,"href":"https:\/\/glassbottlewholesale.com\/de\/wp-json\/wp\/v2\/comments?post=1450"}],"wp:featuredmedia":[{"embeddable":true,"href":"https:\/\/glassbottlewholesale.com\/de\/wp-json\/wp\/v2\/media\/4493"}],"wp:attachment":[{"href":"https:\/\/glassbottlewholesale.com\/de\/wp-json\/wp\/v2\/media?parent=1450"}],"wp:term":[{"taxonomy":"product_brand","embeddable":true,"href":"https:\/\/glassbottlewholesale.com\/de\/wp-json\/wp\/v2\/product_brand?post=1450"},{"taxonomy":"product_cat","embeddable":true,"href":"https:\/\/glassbottlewholesale.com\/de\/wp-json\/wp\/v2\/product_cat?post=1450"},{"taxonomy":"product_tag","embeddable":true,"href":"https:\/\/glassbottlewholesale.com\/de\/wp-json\/wp\/v2\/product_tag?post=1450"}],"curies":[{"name":"wp","href":"https:\/\/api.w.org\/{rel}","templated":true}]}}