{"id":2246,"date":"2020-06-30T07:06:44","date_gmt":"2020-06-30T07:06:44","guid":{"rendered":"https:\/\/glassbottlewholesale.com\/?post_type=product&#038;p=2246"},"modified":"2024-08-23T02:38:00","modified_gmt":"2024-08-23T02:38:00","slug":"750ml-700ml-glas-whiskey-flaschen-groshandel","status":"publish","type":"product","link":"https:\/\/glassbottlewholesale.com\/de\/750ml-700ml-glas-whiskey-flaschen-groshandel\/","title":{"rendered":"RS041: 750ML 700ML Glas Whiskyflaschen Gro\u00dfhandel"},"content":{"rendered":"<p>Details \u00fcber Gro\u00dfhandel Glas Whiskey Flasche<\/p>\n<ul>\n<li>Artikel\uff1a750ml Glas Whiskey Flasche Gro\u00dfhandel<\/li>\n<li>Inhalt: 250ml 500ml 700ml 750ml Glasflasche<\/li>\n<li>Material: Super Flint Glas Material, hohe Flint Glas Matera<\/li>\n<li>Verschlusstyp: Kork, Guala-Kappe, Schraubverschluss<\/li>\n<li>Oberfl\u00e4che:      Frost, Petal, Malerei, Hei\u00dfpr\u00e4gung, Pr\u00e4gung, Druck, Gloden, Siebdruck<\/li>\n<li>Muster: Kostenlos mit unserer bestehenden Form<\/li>\n<li>Vorlaufzeit: 20-30 Tage f\u00fcr Massenprodukte<\/li>\n<li>Hafen: Qingdao, China<\/li>\n<li>Bezahlung: T\/T, Paypal, Handelsgarantie<\/li>\n<\/ul>\n<p>F\u00fcr unsere Whiskey-Dekanter wird bleifreies, hochtransparentes Glasmaterial verwendet, das etwa 70%-Sand zusammen mit einer spezifischen Mischung aus Soda, Kalkstein und anderen nat\u00fcrlichen Substanzen enth\u00e4lt - je nachdem, welche Eigenschaften im Gemenge gew\u00fcnscht sind.  Ein angemessenes Materialverh\u00e4ltnis und ein fortschrittlicher Brennprozess machen unsere leeren Whiskeyflaschen haltbar und nicht leicht zu besch\u00e4digen. Au\u00dferdem k\u00f6nnen unsere Glasflaschen recycelt werden, da es sich um unbedenkliches Glasmaterial handelt.<\/p>\n<p>Wir sind ein professioneller Hersteller von Spirituosenflaschen, <a href=\"https:\/\/glassbottlewholesale.com\/de\/uber-uns\/\">Ruisheng<\/a> hat 20 Jahre Erfahrung in der Herstellung von Whiskey-Glasflaschen. Unsere Gro\u00dfhandel Glas Whiskey-Flasche in die Vereinigten Staaten, Gro\u00dfbritannien, Frankreich, Kanada und anderen L\u00e4ndern exportiert. Viele ber\u00fchmte Whiskey-Marken sind unsere treuen Kunden. Wir hoffen aufrichtig, dass unsere Glasflasche wird Glanz zu Ihrem Whiskey-Marke hinzuzuf\u00fcgen.<\/p>\n<p>&nbsp;<\/p>","protected":false},"excerpt":{"rendered":"<p>Ruisheng ist ein professioneller Hersteller von Glasflaschen und besch\u00e4ftigt sich seit rund 20 Jahren mit der Herstellung von Whiskey-Glasflaschen f\u00fcr den Gro\u00dfhandel. Wir haben eine engagierte Produktionswerkstatt f\u00fcr Whiskey Glasflasche produzieren etabliert. Die sch\u00f6ne Farbe des Whiskeys zeigt durch das klare Glas funktioniert f\u00fcr so ziemlich jeden Whiskey - Scotch Whisky, Irish Whisky, American Whisky und Canadian Whisky.<\/p>\n<p>Als professioneller Hersteller von Whiskeyflaschen bietet unser Unternehmen kundenspezifische Glasflaschen an. OEM\/ODM Service angeboten. Wenn Sie Gro\u00dfhandel Glasflasche Preis erhalten m\u00f6chten, klicken Sie bitte hier, um uns zu kontaktieren.<\/p>","protected":false},"featured_media":4491,"comment_status":"open","ping_status":"closed","template":"","meta":[],"product_brand":[],"product_cat":[51,52,63,68],"product_tag":[],"class_list":{"0":"post-2246","1":"product","2":"type-product","3":"status-publish","4":"has-post-thumbnail","6":"product_cat-700ml-glass-bottle","7":"product_cat-750ml-glass-bottle","8":"product_cat-liquor-bottle","9":"product_cat-whiskey-bottle","10":"entry","11":"has-media","13":"first","14":"instock","15":"shipping-taxable","16":"product-type-simple"},"yoast_head":"<!-- This site is optimized with the Yoast SEO plugin v27.3 - https:\/\/yoast.com\/product\/yoast-seo-wordpress\/ -->\n<title>Wholesale Glass Whiskey Bottle | Empty Glass Bottles Manufacturers<\/title>\n<meta name=\"description\" content=\"Wholesale Glass Whiskey Bottle From China Empty Glass Bottles Manufacturers. Factory Outlet Whiskey Decanters Bulk In Cheap Price.\" \/>\n<meta name=\"robots\" content=\"index, follow, max-snippet:-1, max-image-preview:large, max-video-preview:-1\" \/>\n<link rel=\"canonical\" href=\"https:\/\/ruishengglassco.com\/product\/rs041-750ml-700ml-glass-whiskey-bottles-wholesale\" \/>\n<meta property=\"og:locale\" content=\"de_DE\" \/>\n<meta property=\"og:type\" content=\"article\" \/>\n<meta property=\"og:title\" content=\"Wholesale Glass Whiskey Bottle | Empty Glass Bottles Manufacturers\" \/>\n<meta property=\"og:description\" content=\"Wholesale Glass Whiskey Bottle From China Empty Glass Bottles Manufacturers. Factory Outlet Whiskey Decanters Bulk In Cheap Price.\" \/>\n<meta property=\"og:url\" content=\"https:\/\/ruishengglassco.com\/product\/rs041-750ml-700ml-glass-whiskey-bottles-wholesale\" \/>\n<meta property=\"og:site_name\" content=\"Glass Bottle Wholesale\" \/>\n<meta property=\"article:modified_time\" content=\"2024-08-23T02:38:00+00:00\" \/>\n<meta property=\"og:image\" content=\"https:\/\/glassbottlewholesale.com\/wp-content\/uploads\/2024\/01\/rs041-1.jpg\" \/>\n\t<meta property=\"og:image:width\" content=\"800\" \/>\n\t<meta property=\"og:image:height\" content=\"800\" \/>\n\t<meta property=\"og:image:type\" content=\"image\/jpeg\" \/>\n<meta name=\"twitter:card\" content=\"summary_large_image\" \/>\n<meta name=\"twitter:label1\" content=\"Gesch\u00e4tzte Lesezeit\" \/>\n\t<meta name=\"twitter:data1\" content=\"2\u00a0Minuten\" \/>\n<script type=\"application\/ld+json\" class=\"yoast-schema-graph\">{\"@context\":\"https:\\\/\\\/schema.org\",\"@graph\":[{\"@type\":\"WebPage\",\"@id\":\"https:\\\/\\\/glassbottlewholesale.com\\\/750ml-700ml-glass-whiskey-bottles-wholesale\\\/\",\"url\":\"https:\\\/\\\/ruishengglassco.com\\\/product\\\/rs041-750ml-700ml-glass-whiskey-bottles-wholesale\",\"name\":\"Wholesale Glass Whiskey Bottle | Empty Glass Bottles Manufacturers\",\"isPartOf\":{\"@id\":\"https:\\\/\\\/glassbottlewholesale.com\\\/#website\"},\"primaryImageOfPage\":{\"@id\":\"https:\\\/\\\/ruishengglassco.com\\\/product\\\/rs041-750ml-700ml-glass-whiskey-bottles-wholesale#primaryimage\"},\"image\":{\"@id\":\"https:\\\/\\\/ruishengglassco.com\\\/product\\\/rs041-750ml-700ml-glass-whiskey-bottles-wholesale#primaryimage\"},\"thumbnailUrl\":\"https:\\\/\\\/glassbottlewholesale.com\\\/wp-content\\\/uploads\\\/2024\\\/01\\\/rs041-1.jpg\",\"datePublished\":\"2020-06-30T07:06:44+00:00\",\"dateModified\":\"2024-08-23T02:38:00+00:00\",\"description\":\"Wholesale Glass Whiskey Bottle From China Empty Glass Bottles Manufacturers. Factory Outlet Whiskey Decanters Bulk In Cheap Price.\",\"breadcrumb\":{\"@id\":\"https:\\\/\\\/ruishengglassco.com\\\/product\\\/rs041-750ml-700ml-glass-whiskey-bottles-wholesale#breadcrumb\"},\"inLanguage\":\"de\",\"potentialAction\":[{\"@type\":\"ReadAction\",\"target\":[\"https:\\\/\\\/ruishengglassco.com\\\/product\\\/rs041-750ml-700ml-glass-whiskey-bottles-wholesale\"]}]},{\"@type\":\"ImageObject\",\"inLanguage\":\"de\",\"@id\":\"https:\\\/\\\/ruishengglassco.com\\\/product\\\/rs041-750ml-700ml-glass-whiskey-bottles-wholesale#primaryimage\",\"url\":\"https:\\\/\\\/glassbottlewholesale.com\\\/wp-content\\\/uploads\\\/2024\\\/01\\\/rs041-1.jpg\",\"contentUrl\":\"https:\\\/\\\/glassbottlewholesale.com\\\/wp-content\\\/uploads\\\/2024\\\/01\\\/rs041-1.jpg\",\"width\":800,\"height\":800,\"caption\":\"RS041: 750ML 700ML Glass Whiskey Bottles Wholesale\"},{\"@type\":\"BreadcrumbList\",\"@id\":\"https:\\\/\\\/ruishengglassco.com\\\/product\\\/rs041-750ml-700ml-glass-whiskey-bottles-wholesale#breadcrumb\",\"itemListElement\":[{\"@type\":\"ListItem\",\"position\":1,\"name\":\"Home\",\"item\":\"https:\\\/\\\/glassbottlewholesale.com\\\/\"},{\"@type\":\"ListItem\",\"position\":2,\"name\":\"Products\",\"item\":\"https:\\\/\\\/glassbottlewholesale.com\\\/shop\\\/\"},{\"@type\":\"ListItem\",\"position\":3,\"name\":\"RS041: 750ML 700ML Glass Whiskey Bottles Wholesale\"}]},{\"@type\":\"WebSite\",\"@id\":\"https:\\\/\\\/glassbottlewholesale.com\\\/#website\",\"url\":\"https:\\\/\\\/glassbottlewholesale.com\\\/\",\"name\":\"Glass Bottle Wholesale\",\"description\":\"\",\"publisher\":{\"@id\":\"https:\\\/\\\/glassbottlewholesale.com\\\/#organization\"},\"potentialAction\":[{\"@type\":\"SearchAction\",\"target\":{\"@type\":\"EntryPoint\",\"urlTemplate\":\"https:\\\/\\\/glassbottlewholesale.com\\\/?s={search_term_string}\"},\"query-input\":{\"@type\":\"PropertyValueSpecification\",\"valueRequired\":true,\"valueName\":\"search_term_string\"}}],\"inLanguage\":\"de\"},{\"@type\":\"Organization\",\"@id\":\"https:\\\/\\\/glassbottlewholesale.com\\\/#organization\",\"name\":\"Glass Bottle Wholesale\",\"url\":\"https:\\\/\\\/glassbottlewholesale.com\\\/\",\"logo\":{\"@type\":\"ImageObject\",\"inLanguage\":\"de\",\"@id\":\"https:\\\/\\\/glassbottlewholesale.com\\\/#\\\/schema\\\/logo\\\/image\\\/\",\"url\":\"https:\\\/\\\/glassbottlewholesale.com\\\/wp-content\\\/uploads\\\/2023\\\/12\\\/ruisheng-logo.webp\",\"contentUrl\":\"https:\\\/\\\/glassbottlewholesale.com\\\/wp-content\\\/uploads\\\/2023\\\/12\\\/ruisheng-logo.webp\",\"width\":400,\"height\":233,\"caption\":\"Glass Bottle Wholesale\"},\"image\":{\"@id\":\"https:\\\/\\\/glassbottlewholesale.com\\\/#\\\/schema\\\/logo\\\/image\\\/\"}}]}<\/script>\n<!-- \/ Yoast SEO plugin. -->","yoast_head_json":{"title":"Gro\u00dfhandel Glas Whiskey Flasche | Leere Glasflaschen Hersteller","description":"Gro\u00dfhandel Glas Whiskey-Flasche aus China leere Glasflaschen Hersteller. Factory Outlet Whiskey Dekanter Bulk in g\u00fcnstigen Preis.","robots":{"index":"index","follow":"follow","max-snippet":"max-snippet:-1","max-image-preview":"max-image-preview:large","max-video-preview":"max-video-preview:-1"},"canonical":"https:\/\/ruishengglassco.com\/product\/rs041-750ml-700ml-glass-whiskey-bottles-wholesale","og_locale":"de_DE","og_type":"article","og_title":"Wholesale Glass Whiskey Bottle | Empty Glass Bottles Manufacturers","og_description":"Wholesale Glass Whiskey Bottle From China Empty Glass Bottles Manufacturers. Factory Outlet Whiskey Decanters Bulk In Cheap Price.","og_url":"https:\/\/ruishengglassco.com\/product\/rs041-750ml-700ml-glass-whiskey-bottles-wholesale","og_site_name":"Glass Bottle Wholesale","article_modified_time":"2024-08-23T02:38:00+00:00","og_image":[{"width":800,"height":800,"url":"https:\/\/glassbottlewholesale.com\/wp-content\/uploads\/2024\/01\/rs041-1.jpg","type":"image\/jpeg"}],"twitter_card":"summary_large_image","twitter_misc":{"Gesch\u00e4tzte Lesezeit":"2\u00a0Minuten"},"schema":{"@context":"https:\/\/schema.org","@graph":[{"@type":"WebPage","@id":"https:\/\/glassbottlewholesale.com\/750ml-700ml-glass-whiskey-bottles-wholesale\/","url":"https:\/\/ruishengglassco.com\/product\/rs041-750ml-700ml-glass-whiskey-bottles-wholesale","name":"Gro\u00dfhandel Glas Whiskey Flasche | Leere Glasflaschen Hersteller","isPartOf":{"@id":"https:\/\/glassbottlewholesale.com\/#website"},"primaryImageOfPage":{"@id":"https:\/\/ruishengglassco.com\/product\/rs041-750ml-700ml-glass-whiskey-bottles-wholesale#primaryimage"},"image":{"@id":"https:\/\/ruishengglassco.com\/product\/rs041-750ml-700ml-glass-whiskey-bottles-wholesale#primaryimage"},"thumbnailUrl":"https:\/\/glassbottlewholesale.com\/wp-content\/uploads\/2024\/01\/rs041-1.jpg","datePublished":"2020-06-30T07:06:44+00:00","dateModified":"2024-08-23T02:38:00+00:00","description":"Gro\u00dfhandel Glas Whiskey-Flasche aus China leere Glasflaschen Hersteller. Factory Outlet Whiskey Dekanter Bulk in g\u00fcnstigen Preis.","breadcrumb":{"@id":"https:\/\/ruishengglassco.com\/product\/rs041-750ml-700ml-glass-whiskey-bottles-wholesale#breadcrumb"},"inLanguage":"de","potentialAction":[{"@type":"ReadAction","target":["https:\/\/ruishengglassco.com\/product\/rs041-750ml-700ml-glass-whiskey-bottles-wholesale"]}]},{"@type":"ImageObject","inLanguage":"de","@id":"https:\/\/ruishengglassco.com\/product\/rs041-750ml-700ml-glass-whiskey-bottles-wholesale#primaryimage","url":"https:\/\/glassbottlewholesale.com\/wp-content\/uploads\/2024\/01\/rs041-1.jpg","contentUrl":"https:\/\/glassbottlewholesale.com\/wp-content\/uploads\/2024\/01\/rs041-1.jpg","width":800,"height":800,"caption":"RS041: 750ML 700ML Glass Whiskey Bottles Wholesale"},{"@type":"BreadcrumbList","@id":"https:\/\/ruishengglassco.com\/product\/rs041-750ml-700ml-glass-whiskey-bottles-wholesale#breadcrumb","itemListElement":[{"@type":"ListItem","position":1,"name":"Home","item":"https:\/\/glassbottlewholesale.com\/"},{"@type":"ListItem","position":2,"name":"Products","item":"https:\/\/glassbottlewholesale.com\/shop\/"},{"@type":"ListItem","position":3,"name":"RS041: 750ML 700ML Glass Whiskey Bottles Wholesale"}]},{"@type":"WebSite","@id":"https:\/\/glassbottlewholesale.com\/#website","url":"https:\/\/glassbottlewholesale.com\/","name":"Glass Bottle Wholesale","description":"","publisher":{"@id":"https:\/\/glassbottlewholesale.com\/#organization"},"potentialAction":[{"@type":"SearchAction","target":{"@type":"EntryPoint","urlTemplate":"https:\/\/glassbottlewholesale.com\/?s={search_term_string}"},"query-input":{"@type":"PropertyValueSpecification","valueRequired":true,"valueName":"search_term_string"}}],"inLanguage":"de"},{"@type":"Organization","@id":"https:\/\/glassbottlewholesale.com\/#organization","name":"Glass Bottle Wholesale","url":"https:\/\/glassbottlewholesale.com\/","logo":{"@type":"ImageObject","inLanguage":"de","@id":"https:\/\/glassbottlewholesale.com\/#\/schema\/logo\/image\/","url":"https:\/\/glassbottlewholesale.com\/wp-content\/uploads\/2023\/12\/ruisheng-logo.webp","contentUrl":"https:\/\/glassbottlewholesale.com\/wp-content\/uploads\/2023\/12\/ruisheng-logo.webp","width":400,"height":233,"caption":"Glass Bottle Wholesale"},"image":{"@id":"https:\/\/glassbottlewholesale.com\/#\/schema\/logo\/image\/"}}]}},"_links":{"self":[{"href":"https:\/\/glassbottlewholesale.com\/de\/wp-json\/wp\/v2\/product\/2246","targetHints":{"allow":["GET"]}}],"collection":[{"href":"https:\/\/glassbottlewholesale.com\/de\/wp-json\/wp\/v2\/product"}],"about":[{"href":"https:\/\/glassbottlewholesale.com\/de\/wp-json\/wp\/v2\/types\/product"}],"replies":[{"embeddable":true,"href":"https:\/\/glassbottlewholesale.com\/de\/wp-json\/wp\/v2\/comments?post=2246"}],"wp:featuredmedia":[{"embeddable":true,"href":"https:\/\/glassbottlewholesale.com\/de\/wp-json\/wp\/v2\/media\/4491"}],"wp:attachment":[{"href":"https:\/\/glassbottlewholesale.com\/de\/wp-json\/wp\/v2\/media?parent=2246"}],"wp:term":[{"taxonomy":"product_brand","embeddable":true,"href":"https:\/\/glassbottlewholesale.com\/de\/wp-json\/wp\/v2\/product_brand?post=2246"},{"taxonomy":"product_cat","embeddable":true,"href":"https:\/\/glassbottlewholesale.com\/de\/wp-json\/wp\/v2\/product_cat?post=2246"},{"taxonomy":"product_tag","embeddable":true,"href":"https:\/\/glassbottlewholesale.com\/de\/wp-json\/wp\/v2\/product_tag?post=2246"}],"curies":[{"name":"wp","href":"https:\/\/api.w.org\/{rel}","templated":true}]}}