{"id":2250,"date":"2020-08-25T07:51:35","date_gmt":"2020-08-25T07:51:35","guid":{"rendered":"https:\/\/glassbottlewholesale.com\/?post_type=product&#038;p=2250"},"modified":"2025-07-10T03:34:43","modified_gmt":"2025-07-10T03:34:43","slug":"1000ml-frosted-vodka-bottle-wholesale","status":"publish","type":"product","link":"https:\/\/glassbottlewholesale.com\/de\/1000ml-frosted-vodka-bottle-wholesale\/","title":{"rendered":"RS040: 700 ml, 750 ml, 1000 ml, gefrostete Wodkaflasche, Gro\u00dfhandel"},"content":{"rendered":"<div class=\"wpb-content-wrapper\"><div class=\"vc_row wpb_row vc_row-fluid\"><div class=\"wpb_column vc_column_container vc_col-sm-12\"><div class=\"vc_column-inner\"><div class=\"wpb_wrapper\">\n\t<div class=\"wpb_text_column wpb_content_element\" >\n\t\t<div class=\"wpb_wrapper\">\n\t\t\t<h2>Details About 1000ml Frosted Vodka Bottle Wholesale<\/h2>\n<p>This frosted vodka bottle with slim body design, mainly used in Vodka, Whiskey, Brandy packaging.\u00a0 Various specifications and capacities are available, and 700ml and 750ml are the most common choices for customers. Our empty vodka bottle adopts high flint leads-free glass material which makes our glass bottle more transparent, clear, and not easy to broken.<\/p>\n<p>Due to we are a glass bottle manufacturing company,\u00a0 we provide <a href=\"https:\/\/ruishengglassco.com\/custom-glass-bottle\">individuelle Glasflasche<\/a> service. Ruisheng provides free glass bottle template for manufacturing. If your company has your own template or design, we can produce it by your requirement. At the same time, we provide private label and printed Logo service.<\/p>\n<p>Specifications About Our Empty Vodka Bottle<\/p>\n<ul>\n<li>Product Name: Wholesale 1 liter clear vodka glass bottle empty spirit bottle 750ml<\/li>\n<li>Service: we can meet all your requirements including printing logo, decal labels, embossing, engravicng, electroplating, frosting, painting and you can customize printing retail cartons and cork style<\/li>\n<li>Marke: RS<\/li>\n<li>Material: Kristallwei\u00dfes Material, extrem wei\u00dfes Material<\/li>\n<li>Spezifikation: 50ml-3500ml<\/li>\n<li>Merkmal: Hohe Qualit\u00e4t, transparenter, unzerbrechlich, recycelbar<\/li>\n<li>Muster: Kostenlos, wenn Sie unsere bestehende Form verwenden.<\/li>\n<li>Norm: ISO9001:2008, ISO14001:2004<\/li>\n<li>Verpackungsmethode: Standard-Export-Verpackung oder kundenspezifische Verpackung<\/li>\n<li>Lieferzeit: Innerhalb von 20-30 Tagen je nach gew\u00fcnschter Gr\u00f6\u00dfe und Menge.<\/li>\n<\/ul>\n<p>If you want to get more information, please feel free to contact us.<\/p>\n\n\t\t<\/div>\n\t<\/div>\n<\/div><\/div><\/div><\/div>\n<\/div>","protected":false},"excerpt":{"rendered":"<p>Ruisheng, ein professioneller Hersteller von Spirituosenflaschen in China, bietet 1000ml gefrostete Wodka-Flasche Gro\u00dfhandel f\u00fcr die Wodka-Marke, Fabrik, Unternehmen, Flaschenlieferant, Gro\u00dfh\u00e4ndler, und etc. Gegr\u00fcndet im Jahr 2009, ist Ruisheng seit \u00fcber 10 Jahren in der Entwicklung und Herstellung von Glasflaschen t\u00e4tig. Als eine Top-Glasflaschenfabrik betr\u00e4gt unsere Tagesproduktion 120.000 St\u00fcck. Wir k\u00f6nnen die Bestellung innerhalb einer festen Zeit nach Ihren Anforderungen abschlie\u00dfen.<\/p>\n<ul>\n<li><strong>Mindestbestellmenge: 10.000 St\u00fcck<\/strong><\/li>\n<li><strong>Probe: Kostenlose Probe angeboten<\/strong><\/li>\n<li><strong>Lieferung: Innerhalb von 30 Tagen<\/strong><\/li>\n<\/ul>\n<p>Wenn Sie den Wodka-Flaschenpreis erfahren m\u00f6chten, klicken Sie bitte hier, um<a href=\"https:\/\/glassbottlewholesale.com\/de\/contact\/\"> kontaktieren Sie uns.<\/a><\/p>","protected":false},"featured_media":4481,"comment_status":"open","ping_status":"closed","template":"","meta":[],"product_brand":[],"product_cat":[53,67],"product_tag":[],"class_list":{"0":"post-2250","1":"product","2":"type-product","3":"status-publish","4":"has-post-thumbnail","6":"product_cat-1000ml-glass-bottle","7":"product_cat-vodka-bottle","8":"entry","9":"has-media","11":"first","12":"instock","13":"shipping-taxable","14":"product-type-simple"},"yoast_head":"<!-- This site is optimized with the Yoast SEO plugin v27.3 - https:\/\/yoast.com\/product\/yoast-seo-wordpress\/ -->\n<title>1000ml Frosted Vodka Bottle Wholesale | Best Vodka Bottles Suppliers<\/title>\n<meta name=\"description\" content=\"Ruisheng, one of the best vodka bottles suppliers in China, provide 1000ml frosted vodka bottle wholesale in factory outlet price.\" \/>\n<meta name=\"robots\" content=\"index, follow, max-snippet:-1, max-image-preview:large, max-video-preview:-1\" \/>\n<link rel=\"canonical\" href=\"https:\/\/ruishengglassco.com\/product\/rs040-700ml-750ml-1000ml-frosted-vodka-bottle-wholesale\" \/>\n<meta property=\"og:locale\" content=\"de_DE\" \/>\n<meta property=\"og:type\" content=\"article\" \/>\n<meta property=\"og:title\" content=\"1000ml Frosted Vodka Bottle Wholesale | Best Vodka Bottles Suppliers\" \/>\n<meta property=\"og:description\" content=\"Ruisheng, one of the best vodka bottles suppliers in China, provide 1000ml frosted vodka bottle wholesale in factory outlet price.\" \/>\n<meta property=\"og:url\" content=\"https:\/\/ruishengglassco.com\/product\/rs040-700ml-750ml-1000ml-frosted-vodka-bottle-wholesale\" \/>\n<meta property=\"og:site_name\" content=\"Glass Bottle Wholesale\" \/>\n<meta property=\"article:modified_time\" content=\"2025-07-10T03:34:43+00:00\" \/>\n<meta property=\"og:image\" content=\"https:\/\/glassbottlewholesale.com\/wp-content\/uploads\/2024\/01\/1000ml-liquor-bottle2-.jpg\" \/>\n\t<meta property=\"og:image:width\" content=\"800\" \/>\n\t<meta property=\"og:image:height\" content=\"800\" \/>\n\t<meta property=\"og:image:type\" content=\"image\/jpeg\" \/>\n<meta name=\"twitter:card\" content=\"summary_large_image\" \/>\n<meta name=\"twitter:label1\" content=\"Gesch\u00e4tzte Lesezeit\" \/>\n\t<meta name=\"twitter:data1\" content=\"2\u00a0Minuten\" \/>\n<script type=\"application\/ld+json\" class=\"yoast-schema-graph\">{\"@context\":\"https:\\\/\\\/schema.org\",\"@graph\":[{\"@type\":\"WebPage\",\"@id\":\"https:\\\/\\\/glassbottlewholesale.com\\\/1000ml-frosted-vodka-bottle-wholesale\\\/\",\"url\":\"https:\\\/\\\/ruishengglassco.com\\\/product\\\/rs040-700ml-750ml-1000ml-frosted-vodka-bottle-wholesale\",\"name\":\"1000ml Frosted Vodka Bottle Wholesale | Best Vodka Bottles Suppliers\",\"isPartOf\":{\"@id\":\"https:\\\/\\\/glassbottlewholesale.com\\\/#website\"},\"primaryImageOfPage\":{\"@id\":\"https:\\\/\\\/ruishengglassco.com\\\/product\\\/rs040-700ml-750ml-1000ml-frosted-vodka-bottle-wholesale#primaryimage\"},\"image\":{\"@id\":\"https:\\\/\\\/ruishengglassco.com\\\/product\\\/rs040-700ml-750ml-1000ml-frosted-vodka-bottle-wholesale#primaryimage\"},\"thumbnailUrl\":\"https:\\\/\\\/glassbottlewholesale.com\\\/wp-content\\\/uploads\\\/2024\\\/01\\\/1000ml-liquor-bottle2-.jpg\",\"datePublished\":\"2020-08-25T07:51:35+00:00\",\"dateModified\":\"2025-07-10T03:34:43+00:00\",\"description\":\"Ruisheng, one of the best vodka bottles suppliers in China, provide 1000ml frosted vodka bottle wholesale in factory outlet price.\",\"breadcrumb\":{\"@id\":\"https:\\\/\\\/ruishengglassco.com\\\/product\\\/rs040-700ml-750ml-1000ml-frosted-vodka-bottle-wholesale#breadcrumb\"},\"inLanguage\":\"de\",\"potentialAction\":[{\"@type\":\"ReadAction\",\"target\":[\"https:\\\/\\\/ruishengglassco.com\\\/product\\\/rs040-700ml-750ml-1000ml-frosted-vodka-bottle-wholesale\"]}]},{\"@type\":\"ImageObject\",\"inLanguage\":\"de\",\"@id\":\"https:\\\/\\\/ruishengglassco.com\\\/product\\\/rs040-700ml-750ml-1000ml-frosted-vodka-bottle-wholesale#primaryimage\",\"url\":\"https:\\\/\\\/glassbottlewholesale.com\\\/wp-content\\\/uploads\\\/2024\\\/01\\\/1000ml-liquor-bottle2-.jpg\",\"contentUrl\":\"https:\\\/\\\/glassbottlewholesale.com\\\/wp-content\\\/uploads\\\/2024\\\/01\\\/1000ml-liquor-bottle2-.jpg\",\"width\":800,\"height\":800,\"caption\":\"1000ml Frosted Vodka Bottle Wholesale\"},{\"@type\":\"BreadcrumbList\",\"@id\":\"https:\\\/\\\/ruishengglassco.com\\\/product\\\/rs040-700ml-750ml-1000ml-frosted-vodka-bottle-wholesale#breadcrumb\",\"itemListElement\":[{\"@type\":\"ListItem\",\"position\":1,\"name\":\"Home\",\"item\":\"https:\\\/\\\/glassbottlewholesale.com\\\/\"},{\"@type\":\"ListItem\",\"position\":2,\"name\":\"Products\",\"item\":\"https:\\\/\\\/glassbottlewholesale.com\\\/shop\\\/\"},{\"@type\":\"ListItem\",\"position\":3,\"name\":\"RS040: 700ml 750ml 1000ml Frosted Vodka Bottle Wholesale\"}]},{\"@type\":\"WebSite\",\"@id\":\"https:\\\/\\\/glassbottlewholesale.com\\\/#website\",\"url\":\"https:\\\/\\\/glassbottlewholesale.com\\\/\",\"name\":\"Glass Bottle Wholesale\",\"description\":\"\",\"publisher\":{\"@id\":\"https:\\\/\\\/glassbottlewholesale.com\\\/#organization\"},\"potentialAction\":[{\"@type\":\"SearchAction\",\"target\":{\"@type\":\"EntryPoint\",\"urlTemplate\":\"https:\\\/\\\/glassbottlewholesale.com\\\/?s={search_term_string}\"},\"query-input\":{\"@type\":\"PropertyValueSpecification\",\"valueRequired\":true,\"valueName\":\"search_term_string\"}}],\"inLanguage\":\"de\"},{\"@type\":\"Organization\",\"@id\":\"https:\\\/\\\/glassbottlewholesale.com\\\/#organization\",\"name\":\"Glass Bottle Wholesale\",\"url\":\"https:\\\/\\\/glassbottlewholesale.com\\\/\",\"logo\":{\"@type\":\"ImageObject\",\"inLanguage\":\"de\",\"@id\":\"https:\\\/\\\/glassbottlewholesale.com\\\/#\\\/schema\\\/logo\\\/image\\\/\",\"url\":\"https:\\\/\\\/glassbottlewholesale.com\\\/wp-content\\\/uploads\\\/2023\\\/12\\\/ruisheng-logo.webp\",\"contentUrl\":\"https:\\\/\\\/glassbottlewholesale.com\\\/wp-content\\\/uploads\\\/2023\\\/12\\\/ruisheng-logo.webp\",\"width\":400,\"height\":233,\"caption\":\"Glass Bottle Wholesale\"},\"image\":{\"@id\":\"https:\\\/\\\/glassbottlewholesale.com\\\/#\\\/schema\\\/logo\\\/image\\\/\"}}]}<\/script>\n<!-- \/ Yoast SEO plugin. -->","yoast_head_json":{"title":"1000ml Frosted Vodka Bottle Wholesale | Best Vodka Bottles Suppliers","description":"Ruisheng, one of the best vodka bottles suppliers in China, provide 1000ml frosted vodka bottle wholesale in factory outlet price.","robots":{"index":"index","follow":"follow","max-snippet":"max-snippet:-1","max-image-preview":"max-image-preview:large","max-video-preview":"max-video-preview:-1"},"canonical":"https:\/\/ruishengglassco.com\/product\/rs040-700ml-750ml-1000ml-frosted-vodka-bottle-wholesale","og_locale":"de_DE","og_type":"article","og_title":"1000ml Frosted Vodka Bottle Wholesale | Best Vodka Bottles Suppliers","og_description":"Ruisheng, one of the best vodka bottles suppliers in China, provide 1000ml frosted vodka bottle wholesale in factory outlet price.","og_url":"https:\/\/ruishengglassco.com\/product\/rs040-700ml-750ml-1000ml-frosted-vodka-bottle-wholesale","og_site_name":"Glass Bottle Wholesale","article_modified_time":"2025-07-10T03:34:43+00:00","og_image":[{"width":800,"height":800,"url":"https:\/\/glassbottlewholesale.com\/wp-content\/uploads\/2024\/01\/1000ml-liquor-bottle2-.jpg","type":"image\/jpeg"}],"twitter_card":"summary_large_image","twitter_misc":{"Gesch\u00e4tzte Lesezeit":"2\u00a0Minuten"},"schema":{"@context":"https:\/\/schema.org","@graph":[{"@type":"WebPage","@id":"https:\/\/glassbottlewholesale.com\/1000ml-frosted-vodka-bottle-wholesale\/","url":"https:\/\/ruishengglassco.com\/product\/rs040-700ml-750ml-1000ml-frosted-vodka-bottle-wholesale","name":"1000ml Frosted Vodka Bottle Wholesale | Best Vodka Bottles Suppliers","isPartOf":{"@id":"https:\/\/glassbottlewholesale.com\/#website"},"primaryImageOfPage":{"@id":"https:\/\/ruishengglassco.com\/product\/rs040-700ml-750ml-1000ml-frosted-vodka-bottle-wholesale#primaryimage"},"image":{"@id":"https:\/\/ruishengglassco.com\/product\/rs040-700ml-750ml-1000ml-frosted-vodka-bottle-wholesale#primaryimage"},"thumbnailUrl":"https:\/\/glassbottlewholesale.com\/wp-content\/uploads\/2024\/01\/1000ml-liquor-bottle2-.jpg","datePublished":"2020-08-25T07:51:35+00:00","dateModified":"2025-07-10T03:34:43+00:00","description":"Ruisheng, one of the best vodka bottles suppliers in China, provide 1000ml frosted vodka bottle wholesale in factory outlet price.","breadcrumb":{"@id":"https:\/\/ruishengglassco.com\/product\/rs040-700ml-750ml-1000ml-frosted-vodka-bottle-wholesale#breadcrumb"},"inLanguage":"de","potentialAction":[{"@type":"ReadAction","target":["https:\/\/ruishengglassco.com\/product\/rs040-700ml-750ml-1000ml-frosted-vodka-bottle-wholesale"]}]},{"@type":"ImageObject","inLanguage":"de","@id":"https:\/\/ruishengglassco.com\/product\/rs040-700ml-750ml-1000ml-frosted-vodka-bottle-wholesale#primaryimage","url":"https:\/\/glassbottlewholesale.com\/wp-content\/uploads\/2024\/01\/1000ml-liquor-bottle2-.jpg","contentUrl":"https:\/\/glassbottlewholesale.com\/wp-content\/uploads\/2024\/01\/1000ml-liquor-bottle2-.jpg","width":800,"height":800,"caption":"1000ml Frosted Vodka Bottle Wholesale"},{"@type":"BreadcrumbList","@id":"https:\/\/ruishengglassco.com\/product\/rs040-700ml-750ml-1000ml-frosted-vodka-bottle-wholesale#breadcrumb","itemListElement":[{"@type":"ListItem","position":1,"name":"Home","item":"https:\/\/glassbottlewholesale.com\/"},{"@type":"ListItem","position":2,"name":"Products","item":"https:\/\/glassbottlewholesale.com\/shop\/"},{"@type":"ListItem","position":3,"name":"RS040: 700ml 750ml 1000ml Frosted Vodka Bottle Wholesale"}]},{"@type":"WebSite","@id":"https:\/\/glassbottlewholesale.com\/#website","url":"https:\/\/glassbottlewholesale.com\/","name":"Glass Bottle Wholesale","description":"","publisher":{"@id":"https:\/\/glassbottlewholesale.com\/#organization"},"potentialAction":[{"@type":"SearchAction","target":{"@type":"EntryPoint","urlTemplate":"https:\/\/glassbottlewholesale.com\/?s={search_term_string}"},"query-input":{"@type":"PropertyValueSpecification","valueRequired":true,"valueName":"search_term_string"}}],"inLanguage":"de"},{"@type":"Organization","@id":"https:\/\/glassbottlewholesale.com\/#organization","name":"Glass Bottle Wholesale","url":"https:\/\/glassbottlewholesale.com\/","logo":{"@type":"ImageObject","inLanguage":"de","@id":"https:\/\/glassbottlewholesale.com\/#\/schema\/logo\/image\/","url":"https:\/\/glassbottlewholesale.com\/wp-content\/uploads\/2023\/12\/ruisheng-logo.webp","contentUrl":"https:\/\/glassbottlewholesale.com\/wp-content\/uploads\/2023\/12\/ruisheng-logo.webp","width":400,"height":233,"caption":"Glass Bottle Wholesale"},"image":{"@id":"https:\/\/glassbottlewholesale.com\/#\/schema\/logo\/image\/"}}]}},"_links":{"self":[{"href":"https:\/\/glassbottlewholesale.com\/de\/wp-json\/wp\/v2\/product\/2250","targetHints":{"allow":["GET"]}}],"collection":[{"href":"https:\/\/glassbottlewholesale.com\/de\/wp-json\/wp\/v2\/product"}],"about":[{"href":"https:\/\/glassbottlewholesale.com\/de\/wp-json\/wp\/v2\/types\/product"}],"replies":[{"embeddable":true,"href":"https:\/\/glassbottlewholesale.com\/de\/wp-json\/wp\/v2\/comments?post=2250"}],"wp:featuredmedia":[{"embeddable":true,"href":"https:\/\/glassbottlewholesale.com\/de\/wp-json\/wp\/v2\/media\/4481"}],"wp:attachment":[{"href":"https:\/\/glassbottlewholesale.com\/de\/wp-json\/wp\/v2\/media?parent=2250"}],"wp:term":[{"taxonomy":"product_brand","embeddable":true,"href":"https:\/\/glassbottlewholesale.com\/de\/wp-json\/wp\/v2\/product_brand?post=2250"},{"taxonomy":"product_cat","embeddable":true,"href":"https:\/\/glassbottlewholesale.com\/de\/wp-json\/wp\/v2\/product_cat?post=2250"},{"taxonomy":"product_tag","embeddable":true,"href":"https:\/\/glassbottlewholesale.com\/de\/wp-json\/wp\/v2\/product_tag?post=2250"}],"curies":[{"name":"wp","href":"https:\/\/api.w.org\/{rel}","templated":true}]}}