{"id":2253,"date":"2020-08-31T01:40:52","date_gmt":"2020-08-31T01:40:52","guid":{"rendered":"https:\/\/glassbottlewholesale.com\/?post_type=product&#038;p=2253"},"modified":"2024-08-10T19:43:03","modified_gmt":"2024-08-10T19:43:03","slug":"500ml-750ml-clear-vodka-bottles","status":"publish","type":"product","link":"https:\/\/glassbottlewholesale.com\/de\/500ml-750ml-clear-vodka-bottles\/","title":{"rendered":"RS039: 500 ml 750 ml klare Wodkaflaschen"},"content":{"rendered":"<h2>Detaillierte Informationen \u00fcber 500ml 750ml klare Wodka-Flaschen Gro\u00dfhandel<\/h2>\n<p>Diese <strong>500ml 750ml klare Wodkaflaschen Gro\u00dfhandel<\/strong> k\u00f6nnen auf jede von Ihnen gew\u00fcnschte Art und Weise angepasst werden, und bei so vielen M\u00f6glichkeiten der individuellen Gestaltung wird sich Ihr Produkt mit Sicherheit von den anderen im Regal abheben. Wir bieten Aufkleber, gedruckte Logos, Gravur, Pr\u00e4gung, Glasur und Galvanisierung sowie die M\u00f6glichkeit, den Druck der Einzelhandelskartons und sogar den Stil der Korken individuell zu gestalten. Die Flaschen werden nach den h\u00f6chsten Qualit\u00e4tsstandards entworfen, um sicherzustellen, dass sie weder beim Transport zum Verkaufsort noch bei der Mitnahme durch den Kunden zu Bruch gehen. Die robuste Beschaffenheit und die M\u00f6glichkeit einer attraktiven Individualisierung dieser Spirituosenflaschen bieten Kunden, die gerne Spirituosenflaschen sammeln, die M\u00f6glichkeit, ein besonderes Interesse an Ihrem Produkt zu entwickeln, was die Wahrscheinlichkeit eines Verkaufsabschlusses erh\u00f6ht.<\/p>","protected":false},"excerpt":{"rendered":"<p>When you&#8217;re looking to get into the sale of your liquor, you&#8217;ll need the right bottles for the job. Kickstart your alcohol business with the proper containers using the 500ml 750ml Clear Vodka Bottles Wholesale. These clear glass bottles are able to hold between 500 and 750 milliliters of vodka at a time, letting you easily keep track of the amount that you fill bottles within each batch. The clarity of the wholesale vodka bottles is crystal clear, allowing your customers to easily see through the glass to the color of the liquid. The transparency allows for whatever you want the bottle to say on the front to be clearly visible, no matter how you choose to customize it.<\/p>\n<h4>Bestellinformationen \u00fcber 500ml 750ml klare Wodkaflasche Gro\u00dfhandel<\/h4>\n<ul>\n<li>Produkt Name: 500ml 750ml Extra White Flint Glas Wodka Flaschen<\/li>\n<li><span class=\"attr-name J-attr-name\" title=\"Modellnummer\">Modellnummer: <\/span>RS039<\/li>\n<li><span style=\"color: #ff0000;\"><strong><span class=\"mceItemHidden\"><span class=\"hiddenSpellError\">Mindestbestellmenge<\/span>: 10000 PCS<\/span><\/strong><\/span><\/li>\n<li>Service: Wir k\u00f6nnen alle Ihre Anforderungen erf\u00fcllen, einschlie\u00dflich Logodruck, Aufkleber, Pr\u00e4gung, Gravur, Galvanisierung, Glasur, Malerei und Sie k\u00f6nnen Druck Einzelhandelskartons und Kork Stil anpassen<\/li>\n<li>Marke: RS<\/li>\n<li>Material: Kristallwei\u00dfes Material, extrem wei\u00dfes Material<\/li>\n<li>Spezifikation: 50ml-3500ml<\/li>\n<li>Merkmal: Hohe Qualit\u00e4t, transparenter, unzerbrechlich, recycelbar<\/li>\n<li>Muster: Kostenlos, wenn Sie unsere bestehende Form verwenden.<\/li>\n<li>Norm: ISO9001:2008, ISO14001:2004<\/li>\n<li>Verpackungsmethode: Standard-Export-Verpackung oder kundenspezifische Verpackung<\/li>\n<li>Zahlungsbedingungen: T\/T, L\/C, Western Union, Paypal.<\/li>\n<li>Lieferzeit: Innerhalb von 20-30 Tagen je nach gew\u00fcnschter Gr\u00f6\u00dfe und Menge.<\/li>\n<\/ul>","protected":false},"featured_media":4412,"comment_status":"open","ping_status":"closed","template":"","meta":[],"product_brand":[],"product_cat":[50,52,63,67],"product_tag":[],"class_list":{"0":"post-2253","1":"product","2":"type-product","3":"status-publish","4":"has-post-thumbnail","6":"product_cat-500ml-glass-bottle","7":"product_cat-750ml-glass-bottle","8":"product_cat-liquor-bottle","9":"product_cat-vodka-bottle","10":"entry","11":"has-media","13":"first","14":"instock","15":"shipping-taxable","16":"product-type-simple"},"yoast_head":"<!-- This site is optimized with the Yoast SEO plugin v27.3 - https:\/\/yoast.com\/product\/yoast-seo-wordpress\/ -->\n<title>500ml 750ml Clear Vodka Bottles Wholesale | China Spirit Bottle Factory<\/title>\n<meta name=\"description\" content=\"Buy 500ml 750ml Clear Vodka Bottles Wholesale From China Spirit Bottle Factory. Factory Outlet And Save Cost.\" \/>\n<meta name=\"robots\" content=\"index, follow, max-snippet:-1, max-image-preview:large, max-video-preview:-1\" \/>\n<link rel=\"canonical\" href=\"https:\/\/ruishengglassco.com\/product\/rs039-500ml-750ml-clear-vodka-bottles\" \/>\n<meta property=\"og:locale\" content=\"de_DE\" \/>\n<meta property=\"og:type\" content=\"article\" \/>\n<meta property=\"og:title\" content=\"500ml 750ml Clear Vodka Bottles Wholesale | China Spirit Bottle Factory\" \/>\n<meta property=\"og:description\" content=\"Buy 500ml 750ml Clear Vodka Bottles Wholesale From China Spirit Bottle Factory. Factory Outlet And Save Cost.\" \/>\n<meta property=\"og:url\" content=\"https:\/\/ruishengglassco.com\/product\/rs039-500ml-750ml-clear-vodka-bottles\" \/>\n<meta property=\"og:site_name\" content=\"Glass Bottle Wholesale\" \/>\n<meta property=\"article:modified_time\" content=\"2024-08-10T19:43:03+00:00\" \/>\n<meta property=\"og:image\" content=\"https:\/\/glassbottlewholesale.com\/wp-content\/uploads\/2023\/12\/liquor-bottle-wholesale750ml-\u8d35\u65cf\u65b9\u74f6-1-1.jpg\" \/>\n\t<meta property=\"og:image:width\" content=\"800\" \/>\n\t<meta property=\"og:image:height\" content=\"800\" \/>\n\t<meta property=\"og:image:type\" content=\"image\/jpeg\" \/>\n<meta name=\"twitter:card\" content=\"summary_large_image\" \/>\n<meta name=\"twitter:label1\" content=\"Gesch\u00e4tzte Lesezeit\" \/>\n\t<meta name=\"twitter:data1\" content=\"1\u00a0Minute\" \/>\n<script type=\"application\/ld+json\" class=\"yoast-schema-graph\">{\"@context\":\"https:\\\/\\\/schema.org\",\"@graph\":[{\"@type\":\"WebPage\",\"@id\":\"https:\\\/\\\/glassbottlewholesale.com\\\/500ml-750ml-clear-vodka-bottles\\\/\",\"url\":\"https:\\\/\\\/ruishengglassco.com\\\/product\\\/rs039-500ml-750ml-clear-vodka-bottles\",\"name\":\"500ml 750ml Clear Vodka Bottles Wholesale | China Spirit Bottle Factory\",\"isPartOf\":{\"@id\":\"https:\\\/\\\/glassbottlewholesale.com\\\/#website\"},\"primaryImageOfPage\":{\"@id\":\"https:\\\/\\\/ruishengglassco.com\\\/product\\\/rs039-500ml-750ml-clear-vodka-bottles#primaryimage\"},\"image\":{\"@id\":\"https:\\\/\\\/ruishengglassco.com\\\/product\\\/rs039-500ml-750ml-clear-vodka-bottles#primaryimage\"},\"thumbnailUrl\":\"https:\\\/\\\/glassbottlewholesale.com\\\/wp-content\\\/uploads\\\/2023\\\/12\\\/liquor-bottle-wholesale750ml-\u8d35\u65cf\u65b9\u74f6-1-1.jpg\",\"datePublished\":\"2020-08-31T01:40:52+00:00\",\"dateModified\":\"2024-08-10T19:43:03+00:00\",\"description\":\"Buy 500ml 750ml Clear Vodka Bottles Wholesale From China Spirit Bottle Factory. Factory Outlet And Save Cost.\",\"breadcrumb\":{\"@id\":\"https:\\\/\\\/ruishengglassco.com\\\/product\\\/rs039-500ml-750ml-clear-vodka-bottles#breadcrumb\"},\"inLanguage\":\"de\",\"potentialAction\":[{\"@type\":\"ReadAction\",\"target\":[\"https:\\\/\\\/ruishengglassco.com\\\/product\\\/rs039-500ml-750ml-clear-vodka-bottles\"]}]},{\"@type\":\"ImageObject\",\"inLanguage\":\"de\",\"@id\":\"https:\\\/\\\/ruishengglassco.com\\\/product\\\/rs039-500ml-750ml-clear-vodka-bottles#primaryimage\",\"url\":\"https:\\\/\\\/glassbottlewholesale.com\\\/wp-content\\\/uploads\\\/2023\\\/12\\\/liquor-bottle-wholesale750ml-\u8d35\u65cf\u65b9\u74f6-1-1.jpg\",\"contentUrl\":\"https:\\\/\\\/glassbottlewholesale.com\\\/wp-content\\\/uploads\\\/2023\\\/12\\\/liquor-bottle-wholesale750ml-\u8d35\u65cf\u65b9\u74f6-1-1.jpg\",\"width\":800,\"height\":800,\"caption\":\"500ml 750ml Clear Vodka Bottles\"},{\"@type\":\"BreadcrumbList\",\"@id\":\"https:\\\/\\\/ruishengglassco.com\\\/product\\\/rs039-500ml-750ml-clear-vodka-bottles#breadcrumb\",\"itemListElement\":[{\"@type\":\"ListItem\",\"position\":1,\"name\":\"Home\",\"item\":\"https:\\\/\\\/glassbottlewholesale.com\\\/\"},{\"@type\":\"ListItem\",\"position\":2,\"name\":\"Products\",\"item\":\"https:\\\/\\\/glassbottlewholesale.com\\\/shop\\\/\"},{\"@type\":\"ListItem\",\"position\":3,\"name\":\"RS039: 500ml 750ml Clear Vodka Bottles\"}]},{\"@type\":\"WebSite\",\"@id\":\"https:\\\/\\\/glassbottlewholesale.com\\\/#website\",\"url\":\"https:\\\/\\\/glassbottlewholesale.com\\\/\",\"name\":\"Glass Bottle Wholesale\",\"description\":\"\",\"publisher\":{\"@id\":\"https:\\\/\\\/glassbottlewholesale.com\\\/#organization\"},\"potentialAction\":[{\"@type\":\"SearchAction\",\"target\":{\"@type\":\"EntryPoint\",\"urlTemplate\":\"https:\\\/\\\/glassbottlewholesale.com\\\/?s={search_term_string}\"},\"query-input\":{\"@type\":\"PropertyValueSpecification\",\"valueRequired\":true,\"valueName\":\"search_term_string\"}}],\"inLanguage\":\"de\"},{\"@type\":\"Organization\",\"@id\":\"https:\\\/\\\/glassbottlewholesale.com\\\/#organization\",\"name\":\"Glass Bottle Wholesale\",\"url\":\"https:\\\/\\\/glassbottlewholesale.com\\\/\",\"logo\":{\"@type\":\"ImageObject\",\"inLanguage\":\"de\",\"@id\":\"https:\\\/\\\/glassbottlewholesale.com\\\/#\\\/schema\\\/logo\\\/image\\\/\",\"url\":\"https:\\\/\\\/glassbottlewholesale.com\\\/wp-content\\\/uploads\\\/2023\\\/12\\\/ruisheng-logo.webp\",\"contentUrl\":\"https:\\\/\\\/glassbottlewholesale.com\\\/wp-content\\\/uploads\\\/2023\\\/12\\\/ruisheng-logo.webp\",\"width\":400,\"height\":233,\"caption\":\"Glass Bottle Wholesale\"},\"image\":{\"@id\":\"https:\\\/\\\/glassbottlewholesale.com\\\/#\\\/schema\\\/logo\\\/image\\\/\"}}]}<\/script>\n<!-- \/ Yoast SEO plugin. -->","yoast_head_json":{"title":"500ml 750ml Clear Vodka Bottles Wholesale | China Spirit Bottle Factory","description":"Buy 500ml 750ml Clear Vodka Bottles Wholesale From China Spirit Bottle Factory. Factory Outlet And Save Cost.","robots":{"index":"index","follow":"follow","max-snippet":"max-snippet:-1","max-image-preview":"max-image-preview:large","max-video-preview":"max-video-preview:-1"},"canonical":"https:\/\/ruishengglassco.com\/product\/rs039-500ml-750ml-clear-vodka-bottles","og_locale":"de_DE","og_type":"article","og_title":"500ml 750ml Clear Vodka Bottles Wholesale | China Spirit Bottle Factory","og_description":"Buy 500ml 750ml Clear Vodka Bottles Wholesale From China Spirit Bottle Factory. Factory Outlet And Save Cost.","og_url":"https:\/\/ruishengglassco.com\/product\/rs039-500ml-750ml-clear-vodka-bottles","og_site_name":"Glass Bottle Wholesale","article_modified_time":"2024-08-10T19:43:03+00:00","og_image":[{"width":800,"height":800,"url":"https:\/\/glassbottlewholesale.com\/wp-content\/uploads\/2023\/12\/liquor-bottle-wholesale750ml-\u8d35\u65cf\u65b9\u74f6-1-1.jpg","type":"image\/jpeg"}],"twitter_card":"summary_large_image","twitter_misc":{"Gesch\u00e4tzte Lesezeit":"1\u00a0Minute"},"schema":{"@context":"https:\/\/schema.org","@graph":[{"@type":"WebPage","@id":"https:\/\/glassbottlewholesale.com\/500ml-750ml-clear-vodka-bottles\/","url":"https:\/\/ruishengglassco.com\/product\/rs039-500ml-750ml-clear-vodka-bottles","name":"500ml 750ml Clear Vodka Bottles Wholesale | China Spirit Bottle Factory","isPartOf":{"@id":"https:\/\/glassbottlewholesale.com\/#website"},"primaryImageOfPage":{"@id":"https:\/\/ruishengglassco.com\/product\/rs039-500ml-750ml-clear-vodka-bottles#primaryimage"},"image":{"@id":"https:\/\/ruishengglassco.com\/product\/rs039-500ml-750ml-clear-vodka-bottles#primaryimage"},"thumbnailUrl":"https:\/\/glassbottlewholesale.com\/wp-content\/uploads\/2023\/12\/liquor-bottle-wholesale750ml-\u8d35\u65cf\u65b9\u74f6-1-1.jpg","datePublished":"2020-08-31T01:40:52+00:00","dateModified":"2024-08-10T19:43:03+00:00","description":"Buy 500ml 750ml Clear Vodka Bottles Wholesale From China Spirit Bottle Factory. Factory Outlet And Save Cost.","breadcrumb":{"@id":"https:\/\/ruishengglassco.com\/product\/rs039-500ml-750ml-clear-vodka-bottles#breadcrumb"},"inLanguage":"de","potentialAction":[{"@type":"ReadAction","target":["https:\/\/ruishengglassco.com\/product\/rs039-500ml-750ml-clear-vodka-bottles"]}]},{"@type":"ImageObject","inLanguage":"de","@id":"https:\/\/ruishengglassco.com\/product\/rs039-500ml-750ml-clear-vodka-bottles#primaryimage","url":"https:\/\/glassbottlewholesale.com\/wp-content\/uploads\/2023\/12\/liquor-bottle-wholesale750ml-\u8d35\u65cf\u65b9\u74f6-1-1.jpg","contentUrl":"https:\/\/glassbottlewholesale.com\/wp-content\/uploads\/2023\/12\/liquor-bottle-wholesale750ml-\u8d35\u65cf\u65b9\u74f6-1-1.jpg","width":800,"height":800,"caption":"500ml 750ml Clear Vodka Bottles"},{"@type":"BreadcrumbList","@id":"https:\/\/ruishengglassco.com\/product\/rs039-500ml-750ml-clear-vodka-bottles#breadcrumb","itemListElement":[{"@type":"ListItem","position":1,"name":"Home","item":"https:\/\/glassbottlewholesale.com\/"},{"@type":"ListItem","position":2,"name":"Products","item":"https:\/\/glassbottlewholesale.com\/shop\/"},{"@type":"ListItem","position":3,"name":"RS039: 500ml 750ml Clear Vodka Bottles"}]},{"@type":"WebSite","@id":"https:\/\/glassbottlewholesale.com\/#website","url":"https:\/\/glassbottlewholesale.com\/","name":"Glass Bottle Wholesale","description":"","publisher":{"@id":"https:\/\/glassbottlewholesale.com\/#organization"},"potentialAction":[{"@type":"SearchAction","target":{"@type":"EntryPoint","urlTemplate":"https:\/\/glassbottlewholesale.com\/?s={search_term_string}"},"query-input":{"@type":"PropertyValueSpecification","valueRequired":true,"valueName":"search_term_string"}}],"inLanguage":"de"},{"@type":"Organization","@id":"https:\/\/glassbottlewholesale.com\/#organization","name":"Glass Bottle Wholesale","url":"https:\/\/glassbottlewholesale.com\/","logo":{"@type":"ImageObject","inLanguage":"de","@id":"https:\/\/glassbottlewholesale.com\/#\/schema\/logo\/image\/","url":"https:\/\/glassbottlewholesale.com\/wp-content\/uploads\/2023\/12\/ruisheng-logo.webp","contentUrl":"https:\/\/glassbottlewholesale.com\/wp-content\/uploads\/2023\/12\/ruisheng-logo.webp","width":400,"height":233,"caption":"Glass Bottle Wholesale"},"image":{"@id":"https:\/\/glassbottlewholesale.com\/#\/schema\/logo\/image\/"}}]}},"_links":{"self":[{"href":"https:\/\/glassbottlewholesale.com\/de\/wp-json\/wp\/v2\/product\/2253","targetHints":{"allow":["GET"]}}],"collection":[{"href":"https:\/\/glassbottlewholesale.com\/de\/wp-json\/wp\/v2\/product"}],"about":[{"href":"https:\/\/glassbottlewholesale.com\/de\/wp-json\/wp\/v2\/types\/product"}],"replies":[{"embeddable":true,"href":"https:\/\/glassbottlewholesale.com\/de\/wp-json\/wp\/v2\/comments?post=2253"}],"wp:featuredmedia":[{"embeddable":true,"href":"https:\/\/glassbottlewholesale.com\/de\/wp-json\/wp\/v2\/media\/4412"}],"wp:attachment":[{"href":"https:\/\/glassbottlewholesale.com\/de\/wp-json\/wp\/v2\/media?parent=2253"}],"wp:term":[{"taxonomy":"product_brand","embeddable":true,"href":"https:\/\/glassbottlewholesale.com\/de\/wp-json\/wp\/v2\/product_brand?post=2253"},{"taxonomy":"product_cat","embeddable":true,"href":"https:\/\/glassbottlewholesale.com\/de\/wp-json\/wp\/v2\/product_cat?post=2253"},{"taxonomy":"product_tag","embeddable":true,"href":"https:\/\/glassbottlewholesale.com\/de\/wp-json\/wp\/v2\/product_tag?post=2253"}],"curies":[{"name":"wp","href":"https:\/\/api.w.org\/{rel}","templated":true}]}}