{"id":2414,"date":"2020-12-08T06:41:53","date_gmt":"2020-12-08T06:41:53","guid":{"rendered":"https:\/\/glassbottlewholesale.com\/?post_type=product&#038;p=2414"},"modified":"2025-07-10T02:44:50","modified_gmt":"2025-07-10T02:44:50","slug":"700ml-750ml-runde-leere-whiskeyflaschen","status":"publish","type":"product","link":"https:\/\/glassbottlewholesale.com\/de\/700ml-750ml-runde-leere-whiskeyflaschen\/","title":{"rendered":"RS025 700ml\/750ml Runde leere Whiskyflaschen"},"content":{"rendered":"<div class=\"wpb-content-wrapper\"><div class=\"vc_row wpb_row vc_row-fluid\"><div class=\"wpb_column vc_column_container vc_col-sm-12\"><div class=\"vc_column-inner\"><div class=\"wpb_wrapper\">\n\t<div class=\"wpb_text_column wpb_content_element\" >\n\t\t<div class=\"wpb_wrapper\">\n\t\t\t<h4>Detaillierte Informationen \u00fcber 700ml\/750ml Runde leere Whiskey-Flaschen Gro\u00dfhandel<\/h4>\n<p>Diese Serie 700ml\/750ml runden leeren Whiskey-Flaschen Gro\u00dfhandel, die Annahme hochwertiger Glas-Material zur Herstellung, besonders geeignet f\u00fcr Whiskey, Schnaps, Wodka Verpackung. Die transparente Flasche K\u00f6rper zeigt perfekt die Qualit\u00e4t und Farbe des Geistes.<\/p>\n<p>Als eine prim\u00e4re Whiskey-Flasche Hersteller, bieten wir nur Gro\u00dfhandel Whiskey Glasflasche Gesch\u00e4ft. Nat\u00fcrlich, als ein professionelles Team, werden wir bieten <a href=\"https:\/\/glassbottlewholesale.com\/de\/benutzerdefinierte-glasflaschen\/\">Whiskeyflaschen-Design<\/a> Dienstleistung. OEM\/ODM-Service verf\u00fcgbar.<\/p>\n<p><strong>Schnelle Details<\/strong><\/p>\n<ul>\n<li>Oberfl\u00e4chenbehandlung:\uff1aDecal<\/li>\n<li>Industrielle Nutzung: Getr\u00e4nke<\/li>\n<li>Material der Basis: Superflintglas<\/li>\n<li>Material des Geh\u00e4uses: Superflintglas<\/li>\n<li>Material des Halsbandes: Superflintglas<\/li>\n<li>Dichtungsart: Kork<\/li>\n<li>Verwendung: Whiskey\/Brandy<\/li>\n<li>Herkunftsort: Shandong, China<\/li>\n<li>Markenname: Ruisheng<\/li>\n<li>Produktname: 50ml Whisky leer Extra Flint Vodka Premium runde Spirituose Glasflasche<\/li>\n<li>Fassungsverm\u00f6gen: 100-1000ml \/ kundenspezifisch<\/li>\n<li>Zertifizierung: ISO9001<\/li>\n<li>Verpacken: Karton\/Palette\/Sonderanfertigung<\/li>\n<li>Stichwort: Whiskey-Flasche, Glas Whiskey-Flasche, leere Whiskey-Flasche, runde Whisky-Flasche<\/li>\n<li>Dienstleistung: OEM \/ODM<\/li>\n<li>Muster: Kostenloses Muster zur Verf\u00fcgung gestellt<\/li>\n<li>Lieferzeiten: In der Regel 25-30 Arbeitstage<\/li>\n<\/ul>\n<p>&nbsp;<\/p>\n\n\t\t<\/div>\n\t<\/div>\n<\/div><\/div><\/div><\/div>\n<\/div>","protected":false},"excerpt":{"rendered":"<p>Sind Sie auf der Suche nach leeren Whiskey-Flaschen f\u00fcr Ihre Marke? Ruisheng Glasflasche, ein professioneller Glas Lik\u00f6r Flasche Hersteller, bieten 700ml\/750ml Runde leere Whiskey-Flaschen f\u00fcr Whiskey-Marken, Unternehmen, Glasflasche Lieferanten, Gro\u00dfh\u00e4ndler, H\u00e4ndler, und etc.<\/p>\n<h4>Bestellinformationen \u00fcber 700ml\/750ml runde, leere Whiskeyflaschen<\/h4>\n<ul>\n<li>Modell Name: 700ml\/750ml Runde leere Whiskey-Flaschen<\/li>\n<li>Modell-Nummer: RS025<\/li>\n<li>Markenname: RUISHENG<\/li>\n<li><strong>Mindestbestellmenge: 10.000 St\u00fcck<\/strong><\/li>\n<li>Fassungsverm\u00f6gen: 700ML\/750ml\/angepasst<\/li>\n<li>Oberfl\u00e4chenbehandlung: Hei\u00dfpr\u00e4gung, Frost, Abziehbild, Pr\u00e4gung, Siebdruck<\/li>\n<li>Material: Super-Flintglas<\/li>\n<li>Kragenmaterial: Klare Glasflasche<\/li>\n<li>Verschlusstyp: Schraubverschluss, Kork, Glasverschluss, Twist-off-Verschluss<\/li>\n<li>Verwendung: Whiskeyflasche<\/li>\n<li>Herkunftsort: Shandong, China<\/li>\n<li>Paket: Standard-Exportkartons und Paletten<\/li>\n<li>Bedienung: OEM\/ODM-Dienst<\/li>\n<\/ul>\n<p>Wenn Sie den Gro\u00dfhandelspreis f\u00fcr Whiskeyflaschen erhalten m\u00f6chten,\u00a0 <a href=\"https:\/\/glassbottlewholesale.com\/de\/contact\/\">klicken Sie hier<\/a> zur Kontaktaufnahme<\/p>","protected":false},"featured_media":4489,"comment_status":"open","ping_status":"closed","template":"","meta":[],"product_brand":[],"product_cat":[51,52,68],"product_tag":[],"class_list":{"0":"post-2414","1":"product","2":"type-product","3":"status-publish","4":"has-post-thumbnail","6":"product_cat-700ml-glass-bottle","7":"product_cat-750ml-glass-bottle","8":"product_cat-whiskey-bottle","9":"entry","10":"has-media","12":"first","13":"instock","14":"shipping-taxable","15":"product-type-simple"},"yoast_head":"<!-- This site is optimized with the Yoast SEO plugin v27.3 - https:\/\/yoast.com\/product\/yoast-seo-wordpress\/ -->\n<title>700ml\/750ml Round Empty Whiskey Bottle Wholesale<\/title>\n<meta name=\"description\" content=\"Do you want to buy Whsikey Bottle in Bulk for Your Brand? Ruisheng, a professional liquor bottle manufacturer, provide 700ml\/750ml Round Empty Whiskey Bottle Wholesale.\" \/>\n<meta name=\"robots\" content=\"index, follow, max-snippet:-1, max-image-preview:large, max-video-preview:-1\" \/>\n<link rel=\"canonical\" href=\"https:\/\/ruishengglassco.com\/product\/rs025-700ml-750ml-round-empty-whiskey-bottles\" \/>\n<meta property=\"og:locale\" content=\"de_DE\" \/>\n<meta property=\"og:type\" content=\"article\" \/>\n<meta property=\"og:title\" content=\"700ml\/750ml Round Empty Whiskey Bottle Wholesale\" \/>\n<meta property=\"og:description\" content=\"Do you want to buy Whsikey Bottle in Bulk for Your Brand? Ruisheng, a professional liquor bottle manufacturer, provide 700ml\/750ml Round Empty Whiskey Bottle Wholesale.\" \/>\n<meta property=\"og:url\" content=\"https:\/\/ruishengglassco.com\/product\/rs025-700ml-750ml-round-empty-whiskey-bottles\" \/>\n<meta property=\"og:site_name\" content=\"Glass Bottle Wholesale\" \/>\n<meta property=\"article:modified_time\" content=\"2025-07-10T02:44:50+00:00\" \/>\n<meta property=\"og:image\" content=\"https:\/\/glassbottlewholesale.com\/wp-content\/uploads\/2024\/01\/rs104-1.jpg\" \/>\n\t<meta property=\"og:image:width\" content=\"800\" \/>\n\t<meta property=\"og:image:height\" content=\"800\" \/>\n\t<meta property=\"og:image:type\" content=\"image\/jpeg\" \/>\n<meta name=\"twitter:card\" content=\"summary_large_image\" \/>\n<meta name=\"twitter:label1\" content=\"Gesch\u00e4tzte Lesezeit\" \/>\n\t<meta name=\"twitter:data1\" content=\"1\u00a0Minute\" \/>\n<script type=\"application\/ld+json\" class=\"yoast-schema-graph\">{\"@context\":\"https:\\\/\\\/schema.org\",\"@graph\":[{\"@type\":\"WebPage\",\"@id\":\"https:\\\/\\\/glassbottlewholesale.com\\\/700ml-750ml-round-empty-whiskey-bottles\\\/\",\"url\":\"https:\\\/\\\/ruishengglassco.com\\\/product\\\/rs025-700ml-750ml-round-empty-whiskey-bottles\",\"name\":\"700ml\\\/750ml Round Empty Whiskey Bottle Wholesale\",\"isPartOf\":{\"@id\":\"https:\\\/\\\/glassbottlewholesale.com\\\/#website\"},\"primaryImageOfPage\":{\"@id\":\"https:\\\/\\\/ruishengglassco.com\\\/product\\\/rs025-700ml-750ml-round-empty-whiskey-bottles#primaryimage\"},\"image\":{\"@id\":\"https:\\\/\\\/ruishengglassco.com\\\/product\\\/rs025-700ml-750ml-round-empty-whiskey-bottles#primaryimage\"},\"thumbnailUrl\":\"https:\\\/\\\/glassbottlewholesale.com\\\/wp-content\\\/uploads\\\/2024\\\/01\\\/rs104-1.jpg\",\"datePublished\":\"2020-12-08T06:41:53+00:00\",\"dateModified\":\"2025-07-10T02:44:50+00:00\",\"description\":\"Do you want to buy Whsikey Bottle in Bulk for Your Brand? Ruisheng, a professional liquor bottle manufacturer, provide 700ml\\\/750ml Round Empty Whiskey Bottle Wholesale.\",\"breadcrumb\":{\"@id\":\"https:\\\/\\\/ruishengglassco.com\\\/product\\\/rs025-700ml-750ml-round-empty-whiskey-bottles#breadcrumb\"},\"inLanguage\":\"de\",\"potentialAction\":[{\"@type\":\"ReadAction\",\"target\":[\"https:\\\/\\\/ruishengglassco.com\\\/product\\\/rs025-700ml-750ml-round-empty-whiskey-bottles\"]}]},{\"@type\":\"ImageObject\",\"inLanguage\":\"de\",\"@id\":\"https:\\\/\\\/ruishengglassco.com\\\/product\\\/rs025-700ml-750ml-round-empty-whiskey-bottles#primaryimage\",\"url\":\"https:\\\/\\\/glassbottlewholesale.com\\\/wp-content\\\/uploads\\\/2024\\\/01\\\/rs104-1.jpg\",\"contentUrl\":\"https:\\\/\\\/glassbottlewholesale.com\\\/wp-content\\\/uploads\\\/2024\\\/01\\\/rs104-1.jpg\",\"width\":800,\"height\":800,\"caption\":\"RS104: Bulk Glass Liquor Bottles With Corks Wholesale\"},{\"@type\":\"BreadcrumbList\",\"@id\":\"https:\\\/\\\/ruishengglassco.com\\\/product\\\/rs025-700ml-750ml-round-empty-whiskey-bottles#breadcrumb\",\"itemListElement\":[{\"@type\":\"ListItem\",\"position\":1,\"name\":\"Home\",\"item\":\"https:\\\/\\\/glassbottlewholesale.com\\\/\"},{\"@type\":\"ListItem\",\"position\":2,\"name\":\"Products\",\"item\":\"https:\\\/\\\/glassbottlewholesale.com\\\/shop\\\/\"},{\"@type\":\"ListItem\",\"position\":3,\"name\":\"RS025 700ml\\\/750ml Round Empty Whiskey Bottles\"}]},{\"@type\":\"WebSite\",\"@id\":\"https:\\\/\\\/glassbottlewholesale.com\\\/#website\",\"url\":\"https:\\\/\\\/glassbottlewholesale.com\\\/\",\"name\":\"Glass Bottle Wholesale\",\"description\":\"\",\"publisher\":{\"@id\":\"https:\\\/\\\/glassbottlewholesale.com\\\/#organization\"},\"potentialAction\":[{\"@type\":\"SearchAction\",\"target\":{\"@type\":\"EntryPoint\",\"urlTemplate\":\"https:\\\/\\\/glassbottlewholesale.com\\\/?s={search_term_string}\"},\"query-input\":{\"@type\":\"PropertyValueSpecification\",\"valueRequired\":true,\"valueName\":\"search_term_string\"}}],\"inLanguage\":\"de\"},{\"@type\":\"Organization\",\"@id\":\"https:\\\/\\\/glassbottlewholesale.com\\\/#organization\",\"name\":\"Glass Bottle Wholesale\",\"url\":\"https:\\\/\\\/glassbottlewholesale.com\\\/\",\"logo\":{\"@type\":\"ImageObject\",\"inLanguage\":\"de\",\"@id\":\"https:\\\/\\\/glassbottlewholesale.com\\\/#\\\/schema\\\/logo\\\/image\\\/\",\"url\":\"https:\\\/\\\/glassbottlewholesale.com\\\/wp-content\\\/uploads\\\/2023\\\/12\\\/ruisheng-logo.webp\",\"contentUrl\":\"https:\\\/\\\/glassbottlewholesale.com\\\/wp-content\\\/uploads\\\/2023\\\/12\\\/ruisheng-logo.webp\",\"width\":400,\"height\":233,\"caption\":\"Glass Bottle Wholesale\"},\"image\":{\"@id\":\"https:\\\/\\\/glassbottlewholesale.com\\\/#\\\/schema\\\/logo\\\/image\\\/\"}}]}<\/script>\n<!-- \/ Yoast SEO plugin. -->","yoast_head_json":{"title":"700ml\/750ml Runde leere Whiskey-Flasche Gro\u00dfhandel","description":"M\u00f6chten Sie Whsikey Flasche in Bulk f\u00fcr Ihre Marke kaufen? Ruisheng, ein professioneller Lik\u00f6r-Flasche Hersteller, bieten 700ml\/750ml Runde leere Whiskey-Flasche Gro\u00dfhandel.","robots":{"index":"index","follow":"follow","max-snippet":"max-snippet:-1","max-image-preview":"max-image-preview:large","max-video-preview":"max-video-preview:-1"},"canonical":"https:\/\/ruishengglassco.com\/product\/rs025-700ml-750ml-round-empty-whiskey-bottles","og_locale":"de_DE","og_type":"article","og_title":"700ml\/750ml Round Empty Whiskey Bottle Wholesale","og_description":"Do you want to buy Whsikey Bottle in Bulk for Your Brand? Ruisheng, a professional liquor bottle manufacturer, provide 700ml\/750ml Round Empty Whiskey Bottle Wholesale.","og_url":"https:\/\/ruishengglassco.com\/product\/rs025-700ml-750ml-round-empty-whiskey-bottles","og_site_name":"Glass Bottle Wholesale","article_modified_time":"2025-07-10T02:44:50+00:00","og_image":[{"width":800,"height":800,"url":"https:\/\/glassbottlewholesale.com\/wp-content\/uploads\/2024\/01\/rs104-1.jpg","type":"image\/jpeg"}],"twitter_card":"summary_large_image","twitter_misc":{"Gesch\u00e4tzte Lesezeit":"1\u00a0Minute"},"schema":{"@context":"https:\/\/schema.org","@graph":[{"@type":"WebPage","@id":"https:\/\/glassbottlewholesale.com\/700ml-750ml-round-empty-whiskey-bottles\/","url":"https:\/\/ruishengglassco.com\/product\/rs025-700ml-750ml-round-empty-whiskey-bottles","name":"700ml\/750ml Runde leere Whiskey-Flasche Gro\u00dfhandel","isPartOf":{"@id":"https:\/\/glassbottlewholesale.com\/#website"},"primaryImageOfPage":{"@id":"https:\/\/ruishengglassco.com\/product\/rs025-700ml-750ml-round-empty-whiskey-bottles#primaryimage"},"image":{"@id":"https:\/\/ruishengglassco.com\/product\/rs025-700ml-750ml-round-empty-whiskey-bottles#primaryimage"},"thumbnailUrl":"https:\/\/glassbottlewholesale.com\/wp-content\/uploads\/2024\/01\/rs104-1.jpg","datePublished":"2020-12-08T06:41:53+00:00","dateModified":"2025-07-10T02:44:50+00:00","description":"M\u00f6chten Sie Whsikey Flasche in Bulk f\u00fcr Ihre Marke kaufen? Ruisheng, ein professioneller Lik\u00f6r-Flasche Hersteller, bieten 700ml\/750ml Runde leere Whiskey-Flasche Gro\u00dfhandel.","breadcrumb":{"@id":"https:\/\/ruishengglassco.com\/product\/rs025-700ml-750ml-round-empty-whiskey-bottles#breadcrumb"},"inLanguage":"de","potentialAction":[{"@type":"ReadAction","target":["https:\/\/ruishengglassco.com\/product\/rs025-700ml-750ml-round-empty-whiskey-bottles"]}]},{"@type":"ImageObject","inLanguage":"de","@id":"https:\/\/ruishengglassco.com\/product\/rs025-700ml-750ml-round-empty-whiskey-bottles#primaryimage","url":"https:\/\/glassbottlewholesale.com\/wp-content\/uploads\/2024\/01\/rs104-1.jpg","contentUrl":"https:\/\/glassbottlewholesale.com\/wp-content\/uploads\/2024\/01\/rs104-1.jpg","width":800,"height":800,"caption":"RS104: Bulk Glass Liquor Bottles With Corks Wholesale"},{"@type":"BreadcrumbList","@id":"https:\/\/ruishengglassco.com\/product\/rs025-700ml-750ml-round-empty-whiskey-bottles#breadcrumb","itemListElement":[{"@type":"ListItem","position":1,"name":"Home","item":"https:\/\/glassbottlewholesale.com\/"},{"@type":"ListItem","position":2,"name":"Products","item":"https:\/\/glassbottlewholesale.com\/shop\/"},{"@type":"ListItem","position":3,"name":"RS025 700ml\/750ml Round Empty Whiskey Bottles"}]},{"@type":"WebSite","@id":"https:\/\/glassbottlewholesale.com\/#website","url":"https:\/\/glassbottlewholesale.com\/","name":"Glass Bottle Wholesale","description":"","publisher":{"@id":"https:\/\/glassbottlewholesale.com\/#organization"},"potentialAction":[{"@type":"SearchAction","target":{"@type":"EntryPoint","urlTemplate":"https:\/\/glassbottlewholesale.com\/?s={search_term_string}"},"query-input":{"@type":"PropertyValueSpecification","valueRequired":true,"valueName":"search_term_string"}}],"inLanguage":"de"},{"@type":"Organization","@id":"https:\/\/glassbottlewholesale.com\/#organization","name":"Glass Bottle Wholesale","url":"https:\/\/glassbottlewholesale.com\/","logo":{"@type":"ImageObject","inLanguage":"de","@id":"https:\/\/glassbottlewholesale.com\/#\/schema\/logo\/image\/","url":"https:\/\/glassbottlewholesale.com\/wp-content\/uploads\/2023\/12\/ruisheng-logo.webp","contentUrl":"https:\/\/glassbottlewholesale.com\/wp-content\/uploads\/2023\/12\/ruisheng-logo.webp","width":400,"height":233,"caption":"Glass Bottle Wholesale"},"image":{"@id":"https:\/\/glassbottlewholesale.com\/#\/schema\/logo\/image\/"}}]}},"_links":{"self":[{"href":"https:\/\/glassbottlewholesale.com\/de\/wp-json\/wp\/v2\/product\/2414","targetHints":{"allow":["GET"]}}],"collection":[{"href":"https:\/\/glassbottlewholesale.com\/de\/wp-json\/wp\/v2\/product"}],"about":[{"href":"https:\/\/glassbottlewholesale.com\/de\/wp-json\/wp\/v2\/types\/product"}],"replies":[{"embeddable":true,"href":"https:\/\/glassbottlewholesale.com\/de\/wp-json\/wp\/v2\/comments?post=2414"}],"wp:featuredmedia":[{"embeddable":true,"href":"https:\/\/glassbottlewholesale.com\/de\/wp-json\/wp\/v2\/media\/4489"}],"wp:attachment":[{"href":"https:\/\/glassbottlewholesale.com\/de\/wp-json\/wp\/v2\/media?parent=2414"}],"wp:term":[{"taxonomy":"product_brand","embeddable":true,"href":"https:\/\/glassbottlewholesale.com\/de\/wp-json\/wp\/v2\/product_brand?post=2414"},{"taxonomy":"product_cat","embeddable":true,"href":"https:\/\/glassbottlewholesale.com\/de\/wp-json\/wp\/v2\/product_cat?post=2414"},{"taxonomy":"product_tag","embeddable":true,"href":"https:\/\/glassbottlewholesale.com\/de\/wp-json\/wp\/v2\/product_tag?post=2414"}],"curies":[{"name":"wp","href":"https:\/\/api.w.org\/{rel}","templated":true}]}}