{"id":2451,"date":"2021-01-26T03:27:47","date_gmt":"2021-01-26T03:27:47","guid":{"rendered":"https:\/\/glassbottlewholesale.com\/?post_type=product&#038;p=2451"},"modified":"2026-01-26T05:20:09","modified_gmt":"2026-01-26T05:20:09","slug":"500ml-700ml-750ml-old-design-whisky-bottles-wholesale","status":"publish","type":"product","link":"https:\/\/glassbottlewholesale.com\/de\/500ml-700ml-750ml-old-design-whisky-bottles-wholesale\/","title":{"rendered":"RE024 500ml\/700ml\/750ml Whiskyflaschen im alten Design Gro\u00dfhandel"},"content":{"rendered":"<div class=\"wpb-content-wrapper\"><div class=\"vc_row wpb_row vc_row-fluid\"><div class=\"wpb_column vc_column_container vc_col-sm-12\"><div class=\"vc_column-inner\"><div class=\"wpb_wrapper\">\n\t<div class=\"wpb_text_column wpb_content_element\" >\n\t\t<div class=\"wpb_wrapper\">\n\t\t\t<h3>Detaillierte Informationen \u00fcber 500ml\/700ml\/750ml alte Whiskyflaschen Gro\u00dfhandel<\/h3>\n<p><a href=\"https:\/\/ruishengglassco.com\/about\">Ruisheng,<\/a> ein professioneller Hersteller und Lieferant von Whiskey-Flaschen, ist seit \u00fcber 10 Jahren im Gro\u00dfhandel und in der Herstellung von Whiskey-Flaschen t\u00e4tig. Wir haben die weltweit fortschrittlichste vollautomatische Produktionslinie f\u00fcr Whiskeyflaschen. Die hergestellten Produkte haben eine hohe Aufl\u00f6sung und sind nicht leicht zu besch\u00e4digen. Die Tagesproduktion kann bis zu 200.000 St\u00fcck erreichen, so dass die von den Kunden ben\u00f6tigten Whiskyflaschen in k\u00fcrzester Zeit hergestellt werden k\u00f6nnen. Als Flaschenproduktionsfabrik bieten wir OEM\/ODM-Anpassungsservice, Sie m\u00fcssen nur das Designmuster und das Markenlogo zur Verf\u00fcgung stellen, wir k\u00f6nnen Ihnen helfen, die Whiskeyflasche zu produzieren, um die Anforderungen zu erf\u00fcllen.<\/p>\n<h4>Kundenbelange<\/h4>\n<ol>\n<li><strong>Die MOQ von The Whiskey Bottle<\/strong><\/li>\n<\/ol>\n<p>Als professioneller Hersteller von Whiskey-Flaschen bieten wir nur den Gro\u00dfhandel mit Whiskey-Flaschen an, nicht den Einzelhandel. Im Hinblick auf unseren Kundenstamm, Verpackung, Versand und andere Faktoren, unsere <strong>MOQ ist <span class=\"mceItemHidden\">10000 PCS\uff08Rund 20000 St\u00fcck)<\/span><\/strong><\/p>\n<p><strong>2. \u00dcber die Verpackung<\/strong><\/p>\n<p>Wie wir alle wissen, sind Weinflaschen zerbrechliche Waren, so dass wir auf die Verpackung achten m\u00fcssen. Wir verwenden sichere Verpackung, wie innere Box Bulk-Verpackung \/ Farbe Box \/ wei\u00dfe Box \/ Display-Box \/ Standard-Export-Palette auf Anfrage des Kunden.<\/p>\n<p><strong>3. \u00dcber Lieferzeiten<\/strong><\/p>\n<ul>\n<li>F\u00fcr fertige Ware: 7 Tage nach Zahlungseingang.<\/li>\n<li>F\u00fcr Produkte, die nicht auf Lager sind: 25 ~ 40 Tage nach Zahlungseingang.<\/li>\n<\/ul>\n<p>&nbsp;<\/p>\n\n\t\t<\/div>\n\t<\/div>\n<\/div><\/div><\/div><\/div>\n<\/div>","protected":false},"excerpt":{"rendered":"<p>Ruisheng, einer der besten Whiskey-Flaschen Hersteller in China, bieten alte Whiskey-Flaschen Gro\u00dfhandel aus China. Professionelle Whisky-Flasche Hersteller mit \u00fcber 10 Jahren Erfahrung in der Herstellung. Bietet qualitativ hochwertige Whisky-Flaschen f\u00fcr Marke, Unternehmen, Glasflasche Gro\u00dfh\u00e4ndler und H\u00e4ndler.<\/p>\n<ul>\n<li>Artikel: Altes Design Whiskey-Flasche Gro\u00dfhandel<\/li>\n<li>Nr.:RS024<\/li>\n<li><strong>Mindestbestellmenge: 10.000 St\u00fcck<\/strong><\/li>\n<li>Material: Superflintglas<\/li>\n<li>Angebotener OEM\/ODM-Service<\/li>\n<li>Verschlusstyp: Korkverschluss\/Schraubverschluss<\/li>\n<li>Spezifikation: 50ml-1500ml<\/li>\n<li>Verpackungsmethode: Standard-Export-Verpackung oder kundenspezifische Verpackung<\/li>\n<li>Delivery Time :Within 20-30 days according to your required size &amp; quantity.<\/li>\n<\/ul>\n<p>Wenn Sie sich f\u00fcr unsere alten Whiskeyflaschen im Gro\u00dfhandel interessieren, <a href=\"https:\/\/glassbottlewholesale.com\/de\/contact\/\">klicken Sie hier<\/a> um ein Angebot zu erhalten.<\/p>","protected":false},"featured_media":4781,"comment_status":"open","ping_status":"closed","template":"","meta":[],"product_brand":[],"product_cat":[50,51,52,63,68],"product_tag":[],"class_list":{"0":"post-2451","1":"product","2":"type-product","3":"status-publish","4":"has-post-thumbnail","6":"product_cat-500ml-glass-bottle","7":"product_cat-700ml-glass-bottle","8":"product_cat-750ml-glass-bottle","9":"product_cat-liquor-bottle","10":"product_cat-whiskey-bottle","11":"entry","12":"has-media","14":"first","15":"instock","16":"shipping-taxable","17":"product-type-simple"},"yoast_head":"<!-- This site is optimized with the Yoast SEO plugin v27.3 - https:\/\/yoast.com\/product\/yoast-seo-wordpress\/ -->\n<title>Old Whisky Bottles Wholesale | Best Whiskey Bottles Manufacturer<\/title>\n<meta name=\"description\" content=\"Want to buy Old Whisky Bottles Wholesale? Click here to get whisky bottle from best whiskey bottles manufacturer China.\" \/>\n<meta name=\"robots\" content=\"index, follow, max-snippet:-1, max-image-preview:large, max-video-preview:-1\" \/>\n<link rel=\"canonical\" href=\"https:\/\/ruishengglassco.com\/re024-500ml-700ml-750ml-old-design-whisky-bottles-manufacturers\" \/>\n<meta property=\"og:locale\" content=\"de_DE\" \/>\n<meta property=\"og:type\" content=\"article\" \/>\n<meta property=\"og:title\" content=\"Old Whisky Bottles Wholesale | Best Whiskey Bottles Manufacturer\" \/>\n<meta property=\"og:description\" content=\"Want to buy Old Whisky Bottles Wholesale? Click here to get whisky bottle from best whiskey bottles manufacturer China.\" \/>\n<meta property=\"og:url\" content=\"https:\/\/ruishengglassco.com\/re024-500ml-700ml-750ml-old-design-whisky-bottles-manufacturers\" \/>\n<meta property=\"og:site_name\" content=\"Glass Bottle Wholesale\" \/>\n<meta property=\"article:modified_time\" content=\"2026-01-26T05:20:09+00:00\" \/>\n<meta property=\"og:image\" content=\"https:\/\/glassbottlewholesale.com\/wp-content\/uploads\/2024\/04\/glass-bottle-manufacturing-31-2.png\" \/>\n\t<meta property=\"og:image:width\" content=\"800\" \/>\n\t<meta property=\"og:image:height\" content=\"800\" \/>\n\t<meta property=\"og:image:type\" content=\"image\/png\" \/>\n<meta name=\"twitter:card\" content=\"summary_large_image\" \/>\n<meta name=\"twitter:label1\" content=\"Gesch\u00e4tzte Lesezeit\" \/>\n\t<meta name=\"twitter:data1\" content=\"2\u00a0Minuten\" \/>\n<script type=\"application\/ld+json\" class=\"yoast-schema-graph\">{\"@context\":\"https:\\\/\\\/schema.org\",\"@graph\":[{\"@type\":\"WebPage\",\"@id\":\"https:\\\/\\\/glassbottlewholesale.com\\\/500ml-700ml-750ml-old-design-whisky-bottles-wholesale\\\/\",\"url\":\"https:\\\/\\\/ruishengglassco.com\\\/re024-500ml-700ml-750ml-old-design-whisky-bottles-manufacturers\",\"name\":\"Old Whisky Bottles Wholesale | Best Whiskey Bottles Manufacturer\",\"isPartOf\":{\"@id\":\"https:\\\/\\\/glassbottlewholesale.com\\\/#website\"},\"primaryImageOfPage\":{\"@id\":\"https:\\\/\\\/ruishengglassco.com\\\/re024-500ml-700ml-750ml-old-design-whisky-bottles-manufacturers#primaryimage\"},\"image\":{\"@id\":\"https:\\\/\\\/ruishengglassco.com\\\/re024-500ml-700ml-750ml-old-design-whisky-bottles-manufacturers#primaryimage\"},\"thumbnailUrl\":\"https:\\\/\\\/glassbottlewholesale.com\\\/wp-content\\\/uploads\\\/2024\\\/04\\\/glass-bottle-manufacturing-31-2.png\",\"datePublished\":\"2021-01-26T03:27:47+00:00\",\"dateModified\":\"2026-01-26T05:20:09+00:00\",\"description\":\"Want to buy Old Whisky Bottles Wholesale? Click here to get whisky bottle from best whiskey bottles manufacturer China.\",\"breadcrumb\":{\"@id\":\"https:\\\/\\\/ruishengglassco.com\\\/re024-500ml-700ml-750ml-old-design-whisky-bottles-manufacturers#breadcrumb\"},\"inLanguage\":\"de\",\"potentialAction\":[{\"@type\":\"ReadAction\",\"target\":[\"https:\\\/\\\/ruishengglassco.com\\\/re024-500ml-700ml-750ml-old-design-whisky-bottles-manufacturers\"]}]},{\"@type\":\"ImageObject\",\"inLanguage\":\"de\",\"@id\":\"https:\\\/\\\/ruishengglassco.com\\\/re024-500ml-700ml-750ml-old-design-whisky-bottles-manufacturers#primaryimage\",\"url\":\"https:\\\/\\\/glassbottlewholesale.com\\\/wp-content\\\/uploads\\\/2024\\\/04\\\/glass-bottle-manufacturing-31-2.png\",\"contentUrl\":\"https:\\\/\\\/glassbottlewholesale.com\\\/wp-content\\\/uploads\\\/2024\\\/04\\\/glass-bottle-manufacturing-31-2.png\",\"width\":800,\"height\":800,\"caption\":\"RE024 500ml\\\/700ml\\\/750ml Old Design Whisky Bottles Wholesale\"},{\"@type\":\"BreadcrumbList\",\"@id\":\"https:\\\/\\\/ruishengglassco.com\\\/re024-500ml-700ml-750ml-old-design-whisky-bottles-manufacturers#breadcrumb\",\"itemListElement\":[{\"@type\":\"ListItem\",\"position\":1,\"name\":\"Home\",\"item\":\"https:\\\/\\\/glassbottlewholesale.com\\\/\"},{\"@type\":\"ListItem\",\"position\":2,\"name\":\"Products\",\"item\":\"https:\\\/\\\/glassbottlewholesale.com\\\/shop\\\/\"},{\"@type\":\"ListItem\",\"position\":3,\"name\":\"RE024 500ml\\\/700ml\\\/750ml Old Design Whisky Bottles Wholesale\"}]},{\"@type\":\"WebSite\",\"@id\":\"https:\\\/\\\/glassbottlewholesale.com\\\/#website\",\"url\":\"https:\\\/\\\/glassbottlewholesale.com\\\/\",\"name\":\"Glass Bottle Wholesale\",\"description\":\"\",\"publisher\":{\"@id\":\"https:\\\/\\\/glassbottlewholesale.com\\\/#organization\"},\"potentialAction\":[{\"@type\":\"SearchAction\",\"target\":{\"@type\":\"EntryPoint\",\"urlTemplate\":\"https:\\\/\\\/glassbottlewholesale.com\\\/?s={search_term_string}\"},\"query-input\":{\"@type\":\"PropertyValueSpecification\",\"valueRequired\":true,\"valueName\":\"search_term_string\"}}],\"inLanguage\":\"de\"},{\"@type\":\"Organization\",\"@id\":\"https:\\\/\\\/glassbottlewholesale.com\\\/#organization\",\"name\":\"Glass Bottle Wholesale\",\"url\":\"https:\\\/\\\/glassbottlewholesale.com\\\/\",\"logo\":{\"@type\":\"ImageObject\",\"inLanguage\":\"de\",\"@id\":\"https:\\\/\\\/glassbottlewholesale.com\\\/#\\\/schema\\\/logo\\\/image\\\/\",\"url\":\"https:\\\/\\\/glassbottlewholesale.com\\\/wp-content\\\/uploads\\\/2023\\\/12\\\/ruisheng-logo.webp\",\"contentUrl\":\"https:\\\/\\\/glassbottlewholesale.com\\\/wp-content\\\/uploads\\\/2023\\\/12\\\/ruisheng-logo.webp\",\"width\":400,\"height\":233,\"caption\":\"Glass Bottle Wholesale\"},\"image\":{\"@id\":\"https:\\\/\\\/glassbottlewholesale.com\\\/#\\\/schema\\\/logo\\\/image\\\/\"}}]}<\/script>\n<!-- \/ Yoast SEO plugin. -->","yoast_head_json":{"title":"Old Whisky Bottles Wholesale | Best Whiskey Bottles Manufacturer","description":"Want to buy Old Whisky Bottles Wholesale? Click here to get whisky bottle from best whiskey bottles manufacturer China.","robots":{"index":"index","follow":"follow","max-snippet":"max-snippet:-1","max-image-preview":"max-image-preview:large","max-video-preview":"max-video-preview:-1"},"canonical":"https:\/\/ruishengglassco.com\/re024-500ml-700ml-750ml-old-design-whisky-bottles-manufacturers","og_locale":"de_DE","og_type":"article","og_title":"Old Whisky Bottles Wholesale | Best Whiskey Bottles Manufacturer","og_description":"Want to buy Old Whisky Bottles Wholesale? Click here to get whisky bottle from best whiskey bottles manufacturer China.","og_url":"https:\/\/ruishengglassco.com\/re024-500ml-700ml-750ml-old-design-whisky-bottles-manufacturers","og_site_name":"Glass Bottle Wholesale","article_modified_time":"2026-01-26T05:20:09+00:00","og_image":[{"width":800,"height":800,"url":"https:\/\/glassbottlewholesale.com\/wp-content\/uploads\/2024\/04\/glass-bottle-manufacturing-31-2.png","type":"image\/png"}],"twitter_card":"summary_large_image","twitter_misc":{"Gesch\u00e4tzte Lesezeit":"2\u00a0Minuten"},"schema":{"@context":"https:\/\/schema.org","@graph":[{"@type":"WebPage","@id":"https:\/\/glassbottlewholesale.com\/500ml-700ml-750ml-old-design-whisky-bottles-wholesale\/","url":"https:\/\/ruishengglassco.com\/re024-500ml-700ml-750ml-old-design-whisky-bottles-manufacturers","name":"Old Whisky Bottles Wholesale | Best Whiskey Bottles Manufacturer","isPartOf":{"@id":"https:\/\/glassbottlewholesale.com\/#website"},"primaryImageOfPage":{"@id":"https:\/\/ruishengglassco.com\/re024-500ml-700ml-750ml-old-design-whisky-bottles-manufacturers#primaryimage"},"image":{"@id":"https:\/\/ruishengglassco.com\/re024-500ml-700ml-750ml-old-design-whisky-bottles-manufacturers#primaryimage"},"thumbnailUrl":"https:\/\/glassbottlewholesale.com\/wp-content\/uploads\/2024\/04\/glass-bottle-manufacturing-31-2.png","datePublished":"2021-01-26T03:27:47+00:00","dateModified":"2026-01-26T05:20:09+00:00","description":"Want to buy Old Whisky Bottles Wholesale? Click here to get whisky bottle from best whiskey bottles manufacturer China.","breadcrumb":{"@id":"https:\/\/ruishengglassco.com\/re024-500ml-700ml-750ml-old-design-whisky-bottles-manufacturers#breadcrumb"},"inLanguage":"de","potentialAction":[{"@type":"ReadAction","target":["https:\/\/ruishengglassco.com\/re024-500ml-700ml-750ml-old-design-whisky-bottles-manufacturers"]}]},{"@type":"ImageObject","inLanguage":"de","@id":"https:\/\/ruishengglassco.com\/re024-500ml-700ml-750ml-old-design-whisky-bottles-manufacturers#primaryimage","url":"https:\/\/glassbottlewholesale.com\/wp-content\/uploads\/2024\/04\/glass-bottle-manufacturing-31-2.png","contentUrl":"https:\/\/glassbottlewholesale.com\/wp-content\/uploads\/2024\/04\/glass-bottle-manufacturing-31-2.png","width":800,"height":800,"caption":"RE024 500ml\/700ml\/750ml Old Design Whisky Bottles Wholesale"},{"@type":"BreadcrumbList","@id":"https:\/\/ruishengglassco.com\/re024-500ml-700ml-750ml-old-design-whisky-bottles-manufacturers#breadcrumb","itemListElement":[{"@type":"ListItem","position":1,"name":"Home","item":"https:\/\/glassbottlewholesale.com\/"},{"@type":"ListItem","position":2,"name":"Products","item":"https:\/\/glassbottlewholesale.com\/shop\/"},{"@type":"ListItem","position":3,"name":"RE024 500ml\/700ml\/750ml Old Design Whisky Bottles Wholesale"}]},{"@type":"WebSite","@id":"https:\/\/glassbottlewholesale.com\/#website","url":"https:\/\/glassbottlewholesale.com\/","name":"Glass Bottle Wholesale","description":"","publisher":{"@id":"https:\/\/glassbottlewholesale.com\/#organization"},"potentialAction":[{"@type":"SearchAction","target":{"@type":"EntryPoint","urlTemplate":"https:\/\/glassbottlewholesale.com\/?s={search_term_string}"},"query-input":{"@type":"PropertyValueSpecification","valueRequired":true,"valueName":"search_term_string"}}],"inLanguage":"de"},{"@type":"Organization","@id":"https:\/\/glassbottlewholesale.com\/#organization","name":"Glass Bottle Wholesale","url":"https:\/\/glassbottlewholesale.com\/","logo":{"@type":"ImageObject","inLanguage":"de","@id":"https:\/\/glassbottlewholesale.com\/#\/schema\/logo\/image\/","url":"https:\/\/glassbottlewholesale.com\/wp-content\/uploads\/2023\/12\/ruisheng-logo.webp","contentUrl":"https:\/\/glassbottlewholesale.com\/wp-content\/uploads\/2023\/12\/ruisheng-logo.webp","width":400,"height":233,"caption":"Glass Bottle Wholesale"},"image":{"@id":"https:\/\/glassbottlewholesale.com\/#\/schema\/logo\/image\/"}}]}},"_links":{"self":[{"href":"https:\/\/glassbottlewholesale.com\/de\/wp-json\/wp\/v2\/product\/2451","targetHints":{"allow":["GET"]}}],"collection":[{"href":"https:\/\/glassbottlewholesale.com\/de\/wp-json\/wp\/v2\/product"}],"about":[{"href":"https:\/\/glassbottlewholesale.com\/de\/wp-json\/wp\/v2\/types\/product"}],"replies":[{"embeddable":true,"href":"https:\/\/glassbottlewholesale.com\/de\/wp-json\/wp\/v2\/comments?post=2451"}],"wp:featuredmedia":[{"embeddable":true,"href":"https:\/\/glassbottlewholesale.com\/de\/wp-json\/wp\/v2\/media\/4781"}],"wp:attachment":[{"href":"https:\/\/glassbottlewholesale.com\/de\/wp-json\/wp\/v2\/media?parent=2451"}],"wp:term":[{"taxonomy":"product_brand","embeddable":true,"href":"https:\/\/glassbottlewholesale.com\/de\/wp-json\/wp\/v2\/product_brand?post=2451"},{"taxonomy":"product_cat","embeddable":true,"href":"https:\/\/glassbottlewholesale.com\/de\/wp-json\/wp\/v2\/product_cat?post=2451"},{"taxonomy":"product_tag","embeddable":true,"href":"https:\/\/glassbottlewholesale.com\/de\/wp-json\/wp\/v2\/product_tag?post=2451"}],"curies":[{"name":"wp","href":"https:\/\/api.w.org\/{rel}","templated":true}]}}