{"id":2481,"date":"2021-03-01T08:50:51","date_gmt":"2021-03-01T08:50:51","guid":{"rendered":"https:\/\/glassbottlewholesale.com\/?post_type=product&#038;p=2481"},"modified":"2025-06-23T09:22:16","modified_gmt":"2025-06-23T09:22:16","slug":"wholesale-liquor-bottles-750ml-700ml-for-rum-gin-whiskey","status":"publish","type":"product","link":"https:\/\/glassbottlewholesale.com\/de\/wholesale-liquor-bottles-750ml-700ml-for-rum-gin-whiskey\/","title":{"rendered":"RS021: Gro\u00dfhandel Schnapsflaschen 750ml\/700ml f\u00fcr Rum\/Gin\/Whiskey"},"content":{"rendered":"<h2>Eine detaillierte Information \u00fcber Gro\u00dfhandel Liquor Flaschen 750ml\/700ml f\u00fcr Rum\/Gin\/Whiskey<\/h2>\n<p>Diese Serie von Gro\u00dfhandel Spirituosenflaschen 750ml nehmen hohe Feuerstein Glasmaterial, geeignet f\u00fcr Liquor, Whiskey, Brandy, Rum, Gin, und andere Spirituosen Verpackung.<\/p>\n<p>Als professioneller Hersteller von Glasflaschen bietet Ruisheng OEM- und ODM-Dienstleistungen f\u00fcr unsere Kunden an. Sie k\u00f6nnen benutzerdefinierte Spirituosenflaschen Logos und Etiketten f\u00fcr Ihre Marke.<\/p>\n<p>Wir hoffen, dass Sie bei Ruisheng die elegantesten Stile und Formen von Glasflaschen finden, die Ihren Bed\u00fcrfnissen bei der Herstellung gro\u00dfer Mengen entsprechen. Sie k\u00f6nnen unsere Verkaufsabteilung direkt erreichen unter <a href=\"https:\/\/ruishengglassco.com\/contact\" target=\"_blank\" rel=\"noopener\">hier klicken <\/a>und teilen Sie unserem Vertrieb mit, was Sie suchen.<\/p>\n<ul>\n<li>Modell Name: Gro\u00dfhandel Liquor Flasche 750ml<\/li>\n<li>Modellnummer: Ruisheng021<\/li>\n<li>Markenname: RUISHENG<\/li>\n<li><strong>Mindestbestellmenge: 10.000 St\u00fcck<\/strong><\/li>\n<li>Fassungsverm\u00f6gen:500ml\/700ml\/750ml\/angepasst<\/li>\n<li>Oberfl\u00e4chenbehandlung: Hei\u00dfpr\u00e4gung, Frost, Abziehbild, Pr\u00e4gung, Siebdruck<\/li>\n<li>Material: Super-Flintglas<\/li>\n<li>Kragenmaterial: Klare Glasflasche<\/li>\n<li>Verschlusstyp: Schraubverschluss, Kork, Glasverschluss, Twist-off-Verschluss<\/li>\n<li>Verwendung: Rum\/Gin\/Whiskey-Flasche<\/li>\n<li>Herkunftsort: Shandong, China<\/li>\n<li>Paket: Standard-Exportkartons und Paletten<\/li>\n<li>Bedienung: OEM\/ODM-Dienst<\/li>\n<\/ul>\n<p>&nbsp;<\/p>","protected":false},"excerpt":{"rendered":"<p>Ruisheng, einer der f\u00fchrenden Hersteller von Glasflaschen in China, bietet Gro\u00dfhandel Spirituosenflaschen 750ml f\u00fcr die Chateau, Spirituosen Marke, und Unternehmen.  Mit mehr als 10 Jahren Erfahrung in der Herstellung von Lik\u00f6rflaschen aus Glas gewinnt unsere Lik\u00f6rflasche aus Glas die Anerkennung des Marktes und exportiert in die USA, Kanada, Frankreich, Gro\u00dfbritannien, Japan, S\u00fcdkorea und mehr als 20 L\u00e4nder und Regionen.<\/p>\n<h4>Hier ist die Bestellung Informationen \u00fcber Gro\u00dfhandel Liquor Flaschen 750ml<\/h4>\n<ul>\n<li>Nr.:Ruisheng-1008<\/li>\n<li><strong>Mindestbestellmenge: 10.000 St\u00fcck<\/strong><\/li>\n<li>Material: Superflintglas<\/li>\n<li><strong>Angebotener OEM\/ODM-Service<\/strong><\/li>\n<li>Verschlusstyp: Korkverschluss\/Schraubverschluss<\/li>\n<li>Spezifikation: 50ml-1500ml<\/li>\n<li>Verpackungsmethode: Standard-Export-Verpackung oder kundenspezifische Verpackung<\/li>\n<li>Delivery Time : Within 20-30 days according to your required size &amp; quantity.<\/li>\n<\/ul>\n<p>Wenn Sie den Gro\u00dfhandelspreis f\u00fcr Spirituosenflaschen erhalten m\u00f6chten, klicken Sie bitte hier, um <a href=\"https:\/\/ruishengglassco.com\/contact\" target=\"_blank\" rel=\"noopener\">kontaktieren Sie uns.<\/a><\/p>","protected":false},"featured_media":4490,"comment_status":"open","ping_status":"closed","template":"","meta":[],"product_brand":[],"product_cat":[51,52,64,63,65],"product_tag":[],"class_list":{"0":"post-2481","1":"product","2":"type-product","3":"status-publish","4":"has-post-thumbnail","6":"product_cat-700ml-glass-bottle","7":"product_cat-750ml-glass-bottle","8":"product_cat-gin-bottle","9":"product_cat-liquor-bottle","10":"product_cat-rum-bottle","11":"entry","12":"has-media","14":"first","15":"instock","16":"shipping-taxable","17":"product-type-simple"},"yoast_head":"<!-- This site is optimized with the Yoast SEO plugin v27.3 - https:\/\/yoast.com\/product\/yoast-seo-wordpress\/ -->\n<title>Wholesale Liquor Bottles 750ml | Glass Bottle Manufacturing Companies<\/title>\n<meta name=\"description\" content=\"Ruisheng, One of the leading glass bottle manufacturing companies in China, provide wholesale liquor bottles 750ml in cheap price.\" \/>\n<meta name=\"robots\" content=\"index, follow, max-snippet:-1, max-image-preview:large, max-video-preview:-1\" \/>\n<link rel=\"canonical\" href=\"https:\/\/ruishengglassco.com\/product\/rs021-wholesale-liquor-bottles-750ml-700ml-for-rum-gin-whiskey\" \/>\n<meta property=\"og:locale\" content=\"de_DE\" \/>\n<meta property=\"og:type\" content=\"article\" \/>\n<meta property=\"og:title\" content=\"Wholesale Liquor Bottles 750ml | Glass Bottle Manufacturing Companies\" \/>\n<meta property=\"og:description\" content=\"Ruisheng, One of the leading glass bottle manufacturing companies in China, provide wholesale liquor bottles 750ml in cheap price.\" \/>\n<meta property=\"og:url\" content=\"https:\/\/ruishengglassco.com\/product\/rs021-wholesale-liquor-bottles-750ml-700ml-for-rum-gin-whiskey\" \/>\n<meta property=\"og:site_name\" content=\"Glass Bottle Wholesale\" \/>\n<meta property=\"article:modified_time\" content=\"2025-06-23T09:22:16+00:00\" \/>\n<meta property=\"og:image\" content=\"https:\/\/glassbottlewholesale.com\/wp-content\/uploads\/2024\/01\/rs021-1.jpg\" \/>\n\t<meta property=\"og:image:width\" content=\"800\" \/>\n\t<meta property=\"og:image:height\" content=\"800\" \/>\n\t<meta property=\"og:image:type\" content=\"image\/jpeg\" \/>\n<meta name=\"twitter:card\" content=\"summary_large_image\" \/>\n<meta name=\"twitter:label1\" content=\"Gesch\u00e4tzte Lesezeit\" \/>\n\t<meta name=\"twitter:data1\" content=\"1\u00a0Minute\" \/>\n<script type=\"application\/ld+json\" class=\"yoast-schema-graph\">{\"@context\":\"https:\\\/\\\/schema.org\",\"@graph\":[{\"@type\":\"WebPage\",\"@id\":\"https:\\\/\\\/glassbottlewholesale.com\\\/wholesale-liquor-bottles-750ml-700ml-for-rum-gin-whiskey\\\/\",\"url\":\"https:\\\/\\\/ruishengglassco.com\\\/product\\\/rs021-wholesale-liquor-bottles-750ml-700ml-for-rum-gin-whiskey\",\"name\":\"Wholesale Liquor Bottles 750ml | Glass Bottle Manufacturing Companies\",\"isPartOf\":{\"@id\":\"https:\\\/\\\/glassbottlewholesale.com\\\/#website\"},\"primaryImageOfPage\":{\"@id\":\"https:\\\/\\\/ruishengglassco.com\\\/product\\\/rs021-wholesale-liquor-bottles-750ml-700ml-for-rum-gin-whiskey#primaryimage\"},\"image\":{\"@id\":\"https:\\\/\\\/ruishengglassco.com\\\/product\\\/rs021-wholesale-liquor-bottles-750ml-700ml-for-rum-gin-whiskey#primaryimage\"},\"thumbnailUrl\":\"https:\\\/\\\/glassbottlewholesale.com\\\/wp-content\\\/uploads\\\/2024\\\/01\\\/rs021-1.jpg\",\"datePublished\":\"2021-03-01T08:50:51+00:00\",\"dateModified\":\"2025-06-23T09:22:16+00:00\",\"description\":\"Ruisheng, One of the leading glass bottle manufacturing companies in China, provide wholesale liquor bottles 750ml in cheap price.\",\"breadcrumb\":{\"@id\":\"https:\\\/\\\/ruishengglassco.com\\\/product\\\/rs021-wholesale-liquor-bottles-750ml-700ml-for-rum-gin-whiskey#breadcrumb\"},\"inLanguage\":\"de\",\"potentialAction\":[{\"@type\":\"ReadAction\",\"target\":[\"https:\\\/\\\/ruishengglassco.com\\\/product\\\/rs021-wholesale-liquor-bottles-750ml-700ml-for-rum-gin-whiskey\"]}]},{\"@type\":\"ImageObject\",\"inLanguage\":\"de\",\"@id\":\"https:\\\/\\\/ruishengglassco.com\\\/product\\\/rs021-wholesale-liquor-bottles-750ml-700ml-for-rum-gin-whiskey#primaryimage\",\"url\":\"https:\\\/\\\/glassbottlewholesale.com\\\/wp-content\\\/uploads\\\/2024\\\/01\\\/rs021-1.jpg\",\"contentUrl\":\"https:\\\/\\\/glassbottlewholesale.com\\\/wp-content\\\/uploads\\\/2024\\\/01\\\/rs021-1.jpg\",\"width\":800,\"height\":800,\"caption\":\"Wholesale Liquor Bottles 750ml\\\/700ml For Rum\\\/Gin\\\/ Whiskey\"},{\"@type\":\"BreadcrumbList\",\"@id\":\"https:\\\/\\\/ruishengglassco.com\\\/product\\\/rs021-wholesale-liquor-bottles-750ml-700ml-for-rum-gin-whiskey#breadcrumb\",\"itemListElement\":[{\"@type\":\"ListItem\",\"position\":1,\"name\":\"Home\",\"item\":\"https:\\\/\\\/glassbottlewholesale.com\\\/\"},{\"@type\":\"ListItem\",\"position\":2,\"name\":\"Products\",\"item\":\"https:\\\/\\\/glassbottlewholesale.com\\\/shop\\\/\"},{\"@type\":\"ListItem\",\"position\":3,\"name\":\"RS021: Wholesale Liquor Bottles 750ml\\\/700ml For Rum\\\/Gin\\\/ Whiskey\"}]},{\"@type\":\"WebSite\",\"@id\":\"https:\\\/\\\/glassbottlewholesale.com\\\/#website\",\"url\":\"https:\\\/\\\/glassbottlewholesale.com\\\/\",\"name\":\"Glass Bottle Wholesale\",\"description\":\"\",\"publisher\":{\"@id\":\"https:\\\/\\\/glassbottlewholesale.com\\\/#organization\"},\"potentialAction\":[{\"@type\":\"SearchAction\",\"target\":{\"@type\":\"EntryPoint\",\"urlTemplate\":\"https:\\\/\\\/glassbottlewholesale.com\\\/?s={search_term_string}\"},\"query-input\":{\"@type\":\"PropertyValueSpecification\",\"valueRequired\":true,\"valueName\":\"search_term_string\"}}],\"inLanguage\":\"de\"},{\"@type\":\"Organization\",\"@id\":\"https:\\\/\\\/glassbottlewholesale.com\\\/#organization\",\"name\":\"Glass Bottle Wholesale\",\"url\":\"https:\\\/\\\/glassbottlewholesale.com\\\/\",\"logo\":{\"@type\":\"ImageObject\",\"inLanguage\":\"de\",\"@id\":\"https:\\\/\\\/glassbottlewholesale.com\\\/#\\\/schema\\\/logo\\\/image\\\/\",\"url\":\"https:\\\/\\\/glassbottlewholesale.com\\\/wp-content\\\/uploads\\\/2023\\\/12\\\/ruisheng-logo.webp\",\"contentUrl\":\"https:\\\/\\\/glassbottlewholesale.com\\\/wp-content\\\/uploads\\\/2023\\\/12\\\/ruisheng-logo.webp\",\"width\":400,\"height\":233,\"caption\":\"Glass Bottle Wholesale\"},\"image\":{\"@id\":\"https:\\\/\\\/glassbottlewholesale.com\\\/#\\\/schema\\\/logo\\\/image\\\/\"}}]}<\/script>\n<!-- \/ Yoast SEO plugin. -->","yoast_head_json":{"title":"Wholesale Liquor Bottles 750ml | Glass Bottle Manufacturing Companies","description":"Ruisheng, One of the leading glass bottle manufacturing companies in China, provide wholesale liquor bottles 750ml in cheap price.","robots":{"index":"index","follow":"follow","max-snippet":"max-snippet:-1","max-image-preview":"max-image-preview:large","max-video-preview":"max-video-preview:-1"},"canonical":"https:\/\/ruishengglassco.com\/product\/rs021-wholesale-liquor-bottles-750ml-700ml-for-rum-gin-whiskey","og_locale":"de_DE","og_type":"article","og_title":"Wholesale Liquor Bottles 750ml | Glass Bottle Manufacturing Companies","og_description":"Ruisheng, One of the leading glass bottle manufacturing companies in China, provide wholesale liquor bottles 750ml in cheap price.","og_url":"https:\/\/ruishengglassco.com\/product\/rs021-wholesale-liquor-bottles-750ml-700ml-for-rum-gin-whiskey","og_site_name":"Glass Bottle Wholesale","article_modified_time":"2025-06-23T09:22:16+00:00","og_image":[{"width":800,"height":800,"url":"https:\/\/glassbottlewholesale.com\/wp-content\/uploads\/2024\/01\/rs021-1.jpg","type":"image\/jpeg"}],"twitter_card":"summary_large_image","twitter_misc":{"Gesch\u00e4tzte Lesezeit":"1\u00a0Minute"},"schema":{"@context":"https:\/\/schema.org","@graph":[{"@type":"WebPage","@id":"https:\/\/glassbottlewholesale.com\/wholesale-liquor-bottles-750ml-700ml-for-rum-gin-whiskey\/","url":"https:\/\/ruishengglassco.com\/product\/rs021-wholesale-liquor-bottles-750ml-700ml-for-rum-gin-whiskey","name":"Wholesale Liquor Bottles 750ml | Glass Bottle Manufacturing Companies","isPartOf":{"@id":"https:\/\/glassbottlewholesale.com\/#website"},"primaryImageOfPage":{"@id":"https:\/\/ruishengglassco.com\/product\/rs021-wholesale-liquor-bottles-750ml-700ml-for-rum-gin-whiskey#primaryimage"},"image":{"@id":"https:\/\/ruishengglassco.com\/product\/rs021-wholesale-liquor-bottles-750ml-700ml-for-rum-gin-whiskey#primaryimage"},"thumbnailUrl":"https:\/\/glassbottlewholesale.com\/wp-content\/uploads\/2024\/01\/rs021-1.jpg","datePublished":"2021-03-01T08:50:51+00:00","dateModified":"2025-06-23T09:22:16+00:00","description":"Ruisheng, One of the leading glass bottle manufacturing companies in China, provide wholesale liquor bottles 750ml in cheap price.","breadcrumb":{"@id":"https:\/\/ruishengglassco.com\/product\/rs021-wholesale-liquor-bottles-750ml-700ml-for-rum-gin-whiskey#breadcrumb"},"inLanguage":"de","potentialAction":[{"@type":"ReadAction","target":["https:\/\/ruishengglassco.com\/product\/rs021-wholesale-liquor-bottles-750ml-700ml-for-rum-gin-whiskey"]}]},{"@type":"ImageObject","inLanguage":"de","@id":"https:\/\/ruishengglassco.com\/product\/rs021-wholesale-liquor-bottles-750ml-700ml-for-rum-gin-whiskey#primaryimage","url":"https:\/\/glassbottlewholesale.com\/wp-content\/uploads\/2024\/01\/rs021-1.jpg","contentUrl":"https:\/\/glassbottlewholesale.com\/wp-content\/uploads\/2024\/01\/rs021-1.jpg","width":800,"height":800,"caption":"Wholesale Liquor Bottles 750ml\/700ml For Rum\/Gin\/ Whiskey"},{"@type":"BreadcrumbList","@id":"https:\/\/ruishengglassco.com\/product\/rs021-wholesale-liquor-bottles-750ml-700ml-for-rum-gin-whiskey#breadcrumb","itemListElement":[{"@type":"ListItem","position":1,"name":"Home","item":"https:\/\/glassbottlewholesale.com\/"},{"@type":"ListItem","position":2,"name":"Products","item":"https:\/\/glassbottlewholesale.com\/shop\/"},{"@type":"ListItem","position":3,"name":"RS021: Wholesale Liquor Bottles 750ml\/700ml For Rum\/Gin\/ Whiskey"}]},{"@type":"WebSite","@id":"https:\/\/glassbottlewholesale.com\/#website","url":"https:\/\/glassbottlewholesale.com\/","name":"Glass Bottle Wholesale","description":"","publisher":{"@id":"https:\/\/glassbottlewholesale.com\/#organization"},"potentialAction":[{"@type":"SearchAction","target":{"@type":"EntryPoint","urlTemplate":"https:\/\/glassbottlewholesale.com\/?s={search_term_string}"},"query-input":{"@type":"PropertyValueSpecification","valueRequired":true,"valueName":"search_term_string"}}],"inLanguage":"de"},{"@type":"Organization","@id":"https:\/\/glassbottlewholesale.com\/#organization","name":"Glass Bottle Wholesale","url":"https:\/\/glassbottlewholesale.com\/","logo":{"@type":"ImageObject","inLanguage":"de","@id":"https:\/\/glassbottlewholesale.com\/#\/schema\/logo\/image\/","url":"https:\/\/glassbottlewholesale.com\/wp-content\/uploads\/2023\/12\/ruisheng-logo.webp","contentUrl":"https:\/\/glassbottlewholesale.com\/wp-content\/uploads\/2023\/12\/ruisheng-logo.webp","width":400,"height":233,"caption":"Glass Bottle Wholesale"},"image":{"@id":"https:\/\/glassbottlewholesale.com\/#\/schema\/logo\/image\/"}}]}},"_links":{"self":[{"href":"https:\/\/glassbottlewholesale.com\/de\/wp-json\/wp\/v2\/product\/2481","targetHints":{"allow":["GET"]}}],"collection":[{"href":"https:\/\/glassbottlewholesale.com\/de\/wp-json\/wp\/v2\/product"}],"about":[{"href":"https:\/\/glassbottlewholesale.com\/de\/wp-json\/wp\/v2\/types\/product"}],"replies":[{"embeddable":true,"href":"https:\/\/glassbottlewholesale.com\/de\/wp-json\/wp\/v2\/comments?post=2481"}],"wp:featuredmedia":[{"embeddable":true,"href":"https:\/\/glassbottlewholesale.com\/de\/wp-json\/wp\/v2\/media\/4490"}],"wp:attachment":[{"href":"https:\/\/glassbottlewholesale.com\/de\/wp-json\/wp\/v2\/media?parent=2481"}],"wp:term":[{"taxonomy":"product_brand","embeddable":true,"href":"https:\/\/glassbottlewholesale.com\/de\/wp-json\/wp\/v2\/product_brand?post=2481"},{"taxonomy":"product_cat","embeddable":true,"href":"https:\/\/glassbottlewholesale.com\/de\/wp-json\/wp\/v2\/product_cat?post=2481"},{"taxonomy":"product_tag","embeddable":true,"href":"https:\/\/glassbottlewholesale.com\/de\/wp-json\/wp\/v2\/product_tag?post=2481"}],"curies":[{"name":"wp","href":"https:\/\/api.w.org\/{rel}","templated":true}]}}