{"id":2546,"date":"2021-03-17T03:01:28","date_gmt":"2021-03-17T03:01:28","guid":{"rendered":"https:\/\/glassbottlewholesale.com\/?post_type=product&#038;p=2546"},"modified":"2025-06-23T09:15:55","modified_gmt":"2025-06-23T09:15:55","slug":"375ml-glass-bottle-wholesale-for-liquor-whiskey-brandy-vodka","status":"publish","type":"product","link":"https:\/\/glassbottlewholesale.com\/de\/375ml-glass-bottle-wholesale-for-liquor-whiskey-brandy-vodka\/","title":{"rendered":"RS017: 375ml Glasflasche Gro\u00dfhandel f\u00fcr Spirituosen\/Whisky\/Brandy\/Wodka"},"content":{"rendered":"<h2>Detaillierte Informationen \u00fcber 375ml Glas Lik\u00f6rflaschen Gro\u00dfhandel<\/h2>\n<p>Diese Serie von Spirituosenflaschen aus Glas geh\u00f6rt zu den klassischen Bordeauxflaschen, die bei Alkoholverpackungen in der ganzen Welt sehr verbreitet sind.<\/p>\n<p>Das Titelbild zeigt die 375ml-Glasflasche f\u00fcr Spirituosen. Wir k\u00f6nnen leere Lik\u00f6rflaschen mit verschiedenen Kapazit\u00e4ten nach Kundenwunsch produzieren: 100ml, 500ml, 750ml, 1000ml, alle sind akzeptabel.<\/p>\n<p>Im Allgemeinen sind unsere Flaschen klar und durchsichtig, aber wenn Kunden andere Farben w\u00fcnschen, kann unser Produktionsprozess dies erm\u00f6glichen.<\/p>\n<p>Es gibt 3 g\u00e4ngige Arten von Glasflaschenverschl\u00fcssen: Kork, Schraubverschluss, Guala Cap. Hier ist die Glasflasche Stopfen k\u00f6nnen wir bieten:<\/p>\n<p><img decoding=\"async\" class=\"aligncenter wp-image-2429 size-full\" src=\"https:\/\/glassbottlewholesale.com\/wp-content\/uploads\/2020\/12\/WX20201229-154422-1.png\" alt=\"Glasflaschenkappen Gro\u00dfhandel\" width=\"752\" height=\"452\" srcset=\"https:\/\/glassbottlewholesale.com\/wp-content\/uploads\/2020\/12\/WX20201229-154422-1.png 752w, https:\/\/glassbottlewholesale.com\/wp-content\/uploads\/2020\/12\/WX20201229-154422-1-300x180.png 300w, https:\/\/glassbottlewholesale.com\/wp-content\/uploads\/2020\/12\/WX20201229-154422-1-600x361.png 600w\" sizes=\"(max-width: 752px) 100vw, 752px\" \/><\/p>\n<p>Als professioneller Hersteller von Spirituosenflaschen aus Glas bietet unser Unternehmen einen OEM\/ODM\/Custom Liquor Bottle Service. Wenn Sie irgendwelche Fragen \u00fcber Lik\u00f6rflaschenherstellung haben, bitte <a href=\"https:\/\/ruishengglassco.com\/contact\" target=\"_blank\" rel=\"noopener\">Kontaktieren Sie uns hier<\/a>.<\/p>\n<ul>\n<li>Produkt Name: 375ml Glas Lik\u00f6rflaschen Gro\u00dfhandel<\/li>\n<li>Referenznummer: RS017<\/li>\n<li>Material Glas: Extra Feuerstein<\/li>\n<li>Form der Flasche: 375ml Flache Form Schnapsflaschen<\/li>\n<li>Nenninhalt: 375ml<\/li>\n<li>Gewicht der Flasche: 550g<\/li>\n<li>Verschlusstyp: Ropp \/ GPI \/ Kork \/ Guala \/ Swing Top \/ Kundenspezifische Verschlie\u00dfmethode<\/li>\n<li>Anwendung: Wodka-Flasche, Whiskey-Flasche, Cognac-Flasche, Rum-Flasche, Xo-Flasche<\/li>\n<li>Verpackung\n<ul>\n<li>24 St\u00fcck\/Karton, mit Kartontrenner<\/li>\n<li>6 St\u00fcck \/ farbige Schachtel, mit Kartontrenner<\/li>\n<li>Palettenverpackung, mit Kartontrennung<\/li>\n<li>Karton \/ Kiste + Palettenverpackung<\/li>\n<\/ul>\n<\/li>\n<li>MOQ: 6000 St\u00fcck f\u00fcr einen neuen Lauf; 1 St\u00fcck f\u00fcr Lagerglasflaschen<\/li>\n<li>Vorlaufzeit: 20-30 Tage<\/li>\n<\/ul>","protected":false},"excerpt":{"rendered":"<p>Ruisheng Glass Co, Ltd, a professional liquor bottling company and manufacturer, provide glass liquor bottles wholesale for widely applications, like Wine, Whiskey, Brandy, Vodka, Tequila, XO, Champagne\uff0c and other alcoholic drinks packagings.<\/p>\n<p>As an old-history liquor bottle manufacturer, our products are exported to the United States, Canada, Britain, France, the Netherlands, Belgium, Russia, Moscow, South Africa and other countries. And have won unanimous praise from local customers.<\/p>\n<p>If you want to order glass liquor bottles wholesale, here is the most concerned questions which our customer care about:<\/p>\n<div><span style=\"color: #ff6600\"><strong><span class=\"mceItemHidden\"><span class=\"hiddenSpellError\">\u2013<\/span><span class=\"hiddenSpellError\">Mindestbestellmenge<\/span>: 10000 PCS (Etwa 10000-30000<span class=\"hiddenSpellError\">Stck<\/span>)<\/span><\/strong><\/span><\/div>\n<div><span class=\"mceItemHidden\"><span class=\"hiddenSpellError\">-Frei<\/span> Muster wird angeboten. Lieferung innerhalb von 7 Tagen<\/span><\/div>\n<div><span class=\"mceItemHidden\"><span class=\"hiddenSpellError\">-Gesamtauftrag Global<\/span>\u00a0Lieferung innerhalb von 30 Tagen.<\/span><\/div>\n<div>-OEM\/ODM\/Custom Liquor Bottle Service angeboten.<\/div>","protected":false},"featured_media":2670,"comment_status":"open","ping_status":"closed","template":"","meta":[],"product_brand":[],"product_cat":[49,63,67,68,61],"product_tag":[],"class_list":{"0":"post-2546","1":"product","2":"type-product","3":"status-publish","4":"has-post-thumbnail","6":"product_cat-375ml-glass-bottle","7":"product_cat-liquor-bottle","8":"product_cat-vodka-bottle","9":"product_cat-whiskey-bottle","10":"product_cat-xo-brandy-bottle","11":"entry","12":"has-media","14":"first","15":"instock","16":"shipping-taxable","17":"product-type-simple"},"yoast_head":"<!-- This site is optimized with the Yoast SEO plugin v27.3 - https:\/\/yoast.com\/product\/yoast-seo-wordpress\/ -->\n<title>375ml Glass Liquor Bottles Wholesale | Liquor Bottling Companies<\/title>\n<meta name=\"description\" content=\"Ruisheng Glass Co, Ltd, a professional liquor bottling companies, provide 375ml glass liquor bottles wholesale in factory outlet price.\" \/>\n<meta name=\"robots\" content=\"index, follow, max-snippet:-1, max-image-preview:large, max-video-preview:-1\" \/>\n<link rel=\"canonical\" href=\"https:\/\/ruishengglassco.com\/product\/rs017-375ml-glass-bottle-supplier-for-liquor-whiskey-brandy-vodka\" \/>\n<meta property=\"og:locale\" content=\"de_DE\" \/>\n<meta property=\"og:type\" content=\"article\" \/>\n<meta property=\"og:title\" content=\"375ml Glass Liquor Bottles Wholesale | Liquor Bottling Companies\" \/>\n<meta property=\"og:description\" content=\"Ruisheng Glass Co, Ltd, a professional liquor bottling companies, provide 375ml glass liquor bottles wholesale in factory outlet price.\" \/>\n<meta property=\"og:url\" content=\"https:\/\/ruishengglassco.com\/product\/rs017-375ml-glass-bottle-supplier-for-liquor-whiskey-brandy-vodka\" \/>\n<meta property=\"og:site_name\" content=\"Glass Bottle Wholesale\" \/>\n<meta property=\"article:modified_time\" content=\"2025-06-23T09:15:55+00:00\" \/>\n<meta property=\"og:image\" content=\"https:\/\/glassbottlewholesale.com\/wp-content\/uploads\/2019\/10\/15.jpg\" \/>\n\t<meta property=\"og:image:width\" content=\"800\" \/>\n\t<meta property=\"og:image:height\" content=\"800\" \/>\n\t<meta property=\"og:image:type\" content=\"image\/jpeg\" \/>\n<meta name=\"twitter:card\" content=\"summary_large_image\" \/>\n<meta name=\"twitter:label1\" content=\"Gesch\u00e4tzte Lesezeit\" \/>\n\t<meta name=\"twitter:data1\" content=\"2\u00a0Minuten\" \/>\n<script type=\"application\/ld+json\" class=\"yoast-schema-graph\">{\"@context\":\"https:\\\/\\\/schema.org\",\"@graph\":[{\"@type\":\"WebPage\",\"@id\":\"https:\\\/\\\/glassbottlewholesale.com\\\/375ml-glass-bottle-wholesale-for-liquor-whiskey-brandy-vodka\\\/\",\"url\":\"https:\\\/\\\/ruishengglassco.com\\\/product\\\/rs017-375ml-glass-bottle-supplier-for-liquor-whiskey-brandy-vodka\",\"name\":\"375ml Glass Liquor Bottles Wholesale | Liquor Bottling Companies\",\"isPartOf\":{\"@id\":\"https:\\\/\\\/glassbottlewholesale.com\\\/#website\"},\"primaryImageOfPage\":{\"@id\":\"https:\\\/\\\/ruishengglassco.com\\\/product\\\/rs017-375ml-glass-bottle-supplier-for-liquor-whiskey-brandy-vodka#primaryimage\"},\"image\":{\"@id\":\"https:\\\/\\\/ruishengglassco.com\\\/product\\\/rs017-375ml-glass-bottle-supplier-for-liquor-whiskey-brandy-vodka#primaryimage\"},\"thumbnailUrl\":\"https:\\\/\\\/glassbottlewholesale.com\\\/wp-content\\\/uploads\\\/2019\\\/10\\\/15.jpg\",\"datePublished\":\"2021-03-17T03:01:28+00:00\",\"dateModified\":\"2025-06-23T09:15:55+00:00\",\"description\":\"Ruisheng Glass Co, Ltd, a professional liquor bottling companies, provide 375ml glass liquor bottles wholesale in factory outlet price.\",\"breadcrumb\":{\"@id\":\"https:\\\/\\\/ruishengglassco.com\\\/product\\\/rs017-375ml-glass-bottle-supplier-for-liquor-whiskey-brandy-vodka#breadcrumb\"},\"inLanguage\":\"de\",\"potentialAction\":[{\"@type\":\"ReadAction\",\"target\":[\"https:\\\/\\\/ruishengglassco.com\\\/product\\\/rs017-375ml-glass-bottle-supplier-for-liquor-whiskey-brandy-vodka\"]}]},{\"@type\":\"ImageObject\",\"inLanguage\":\"de\",\"@id\":\"https:\\\/\\\/ruishengglassco.com\\\/product\\\/rs017-375ml-glass-bottle-supplier-for-liquor-whiskey-brandy-vodka#primaryimage\",\"url\":\"https:\\\/\\\/glassbottlewholesale.com\\\/wp-content\\\/uploads\\\/2019\\\/10\\\/15.jpg\",\"contentUrl\":\"https:\\\/\\\/glassbottlewholesale.com\\\/wp-content\\\/uploads\\\/2019\\\/10\\\/15.jpg\",\"width\":800,\"height\":800,\"caption\":\"375ml Glass Bottle Wholesale For Liquor\\\/Whiskey\\\/Brandy\\\/Vodka\"},{\"@type\":\"BreadcrumbList\",\"@id\":\"https:\\\/\\\/ruishengglassco.com\\\/product\\\/rs017-375ml-glass-bottle-supplier-for-liquor-whiskey-brandy-vodka#breadcrumb\",\"itemListElement\":[{\"@type\":\"ListItem\",\"position\":1,\"name\":\"Home\",\"item\":\"https:\\\/\\\/glassbottlewholesale.com\\\/\"},{\"@type\":\"ListItem\",\"position\":2,\"name\":\"Products\",\"item\":\"https:\\\/\\\/glassbottlewholesale.com\\\/shop\\\/\"},{\"@type\":\"ListItem\",\"position\":3,\"name\":\"RS017: 375ml Glass Bottle Wholesale For Liquor\\\/Whiskey\\\/Brandy\\\/Vodka\"}]},{\"@type\":\"WebSite\",\"@id\":\"https:\\\/\\\/glassbottlewholesale.com\\\/#website\",\"url\":\"https:\\\/\\\/glassbottlewholesale.com\\\/\",\"name\":\"Glass Bottle Wholesale\",\"description\":\"\",\"publisher\":{\"@id\":\"https:\\\/\\\/glassbottlewholesale.com\\\/#organization\"},\"potentialAction\":[{\"@type\":\"SearchAction\",\"target\":{\"@type\":\"EntryPoint\",\"urlTemplate\":\"https:\\\/\\\/glassbottlewholesale.com\\\/?s={search_term_string}\"},\"query-input\":{\"@type\":\"PropertyValueSpecification\",\"valueRequired\":true,\"valueName\":\"search_term_string\"}}],\"inLanguage\":\"de\"},{\"@type\":\"Organization\",\"@id\":\"https:\\\/\\\/glassbottlewholesale.com\\\/#organization\",\"name\":\"Glass Bottle Wholesale\",\"url\":\"https:\\\/\\\/glassbottlewholesale.com\\\/\",\"logo\":{\"@type\":\"ImageObject\",\"inLanguage\":\"de\",\"@id\":\"https:\\\/\\\/glassbottlewholesale.com\\\/#\\\/schema\\\/logo\\\/image\\\/\",\"url\":\"https:\\\/\\\/glassbottlewholesale.com\\\/wp-content\\\/uploads\\\/2023\\\/12\\\/ruisheng-logo.webp\",\"contentUrl\":\"https:\\\/\\\/glassbottlewholesale.com\\\/wp-content\\\/uploads\\\/2023\\\/12\\\/ruisheng-logo.webp\",\"width\":400,\"height\":233,\"caption\":\"Glass Bottle Wholesale\"},\"image\":{\"@id\":\"https:\\\/\\\/glassbottlewholesale.com\\\/#\\\/schema\\\/logo\\\/image\\\/\"}}]}<\/script>\n<!-- \/ Yoast SEO plugin. -->","yoast_head_json":{"title":"375ml Glass Liquor Bottles Wholesale | Liquor Bottling Companies","description":"Ruisheng Glass Co, Ltd, a professional liquor bottling companies, provide 375ml glass liquor bottles wholesale in factory outlet price.","robots":{"index":"index","follow":"follow","max-snippet":"max-snippet:-1","max-image-preview":"max-image-preview:large","max-video-preview":"max-video-preview:-1"},"canonical":"https:\/\/ruishengglassco.com\/product\/rs017-375ml-glass-bottle-supplier-for-liquor-whiskey-brandy-vodka","og_locale":"de_DE","og_type":"article","og_title":"375ml Glass Liquor Bottles Wholesale | Liquor Bottling Companies","og_description":"Ruisheng Glass Co, Ltd, a professional liquor bottling companies, provide 375ml glass liquor bottles wholesale in factory outlet price.","og_url":"https:\/\/ruishengglassco.com\/product\/rs017-375ml-glass-bottle-supplier-for-liquor-whiskey-brandy-vodka","og_site_name":"Glass Bottle Wholesale","article_modified_time":"2025-06-23T09:15:55+00:00","og_image":[{"width":800,"height":800,"url":"https:\/\/glassbottlewholesale.com\/wp-content\/uploads\/2019\/10\/15.jpg","type":"image\/jpeg"}],"twitter_card":"summary_large_image","twitter_misc":{"Gesch\u00e4tzte Lesezeit":"2\u00a0Minuten"},"schema":{"@context":"https:\/\/schema.org","@graph":[{"@type":"WebPage","@id":"https:\/\/glassbottlewholesale.com\/375ml-glass-bottle-wholesale-for-liquor-whiskey-brandy-vodka\/","url":"https:\/\/ruishengglassco.com\/product\/rs017-375ml-glass-bottle-supplier-for-liquor-whiskey-brandy-vodka","name":"375ml Glass Liquor Bottles Wholesale | Liquor Bottling Companies","isPartOf":{"@id":"https:\/\/glassbottlewholesale.com\/#website"},"primaryImageOfPage":{"@id":"https:\/\/ruishengglassco.com\/product\/rs017-375ml-glass-bottle-supplier-for-liquor-whiskey-brandy-vodka#primaryimage"},"image":{"@id":"https:\/\/ruishengglassco.com\/product\/rs017-375ml-glass-bottle-supplier-for-liquor-whiskey-brandy-vodka#primaryimage"},"thumbnailUrl":"https:\/\/glassbottlewholesale.com\/wp-content\/uploads\/2019\/10\/15.jpg","datePublished":"2021-03-17T03:01:28+00:00","dateModified":"2025-06-23T09:15:55+00:00","description":"Ruisheng Glass Co, Ltd, a professional liquor bottling companies, provide 375ml glass liquor bottles wholesale in factory outlet price.","breadcrumb":{"@id":"https:\/\/ruishengglassco.com\/product\/rs017-375ml-glass-bottle-supplier-for-liquor-whiskey-brandy-vodka#breadcrumb"},"inLanguage":"de","potentialAction":[{"@type":"ReadAction","target":["https:\/\/ruishengglassco.com\/product\/rs017-375ml-glass-bottle-supplier-for-liquor-whiskey-brandy-vodka"]}]},{"@type":"ImageObject","inLanguage":"de","@id":"https:\/\/ruishengglassco.com\/product\/rs017-375ml-glass-bottle-supplier-for-liquor-whiskey-brandy-vodka#primaryimage","url":"https:\/\/glassbottlewholesale.com\/wp-content\/uploads\/2019\/10\/15.jpg","contentUrl":"https:\/\/glassbottlewholesale.com\/wp-content\/uploads\/2019\/10\/15.jpg","width":800,"height":800,"caption":"375ml Glass Bottle Wholesale For Liquor\/Whiskey\/Brandy\/Vodka"},{"@type":"BreadcrumbList","@id":"https:\/\/ruishengglassco.com\/product\/rs017-375ml-glass-bottle-supplier-for-liquor-whiskey-brandy-vodka#breadcrumb","itemListElement":[{"@type":"ListItem","position":1,"name":"Home","item":"https:\/\/glassbottlewholesale.com\/"},{"@type":"ListItem","position":2,"name":"Products","item":"https:\/\/glassbottlewholesale.com\/shop\/"},{"@type":"ListItem","position":3,"name":"RS017: 375ml Glass Bottle Wholesale For Liquor\/Whiskey\/Brandy\/Vodka"}]},{"@type":"WebSite","@id":"https:\/\/glassbottlewholesale.com\/#website","url":"https:\/\/glassbottlewholesale.com\/","name":"Glass Bottle Wholesale","description":"","publisher":{"@id":"https:\/\/glassbottlewholesale.com\/#organization"},"potentialAction":[{"@type":"SearchAction","target":{"@type":"EntryPoint","urlTemplate":"https:\/\/glassbottlewholesale.com\/?s={search_term_string}"},"query-input":{"@type":"PropertyValueSpecification","valueRequired":true,"valueName":"search_term_string"}}],"inLanguage":"de"},{"@type":"Organization","@id":"https:\/\/glassbottlewholesale.com\/#organization","name":"Glass Bottle Wholesale","url":"https:\/\/glassbottlewholesale.com\/","logo":{"@type":"ImageObject","inLanguage":"de","@id":"https:\/\/glassbottlewholesale.com\/#\/schema\/logo\/image\/","url":"https:\/\/glassbottlewholesale.com\/wp-content\/uploads\/2023\/12\/ruisheng-logo.webp","contentUrl":"https:\/\/glassbottlewholesale.com\/wp-content\/uploads\/2023\/12\/ruisheng-logo.webp","width":400,"height":233,"caption":"Glass Bottle Wholesale"},"image":{"@id":"https:\/\/glassbottlewholesale.com\/#\/schema\/logo\/image\/"}}]}},"_links":{"self":[{"href":"https:\/\/glassbottlewholesale.com\/de\/wp-json\/wp\/v2\/product\/2546","targetHints":{"allow":["GET"]}}],"collection":[{"href":"https:\/\/glassbottlewholesale.com\/de\/wp-json\/wp\/v2\/product"}],"about":[{"href":"https:\/\/glassbottlewholesale.com\/de\/wp-json\/wp\/v2\/types\/product"}],"replies":[{"embeddable":true,"href":"https:\/\/glassbottlewholesale.com\/de\/wp-json\/wp\/v2\/comments?post=2546"}],"wp:featuredmedia":[{"embeddable":true,"href":"https:\/\/glassbottlewholesale.com\/de\/wp-json\/wp\/v2\/media\/2670"}],"wp:attachment":[{"href":"https:\/\/glassbottlewholesale.com\/de\/wp-json\/wp\/v2\/media?parent=2546"}],"wp:term":[{"taxonomy":"product_brand","embeddable":true,"href":"https:\/\/glassbottlewholesale.com\/de\/wp-json\/wp\/v2\/product_brand?post=2546"},{"taxonomy":"product_cat","embeddable":true,"href":"https:\/\/glassbottlewholesale.com\/de\/wp-json\/wp\/v2\/product_cat?post=2546"},{"taxonomy":"product_tag","embeddable":true,"href":"https:\/\/glassbottlewholesale.com\/de\/wp-json\/wp\/v2\/product_tag?post=2546"}],"curies":[{"name":"wp","href":"https:\/\/api.w.org\/{rel}","templated":true}]}}