{"id":2548,"date":"2021-03-17T03:06:57","date_gmt":"2021-03-17T03:06:57","guid":{"rendered":"https:\/\/glassbottlewholesale.com\/?post_type=product&#038;p=2548"},"modified":"2025-06-23T09:10:08","modified_gmt":"2025-06-23T09:10:08","slug":"groshandel-runde-350ml-glasflasche-mit-korken","status":"publish","type":"product","link":"https:\/\/glassbottlewholesale.com\/de\/groshandel-runde-350ml-glasflasche-mit-korken\/","title":{"rendered":"RS015: Gro\u00dfhandel Runde 350ml Glas Saftflasche Gro\u00dfhandel mit Korken"},"content":{"rendered":"<h2>Detaillierte Informationen \u00fcber Glas Saftflasche Gro\u00dfhandel<\/h2>\n<p>Diese Serie von Glas-Saft-Flasche Gro\u00dfhandel ist Standard-Design Glasflaschen. Es ist von unserem eigenen Glas Schimmel gemacht. Das Produkt nimmt High-End handgefertigte Kristallglas wei\u00dfes Material, das unsere Glasflasche klar, transparent und elegant macht.<\/p>\n<ul>\n<li>Artikel: Glas-Saftflasche Gro\u00dfhandel<\/li>\n<li>Modell-Nummer: RS015<\/li>\n<li>Fassungsverm\u00f6gen: =1000ml<\/li>\n<li>Material: Superflintglas, Kristallwei\u00dfglas, teures Wei\u00dfglas.<\/li>\n<li>Verschlusstyp: Kork, Guala-Verschluss, Schraubverschluss, Kunststoffverschluss, Holzverschluss<\/li>\n<li>Oberfl\u00e4che: Frost, Abziehbild, Malerei, Hei\u00dfpr\u00e4gung, Pr\u00e4gung, Druck, Gold, Siebdruck<\/li>\n<li>Probe: Frei bei vorhandener Form<\/li>\n<li>Vorlaufzeit: 20-30 Tage f\u00fcr Massenprodukte<\/li>\n<li>Hafen: Qingdao, Shanghai, Guangzhou<\/li>\n<li>Bezahlung: T\/T, Paypal, Handelsversicherung, DP, LC, WEST UNION<\/li>\n<li>Rohmaterial: Quarzsand, Natriumcarbonat, Kalkstein, Dolomit, Feldspat, Borax, Barium usw.<\/li>\n<\/ul>\n<h4>Merkmale:<\/h4>\n<ul>\n<li>Mit professioneller Produktionserfahrung.<\/li>\n<li>OEM &amp;ODM Service: nach Ihrem Muster oder Ihrer Zeichnung.<\/li>\n<li>Das vorhandene Muster ist kostenlos.<\/li>\n<li>Angemessener Preis, hervorragende Qualit\u00e4t und aufmerksamer Service<\/li>\n<li>Alle gebrochenen Flaschen w\u00e4hrend des Transports, Entsch\u00e4digung f\u00fcr die n\u00e4chste Bestellung.<\/li>\n<li>Sofortige Antwort: Beantwortung Ihrer Anfrage und E-Mail innerhalb von 12 Stunden.<\/li>\n<li>Lieferung: etwa 20-25 Tage nach Eingang der Anzahlung.<\/li>\n<li>Wir haben die ISO9001 und ISO14001 und andere Pr\u00fcfungen bestanden.<\/li>\n<li>Wir bieten nicht nur hervorragende Produkte, sondern auch Service und Marktl\u00f6sungen.<\/li>\n<li>Auch dicker Boden, die Farbe ist auch sehr rein.<\/li>\n<\/ul>","protected":false},"excerpt":{"rendered":"<p>Ruisheng Glass Co, Ltd, ein Hersteller von Getr\u00e4nkeflaschen aus Glas, ist haupts\u00e4chlich im Gro\u00dfhandel mit Glasflaschen f\u00fcr Spirituosen und Saftflaschen aus Glas in \u00dcbersee t\u00e4tig und beliefert viele internationale M\u00e4rkte.  Unser Unternehmen bietet Glasflaschendesign und Fertigungsservice. OEM\/ODM\/Kundenservice angeboten. Unsere Produkte sind weit verbreitet f\u00fcr Spirituosen, Wein, Wodka, Whiskey, Reiswein, Obstwein, Rum, Gin, Wodka, Tequila, medizinische Spirituosen, Parf\u00fcm, Kosmetika, Oliven\u00f6l, etc.<\/p>\n<h4>Besorgte Informationen \u00fcber Glas-Saftflaschen-Gro\u00dfhandel<\/h4>\n<div><strong>-MOQ: 10000 PCS (etwa 10000-35000 St\u00fcck)<\/strong><\/div>\n<div>- Kostenlose Probe von kundenspezifischen Spirituosenflaschen mit Korken<\/div>\n<div>-Kundenspezifischer Service angeboten<\/div>\n<div>Wenn Sie mehr \u00fcber unsere Glas-Saft-Flasche Gro\u00dfhandel wissen wollen, f\u00fchlen Sie sich bitte frei zu <a href=\"https:\/\/ruishengglassco.com\/contact\" target=\"_blank\" rel=\"noopener\">Kontakt zu unserem Vertrieb<\/a>.<\/div>","protected":false},"featured_media":2671,"comment_status":"open","ping_status":"closed","template":"","meta":[],"product_brand":[],"product_cat":[49,63,65,67,61],"product_tag":[],"class_list":{"0":"post-2548","1":"product","2":"type-product","3":"status-publish","4":"has-post-thumbnail","6":"product_cat-375ml-glass-bottle","7":"product_cat-liquor-bottle","8":"product_cat-rum-bottle","9":"product_cat-vodka-bottle","10":"product_cat-xo-brandy-bottle","11":"entry","12":"has-media","14":"first","15":"instock","16":"shipping-taxable","17":"product-type-simple"},"yoast_head":"<!-- This site is optimized with the Yoast SEO plugin v27.3 - https:\/\/yoast.com\/product\/yoast-seo-wordpress\/ -->\n<title>Glass Juice Bottles Wholesale | Beverage Bottle Manufacturers<\/title>\n<meta name=\"description\" content=\"Ruisheng Glass Co, Ltd, a professional beverage bottle manufacturer, provide glass juice bottles wholesale with cork. Custom Bottle Design Offered.\" \/>\n<meta name=\"robots\" content=\"index, follow, max-snippet:-1, max-image-preview:large, max-video-preview:-1\" \/>\n<link rel=\"canonical\" href=\"https:\/\/ruishengglassco.com\/product\/rs015-wholesale-round-350ml-glass-juice-bottle-wholesale-with-cork\" \/>\n<meta property=\"og:locale\" content=\"de_DE\" \/>\n<meta property=\"og:type\" content=\"article\" \/>\n<meta property=\"og:title\" content=\"Glass Juice Bottles Wholesale | Beverage Bottle Manufacturers\" \/>\n<meta property=\"og:description\" content=\"Ruisheng Glass Co, Ltd, a professional beverage bottle manufacturer, provide glass juice bottles wholesale with cork. Custom Bottle Design Offered.\" \/>\n<meta property=\"og:url\" content=\"https:\/\/ruishengglassco.com\/product\/rs015-wholesale-round-350ml-glass-juice-bottle-wholesale-with-cork\" \/>\n<meta property=\"og:site_name\" content=\"Glass Bottle Wholesale\" \/>\n<meta property=\"article:modified_time\" content=\"2025-06-23T09:10:08+00:00\" \/>\n<meta property=\"og:image\" content=\"https:\/\/glassbottlewholesale.com\/wp-content\/uploads\/2019\/10\/16.jpg\" \/>\n\t<meta property=\"og:image:width\" content=\"800\" \/>\n\t<meta property=\"og:image:height\" content=\"800\" \/>\n\t<meta property=\"og:image:type\" content=\"image\/jpeg\" \/>\n<meta name=\"twitter:card\" content=\"summary_large_image\" \/>\n<meta name=\"twitter:label1\" content=\"Gesch\u00e4tzte Lesezeit\" \/>\n\t<meta name=\"twitter:data1\" content=\"2\u00a0Minuten\" \/>\n<script type=\"application\/ld+json\" class=\"yoast-schema-graph\">{\"@context\":\"https:\\\/\\\/schema.org\",\"@graph\":[{\"@type\":\"WebPage\",\"@id\":\"https:\\\/\\\/glassbottlewholesale.com\\\/wholesale-round-350ml-glass-bottle-with-cork\\\/\",\"url\":\"https:\\\/\\\/ruishengglassco.com\\\/product\\\/rs015-wholesale-round-350ml-glass-juice-bottle-wholesale-with-cork\",\"name\":\"Glass Juice Bottles Wholesale | Beverage Bottle Manufacturers\",\"isPartOf\":{\"@id\":\"https:\\\/\\\/glassbottlewholesale.com\\\/#website\"},\"primaryImageOfPage\":{\"@id\":\"https:\\\/\\\/ruishengglassco.com\\\/product\\\/rs015-wholesale-round-350ml-glass-juice-bottle-wholesale-with-cork#primaryimage\"},\"image\":{\"@id\":\"https:\\\/\\\/ruishengglassco.com\\\/product\\\/rs015-wholesale-round-350ml-glass-juice-bottle-wholesale-with-cork#primaryimage\"},\"thumbnailUrl\":\"https:\\\/\\\/glassbottlewholesale.com\\\/wp-content\\\/uploads\\\/2019\\\/10\\\/16.jpg\",\"datePublished\":\"2021-03-17T03:06:57+00:00\",\"dateModified\":\"2025-06-23T09:10:08+00:00\",\"description\":\"Ruisheng Glass Co, Ltd, a professional beverage bottle manufacturer, provide glass juice bottles wholesale with cork. Custom Bottle Design Offered.\",\"breadcrumb\":{\"@id\":\"https:\\\/\\\/ruishengglassco.com\\\/product\\\/rs015-wholesale-round-350ml-glass-juice-bottle-wholesale-with-cork#breadcrumb\"},\"inLanguage\":\"de\",\"potentialAction\":[{\"@type\":\"ReadAction\",\"target\":[\"https:\\\/\\\/ruishengglassco.com\\\/product\\\/rs015-wholesale-round-350ml-glass-juice-bottle-wholesale-with-cork\"]}]},{\"@type\":\"ImageObject\",\"inLanguage\":\"de\",\"@id\":\"https:\\\/\\\/ruishengglassco.com\\\/product\\\/rs015-wholesale-round-350ml-glass-juice-bottle-wholesale-with-cork#primaryimage\",\"url\":\"https:\\\/\\\/glassbottlewholesale.com\\\/wp-content\\\/uploads\\\/2019\\\/10\\\/16.jpg\",\"contentUrl\":\"https:\\\/\\\/glassbottlewholesale.com\\\/wp-content\\\/uploads\\\/2019\\\/10\\\/16.jpg\",\"width\":800,\"height\":800,\"caption\":\"Glass Juice Bottles Wholesale\"},{\"@type\":\"BreadcrumbList\",\"@id\":\"https:\\\/\\\/ruishengglassco.com\\\/product\\\/rs015-wholesale-round-350ml-glass-juice-bottle-wholesale-with-cork#breadcrumb\",\"itemListElement\":[{\"@type\":\"ListItem\",\"position\":1,\"name\":\"Home\",\"item\":\"https:\\\/\\\/glassbottlewholesale.com\\\/\"},{\"@type\":\"ListItem\",\"position\":2,\"name\":\"Products\",\"item\":\"https:\\\/\\\/glassbottlewholesale.com\\\/shop\\\/\"},{\"@type\":\"ListItem\",\"position\":3,\"name\":\"RS015: Wholesale Round 350ml Glass Juice Bottle Wholesale With Cork\"}]},{\"@type\":\"WebSite\",\"@id\":\"https:\\\/\\\/glassbottlewholesale.com\\\/#website\",\"url\":\"https:\\\/\\\/glassbottlewholesale.com\\\/\",\"name\":\"Glass Bottle Wholesale\",\"description\":\"\",\"publisher\":{\"@id\":\"https:\\\/\\\/glassbottlewholesale.com\\\/#organization\"},\"potentialAction\":[{\"@type\":\"SearchAction\",\"target\":{\"@type\":\"EntryPoint\",\"urlTemplate\":\"https:\\\/\\\/glassbottlewholesale.com\\\/?s={search_term_string}\"},\"query-input\":{\"@type\":\"PropertyValueSpecification\",\"valueRequired\":true,\"valueName\":\"search_term_string\"}}],\"inLanguage\":\"de\"},{\"@type\":\"Organization\",\"@id\":\"https:\\\/\\\/glassbottlewholesale.com\\\/#organization\",\"name\":\"Glass Bottle Wholesale\",\"url\":\"https:\\\/\\\/glassbottlewholesale.com\\\/\",\"logo\":{\"@type\":\"ImageObject\",\"inLanguage\":\"de\",\"@id\":\"https:\\\/\\\/glassbottlewholesale.com\\\/#\\\/schema\\\/logo\\\/image\\\/\",\"url\":\"https:\\\/\\\/glassbottlewholesale.com\\\/wp-content\\\/uploads\\\/2023\\\/12\\\/ruisheng-logo.webp\",\"contentUrl\":\"https:\\\/\\\/glassbottlewholesale.com\\\/wp-content\\\/uploads\\\/2023\\\/12\\\/ruisheng-logo.webp\",\"width\":400,\"height\":233,\"caption\":\"Glass Bottle Wholesale\"},\"image\":{\"@id\":\"https:\\\/\\\/glassbottlewholesale.com\\\/#\\\/schema\\\/logo\\\/image\\\/\"}}]}<\/script>\n<!-- \/ Yoast SEO plugin. -->","yoast_head_json":{"title":"Glas Saftflaschen Gro\u00dfhandel | Getr\u00e4nkeflaschenhersteller","description":"Ruisheng Glass Co, Ltd, ein professioneller Hersteller von Getr\u00e4nkeflaschen, bieten Glas-Saft-Flaschen Gro\u00dfhandel mit Kork. Custom Bottle Design angeboten.","robots":{"index":"index","follow":"follow","max-snippet":"max-snippet:-1","max-image-preview":"max-image-preview:large","max-video-preview":"max-video-preview:-1"},"canonical":"https:\/\/ruishengglassco.com\/product\/rs015-wholesale-round-350ml-glass-juice-bottle-wholesale-with-cork","og_locale":"de_DE","og_type":"article","og_title":"Glass Juice Bottles Wholesale | Beverage Bottle Manufacturers","og_description":"Ruisheng Glass Co, Ltd, a professional beverage bottle manufacturer, provide glass juice bottles wholesale with cork. Custom Bottle Design Offered.","og_url":"https:\/\/ruishengglassco.com\/product\/rs015-wholesale-round-350ml-glass-juice-bottle-wholesale-with-cork","og_site_name":"Glass Bottle Wholesale","article_modified_time":"2025-06-23T09:10:08+00:00","og_image":[{"width":800,"height":800,"url":"https:\/\/glassbottlewholesale.com\/wp-content\/uploads\/2019\/10\/16.jpg","type":"image\/jpeg"}],"twitter_card":"summary_large_image","twitter_misc":{"Gesch\u00e4tzte Lesezeit":"2\u00a0Minuten"},"schema":{"@context":"https:\/\/schema.org","@graph":[{"@type":"WebPage","@id":"https:\/\/glassbottlewholesale.com\/wholesale-round-350ml-glass-bottle-with-cork\/","url":"https:\/\/ruishengglassco.com\/product\/rs015-wholesale-round-350ml-glass-juice-bottle-wholesale-with-cork","name":"Glas Saftflaschen Gro\u00dfhandel | Getr\u00e4nkeflaschenhersteller","isPartOf":{"@id":"https:\/\/glassbottlewholesale.com\/#website"},"primaryImageOfPage":{"@id":"https:\/\/ruishengglassco.com\/product\/rs015-wholesale-round-350ml-glass-juice-bottle-wholesale-with-cork#primaryimage"},"image":{"@id":"https:\/\/ruishengglassco.com\/product\/rs015-wholesale-round-350ml-glass-juice-bottle-wholesale-with-cork#primaryimage"},"thumbnailUrl":"https:\/\/glassbottlewholesale.com\/wp-content\/uploads\/2019\/10\/16.jpg","datePublished":"2021-03-17T03:06:57+00:00","dateModified":"2025-06-23T09:10:08+00:00","description":"Ruisheng Glass Co, Ltd, ein professioneller Hersteller von Getr\u00e4nkeflaschen, bieten Glas-Saft-Flaschen Gro\u00dfhandel mit Kork. Custom Bottle Design angeboten.","breadcrumb":{"@id":"https:\/\/ruishengglassco.com\/product\/rs015-wholesale-round-350ml-glass-juice-bottle-wholesale-with-cork#breadcrumb"},"inLanguage":"de","potentialAction":[{"@type":"ReadAction","target":["https:\/\/ruishengglassco.com\/product\/rs015-wholesale-round-350ml-glass-juice-bottle-wholesale-with-cork"]}]},{"@type":"ImageObject","inLanguage":"de","@id":"https:\/\/ruishengglassco.com\/product\/rs015-wholesale-round-350ml-glass-juice-bottle-wholesale-with-cork#primaryimage","url":"https:\/\/glassbottlewholesale.com\/wp-content\/uploads\/2019\/10\/16.jpg","contentUrl":"https:\/\/glassbottlewholesale.com\/wp-content\/uploads\/2019\/10\/16.jpg","width":800,"height":800,"caption":"Glass Juice Bottles Wholesale"},{"@type":"BreadcrumbList","@id":"https:\/\/ruishengglassco.com\/product\/rs015-wholesale-round-350ml-glass-juice-bottle-wholesale-with-cork#breadcrumb","itemListElement":[{"@type":"ListItem","position":1,"name":"Home","item":"https:\/\/glassbottlewholesale.com\/"},{"@type":"ListItem","position":2,"name":"Products","item":"https:\/\/glassbottlewholesale.com\/shop\/"},{"@type":"ListItem","position":3,"name":"RS015: Wholesale Round 350ml Glass Juice Bottle Wholesale With Cork"}]},{"@type":"WebSite","@id":"https:\/\/glassbottlewholesale.com\/#website","url":"https:\/\/glassbottlewholesale.com\/","name":"Glass Bottle Wholesale","description":"","publisher":{"@id":"https:\/\/glassbottlewholesale.com\/#organization"},"potentialAction":[{"@type":"SearchAction","target":{"@type":"EntryPoint","urlTemplate":"https:\/\/glassbottlewholesale.com\/?s={search_term_string}"},"query-input":{"@type":"PropertyValueSpecification","valueRequired":true,"valueName":"search_term_string"}}],"inLanguage":"de"},{"@type":"Organization","@id":"https:\/\/glassbottlewholesale.com\/#organization","name":"Glass Bottle Wholesale","url":"https:\/\/glassbottlewholesale.com\/","logo":{"@type":"ImageObject","inLanguage":"de","@id":"https:\/\/glassbottlewholesale.com\/#\/schema\/logo\/image\/","url":"https:\/\/glassbottlewholesale.com\/wp-content\/uploads\/2023\/12\/ruisheng-logo.webp","contentUrl":"https:\/\/glassbottlewholesale.com\/wp-content\/uploads\/2023\/12\/ruisheng-logo.webp","width":400,"height":233,"caption":"Glass Bottle Wholesale"},"image":{"@id":"https:\/\/glassbottlewholesale.com\/#\/schema\/logo\/image\/"}}]}},"_links":{"self":[{"href":"https:\/\/glassbottlewholesale.com\/de\/wp-json\/wp\/v2\/product\/2548","targetHints":{"allow":["GET"]}}],"collection":[{"href":"https:\/\/glassbottlewholesale.com\/de\/wp-json\/wp\/v2\/product"}],"about":[{"href":"https:\/\/glassbottlewholesale.com\/de\/wp-json\/wp\/v2\/types\/product"}],"replies":[{"embeddable":true,"href":"https:\/\/glassbottlewholesale.com\/de\/wp-json\/wp\/v2\/comments?post=2548"}],"wp:featuredmedia":[{"embeddable":true,"href":"https:\/\/glassbottlewholesale.com\/de\/wp-json\/wp\/v2\/media\/2671"}],"wp:attachment":[{"href":"https:\/\/glassbottlewholesale.com\/de\/wp-json\/wp\/v2\/media?parent=2548"}],"wp:term":[{"taxonomy":"product_brand","embeddable":true,"href":"https:\/\/glassbottlewholesale.com\/de\/wp-json\/wp\/v2\/product_brand?post=2548"},{"taxonomy":"product_cat","embeddable":true,"href":"https:\/\/glassbottlewholesale.com\/de\/wp-json\/wp\/v2\/product_cat?post=2548"},{"taxonomy":"product_tag","embeddable":true,"href":"https:\/\/glassbottlewholesale.com\/de\/wp-json\/wp\/v2\/product_tag?post=2548"}],"curies":[{"name":"wp","href":"https:\/\/api.w.org\/{rel}","templated":true}]}}