{"id":2549,"date":"2021-03-17T03:10:22","date_gmt":"2021-03-17T03:10:22","guid":{"rendered":"https:\/\/glassbottlewholesale.com\/?post_type=product&#038;p=2549"},"modified":"2025-06-23T09:02:44","modified_gmt":"2025-06-23T09:02:44","slug":"375ml-klare-glasflasche-groshandel-fur-spirituosen","status":"publish","type":"product","link":"https:\/\/glassbottlewholesale.com\/de\/375ml-klare-glasflasche-groshandel-fur-spirituosen\/","title":{"rendered":"RS014: 375ml Klarglasflasche Gro\u00dfhandel f\u00fcr Spirituosen"},"content":{"rendered":"<h2>Detaillierte Informationen \u00fcber 375ml Gro\u00dfhandel Spirituosenflaschen<\/h2>\n<p>M\u00f6chten Sie Spirituosenflaschen im Gro\u00dfhandel verkaufen?  Der Kauf direkt von einem zuverl\u00e4ssigen Hersteller von Spirituosenflaschen hilft Ihnen, qualitativ hochwertige k\u00fchle Spirituosenflaschen zum Verkauf zu finden, und hilft Ihnen, Kosten zu sparen.<\/p>\n<p>Diese Serie 375ml Klarglasflasche Gro\u00dfhandel ist vor allem in Getr\u00e4nken &amp; Spirituosen Verpackung verwendet. Das Produkt nimmt hohe Feuerstein Glasmaterial, das unsere Glasflasche mehr klar, transparent und umweltfreundlich macht.<\/p>\n<p>Als professioneller Schnapsflaschenlieferant bietet unser Unternehmen OEM\/ODM\/Custom Glasflaschen-Service. Sie k\u00f6nnen Anforderungen an die Kapazit\u00e4t, Farbe, Form, Kappe, etc. der Weinflasche vorlegen, und wir k\u00f6nnen es nach Ihren Anforderungen produzieren.<\/p>\n<ul>\n<li>Produkt Name: 375ml Klarglasflasche Gro\u00dfhandel f\u00fcr Lik\u00f6r<\/li>\n<li>Referenznummer: RS014<\/li>\n<li>Material Glas: Super Flint \/ Extra Flint<\/li>\n<li>Form der Flasche: Hohe runde Form<\/li>\n<li>Nenninhalt: 375ml<\/li>\n<li>Gewicht der Flasche: 580 g<\/li>\n<li>Verschlusstyp: Kork \/ GPI-Kappen \/ Ropp-Kappen<\/li>\n<li>Industrielle Verwendung: Wodka, Whiskey, Brandy, Cognac, Rum, Tequila, Wasser, Saft, Sirup.<\/li>\n<li>Dekoration Gravur \/ Druck \/ Glasur \/ Galvanik \/ Spritzen<\/li>\n<\/ul>\n<p>Wenn Sie mehr \u00fcber Wholesale Liquor Bottles For Sale erfahren m\u00f6chten, wenden Sie sich bitte an<a href=\"https:\/\/ruishengglassco.com\/contact\" target=\"_blank\" rel=\"noopener\"> kontaktieren Sie uns.<\/a><\/p>","protected":false},"excerpt":{"rendered":"<p>Finden Sie Gro\u00dfhandel Spirituosenflaschen zum Verkauf Gesch\u00e4ft auf glassbottlewholesale.com. Ruisheng Glass Co, Ltd, ein professioneller Glas Spirituosenflasche Hersteller in China, bietet leere Spirituosenflasche Gro\u00dfhandel und benutzerdefinierte Spirituosenflasche Etiketten Service f\u00fcr Glasflasche Gro\u00dfh\u00e4ndler, H\u00e4ndler, Superm\u00e4rkte, und etc.<\/p>\n<h4>Informationen \u00fcber den Gro\u00dfhandel mit Schnapsflaschen zum Verkauf bestellen<\/h4>\n<ul>\n<li><strong>MOQ:10000pcs(10000 PCS)<\/strong><\/li>\n<li>OEM\/ODM\/Kundenservice f\u00fcr Spirituosenflaschen angeboten.<\/li>\n<li>Kostenlose Musterlieferung innerhalb von 7 Tagen<\/li>\n<li>Gro\u00dfbestellung Globaler Versand innerhalb von 30 Tagen<\/li>\n<\/ul>\n<p>Wenn Sie an unseren Spirituosenflaschen im Gro\u00dfhandel interessiert sind, wenden Sie sich bitte an<a href=\"https:\/\/ruishengglassco.com\/contact\" target=\"_blank\" rel=\"noopener\"> kontaktieren Sie uns.<\/a><\/p>","protected":false},"featured_media":2669,"comment_status":"open","ping_status":"closed","template":"","meta":[],"product_brand":[],"product_cat":[49,55,63,67,68,61],"product_tag":[],"class_list":{"0":"post-2549","1":"product","2":"type-product","3":"status-publish","4":"has-post-thumbnail","6":"product_cat-375ml-glass-bottle","7":"product_cat-custom-glass-bottle","8":"product_cat-liquor-bottle","9":"product_cat-vodka-bottle","10":"product_cat-whiskey-bottle","11":"product_cat-xo-brandy-bottle","12":"entry","13":"has-media","15":"first","16":"instock","17":"shipping-taxable","18":"product-type-simple"},"yoast_head":"<!-- This site is optimized with the Yoast SEO plugin v27.3 - https:\/\/yoast.com\/product\/yoast-seo-wordpress\/ -->\n<title>Wholesale Liquor Bottles For Sale | Custom Spirit Bottle Labels<\/title>\n<meta name=\"description\" content=\"Find Wholesale Liquor Bottles For Sale At Glassbottlewholesale.com. Custom Spirit Bottle Labels and Free Sample Offered. Get Quote Now.\" \/>\n<meta name=\"robots\" content=\"index, follow, max-snippet:-1, max-image-preview:large, max-video-preview:-1\" \/>\n<link rel=\"canonical\" href=\"https:\/\/ruishengglassco.com\/product\/rs014-375ml-clear-glass-bottle-wholesale-for-liquor\" \/>\n<meta property=\"og:locale\" content=\"de_DE\" \/>\n<meta property=\"og:type\" content=\"article\" \/>\n<meta property=\"og:title\" content=\"Wholesale Liquor Bottles For Sale | Custom Spirit Bottle Labels\" \/>\n<meta property=\"og:description\" content=\"Find Wholesale Liquor Bottles For Sale At Glassbottlewholesale.com. Custom Spirit Bottle Labels and Free Sample Offered. Get Quote Now.\" \/>\n<meta property=\"og:url\" content=\"https:\/\/ruishengglassco.com\/product\/rs014-375ml-clear-glass-bottle-wholesale-for-liquor\" \/>\n<meta property=\"og:site_name\" content=\"Glass Bottle Wholesale\" \/>\n<meta property=\"article:modified_time\" content=\"2025-06-23T09:02:44+00:00\" \/>\n<meta property=\"og:image\" content=\"https:\/\/glassbottlewholesale.com\/wp-content\/uploads\/2019\/10\/14-750ml-580g.jpg\" \/>\n\t<meta property=\"og:image:width\" content=\"800\" \/>\n\t<meta property=\"og:image:height\" content=\"800\" \/>\n\t<meta property=\"og:image:type\" content=\"image\/jpeg\" \/>\n<meta name=\"twitter:card\" content=\"summary_large_image\" \/>\n<meta name=\"twitter:label1\" content=\"Gesch\u00e4tzte Lesezeit\" \/>\n\t<meta name=\"twitter:data1\" content=\"2\u00a0Minuten\" \/>\n<script type=\"application\/ld+json\" class=\"yoast-schema-graph\">{\"@context\":\"https:\\\/\\\/schema.org\",\"@graph\":[{\"@type\":\"WebPage\",\"@id\":\"https:\\\/\\\/glassbottlewholesale.com\\\/375ml-clear-glass-bottle-wholesale-for-liquor\\\/\",\"url\":\"https:\\\/\\\/ruishengglassco.com\\\/product\\\/rs014-375ml-clear-glass-bottle-wholesale-for-liquor\",\"name\":\"Wholesale Liquor Bottles For Sale | Custom Spirit Bottle Labels\",\"isPartOf\":{\"@id\":\"https:\\\/\\\/glassbottlewholesale.com\\\/#website\"},\"primaryImageOfPage\":{\"@id\":\"https:\\\/\\\/ruishengglassco.com\\\/product\\\/rs014-375ml-clear-glass-bottle-wholesale-for-liquor#primaryimage\"},\"image\":{\"@id\":\"https:\\\/\\\/ruishengglassco.com\\\/product\\\/rs014-375ml-clear-glass-bottle-wholesale-for-liquor#primaryimage\"},\"thumbnailUrl\":\"https:\\\/\\\/glassbottlewholesale.com\\\/wp-content\\\/uploads\\\/2019\\\/10\\\/14-750ml-580g.jpg\",\"datePublished\":\"2021-03-17T03:10:22+00:00\",\"dateModified\":\"2025-06-23T09:02:44+00:00\",\"description\":\"Find Wholesale Liquor Bottles For Sale At Glassbottlewholesale.com. Custom Spirit Bottle Labels and Free Sample Offered. Get Quote Now.\",\"breadcrumb\":{\"@id\":\"https:\\\/\\\/ruishengglassco.com\\\/product\\\/rs014-375ml-clear-glass-bottle-wholesale-for-liquor#breadcrumb\"},\"inLanguage\":\"de\",\"potentialAction\":[{\"@type\":\"ReadAction\",\"target\":[\"https:\\\/\\\/ruishengglassco.com\\\/product\\\/rs014-375ml-clear-glass-bottle-wholesale-for-liquor\"]}]},{\"@type\":\"ImageObject\",\"inLanguage\":\"de\",\"@id\":\"https:\\\/\\\/ruishengglassco.com\\\/product\\\/rs014-375ml-clear-glass-bottle-wholesale-for-liquor#primaryimage\",\"url\":\"https:\\\/\\\/glassbottlewholesale.com\\\/wp-content\\\/uploads\\\/2019\\\/10\\\/14-750ml-580g.jpg\",\"contentUrl\":\"https:\\\/\\\/glassbottlewholesale.com\\\/wp-content\\\/uploads\\\/2019\\\/10\\\/14-750ml-580g.jpg\",\"width\":800,\"height\":800,\"caption\":\"375ml Glass Bottle Wholesale For Liquor\\\/Whiskey\\\/Brandy\\\/Vodka\"},{\"@type\":\"BreadcrumbList\",\"@id\":\"https:\\\/\\\/ruishengglassco.com\\\/product\\\/rs014-375ml-clear-glass-bottle-wholesale-for-liquor#breadcrumb\",\"itemListElement\":[{\"@type\":\"ListItem\",\"position\":1,\"name\":\"Home\",\"item\":\"https:\\\/\\\/glassbottlewholesale.com\\\/\"},{\"@type\":\"ListItem\",\"position\":2,\"name\":\"Products\",\"item\":\"https:\\\/\\\/glassbottlewholesale.com\\\/shop\\\/\"},{\"@type\":\"ListItem\",\"position\":3,\"name\":\"RS014: 375ml Clear Glass Bottle Wholesale For Liquor\"}]},{\"@type\":\"WebSite\",\"@id\":\"https:\\\/\\\/glassbottlewholesale.com\\\/#website\",\"url\":\"https:\\\/\\\/glassbottlewholesale.com\\\/\",\"name\":\"Glass Bottle Wholesale\",\"description\":\"\",\"publisher\":{\"@id\":\"https:\\\/\\\/glassbottlewholesale.com\\\/#organization\"},\"potentialAction\":[{\"@type\":\"SearchAction\",\"target\":{\"@type\":\"EntryPoint\",\"urlTemplate\":\"https:\\\/\\\/glassbottlewholesale.com\\\/?s={search_term_string}\"},\"query-input\":{\"@type\":\"PropertyValueSpecification\",\"valueRequired\":true,\"valueName\":\"search_term_string\"}}],\"inLanguage\":\"de\"},{\"@type\":\"Organization\",\"@id\":\"https:\\\/\\\/glassbottlewholesale.com\\\/#organization\",\"name\":\"Glass Bottle Wholesale\",\"url\":\"https:\\\/\\\/glassbottlewholesale.com\\\/\",\"logo\":{\"@type\":\"ImageObject\",\"inLanguage\":\"de\",\"@id\":\"https:\\\/\\\/glassbottlewholesale.com\\\/#\\\/schema\\\/logo\\\/image\\\/\",\"url\":\"https:\\\/\\\/glassbottlewholesale.com\\\/wp-content\\\/uploads\\\/2023\\\/12\\\/ruisheng-logo.webp\",\"contentUrl\":\"https:\\\/\\\/glassbottlewholesale.com\\\/wp-content\\\/uploads\\\/2023\\\/12\\\/ruisheng-logo.webp\",\"width\":400,\"height\":233,\"caption\":\"Glass Bottle Wholesale\"},\"image\":{\"@id\":\"https:\\\/\\\/glassbottlewholesale.com\\\/#\\\/schema\\\/logo\\\/image\\\/\"}}]}<\/script>\n<!-- \/ Yoast SEO plugin. -->","yoast_head_json":{"title":"Schnapsflaschen im Gro\u00dfhandel zu verkaufen | Individuelle Etiketten f\u00fcr Spirituosenflaschen","description":"Finden Sie Schnapsflaschen zum Verkauf im Gro\u00dfhandel bei Glassbottlewholesale.com. Individuelle Etiketten f\u00fcr Schnapsflaschen und kostenlose Proben im Angebot. Jetzt Angebot anfordern.","robots":{"index":"index","follow":"follow","max-snippet":"max-snippet:-1","max-image-preview":"max-image-preview:large","max-video-preview":"max-video-preview:-1"},"canonical":"https:\/\/ruishengglassco.com\/product\/rs014-375ml-clear-glass-bottle-wholesale-for-liquor","og_locale":"de_DE","og_type":"article","og_title":"Wholesale Liquor Bottles For Sale | Custom Spirit Bottle Labels","og_description":"Find Wholesale Liquor Bottles For Sale At Glassbottlewholesale.com. Custom Spirit Bottle Labels and Free Sample Offered. Get Quote Now.","og_url":"https:\/\/ruishengglassco.com\/product\/rs014-375ml-clear-glass-bottle-wholesale-for-liquor","og_site_name":"Glass Bottle Wholesale","article_modified_time":"2025-06-23T09:02:44+00:00","og_image":[{"width":800,"height":800,"url":"https:\/\/glassbottlewholesale.com\/wp-content\/uploads\/2019\/10\/14-750ml-580g.jpg","type":"image\/jpeg"}],"twitter_card":"summary_large_image","twitter_misc":{"Gesch\u00e4tzte Lesezeit":"2\u00a0Minuten"},"schema":{"@context":"https:\/\/schema.org","@graph":[{"@type":"WebPage","@id":"https:\/\/glassbottlewholesale.com\/375ml-clear-glass-bottle-wholesale-for-liquor\/","url":"https:\/\/ruishengglassco.com\/product\/rs014-375ml-clear-glass-bottle-wholesale-for-liquor","name":"Schnapsflaschen im Gro\u00dfhandel zu verkaufen | Individuelle Etiketten f\u00fcr Spirituosenflaschen","isPartOf":{"@id":"https:\/\/glassbottlewholesale.com\/#website"},"primaryImageOfPage":{"@id":"https:\/\/ruishengglassco.com\/product\/rs014-375ml-clear-glass-bottle-wholesale-for-liquor#primaryimage"},"image":{"@id":"https:\/\/ruishengglassco.com\/product\/rs014-375ml-clear-glass-bottle-wholesale-for-liquor#primaryimage"},"thumbnailUrl":"https:\/\/glassbottlewholesale.com\/wp-content\/uploads\/2019\/10\/14-750ml-580g.jpg","datePublished":"2021-03-17T03:10:22+00:00","dateModified":"2025-06-23T09:02:44+00:00","description":"Finden Sie Schnapsflaschen zum Verkauf im Gro\u00dfhandel bei Glassbottlewholesale.com. Individuelle Etiketten f\u00fcr Schnapsflaschen und kostenlose Proben im Angebot. Jetzt Angebot anfordern.","breadcrumb":{"@id":"https:\/\/ruishengglassco.com\/product\/rs014-375ml-clear-glass-bottle-wholesale-for-liquor#breadcrumb"},"inLanguage":"de","potentialAction":[{"@type":"ReadAction","target":["https:\/\/ruishengglassco.com\/product\/rs014-375ml-clear-glass-bottle-wholesale-for-liquor"]}]},{"@type":"ImageObject","inLanguage":"de","@id":"https:\/\/ruishengglassco.com\/product\/rs014-375ml-clear-glass-bottle-wholesale-for-liquor#primaryimage","url":"https:\/\/glassbottlewholesale.com\/wp-content\/uploads\/2019\/10\/14-750ml-580g.jpg","contentUrl":"https:\/\/glassbottlewholesale.com\/wp-content\/uploads\/2019\/10\/14-750ml-580g.jpg","width":800,"height":800,"caption":"375ml Glass Bottle Wholesale For Liquor\/Whiskey\/Brandy\/Vodka"},{"@type":"BreadcrumbList","@id":"https:\/\/ruishengglassco.com\/product\/rs014-375ml-clear-glass-bottle-wholesale-for-liquor#breadcrumb","itemListElement":[{"@type":"ListItem","position":1,"name":"Home","item":"https:\/\/glassbottlewholesale.com\/"},{"@type":"ListItem","position":2,"name":"Products","item":"https:\/\/glassbottlewholesale.com\/shop\/"},{"@type":"ListItem","position":3,"name":"RS014: 375ml Clear Glass Bottle Wholesale For Liquor"}]},{"@type":"WebSite","@id":"https:\/\/glassbottlewholesale.com\/#website","url":"https:\/\/glassbottlewholesale.com\/","name":"Glass Bottle Wholesale","description":"","publisher":{"@id":"https:\/\/glassbottlewholesale.com\/#organization"},"potentialAction":[{"@type":"SearchAction","target":{"@type":"EntryPoint","urlTemplate":"https:\/\/glassbottlewholesale.com\/?s={search_term_string}"},"query-input":{"@type":"PropertyValueSpecification","valueRequired":true,"valueName":"search_term_string"}}],"inLanguage":"de"},{"@type":"Organization","@id":"https:\/\/glassbottlewholesale.com\/#organization","name":"Glass Bottle Wholesale","url":"https:\/\/glassbottlewholesale.com\/","logo":{"@type":"ImageObject","inLanguage":"de","@id":"https:\/\/glassbottlewholesale.com\/#\/schema\/logo\/image\/","url":"https:\/\/glassbottlewholesale.com\/wp-content\/uploads\/2023\/12\/ruisheng-logo.webp","contentUrl":"https:\/\/glassbottlewholesale.com\/wp-content\/uploads\/2023\/12\/ruisheng-logo.webp","width":400,"height":233,"caption":"Glass Bottle Wholesale"},"image":{"@id":"https:\/\/glassbottlewholesale.com\/#\/schema\/logo\/image\/"}}]}},"_links":{"self":[{"href":"https:\/\/glassbottlewholesale.com\/de\/wp-json\/wp\/v2\/product\/2549","targetHints":{"allow":["GET"]}}],"collection":[{"href":"https:\/\/glassbottlewholesale.com\/de\/wp-json\/wp\/v2\/product"}],"about":[{"href":"https:\/\/glassbottlewholesale.com\/de\/wp-json\/wp\/v2\/types\/product"}],"replies":[{"embeddable":true,"href":"https:\/\/glassbottlewholesale.com\/de\/wp-json\/wp\/v2\/comments?post=2549"}],"wp:featuredmedia":[{"embeddable":true,"href":"https:\/\/glassbottlewholesale.com\/de\/wp-json\/wp\/v2\/media\/2669"}],"wp:attachment":[{"href":"https:\/\/glassbottlewholesale.com\/de\/wp-json\/wp\/v2\/media?parent=2549"}],"wp:term":[{"taxonomy":"product_brand","embeddable":true,"href":"https:\/\/glassbottlewholesale.com\/de\/wp-json\/wp\/v2\/product_brand?post=2549"},{"taxonomy":"product_cat","embeddable":true,"href":"https:\/\/glassbottlewholesale.com\/de\/wp-json\/wp\/v2\/product_cat?post=2549"},{"taxonomy":"product_tag","embeddable":true,"href":"https:\/\/glassbottlewholesale.com\/de\/wp-json\/wp\/v2\/product_tag?post=2549"}],"curies":[{"name":"wp","href":"https:\/\/api.w.org\/{rel}","templated":true}]}}