{"id":2602,"date":"2021-03-23T02:39:48","date_gmt":"2021-03-23T02:39:48","guid":{"rendered":"https:\/\/glassbottlewholesale.com\/?post_type=product&#038;p=2602"},"modified":"2025-06-23T08:57:13","modified_gmt":"2025-06-23T08:57:13","slug":"standard-750ml-weinflaschen-groshandel","status":"publish","type":"product","link":"https:\/\/glassbottlewholesale.com\/de\/standard-750ml-weinflaschen-groshandel\/","title":{"rendered":"RS010: Standard 750ml Weinflaschen Gro\u00dfhandel"},"content":{"rendered":"<h2>Detaillierte Informationen \u00fcber Standard 750ml Weinflaschen Gro\u00dfhandel<\/h2>\n<p>Diese Serie 750ml Weinflaschen Gro\u00dfhandel ist klassische Bordeaux-Flasche, die sehr h\u00e4ufig in der Weinverpackung ist. Mit runden, geraden Seiten, erm\u00f6glichen eine einfache Beschriftung, und punted Boden f\u00f6rdert eine saubere, klassische Optik zu steigern Regal Attraktivit\u00e4t. Gr\u00fcn und braun Glas Weinflasche angeboten.<\/p>\n<p>Als professioneller Anbieter von leeren Weinflaschen handelt Ruisheng mit allen Arten von Glasflaschen f\u00fcr Spirituosen, wie Weinflaschen, Whiskeyflaschen aus Glas, Brandyflaschen, Wodkaflaschen usw. Als professioneller Hersteller von Weinflaschen bieten wir OEM\/ODM\/Customized Weinflaschen-Service f\u00fcr Weing\u00fcter, Weinunternehmen, Getr\u00e4nkehersteller, Flaschengro\u00dfh\u00e4ndler, etc.<\/p>\n<ul>\n<li>Artikel: Standard 750ml Weinflaschen Gro\u00dfhandel<\/li>\n<li>Hersteller: Ruisheng Glasflasche<\/li>\n<li>Nummer: RS010<\/li>\n<li>Kapazit\u00e4t: 700 ml, 750 ml, 1000 ml, 2 l<\/li>\n<li>Material: Super-Flintglas, kristallwei\u00dfes Glas, teures wei\u00dfes Glas<\/li>\n<li>Verwendung: Weinflasche aus Glas<\/li>\n<li>Oberfl\u00e4che: Frost, Abziehbild, Malerei, Hei\u00dfpr\u00e4gung, Pr\u00e4gung, Druck, Gold, Siebdruck<\/li>\n<li>Logo: Akzeptables Kundenlogo<\/li>\n<li>Probe:\n<ul>\n<li>Formenbau<\/li>\n<li>Frei von vorhandenem Schimmel<\/li>\n<li>Als Worte oder Ihr Design<\/li>\n<\/ul>\n<\/li>\n<li>Verpackung: Standard-Exportkarton; oder Palettenverpackung; FGC-Kartonverpackung<\/li>\n<li>Lieferzeit: 20-30 Tage nach Auftragsbest\u00e4tigung<\/li>\n<\/ul>","protected":false},"excerpt":{"rendered":"<p>Ruisheng Gass Co, Ltd, ein professioneller Hersteller und Fabrik f\u00fcr Glasflaschen, ist spezialisiert auf die Erforschung, Gestaltung, Herstellung und Vermarktung aller Arten von Glasartikeln. Die Standard 750ml Weinflaschen Gro\u00dfhandel ist eine der beliebtesten Produktkategorien in unserem Unternehmen. Die 750ml Glasflasche ist die h\u00e4ufigste Glasflasche f\u00fcr Weinverpackungen.<\/p>\n<h4>Besorgte Informationen \u00fcber Standard 750ml Weinflaschen Gro\u00dfhandel<\/h4>\n<div><strong><span class=\"mceItemHidden\"><span class=\"hiddenSpellError\">\u2013<\/span><span class=\"hiddenSpellError\">Mindestbestellmenge<\/span>: 10000 PCS (Rund 10000\u00a0<span class=\"hiddenSpellError\">Stck<\/span>)<\/span><\/strong><\/div>\n<div><span class=\"mceItemHidden\"><span class=\"hiddenSpellError\">-Frei<\/span>\u00a0Probe angeboten. OEM\/ODM verf\u00fcgbar<\/span><\/div>\n<div><span class=\"mceItemHidden\"><span class=\"hiddenSpellError\">- Kostenlose Musterlieferung innerhalb von 7 Tagen; Lieferung von Gro\u00dfbestellungen innerhalb von 30 Tagen nach Auftragsbest\u00e4tigung.<\/span><\/span><\/div>\n<div>Wenn Sie sich f\u00fcr unsere Standard 750ml Weinflaschen im Gro\u00dfhandel interessieren, wenden Sie sich bitte an <a href=\"https:\/\/ruishengglassco.com\/contact\" target=\"_blank\" rel=\"noopener\">kontaktieren Sie uns.<\/a><\/div>","protected":false},"featured_media":2592,"comment_status":"open","ping_status":"closed","template":"","meta":[],"product_brand":[],"product_cat":[74],"product_tag":[],"class_list":{"0":"post-2602","1":"product","2":"type-product","3":"status-publish","4":"has-post-thumbnail","6":"product_cat-wine-bottle","7":"entry","8":"has-media","10":"first","11":"instock","12":"shipping-taxable","13":"product-type-simple"},"yoast_head":"<!-- This site is optimized with the Yoast SEO plugin v27.3 - https:\/\/yoast.com\/product\/yoast-seo-wordpress\/ -->\n<title>Standard 750ml Wine Bottles Wholesale | Brown Wine Bottle Supplier<\/title>\n<meta name=\"description\" content=\"Ruisheng Glass Co, ltd, a professional glass bottle supplier, provide Standard 750ml Wine Bottles Wholesale at factory outlet price.\" \/>\n<meta name=\"robots\" content=\"index, follow, max-snippet:-1, max-image-preview:large, max-video-preview:-1\" \/>\n<link rel=\"canonical\" href=\"https:\/\/ruishengglassco.com\/product\/rs010-standard-750ml-wine-bottles-wholesale\" \/>\n<meta property=\"og:locale\" content=\"de_DE\" \/>\n<meta property=\"og:type\" content=\"article\" \/>\n<meta property=\"og:title\" content=\"Standard 750ml Wine Bottles Wholesale | Brown Wine Bottle Supplier\" \/>\n<meta property=\"og:description\" content=\"Ruisheng Glass Co, ltd, a professional glass bottle supplier, provide Standard 750ml Wine Bottles Wholesale at factory outlet price.\" \/>\n<meta property=\"og:url\" content=\"https:\/\/ruishengglassco.com\/product\/rs010-standard-750ml-wine-bottles-wholesale\" \/>\n<meta property=\"og:site_name\" content=\"Glass Bottle Wholesale\" \/>\n<meta property=\"article:modified_time\" content=\"2025-06-23T08:57:13+00:00\" \/>\n<meta property=\"og:image\" content=\"https:\/\/glassbottlewholesale.com\/wp-content\/uploads\/2021\/03\/wine-bottle-9-1.jpeg\" \/>\n\t<meta property=\"og:image:width\" content=\"2304\" \/>\n\t<meta property=\"og:image:height\" content=\"2304\" \/>\n\t<meta property=\"og:image:type\" content=\"image\/jpeg\" \/>\n<meta name=\"twitter:card\" content=\"summary_large_image\" \/>\n<meta name=\"twitter:label1\" content=\"Gesch\u00e4tzte Lesezeit\" \/>\n\t<meta name=\"twitter:data1\" content=\"1\u00a0Minute\" \/>\n<script type=\"application\/ld+json\" class=\"yoast-schema-graph\">{\"@context\":\"https:\\\/\\\/schema.org\",\"@graph\":[{\"@type\":\"WebPage\",\"@id\":\"https:\\\/\\\/glassbottlewholesale.com\\\/standard-750ml-wine-bottles-wholesale\\\/\",\"url\":\"https:\\\/\\\/ruishengglassco.com\\\/product\\\/rs010-standard-750ml-wine-bottles-wholesale\",\"name\":\"Standard 750ml Wine Bottles Wholesale | Brown Wine Bottle Supplier\",\"isPartOf\":{\"@id\":\"https:\\\/\\\/glassbottlewholesale.com\\\/#website\"},\"primaryImageOfPage\":{\"@id\":\"https:\\\/\\\/ruishengglassco.com\\\/product\\\/rs010-standard-750ml-wine-bottles-wholesale#primaryimage\"},\"image\":{\"@id\":\"https:\\\/\\\/ruishengglassco.com\\\/product\\\/rs010-standard-750ml-wine-bottles-wholesale#primaryimage\"},\"thumbnailUrl\":\"https:\\\/\\\/glassbottlewholesale.com\\\/wp-content\\\/uploads\\\/2021\\\/03\\\/wine-bottle-9-1.jpeg\",\"datePublished\":\"2021-03-23T02:39:48+00:00\",\"dateModified\":\"2025-06-23T08:57:13+00:00\",\"description\":\"Ruisheng Glass Co, ltd, a professional glass bottle supplier, provide Standard 750ml Wine Bottles Wholesale at factory outlet price.\",\"breadcrumb\":{\"@id\":\"https:\\\/\\\/ruishengglassco.com\\\/product\\\/rs010-standard-750ml-wine-bottles-wholesale#breadcrumb\"},\"inLanguage\":\"de\",\"potentialAction\":[{\"@type\":\"ReadAction\",\"target\":[\"https:\\\/\\\/ruishengglassco.com\\\/product\\\/rs010-standard-750ml-wine-bottles-wholesale\"]}]},{\"@type\":\"ImageObject\",\"inLanguage\":\"de\",\"@id\":\"https:\\\/\\\/ruishengglassco.com\\\/product\\\/rs010-standard-750ml-wine-bottles-wholesale#primaryimage\",\"url\":\"https:\\\/\\\/glassbottlewholesale.com\\\/wp-content\\\/uploads\\\/2021\\\/03\\\/wine-bottle-9-1.jpeg\",\"contentUrl\":\"https:\\\/\\\/glassbottlewholesale.com\\\/wp-content\\\/uploads\\\/2021\\\/03\\\/wine-bottle-9-1.jpeg\",\"width\":2304,\"height\":2304,\"caption\":\"750ml wine bottles wholesale\"},{\"@type\":\"BreadcrumbList\",\"@id\":\"https:\\\/\\\/ruishengglassco.com\\\/product\\\/rs010-standard-750ml-wine-bottles-wholesale#breadcrumb\",\"itemListElement\":[{\"@type\":\"ListItem\",\"position\":1,\"name\":\"Home\",\"item\":\"https:\\\/\\\/glassbottlewholesale.com\\\/\"},{\"@type\":\"ListItem\",\"position\":2,\"name\":\"Products\",\"item\":\"https:\\\/\\\/glassbottlewholesale.com\\\/shop\\\/\"},{\"@type\":\"ListItem\",\"position\":3,\"name\":\"RS010: Standard 750ml Wine Bottles Wholesale\"}]},{\"@type\":\"WebSite\",\"@id\":\"https:\\\/\\\/glassbottlewholesale.com\\\/#website\",\"url\":\"https:\\\/\\\/glassbottlewholesale.com\\\/\",\"name\":\"Glass Bottle Wholesale\",\"description\":\"\",\"publisher\":{\"@id\":\"https:\\\/\\\/glassbottlewholesale.com\\\/#organization\"},\"potentialAction\":[{\"@type\":\"SearchAction\",\"target\":{\"@type\":\"EntryPoint\",\"urlTemplate\":\"https:\\\/\\\/glassbottlewholesale.com\\\/?s={search_term_string}\"},\"query-input\":{\"@type\":\"PropertyValueSpecification\",\"valueRequired\":true,\"valueName\":\"search_term_string\"}}],\"inLanguage\":\"de\"},{\"@type\":\"Organization\",\"@id\":\"https:\\\/\\\/glassbottlewholesale.com\\\/#organization\",\"name\":\"Glass Bottle Wholesale\",\"url\":\"https:\\\/\\\/glassbottlewholesale.com\\\/\",\"logo\":{\"@type\":\"ImageObject\",\"inLanguage\":\"de\",\"@id\":\"https:\\\/\\\/glassbottlewholesale.com\\\/#\\\/schema\\\/logo\\\/image\\\/\",\"url\":\"https:\\\/\\\/glassbottlewholesale.com\\\/wp-content\\\/uploads\\\/2023\\\/12\\\/ruisheng-logo.webp\",\"contentUrl\":\"https:\\\/\\\/glassbottlewholesale.com\\\/wp-content\\\/uploads\\\/2023\\\/12\\\/ruisheng-logo.webp\",\"width\":400,\"height\":233,\"caption\":\"Glass Bottle Wholesale\"},\"image\":{\"@id\":\"https:\\\/\\\/glassbottlewholesale.com\\\/#\\\/schema\\\/logo\\\/image\\\/\"}}]}<\/script>\n<!-- \/ Yoast SEO plugin. -->","yoast_head_json":{"title":"Standard 750ml Weinflaschen Gro\u00dfhandel | Lieferant von braunen Weinflaschen","description":"Ruisheng Glass Co., Ltd., ein professioneller Glasflaschenlieferant, bietet Standard-Weinflaschen mit 750 ml im Gro\u00dfhandel zum Fabrikverkaufspreis an.","robots":{"index":"index","follow":"follow","max-snippet":"max-snippet:-1","max-image-preview":"max-image-preview:large","max-video-preview":"max-video-preview:-1"},"canonical":"https:\/\/ruishengglassco.com\/product\/rs010-standard-750ml-wine-bottles-wholesale","og_locale":"de_DE","og_type":"article","og_title":"Standard 750ml Wine Bottles Wholesale | Brown Wine Bottle Supplier","og_description":"Ruisheng Glass Co, ltd, a professional glass bottle supplier, provide Standard 750ml Wine Bottles Wholesale at factory outlet price.","og_url":"https:\/\/ruishengglassco.com\/product\/rs010-standard-750ml-wine-bottles-wholesale","og_site_name":"Glass Bottle Wholesale","article_modified_time":"2025-06-23T08:57:13+00:00","og_image":[{"width":2304,"height":2304,"url":"https:\/\/glassbottlewholesale.com\/wp-content\/uploads\/2021\/03\/wine-bottle-9-1.jpeg","type":"image\/jpeg"}],"twitter_card":"summary_large_image","twitter_misc":{"Gesch\u00e4tzte Lesezeit":"1\u00a0Minute"},"schema":{"@context":"https:\/\/schema.org","@graph":[{"@type":"WebPage","@id":"https:\/\/glassbottlewholesale.com\/standard-750ml-wine-bottles-wholesale\/","url":"https:\/\/ruishengglassco.com\/product\/rs010-standard-750ml-wine-bottles-wholesale","name":"Standard 750ml Weinflaschen Gro\u00dfhandel | Lieferant von braunen Weinflaschen","isPartOf":{"@id":"https:\/\/glassbottlewholesale.com\/#website"},"primaryImageOfPage":{"@id":"https:\/\/ruishengglassco.com\/product\/rs010-standard-750ml-wine-bottles-wholesale#primaryimage"},"image":{"@id":"https:\/\/ruishengglassco.com\/product\/rs010-standard-750ml-wine-bottles-wholesale#primaryimage"},"thumbnailUrl":"https:\/\/glassbottlewholesale.com\/wp-content\/uploads\/2021\/03\/wine-bottle-9-1.jpeg","datePublished":"2021-03-23T02:39:48+00:00","dateModified":"2025-06-23T08:57:13+00:00","description":"Ruisheng Glass Co., Ltd., ein professioneller Glasflaschenlieferant, bietet Standard-Weinflaschen mit 750 ml im Gro\u00dfhandel zum Fabrikverkaufspreis an.","breadcrumb":{"@id":"https:\/\/ruishengglassco.com\/product\/rs010-standard-750ml-wine-bottles-wholesale#breadcrumb"},"inLanguage":"de","potentialAction":[{"@type":"ReadAction","target":["https:\/\/ruishengglassco.com\/product\/rs010-standard-750ml-wine-bottles-wholesale"]}]},{"@type":"ImageObject","inLanguage":"de","@id":"https:\/\/ruishengglassco.com\/product\/rs010-standard-750ml-wine-bottles-wholesale#primaryimage","url":"https:\/\/glassbottlewholesale.com\/wp-content\/uploads\/2021\/03\/wine-bottle-9-1.jpeg","contentUrl":"https:\/\/glassbottlewholesale.com\/wp-content\/uploads\/2021\/03\/wine-bottle-9-1.jpeg","width":2304,"height":2304,"caption":"750ml wine bottles wholesale"},{"@type":"BreadcrumbList","@id":"https:\/\/ruishengglassco.com\/product\/rs010-standard-750ml-wine-bottles-wholesale#breadcrumb","itemListElement":[{"@type":"ListItem","position":1,"name":"Home","item":"https:\/\/glassbottlewholesale.com\/"},{"@type":"ListItem","position":2,"name":"Products","item":"https:\/\/glassbottlewholesale.com\/shop\/"},{"@type":"ListItem","position":3,"name":"RS010: Standard 750ml Wine Bottles Wholesale"}]},{"@type":"WebSite","@id":"https:\/\/glassbottlewholesale.com\/#website","url":"https:\/\/glassbottlewholesale.com\/","name":"Glass Bottle Wholesale","description":"","publisher":{"@id":"https:\/\/glassbottlewholesale.com\/#organization"},"potentialAction":[{"@type":"SearchAction","target":{"@type":"EntryPoint","urlTemplate":"https:\/\/glassbottlewholesale.com\/?s={search_term_string}"},"query-input":{"@type":"PropertyValueSpecification","valueRequired":true,"valueName":"search_term_string"}}],"inLanguage":"de"},{"@type":"Organization","@id":"https:\/\/glassbottlewholesale.com\/#organization","name":"Glass Bottle Wholesale","url":"https:\/\/glassbottlewholesale.com\/","logo":{"@type":"ImageObject","inLanguage":"de","@id":"https:\/\/glassbottlewholesale.com\/#\/schema\/logo\/image\/","url":"https:\/\/glassbottlewholesale.com\/wp-content\/uploads\/2023\/12\/ruisheng-logo.webp","contentUrl":"https:\/\/glassbottlewholesale.com\/wp-content\/uploads\/2023\/12\/ruisheng-logo.webp","width":400,"height":233,"caption":"Glass Bottle Wholesale"},"image":{"@id":"https:\/\/glassbottlewholesale.com\/#\/schema\/logo\/image\/"}}]}},"_links":{"self":[{"href":"https:\/\/glassbottlewholesale.com\/de\/wp-json\/wp\/v2\/product\/2602","targetHints":{"allow":["GET"]}}],"collection":[{"href":"https:\/\/glassbottlewholesale.com\/de\/wp-json\/wp\/v2\/product"}],"about":[{"href":"https:\/\/glassbottlewholesale.com\/de\/wp-json\/wp\/v2\/types\/product"}],"replies":[{"embeddable":true,"href":"https:\/\/glassbottlewholesale.com\/de\/wp-json\/wp\/v2\/comments?post=2602"}],"wp:featuredmedia":[{"embeddable":true,"href":"https:\/\/glassbottlewholesale.com\/de\/wp-json\/wp\/v2\/media\/2592"}],"wp:attachment":[{"href":"https:\/\/glassbottlewholesale.com\/de\/wp-json\/wp\/v2\/media?parent=2602"}],"wp:term":[{"taxonomy":"product_brand","embeddable":true,"href":"https:\/\/glassbottlewholesale.com\/de\/wp-json\/wp\/v2\/product_brand?post=2602"},{"taxonomy":"product_cat","embeddable":true,"href":"https:\/\/glassbottlewholesale.com\/de\/wp-json\/wp\/v2\/product_cat?post=2602"},{"taxonomy":"product_tag","embeddable":true,"href":"https:\/\/glassbottlewholesale.com\/de\/wp-json\/wp\/v2\/product_tag?post=2602"}],"curies":[{"name":"wp","href":"https:\/\/api.w.org\/{rel}","templated":true}]}}