{"id":2603,"date":"2021-03-23T02:42:43","date_gmt":"2021-03-23T02:42:43","guid":{"rendered":"https:\/\/glassbottlewholesale.com\/?post_type=product&#038;p=2603"},"modified":"2025-06-23T08:42:46","modified_gmt":"2025-06-23T08:42:46","slug":"standard-bordeaux-flasche-weinflasche-hersteller","status":"publish","type":"product","link":"https:\/\/glassbottlewholesale.com\/de\/standard-bordeaux-flasche-weinflasche-hersteller\/","title":{"rendered":"RS009 Standard 750ml Bordeaux Glas Weinflasche Zitate"},"content":{"rendered":"<h4>Detaillierte Informationen \u00fcber Standard 750ml Bordeaux-Flaschen Gro\u00dfhandel<\/h4>\n<ul>\n<li>Artikel: Standard 750ml Bordeaux-Flasche<\/li>\n<li>Hersteller: Ruisheng Glasflasche<\/li>\n<li>Nummer: RS009<\/li>\n<li>Fassungsverm\u00f6gen: 50ml, 200ml, 300ml, 700ml, 750ml, 1000ml, 2L und kundenspezifischer Weinflaschenservice<\/li>\n<li>Verschlusstyp: Schraubverschluss<\/li>\n<li>Material: Super-Flintglas, kristallwei\u00dfes Glas, teures wei\u00dfes Glas<\/li>\n<li>Verwendung: Weinflasche aus Glas<\/li>\n<li>Oberfl\u00e4che: Frost, Abziehbild, Malerei, Hei\u00dfpr\u00e4gung, Pr\u00e4gung, Druck, Gold, Siebdruck<\/li>\n<li>Logo: Akzeptables Kundenlogo<\/li>\n<li>Probe:\n<ul>\n<li>Formenbau<\/li>\n<li>Frei von vorhandenem Schimmel<\/li>\n<li>Als Worte oder Ihr Design<\/li>\n<\/ul>\n<\/li>\n<li>Verpackung: Standard-Exportkarton; oder Palettenverpackung; FGC-Kartonverpackung<\/li>\n<li>Lieferzeit: 20-30 Tage nach Auftragsbest\u00e4tigung<\/li>\n<\/ul>\n<p>Diese Serie 750ml Bordeaux-Flasche Gro\u00dfhandel sind verarbeitet und hergestellt aus mehr als 10 Arten von Rohstoffen, wie Quarzsand, Natriumcarbonat, Kalkstein, Dolomit, Feldspat, Borax, Barium, etc. Und durch 8 Produktionsprozesse verarbeitet: Rohstoffpr\u00fcfung, Mischen, Glasflaschenherstellung, K\u00fchlung, Herstellung von Etiketten, Frosting, Trocknung und \u00dcberpr\u00fcfung.<\/p>\n<p><img decoding=\"async\" class=\"aligncenter wp-image-1556 size-full\" src=\"https:\/\/glassbottlewholesale.com\/wp-content\/uploads\/2019\/11\/custom-glass-bottle-manufacturing.png\" alt=\"Verfahren zur Herstellung von Glasflaschen\" width=\"863\" height=\"881\" srcset=\"https:\/\/glassbottlewholesale.com\/wp-content\/uploads\/2019\/11\/custom-glass-bottle-manufacturing.png 863w, https:\/\/glassbottlewholesale.com\/wp-content\/uploads\/2019\/11\/custom-glass-bottle-manufacturing-294x300.png 294w, https:\/\/glassbottlewholesale.com\/wp-content\/uploads\/2019\/11\/custom-glass-bottle-manufacturing-768x784.png 768w, https:\/\/glassbottlewholesale.com\/wp-content\/uploads\/2019\/11\/custom-glass-bottle-manufacturing-600x613.png 600w\" sizes=\"(max-width: 863px) 100vw, 863px\" \/><\/p>\n<p>Als professioneller Hersteller von Standard-Bordeauxflaschen bietet unser Unternehmen einen OEM\/ODM\/Sonderanfertigungsservice f\u00fcr Glasflaschen an. Sie k\u00f6nnen die freie Form w\u00e4hlen, die in unserer Firma existiert, aber auch uns Design-Entw\u00fcrfe oder Fotos schicken.<\/p>\n<p>Wenn Sie mehr Informationen \u00fcber den Gro\u00dfhandel mit Standard-Bordeaux-Flaschen erhalten m\u00f6chten, wenden Sie sich bitte an <a href=\"https:\/\/ruishengglassco.com\/contact\" target=\"_blank\" rel=\"noopener\">kontaktiere uns<\/a> Hier.<\/p>\n<p>&nbsp;<\/p>","protected":false},"excerpt":{"rendered":"<p>M\u00f6chten Sie Weinflaschen in gro\u00dfen Mengen kaufen? Hier unsere Standard 750ml Weinflaschen Gro\u00dfhandel wird Ihre Bed\u00fcrfnisse zu erf\u00fcllen!<\/p>\n<p>Als professioneller Hersteller von Bordeaux-Glasflaschen konzentriert sich Ruisheng Glass seit \u00fcber 10 Jahren auf das Design und die Herstellung von Weinflaschen. Au\u00dferdem bieten wir OEM\/ODM\/Customized Glasflasche Service f\u00fcr unsere Kunden.<\/p>\n<p>Die Bordeauxflasche ist die g\u00e4ngigste Flasche f\u00fcr Weinverpackungen. Sie ist in der ganzen Welt sehr beliebt. Sie hat gerade Seiten und markante, hohe Schultern und ist in einer Vielzahl von Farben erh\u00e4ltlich. Rotweine werden in der Regel in dunkelgr\u00fcnes oder braunes Glas abgef\u00fcllt, um sie w\u00e4hrend ihrer Reifung vor der Sonne zu sch\u00fctzen.<\/p>\n<p>Hier finden Sie einige Informationen zu Ihrer Bestellung von Weinflaschen in gro\u00dfen Mengen bei unserem Unternehmen:<\/p>\n<div><strong><span class=\"mceItemHidden\"><span class=\"hiddenSpellError\">\u2013<\/span><span style=\"color: #ff6600\"><span class=\"hiddenSpellError\">Mindestbestellmenge<\/span>: 10000 PCS (Rund 10000\u00a0<span class=\"hiddenSpellError\">Stck<\/span>)<\/span><\/span><\/strong><\/div>\n<div><span class=\"mceItemHidden\"><span class=\"hiddenSpellError\">-Frei<\/span>\u00a0Probe angeboten. OEM\/ODM verf\u00fcgbar<\/span><\/div>\n<div><span class=\"mceItemHidden\"><span class=\"hiddenSpellError\">- Kostenlose Musterlieferung innerhalb von 7 Tagen; Lieferung von Gro\u00dfbestellungen innerhalb von 30 Tagen nach Auftragsbest\u00e4tigung.<\/span><\/span><\/div>","protected":false},"featured_media":4459,"comment_status":"open","ping_status":"closed","template":"","meta":[],"product_brand":[],"product_cat":[52,74],"product_tag":[],"class_list":{"0":"post-2603","1":"product","2":"type-product","3":"status-publish","4":"has-post-thumbnail","6":"product_cat-750ml-glass-bottle","7":"product_cat-wine-bottle","8":"entry","9":"has-media","11":"first","12":"instock","13":"shipping-taxable","14":"product-type-simple"},"yoast_head":"<!-- This site is optimized with the Yoast SEO plugin v27.3 - https:\/\/yoast.com\/product\/yoast-seo-wordpress\/ -->\n<title>Buy Wine Bottles in Bulk | Standard Bordeaux Bottle Manufacturer<\/title>\n<meta name=\"description\" content=\"Want to buy wine bottles in bulk? Click here to get 750ml wine bottles wholesale from Standard Bordeaux Bottle Manufacturer.\" \/>\n<meta name=\"robots\" content=\"index, follow, max-snippet:-1, max-image-preview:large, max-video-preview:-1\" \/>\n<link rel=\"canonical\" href=\"https:\/\/ruishengglassco.com\/product\/rs009-standard-750ml-bordeaux-glass-wine-bottle-quotes\" \/>\n<meta property=\"og:locale\" content=\"de_DE\" \/>\n<meta property=\"og:type\" content=\"article\" \/>\n<meta property=\"og:title\" content=\"Buy Wine Bottles in Bulk | Standard Bordeaux Bottle Manufacturer\" \/>\n<meta property=\"og:description\" content=\"Want to buy wine bottles in bulk? Click here to get 750ml wine bottles wholesale from Standard Bordeaux Bottle Manufacturer.\" \/>\n<meta property=\"og:url\" content=\"https:\/\/ruishengglassco.com\/product\/rs009-standard-750ml-bordeaux-glass-wine-bottle-quotes\" \/>\n<meta property=\"og:site_name\" content=\"Glass Bottle Wholesale\" \/>\n<meta property=\"article:modified_time\" content=\"2025-06-23T08:42:46+00:00\" \/>\n<meta property=\"og:image\" content=\"https:\/\/glassbottlewholesale.com\/wp-content\/uploads\/2023\/12\/Standard-Bordeaux-Bottle.png\" \/>\n\t<meta property=\"og:image:width\" content=\"500\" \/>\n\t<meta property=\"og:image:height\" content=\"500\" \/>\n\t<meta property=\"og:image:type\" content=\"image\/png\" \/>\n<meta name=\"twitter:card\" content=\"summary_large_image\" \/>\n<meta name=\"twitter:label1\" content=\"Gesch\u00e4tzte Lesezeit\" \/>\n\t<meta name=\"twitter:data1\" content=\"2\u00a0Minuten\" \/>\n<script type=\"application\/ld+json\" class=\"yoast-schema-graph\">{\"@context\":\"https:\\\/\\\/schema.org\",\"@graph\":[{\"@type\":\"WebPage\",\"@id\":\"https:\\\/\\\/glassbottlewholesale.com\\\/standard-bordeaux-bottle-wine-bottle-manufacturer\\\/\",\"url\":\"https:\\\/\\\/ruishengglassco.com\\\/product\\\/rs009-standard-750ml-bordeaux-glass-wine-bottle-quotes\",\"name\":\"Buy Wine Bottles in Bulk | Standard Bordeaux Bottle Manufacturer\",\"isPartOf\":{\"@id\":\"https:\\\/\\\/glassbottlewholesale.com\\\/#website\"},\"primaryImageOfPage\":{\"@id\":\"https:\\\/\\\/ruishengglassco.com\\\/product\\\/rs009-standard-750ml-bordeaux-glass-wine-bottle-quotes#primaryimage\"},\"image\":{\"@id\":\"https:\\\/\\\/ruishengglassco.com\\\/product\\\/rs009-standard-750ml-bordeaux-glass-wine-bottle-quotes#primaryimage\"},\"thumbnailUrl\":\"https:\\\/\\\/glassbottlewholesale.com\\\/wp-content\\\/uploads\\\/2023\\\/12\\\/Standard-Bordeaux-Bottle.png\",\"datePublished\":\"2021-03-23T02:42:43+00:00\",\"dateModified\":\"2025-06-23T08:42:46+00:00\",\"description\":\"Want to buy wine bottles in bulk? Click here to get 750ml wine bottles wholesale from Standard Bordeaux Bottle Manufacturer.\",\"breadcrumb\":{\"@id\":\"https:\\\/\\\/ruishengglassco.com\\\/product\\\/rs009-standard-750ml-bordeaux-glass-wine-bottle-quotes#breadcrumb\"},\"inLanguage\":\"de\",\"potentialAction\":[{\"@type\":\"ReadAction\",\"target\":[\"https:\\\/\\\/ruishengglassco.com\\\/product\\\/rs009-standard-750ml-bordeaux-glass-wine-bottle-quotes\"]}]},{\"@type\":\"ImageObject\",\"inLanguage\":\"de\",\"@id\":\"https:\\\/\\\/ruishengglassco.com\\\/product\\\/rs009-standard-750ml-bordeaux-glass-wine-bottle-quotes#primaryimage\",\"url\":\"https:\\\/\\\/glassbottlewholesale.com\\\/wp-content\\\/uploads\\\/2023\\\/12\\\/Standard-Bordeaux-Bottle.png\",\"contentUrl\":\"https:\\\/\\\/glassbottlewholesale.com\\\/wp-content\\\/uploads\\\/2023\\\/12\\\/Standard-Bordeaux-Bottle.png\",\"width\":500,\"height\":500,\"caption\":\"Standard Bordeaux Bottle\"},{\"@type\":\"BreadcrumbList\",\"@id\":\"https:\\\/\\\/ruishengglassco.com\\\/product\\\/rs009-standard-750ml-bordeaux-glass-wine-bottle-quotes#breadcrumb\",\"itemListElement\":[{\"@type\":\"ListItem\",\"position\":1,\"name\":\"Home\",\"item\":\"https:\\\/\\\/glassbottlewholesale.com\\\/\"},{\"@type\":\"ListItem\",\"position\":2,\"name\":\"Products\",\"item\":\"https:\\\/\\\/glassbottlewholesale.com\\\/shop\\\/\"},{\"@type\":\"ListItem\",\"position\":3,\"name\":\"RS009 Standard 750ml Bordeaux Glass Wine Bottle Quotes\"}]},{\"@type\":\"WebSite\",\"@id\":\"https:\\\/\\\/glassbottlewholesale.com\\\/#website\",\"url\":\"https:\\\/\\\/glassbottlewholesale.com\\\/\",\"name\":\"Glass Bottle Wholesale\",\"description\":\"\",\"publisher\":{\"@id\":\"https:\\\/\\\/glassbottlewholesale.com\\\/#organization\"},\"potentialAction\":[{\"@type\":\"SearchAction\",\"target\":{\"@type\":\"EntryPoint\",\"urlTemplate\":\"https:\\\/\\\/glassbottlewholesale.com\\\/?s={search_term_string}\"},\"query-input\":{\"@type\":\"PropertyValueSpecification\",\"valueRequired\":true,\"valueName\":\"search_term_string\"}}],\"inLanguage\":\"de\"},{\"@type\":\"Organization\",\"@id\":\"https:\\\/\\\/glassbottlewholesale.com\\\/#organization\",\"name\":\"Glass Bottle Wholesale\",\"url\":\"https:\\\/\\\/glassbottlewholesale.com\\\/\",\"logo\":{\"@type\":\"ImageObject\",\"inLanguage\":\"de\",\"@id\":\"https:\\\/\\\/glassbottlewholesale.com\\\/#\\\/schema\\\/logo\\\/image\\\/\",\"url\":\"https:\\\/\\\/glassbottlewholesale.com\\\/wp-content\\\/uploads\\\/2023\\\/12\\\/ruisheng-logo.webp\",\"contentUrl\":\"https:\\\/\\\/glassbottlewholesale.com\\\/wp-content\\\/uploads\\\/2023\\\/12\\\/ruisheng-logo.webp\",\"width\":400,\"height\":233,\"caption\":\"Glass Bottle Wholesale\"},\"image\":{\"@id\":\"https:\\\/\\\/glassbottlewholesale.com\\\/#\\\/schema\\\/logo\\\/image\\\/\"}}]}<\/script>\n<!-- \/ Yoast SEO plugin. -->","yoast_head_json":{"title":"Kaufen Sie Weinflaschen in Bulk | Standard-Bordeaux-Flasche Hersteller","description":"M\u00f6chten Sie Weinflaschen in gro\u00dfen Mengen kaufen? Klicken Sie hier, um 750ml Weinflaschen im Gro\u00dfhandel von Standard Bordeaux Bottle Manufacturer zu erhalten.","robots":{"index":"index","follow":"follow","max-snippet":"max-snippet:-1","max-image-preview":"max-image-preview:large","max-video-preview":"max-video-preview:-1"},"canonical":"https:\/\/ruishengglassco.com\/product\/rs009-standard-750ml-bordeaux-glass-wine-bottle-quotes","og_locale":"de_DE","og_type":"article","og_title":"Buy Wine Bottles in Bulk | Standard Bordeaux Bottle Manufacturer","og_description":"Want to buy wine bottles in bulk? Click here to get 750ml wine bottles wholesale from Standard Bordeaux Bottle Manufacturer.","og_url":"https:\/\/ruishengglassco.com\/product\/rs009-standard-750ml-bordeaux-glass-wine-bottle-quotes","og_site_name":"Glass Bottle Wholesale","article_modified_time":"2025-06-23T08:42:46+00:00","og_image":[{"width":500,"height":500,"url":"https:\/\/glassbottlewholesale.com\/wp-content\/uploads\/2023\/12\/Standard-Bordeaux-Bottle.png","type":"image\/png"}],"twitter_card":"summary_large_image","twitter_misc":{"Gesch\u00e4tzte Lesezeit":"2\u00a0Minuten"},"schema":{"@context":"https:\/\/schema.org","@graph":[{"@type":"WebPage","@id":"https:\/\/glassbottlewholesale.com\/standard-bordeaux-bottle-wine-bottle-manufacturer\/","url":"https:\/\/ruishengglassco.com\/product\/rs009-standard-750ml-bordeaux-glass-wine-bottle-quotes","name":"Kaufen Sie Weinflaschen in Bulk | Standard-Bordeaux-Flasche Hersteller","isPartOf":{"@id":"https:\/\/glassbottlewholesale.com\/#website"},"primaryImageOfPage":{"@id":"https:\/\/ruishengglassco.com\/product\/rs009-standard-750ml-bordeaux-glass-wine-bottle-quotes#primaryimage"},"image":{"@id":"https:\/\/ruishengglassco.com\/product\/rs009-standard-750ml-bordeaux-glass-wine-bottle-quotes#primaryimage"},"thumbnailUrl":"https:\/\/glassbottlewholesale.com\/wp-content\/uploads\/2023\/12\/Standard-Bordeaux-Bottle.png","datePublished":"2021-03-23T02:42:43+00:00","dateModified":"2025-06-23T08:42:46+00:00","description":"M\u00f6chten Sie Weinflaschen in gro\u00dfen Mengen kaufen? Klicken Sie hier, um 750ml Weinflaschen im Gro\u00dfhandel von Standard Bordeaux Bottle Manufacturer zu erhalten.","breadcrumb":{"@id":"https:\/\/ruishengglassco.com\/product\/rs009-standard-750ml-bordeaux-glass-wine-bottle-quotes#breadcrumb"},"inLanguage":"de","potentialAction":[{"@type":"ReadAction","target":["https:\/\/ruishengglassco.com\/product\/rs009-standard-750ml-bordeaux-glass-wine-bottle-quotes"]}]},{"@type":"ImageObject","inLanguage":"de","@id":"https:\/\/ruishengglassco.com\/product\/rs009-standard-750ml-bordeaux-glass-wine-bottle-quotes#primaryimage","url":"https:\/\/glassbottlewholesale.com\/wp-content\/uploads\/2023\/12\/Standard-Bordeaux-Bottle.png","contentUrl":"https:\/\/glassbottlewholesale.com\/wp-content\/uploads\/2023\/12\/Standard-Bordeaux-Bottle.png","width":500,"height":500,"caption":"Standard Bordeaux Bottle"},{"@type":"BreadcrumbList","@id":"https:\/\/ruishengglassco.com\/product\/rs009-standard-750ml-bordeaux-glass-wine-bottle-quotes#breadcrumb","itemListElement":[{"@type":"ListItem","position":1,"name":"Home","item":"https:\/\/glassbottlewholesale.com\/"},{"@type":"ListItem","position":2,"name":"Products","item":"https:\/\/glassbottlewholesale.com\/shop\/"},{"@type":"ListItem","position":3,"name":"RS009 Standard 750ml Bordeaux Glass Wine Bottle Quotes"}]},{"@type":"WebSite","@id":"https:\/\/glassbottlewholesale.com\/#website","url":"https:\/\/glassbottlewholesale.com\/","name":"Glass Bottle Wholesale","description":"","publisher":{"@id":"https:\/\/glassbottlewholesale.com\/#organization"},"potentialAction":[{"@type":"SearchAction","target":{"@type":"EntryPoint","urlTemplate":"https:\/\/glassbottlewholesale.com\/?s={search_term_string}"},"query-input":{"@type":"PropertyValueSpecification","valueRequired":true,"valueName":"search_term_string"}}],"inLanguage":"de"},{"@type":"Organization","@id":"https:\/\/glassbottlewholesale.com\/#organization","name":"Glass Bottle Wholesale","url":"https:\/\/glassbottlewholesale.com\/","logo":{"@type":"ImageObject","inLanguage":"de","@id":"https:\/\/glassbottlewholesale.com\/#\/schema\/logo\/image\/","url":"https:\/\/glassbottlewholesale.com\/wp-content\/uploads\/2023\/12\/ruisheng-logo.webp","contentUrl":"https:\/\/glassbottlewholesale.com\/wp-content\/uploads\/2023\/12\/ruisheng-logo.webp","width":400,"height":233,"caption":"Glass Bottle Wholesale"},"image":{"@id":"https:\/\/glassbottlewholesale.com\/#\/schema\/logo\/image\/"}}]}},"_links":{"self":[{"href":"https:\/\/glassbottlewholesale.com\/de\/wp-json\/wp\/v2\/product\/2603","targetHints":{"allow":["GET"]}}],"collection":[{"href":"https:\/\/glassbottlewholesale.com\/de\/wp-json\/wp\/v2\/product"}],"about":[{"href":"https:\/\/glassbottlewholesale.com\/de\/wp-json\/wp\/v2\/types\/product"}],"replies":[{"embeddable":true,"href":"https:\/\/glassbottlewholesale.com\/de\/wp-json\/wp\/v2\/comments?post=2603"}],"wp:featuredmedia":[{"embeddable":true,"href":"https:\/\/glassbottlewholesale.com\/de\/wp-json\/wp\/v2\/media\/4459"}],"wp:attachment":[{"href":"https:\/\/glassbottlewholesale.com\/de\/wp-json\/wp\/v2\/media?parent=2603"}],"wp:term":[{"taxonomy":"product_brand","embeddable":true,"href":"https:\/\/glassbottlewholesale.com\/de\/wp-json\/wp\/v2\/product_brand?post=2603"},{"taxonomy":"product_cat","embeddable":true,"href":"https:\/\/glassbottlewholesale.com\/de\/wp-json\/wp\/v2\/product_cat?post=2603"},{"taxonomy":"product_tag","embeddable":true,"href":"https:\/\/glassbottlewholesale.com\/de\/wp-json\/wp\/v2\/product_tag?post=2603"}],"curies":[{"name":"wp","href":"https:\/\/api.w.org\/{rel}","templated":true}]}}