{"id":2604,"date":"2021-03-23T02:45:34","date_gmt":"2021-03-23T02:45:34","guid":{"rendered":"https:\/\/glassbottlewholesale.com\/?post_type=product&#038;p=2604"},"modified":"2023-12-28T09:53:35","modified_gmt":"2023-12-28T09:53:35","slug":"750ml-elsass-flasche-weinflasche-groshandel-lieferant","status":"publish","type":"product","link":"https:\/\/glassbottlewholesale.com\/de\/750ml-elsass-flasche-weinflasche-groshandel-lieferant\/","title":{"rendered":"RS008: 750ml Elsass Flasche Weinflasche Gro\u00dfhandel Lieferant"},"content":{"rendered":"<h4>Detaillierte Informationen \u00fcber 750ml Weinflasche Gro\u00dfhandel-Elsass Flasche<\/h4>\n<ul>\n<li>Artikel: 750ml Elsass Flasche Weinflasche Gro\u00dfhandel<\/li>\n<li>Hersteller: Ruisheng Glasflasche<\/li>\n<li>Nummer: RS-008<\/li>\n<li>Kapazit\u00e4t: 700 ml, 750 ml, 1000 ml, 2 l<\/li>\n<li>Material: Super-Flintglas, kristallwei\u00dfes Glas, teures wei\u00dfes Glas<\/li>\n<li>Verwendung: Weinflasche aus Glas<\/li>\n<li>Oberfl\u00e4che: Frost, Abziehbild, Malerei, Hei\u00dfpr\u00e4gung, Pr\u00e4gung, Druck, Gold, Siebdruck<\/li>\n<li>Logo: Akzeptables Kundenlogo<\/li>\n<li>Probe:\n<ul>\n<li>Formenbau<\/li>\n<li>Frei von vorhandenem Schimmel<\/li>\n<li>Als Worte oder Ihr Design<\/li>\n<\/ul>\n<\/li>\n<li>Verpackung: Standard-Exportkarton; oder Palettenverpackung; FGC-Kartonverpackung<\/li>\n<li>Lieferzeit: 20-30 Tage nach Auftragsbest\u00e4tigung<\/li>\n<\/ul>\n<p>&nbsp;<\/p>","protected":false},"excerpt":{"rendered":"<p>Ruisheng, ein professioneller Flaschenhersteller aus dem Elsass, bietet 750-ml-Weinflaschen im Gro\u00dfhandel f\u00fcr Weing\u00fcter, Weinunternehmen, Lebensmittelverpackungsunternehmen, Glasflaschengro\u00dfh\u00e4ndler und Einzelh\u00e4ndler an. Diese leere Weinflasche ist auch als germanische Flasche bekannt und wurde speziell f\u00fcr die Verpackung von Weinflaschen entwickelt.<\/p>\n<p>Als professioneller Hersteller und Lieferant von Glasflaschen bieten wir unseren Kunden einen ma\u00dfgeschneiderten Weinflaschenservice. OEM\/ODM-Service angeboten.<\/p>\n<div><strong><span class=\"mceItemHidden\"><span class=\"hiddenSpellError\">\u2013<\/span><span class=\"hiddenSpellError\">Mindestbestellmenge<\/span>: 10000 PCS (Rund 10000\u00a0<span class=\"hiddenSpellError\">Stck<\/span>)<\/span><\/strong><\/div>\n<div><span class=\"mceItemHidden\"><span class=\"hiddenSpellError\">-Frei<\/span>\u00a0Probe angeboten. OEM\/ODM verf\u00fcgbar<\/span><\/div>\n<div><span class=\"mceItemHidden\"><span class=\"hiddenSpellError\">- Kostenlose Musterlieferung innerhalb von 7 Tagen; Lieferung von Gro\u00dfbestellungen innerhalb von 30 Tagen nach Auftragsbest\u00e4tigung.<\/span><\/span><\/div>\n<div><\/div>\n<p>&nbsp;<\/p>","protected":false},"featured_media":4457,"comment_status":"open","ping_status":"closed","template":"","meta":[],"product_brand":[],"product_cat":[52,74],"product_tag":[],"class_list":{"0":"post-2604","1":"product","2":"type-product","3":"status-publish","4":"has-post-thumbnail","6":"product_cat-750ml-glass-bottle","7":"product_cat-wine-bottle","8":"entry","9":"has-media","11":"first","12":"instock","13":"shipping-taxable","14":"product-type-simple"},"yoast_head":"<!-- This site is optimized with the Yoast SEO plugin v27.3 - https:\/\/yoast.com\/product\/yoast-seo-wordpress\/ -->\n<title>750ml Wine Bottle Wholesale Suppliers | Alsace Bottle Manufacturer<\/title>\n<meta name=\"description\" content=\"Ruisheng, a professional Alsace Bottle Manufacturer and supplier, provide 750ml wine bottle wholesale at factory outlet price.\" \/>\n<meta name=\"robots\" content=\"index, follow, max-snippet:-1, max-image-preview:large, max-video-preview:-1\" \/>\n<link rel=\"canonical\" href=\"https:\/\/ruishengglassco.com\/product\/rs008-750ml-alsace-bottle-wine-bottle-wholesale-supplier\" \/>\n<meta property=\"og:locale\" content=\"de_DE\" \/>\n<meta property=\"og:type\" content=\"article\" \/>\n<meta property=\"og:title\" content=\"750ml Wine Bottle Wholesale Suppliers | Alsace Bottle Manufacturer\" \/>\n<meta property=\"og:description\" content=\"Ruisheng, a professional Alsace Bottle Manufacturer and supplier, provide 750ml wine bottle wholesale at factory outlet price.\" \/>\n<meta property=\"og:url\" content=\"https:\/\/ruishengglassco.com\/product\/rs008-750ml-alsace-bottle-wine-bottle-wholesale-supplier\" \/>\n<meta property=\"og:site_name\" content=\"Glass Bottle Wholesale\" \/>\n<meta property=\"article:modified_time\" content=\"2023-12-28T09:53:35+00:00\" \/>\n<meta property=\"og:image\" content=\"https:\/\/glassbottlewholesale.com\/wp-content\/uploads\/2023\/12\/750ml-Alsace-Bottle-Wine-Bottle.png\" \/>\n\t<meta property=\"og:image:width\" content=\"500\" \/>\n\t<meta property=\"og:image:height\" content=\"500\" \/>\n\t<meta property=\"og:image:type\" content=\"image\/png\" \/>\n<meta name=\"twitter:card\" content=\"summary_large_image\" \/>\n<meta name=\"twitter:label1\" content=\"Gesch\u00e4tzte Lesezeit\" \/>\n\t<meta name=\"twitter:data1\" content=\"1\u00a0Minute\" \/>\n<script type=\"application\/ld+json\" class=\"yoast-schema-graph\">{\"@context\":\"https:\\\/\\\/schema.org\",\"@graph\":[{\"@type\":\"WebPage\",\"@id\":\"https:\\\/\\\/glassbottlewholesale.com\\\/750ml-alsace-bottle-wine-bottle-wholesale-supplier\\\/\",\"url\":\"https:\\\/\\\/ruishengglassco.com\\\/product\\\/rs008-750ml-alsace-bottle-wine-bottle-wholesale-supplier\",\"name\":\"750ml Wine Bottle Wholesale Suppliers | Alsace Bottle Manufacturer\",\"isPartOf\":{\"@id\":\"https:\\\/\\\/glassbottlewholesale.com\\\/#website\"},\"primaryImageOfPage\":{\"@id\":\"https:\\\/\\\/ruishengglassco.com\\\/product\\\/rs008-750ml-alsace-bottle-wine-bottle-wholesale-supplier#primaryimage\"},\"image\":{\"@id\":\"https:\\\/\\\/ruishengglassco.com\\\/product\\\/rs008-750ml-alsace-bottle-wine-bottle-wholesale-supplier#primaryimage\"},\"thumbnailUrl\":\"https:\\\/\\\/glassbottlewholesale.com\\\/wp-content\\\/uploads\\\/2023\\\/12\\\/750ml-Alsace-Bottle-Wine-Bottle.png\",\"datePublished\":\"2021-03-23T02:45:34+00:00\",\"dateModified\":\"2023-12-28T09:53:35+00:00\",\"description\":\"Ruisheng, a professional Alsace Bottle Manufacturer and supplier, provide 750ml wine bottle wholesale at factory outlet price.\",\"breadcrumb\":{\"@id\":\"https:\\\/\\\/ruishengglassco.com\\\/product\\\/rs008-750ml-alsace-bottle-wine-bottle-wholesale-supplier#breadcrumb\"},\"inLanguage\":\"de\",\"potentialAction\":[{\"@type\":\"ReadAction\",\"target\":[\"https:\\\/\\\/ruishengglassco.com\\\/product\\\/rs008-750ml-alsace-bottle-wine-bottle-wholesale-supplier\"]}]},{\"@type\":\"ImageObject\",\"inLanguage\":\"de\",\"@id\":\"https:\\\/\\\/ruishengglassco.com\\\/product\\\/rs008-750ml-alsace-bottle-wine-bottle-wholesale-supplier#primaryimage\",\"url\":\"https:\\\/\\\/glassbottlewholesale.com\\\/wp-content\\\/uploads\\\/2023\\\/12\\\/750ml-Alsace-Bottle-Wine-Bottle.png\",\"contentUrl\":\"https:\\\/\\\/glassbottlewholesale.com\\\/wp-content\\\/uploads\\\/2023\\\/12\\\/750ml-Alsace-Bottle-Wine-Bottle.png\",\"width\":500,\"height\":500,\"caption\":\"750ml Alsace Bottle Wine Bottle Wholesale Supplier\"},{\"@type\":\"BreadcrumbList\",\"@id\":\"https:\\\/\\\/ruishengglassco.com\\\/product\\\/rs008-750ml-alsace-bottle-wine-bottle-wholesale-supplier#breadcrumb\",\"itemListElement\":[{\"@type\":\"ListItem\",\"position\":1,\"name\":\"Home\",\"item\":\"https:\\\/\\\/glassbottlewholesale.com\\\/\"},{\"@type\":\"ListItem\",\"position\":2,\"name\":\"Products\",\"item\":\"https:\\\/\\\/glassbottlewholesale.com\\\/shop\\\/\"},{\"@type\":\"ListItem\",\"position\":3,\"name\":\"RS008: 750ml Alsace Bottle Wine Bottle Wholesale Supplier\"}]},{\"@type\":\"WebSite\",\"@id\":\"https:\\\/\\\/glassbottlewholesale.com\\\/#website\",\"url\":\"https:\\\/\\\/glassbottlewholesale.com\\\/\",\"name\":\"Glass Bottle Wholesale\",\"description\":\"\",\"publisher\":{\"@id\":\"https:\\\/\\\/glassbottlewholesale.com\\\/#organization\"},\"potentialAction\":[{\"@type\":\"SearchAction\",\"target\":{\"@type\":\"EntryPoint\",\"urlTemplate\":\"https:\\\/\\\/glassbottlewholesale.com\\\/?s={search_term_string}\"},\"query-input\":{\"@type\":\"PropertyValueSpecification\",\"valueRequired\":true,\"valueName\":\"search_term_string\"}}],\"inLanguage\":\"de\"},{\"@type\":\"Organization\",\"@id\":\"https:\\\/\\\/glassbottlewholesale.com\\\/#organization\",\"name\":\"Glass Bottle Wholesale\",\"url\":\"https:\\\/\\\/glassbottlewholesale.com\\\/\",\"logo\":{\"@type\":\"ImageObject\",\"inLanguage\":\"de\",\"@id\":\"https:\\\/\\\/glassbottlewholesale.com\\\/#\\\/schema\\\/logo\\\/image\\\/\",\"url\":\"https:\\\/\\\/glassbottlewholesale.com\\\/wp-content\\\/uploads\\\/2023\\\/12\\\/ruisheng-logo.webp\",\"contentUrl\":\"https:\\\/\\\/glassbottlewholesale.com\\\/wp-content\\\/uploads\\\/2023\\\/12\\\/ruisheng-logo.webp\",\"width\":400,\"height\":233,\"caption\":\"Glass Bottle Wholesale\"},\"image\":{\"@id\":\"https:\\\/\\\/glassbottlewholesale.com\\\/#\\\/schema\\\/logo\\\/image\\\/\"}}]}<\/script>\n<!-- \/ Yoast SEO plugin. -->","yoast_head_json":{"title":"750ml Weinflasche Gro\u00dfhandelslieferanten | Els\u00e4ssischer Flaschenhersteller","description":"Ruisheng, ein professioneller Hersteller und Lieferant von els\u00e4ssischen Flaschen, bietet 750-ml-Weinflaschen im Gro\u00dfhandel zum Fabrikverkaufspreis an.","robots":{"index":"index","follow":"follow","max-snippet":"max-snippet:-1","max-image-preview":"max-image-preview:large","max-video-preview":"max-video-preview:-1"},"canonical":"https:\/\/ruishengglassco.com\/product\/rs008-750ml-alsace-bottle-wine-bottle-wholesale-supplier","og_locale":"de_DE","og_type":"article","og_title":"750ml Wine Bottle Wholesale Suppliers | Alsace Bottle Manufacturer","og_description":"Ruisheng, a professional Alsace Bottle Manufacturer and supplier, provide 750ml wine bottle wholesale at factory outlet price.","og_url":"https:\/\/ruishengglassco.com\/product\/rs008-750ml-alsace-bottle-wine-bottle-wholesale-supplier","og_site_name":"Glass Bottle Wholesale","article_modified_time":"2023-12-28T09:53:35+00:00","og_image":[{"width":500,"height":500,"url":"https:\/\/glassbottlewholesale.com\/wp-content\/uploads\/2023\/12\/750ml-Alsace-Bottle-Wine-Bottle.png","type":"image\/png"}],"twitter_card":"summary_large_image","twitter_misc":{"Gesch\u00e4tzte Lesezeit":"1\u00a0Minute"},"schema":{"@context":"https:\/\/schema.org","@graph":[{"@type":"WebPage","@id":"https:\/\/glassbottlewholesale.com\/750ml-alsace-bottle-wine-bottle-wholesale-supplier\/","url":"https:\/\/ruishengglassco.com\/product\/rs008-750ml-alsace-bottle-wine-bottle-wholesale-supplier","name":"750ml Weinflasche Gro\u00dfhandelslieferanten | Els\u00e4ssischer Flaschenhersteller","isPartOf":{"@id":"https:\/\/glassbottlewholesale.com\/#website"},"primaryImageOfPage":{"@id":"https:\/\/ruishengglassco.com\/product\/rs008-750ml-alsace-bottle-wine-bottle-wholesale-supplier#primaryimage"},"image":{"@id":"https:\/\/ruishengglassco.com\/product\/rs008-750ml-alsace-bottle-wine-bottle-wholesale-supplier#primaryimage"},"thumbnailUrl":"https:\/\/glassbottlewholesale.com\/wp-content\/uploads\/2023\/12\/750ml-Alsace-Bottle-Wine-Bottle.png","datePublished":"2021-03-23T02:45:34+00:00","dateModified":"2023-12-28T09:53:35+00:00","description":"Ruisheng, ein professioneller Hersteller und Lieferant von els\u00e4ssischen Flaschen, bietet 750-ml-Weinflaschen im Gro\u00dfhandel zum Fabrikverkaufspreis an.","breadcrumb":{"@id":"https:\/\/ruishengglassco.com\/product\/rs008-750ml-alsace-bottle-wine-bottle-wholesale-supplier#breadcrumb"},"inLanguage":"de","potentialAction":[{"@type":"ReadAction","target":["https:\/\/ruishengglassco.com\/product\/rs008-750ml-alsace-bottle-wine-bottle-wholesale-supplier"]}]},{"@type":"ImageObject","inLanguage":"de","@id":"https:\/\/ruishengglassco.com\/product\/rs008-750ml-alsace-bottle-wine-bottle-wholesale-supplier#primaryimage","url":"https:\/\/glassbottlewholesale.com\/wp-content\/uploads\/2023\/12\/750ml-Alsace-Bottle-Wine-Bottle.png","contentUrl":"https:\/\/glassbottlewholesale.com\/wp-content\/uploads\/2023\/12\/750ml-Alsace-Bottle-Wine-Bottle.png","width":500,"height":500,"caption":"750ml Alsace Bottle Wine Bottle Wholesale Supplier"},{"@type":"BreadcrumbList","@id":"https:\/\/ruishengglassco.com\/product\/rs008-750ml-alsace-bottle-wine-bottle-wholesale-supplier#breadcrumb","itemListElement":[{"@type":"ListItem","position":1,"name":"Home","item":"https:\/\/glassbottlewholesale.com\/"},{"@type":"ListItem","position":2,"name":"Products","item":"https:\/\/glassbottlewholesale.com\/shop\/"},{"@type":"ListItem","position":3,"name":"RS008: 750ml Alsace Bottle Wine Bottle Wholesale Supplier"}]},{"@type":"WebSite","@id":"https:\/\/glassbottlewholesale.com\/#website","url":"https:\/\/glassbottlewholesale.com\/","name":"Glass Bottle Wholesale","description":"","publisher":{"@id":"https:\/\/glassbottlewholesale.com\/#organization"},"potentialAction":[{"@type":"SearchAction","target":{"@type":"EntryPoint","urlTemplate":"https:\/\/glassbottlewholesale.com\/?s={search_term_string}"},"query-input":{"@type":"PropertyValueSpecification","valueRequired":true,"valueName":"search_term_string"}}],"inLanguage":"de"},{"@type":"Organization","@id":"https:\/\/glassbottlewholesale.com\/#organization","name":"Glass Bottle Wholesale","url":"https:\/\/glassbottlewholesale.com\/","logo":{"@type":"ImageObject","inLanguage":"de","@id":"https:\/\/glassbottlewholesale.com\/#\/schema\/logo\/image\/","url":"https:\/\/glassbottlewholesale.com\/wp-content\/uploads\/2023\/12\/ruisheng-logo.webp","contentUrl":"https:\/\/glassbottlewholesale.com\/wp-content\/uploads\/2023\/12\/ruisheng-logo.webp","width":400,"height":233,"caption":"Glass Bottle Wholesale"},"image":{"@id":"https:\/\/glassbottlewholesale.com\/#\/schema\/logo\/image\/"}}]}},"_links":{"self":[{"href":"https:\/\/glassbottlewholesale.com\/de\/wp-json\/wp\/v2\/product\/2604","targetHints":{"allow":["GET"]}}],"collection":[{"href":"https:\/\/glassbottlewholesale.com\/de\/wp-json\/wp\/v2\/product"}],"about":[{"href":"https:\/\/glassbottlewholesale.com\/de\/wp-json\/wp\/v2\/types\/product"}],"replies":[{"embeddable":true,"href":"https:\/\/glassbottlewholesale.com\/de\/wp-json\/wp\/v2\/comments?post=2604"}],"wp:featuredmedia":[{"embeddable":true,"href":"https:\/\/glassbottlewholesale.com\/de\/wp-json\/wp\/v2\/media\/4457"}],"wp:attachment":[{"href":"https:\/\/glassbottlewholesale.com\/de\/wp-json\/wp\/v2\/media?parent=2604"}],"wp:term":[{"taxonomy":"product_brand","embeddable":true,"href":"https:\/\/glassbottlewholesale.com\/de\/wp-json\/wp\/v2\/product_brand?post=2604"},{"taxonomy":"product_cat","embeddable":true,"href":"https:\/\/glassbottlewholesale.com\/de\/wp-json\/wp\/v2\/product_cat?post=2604"},{"taxonomy":"product_tag","embeddable":true,"href":"https:\/\/glassbottlewholesale.com\/de\/wp-json\/wp\/v2\/product_tag?post=2604"}],"curies":[{"name":"wp","href":"https:\/\/api.w.org\/{rel}","templated":true}]}}