{"id":2610,"date":"2021-03-23T03:11:52","date_gmt":"2021-03-23T03:11:52","guid":{"rendered":"https:\/\/glassbottlewholesale.com\/?post_type=product&#038;p=2610"},"modified":"2025-06-23T08:35:37","modified_gmt":"2025-06-23T08:35:37","slug":"weinflaschen-in-grosen-mengen-700-ml-750-ml","status":"publish","type":"product","link":"https:\/\/glassbottlewholesale.com\/de\/weinflaschen-in-grosen-mengen-700-ml-750-ml\/","title":{"rendered":"RS006 Weinflaschen in gro\u00dfen Mengen, 700 ml\/750 ml"},"content":{"rendered":"<h2>Details \u00fcber 75cl Weinflaschen Gro\u00dfhandel<\/h2>\n<p>\u00dcber diese Serie von Bulk-Weinflaschen zum Verkauf, bieten wir 2 Arten von Farbe zur Auswahl: braunen Weinflaschen und gr\u00fcnen Weinflaschen. Diese beiden Farben k\u00f6nnen die Oxidation des Weins zu vermeiden und den Geschmack zu gew\u00e4hrleisten. Es werden auch Holzkorken angeboten. Wenn Sie eine andere Glasflasche Stopfen erhalten m\u00f6chten, k\u00f6nnen Sie unsere Verk\u00e4ufe sagen.<\/p>\n<p>Diese 75cl-Glasweinflasche geh\u00f6rt zur klassischen Bordeauxflasche, die in unserem t\u00e4glichen Leben sehr verbreitet ist und von Menschen auf der ganzen Welt geliebt wird. Diese Flasche mit einem langen Hals und ausgepr\u00e4gten Schultern ist die am weitesten verbreitete Weinflaschenform heute. Unsere leere Weinflasche nimmt super Flintglas Material, das unsere Bulk-Weinflaschen klar, sch\u00f6n und umweltfreundlich macht.<\/p>\n<ul>\n<li>Artikel: Bulk 75cl Weinflaschen mit Schraubverschluss<\/li>\n<li>Hersteller: Ruisheng Glasflasche<\/li>\n<li>Nummer: RS-006<\/li>\n<li>Fassungsverm\u00f6gen: 50ml, 200ml, 300ml, 700ml, 750ml, 1000ml, 2L und kundenspezifischer Weinflaschenservice<\/li>\n<li>Verschlusstyp: Schraubverschluss<\/li>\n<li>Material: Super-Flintglas, kristallwei\u00dfes Glas, teures wei\u00dfes Glas<\/li>\n<li>Verwendung: Weinflasche aus Glas<\/li>\n<li>Oberfl\u00e4che: Frost, Abziehbild, Malerei, Hei\u00dfpr\u00e4gung, Pr\u00e4gung, Druck, Gold, Siebdruck<\/li>\n<li>Logo: Akzeptables Kundenlogo<\/li>\n<li>Probe:\n<ul>\n<li>Formenbau<\/li>\n<li>Frei von vorhandenem Schimmel<\/li>\n<li>Als Worte oder Ihr Design<\/li>\n<\/ul>\n<\/li>\n<li>Verpackung: Standard-Exportkarton; oder Palettenverpackung; FGC-Kartonverpackung<\/li>\n<li>Lieferzeit: 20-30 Tage nach Auftragsbest\u00e4tigung<\/li>\n<\/ul>\n<p>Wenn Sie den Preis f\u00fcr lose Weinflaschen erhalten m\u00f6chten, klicken Sie bitte hier, um <a href=\"https:\/\/ruishengglassco.com\/contact\" target=\"_blank\" rel=\"noopener\">kontaktiere uns<\/a>.<\/p>","protected":false},"excerpt":{"rendered":"<p>Want to get a bulk wine bottle price? Ruisheng Glass will be your first choice.<\/p>\n<p>Ruisheng, one of the leading glass bottle manufacturers in China, has been involved in wine bottle manufacturing for over 10 years.\u00a0 as a professional wine bottle manufacturer, our company provides wine bottle design&amp;manufacturing services for Winery, wine companies, and glass bottle wholesalers and distributors.<\/p>\n<div><span style=\"color: #ff6600\"><strong><span class=\"mceItemHidden\"><span class=\"hiddenSpellError\">\u2013<\/span><span class=\"hiddenSpellError\">Mindestbestellmenge<\/span>: 10000 PCS (Rund 30000 <span class=\"hiddenSpellError\">Stck<\/span>)<\/span><\/strong><\/span><\/div>\n<div><span class=\"mceItemHidden\"><span class=\"hiddenSpellError\">-Frei<\/span>\u00a0Probe angeboten. OEM\/ODM verf\u00fcgbar<\/span><\/div>\n<div><span class=\"mceItemHidden\"><span class=\"hiddenSpellError\">- Kostenlose Musterlieferung innerhalb von 7 Tagen; Lieferung von Gro\u00dfbestellungen innerhalb von 30 Tagen nach Auftragsbest\u00e4tigung.<\/span><\/span><\/div>","protected":false},"featured_media":4356,"comment_status":"open","ping_status":"closed","template":"","meta":[],"product_brand":[],"product_cat":[51,52,74],"product_tag":[],"class_list":{"0":"post-2610","1":"product","2":"type-product","3":"status-publish","4":"has-post-thumbnail","6":"product_cat-700ml-glass-bottle","7":"product_cat-750ml-glass-bottle","8":"product_cat-wine-bottle","9":"entry","10":"has-media","12":"first","13":"instock","14":"shipping-taxable","15":"product-type-simple"},"yoast_head":"<!-- This site is optimized with the Yoast SEO plugin v27.3 - https:\/\/yoast.com\/product\/yoast-seo-wordpress\/ -->\n<title>Bulk Wine Bottle Price | 75cl Glass Bottle Manufacturer China<\/title>\n<meta name=\"description\" content=\"Find Bulk Wine Bottle Price At Ruisheng Glass co. ltd. Top 75cl Glass Bottle Manufacturer China, provide Quality assurance glass bottle.\" \/>\n<meta name=\"robots\" content=\"index, follow, max-snippet:-1, max-image-preview:large, max-video-preview:-1\" \/>\n<link rel=\"canonical\" href=\"https:\/\/ruishengglassco.com\/product\/rs006-bulk-wine-bottles-700ml-750ml\" \/>\n<meta property=\"og:locale\" content=\"de_DE\" \/>\n<meta property=\"og:type\" content=\"article\" \/>\n<meta property=\"og:title\" content=\"Bulk Wine Bottle Price | 75cl Glass Bottle Manufacturer China\" \/>\n<meta property=\"og:description\" content=\"Find Bulk Wine Bottle Price At Ruisheng Glass co. ltd. Top 75cl Glass Bottle Manufacturer China, provide Quality assurance glass bottle.\" \/>\n<meta property=\"og:url\" content=\"https:\/\/ruishengglassco.com\/product\/rs006-bulk-wine-bottles-700ml-750ml\" \/>\n<meta property=\"og:site_name\" content=\"Glass Bottle Wholesale\" \/>\n<meta property=\"article:modified_time\" content=\"2025-06-23T08:35:37+00:00\" \/>\n<meta property=\"og:image\" content=\"https:\/\/glassbottlewholesale.com\/wp-content\/uploads\/2023\/12\/wine-bottle3-4700ml-glass-bottle-wholesale20231218152919-1.png\" \/>\n\t<meta property=\"og:image:width\" content=\"500\" \/>\n\t<meta property=\"og:image:height\" content=\"500\" \/>\n\t<meta property=\"og:image:type\" content=\"image\/png\" \/>\n<meta name=\"twitter:card\" content=\"summary_large_image\" \/>\n<meta name=\"twitter:label1\" content=\"Gesch\u00e4tzte Lesezeit\" \/>\n\t<meta name=\"twitter:data1\" content=\"2\u00a0Minuten\" \/>\n<script type=\"application\/ld+json\" class=\"yoast-schema-graph\">{\"@context\":\"https:\\\/\\\/schema.org\",\"@graph\":[{\"@type\":\"WebPage\",\"@id\":\"https:\\\/\\\/glassbottlewholesale.com\\\/bulk-wine-bottles-700ml-750ml\\\/\",\"url\":\"https:\\\/\\\/ruishengglassco.com\\\/product\\\/rs006-bulk-wine-bottles-700ml-750ml\",\"name\":\"Bulk Wine Bottle Price | 75cl Glass Bottle Manufacturer China\",\"isPartOf\":{\"@id\":\"https:\\\/\\\/glassbottlewholesale.com\\\/#website\"},\"primaryImageOfPage\":{\"@id\":\"https:\\\/\\\/ruishengglassco.com\\\/product\\\/rs006-bulk-wine-bottles-700ml-750ml#primaryimage\"},\"image\":{\"@id\":\"https:\\\/\\\/ruishengglassco.com\\\/product\\\/rs006-bulk-wine-bottles-700ml-750ml#primaryimage\"},\"thumbnailUrl\":\"https:\\\/\\\/glassbottlewholesale.com\\\/wp-content\\\/uploads\\\/2023\\\/12\\\/wine-bottle3-4700ml-glass-bottle-wholesale20231218152919-1.png\",\"datePublished\":\"2021-03-23T03:11:52+00:00\",\"dateModified\":\"2025-06-23T08:35:37+00:00\",\"description\":\"Find Bulk Wine Bottle Price At Ruisheng Glass co. ltd. Top 75cl Glass Bottle Manufacturer China, provide Quality assurance glass bottle.\",\"breadcrumb\":{\"@id\":\"https:\\\/\\\/ruishengglassco.com\\\/product\\\/rs006-bulk-wine-bottles-700ml-750ml#breadcrumb\"},\"inLanguage\":\"de\",\"potentialAction\":[{\"@type\":\"ReadAction\",\"target\":[\"https:\\\/\\\/ruishengglassco.com\\\/product\\\/rs006-bulk-wine-bottles-700ml-750ml\"]}]},{\"@type\":\"ImageObject\",\"inLanguage\":\"de\",\"@id\":\"https:\\\/\\\/ruishengglassco.com\\\/product\\\/rs006-bulk-wine-bottles-700ml-750ml#primaryimage\",\"url\":\"https:\\\/\\\/glassbottlewholesale.com\\\/wp-content\\\/uploads\\\/2023\\\/12\\\/wine-bottle3-4700ml-glass-bottle-wholesale20231218152919-1.png\",\"contentUrl\":\"https:\\\/\\\/glassbottlewholesale.com\\\/wp-content\\\/uploads\\\/2023\\\/12\\\/wine-bottle3-4700ml-glass-bottle-wholesale20231218152919-1.png\",\"width\":500,\"height\":500,\"caption\":\"RS006 Bulk Wine Bottles 700ml\\\/750ml\"},{\"@type\":\"BreadcrumbList\",\"@id\":\"https:\\\/\\\/ruishengglassco.com\\\/product\\\/rs006-bulk-wine-bottles-700ml-750ml#breadcrumb\",\"itemListElement\":[{\"@type\":\"ListItem\",\"position\":1,\"name\":\"Home\",\"item\":\"https:\\\/\\\/glassbottlewholesale.com\\\/\"},{\"@type\":\"ListItem\",\"position\":2,\"name\":\"Products\",\"item\":\"https:\\\/\\\/glassbottlewholesale.com\\\/shop\\\/\"},{\"@type\":\"ListItem\",\"position\":3,\"name\":\"RS006 Bulk Wine Bottles 700ml\\\/750ml\"}]},{\"@type\":\"WebSite\",\"@id\":\"https:\\\/\\\/glassbottlewholesale.com\\\/#website\",\"url\":\"https:\\\/\\\/glassbottlewholesale.com\\\/\",\"name\":\"Glass Bottle Wholesale\",\"description\":\"\",\"publisher\":{\"@id\":\"https:\\\/\\\/glassbottlewholesale.com\\\/#organization\"},\"potentialAction\":[{\"@type\":\"SearchAction\",\"target\":{\"@type\":\"EntryPoint\",\"urlTemplate\":\"https:\\\/\\\/glassbottlewholesale.com\\\/?s={search_term_string}\"},\"query-input\":{\"@type\":\"PropertyValueSpecification\",\"valueRequired\":true,\"valueName\":\"search_term_string\"}}],\"inLanguage\":\"de\"},{\"@type\":\"Organization\",\"@id\":\"https:\\\/\\\/glassbottlewholesale.com\\\/#organization\",\"name\":\"Glass Bottle Wholesale\",\"url\":\"https:\\\/\\\/glassbottlewholesale.com\\\/\",\"logo\":{\"@type\":\"ImageObject\",\"inLanguage\":\"de\",\"@id\":\"https:\\\/\\\/glassbottlewholesale.com\\\/#\\\/schema\\\/logo\\\/image\\\/\",\"url\":\"https:\\\/\\\/glassbottlewholesale.com\\\/wp-content\\\/uploads\\\/2023\\\/12\\\/ruisheng-logo.webp\",\"contentUrl\":\"https:\\\/\\\/glassbottlewholesale.com\\\/wp-content\\\/uploads\\\/2023\\\/12\\\/ruisheng-logo.webp\",\"width\":400,\"height\":233,\"caption\":\"Glass Bottle Wholesale\"},\"image\":{\"@id\":\"https:\\\/\\\/glassbottlewholesale.com\\\/#\\\/schema\\\/logo\\\/image\\\/\"}}]}<\/script>\n<!-- \/ Yoast SEO plugin. -->","yoast_head_json":{"title":"Preis f\u00fcr Gro\u00dfflaschen mit Wein | 75cl Glasflasche Hersteller China","description":"Finden Sie die Preise f\u00fcr Gro\u00dfmengen von Weinflaschen bei Ruisheng Glass Co. Ltd. Top-Hersteller von 75-cl-Glasflaschen in China, bietet Glasflaschen mit Qualit\u00e4tssicherung.","robots":{"index":"index","follow":"follow","max-snippet":"max-snippet:-1","max-image-preview":"max-image-preview:large","max-video-preview":"max-video-preview:-1"},"canonical":"https:\/\/ruishengglassco.com\/product\/rs006-bulk-wine-bottles-700ml-750ml","og_locale":"de_DE","og_type":"article","og_title":"Bulk Wine Bottle Price | 75cl Glass Bottle Manufacturer China","og_description":"Find Bulk Wine Bottle Price At Ruisheng Glass co. ltd. Top 75cl Glass Bottle Manufacturer China, provide Quality assurance glass bottle.","og_url":"https:\/\/ruishengglassco.com\/product\/rs006-bulk-wine-bottles-700ml-750ml","og_site_name":"Glass Bottle Wholesale","article_modified_time":"2025-06-23T08:35:37+00:00","og_image":[{"width":500,"height":500,"url":"https:\/\/glassbottlewholesale.com\/wp-content\/uploads\/2023\/12\/wine-bottle3-4700ml-glass-bottle-wholesale20231218152919-1.png","type":"image\/png"}],"twitter_card":"summary_large_image","twitter_misc":{"Gesch\u00e4tzte Lesezeit":"2\u00a0Minuten"},"schema":{"@context":"https:\/\/schema.org","@graph":[{"@type":"WebPage","@id":"https:\/\/glassbottlewholesale.com\/bulk-wine-bottles-700ml-750ml\/","url":"https:\/\/ruishengglassco.com\/product\/rs006-bulk-wine-bottles-700ml-750ml","name":"Preis f\u00fcr Gro\u00dfflaschen mit Wein | 75cl Glasflasche Hersteller China","isPartOf":{"@id":"https:\/\/glassbottlewholesale.com\/#website"},"primaryImageOfPage":{"@id":"https:\/\/ruishengglassco.com\/product\/rs006-bulk-wine-bottles-700ml-750ml#primaryimage"},"image":{"@id":"https:\/\/ruishengglassco.com\/product\/rs006-bulk-wine-bottles-700ml-750ml#primaryimage"},"thumbnailUrl":"https:\/\/glassbottlewholesale.com\/wp-content\/uploads\/2023\/12\/wine-bottle3-4700ml-glass-bottle-wholesale20231218152919-1.png","datePublished":"2021-03-23T03:11:52+00:00","dateModified":"2025-06-23T08:35:37+00:00","description":"Finden Sie die Preise f\u00fcr Gro\u00dfmengen von Weinflaschen bei Ruisheng Glass Co. Ltd. Top-Hersteller von 75-cl-Glasflaschen in China, bietet Glasflaschen mit Qualit\u00e4tssicherung.","breadcrumb":{"@id":"https:\/\/ruishengglassco.com\/product\/rs006-bulk-wine-bottles-700ml-750ml#breadcrumb"},"inLanguage":"de","potentialAction":[{"@type":"ReadAction","target":["https:\/\/ruishengglassco.com\/product\/rs006-bulk-wine-bottles-700ml-750ml"]}]},{"@type":"ImageObject","inLanguage":"de","@id":"https:\/\/ruishengglassco.com\/product\/rs006-bulk-wine-bottles-700ml-750ml#primaryimage","url":"https:\/\/glassbottlewholesale.com\/wp-content\/uploads\/2023\/12\/wine-bottle3-4700ml-glass-bottle-wholesale20231218152919-1.png","contentUrl":"https:\/\/glassbottlewholesale.com\/wp-content\/uploads\/2023\/12\/wine-bottle3-4700ml-glass-bottle-wholesale20231218152919-1.png","width":500,"height":500,"caption":"RS006 Bulk Wine Bottles 700ml\/750ml"},{"@type":"BreadcrumbList","@id":"https:\/\/ruishengglassco.com\/product\/rs006-bulk-wine-bottles-700ml-750ml#breadcrumb","itemListElement":[{"@type":"ListItem","position":1,"name":"Home","item":"https:\/\/glassbottlewholesale.com\/"},{"@type":"ListItem","position":2,"name":"Products","item":"https:\/\/glassbottlewholesale.com\/shop\/"},{"@type":"ListItem","position":3,"name":"RS006 Bulk Wine Bottles 700ml\/750ml"}]},{"@type":"WebSite","@id":"https:\/\/glassbottlewholesale.com\/#website","url":"https:\/\/glassbottlewholesale.com\/","name":"Glass Bottle Wholesale","description":"","publisher":{"@id":"https:\/\/glassbottlewholesale.com\/#organization"},"potentialAction":[{"@type":"SearchAction","target":{"@type":"EntryPoint","urlTemplate":"https:\/\/glassbottlewholesale.com\/?s={search_term_string}"},"query-input":{"@type":"PropertyValueSpecification","valueRequired":true,"valueName":"search_term_string"}}],"inLanguage":"de"},{"@type":"Organization","@id":"https:\/\/glassbottlewholesale.com\/#organization","name":"Glass Bottle Wholesale","url":"https:\/\/glassbottlewholesale.com\/","logo":{"@type":"ImageObject","inLanguage":"de","@id":"https:\/\/glassbottlewholesale.com\/#\/schema\/logo\/image\/","url":"https:\/\/glassbottlewholesale.com\/wp-content\/uploads\/2023\/12\/ruisheng-logo.webp","contentUrl":"https:\/\/glassbottlewholesale.com\/wp-content\/uploads\/2023\/12\/ruisheng-logo.webp","width":400,"height":233,"caption":"Glass Bottle Wholesale"},"image":{"@id":"https:\/\/glassbottlewholesale.com\/#\/schema\/logo\/image\/"}}]}},"_links":{"self":[{"href":"https:\/\/glassbottlewholesale.com\/de\/wp-json\/wp\/v2\/product\/2610","targetHints":{"allow":["GET"]}}],"collection":[{"href":"https:\/\/glassbottlewholesale.com\/de\/wp-json\/wp\/v2\/product"}],"about":[{"href":"https:\/\/glassbottlewholesale.com\/de\/wp-json\/wp\/v2\/types\/product"}],"replies":[{"embeddable":true,"href":"https:\/\/glassbottlewholesale.com\/de\/wp-json\/wp\/v2\/comments?post=2610"}],"wp:featuredmedia":[{"embeddable":true,"href":"https:\/\/glassbottlewholesale.com\/de\/wp-json\/wp\/v2\/media\/4356"}],"wp:attachment":[{"href":"https:\/\/glassbottlewholesale.com\/de\/wp-json\/wp\/v2\/media?parent=2610"}],"wp:term":[{"taxonomy":"product_brand","embeddable":true,"href":"https:\/\/glassbottlewholesale.com\/de\/wp-json\/wp\/v2\/product_brand?post=2610"},{"taxonomy":"product_cat","embeddable":true,"href":"https:\/\/glassbottlewholesale.com\/de\/wp-json\/wp\/v2\/product_cat?post=2610"},{"taxonomy":"product_tag","embeddable":true,"href":"https:\/\/glassbottlewholesale.com\/de\/wp-json\/wp\/v2\/product_tag?post=2610"}],"curies":[{"name":"wp","href":"https:\/\/api.w.org\/{rel}","templated":true}]}}