{"id":2611,"date":"2021-03-23T03:13:53","date_gmt":"2021-03-23T03:13:53","guid":{"rendered":"https:\/\/glassbottlewholesale.com\/?post_type=product&#038;p=2611"},"modified":"2025-06-23T08:34:47","modified_gmt":"2025-06-23T08:34:47","slug":"groshandel-weinflasche-mit-stopfen","status":"publish","type":"product","link":"https:\/\/glassbottlewholesale.com\/de\/groshandel-weinflasche-mit-stopfen\/","title":{"rendered":"RS005 Glas Weinflaschen Gro\u00dfhandel mit Schraubverschl\u00fcssen"},"content":{"rendered":"<h2>Detaillierte Informationen zum Gro\u00dfhandel mit 750 ml Glasweinflaschen<\/h2>\n<p>Diese Serie von Glasweinflaschen im Gro\u00dfhandel ist eine klassische 750-ml-Burgunderflasche mit 3 Verschlussarten zur Auswahl: Schraubverschluss, Korken und Guala-Verschluss. Mit gew\u00f6lbtem Boden und geraden W\u00e4nden f\u00fcr einfaches Etikettieren. Eine gro\u00dfartige Option f\u00fcr alle Lieblingsgetr\u00e4nke mit Kohlens\u00e4ure und Kohlens\u00e4ure. Diese leere Glasflasche besteht aus hochwei\u00dfem Glas, was unsere Glasflasche klar, elegant und umweltfreundlich macht. Die hellgr\u00fcne Farbe der Glasflasche tr\u00e4gt zur Konservierung des Weins bei, verhindert Oxidation und sichert seinen Geschmack.<\/p>\n<p>Als professioneller Weinflaschenhersteller bietet unser Unternehmen OEM\/ODM\/Custom-Weinflaschenservice an. Wenn Sie irgendwelche \u00dcberlegungen zur Herstellung Ihrer Weinflasche haben, k\u00f6nnen Sie uns gerne Bescheid geben. <a href=\"https:\/\/ruishengglassco.com\/contact\" target=\"_blank\" rel=\"noopener\">unsere Verk\u00e4ufe hier.<\/a><\/p>\n<ul>\n<li>Artikel: 750ml Glasweinflaschen Gro\u00dfhandel<\/li>\n<li>Hersteller: Ruisheng Glasflasche<\/li>\n<li>Nummer: RS005<\/li>\n<li>Kapazit\u00e4t: 700 ml, 750 ml, 1000 ml, 2 l<\/li>\n<li>Material: Super-Flintglas, kristallwei\u00dfes Glas, teures wei\u00dfes Glas<\/li>\n<li>Verwendung: Weinflasche aus Glas<\/li>\n<li>Oberfl\u00e4che: Frost, Abziehbild, Malerei, Hei\u00dfpr\u00e4gung, Pr\u00e4gung, Druck, Gold, Siebdruck<\/li>\n<li>Logo: Akzeptables Kundenlogo<\/li>\n<li>Probe:\n<ul>\n<li>Formenbau<\/li>\n<li>Frei von vorhandenem Schimmel<\/li>\n<li>Als Worte oder Ihr Design<\/li>\n<\/ul>\n<\/li>\n<li>Verpackung: Standard-Exportkarton; oder Palettenverpackung; FGC-Kartonverpackung<\/li>\n<li>Lieferzeit: 20-30 Tage nach Auftragsbest\u00e4tigung<\/li>\n<\/ul>","protected":false},"excerpt":{"rendered":"<p>Ruisheng Glass Co., Ltd, einer der professionellsten Glaswarenhersteller in China, ist seit \u00fcber 10 Jahren im Gro\u00dfhandel mit Weinflaschen aus Glas t\u00e4tig. Als professioneller Hersteller und Lieferant von Schnapsflaschen aus Glas k\u00f6nnen wir Ihrem Unternehmen verschiedene Arten von Schnapsflaschen aus Glas anbieten, wie Weinflaschen aus Glas, Whiskyflaschen, Brandyflaschen, Wodkaflaschen, Tequilaflaschen usw.<\/p>\n<h4>Wichtige Informationen zum Gro\u00dfhandel f\u00fcr 750 ml Glasweinflaschen<\/h4>\n<div class=\"summary entry-summary\">\n<div class=\"woocommerce-product-details__short-description\">\n<div><strong><span class=\"mceItemHidden\"><span class=\"hiddenSpellError\">\u2013<\/span><span class=\"hiddenSpellError\">Mindestbestellmenge<\/span>: 10000 PCS (Rund 30000 <span class=\"hiddenSpellError\">Stck<\/span>)<\/span><\/strong><\/div>\n<div><span class=\"mceItemHidden\"><span class=\"hiddenSpellError\">-Frei<\/span>\u00a0Probe angeboten. OEM\/ODM verf\u00fcgbar<\/span><\/div>\n<div><span class=\"mceItemHidden\"><span class=\"hiddenSpellError\">- Kostenlose Musterlieferung innerhalb von 7 Tagen; Lieferung von Gro\u00dfbestellungen innerhalb von 30 Tagen nach Auftragsbest\u00e4tigung.<\/span><\/span><\/div>\n<div>Wenn Sie weitere Informationen \u00fcber Glasweinflaschen Gro\u00dfhandel erhalten m\u00f6chten, bitte<a href=\"https:\/\/ruishengglassco.com\/contact\" target=\"_blank\" rel=\"noopener\"> kontaktiere uns<\/a> Hier.<\/div>\n<\/div>\n<\/div>","protected":false},"featured_media":4357,"comment_status":"open","ping_status":"closed","template":"","meta":[],"product_brand":[],"product_cat":[51,52,74],"product_tag":[],"class_list":{"0":"post-2611","1":"product","2":"type-product","3":"status-publish","4":"has-post-thumbnail","6":"product_cat-700ml-glass-bottle","7":"product_cat-750ml-glass-bottle","8":"product_cat-wine-bottle","9":"entry","10":"has-media","12":"first","13":"instock","14":"shipping-taxable","15":"product-type-simple"},"yoast_head":"<!-- This site is optimized with the Yoast SEO plugin v27.3 - https:\/\/yoast.com\/product\/yoast-seo-wordpress\/ -->\n<title>Glass Wine Bottles Wholesale | 750ml Glass Bottles With Screw Caps<\/title>\n<meta name=\"description\" content=\"Ruisheng glass co,ltd, a professional glass bottle manufacturer, provide glass wine bottles wholesale. Click here to get 750ml Glass Bottles With Screw Caps.\" \/>\n<meta name=\"robots\" content=\"index, follow, max-snippet:-1, max-image-preview:large, max-video-preview:-1\" \/>\n<link rel=\"canonical\" href=\"https:\/\/ruishengglassco.com\/product\/rs005-glass-wine-bottles-wholesale-with-screw-caps\" \/>\n<meta property=\"og:locale\" content=\"de_DE\" \/>\n<meta property=\"og:type\" content=\"article\" \/>\n<meta property=\"og:title\" content=\"Glass Wine Bottles Wholesale | 750ml Glass Bottles With Screw Caps\" \/>\n<meta property=\"og:description\" content=\"Ruisheng glass co,ltd, a professional glass bottle manufacturer, provide glass wine bottles wholesale. Click here to get 750ml Glass Bottles With Screw Caps.\" \/>\n<meta property=\"og:url\" content=\"https:\/\/ruishengglassco.com\/product\/rs005-glass-wine-bottles-wholesale-with-screw-caps\" \/>\n<meta property=\"og:site_name\" content=\"Glass Bottle Wholesale\" \/>\n<meta property=\"article:modified_time\" content=\"2025-06-23T08:34:47+00:00\" \/>\n<meta property=\"og:image\" content=\"https:\/\/glassbottlewholesale.com\/wp-content\/uploads\/2023\/12\/wine-bottle3-2700ml-glass-bottle-wholesale2023121815295-1.png\" \/>\n\t<meta property=\"og:image:width\" content=\"500\" \/>\n\t<meta property=\"og:image:height\" content=\"500\" \/>\n\t<meta property=\"og:image:type\" content=\"image\/png\" \/>\n<meta name=\"twitter:card\" content=\"summary_large_image\" \/>\n<meta name=\"twitter:label1\" content=\"Gesch\u00e4tzte Lesezeit\" \/>\n\t<meta name=\"twitter:data1\" content=\"2\u00a0Minuten\" \/>\n<script type=\"application\/ld+json\" class=\"yoast-schema-graph\">{\"@context\":\"https:\\\/\\\/schema.org\",\"@graph\":[{\"@type\":\"WebPage\",\"@id\":\"https:\\\/\\\/glassbottlewholesale.com\\\/wholesale-wine-bottle-with-stoppers\\\/\",\"url\":\"https:\\\/\\\/ruishengglassco.com\\\/product\\\/rs005-glass-wine-bottles-wholesale-with-screw-caps\",\"name\":\"Glass Wine Bottles Wholesale | 750ml Glass Bottles With Screw Caps\",\"isPartOf\":{\"@id\":\"https:\\\/\\\/glassbottlewholesale.com\\\/#website\"},\"primaryImageOfPage\":{\"@id\":\"https:\\\/\\\/ruishengglassco.com\\\/product\\\/rs005-glass-wine-bottles-wholesale-with-screw-caps#primaryimage\"},\"image\":{\"@id\":\"https:\\\/\\\/ruishengglassco.com\\\/product\\\/rs005-glass-wine-bottles-wholesale-with-screw-caps#primaryimage\"},\"thumbnailUrl\":\"https:\\\/\\\/glassbottlewholesale.com\\\/wp-content\\\/uploads\\\/2023\\\/12\\\/wine-bottle3-2700ml-glass-bottle-wholesale2023121815295-1.png\",\"datePublished\":\"2021-03-23T03:13:53+00:00\",\"dateModified\":\"2025-06-23T08:34:47+00:00\",\"description\":\"Ruisheng glass co,ltd, a professional glass bottle manufacturer, provide glass wine bottles wholesale. Click here to get 750ml Glass Bottles With Screw Caps.\",\"breadcrumb\":{\"@id\":\"https:\\\/\\\/ruishengglassco.com\\\/product\\\/rs005-glass-wine-bottles-wholesale-with-screw-caps#breadcrumb\"},\"inLanguage\":\"de\",\"potentialAction\":[{\"@type\":\"ReadAction\",\"target\":[\"https:\\\/\\\/ruishengglassco.com\\\/product\\\/rs005-glass-wine-bottles-wholesale-with-screw-caps\"]}]},{\"@type\":\"ImageObject\",\"inLanguage\":\"de\",\"@id\":\"https:\\\/\\\/ruishengglassco.com\\\/product\\\/rs005-glass-wine-bottles-wholesale-with-screw-caps#primaryimage\",\"url\":\"https:\\\/\\\/glassbottlewholesale.com\\\/wp-content\\\/uploads\\\/2023\\\/12\\\/wine-bottle3-2700ml-glass-bottle-wholesale2023121815295-1.png\",\"contentUrl\":\"https:\\\/\\\/glassbottlewholesale.com\\\/wp-content\\\/uploads\\\/2023\\\/12\\\/wine-bottle3-2700ml-glass-bottle-wholesale2023121815295-1.png\",\"width\":500,\"height\":500,\"caption\":\"Glass Wine Bottles Wholesale With Screw Caps\"},{\"@type\":\"BreadcrumbList\",\"@id\":\"https:\\\/\\\/ruishengglassco.com\\\/product\\\/rs005-glass-wine-bottles-wholesale-with-screw-caps#breadcrumb\",\"itemListElement\":[{\"@type\":\"ListItem\",\"position\":1,\"name\":\"Home\",\"item\":\"https:\\\/\\\/glassbottlewholesale.com\\\/\"},{\"@type\":\"ListItem\",\"position\":2,\"name\":\"Products\",\"item\":\"https:\\\/\\\/glassbottlewholesale.com\\\/shop\\\/\"},{\"@type\":\"ListItem\",\"position\":3,\"name\":\"RS005 Glass Wine Bottles Wholesale With Screw Caps\"}]},{\"@type\":\"WebSite\",\"@id\":\"https:\\\/\\\/glassbottlewholesale.com\\\/#website\",\"url\":\"https:\\\/\\\/glassbottlewholesale.com\\\/\",\"name\":\"Glass Bottle Wholesale\",\"description\":\"\",\"publisher\":{\"@id\":\"https:\\\/\\\/glassbottlewholesale.com\\\/#organization\"},\"potentialAction\":[{\"@type\":\"SearchAction\",\"target\":{\"@type\":\"EntryPoint\",\"urlTemplate\":\"https:\\\/\\\/glassbottlewholesale.com\\\/?s={search_term_string}\"},\"query-input\":{\"@type\":\"PropertyValueSpecification\",\"valueRequired\":true,\"valueName\":\"search_term_string\"}}],\"inLanguage\":\"de\"},{\"@type\":\"Organization\",\"@id\":\"https:\\\/\\\/glassbottlewholesale.com\\\/#organization\",\"name\":\"Glass Bottle Wholesale\",\"url\":\"https:\\\/\\\/glassbottlewholesale.com\\\/\",\"logo\":{\"@type\":\"ImageObject\",\"inLanguage\":\"de\",\"@id\":\"https:\\\/\\\/glassbottlewholesale.com\\\/#\\\/schema\\\/logo\\\/image\\\/\",\"url\":\"https:\\\/\\\/glassbottlewholesale.com\\\/wp-content\\\/uploads\\\/2023\\\/12\\\/ruisheng-logo.webp\",\"contentUrl\":\"https:\\\/\\\/glassbottlewholesale.com\\\/wp-content\\\/uploads\\\/2023\\\/12\\\/ruisheng-logo.webp\",\"width\":400,\"height\":233,\"caption\":\"Glass Bottle Wholesale\"},\"image\":{\"@id\":\"https:\\\/\\\/glassbottlewholesale.com\\\/#\\\/schema\\\/logo\\\/image\\\/\"}}]}<\/script>\n<!-- \/ Yoast SEO plugin. -->","yoast_head_json":{"title":"Glasweinflaschen Gro\u00dfhandel | 750ml Glasflaschen mit Schraubverschluss","description":"Ruisheng Glass Co., Ltd., ein professioneller Glasflaschenhersteller, bietet Glasweinflaschen im Gro\u00dfhandel an. Klicken Sie hier, um 750-ml-Glasflaschen mit Schraubverschluss zu erhalten.","robots":{"index":"index","follow":"follow","max-snippet":"max-snippet:-1","max-image-preview":"max-image-preview:large","max-video-preview":"max-video-preview:-1"},"canonical":"https:\/\/ruishengglassco.com\/product\/rs005-glass-wine-bottles-wholesale-with-screw-caps","og_locale":"de_DE","og_type":"article","og_title":"Glass Wine Bottles Wholesale | 750ml Glass Bottles With Screw Caps","og_description":"Ruisheng glass co,ltd, a professional glass bottle manufacturer, provide glass wine bottles wholesale. Click here to get 750ml Glass Bottles With Screw Caps.","og_url":"https:\/\/ruishengglassco.com\/product\/rs005-glass-wine-bottles-wholesale-with-screw-caps","og_site_name":"Glass Bottle Wholesale","article_modified_time":"2025-06-23T08:34:47+00:00","og_image":[{"width":500,"height":500,"url":"https:\/\/glassbottlewholesale.com\/wp-content\/uploads\/2023\/12\/wine-bottle3-2700ml-glass-bottle-wholesale2023121815295-1.png","type":"image\/png"}],"twitter_card":"summary_large_image","twitter_misc":{"Gesch\u00e4tzte Lesezeit":"2\u00a0Minuten"},"schema":{"@context":"https:\/\/schema.org","@graph":[{"@type":"WebPage","@id":"https:\/\/glassbottlewholesale.com\/wholesale-wine-bottle-with-stoppers\/","url":"https:\/\/ruishengglassco.com\/product\/rs005-glass-wine-bottles-wholesale-with-screw-caps","name":"Glasweinflaschen Gro\u00dfhandel | 750ml Glasflaschen mit Schraubverschluss","isPartOf":{"@id":"https:\/\/glassbottlewholesale.com\/#website"},"primaryImageOfPage":{"@id":"https:\/\/ruishengglassco.com\/product\/rs005-glass-wine-bottles-wholesale-with-screw-caps#primaryimage"},"image":{"@id":"https:\/\/ruishengglassco.com\/product\/rs005-glass-wine-bottles-wholesale-with-screw-caps#primaryimage"},"thumbnailUrl":"https:\/\/glassbottlewholesale.com\/wp-content\/uploads\/2023\/12\/wine-bottle3-2700ml-glass-bottle-wholesale2023121815295-1.png","datePublished":"2021-03-23T03:13:53+00:00","dateModified":"2025-06-23T08:34:47+00:00","description":"Ruisheng Glass Co., Ltd., ein professioneller Glasflaschenhersteller, bietet Glasweinflaschen im Gro\u00dfhandel an. Klicken Sie hier, um 750-ml-Glasflaschen mit Schraubverschluss zu erhalten.","breadcrumb":{"@id":"https:\/\/ruishengglassco.com\/product\/rs005-glass-wine-bottles-wholesale-with-screw-caps#breadcrumb"},"inLanguage":"de","potentialAction":[{"@type":"ReadAction","target":["https:\/\/ruishengglassco.com\/product\/rs005-glass-wine-bottles-wholesale-with-screw-caps"]}]},{"@type":"ImageObject","inLanguage":"de","@id":"https:\/\/ruishengglassco.com\/product\/rs005-glass-wine-bottles-wholesale-with-screw-caps#primaryimage","url":"https:\/\/glassbottlewholesale.com\/wp-content\/uploads\/2023\/12\/wine-bottle3-2700ml-glass-bottle-wholesale2023121815295-1.png","contentUrl":"https:\/\/glassbottlewholesale.com\/wp-content\/uploads\/2023\/12\/wine-bottle3-2700ml-glass-bottle-wholesale2023121815295-1.png","width":500,"height":500,"caption":"Glass Wine Bottles Wholesale With Screw Caps"},{"@type":"BreadcrumbList","@id":"https:\/\/ruishengglassco.com\/product\/rs005-glass-wine-bottles-wholesale-with-screw-caps#breadcrumb","itemListElement":[{"@type":"ListItem","position":1,"name":"Home","item":"https:\/\/glassbottlewholesale.com\/"},{"@type":"ListItem","position":2,"name":"Products","item":"https:\/\/glassbottlewholesale.com\/shop\/"},{"@type":"ListItem","position":3,"name":"RS005 Glass Wine Bottles Wholesale With Screw Caps"}]},{"@type":"WebSite","@id":"https:\/\/glassbottlewholesale.com\/#website","url":"https:\/\/glassbottlewholesale.com\/","name":"Glass Bottle Wholesale","description":"","publisher":{"@id":"https:\/\/glassbottlewholesale.com\/#organization"},"potentialAction":[{"@type":"SearchAction","target":{"@type":"EntryPoint","urlTemplate":"https:\/\/glassbottlewholesale.com\/?s={search_term_string}"},"query-input":{"@type":"PropertyValueSpecification","valueRequired":true,"valueName":"search_term_string"}}],"inLanguage":"de"},{"@type":"Organization","@id":"https:\/\/glassbottlewholesale.com\/#organization","name":"Glass Bottle Wholesale","url":"https:\/\/glassbottlewholesale.com\/","logo":{"@type":"ImageObject","inLanguage":"de","@id":"https:\/\/glassbottlewholesale.com\/#\/schema\/logo\/image\/","url":"https:\/\/glassbottlewholesale.com\/wp-content\/uploads\/2023\/12\/ruisheng-logo.webp","contentUrl":"https:\/\/glassbottlewholesale.com\/wp-content\/uploads\/2023\/12\/ruisheng-logo.webp","width":400,"height":233,"caption":"Glass Bottle Wholesale"},"image":{"@id":"https:\/\/glassbottlewholesale.com\/#\/schema\/logo\/image\/"}}]}},"_links":{"self":[{"href":"https:\/\/glassbottlewholesale.com\/de\/wp-json\/wp\/v2\/product\/2611","targetHints":{"allow":["GET"]}}],"collection":[{"href":"https:\/\/glassbottlewholesale.com\/de\/wp-json\/wp\/v2\/product"}],"about":[{"href":"https:\/\/glassbottlewholesale.com\/de\/wp-json\/wp\/v2\/types\/product"}],"replies":[{"embeddable":true,"href":"https:\/\/glassbottlewholesale.com\/de\/wp-json\/wp\/v2\/comments?post=2611"}],"wp:featuredmedia":[{"embeddable":true,"href":"https:\/\/glassbottlewholesale.com\/de\/wp-json\/wp\/v2\/media\/4357"}],"wp:attachment":[{"href":"https:\/\/glassbottlewholesale.com\/de\/wp-json\/wp\/v2\/media?parent=2611"}],"wp:term":[{"taxonomy":"product_brand","embeddable":true,"href":"https:\/\/glassbottlewholesale.com\/de\/wp-json\/wp\/v2\/product_brand?post=2611"},{"taxonomy":"product_cat","embeddable":true,"href":"https:\/\/glassbottlewholesale.com\/de\/wp-json\/wp\/v2\/product_cat?post=2611"},{"taxonomy":"product_tag","embeddable":true,"href":"https:\/\/glassbottlewholesale.com\/de\/wp-json\/wp\/v2\/product_tag?post=2611"}],"curies":[{"name":"wp","href":"https:\/\/api.w.org\/{rel}","templated":true}]}}