{"id":2796,"date":"2021-05-28T09:19:35","date_gmt":"2021-05-28T09:19:35","guid":{"rendered":"https:\/\/glassbottlewholesale.com\/?post_type=product&#038;p=2796"},"modified":"2025-06-12T01:35:32","modified_gmt":"2025-06-12T01:35:32","slug":"groshandel-glasflasche-mit-stopfen-250ml","status":"publish","type":"product","link":"https:\/\/glassbottlewholesale.com\/de\/groshandel-glasflasche-mit-stopfen-250ml\/","title":{"rendered":"RS002 Gro\u00dfhandel Glasflasche mit Stopfen 250ml"},"content":{"rendered":"<h2>Wholesale Glass Bottle With Stopper 250ml<\/h2>","protected":false},"excerpt":{"rendered":"<p>Wholesale Glass Bottle With Stopper 250ml<\/p>","protected":false},"featured_media":4608,"comment_status":"open","ping_status":"closed","template":"","meta":[],"product_brand":[],"product_cat":[48],"product_tag":[],"class_list":{"0":"post-2796","1":"product","2":"type-product","3":"status-publish","4":"has-post-thumbnail","6":"product_cat-250ml-glass-bottle","7":"entry","8":"has-media","10":"first","11":"instock","12":"shipping-taxable","13":"product-type-simple"},"yoast_head":"<!-- This site is optimized with the Yoast SEO plugin v27.3 - https:\/\/yoast.com\/product\/yoast-seo-wordpress\/ -->\n<title>Wholesale 250ml Bottles With Lids | 250 ml Whiskey Bottles-Ruisheng<\/title>\n<meta name=\"description\" content=\"Find Wholesale 250ml Bottles With Lids At Ruisheng Glass Bottle. Factory Outlet 250ml Glass Bottle For Whiskey With Bulk Price.\" \/>\n<meta name=\"robots\" content=\"index, follow, max-snippet:-1, max-image-preview:large, max-video-preview:-1\" \/>\n<link rel=\"canonical\" href=\"https:\/\/ruishengglassco.com\/product\/rs002-wholesale-glass-bottle-with-stopper-250ml\" \/>\n<meta property=\"og:locale\" content=\"de_DE\" \/>\n<meta property=\"og:type\" content=\"article\" \/>\n<meta property=\"og:title\" content=\"Wholesale 250ml Bottles With Lids | 250 ml Whiskey Bottles-Ruisheng\" \/>\n<meta property=\"og:description\" content=\"Find Wholesale 250ml Bottles With Lids At Ruisheng Glass Bottle. Factory Outlet 250ml Glass Bottle For Whiskey With Bulk Price.\" \/>\n<meta property=\"og:url\" content=\"https:\/\/ruishengglassco.com\/product\/rs002-wholesale-glass-bottle-with-stopper-250ml\" \/>\n<meta property=\"og:site_name\" content=\"Glass Bottle Wholesale\" \/>\n<meta property=\"article:modified_time\" content=\"2025-06-12T01:35:32+00:00\" \/>\n<meta property=\"og:image\" content=\"https:\/\/glassbottlewholesale.com\/wp-content\/uploads\/2024\/03\/250ml-glass-bottle-wholesale-1.png\" \/>\n\t<meta property=\"og:image:width\" content=\"800\" \/>\n\t<meta property=\"og:image:height\" content=\"800\" \/>\n\t<meta property=\"og:image:type\" content=\"image\/png\" \/>\n<meta name=\"twitter:card\" content=\"summary_large_image\" \/>\n<meta name=\"twitter:label1\" content=\"Gesch\u00e4tzte Lesezeit\" \/>\n\t<meta name=\"twitter:data1\" content=\"1\u00a0Minute\" \/>\n<script type=\"application\/ld+json\" class=\"yoast-schema-graph\">{\"@context\":\"https:\\\/\\\/schema.org\",\"@graph\":[{\"@type\":\"WebPage\",\"@id\":\"https:\\\/\\\/glassbottlewholesale.com\\\/wholesale-glass-bottle-with-stopper-250ml\\\/\",\"url\":\"https:\\\/\\\/ruishengglassco.com\\\/product\\\/rs002-wholesale-glass-bottle-with-stopper-250ml\",\"name\":\"Wholesale 250ml Bottles With Lids | 250 ml Whiskey Bottles-Ruisheng\",\"isPartOf\":{\"@id\":\"https:\\\/\\\/glassbottlewholesale.com\\\/#website\"},\"primaryImageOfPage\":{\"@id\":\"https:\\\/\\\/ruishengglassco.com\\\/product\\\/rs002-wholesale-glass-bottle-with-stopper-250ml#primaryimage\"},\"image\":{\"@id\":\"https:\\\/\\\/ruishengglassco.com\\\/product\\\/rs002-wholesale-glass-bottle-with-stopper-250ml#primaryimage\"},\"thumbnailUrl\":\"https:\\\/\\\/glassbottlewholesale.com\\\/wp-content\\\/uploads\\\/2024\\\/03\\\/250ml-glass-bottle-wholesale-1.png\",\"datePublished\":\"2021-05-28T09:19:35+00:00\",\"dateModified\":\"2025-06-12T01:35:32+00:00\",\"description\":\"Find Wholesale 250ml Bottles With Lids At Ruisheng Glass Bottle. Factory Outlet 250ml Glass Bottle For Whiskey With Bulk Price.\",\"breadcrumb\":{\"@id\":\"https:\\\/\\\/ruishengglassco.com\\\/product\\\/rs002-wholesale-glass-bottle-with-stopper-250ml#breadcrumb\"},\"inLanguage\":\"de\",\"potentialAction\":[{\"@type\":\"ReadAction\",\"target\":[\"https:\\\/\\\/ruishengglassco.com\\\/product\\\/rs002-wholesale-glass-bottle-with-stopper-250ml\"]}]},{\"@type\":\"ImageObject\",\"inLanguage\":\"de\",\"@id\":\"https:\\\/\\\/ruishengglassco.com\\\/product\\\/rs002-wholesale-glass-bottle-with-stopper-250ml#primaryimage\",\"url\":\"https:\\\/\\\/glassbottlewholesale.com\\\/wp-content\\\/uploads\\\/2024\\\/03\\\/250ml-glass-bottle-wholesale-1.png\",\"contentUrl\":\"https:\\\/\\\/glassbottlewholesale.com\\\/wp-content\\\/uploads\\\/2024\\\/03\\\/250ml-glass-bottle-wholesale-1.png\",\"width\":800,\"height\":800,\"caption\":\"250ml glass bottle wholesale\"},{\"@type\":\"BreadcrumbList\",\"@id\":\"https:\\\/\\\/ruishengglassco.com\\\/product\\\/rs002-wholesale-glass-bottle-with-stopper-250ml#breadcrumb\",\"itemListElement\":[{\"@type\":\"ListItem\",\"position\":1,\"name\":\"Home\",\"item\":\"https:\\\/\\\/glassbottlewholesale.com\\\/\"},{\"@type\":\"ListItem\",\"position\":2,\"name\":\"Products\",\"item\":\"https:\\\/\\\/glassbottlewholesale.com\\\/shop\\\/\"},{\"@type\":\"ListItem\",\"position\":3,\"name\":\"RS002 Wholesale Glass Bottle With Stopper 250ml\"}]},{\"@type\":\"WebSite\",\"@id\":\"https:\\\/\\\/glassbottlewholesale.com\\\/#website\",\"url\":\"https:\\\/\\\/glassbottlewholesale.com\\\/\",\"name\":\"Glass Bottle Wholesale\",\"description\":\"\",\"publisher\":{\"@id\":\"https:\\\/\\\/glassbottlewholesale.com\\\/#organization\"},\"potentialAction\":[{\"@type\":\"SearchAction\",\"target\":{\"@type\":\"EntryPoint\",\"urlTemplate\":\"https:\\\/\\\/glassbottlewholesale.com\\\/?s={search_term_string}\"},\"query-input\":{\"@type\":\"PropertyValueSpecification\",\"valueRequired\":true,\"valueName\":\"search_term_string\"}}],\"inLanguage\":\"de\"},{\"@type\":\"Organization\",\"@id\":\"https:\\\/\\\/glassbottlewholesale.com\\\/#organization\",\"name\":\"Glass Bottle Wholesale\",\"url\":\"https:\\\/\\\/glassbottlewholesale.com\\\/\",\"logo\":{\"@type\":\"ImageObject\",\"inLanguage\":\"de\",\"@id\":\"https:\\\/\\\/glassbottlewholesale.com\\\/#\\\/schema\\\/logo\\\/image\\\/\",\"url\":\"https:\\\/\\\/glassbottlewholesale.com\\\/wp-content\\\/uploads\\\/2023\\\/12\\\/ruisheng-logo.webp\",\"contentUrl\":\"https:\\\/\\\/glassbottlewholesale.com\\\/wp-content\\\/uploads\\\/2023\\\/12\\\/ruisheng-logo.webp\",\"width\":400,\"height\":233,\"caption\":\"Glass Bottle Wholesale\"},\"image\":{\"@id\":\"https:\\\/\\\/glassbottlewholesale.com\\\/#\\\/schema\\\/logo\\\/image\\\/\"}}]}<\/script>\n<!-- \/ Yoast SEO plugin. -->","yoast_head_json":{"title":"250-ml-Flaschen mit Deckel im Gro\u00dfhandel | 250-ml-Whiskyflaschen - Ruisheng","description":"Finden Sie 250-ml-Flaschen mit Deckel im Gro\u00dfhandel bei Ruisheng Glass Bottle. 250-ml-Glasflaschen f\u00fcr Whisky ab Werk zum Gro\u00dfhandelspreis.","robots":{"index":"index","follow":"follow","max-snippet":"max-snippet:-1","max-image-preview":"max-image-preview:large","max-video-preview":"max-video-preview:-1"},"canonical":"https:\/\/ruishengglassco.com\/product\/rs002-wholesale-glass-bottle-with-stopper-250ml","og_locale":"de_DE","og_type":"article","og_title":"Wholesale 250ml Bottles With Lids | 250 ml Whiskey Bottles-Ruisheng","og_description":"Find Wholesale 250ml Bottles With Lids At Ruisheng Glass Bottle. Factory Outlet 250ml Glass Bottle For Whiskey With Bulk Price.","og_url":"https:\/\/ruishengglassco.com\/product\/rs002-wholesale-glass-bottle-with-stopper-250ml","og_site_name":"Glass Bottle Wholesale","article_modified_time":"2025-06-12T01:35:32+00:00","og_image":[{"width":800,"height":800,"url":"https:\/\/glassbottlewholesale.com\/wp-content\/uploads\/2024\/03\/250ml-glass-bottle-wholesale-1.png","type":"image\/png"}],"twitter_card":"summary_large_image","twitter_misc":{"Gesch\u00e4tzte Lesezeit":"1\u00a0Minute"},"schema":{"@context":"https:\/\/schema.org","@graph":[{"@type":"WebPage","@id":"https:\/\/glassbottlewholesale.com\/wholesale-glass-bottle-with-stopper-250ml\/","url":"https:\/\/ruishengglassco.com\/product\/rs002-wholesale-glass-bottle-with-stopper-250ml","name":"250-ml-Flaschen mit Deckel im Gro\u00dfhandel | 250-ml-Whiskyflaschen - Ruisheng","isPartOf":{"@id":"https:\/\/glassbottlewholesale.com\/#website"},"primaryImageOfPage":{"@id":"https:\/\/ruishengglassco.com\/product\/rs002-wholesale-glass-bottle-with-stopper-250ml#primaryimage"},"image":{"@id":"https:\/\/ruishengglassco.com\/product\/rs002-wholesale-glass-bottle-with-stopper-250ml#primaryimage"},"thumbnailUrl":"https:\/\/glassbottlewholesale.com\/wp-content\/uploads\/2024\/03\/250ml-glass-bottle-wholesale-1.png","datePublished":"2021-05-28T09:19:35+00:00","dateModified":"2025-06-12T01:35:32+00:00","description":"Finden Sie 250-ml-Flaschen mit Deckel im Gro\u00dfhandel bei Ruisheng Glass Bottle. 250-ml-Glasflaschen f\u00fcr Whisky ab Werk zum Gro\u00dfhandelspreis.","breadcrumb":{"@id":"https:\/\/ruishengglassco.com\/product\/rs002-wholesale-glass-bottle-with-stopper-250ml#breadcrumb"},"inLanguage":"de","potentialAction":[{"@type":"ReadAction","target":["https:\/\/ruishengglassco.com\/product\/rs002-wholesale-glass-bottle-with-stopper-250ml"]}]},{"@type":"ImageObject","inLanguage":"de","@id":"https:\/\/ruishengglassco.com\/product\/rs002-wholesale-glass-bottle-with-stopper-250ml#primaryimage","url":"https:\/\/glassbottlewholesale.com\/wp-content\/uploads\/2024\/03\/250ml-glass-bottle-wholesale-1.png","contentUrl":"https:\/\/glassbottlewholesale.com\/wp-content\/uploads\/2024\/03\/250ml-glass-bottle-wholesale-1.png","width":800,"height":800,"caption":"250ml glass bottle wholesale"},{"@type":"BreadcrumbList","@id":"https:\/\/ruishengglassco.com\/product\/rs002-wholesale-glass-bottle-with-stopper-250ml#breadcrumb","itemListElement":[{"@type":"ListItem","position":1,"name":"Home","item":"https:\/\/glassbottlewholesale.com\/"},{"@type":"ListItem","position":2,"name":"Products","item":"https:\/\/glassbottlewholesale.com\/shop\/"},{"@type":"ListItem","position":3,"name":"RS002 Wholesale Glass Bottle With Stopper 250ml"}]},{"@type":"WebSite","@id":"https:\/\/glassbottlewholesale.com\/#website","url":"https:\/\/glassbottlewholesale.com\/","name":"Glass Bottle Wholesale","description":"","publisher":{"@id":"https:\/\/glassbottlewholesale.com\/#organization"},"potentialAction":[{"@type":"SearchAction","target":{"@type":"EntryPoint","urlTemplate":"https:\/\/glassbottlewholesale.com\/?s={search_term_string}"},"query-input":{"@type":"PropertyValueSpecification","valueRequired":true,"valueName":"search_term_string"}}],"inLanguage":"de"},{"@type":"Organization","@id":"https:\/\/glassbottlewholesale.com\/#organization","name":"Glass Bottle Wholesale","url":"https:\/\/glassbottlewholesale.com\/","logo":{"@type":"ImageObject","inLanguage":"de","@id":"https:\/\/glassbottlewholesale.com\/#\/schema\/logo\/image\/","url":"https:\/\/glassbottlewholesale.com\/wp-content\/uploads\/2023\/12\/ruisheng-logo.webp","contentUrl":"https:\/\/glassbottlewholesale.com\/wp-content\/uploads\/2023\/12\/ruisheng-logo.webp","width":400,"height":233,"caption":"Glass Bottle Wholesale"},"image":{"@id":"https:\/\/glassbottlewholesale.com\/#\/schema\/logo\/image\/"}}]}},"_links":{"self":[{"href":"https:\/\/glassbottlewholesale.com\/de\/wp-json\/wp\/v2\/product\/2796","targetHints":{"allow":["GET"]}}],"collection":[{"href":"https:\/\/glassbottlewholesale.com\/de\/wp-json\/wp\/v2\/product"}],"about":[{"href":"https:\/\/glassbottlewholesale.com\/de\/wp-json\/wp\/v2\/types\/product"}],"replies":[{"embeddable":true,"href":"https:\/\/glassbottlewholesale.com\/de\/wp-json\/wp\/v2\/comments?post=2796"}],"wp:featuredmedia":[{"embeddable":true,"href":"https:\/\/glassbottlewholesale.com\/de\/wp-json\/wp\/v2\/media\/4608"}],"wp:attachment":[{"href":"https:\/\/glassbottlewholesale.com\/de\/wp-json\/wp\/v2\/media?parent=2796"}],"wp:term":[{"taxonomy":"product_brand","embeddable":true,"href":"https:\/\/glassbottlewholesale.com\/de\/wp-json\/wp\/v2\/product_brand?post=2796"},{"taxonomy":"product_cat","embeddable":true,"href":"https:\/\/glassbottlewholesale.com\/de\/wp-json\/wp\/v2\/product_cat?post=2796"},{"taxonomy":"product_tag","embeddable":true,"href":"https:\/\/glassbottlewholesale.com\/de\/wp-json\/wp\/v2\/product_tag?post=2796"}],"curies":[{"name":"wp","href":"https:\/\/api.w.org\/{rel}","templated":true}]}}