{"id":398,"date":"2019-10-10T14:45:45","date_gmt":"2019-10-10T14:45:45","guid":{"rendered":"https:\/\/queenchingglass.com\/?post_type=product&#038;p=398"},"modified":"2025-07-10T03:00:50","modified_gmt":"2025-07-10T03:00:50","slug":"750ml-glas-schnapsflasche-groshandel","status":"publish","type":"product","link":"https:\/\/glassbottlewholesale.com\/de\/750ml-glas-schnapsflasche-groshandel\/","title":{"rendered":"RS141: China 750ml Glas Lik\u00f6r Flasche Gro\u00dfhandel"},"content":{"rendered":"<div class=\"wpb-content-wrapper\"><div class=\"vc_row wpb_row vc_row-fluid\"><div class=\"wpb_column vc_column_container vc_col-sm-12\"><div class=\"vc_column-inner\"><div class=\"wpb_wrapper\">\n\t<div class=\"wpb_text_column wpb_content_element\" >\n\t\t<div class=\"wpb_wrapper\">\n\t\t\t<p>Ruisheng, ein ber\u00fchmter chinesischer Hersteller von 750-ml-Weinflaschen, bietet Rotweinflaschen im Gro\u00dfhandel zum Fabrikpreis an. Diese zum Verkauf stehenden leeren Weinflaschen haben die \u00fcbliche Form, k\u00f6nnen aber mehr Fl\u00fcssigkeit enthalten. Daher ist diese 750-ml-Weinglasflasche bei Verbrauchern sehr beliebt.<\/p>\n<p>Die Farbe dieser Rotweinflaschen im Gro\u00dfhandel ist transparent. Wenn Sie eine Farbanforderung haben, k\u00f6nnen wir diese entsprechend Ihrer Anfrage \u00e4ndern. Wir k\u00f6nnen Ihr Logo auch auf den Verschluss und den Flaschenk\u00f6rper drucken. Au\u00dferdem hat unser Unternehmen viele Zertifikate erhalten, sodass wir von unseren Flaschen sehr \u00fcberzeugt sind.<\/p>\n<p class=\"tran\">Wir stellen strenge Anforderungen an die Rohstoffe, bevor wir Weinflaschen aus Glas herstellen. Unser Chef \u00fcberwacht pers\u00f6nlich die Herstellung der Flaschen in der Fabrik.<\/p>\n<p>Unser Export\u00a0<a href=\"https:\/\/ruishengglassco.com\/750ml-liquor-glass-bottle-manufacturer\">Weinglasflaschen 750ml<\/a>\u00a0werden nach nationalem Standard verpackt und die Menge ist ebenfalls eine strenge Berechnung. Wir sorgen daf\u00fcr, dass die Waren sicher in Ihrem Land ankommen.<\/p>\n<p>Das Wichtigste ist, dass wir einen erstklassigen Kundendienst haben. Wir beantworten Ihre Fragen von der Bestellung bis zum Versand geduldig und versichern Ihnen, dass Sie mit unseren Produkten vertraut sein werden.<\/p>\n<p>Wenn Sie unser Unternehmen best\u00e4tigen m\u00f6chten, k\u00f6nnen wir das Video f\u00fcr Sie drehen oder Sie k\u00f6nnen unser Unternehmen besuchen. Wir werden jemanden haben, der Sie abholt und Ihnen die Fabrik zeigt.<\/p>\n<p>Unsere Hauptprodukte sind\u00a0<a href=\"https:\/\/ruishengglassco.com\/\">Glasflaschen der Spitzenklasse<\/a> wie Wodkaflaschen, Brandyflaschen, Whiskyflaschen, Schnapsflaschen, Marmeladenflaschen und so weiter. Wir k\u00f6nnen auch Braunglasflaschen, gr\u00fcne Flaschen und Wasserflaschen anbieten. Unser Hauptmarkt ist Europa, die USA, Australien, Amerika usw. Und alle Produkte genie\u00dfen einen guten Ruf f\u00fcr Innovation und Funktionalit\u00e4t.<\/p>\n<h4>750ml Weinflaschen China Hersteller<\/h4>\n<p>Die Informationen zur Glasflasche sind wie folgt:<\/p>\n<ul>\n<li>Hauptmaterial: Hochwei\u00dfes Glas<\/li>\n<li>Verschluss: Schraubverschluss<\/li>\n<li>Referenz: RS141<\/li>\n<li>Mindestbestellmenge: 10.000 St\u00fcck<\/li>\n<li>Fassungsverm\u00f6gen: 750ml<\/li>\n<li>Stk.\/Karton: 24Stk.<\/li>\n<li>Herkunftsort: Shandong, China<\/li>\n<li>Merkmal: Umweltfreundlich<\/li>\n<\/ul>\n<p>Ihnen gefallen diese Rotweinglasflaschen im Gro\u00dfhandel von einem 750-ml-Weinflaschenhersteller aus China? Dann nehmen Sie gerne Kontakt mit uns auf.<\/p>\n<p>Wenn es Ihnen nicht gef\u00e4llt, k\u00f6nnen wir Ihnen unseren Katalog zusenden, Sie k\u00f6nnen dann jemanden ausw\u00e4hlen, der Ihnen gef\u00e4llt.<\/p>\n<p>Wenn Sie an unseren Weinflaschen im Gro\u00dfhandel interessiert sind, kontaktieren Sie uns bitte. Wir werden Ihnen innerhalb von 24 Stunden antworten.<\/p>\n\n\t\t<\/div>\n\t<\/div>\n<\/div><\/div><\/div><\/div>\n<\/div>","protected":false},"excerpt":{"rendered":"<div class=\"col col-sm-6 col-xs-12\">\n<div id=\"slider-3137-product-image-carosel\" class=\"rt-carousel carousel-holder clearfix product-image-carosel rt-image-carousel\" data-item-width=\"1\" data-nav=\"true\" data-dots=\"false\" data-margin=\"15\" data-autoplay=\"true\" data-timeout=\"7500\" data-loop=\"false\" data-tablet-item-width=\"\" data-mobile-item-width=\"1\">\n<div class=\"owl-carousel owl-loaded owl-drag\">\n<div class=\"owl-nav\">\n<div class=\"owl-next disabled\"><\/div>\n<\/div>\n<\/div>\n<\/div>\n<\/div>\n<div class=\"col col-sm-6 col-xs-12\">\n<p>Diese runde Glasflasche mit 750 ml Fassungsverm\u00f6gen ist haupts\u00e4chlich f\u00fcr die Verpackung von Rotweinen konzipiert. Transparentes, hochwei\u00dfes Glas spiegelt die sch\u00f6ne Farbe des Rotweins wider. Spezielle Lieferung f\u00fcr Weing\u00fcter und Weinunternehmen<\/p>\n<p>Individuelle 750ml Glasflasche f\u00fcr Rotwein:<\/p>\n<ul>\n<li>Referenz: RS141<\/li>\n<li><strong>OEM\/ODM-Service mit kostenloser Probe. Mindestbestellmenge: 10.000 St\u00fcck (10.000 St\u00fcck)<\/strong><\/li>\n<li>Verschluss: Kork, Schraubverschluss oder individuell<\/li>\n<li>Material: Hochwei\u00dfes Glas<\/li>\n<li>Flaschenh\u00f6he: 228 mm \u00b1 2 mm<\/li>\n<li>Flaschendurchmesser: 92,4 mm \u00b1 2 mm<\/li>\n<\/ul>\n<\/div>","protected":false},"featured_media":4748,"comment_status":"open","ping_status":"closed","template":"","meta":[],"product_brand":[],"product_cat":[52,59],"product_tag":[],"class_list":{"0":"post-398","1":"product","2":"type-product","3":"status-publish","4":"has-post-thumbnail","6":"product_cat-750ml-glass-bottle","7":"product_cat-absinthe-bottle","8":"entry","9":"has-media","11":"first","12":"instock","13":"shipping-taxable","14":"product-type-simple"},"yoast_head":"<!-- This site is optimized with the Yoast SEO plugin v27.3 - https:\/\/yoast.com\/product\/yoast-seo-wordpress\/ -->\n<title>RS141: China 750ml Glass Liquor Bottle Wholesale - Glass Bottle Wholesale<\/title>\n<meta name=\"robots\" content=\"index, follow, max-snippet:-1, max-image-preview:large, max-video-preview:-1\" \/>\n<link rel=\"canonical\" href=\"https:\/\/ruishengglassco.com\/product\/rs141-china-750ml-glass-liquor-bottle\" \/>\n<meta property=\"og:locale\" content=\"de_DE\" \/>\n<meta property=\"og:type\" content=\"article\" \/>\n<meta property=\"og:title\" content=\"RS141: China 750ml Glass Liquor Bottle Wholesale - Glass Bottle Wholesale\" \/>\n<meta property=\"og:description\" content=\"This series 750ml round shape glass bottle is mainly designed for Red Wine packaging. Transparent high flint glass reflects the beautiful color of red wine. Especially supplying for Winery&amp;Wine Company  Custom 750ml glass bottle for red wine:   Reference: RS141  OEM\/ODM Service With Free Sample. MOQ:10000pcs(10000 PCS)  Cap:Cork, Screw cap or custom  Material: High Flint Glass  Bottle Height:228MM\u00b12MMmm  Bottle Diameter: 92.4MM\u00b12MM\" \/>\n<meta property=\"og:url\" content=\"https:\/\/ruishengglassco.com\/product\/rs141-china-750ml-glass-liquor-bottle\" \/>\n<meta property=\"og:site_name\" content=\"Glass Bottle Wholesale\" \/>\n<meta property=\"article:modified_time\" content=\"2025-07-10T03:00:50+00:00\" \/>\n<meta property=\"og:image\" content=\"https:\/\/glassbottlewholesale.com\/wp-content\/uploads\/2024\/04\/glass-bottle-manufacturing15-1.png\" \/>\n\t<meta property=\"og:image:width\" content=\"800\" \/>\n\t<meta property=\"og:image:height\" content=\"800\" \/>\n\t<meta property=\"og:image:type\" content=\"image\/png\" \/>\n<meta name=\"twitter:card\" content=\"summary_large_image\" \/>\n<meta name=\"twitter:label1\" content=\"Gesch\u00e4tzte Lesezeit\" \/>\n\t<meta name=\"twitter:data1\" content=\"2\u00a0Minuten\" \/>\n<script type=\"application\/ld+json\" class=\"yoast-schema-graph\">{\"@context\":\"https:\\\/\\\/schema.org\",\"@graph\":[{\"@type\":\"WebPage\",\"@id\":\"https:\\\/\\\/glassbottlewholesale.com\\\/750ml-glass-liquor-bottle-wholesale\\\/\",\"url\":\"https:\\\/\\\/ruishengglassco.com\\\/product\\\/rs141-china-750ml-glass-liquor-bottle\",\"name\":\"RS141: China 750ml Glass Liquor Bottle Wholesale - Glass Bottle Wholesale\",\"isPartOf\":{\"@id\":\"https:\\\/\\\/glassbottlewholesale.com\\\/#website\"},\"primaryImageOfPage\":{\"@id\":\"https:\\\/\\\/ruishengglassco.com\\\/product\\\/rs141-china-750ml-glass-liquor-bottle#primaryimage\"},\"image\":{\"@id\":\"https:\\\/\\\/ruishengglassco.com\\\/product\\\/rs141-china-750ml-glass-liquor-bottle#primaryimage\"},\"thumbnailUrl\":\"https:\\\/\\\/glassbottlewholesale.com\\\/wp-content\\\/uploads\\\/2024\\\/04\\\/glass-bottle-manufacturing15-1.png\",\"datePublished\":\"2019-10-10T14:45:45+00:00\",\"dateModified\":\"2025-07-10T03:00:50+00:00\",\"breadcrumb\":{\"@id\":\"https:\\\/\\\/ruishengglassco.com\\\/product\\\/rs141-china-750ml-glass-liquor-bottle#breadcrumb\"},\"inLanguage\":\"de\",\"potentialAction\":[{\"@type\":\"ReadAction\",\"target\":[\"https:\\\/\\\/ruishengglassco.com\\\/product\\\/rs141-china-750ml-glass-liquor-bottle\"]}]},{\"@type\":\"ImageObject\",\"inLanguage\":\"de\",\"@id\":\"https:\\\/\\\/ruishengglassco.com\\\/product\\\/rs141-china-750ml-glass-liquor-bottle#primaryimage\",\"url\":\"https:\\\/\\\/glassbottlewholesale.com\\\/wp-content\\\/uploads\\\/2024\\\/04\\\/glass-bottle-manufacturing15-1.png\",\"contentUrl\":\"https:\\\/\\\/glassbottlewholesale.com\\\/wp-content\\\/uploads\\\/2024\\\/04\\\/glass-bottle-manufacturing15-1.png\",\"width\":800,\"height\":800,\"caption\":\"RS141: China 750ml Glass Liquor Bottle Wholesale\"},{\"@type\":\"BreadcrumbList\",\"@id\":\"https:\\\/\\\/ruishengglassco.com\\\/product\\\/rs141-china-750ml-glass-liquor-bottle#breadcrumb\",\"itemListElement\":[{\"@type\":\"ListItem\",\"position\":1,\"name\":\"Home\",\"item\":\"https:\\\/\\\/glassbottlewholesale.com\\\/\"},{\"@type\":\"ListItem\",\"position\":2,\"name\":\"Products\",\"item\":\"https:\\\/\\\/glassbottlewholesale.com\\\/shop\\\/\"},{\"@type\":\"ListItem\",\"position\":3,\"name\":\"RS141: China 750ml Glass Liquor Bottle Wholesale\"}]},{\"@type\":\"WebSite\",\"@id\":\"https:\\\/\\\/glassbottlewholesale.com\\\/#website\",\"url\":\"https:\\\/\\\/glassbottlewholesale.com\\\/\",\"name\":\"Glass Bottle Wholesale\",\"description\":\"\",\"publisher\":{\"@id\":\"https:\\\/\\\/glassbottlewholesale.com\\\/#organization\"},\"potentialAction\":[{\"@type\":\"SearchAction\",\"target\":{\"@type\":\"EntryPoint\",\"urlTemplate\":\"https:\\\/\\\/glassbottlewholesale.com\\\/?s={search_term_string}\"},\"query-input\":{\"@type\":\"PropertyValueSpecification\",\"valueRequired\":true,\"valueName\":\"search_term_string\"}}],\"inLanguage\":\"de\"},{\"@type\":\"Organization\",\"@id\":\"https:\\\/\\\/glassbottlewholesale.com\\\/#organization\",\"name\":\"Glass Bottle Wholesale\",\"url\":\"https:\\\/\\\/glassbottlewholesale.com\\\/\",\"logo\":{\"@type\":\"ImageObject\",\"inLanguage\":\"de\",\"@id\":\"https:\\\/\\\/glassbottlewholesale.com\\\/#\\\/schema\\\/logo\\\/image\\\/\",\"url\":\"https:\\\/\\\/glassbottlewholesale.com\\\/wp-content\\\/uploads\\\/2023\\\/12\\\/ruisheng-logo.webp\",\"contentUrl\":\"https:\\\/\\\/glassbottlewholesale.com\\\/wp-content\\\/uploads\\\/2023\\\/12\\\/ruisheng-logo.webp\",\"width\":400,\"height\":233,\"caption\":\"Glass Bottle Wholesale\"},\"image\":{\"@id\":\"https:\\\/\\\/glassbottlewholesale.com\\\/#\\\/schema\\\/logo\\\/image\\\/\"}}]}<\/script>\n<!-- \/ Yoast SEO plugin. -->","yoast_head_json":{"title":"RS141: China 750ml Glass Liquor Bottle Wholesale - Glass Bottle Wholesale","robots":{"index":"index","follow":"follow","max-snippet":"max-snippet:-1","max-image-preview":"max-image-preview:large","max-video-preview":"max-video-preview:-1"},"canonical":"https:\/\/ruishengglassco.com\/product\/rs141-china-750ml-glass-liquor-bottle","og_locale":"de_DE","og_type":"article","og_title":"RS141: China 750ml Glass Liquor Bottle Wholesale - Glass Bottle Wholesale","og_description":"This series 750ml round shape glass bottle is mainly designed for Red Wine packaging. Transparent high flint glass reflects the beautiful color of red wine. Especially supplying for Winery&amp;Wine Company  Custom 750ml glass bottle for red wine:   Reference: RS141  OEM\/ODM Service With Free Sample. MOQ:10000pcs(10000 PCS)  Cap:Cork, Screw cap or custom  Material: High Flint Glass  Bottle Height:228MM\u00b12MMmm  Bottle Diameter: 92.4MM\u00b12MM","og_url":"https:\/\/ruishengglassco.com\/product\/rs141-china-750ml-glass-liquor-bottle","og_site_name":"Glass Bottle Wholesale","article_modified_time":"2025-07-10T03:00:50+00:00","og_image":[{"width":800,"height":800,"url":"https:\/\/glassbottlewholesale.com\/wp-content\/uploads\/2024\/04\/glass-bottle-manufacturing15-1.png","type":"image\/png"}],"twitter_card":"summary_large_image","twitter_misc":{"Gesch\u00e4tzte Lesezeit":"2\u00a0Minuten"},"schema":{"@context":"https:\/\/schema.org","@graph":[{"@type":"WebPage","@id":"https:\/\/glassbottlewholesale.com\/750ml-glass-liquor-bottle-wholesale\/","url":"https:\/\/ruishengglassco.com\/product\/rs141-china-750ml-glass-liquor-bottle","name":"RS141: China 750ml Glass Liquor Bottle Wholesale - Glass Bottle Wholesale","isPartOf":{"@id":"https:\/\/glassbottlewholesale.com\/#website"},"primaryImageOfPage":{"@id":"https:\/\/ruishengglassco.com\/product\/rs141-china-750ml-glass-liquor-bottle#primaryimage"},"image":{"@id":"https:\/\/ruishengglassco.com\/product\/rs141-china-750ml-glass-liquor-bottle#primaryimage"},"thumbnailUrl":"https:\/\/glassbottlewholesale.com\/wp-content\/uploads\/2024\/04\/glass-bottle-manufacturing15-1.png","datePublished":"2019-10-10T14:45:45+00:00","dateModified":"2025-07-10T03:00:50+00:00","breadcrumb":{"@id":"https:\/\/ruishengglassco.com\/product\/rs141-china-750ml-glass-liquor-bottle#breadcrumb"},"inLanguage":"de","potentialAction":[{"@type":"ReadAction","target":["https:\/\/ruishengglassco.com\/product\/rs141-china-750ml-glass-liquor-bottle"]}]},{"@type":"ImageObject","inLanguage":"de","@id":"https:\/\/ruishengglassco.com\/product\/rs141-china-750ml-glass-liquor-bottle#primaryimage","url":"https:\/\/glassbottlewholesale.com\/wp-content\/uploads\/2024\/04\/glass-bottle-manufacturing15-1.png","contentUrl":"https:\/\/glassbottlewholesale.com\/wp-content\/uploads\/2024\/04\/glass-bottle-manufacturing15-1.png","width":800,"height":800,"caption":"RS141: China 750ml Glass Liquor Bottle Wholesale"},{"@type":"BreadcrumbList","@id":"https:\/\/ruishengglassco.com\/product\/rs141-china-750ml-glass-liquor-bottle#breadcrumb","itemListElement":[{"@type":"ListItem","position":1,"name":"Home","item":"https:\/\/glassbottlewholesale.com\/"},{"@type":"ListItem","position":2,"name":"Products","item":"https:\/\/glassbottlewholesale.com\/shop\/"},{"@type":"ListItem","position":3,"name":"RS141: China 750ml Glass Liquor Bottle Wholesale"}]},{"@type":"WebSite","@id":"https:\/\/glassbottlewholesale.com\/#website","url":"https:\/\/glassbottlewholesale.com\/","name":"Glass Bottle Wholesale","description":"","publisher":{"@id":"https:\/\/glassbottlewholesale.com\/#organization"},"potentialAction":[{"@type":"SearchAction","target":{"@type":"EntryPoint","urlTemplate":"https:\/\/glassbottlewholesale.com\/?s={search_term_string}"},"query-input":{"@type":"PropertyValueSpecification","valueRequired":true,"valueName":"search_term_string"}}],"inLanguage":"de"},{"@type":"Organization","@id":"https:\/\/glassbottlewholesale.com\/#organization","name":"Glass Bottle Wholesale","url":"https:\/\/glassbottlewholesale.com\/","logo":{"@type":"ImageObject","inLanguage":"de","@id":"https:\/\/glassbottlewholesale.com\/#\/schema\/logo\/image\/","url":"https:\/\/glassbottlewholesale.com\/wp-content\/uploads\/2023\/12\/ruisheng-logo.webp","contentUrl":"https:\/\/glassbottlewholesale.com\/wp-content\/uploads\/2023\/12\/ruisheng-logo.webp","width":400,"height":233,"caption":"Glass Bottle Wholesale"},"image":{"@id":"https:\/\/glassbottlewholesale.com\/#\/schema\/logo\/image\/"}}]}},"_links":{"self":[{"href":"https:\/\/glassbottlewholesale.com\/de\/wp-json\/wp\/v2\/product\/398","targetHints":{"allow":["GET"]}}],"collection":[{"href":"https:\/\/glassbottlewholesale.com\/de\/wp-json\/wp\/v2\/product"}],"about":[{"href":"https:\/\/glassbottlewholesale.com\/de\/wp-json\/wp\/v2\/types\/product"}],"replies":[{"embeddable":true,"href":"https:\/\/glassbottlewholesale.com\/de\/wp-json\/wp\/v2\/comments?post=398"}],"wp:featuredmedia":[{"embeddable":true,"href":"https:\/\/glassbottlewholesale.com\/de\/wp-json\/wp\/v2\/media\/4748"}],"wp:attachment":[{"href":"https:\/\/glassbottlewholesale.com\/de\/wp-json\/wp\/v2\/media?parent=398"}],"wp:term":[{"taxonomy":"product_brand","embeddable":true,"href":"https:\/\/glassbottlewholesale.com\/de\/wp-json\/wp\/v2\/product_brand?post=398"},{"taxonomy":"product_cat","embeddable":true,"href":"https:\/\/glassbottlewholesale.com\/de\/wp-json\/wp\/v2\/product_cat?post=398"},{"taxonomy":"product_tag","embeddable":true,"href":"https:\/\/glassbottlewholesale.com\/de\/wp-json\/wp\/v2\/product_tag?post=398"}],"curies":[{"name":"wp","href":"https:\/\/api.w.org\/{rel}","templated":true}]}}