{"id":424,"date":"2019-10-12T13:34:20","date_gmt":"2019-10-12T13:34:20","guid":{"rendered":"https:\/\/queenchingglass.com\/?post_type=product&#038;p=424"},"modified":"2025-07-10T03:02:47","modified_gmt":"2025-07-10T03:02:47","slug":"buy-glass-bottle-in-bulk-with-lids","status":"publish","type":"product","link":"https:\/\/glassbottlewholesale.com\/de\/buy-glass-bottle-in-bulk-with-lids\/","title":{"rendered":"RS137: Glasflaschen mit Deckel in gro\u00dfen Mengen kaufen"},"content":{"rendered":"<div class=\"wpb-content-wrapper\"><div class=\"vc_row wpb_row vc_row-fluid\"><div class=\"wpb_column vc_column_container vc_col-sm-12\"><div class=\"vc_column-inner\"><div class=\"wpb_wrapper\">\n\t<div class=\"wpb_text_column wpb_content_element\" >\n\t\t<div class=\"wpb_wrapper\">\n\t\t\t<p>Die 750ml Klarglasflasche f\u00fcr Spirituosen wird in Shandong Yuncheng Ruisheng Glass Co. hergestellt. Unser Unternehmen ist eines der gr\u00f6\u00dften Super Flint<a href=\"https:\/\/ruishengglassco.com\/glass-liquor-spirit-bottles\">\u00a0Lik\u00f6rglasflaschen herstellt<\/a>\u00a0in China. Unser Unternehmen hat mehr als 500 Mitarbeiter und eine Gruppe von qualifizierten Ingenieuren. Mit reicher Erfahrung haben wir einen guten Ruf in der ganzen Welt.<\/p>\n<p>Die 750ml Gro\u00dfhandel Spirituosenflasche mit Korken wird durch hohe Feuerstein Glasmaterial, das die Glasflasche mehr klar, haltbarer und glatter macht.  Welche ist geeignet f\u00fcr das Paket von Schnaps, Wodka, Schnaps, Whiskey, Marmelade und so weiter.<\/p>\n<p>Als ein Top-Gro\u00dfhandel Spirituosenflasche mit Croks Hersteller, Ruisheng konzentriert sich auf hochwertige Glasflasche Herstellung wie Wodka-Flasche, Brandy-Flasche, Whiskey-Flasche, Lik\u00f6r-Flasche, Marmelade Flasche und so weiter. Wir k\u00f6nnen auch verschiedene Farbe Spirituosenflasche Gro\u00dfhandel wie Braunglasflasche, gr\u00fcne Flasche, Wei\u00dfglasflasche, transparente Glasflasche, etc. anbieten. Unser Hauptmarkt in Gro\u00dfbritannien, USA, Australien, Kanada und vielen anderen L\u00e4ndern. Und alle Produkte genie\u00dfen ein hohes Ansehen f\u00fcr Innovation und Funktionalit\u00e4t.<\/p>\n<p>Und wie w\u00e4hlt man E-Liquid-Glasflaschen? W\u00e4hlen Sie die richtige Klarglasflasche f\u00fcr Spirituosen, die erste ist die Qualit\u00e4t der Fl\u00fcssigkeit Flaschen,\u00a0<a href=\"https:\/\/ruishengglassco.com\/\">Hochwertige Glasflasche<\/a>\u00a0ist in der Lage, die Qualit\u00e4t von Spirituosen zu gew\u00e4hrleisten und ihren Wert zu verbessern. Dar\u00fcber hinaus m\u00fcssen die Kunden auch die Aufmerksamkeit auf die Qualit\u00e4t von Spirituosen Produkte, Spirituosen Geschmack und kulturelle Propaganda zu w\u00e4hlen e fl\u00fcssige Glasflasche zu zahlen. Zus\u00e4tzliche, w\u00e4hlen und kaufen Lik\u00f6r Flasche Produkt m\u00fcssen eine regelm\u00e4\u00dfige Lik\u00f6r Flasche Hersteller w\u00e4hlen, um die Qualit\u00e4t und den Preis von Alkohol-Flaschen zu gew\u00e4hrleisten.<\/p>\n<p>Wenn Sie an dieser 750ml Klarglasflasche f\u00fcr Spirituosen interessiert sind, nehmen Sie bitte Kontakt mit uns auf. Wir werden Ihnen innerhalb von 24 Stunden antworten.<\/p>\n\n\t\t<\/div>\n\t<\/div>\n<\/div><\/div><\/div><\/div>\n<\/div>","protected":false},"excerpt":{"rendered":"<div class=\"col col-sm-6 col-xs-12\">\n<div id=\"slider-3128-product-image-carosel\" class=\"rt-carousel carousel-holder clearfix product-image-carosel rt-image-carousel\" data-item-width=\"1\" data-nav=\"true\" data-dots=\"false\" data-margin=\"15\" data-autoplay=\"true\" data-timeout=\"7500\" data-loop=\"false\" data-tablet-item-width=\"\" data-mobile-item-width=\"1\">\n<div class=\"owl-carousel owl-loaded owl-drag\">\n<div class=\"owl-nav\">\n<div class=\"owl-next disabled\"><\/div>\n<\/div>\n<\/div>\n<\/div>\n<\/div>\n<div class=\"col col-sm-6 col-xs-12\">\n<p>Glass round shape 750ml clear glass bottle for liquor. The beautiful color of the spirit shows through the super-flint glass, works for Whiskey, Brandy, Vodka, etc. Cork\/Scrow cap Available.<\/p>\n<p>Benutzerdefinierte 750ml Spiritus Glasflasche Gro\u00dfhandel Details:<\/p>\n<ul>\n<li>Referenz: RS137<\/li>\n<li><strong>OEM\/ODM-Service angeboten. MOQ:10000pcs<\/strong><\/li>\n<li>Verschluss: Schraubverschluss\/Kork<\/li>\n<li>Material: Hochwei\u00dfes Glas<\/li>\n<li>Lieferung: Kostenlose Probe wird innerhalb von 3-7 Tagen angeboten. Bulk Order innerhalb von 30 Tagen.<\/li>\n<li>Merkmal: Umweltfreundlich<\/li>\n<\/ul>\n<\/div>","protected":false},"featured_media":425,"comment_status":"open","ping_status":"closed","template":"","meta":[],"product_brand":[],"product_cat":[52,60,63],"product_tag":[],"class_list":{"0":"post-424","1":"product","2":"type-product","3":"status-publish","4":"has-post-thumbnail","6":"product_cat-750ml-glass-bottle","7":"product_cat-brandy-bottle","8":"product_cat-liquor-bottle","9":"entry","10":"has-media","12":"first","13":"instock","14":"shipping-taxable","15":"product-type-simple"},"yoast_head":"<!-- This site is optimized with the Yoast SEO plugin v27.3 - https:\/\/yoast.com\/product\/yoast-seo-wordpress\/ -->\n<title>RS137: Buy Glass Bottle In Bulk With Lids - Glass Bottle Wholesale<\/title>\n<meta name=\"robots\" content=\"index, follow, max-snippet:-1, max-image-preview:large, max-video-preview:-1\" \/>\n<link rel=\"canonical\" href=\"https:\/\/ruishengglassco.com\/product\/rs137-buy-glass-bottle-with-lids\" \/>\n<meta property=\"og:locale\" content=\"de_DE\" \/>\n<meta property=\"og:type\" content=\"article\" \/>\n<meta property=\"og:title\" content=\"RS137: Buy Glass Bottle In Bulk With Lids - Glass Bottle Wholesale\" \/>\n<meta property=\"og:description\" content=\"Glass round shape 750ml clear glass bottle for liquor. The beautiful color of the spirit shows through the super-flint glass, works for Whiskey, Brandy, Vodka, etc. Cork\/Scrow cap Available.  Custom 750ml Spirit Glass Bottle Wholesale Details:   Reference: RS137  OEM\/ODM Service offered. MOQ:10000pcs  Cap: Screw cap\/Cork  Material: High Flint Glass  Delivery: Free Sample Offered Within 3-7 Days. Bulk Order Within 30 Days.  Feature: Eco-friendly\" \/>\n<meta property=\"og:url\" content=\"https:\/\/ruishengglassco.com\/product\/rs137-buy-glass-bottle-with-lids\" \/>\n<meta property=\"og:site_name\" content=\"Glass Bottle Wholesale\" \/>\n<meta property=\"article:modified_time\" content=\"2025-07-10T03:02:47+00:00\" \/>\n<meta property=\"og:image\" content=\"https:\/\/glassbottlewholesale.com\/wp-content\/uploads\/2019\/10\/\u767d\u5170\u57304l.jpg\" \/>\n\t<meta property=\"og:image:width\" content=\"400\" \/>\n\t<meta property=\"og:image:height\" content=\"400\" \/>\n\t<meta property=\"og:image:type\" content=\"image\/jpeg\" \/>\n<meta name=\"twitter:card\" content=\"summary_large_image\" \/>\n<meta name=\"twitter:label1\" content=\"Gesch\u00e4tzte Lesezeit\" \/>\n\t<meta name=\"twitter:data1\" content=\"2\u00a0Minuten\" \/>\n<script type=\"application\/ld+json\" class=\"yoast-schema-graph\">{\"@context\":\"https:\\\/\\\/schema.org\",\"@graph\":[{\"@type\":\"WebPage\",\"@id\":\"https:\\\/\\\/glassbottlewholesale.com\\\/buy-glass-bottle-in-bulk-with-lids\\\/\",\"url\":\"https:\\\/\\\/ruishengglassco.com\\\/product\\\/rs137-buy-glass-bottle-with-lids\",\"name\":\"RS137: Buy Glass Bottle In Bulk With Lids - Glass Bottle Wholesale\",\"isPartOf\":{\"@id\":\"https:\\\/\\\/glassbottlewholesale.com\\\/#website\"},\"primaryImageOfPage\":{\"@id\":\"https:\\\/\\\/ruishengglassco.com\\\/product\\\/rs137-buy-glass-bottle-with-lids#primaryimage\"},\"image\":{\"@id\":\"https:\\\/\\\/ruishengglassco.com\\\/product\\\/rs137-buy-glass-bottle-with-lids#primaryimage\"},\"thumbnailUrl\":\"https:\\\/\\\/glassbottlewholesale.com\\\/wp-content\\\/uploads\\\/2019\\\/10\\\/\u767d\u5170\u57304l.jpg\",\"datePublished\":\"2019-10-12T13:34:20+00:00\",\"dateModified\":\"2025-07-10T03:02:47+00:00\",\"breadcrumb\":{\"@id\":\"https:\\\/\\\/ruishengglassco.com\\\/product\\\/rs137-buy-glass-bottle-with-lids#breadcrumb\"},\"inLanguage\":\"de\",\"potentialAction\":[{\"@type\":\"ReadAction\",\"target\":[\"https:\\\/\\\/ruishengglassco.com\\\/product\\\/rs137-buy-glass-bottle-with-lids\"]}]},{\"@type\":\"ImageObject\",\"inLanguage\":\"de\",\"@id\":\"https:\\\/\\\/ruishengglassco.com\\\/product\\\/rs137-buy-glass-bottle-with-lids#primaryimage\",\"url\":\"https:\\\/\\\/glassbottlewholesale.com\\\/wp-content\\\/uploads\\\/2019\\\/10\\\/\u767d\u5170\u57304l.jpg\",\"contentUrl\":\"https:\\\/\\\/glassbottlewholesale.com\\\/wp-content\\\/uploads\\\/2019\\\/10\\\/\u767d\u5170\u57304l.jpg\",\"width\":400,\"height\":400},{\"@type\":\"BreadcrumbList\",\"@id\":\"https:\\\/\\\/ruishengglassco.com\\\/product\\\/rs137-buy-glass-bottle-with-lids#breadcrumb\",\"itemListElement\":[{\"@type\":\"ListItem\",\"position\":1,\"name\":\"Home\",\"item\":\"https:\\\/\\\/glassbottlewholesale.com\\\/\"},{\"@type\":\"ListItem\",\"position\":2,\"name\":\"Products\",\"item\":\"https:\\\/\\\/glassbottlewholesale.com\\\/shop\\\/\"},{\"@type\":\"ListItem\",\"position\":3,\"name\":\"RS137: Buy Glass Bottle In Bulk With Lids\"}]},{\"@type\":\"WebSite\",\"@id\":\"https:\\\/\\\/glassbottlewholesale.com\\\/#website\",\"url\":\"https:\\\/\\\/glassbottlewholesale.com\\\/\",\"name\":\"Glass Bottle Wholesale\",\"description\":\"\",\"publisher\":{\"@id\":\"https:\\\/\\\/glassbottlewholesale.com\\\/#organization\"},\"potentialAction\":[{\"@type\":\"SearchAction\",\"target\":{\"@type\":\"EntryPoint\",\"urlTemplate\":\"https:\\\/\\\/glassbottlewholesale.com\\\/?s={search_term_string}\"},\"query-input\":{\"@type\":\"PropertyValueSpecification\",\"valueRequired\":true,\"valueName\":\"search_term_string\"}}],\"inLanguage\":\"de\"},{\"@type\":\"Organization\",\"@id\":\"https:\\\/\\\/glassbottlewholesale.com\\\/#organization\",\"name\":\"Glass Bottle Wholesale\",\"url\":\"https:\\\/\\\/glassbottlewholesale.com\\\/\",\"logo\":{\"@type\":\"ImageObject\",\"inLanguage\":\"de\",\"@id\":\"https:\\\/\\\/glassbottlewholesale.com\\\/#\\\/schema\\\/logo\\\/image\\\/\",\"url\":\"https:\\\/\\\/glassbottlewholesale.com\\\/wp-content\\\/uploads\\\/2023\\\/12\\\/ruisheng-logo.webp\",\"contentUrl\":\"https:\\\/\\\/glassbottlewholesale.com\\\/wp-content\\\/uploads\\\/2023\\\/12\\\/ruisheng-logo.webp\",\"width\":400,\"height\":233,\"caption\":\"Glass Bottle Wholesale\"},\"image\":{\"@id\":\"https:\\\/\\\/glassbottlewholesale.com\\\/#\\\/schema\\\/logo\\\/image\\\/\"}}]}<\/script>\n<!-- \/ Yoast SEO plugin. -->","yoast_head_json":{"title":"RS137: Buy Glass Bottle In Bulk With Lids - Glass Bottle Wholesale","robots":{"index":"index","follow":"follow","max-snippet":"max-snippet:-1","max-image-preview":"max-image-preview:large","max-video-preview":"max-video-preview:-1"},"canonical":"https:\/\/ruishengglassco.com\/product\/rs137-buy-glass-bottle-with-lids","og_locale":"de_DE","og_type":"article","og_title":"RS137: Buy Glass Bottle In Bulk With Lids - Glass Bottle Wholesale","og_description":"Glass round shape 750ml clear glass bottle for liquor. The beautiful color of the spirit shows through the super-flint glass, works for Whiskey, Brandy, Vodka, etc. Cork\/Scrow cap Available.  Custom 750ml Spirit Glass Bottle Wholesale Details:   Reference: RS137  OEM\/ODM Service offered. MOQ:10000pcs  Cap: Screw cap\/Cork  Material: High Flint Glass  Delivery: Free Sample Offered Within 3-7 Days. Bulk Order Within 30 Days.  Feature: Eco-friendly","og_url":"https:\/\/ruishengglassco.com\/product\/rs137-buy-glass-bottle-with-lids","og_site_name":"Glass Bottle Wholesale","article_modified_time":"2025-07-10T03:02:47+00:00","og_image":[{"width":400,"height":400,"url":"https:\/\/glassbottlewholesale.com\/wp-content\/uploads\/2019\/10\/\u767d\u5170\u57304l.jpg","type":"image\/jpeg"}],"twitter_card":"summary_large_image","twitter_misc":{"Gesch\u00e4tzte Lesezeit":"2\u00a0Minuten"},"schema":{"@context":"https:\/\/schema.org","@graph":[{"@type":"WebPage","@id":"https:\/\/glassbottlewholesale.com\/buy-glass-bottle-in-bulk-with-lids\/","url":"https:\/\/ruishengglassco.com\/product\/rs137-buy-glass-bottle-with-lids","name":"RS137: Buy Glass Bottle In Bulk With Lids - Glass Bottle Wholesale","isPartOf":{"@id":"https:\/\/glassbottlewholesale.com\/#website"},"primaryImageOfPage":{"@id":"https:\/\/ruishengglassco.com\/product\/rs137-buy-glass-bottle-with-lids#primaryimage"},"image":{"@id":"https:\/\/ruishengglassco.com\/product\/rs137-buy-glass-bottle-with-lids#primaryimage"},"thumbnailUrl":"https:\/\/glassbottlewholesale.com\/wp-content\/uploads\/2019\/10\/\u767d\u5170\u57304l.jpg","datePublished":"2019-10-12T13:34:20+00:00","dateModified":"2025-07-10T03:02:47+00:00","breadcrumb":{"@id":"https:\/\/ruishengglassco.com\/product\/rs137-buy-glass-bottle-with-lids#breadcrumb"},"inLanguage":"de","potentialAction":[{"@type":"ReadAction","target":["https:\/\/ruishengglassco.com\/product\/rs137-buy-glass-bottle-with-lids"]}]},{"@type":"ImageObject","inLanguage":"de","@id":"https:\/\/ruishengglassco.com\/product\/rs137-buy-glass-bottle-with-lids#primaryimage","url":"https:\/\/glassbottlewholesale.com\/wp-content\/uploads\/2019\/10\/\u767d\u5170\u57304l.jpg","contentUrl":"https:\/\/glassbottlewholesale.com\/wp-content\/uploads\/2019\/10\/\u767d\u5170\u57304l.jpg","width":400,"height":400},{"@type":"BreadcrumbList","@id":"https:\/\/ruishengglassco.com\/product\/rs137-buy-glass-bottle-with-lids#breadcrumb","itemListElement":[{"@type":"ListItem","position":1,"name":"Home","item":"https:\/\/glassbottlewholesale.com\/"},{"@type":"ListItem","position":2,"name":"Products","item":"https:\/\/glassbottlewholesale.com\/shop\/"},{"@type":"ListItem","position":3,"name":"RS137: Buy Glass Bottle In Bulk With Lids"}]},{"@type":"WebSite","@id":"https:\/\/glassbottlewholesale.com\/#website","url":"https:\/\/glassbottlewholesale.com\/","name":"Glass Bottle Wholesale","description":"","publisher":{"@id":"https:\/\/glassbottlewholesale.com\/#organization"},"potentialAction":[{"@type":"SearchAction","target":{"@type":"EntryPoint","urlTemplate":"https:\/\/glassbottlewholesale.com\/?s={search_term_string}"},"query-input":{"@type":"PropertyValueSpecification","valueRequired":true,"valueName":"search_term_string"}}],"inLanguage":"de"},{"@type":"Organization","@id":"https:\/\/glassbottlewholesale.com\/#organization","name":"Glass Bottle Wholesale","url":"https:\/\/glassbottlewholesale.com\/","logo":{"@type":"ImageObject","inLanguage":"de","@id":"https:\/\/glassbottlewholesale.com\/#\/schema\/logo\/image\/","url":"https:\/\/glassbottlewholesale.com\/wp-content\/uploads\/2023\/12\/ruisheng-logo.webp","contentUrl":"https:\/\/glassbottlewholesale.com\/wp-content\/uploads\/2023\/12\/ruisheng-logo.webp","width":400,"height":233,"caption":"Glass Bottle Wholesale"},"image":{"@id":"https:\/\/glassbottlewholesale.com\/#\/schema\/logo\/image\/"}}]}},"_links":{"self":[{"href":"https:\/\/glassbottlewholesale.com\/de\/wp-json\/wp\/v2\/product\/424","targetHints":{"allow":["GET"]}}],"collection":[{"href":"https:\/\/glassbottlewholesale.com\/de\/wp-json\/wp\/v2\/product"}],"about":[{"href":"https:\/\/glassbottlewholesale.com\/de\/wp-json\/wp\/v2\/types\/product"}],"replies":[{"embeddable":true,"href":"https:\/\/glassbottlewholesale.com\/de\/wp-json\/wp\/v2\/comments?post=424"}],"wp:featuredmedia":[{"embeddable":true,"href":"https:\/\/glassbottlewholesale.com\/de\/wp-json\/wp\/v2\/media\/425"}],"wp:attachment":[{"href":"https:\/\/glassbottlewholesale.com\/de\/wp-json\/wp\/v2\/media?parent=424"}],"wp:term":[{"taxonomy":"product_brand","embeddable":true,"href":"https:\/\/glassbottlewholesale.com\/de\/wp-json\/wp\/v2\/product_brand?post=424"},{"taxonomy":"product_cat","embeddable":true,"href":"https:\/\/glassbottlewholesale.com\/de\/wp-json\/wp\/v2\/product_cat?post=424"},{"taxonomy":"product_tag","embeddable":true,"href":"https:\/\/glassbottlewholesale.com\/de\/wp-json\/wp\/v2\/product_tag?post=424"}],"curies":[{"name":"wp","href":"https:\/\/api.w.org\/{rel}","templated":true}]}}