{"id":430,"date":"2019-10-12T13:41:36","date_gmt":"2019-10-12T13:41:36","guid":{"rendered":"https:\/\/queenchingglass.com\/?post_type=product&#038;p=430"},"modified":"2025-07-10T00:42:12","modified_gmt":"2025-07-10T00:42:12","slug":"1500-ml-einzigartige-glas-weinflaschen-groshandel","status":"publish","type":"product","link":"https:\/\/glassbottlewholesale.com\/de\/1500-ml-einzigartige-glas-weinflaschen-groshandel\/","title":{"rendered":"RS135: 1500 ml Einzigartige Glasweinflaschen Gro\u00dfhandel"},"content":{"rendered":"<div class=\"wpb-content-wrapper\"><div class=\"vc_row wpb_row vc_row-fluid\"><div class=\"wpb_column vc_column_container vc_col-sm-12\"><div class=\"vc_column-inner\"><div class=\"wpb_wrapper\">\n\t<div class=\"wpb_text_column wpb_content_element\" >\n\t\t<div class=\"wpb_wrapper\">\n\t\t\t<p>M\u00f6chten Sie 1,5-Liter-Flaschen in gro\u00dfen Mengen von chinesischen Herstellern von Schnapsflaschen kaufen? Wir verwenden hohe Flintglas Material f\u00fcr diese Glasflaschen. Diese Glasflaschen k\u00f6nnen f\u00fcr Weinflaschen, Wodkaflaschen, Schnapsflaschen und einige andere Lik\u00f6rflaschen verwendet werden.<\/p>\n<p>Diese 1500 ml einzigartige Glas Weinflasche Gro\u00dfhandel ist die abgeflachte Form. Nach der Nachfrage des Kunden, k\u00f6nnen wir auch das benutzerdefinierte Logo auf diesen Flaschen zu machen. Die Abdichtung Art dieser Flasche ist Holzkorken. Dieser Korken ist eine gr\u00f6\u00dfere Gr\u00f6\u00dfe als andere gemeinsame Kork ben\u00f6tigt.<\/p>\n<p>Wir k\u00f6nnen tiefe Verarbeitung auf diese 1500 ml Glas Weinflaschen Gro\u00dfhandel machen. Wie Druck-Logo, Abziehbild, Frost, Malerei, etc., k\u00f6nnen wir alle dies auf den Glasflaschen tun. Wir k\u00f6nnen auch unterschiedliche Gr\u00f6\u00dfe und unterschiedliche Form Kork f\u00fcr die Glasflaschen bieten.<\/p>\n<p>Unsere Fabrik hat mehr als 500 Mitarbeiter, darunter 30 QC und eine Gruppe qualifizierter Ingenieure. Mit der reichen Erfahrung, sind unsere Glasflaschen Verk\u00e4ufe zu vielen Land und Bereich, und wir haben einen guten Ruf von den Kunden auf der ganzen Welt bekommen.<\/p>\n<p>Als Hersteller von Glasflaschen k\u00f6nnen wir verschiedene Glasflaschen mit hoher Qualit\u00e4t und niedrigen Preisen anbieten. Wenn Sie Ihre eigenen Flaschen herstellen m\u00f6chten, entwerfen oder produzieren wir sie gerne nach Ihren Ideen und Zeichnungen.<\/p>\n<p>Unser Ziel ist es, hochwertige Glasflaschen herzustellen und den besten Service zu bieten. Egal, was Sie wollen, wir werden unser Bestes f\u00fcr Sie versuchen und Ihnen den besten Service bieten.<\/p>\n<h4>Informationen zum Kauf von 1,5-Liter-Flaschen im Gro\u00dfhandel<\/h4>\n<ul>\n<li>Artikel: 15ooml Einzigartige Glas Weinflasche Gro\u00dfhandel<\/li>\n<li>Hauptmaterial: Hochwei\u00dfes Glas<\/li>\n<li>Verschluss: Gro\u00dfer Holzkorken<\/li>\n<li>Referenz: RS135<\/li>\n<li>Mindestbestellmenge: 10.000 St\u00fcck<\/li>\n<li>Fassungsverm\u00f6gen:1500ml<\/li>\n<li>St\u00fcck\/Gebinde:15St\u00fcck<\/li>\n<li>Herkunftsort: Shandong, China<\/li>\n<li>Merkmal: Umweltfreundlich<\/li>\n<\/ul>\n<p>Wenn Sie eine 1,5-Liter-Flasche in gro\u00dfen Mengen kaufen oder eine OEM-Bestellung aufgeben m\u00f6chten, wenden Sie sich bitte an <a href=\"https:\/\/ruishengglassco.com\/contact\">kontaktieren Sie uns.<\/a><\/p>\n\n\t\t<\/div>\n\t<\/div>\n<\/div><\/div><\/div><\/div>\n<\/div>","protected":false},"excerpt":{"rendered":"<p>Ruisheng, ein professioneller Glasflaschenhersteller, ist seit \u00fcber 10 Jahren in der Herstellung von Glasflaschen f\u00fcr Spirituosen t\u00e4tig. Und bieten 1500ml Glas Weinflaschen Gro\u00dfhandel zu Fabrikverkaufspreis.<\/p>\n<p>Unsere Hauptprodukte sind Glasflaschen der Spitzenklasse wie Wodkaflaschen, Brandyflaschen, Whiskyflaschen, Schnapsflaschen, Marmeladenflaschen und so weiter. Wir k\u00f6nnen auch Braunglasflaschen, gr\u00fcne Flaschen und Wasserflaschen anbieten. Unser Hauptmarkt ist Europa, USA, Australien, Amerika usw. Und alle Produkte genie\u00dfen einen guten Ruf f\u00fcr Innovation und Funktionalit\u00e4t.<\/p>\n<div><strong><em><span class=\"mceItemHidden\">Bestelldaten \u00fcber 1500ml Glas Weinflaschen Gro\u00dfhandel<\/span><\/em><\/strong><\/div>\n<div><\/div>\n<div><strong><em>\u2013<span class=\"mceItemHidden\"><span class=\"hiddenSpellError\">Mindestbestellmenge<\/span>: 10000 PCS(Ungef\u00e4hr 100000St\u00fcck)<\/span><\/em><\/strong><\/div>\n<div><span class=\"mceItemHidden\"><span class=\"hiddenSpellError\">-OEM<\/span>\/ODM-Dienst angeboten.<\/span><\/div>\n<div><span class=\"mceItemHidden\"><span class=\"hiddenSpellError\">-Frei<\/span>\u00a0Muster verf\u00fcgbar<\/span><\/div>","protected":false},"featured_media":431,"comment_status":"open","ping_status":"closed","template":"","meta":[],"product_brand":[],"product_cat":[54,60],"product_tag":[],"class_list":{"0":"post-430","1":"product","2":"type-product","3":"status-publish","4":"has-post-thumbnail","6":"product_cat-1500ml-glass-bottle","7":"product_cat-brandy-bottle","8":"entry","9":"has-media","11":"first","12":"instock","13":"shipping-taxable","14":"product-type-simple"},"yoast_head":"<!-- This site is optimized with the Yoast SEO plugin v27.3 - https:\/\/yoast.com\/product\/yoast-seo-wordpress\/ -->\n<title>Buy 1.5 Liter Bottle In Bulk | 1500ml Glass Wine Bottle Wholesale<\/title>\n<meta name=\"description\" content=\"Buy 1.5 Liter Bottle In Bulk From China Liquor Bottle Manufacturers. 1500ml Glass Wine Biottle Wholesale In Factory Outlet Price.\" \/>\n<meta name=\"robots\" content=\"index, follow, max-snippet:-1, max-image-preview:large, max-video-preview:-1\" \/>\n<link rel=\"canonical\" href=\"https:\/\/ruishengglassco.com\/product\/rs135-1500ml-unique-glass-wine-bottles\" \/>\n<meta property=\"og:locale\" content=\"de_DE\" \/>\n<meta property=\"og:type\" content=\"article\" \/>\n<meta property=\"og:title\" content=\"Buy 1.5 Liter Bottle In Bulk | 1500ml Glass Wine Bottle Wholesale\" \/>\n<meta property=\"og:description\" content=\"Buy 1.5 Liter Bottle In Bulk From China Liquor Bottle Manufacturers. 1500ml Glass Wine Biottle Wholesale In Factory Outlet Price.\" \/>\n<meta property=\"og:url\" content=\"https:\/\/ruishengglassco.com\/product\/rs135-1500ml-unique-glass-wine-bottles\" \/>\n<meta property=\"og:site_name\" content=\"Glass Bottle Wholesale\" \/>\n<meta property=\"article:modified_time\" content=\"2025-07-10T00:42:12+00:00\" \/>\n<meta property=\"og:image\" content=\"https:\/\/glassbottlewholesale.com\/wp-content\/uploads\/2019\/10\/\u767d\u5170\u57307.jpg\" \/>\n\t<meta property=\"og:image:width\" content=\"400\" \/>\n\t<meta property=\"og:image:height\" content=\"400\" \/>\n\t<meta property=\"og:image:type\" content=\"image\/jpeg\" \/>\n<meta name=\"twitter:card\" content=\"summary_large_image\" \/>\n<meta name=\"twitter:label1\" content=\"Gesch\u00e4tzte Lesezeit\" \/>\n\t<meta name=\"twitter:data1\" content=\"2\u00a0Minuten\" \/>\n<script type=\"application\/ld+json\" class=\"yoast-schema-graph\">{\"@context\":\"https:\\\/\\\/schema.org\",\"@graph\":[{\"@type\":\"WebPage\",\"@id\":\"https:\\\/\\\/glassbottlewholesale.com\\\/1500-ml-unique-glass-wine-bottles-wholesale\\\/\",\"url\":\"https:\\\/\\\/ruishengglassco.com\\\/product\\\/rs135-1500ml-unique-glass-wine-bottles\",\"name\":\"Buy 1.5 Liter Bottle In Bulk | 1500ml Glass Wine Bottle Wholesale\",\"isPartOf\":{\"@id\":\"https:\\\/\\\/glassbottlewholesale.com\\\/#website\"},\"primaryImageOfPage\":{\"@id\":\"https:\\\/\\\/ruishengglassco.com\\\/product\\\/rs135-1500ml-unique-glass-wine-bottles#primaryimage\"},\"image\":{\"@id\":\"https:\\\/\\\/ruishengglassco.com\\\/product\\\/rs135-1500ml-unique-glass-wine-bottles#primaryimage\"},\"thumbnailUrl\":\"https:\\\/\\\/glassbottlewholesale.com\\\/wp-content\\\/uploads\\\/2019\\\/10\\\/\u767d\u5170\u57307.jpg\",\"datePublished\":\"2019-10-12T13:41:36+00:00\",\"dateModified\":\"2025-07-10T00:42:12+00:00\",\"description\":\"Buy 1.5 Liter Bottle In Bulk From China Liquor Bottle Manufacturers. 1500ml Glass Wine Biottle Wholesale In Factory Outlet Price.\",\"breadcrumb\":{\"@id\":\"https:\\\/\\\/ruishengglassco.com\\\/product\\\/rs135-1500ml-unique-glass-wine-bottles#breadcrumb\"},\"inLanguage\":\"de\",\"potentialAction\":[{\"@type\":\"ReadAction\",\"target\":[\"https:\\\/\\\/ruishengglassco.com\\\/product\\\/rs135-1500ml-unique-glass-wine-bottles\"]}]},{\"@type\":\"ImageObject\",\"inLanguage\":\"de\",\"@id\":\"https:\\\/\\\/ruishengglassco.com\\\/product\\\/rs135-1500ml-unique-glass-wine-bottles#primaryimage\",\"url\":\"https:\\\/\\\/glassbottlewholesale.com\\\/wp-content\\\/uploads\\\/2019\\\/10\\\/\u767d\u5170\u57307.jpg\",\"contentUrl\":\"https:\\\/\\\/glassbottlewholesale.com\\\/wp-content\\\/uploads\\\/2019\\\/10\\\/\u767d\u5170\u57307.jpg\",\"width\":400,\"height\":400,\"caption\":\"1500 ml Unique Glass Wine Bottles Wholesale\"},{\"@type\":\"BreadcrumbList\",\"@id\":\"https:\\\/\\\/ruishengglassco.com\\\/product\\\/rs135-1500ml-unique-glass-wine-bottles#breadcrumb\",\"itemListElement\":[{\"@type\":\"ListItem\",\"position\":1,\"name\":\"Home\",\"item\":\"https:\\\/\\\/glassbottlewholesale.com\\\/\"},{\"@type\":\"ListItem\",\"position\":2,\"name\":\"Products\",\"item\":\"https:\\\/\\\/glassbottlewholesale.com\\\/shop\\\/\"},{\"@type\":\"ListItem\",\"position\":3,\"name\":\"RS135: 1500 ml Unique Glass Wine Bottles Wholesale\"}]},{\"@type\":\"WebSite\",\"@id\":\"https:\\\/\\\/glassbottlewholesale.com\\\/#website\",\"url\":\"https:\\\/\\\/glassbottlewholesale.com\\\/\",\"name\":\"Glass Bottle Wholesale\",\"description\":\"\",\"publisher\":{\"@id\":\"https:\\\/\\\/glassbottlewholesale.com\\\/#organization\"},\"potentialAction\":[{\"@type\":\"SearchAction\",\"target\":{\"@type\":\"EntryPoint\",\"urlTemplate\":\"https:\\\/\\\/glassbottlewholesale.com\\\/?s={search_term_string}\"},\"query-input\":{\"@type\":\"PropertyValueSpecification\",\"valueRequired\":true,\"valueName\":\"search_term_string\"}}],\"inLanguage\":\"de\"},{\"@type\":\"Organization\",\"@id\":\"https:\\\/\\\/glassbottlewholesale.com\\\/#organization\",\"name\":\"Glass Bottle Wholesale\",\"url\":\"https:\\\/\\\/glassbottlewholesale.com\\\/\",\"logo\":{\"@type\":\"ImageObject\",\"inLanguage\":\"de\",\"@id\":\"https:\\\/\\\/glassbottlewholesale.com\\\/#\\\/schema\\\/logo\\\/image\\\/\",\"url\":\"https:\\\/\\\/glassbottlewholesale.com\\\/wp-content\\\/uploads\\\/2023\\\/12\\\/ruisheng-logo.webp\",\"contentUrl\":\"https:\\\/\\\/glassbottlewholesale.com\\\/wp-content\\\/uploads\\\/2023\\\/12\\\/ruisheng-logo.webp\",\"width\":400,\"height\":233,\"caption\":\"Glass Bottle Wholesale\"},\"image\":{\"@id\":\"https:\\\/\\\/glassbottlewholesale.com\\\/#\\\/schema\\\/logo\\\/image\\\/\"}}]}<\/script>\n<!-- \/ Yoast SEO plugin. -->","yoast_head_json":{"title":"Kaufen Sie 1,5-Liter-Flasche in Bulk | 1500ml Glas Weinflasche Gro\u00dfhandel","description":"Kaufen Sie 1,5-Liter-Flasche in Bulk von China Liquor Bottle Manufacturers. 1500ml Glas Wein Biottle Gro\u00dfhandel in Factory Outlet Preis.","robots":{"index":"index","follow":"follow","max-snippet":"max-snippet:-1","max-image-preview":"max-image-preview:large","max-video-preview":"max-video-preview:-1"},"canonical":"https:\/\/ruishengglassco.com\/product\/rs135-1500ml-unique-glass-wine-bottles","og_locale":"de_DE","og_type":"article","og_title":"Buy 1.5 Liter Bottle In Bulk | 1500ml Glass Wine Bottle Wholesale","og_description":"Buy 1.5 Liter Bottle In Bulk From China Liquor Bottle Manufacturers. 1500ml Glass Wine Biottle Wholesale In Factory Outlet Price.","og_url":"https:\/\/ruishengglassco.com\/product\/rs135-1500ml-unique-glass-wine-bottles","og_site_name":"Glass Bottle Wholesale","article_modified_time":"2025-07-10T00:42:12+00:00","og_image":[{"width":400,"height":400,"url":"https:\/\/glassbottlewholesale.com\/wp-content\/uploads\/2019\/10\/\u767d\u5170\u57307.jpg","type":"image\/jpeg"}],"twitter_card":"summary_large_image","twitter_misc":{"Gesch\u00e4tzte Lesezeit":"2\u00a0Minuten"},"schema":{"@context":"https:\/\/schema.org","@graph":[{"@type":"WebPage","@id":"https:\/\/glassbottlewholesale.com\/1500-ml-unique-glass-wine-bottles-wholesale\/","url":"https:\/\/ruishengglassco.com\/product\/rs135-1500ml-unique-glass-wine-bottles","name":"Kaufen Sie 1,5-Liter-Flasche in Bulk | 1500ml Glas Weinflasche Gro\u00dfhandel","isPartOf":{"@id":"https:\/\/glassbottlewholesale.com\/#website"},"primaryImageOfPage":{"@id":"https:\/\/ruishengglassco.com\/product\/rs135-1500ml-unique-glass-wine-bottles#primaryimage"},"image":{"@id":"https:\/\/ruishengglassco.com\/product\/rs135-1500ml-unique-glass-wine-bottles#primaryimage"},"thumbnailUrl":"https:\/\/glassbottlewholesale.com\/wp-content\/uploads\/2019\/10\/\u767d\u5170\u57307.jpg","datePublished":"2019-10-12T13:41:36+00:00","dateModified":"2025-07-10T00:42:12+00:00","description":"Kaufen Sie 1,5-Liter-Flasche in Bulk von China Liquor Bottle Manufacturers. 1500ml Glas Wein Biottle Gro\u00dfhandel in Factory Outlet Preis.","breadcrumb":{"@id":"https:\/\/ruishengglassco.com\/product\/rs135-1500ml-unique-glass-wine-bottles#breadcrumb"},"inLanguage":"de","potentialAction":[{"@type":"ReadAction","target":["https:\/\/ruishengglassco.com\/product\/rs135-1500ml-unique-glass-wine-bottles"]}]},{"@type":"ImageObject","inLanguage":"de","@id":"https:\/\/ruishengglassco.com\/product\/rs135-1500ml-unique-glass-wine-bottles#primaryimage","url":"https:\/\/glassbottlewholesale.com\/wp-content\/uploads\/2019\/10\/\u767d\u5170\u57307.jpg","contentUrl":"https:\/\/glassbottlewholesale.com\/wp-content\/uploads\/2019\/10\/\u767d\u5170\u57307.jpg","width":400,"height":400,"caption":"1500 ml Unique Glass Wine Bottles Wholesale"},{"@type":"BreadcrumbList","@id":"https:\/\/ruishengglassco.com\/product\/rs135-1500ml-unique-glass-wine-bottles#breadcrumb","itemListElement":[{"@type":"ListItem","position":1,"name":"Home","item":"https:\/\/glassbottlewholesale.com\/"},{"@type":"ListItem","position":2,"name":"Products","item":"https:\/\/glassbottlewholesale.com\/shop\/"},{"@type":"ListItem","position":3,"name":"RS135: 1500 ml Unique Glass Wine Bottles Wholesale"}]},{"@type":"WebSite","@id":"https:\/\/glassbottlewholesale.com\/#website","url":"https:\/\/glassbottlewholesale.com\/","name":"Glass Bottle Wholesale","description":"","publisher":{"@id":"https:\/\/glassbottlewholesale.com\/#organization"},"potentialAction":[{"@type":"SearchAction","target":{"@type":"EntryPoint","urlTemplate":"https:\/\/glassbottlewholesale.com\/?s={search_term_string}"},"query-input":{"@type":"PropertyValueSpecification","valueRequired":true,"valueName":"search_term_string"}}],"inLanguage":"de"},{"@type":"Organization","@id":"https:\/\/glassbottlewholesale.com\/#organization","name":"Glass Bottle Wholesale","url":"https:\/\/glassbottlewholesale.com\/","logo":{"@type":"ImageObject","inLanguage":"de","@id":"https:\/\/glassbottlewholesale.com\/#\/schema\/logo\/image\/","url":"https:\/\/glassbottlewholesale.com\/wp-content\/uploads\/2023\/12\/ruisheng-logo.webp","contentUrl":"https:\/\/glassbottlewholesale.com\/wp-content\/uploads\/2023\/12\/ruisheng-logo.webp","width":400,"height":233,"caption":"Glass Bottle Wholesale"},"image":{"@id":"https:\/\/glassbottlewholesale.com\/#\/schema\/logo\/image\/"}}]}},"_links":{"self":[{"href":"https:\/\/glassbottlewholesale.com\/de\/wp-json\/wp\/v2\/product\/430","targetHints":{"allow":["GET"]}}],"collection":[{"href":"https:\/\/glassbottlewholesale.com\/de\/wp-json\/wp\/v2\/product"}],"about":[{"href":"https:\/\/glassbottlewholesale.com\/de\/wp-json\/wp\/v2\/types\/product"}],"replies":[{"embeddable":true,"href":"https:\/\/glassbottlewholesale.com\/de\/wp-json\/wp\/v2\/comments?post=430"}],"wp:featuredmedia":[{"embeddable":true,"href":"https:\/\/glassbottlewholesale.com\/de\/wp-json\/wp\/v2\/media\/431"}],"wp:attachment":[{"href":"https:\/\/glassbottlewholesale.com\/de\/wp-json\/wp\/v2\/media?parent=430"}],"wp:term":[{"taxonomy":"product_brand","embeddable":true,"href":"https:\/\/glassbottlewholesale.com\/de\/wp-json\/wp\/v2\/product_brand?post=430"},{"taxonomy":"product_cat","embeddable":true,"href":"https:\/\/glassbottlewholesale.com\/de\/wp-json\/wp\/v2\/product_cat?post=430"},{"taxonomy":"product_tag","embeddable":true,"href":"https:\/\/glassbottlewholesale.com\/de\/wp-json\/wp\/v2\/product_tag?post=430"}],"curies":[{"name":"wp","href":"https:\/\/api.w.org\/{rel}","templated":true}]}}