{"id":443,"date":"2019-10-12T13:56:19","date_gmt":"2019-10-12T13:56:19","guid":{"rendered":"https:\/\/queenchingglass.com\/?post_type=product&#038;p=443"},"modified":"2025-07-10T00:44:40","modified_gmt":"2025-07-10T00:44:40","slug":"preis-fur-eine-700-ml-alte-xo-brandyflasche","status":"publish","type":"product","link":"https:\/\/glassbottlewholesale.com\/de\/preis-fur-eine-700-ml-alte-xo-brandyflasche\/","title":{"rendered":"RS129: Preis f\u00fcr eine 700 ml alte XO-Brandyflasche"},"content":{"rendered":"<div class=\"wpb-content-wrapper\"><div class=\"vc_row wpb_row vc_row-fluid\"><div class=\"wpb_column vc_column_container vc_col-sm-12\"><div class=\"vc_column-inner\"><div class=\"wpb_wrapper\">\n\t<div class=\"wpb_text_column wpb_content_element\" >\n\t\t<div class=\"wpb_wrapper\">\n\t\t\t<p>M\u00f6chten Sie den Gro\u00dfhandelspreis f\u00fcr eine 700-ml-Brandyflasche von einem professionellen Brandyflaschenhersteller mit \u00fcber 10 Jahren Erfahrung erhalten? Ruisheng, der beste Brandyflaschenhersteller und -lieferant Chinas, hat sich seit jeher der Herstellung und dem Verkauf verschiedener Schnapsflaschen f\u00fcr Marken und Unternehmen verschrieben.<\/p>\n<p>Die Farbe dieser Schnapsglasflasche ist transparent. Wenn Sie andere Farben w\u00fcnschen, k\u00f6nnen wir sie f\u00fcr Sie mischen. Wenn Ihnen das Design dieser Flasche gef\u00e4llt, Sie aber mit ihrer Kapazit\u00e4t nicht zufrieden sind, k\u00f6nnen wir die Kapazit\u00e4t \u00e4ndern.<\/p>\n<p>Unsere Hauptprodukte sind hochwertige Glasflaschen mit Korken, wie Wodkaflaschen, Brandyflaschen, Whiskyflaschen, Schnapsflaschen, Marmeladenflaschen und so weiter. Wir k\u00f6nnen auch Braunglasflaschen, gr\u00fcne Flaschen und Wasserflaschen anbieten. Unser Hauptmarkt ist Europa, die USA, Australien, Amerika usw. Und alle Produkte genie\u00dfen einen guten Ruf f\u00fcr Innovation und Funktionalit\u00e4t.<\/p>\n<p>Bei der Herstellung dieser XO-Brandy-Flaschenserie wurden die Materialien streng ausgew\u00e4hlt. Wir beziehen sie aus dem Ursprungsland und verwenden au\u00dferdem hochmoderne Maschinen zur Verarbeitung und Herstellung einer Glasflasche.<\/p>\n<h4>Die Preisinformationen f\u00fcr die 700 ml Old XO Brandy-Flasche lauten wie folgt:<\/h4>\n<ul>\n<li>Hauptmaterial: Hochwei\u00dfes Glas<\/li>\n<li>Verschluss: Kork<\/li>\n<li>Referenz: RS129<\/li>\n<li>Mindestbestellmenge: 10.000 St\u00fcck<\/li>\n<li>Fassungsverm\u00f6gen: 700ml<\/li>\n<li>Stk.\/Karton: 24Stk.<\/li>\n<li>Herkunftsort: Shandong, China<\/li>\n<li>Merkmal: Umweltfreundlich<\/li>\n<\/ul>\n<p>Bei dieser einzigartigen Glasflasche mit Deckel k\u00f6nnen wir die \u00d6ffnung ver\u00e4ndern und sie in etwas anderes verwandeln.<\/p>\n<p>Wir k\u00f6nnen Ihr Logo auf dieser Flasche anbringen. Wir k\u00f6nnen diese Flasche bearbeiten, z. B. bedrucken, mattieren, bemalen usw. <span class=\"tran\" data-group=\"0_0\">wir begr\u00fc\u00dfen<\/span>\u00a0Die\u00a0<span class=\"tran\" data-group=\"2_1\">Freunde<\/span>\u00a0aus der ganzen\u00a0<span class=\"tran\" data-group=\"1_2\">Welt<\/span>\u00a0<span class=\"tran\" data-group=\"3_3\">Zu<\/span>\u00a0<span class=\"tran\" data-group=\"5_4\">besuchen<\/span>\u00a0<span class=\"tran\" data-group=\"4_5\">uns<\/span>! Wir organisieren einen Empfang f\u00fcr Sie.<\/p>\n<p>Wenn Sie mit dieser 700 ml Old XO Brandy-Flasche zufrieden sind, kontaktieren Sie mich bitte rechtzeitig. Wenn sie Ihnen nicht gef\u00e4llt, k\u00f6nnen Sie sich unsere anderen Flaschen ansehen. Oder ich gebe Ihnen den Katalog, Sie k\u00f6nnen ausw\u00e4hlen, was Ihnen gef\u00e4llt. Wenn Sie den Preis f\u00fcr die Brandy-Flasche erfahren m\u00f6chten, bitte<a href=\"https:\/\/ruishengglassco.com\/contact\"> kontaktiere uns<\/a>Wir werden Ihnen innerhalb von 24 Stunden antworten.<\/p>\n\n\t\t<\/div>\n\t<\/div>\n<\/div><\/div><\/div><\/div>\n<\/div>","protected":false},"excerpt":{"rendered":"<div class=\"col col-sm-6 col-xs-12\">\n<div id=\"slider-4593-product-image-carosel\" class=\"rt-carousel carousel-holder clearfix product-image-carosel rt-image-carousel\" data-item-width=\"1\" data-nav=\"true\" data-dots=\"false\" data-margin=\"15\" data-autoplay=\"true\" data-timeout=\"7500\" data-loop=\"false\" data-tablet-item-width=\"\" data-mobile-item-width=\"1\">\n<div class=\"owl-carousel owl-loaded owl-drag\">\n<div class=\"owl-nav\">\n<div class=\"owl-next disabled\"><\/div>\n<\/div>\n<\/div>\n<\/div>\n<\/div>\n<div class=\"col col-sm-6 col-xs-12\">\n<p>Wir k\u00f6nnen die \u00d6ffnung dieser einzigartigen Glasflasche mit Deckel \u00e4ndern. Wir k\u00f6nnen sie in etwas anderes verwandeln. Wir k\u00f6nnen Ihr Logo auf dieser Flasche anbringen. Wir k\u00f6nnen diese Flasche bearbeiten, z. B. bedrucken, mattieren, bemalen und mehr. Wir hei\u00dfen Freunde aus aller Welt willkommen, uns zu besuchen! Wir arrangieren einen Empfang f\u00fcr Sie.<\/p>\n<\/div>","protected":false},"featured_media":4784,"comment_status":"open","ping_status":"closed","template":"","meta":[],"product_brand":[],"product_cat":[51,61],"product_tag":[],"class_list":{"0":"post-443","1":"product","2":"type-product","3":"status-publish","4":"has-post-thumbnail","6":"product_cat-700ml-glass-bottle","7":"product_cat-xo-brandy-bottle","8":"entry","9":"has-media","11":"first","12":"instock","13":"shipping-taxable","14":"product-type-simple"},"yoast_head":"<!-- This site is optimized with the Yoast SEO plugin v27.3 - https:\/\/yoast.com\/product\/yoast-seo-wordpress\/ -->\n<title>Wholesale 700ml Brandy Bottle Price | Brandy Bottle Manufacturer<\/title>\n<meta name=\"description\" content=\"Ruisheng, a professional brandy bottle manufacturer, provide wholesale 700ml Brandy bottle price for brandy, XO, Brandy. Factory Outlet&amp;Bulk Price.\" \/>\n<meta name=\"robots\" content=\"index, follow, max-snippet:-1, max-image-preview:large, max-video-preview:-1\" \/>\n<link rel=\"canonical\" href=\"https:\/\/ruishengglassco.com\/product\/rs129-700ml-old-xo-brandy-bottle-price\" \/>\n<meta property=\"og:locale\" content=\"de_DE\" \/>\n<meta property=\"og:type\" content=\"article\" \/>\n<meta property=\"og:title\" content=\"Wholesale 700ml Brandy Bottle Price | Brandy Bottle Manufacturer\" \/>\n<meta property=\"og:description\" content=\"Ruisheng, a professional brandy bottle manufacturer, provide wholesale 700ml Brandy bottle price for brandy, XO, Brandy. Factory Outlet&amp;Bulk Price.\" \/>\n<meta property=\"og:url\" content=\"https:\/\/ruishengglassco.com\/product\/rs129-700ml-old-xo-brandy-bottle-price\" \/>\n<meta property=\"og:site_name\" content=\"Glass Bottle Wholesale\" \/>\n<meta property=\"article:modified_time\" content=\"2025-07-10T00:44:40+00:00\" \/>\n<meta property=\"og:image\" content=\"https:\/\/glassbottlewholesale.com\/wp-content\/uploads\/2024\/04\/glass-bottle-manufacturing-35.png\" \/>\n\t<meta property=\"og:image:width\" content=\"800\" \/>\n\t<meta property=\"og:image:height\" content=\"800\" \/>\n\t<meta property=\"og:image:type\" content=\"image\/png\" \/>\n<meta name=\"twitter:card\" content=\"summary_large_image\" \/>\n<meta name=\"twitter:label1\" content=\"Gesch\u00e4tzte Lesezeit\" \/>\n\t<meta name=\"twitter:data1\" content=\"2\u00a0Minuten\" \/>\n<script type=\"application\/ld+json\" class=\"yoast-schema-graph\">{\"@context\":\"https:\\\/\\\/schema.org\",\"@graph\":[{\"@type\":\"WebPage\",\"@id\":\"https:\\\/\\\/glassbottlewholesale.com\\\/700ml-old-xo-brandy-bottle-price\\\/\",\"url\":\"https:\\\/\\\/ruishengglassco.com\\\/product\\\/rs129-700ml-old-xo-brandy-bottle-price\",\"name\":\"Wholesale 700ml Brandy Bottle Price | Brandy Bottle Manufacturer\",\"isPartOf\":{\"@id\":\"https:\\\/\\\/glassbottlewholesale.com\\\/#website\"},\"primaryImageOfPage\":{\"@id\":\"https:\\\/\\\/ruishengglassco.com\\\/product\\\/rs129-700ml-old-xo-brandy-bottle-price#primaryimage\"},\"image\":{\"@id\":\"https:\\\/\\\/ruishengglassco.com\\\/product\\\/rs129-700ml-old-xo-brandy-bottle-price#primaryimage\"},\"thumbnailUrl\":\"https:\\\/\\\/glassbottlewholesale.com\\\/wp-content\\\/uploads\\\/2024\\\/04\\\/glass-bottle-manufacturing-35.png\",\"datePublished\":\"2019-10-12T13:56:19+00:00\",\"dateModified\":\"2025-07-10T00:44:40+00:00\",\"description\":\"Ruisheng, a professional brandy bottle manufacturer, provide wholesale 700ml Brandy bottle price for brandy, XO, Brandy. Factory Outlet&Bulk Price.\",\"breadcrumb\":{\"@id\":\"https:\\\/\\\/ruishengglassco.com\\\/product\\\/rs129-700ml-old-xo-brandy-bottle-price#breadcrumb\"},\"inLanguage\":\"de\",\"potentialAction\":[{\"@type\":\"ReadAction\",\"target\":[\"https:\\\/\\\/ruishengglassco.com\\\/product\\\/rs129-700ml-old-xo-brandy-bottle-price\"]}]},{\"@type\":\"ImageObject\",\"inLanguage\":\"de\",\"@id\":\"https:\\\/\\\/ruishengglassco.com\\\/product\\\/rs129-700ml-old-xo-brandy-bottle-price#primaryimage\",\"url\":\"https:\\\/\\\/glassbottlewholesale.com\\\/wp-content\\\/uploads\\\/2024\\\/04\\\/glass-bottle-manufacturing-35.png\",\"contentUrl\":\"https:\\\/\\\/glassbottlewholesale.com\\\/wp-content\\\/uploads\\\/2024\\\/04\\\/glass-bottle-manufacturing-35.png\",\"width\":800,\"height\":800,\"caption\":\"RS129: 700ml Old XO Brandy Bottle Price\"},{\"@type\":\"BreadcrumbList\",\"@id\":\"https:\\\/\\\/ruishengglassco.com\\\/product\\\/rs129-700ml-old-xo-brandy-bottle-price#breadcrumb\",\"itemListElement\":[{\"@type\":\"ListItem\",\"position\":1,\"name\":\"Home\",\"item\":\"https:\\\/\\\/glassbottlewholesale.com\\\/\"},{\"@type\":\"ListItem\",\"position\":2,\"name\":\"Products\",\"item\":\"https:\\\/\\\/glassbottlewholesale.com\\\/shop\\\/\"},{\"@type\":\"ListItem\",\"position\":3,\"name\":\"RS129: 700ml Old XO Brandy Bottle Price\"}]},{\"@type\":\"WebSite\",\"@id\":\"https:\\\/\\\/glassbottlewholesale.com\\\/#website\",\"url\":\"https:\\\/\\\/glassbottlewholesale.com\\\/\",\"name\":\"Glass Bottle Wholesale\",\"description\":\"\",\"publisher\":{\"@id\":\"https:\\\/\\\/glassbottlewholesale.com\\\/#organization\"},\"potentialAction\":[{\"@type\":\"SearchAction\",\"target\":{\"@type\":\"EntryPoint\",\"urlTemplate\":\"https:\\\/\\\/glassbottlewholesale.com\\\/?s={search_term_string}\"},\"query-input\":{\"@type\":\"PropertyValueSpecification\",\"valueRequired\":true,\"valueName\":\"search_term_string\"}}],\"inLanguage\":\"de\"},{\"@type\":\"Organization\",\"@id\":\"https:\\\/\\\/glassbottlewholesale.com\\\/#organization\",\"name\":\"Glass Bottle Wholesale\",\"url\":\"https:\\\/\\\/glassbottlewholesale.com\\\/\",\"logo\":{\"@type\":\"ImageObject\",\"inLanguage\":\"de\",\"@id\":\"https:\\\/\\\/glassbottlewholesale.com\\\/#\\\/schema\\\/logo\\\/image\\\/\",\"url\":\"https:\\\/\\\/glassbottlewholesale.com\\\/wp-content\\\/uploads\\\/2023\\\/12\\\/ruisheng-logo.webp\",\"contentUrl\":\"https:\\\/\\\/glassbottlewholesale.com\\\/wp-content\\\/uploads\\\/2023\\\/12\\\/ruisheng-logo.webp\",\"width\":400,\"height\":233,\"caption\":\"Glass Bottle Wholesale\"},\"image\":{\"@id\":\"https:\\\/\\\/glassbottlewholesale.com\\\/#\\\/schema\\\/logo\\\/image\\\/\"}}]}<\/script>\n<!-- \/ Yoast SEO plugin. -->","yoast_head_json":{"title":"Gro\u00dfhandelspreis f\u00fcr 700 ml Brandyflasche | Hersteller von Brandyflaschen","description":"Ruisheng, ein professioneller Brandyflaschenhersteller, bietet 700-ml-Brandyflaschen zum Gro\u00dfhandelspreis f\u00fcr Brandy, XO und Brandy an. Fabrikverkauf und Gro\u00dfhandelspreis.","robots":{"index":"index","follow":"follow","max-snippet":"max-snippet:-1","max-image-preview":"max-image-preview:large","max-video-preview":"max-video-preview:-1"},"canonical":"https:\/\/ruishengglassco.com\/product\/rs129-700ml-old-xo-brandy-bottle-price","og_locale":"de_DE","og_type":"article","og_title":"Wholesale 700ml Brandy Bottle Price | Brandy Bottle Manufacturer","og_description":"Ruisheng, a professional brandy bottle manufacturer, provide wholesale 700ml Brandy bottle price for brandy, XO, Brandy. Factory Outlet&Bulk Price.","og_url":"https:\/\/ruishengglassco.com\/product\/rs129-700ml-old-xo-brandy-bottle-price","og_site_name":"Glass Bottle Wholesale","article_modified_time":"2025-07-10T00:44:40+00:00","og_image":[{"width":800,"height":800,"url":"https:\/\/glassbottlewholesale.com\/wp-content\/uploads\/2024\/04\/glass-bottle-manufacturing-35.png","type":"image\/png"}],"twitter_card":"summary_large_image","twitter_misc":{"Gesch\u00e4tzte Lesezeit":"2\u00a0Minuten"},"schema":{"@context":"https:\/\/schema.org","@graph":[{"@type":"WebPage","@id":"https:\/\/glassbottlewholesale.com\/700ml-old-xo-brandy-bottle-price\/","url":"https:\/\/ruishengglassco.com\/product\/rs129-700ml-old-xo-brandy-bottle-price","name":"Gro\u00dfhandelspreis f\u00fcr 700 ml Brandyflasche | Hersteller von Brandyflaschen","isPartOf":{"@id":"https:\/\/glassbottlewholesale.com\/#website"},"primaryImageOfPage":{"@id":"https:\/\/ruishengglassco.com\/product\/rs129-700ml-old-xo-brandy-bottle-price#primaryimage"},"image":{"@id":"https:\/\/ruishengglassco.com\/product\/rs129-700ml-old-xo-brandy-bottle-price#primaryimage"},"thumbnailUrl":"https:\/\/glassbottlewholesale.com\/wp-content\/uploads\/2024\/04\/glass-bottle-manufacturing-35.png","datePublished":"2019-10-12T13:56:19+00:00","dateModified":"2025-07-10T00:44:40+00:00","description":"Ruisheng, ein professioneller Brandyflaschenhersteller, bietet 700-ml-Brandyflaschen zum Gro\u00dfhandelspreis f\u00fcr Brandy, XO und Brandy an. Fabrikverkauf und Gro\u00dfhandelspreis.","breadcrumb":{"@id":"https:\/\/ruishengglassco.com\/product\/rs129-700ml-old-xo-brandy-bottle-price#breadcrumb"},"inLanguage":"de","potentialAction":[{"@type":"ReadAction","target":["https:\/\/ruishengglassco.com\/product\/rs129-700ml-old-xo-brandy-bottle-price"]}]},{"@type":"ImageObject","inLanguage":"de","@id":"https:\/\/ruishengglassco.com\/product\/rs129-700ml-old-xo-brandy-bottle-price#primaryimage","url":"https:\/\/glassbottlewholesale.com\/wp-content\/uploads\/2024\/04\/glass-bottle-manufacturing-35.png","contentUrl":"https:\/\/glassbottlewholesale.com\/wp-content\/uploads\/2024\/04\/glass-bottle-manufacturing-35.png","width":800,"height":800,"caption":"RS129: 700ml Old XO Brandy Bottle Price"},{"@type":"BreadcrumbList","@id":"https:\/\/ruishengglassco.com\/product\/rs129-700ml-old-xo-brandy-bottle-price#breadcrumb","itemListElement":[{"@type":"ListItem","position":1,"name":"Home","item":"https:\/\/glassbottlewholesale.com\/"},{"@type":"ListItem","position":2,"name":"Products","item":"https:\/\/glassbottlewholesale.com\/shop\/"},{"@type":"ListItem","position":3,"name":"RS129: 700ml Old XO Brandy Bottle Price"}]},{"@type":"WebSite","@id":"https:\/\/glassbottlewholesale.com\/#website","url":"https:\/\/glassbottlewholesale.com\/","name":"Glass Bottle Wholesale","description":"","publisher":{"@id":"https:\/\/glassbottlewholesale.com\/#organization"},"potentialAction":[{"@type":"SearchAction","target":{"@type":"EntryPoint","urlTemplate":"https:\/\/glassbottlewholesale.com\/?s={search_term_string}"},"query-input":{"@type":"PropertyValueSpecification","valueRequired":true,"valueName":"search_term_string"}}],"inLanguage":"de"},{"@type":"Organization","@id":"https:\/\/glassbottlewholesale.com\/#organization","name":"Glass Bottle Wholesale","url":"https:\/\/glassbottlewholesale.com\/","logo":{"@type":"ImageObject","inLanguage":"de","@id":"https:\/\/glassbottlewholesale.com\/#\/schema\/logo\/image\/","url":"https:\/\/glassbottlewholesale.com\/wp-content\/uploads\/2023\/12\/ruisheng-logo.webp","contentUrl":"https:\/\/glassbottlewholesale.com\/wp-content\/uploads\/2023\/12\/ruisheng-logo.webp","width":400,"height":233,"caption":"Glass Bottle Wholesale"},"image":{"@id":"https:\/\/glassbottlewholesale.com\/#\/schema\/logo\/image\/"}}]}},"_links":{"self":[{"href":"https:\/\/glassbottlewholesale.com\/de\/wp-json\/wp\/v2\/product\/443","targetHints":{"allow":["GET"]}}],"collection":[{"href":"https:\/\/glassbottlewholesale.com\/de\/wp-json\/wp\/v2\/product"}],"about":[{"href":"https:\/\/glassbottlewholesale.com\/de\/wp-json\/wp\/v2\/types\/product"}],"replies":[{"embeddable":true,"href":"https:\/\/glassbottlewholesale.com\/de\/wp-json\/wp\/v2\/comments?post=443"}],"wp:featuredmedia":[{"embeddable":true,"href":"https:\/\/glassbottlewholesale.com\/de\/wp-json\/wp\/v2\/media\/4784"}],"wp:attachment":[{"href":"https:\/\/glassbottlewholesale.com\/de\/wp-json\/wp\/v2\/media?parent=443"}],"wp:term":[{"taxonomy":"product_brand","embeddable":true,"href":"https:\/\/glassbottlewholesale.com\/de\/wp-json\/wp\/v2\/product_brand?post=443"},{"taxonomy":"product_cat","embeddable":true,"href":"https:\/\/glassbottlewholesale.com\/de\/wp-json\/wp\/v2\/product_cat?post=443"},{"taxonomy":"product_tag","embeddable":true,"href":"https:\/\/glassbottlewholesale.com\/de\/wp-json\/wp\/v2\/product_tag?post=443"}],"curies":[{"name":"wp","href":"https:\/\/api.w.org\/{rel}","templated":true}]}}