{"id":456,"date":"2019-10-14T13:03:10","date_gmt":"2019-10-14T13:03:10","guid":{"rendered":"https:\/\/queenchingglass.com\/?post_type=product&#038;p=456"},"modified":"2025-07-10T01:02:15","modified_gmt":"2025-07-10T01:02:15","slug":"500ml-750ml-klare-zylinderglasflaschen","status":"publish","type":"product","link":"https:\/\/glassbottlewholesale.com\/de\/500ml-750ml-klare-zylinderglasflaschen\/","title":{"rendered":"RS124: 500 ml 750 ml klare Zylinderglasflaschen"},"content":{"rendered":"<div class=\"wpb-content-wrapper\"><div class=\"vc_row wpb_row vc_row-fluid\"><div class=\"wpb_column vc_column_container vc_col-sm-12\"><div class=\"vc_column-inner\"><div class=\"wpb_wrapper\">\n\t<div class=\"wpb_text_column wpb_content_element\" >\n\t\t<div class=\"wpb_wrapper\">\n\t\t\t<p>Die Klarglasflaschen stammen von der Shandong Yuncheng Ruisheng Glass Co, Ltd.  Ruisheng ist der gr\u00f6\u00dfte <a href=\"https:\/\/ruishengglassco.com\/about\">Hersteller von Glasflaschen mit hohem Feuersteinanteil<\/a> in China. Es bietet nicht nur erstklassige Klarglasflaschen f\u00fcr den Gro\u00dfhandel, sondern auch Klarglasflaschen mittlerer Qualit\u00e4t f\u00fcr breite Anwendungen.<\/p>\n<p>Diese Zylinder Glasflasche ist die gemeinsame Glasflasche. Diese 500ml 750ml Klarglasflasche kann f\u00fcr Wein, Wodka, Whiskey, Rum, Gin und andere Fl\u00fcssigkeiten verwendet werden. Diese Glasflaschen k\u00f6nnen in viele L\u00e4nder und Regionen wie Europa, die USA, Australien, Amerika und andere verkauft werden.<\/p>\n<p>Diese klaren Zylinderglasflaschen werden aus hochfestem Glas hergestellt. Dieses hohe Flintglas wird auch als kristallwei\u00dfes Glas bezeichnet. Dieses Glasflaschenmaterial ist das hochwertigste Material f\u00fcr die Glasflasche. Verwenden Sie dieses Material gemacht Glasflasche ist sehr klar, Gl\u00e4tte und es ist sehr langlebig.<\/p>\n<p>Wir k\u00f6nnen diese klaren Zylinder Glasflaschen mit vielen Gr\u00f6\u00dfen machen, wenn Sie sie ben\u00f6tigen. Wie zum Beispiel 375ml, 500ml, 700ml, 750ml, 1000ml und andere. Jetzt unsere bestehenden Glasflaschen sind 500ml und 750ml.  Wenn Sie es brauchen, k\u00f6nnen wir die neue Form machen, um die Glasflaschen zu machen.<\/p>\n<h4>Die Details dieser Klarglasflasche bulk<\/h4>\n<p>Unsere Glasflaschen in dieser Form sind 500ml und 750ml.<br \/>\nDas Gewicht der 750-tml-Zylinderglasflasche betr\u00e4gt 750 g. Der Durchmesser dieser Flasche betr\u00e4gt 75,6 \u00b1 1,5 mm. Die H\u00f6he der Flasche betr\u00e4gt 330 \u00b1 2 mm. Der Verschluss ist ein T-Korken. Diese Glasflasche ist f\u00fcr den 19,5 mm T-Korken geeignet.<\/p>\n<p>Das Gewicht der 500ml-Zylinder-Glasflaschen betr\u00e4gt 580g. Der Durchmesser dieser Glasflasche betr\u00e4gt 66,5 \u00b1 1,5 mm. Und ihre H\u00f6he betr\u00e4gt 300 \u00b1 1,5 mm. Diese Flasche ist auch 19,5 mm T- Korken verwendet, um zu beenden.<\/p>\n<p>Bei beiden Glasflaschen kann der Verschluss in einen Schraubverschluss umgewandelt werden. Es ist entsprechend den Anforderungen des Kunden.<\/p>\n<p>Wenn Sie 500ml 750ml klare Glasflaschen kaufen m\u00f6chten, oder Glasflaschen im Gro\u00dfhandel kaufen m\u00f6chten, bitte <a href=\"https:\/\/ruishengglassco.com\/contact\">kontaktiere uns<\/a> \u00fcber unsere E-Mail oder Telefon. Wir werden Ihnen so schnell wie m\u00f6glich antworten.<\/p>\n\n\t\t<\/div>\n\t<\/div>\n<\/div><\/div><\/div><\/div>\n<\/div>","protected":false},"excerpt":{"rendered":"<table class=\"tg\">\n<tbody>\n<tr>\n<th class=\"tg-24i8\" colspan=\"2\">500ml 750ml Klarglasflaschen in Zylinderform<\/th>\n<\/tr>\n<tr>\n<td class=\"tg-b7b8\">Hauptmaterial:<\/td>\n<td class=\"tg-b7b8\">Hohes Wei\u00dfglas<\/td>\n<\/tr>\n<tr>\n<td class=\"tg-yw4l\">Deckel:<\/td>\n<td class=\"tg-yw4l\">Schraubverschluss<\/td>\n<\/tr>\n<tr>\n<td class=\"tg-b7b8\">Kapazit\u00e4t:<\/td>\n<td class=\"tg-b7b8\">500ml 750ml<\/td>\n<\/tr>\n<tr>\n<td class=\"tg-yw4l\">Besonderheit:<\/td>\n<td class=\"tg-yw4l\">Umweltfreundlich<\/td>\n<\/tr>\n<tr>\n<td class=\"tg-b7b8\">Mindestbestellmenge:<\/td>\n<td class=\"tg-b7b8\">10000 STK<\/td>\n<\/tr>\n<tr>\n<td class=\"tg-yw4l\">Herkunft des Ortes:<\/td>\n<td class=\"tg-yw4l\">Shandong, China<\/td>\n<\/tr>\n<tr>\n<td class=\"tg-b7b8\">Stk.\/Karton:<\/td>\n<td class=\"tg-b7b8\">24 St\u00fcck<\/td>\n<\/tr>\n<tr>\n<td class=\"tg-yw4l\">Referenz:<\/td>\n<td class=\"tg-yw4l\">RS124<\/td>\n<\/tr>\n<tr>\n<td class=\"tg-b7b8\">Lieferweg:<\/td>\n<td class=\"tg-b7b8\">Schiff, Express<\/td>\n<\/tr>\n<tr>\n<td class=\"tg-yw4l\">OEM\/ODM:<\/td>\n<td class=\"tg-yw4l\">Willkommen<\/td>\n<\/tr>\n<\/tbody>\n<\/table>","protected":false},"featured_media":4487,"comment_status":"open","ping_status":"closed","template":"","meta":[],"product_brand":[],"product_cat":[50,52,62],"product_tag":[],"class_list":{"0":"post-456","1":"product","2":"type-product","3":"status-publish","4":"has-post-thumbnail","6":"product_cat-500ml-glass-bottle","7":"product_cat-750ml-glass-bottle","8":"product_cat-liqueur-bottle","9":"entry","10":"has-media","12":"first","13":"instock","14":"shipping-taxable","15":"product-type-simple"},"yoast_head":"<!-- This site is optimized with the Yoast SEO plugin v27.3 - https:\/\/yoast.com\/product\/yoast-seo-wordpress\/ -->\n<title>750ml Clear Glass Bottle Bulk|Wholesale Cylinder Glass Bottle With T-cork<\/title>\n<meta name=\"description\" content=\"Buy 750ml Clear Glass Bottles Bulk From China Liquor Bottle Manufacturer. Factory Outlet Wholesale Cylinder Glass Bottle With T-cork\" \/>\n<meta name=\"robots\" content=\"index, follow, max-snippet:-1, max-image-preview:large, max-video-preview:-1\" \/>\n<link rel=\"canonical\" href=\"https:\/\/ruishengglassco.com\/product\/rs124-500ml-750ml-clear-cylinder-glass-bottles\" \/>\n<meta property=\"og:locale\" content=\"de_DE\" \/>\n<meta property=\"og:type\" content=\"article\" \/>\n<meta property=\"og:title\" content=\"750ml Clear Glass Bottle Bulk|Wholesale Cylinder Glass Bottle With T-cork\" \/>\n<meta property=\"og:description\" content=\"Buy 750ml Clear Glass Bottles Bulk From China Liquor Bottle Manufacturer. Factory Outlet Wholesale Cylinder Glass Bottle With T-cork\" \/>\n<meta property=\"og:url\" content=\"https:\/\/ruishengglassco.com\/product\/rs124-500ml-750ml-clear-cylinder-glass-bottles\" \/>\n<meta property=\"og:site_name\" content=\"Glass Bottle Wholesale\" \/>\n<meta property=\"article:modified_time\" content=\"2025-07-10T01:02:15+00:00\" \/>\n<meta property=\"og:image\" content=\"https:\/\/glassbottlewholesale.com\/wp-content\/uploads\/2024\/01\/rs124-1.jpg\" \/>\n\t<meta property=\"og:image:width\" content=\"800\" \/>\n\t<meta property=\"og:image:height\" content=\"800\" \/>\n\t<meta property=\"og:image:type\" content=\"image\/jpeg\" \/>\n<meta name=\"twitter:card\" content=\"summary_large_image\" \/>\n<meta name=\"twitter:label1\" content=\"Gesch\u00e4tzte Lesezeit\" \/>\n\t<meta name=\"twitter:data1\" content=\"2\u00a0Minuten\" \/>\n<script type=\"application\/ld+json\" class=\"yoast-schema-graph\">{\"@context\":\"https:\\\/\\\/schema.org\",\"@graph\":[{\"@type\":\"WebPage\",\"@id\":\"https:\\\/\\\/glassbottlewholesale.com\\\/500ml-750ml-clear-cylinder-glass-bottles\\\/\",\"url\":\"https:\\\/\\\/ruishengglassco.com\\\/product\\\/rs124-500ml-750ml-clear-cylinder-glass-bottles\",\"name\":\"750ml Clear Glass Bottle Bulk|Wholesale Cylinder Glass Bottle With T-cork\",\"isPartOf\":{\"@id\":\"https:\\\/\\\/glassbottlewholesale.com\\\/#website\"},\"primaryImageOfPage\":{\"@id\":\"https:\\\/\\\/ruishengglassco.com\\\/product\\\/rs124-500ml-750ml-clear-cylinder-glass-bottles#primaryimage\"},\"image\":{\"@id\":\"https:\\\/\\\/ruishengglassco.com\\\/product\\\/rs124-500ml-750ml-clear-cylinder-glass-bottles#primaryimage\"},\"thumbnailUrl\":\"https:\\\/\\\/glassbottlewholesale.com\\\/wp-content\\\/uploads\\\/2024\\\/01\\\/rs124-1.jpg\",\"datePublished\":\"2019-10-14T13:03:10+00:00\",\"dateModified\":\"2025-07-10T01:02:15+00:00\",\"description\":\"Buy 750ml Clear Glass Bottles Bulk From China Liquor Bottle Manufacturer. Factory Outlet Wholesale Cylinder Glass Bottle With T-cork\",\"breadcrumb\":{\"@id\":\"https:\\\/\\\/ruishengglassco.com\\\/product\\\/rs124-500ml-750ml-clear-cylinder-glass-bottles#breadcrumb\"},\"inLanguage\":\"de\",\"potentialAction\":[{\"@type\":\"ReadAction\",\"target\":[\"https:\\\/\\\/ruishengglassco.com\\\/product\\\/rs124-500ml-750ml-clear-cylinder-glass-bottles\"]}]},{\"@type\":\"ImageObject\",\"inLanguage\":\"de\",\"@id\":\"https:\\\/\\\/ruishengglassco.com\\\/product\\\/rs124-500ml-750ml-clear-cylinder-glass-bottles#primaryimage\",\"url\":\"https:\\\/\\\/glassbottlewholesale.com\\\/wp-content\\\/uploads\\\/2024\\\/01\\\/rs124-1.jpg\",\"contentUrl\":\"https:\\\/\\\/glassbottlewholesale.com\\\/wp-content\\\/uploads\\\/2024\\\/01\\\/rs124-1.jpg\",\"width\":800,\"height\":800,\"caption\":\"RS124: 500ml 750ml Clear Cylinder Glass Bottles\"},{\"@type\":\"BreadcrumbList\",\"@id\":\"https:\\\/\\\/ruishengglassco.com\\\/product\\\/rs124-500ml-750ml-clear-cylinder-glass-bottles#breadcrumb\",\"itemListElement\":[{\"@type\":\"ListItem\",\"position\":1,\"name\":\"Home\",\"item\":\"https:\\\/\\\/glassbottlewholesale.com\\\/\"},{\"@type\":\"ListItem\",\"position\":2,\"name\":\"Products\",\"item\":\"https:\\\/\\\/glassbottlewholesale.com\\\/shop\\\/\"},{\"@type\":\"ListItem\",\"position\":3,\"name\":\"RS124: 500ml 750ml Clear Cylinder Glass Bottles\"}]},{\"@type\":\"WebSite\",\"@id\":\"https:\\\/\\\/glassbottlewholesale.com\\\/#website\",\"url\":\"https:\\\/\\\/glassbottlewholesale.com\\\/\",\"name\":\"Glass Bottle Wholesale\",\"description\":\"\",\"publisher\":{\"@id\":\"https:\\\/\\\/glassbottlewholesale.com\\\/#organization\"},\"potentialAction\":[{\"@type\":\"SearchAction\",\"target\":{\"@type\":\"EntryPoint\",\"urlTemplate\":\"https:\\\/\\\/glassbottlewholesale.com\\\/?s={search_term_string}\"},\"query-input\":{\"@type\":\"PropertyValueSpecification\",\"valueRequired\":true,\"valueName\":\"search_term_string\"}}],\"inLanguage\":\"de\"},{\"@type\":\"Organization\",\"@id\":\"https:\\\/\\\/glassbottlewholesale.com\\\/#organization\",\"name\":\"Glass Bottle Wholesale\",\"url\":\"https:\\\/\\\/glassbottlewholesale.com\\\/\",\"logo\":{\"@type\":\"ImageObject\",\"inLanguage\":\"de\",\"@id\":\"https:\\\/\\\/glassbottlewholesale.com\\\/#\\\/schema\\\/logo\\\/image\\\/\",\"url\":\"https:\\\/\\\/glassbottlewholesale.com\\\/wp-content\\\/uploads\\\/2023\\\/12\\\/ruisheng-logo.webp\",\"contentUrl\":\"https:\\\/\\\/glassbottlewholesale.com\\\/wp-content\\\/uploads\\\/2023\\\/12\\\/ruisheng-logo.webp\",\"width\":400,\"height\":233,\"caption\":\"Glass Bottle Wholesale\"},\"image\":{\"@id\":\"https:\\\/\\\/glassbottlewholesale.com\\\/#\\\/schema\\\/logo\\\/image\\\/\"}}]}<\/script>\n<!-- \/ Yoast SEO plugin. -->","yoast_head_json":{"title":"750ml Klarglasflasche Bulk|Gro\u00dfhandel Zylinderglasflasche mit T-Kork","description":"Kaufen 750ml Klarglasflaschen Bulk aus China Liquor Flasche Hersteller. Factory Outlet Gro\u00dfhandel Zylinder Glasflasche mit T-Kork","robots":{"index":"index","follow":"follow","max-snippet":"max-snippet:-1","max-image-preview":"max-image-preview:large","max-video-preview":"max-video-preview:-1"},"canonical":"https:\/\/ruishengglassco.com\/product\/rs124-500ml-750ml-clear-cylinder-glass-bottles","og_locale":"de_DE","og_type":"article","og_title":"750ml Clear Glass Bottle Bulk|Wholesale Cylinder Glass Bottle With T-cork","og_description":"Buy 750ml Clear Glass Bottles Bulk From China Liquor Bottle Manufacturer. Factory Outlet Wholesale Cylinder Glass Bottle With T-cork","og_url":"https:\/\/ruishengglassco.com\/product\/rs124-500ml-750ml-clear-cylinder-glass-bottles","og_site_name":"Glass Bottle Wholesale","article_modified_time":"2025-07-10T01:02:15+00:00","og_image":[{"width":800,"height":800,"url":"https:\/\/glassbottlewholesale.com\/wp-content\/uploads\/2024\/01\/rs124-1.jpg","type":"image\/jpeg"}],"twitter_card":"summary_large_image","twitter_misc":{"Gesch\u00e4tzte Lesezeit":"2\u00a0Minuten"},"schema":{"@context":"https:\/\/schema.org","@graph":[{"@type":"WebPage","@id":"https:\/\/glassbottlewholesale.com\/500ml-750ml-clear-cylinder-glass-bottles\/","url":"https:\/\/ruishengglassco.com\/product\/rs124-500ml-750ml-clear-cylinder-glass-bottles","name":"750ml Klarglasflasche Bulk|Gro\u00dfhandel Zylinderglasflasche mit T-Kork","isPartOf":{"@id":"https:\/\/glassbottlewholesale.com\/#website"},"primaryImageOfPage":{"@id":"https:\/\/ruishengglassco.com\/product\/rs124-500ml-750ml-clear-cylinder-glass-bottles#primaryimage"},"image":{"@id":"https:\/\/ruishengglassco.com\/product\/rs124-500ml-750ml-clear-cylinder-glass-bottles#primaryimage"},"thumbnailUrl":"https:\/\/glassbottlewholesale.com\/wp-content\/uploads\/2024\/01\/rs124-1.jpg","datePublished":"2019-10-14T13:03:10+00:00","dateModified":"2025-07-10T01:02:15+00:00","description":"Kaufen 750ml Klarglasflaschen Bulk aus China Liquor Flasche Hersteller. Factory Outlet Gro\u00dfhandel Zylinder Glasflasche mit T-Kork","breadcrumb":{"@id":"https:\/\/ruishengglassco.com\/product\/rs124-500ml-750ml-clear-cylinder-glass-bottles#breadcrumb"},"inLanguage":"de","potentialAction":[{"@type":"ReadAction","target":["https:\/\/ruishengglassco.com\/product\/rs124-500ml-750ml-clear-cylinder-glass-bottles"]}]},{"@type":"ImageObject","inLanguage":"de","@id":"https:\/\/ruishengglassco.com\/product\/rs124-500ml-750ml-clear-cylinder-glass-bottles#primaryimage","url":"https:\/\/glassbottlewholesale.com\/wp-content\/uploads\/2024\/01\/rs124-1.jpg","contentUrl":"https:\/\/glassbottlewholesale.com\/wp-content\/uploads\/2024\/01\/rs124-1.jpg","width":800,"height":800,"caption":"RS124: 500ml 750ml Clear Cylinder Glass Bottles"},{"@type":"BreadcrumbList","@id":"https:\/\/ruishengglassco.com\/product\/rs124-500ml-750ml-clear-cylinder-glass-bottles#breadcrumb","itemListElement":[{"@type":"ListItem","position":1,"name":"Home","item":"https:\/\/glassbottlewholesale.com\/"},{"@type":"ListItem","position":2,"name":"Products","item":"https:\/\/glassbottlewholesale.com\/shop\/"},{"@type":"ListItem","position":3,"name":"RS124: 500ml 750ml Clear Cylinder Glass Bottles"}]},{"@type":"WebSite","@id":"https:\/\/glassbottlewholesale.com\/#website","url":"https:\/\/glassbottlewholesale.com\/","name":"Glass Bottle Wholesale","description":"","publisher":{"@id":"https:\/\/glassbottlewholesale.com\/#organization"},"potentialAction":[{"@type":"SearchAction","target":{"@type":"EntryPoint","urlTemplate":"https:\/\/glassbottlewholesale.com\/?s={search_term_string}"},"query-input":{"@type":"PropertyValueSpecification","valueRequired":true,"valueName":"search_term_string"}}],"inLanguage":"de"},{"@type":"Organization","@id":"https:\/\/glassbottlewholesale.com\/#organization","name":"Glass Bottle Wholesale","url":"https:\/\/glassbottlewholesale.com\/","logo":{"@type":"ImageObject","inLanguage":"de","@id":"https:\/\/glassbottlewholesale.com\/#\/schema\/logo\/image\/","url":"https:\/\/glassbottlewholesale.com\/wp-content\/uploads\/2023\/12\/ruisheng-logo.webp","contentUrl":"https:\/\/glassbottlewholesale.com\/wp-content\/uploads\/2023\/12\/ruisheng-logo.webp","width":400,"height":233,"caption":"Glass Bottle Wholesale"},"image":{"@id":"https:\/\/glassbottlewholesale.com\/#\/schema\/logo\/image\/"}}]}},"_links":{"self":[{"href":"https:\/\/glassbottlewholesale.com\/de\/wp-json\/wp\/v2\/product\/456","targetHints":{"allow":["GET"]}}],"collection":[{"href":"https:\/\/glassbottlewholesale.com\/de\/wp-json\/wp\/v2\/product"}],"about":[{"href":"https:\/\/glassbottlewholesale.com\/de\/wp-json\/wp\/v2\/types\/product"}],"replies":[{"embeddable":true,"href":"https:\/\/glassbottlewholesale.com\/de\/wp-json\/wp\/v2\/comments?post=456"}],"wp:featuredmedia":[{"embeddable":true,"href":"https:\/\/glassbottlewholesale.com\/de\/wp-json\/wp\/v2\/media\/4487"}],"wp:attachment":[{"href":"https:\/\/glassbottlewholesale.com\/de\/wp-json\/wp\/v2\/media?parent=456"}],"wp:term":[{"taxonomy":"product_brand","embeddable":true,"href":"https:\/\/glassbottlewholesale.com\/de\/wp-json\/wp\/v2\/product_brand?post=456"},{"taxonomy":"product_cat","embeddable":true,"href":"https:\/\/glassbottlewholesale.com\/de\/wp-json\/wp\/v2\/product_cat?post=456"},{"taxonomy":"product_tag","embeddable":true,"href":"https:\/\/glassbottlewholesale.com\/de\/wp-json\/wp\/v2\/product_tag?post=456"}],"curies":[{"name":"wp","href":"https:\/\/api.w.org\/{rel}","templated":true}]}}