{"id":4588,"date":"2024-03-12T09:04:43","date_gmt":"2024-03-12T09:04:43","guid":{"rendered":"https:\/\/glassbottlewholesale.com\/?post_type=product&#038;p=4588"},"modified":"2025-06-12T01:28:01","modified_gmt":"2025-06-12T01:28:01","slug":"rs159-china-whiskey-bottle-750-ml-factory","status":"publish","type":"product","link":"https:\/\/glassbottlewholesale.com\/de\/rs159-china-whiskey-bottle-750-ml-factory\/","title":{"rendered":"RS159 China Whiskyflasche 750 ml Fabrik"},"content":{"rendered":"<div class=\"wpb-content-wrapper\"><h4 data-spm-anchor-id=\"a2700.details.0.i82.67a53c122iOfKz\">Spezifikationen<\/h4>\n<div class=\"attribute-list\">\n<div class=\"attribute-item\">\n<ul>\n<li class=\"left\">Handhabung der Oberfl\u00e4che: <span style=\"color: var(--wpex-text-2);\">Innengravur<\/span><\/li>\n<li class=\"left\">Industrielle Nutzung: <span style=\"color: var(--wpex-text-2);\">Getr\u00e4nke<\/span><\/li>\n<li class=\"left\">Art der Versiegelung: <span style=\"color: var(--wpex-text-2);\">SCHRAUBENKAPPE\/Kork<\/span><\/li>\n<li class=\"left\">Ort der Herkunft: <span style=\"color: var(--wpex-text-2);\">Shandong, China<\/span><\/li>\n<li class=\"left\">Grundmaterial: S<span style=\"color: var(--wpex-text-2);\">oberes Flintglas<\/span><\/li>\n<li class=\"left\">Material des Geh\u00e4uses: <span style=\"color: var(--wpex-text-2);\">Super-Flintglas<\/span><\/li>\n<li class=\"left\">Modellnummer: <span style=\"color: var(--wpex-text-2);\">RS-160<\/span><\/li>\n<li class=\"left\">Markenname: <span style=\"color: var(--wpex-text-2);\">RUISHENG<\/span><\/li>\n<li class=\"left\">Verwendung: <span style=\"color: var(--wpex-text-2);\">Alkohol\/Lik\u00f6r\/Spirituosen\/Wodka\/Whisky\/Brandy\/Rum\/Gin<\/span><\/li>\n<li class=\"left\">Verpacken: <span style=\"color: var(--wpex-text-2);\">Kundenspezifische Verpackung akzeptabel<\/span><\/li>\n<li class=\"left\">Kapazit\u00e4t: <span style=\"color: var(--wpex-text-2);\">200ml\/300ml\/500ml\/700\/750ml\/1000ml<\/span><\/li>\n<li class=\"left\">Die Form: <span style=\"color: var(--wpex-text-2);\">Kundenspezifische Form<\/span><\/li>\n<li class=\"left\">Logo: <span style=\"color: var(--wpex-text-2);\">Akzeptables Kundenlogo<\/span><\/li>\n<li class=\"left\">Dienst: <span style=\"color: var(--wpex-text-2);\">OEM\/ODM<\/span><\/li>\n<li class=\"left\">Probe: <span style=\"color: var(--wpex-text-2);\">Unentgeltlich zur Verf\u00fcgung gestellt<\/span><\/li>\n<li class=\"left\">Logo-Druck: <span style=\"color: var(--wpex-text-2);\">Kundenlogo-Druck akzeptieren<\/span><\/li>\n<li class=\"left\">Lieferfrist: <span style=\"color: var(--wpex-text-2);\">30-45 Tage<\/span><\/li>\n<li class=\"left\">Verpackung: <span style=\"font-family: var(--wpex-heading-font-family); font-style: var(--wpex-heading-font-style); letter-spacing: var(--wpex-heading-letter-spacing); text-transform: var(--wpex-heading-text-transform); color: var(--wpex-text-2);\" data-spm-anchor-id=\"a2700.details.0.i77.67a53c122iOfKz\">Standard-Exportkarton\/<\/span><span style=\"color: var(--wpex-text-2);\">Palette\/<\/span><span style=\"color: var(--wpex-text-2);\">Kundenspezifische Verpackung<\/span><\/li>\n<li class=\"left\">Hafen: <span style=\"color: var(--wpex-text-2);\">Qingdao<\/span><\/li>\n<\/ul>\n<\/div>\n<\/div>\n<div class=\"attribute-list\">\n<div class=\"attribute-item\">\n<div class=\"right\">\n<div class=\"vc_row wpb_row vc_row-fluid\"><div class=\"wpb_column vc_column_container vc_col-sm-6\"><div class=\"vc_column-inner\"><div class=\"wpb_wrapper\">\n\t<div  class=\"wpb_single_image wpb_content_element vc_align_ wpb_content_element\">\n\t\t\n\t\t<figure class=\"wpb_wrapper vc_figure\">\n\t\t\t<div class=\"vc_single_image-wrapper   vc_box_border_grey\"><img width=\"741\" height=\"417\" src=\"https:\/\/glassbottlewholesale.com\/wp-content\/uploads\/2021\/07\/ruisheng-glass-bottle-1.jpeg\" class=\"vc_single_image-img attachment-full\" alt=\"ruisheng glas flasche\" title=\"ruisheng glas flasche (1)\" srcset=\"https:\/\/glassbottlewholesale.com\/wp-content\/uploads\/2021\/07\/ruisheng-glass-bottle-1.jpeg 741w, https:\/\/glassbottlewholesale.com\/wp-content\/uploads\/2021\/07\/ruisheng-glass-bottle-1-300x169.jpeg 300w, https:\/\/glassbottlewholesale.com\/wp-content\/uploads\/2021\/07\/ruisheng-glass-bottle-1-600x338.jpeg 600w\" sizes=\"(max-width: 741px) 100vw, 741px\" \/><\/div>\n\t\t<\/figure>\n\t<\/div>\n<\/div><\/div><\/div><div class=\"wpb_column vc_column_container vc_col-sm-6\"><div class=\"vc_column-inner\"><div class=\"wpb_wrapper\"><h2 class=\"vcex-heading vcex-heading-plain vcex-module wpex-heading wpex-text-2xl\"><span class=\"vcex-heading-inner wpex-inline-block\">Ruisheng Glasfabrik in Shandong, China<\/span><\/h2><div class=\"vc_separator wpb_content_element vc_separator_align_center vc_sep_width_30 vc_sep_border_width_2 vc_sep_pos_align_left vc_separator_no_text vc_custom_1626068292507 wpb_content_element  vc_custom_1626068292507 wpb_content_element\" ><span class=\"vc_sep_holder vc_sep_holder_l\"><span style=\"border-color:#c6b20a;\" class=\"vc_sep_line\"><\/span><\/span><span class=\"vc_sep_holder vc_sep_holder_r\"><span style=\"border-color:#c6b20a;\" class=\"vc_sep_line\"><\/span><\/span>\n<\/div><div class=\"vcex-spacing wpex-w-100 wpex-clear\" style=\"height:20px;\"><\/div>\n\t<div class=\"wpb_text_column wpb_content_element\" >\n\t\t<div class=\"wpb_wrapper\">\n\t\t\t<p>Seit 2009 sind unsere moderne Produktionsanlage f\u00fcr Glasflaschen und unser gut ausgestattetes Forschungs- und Entwicklungszentrum auf einer Fl\u00e4che von 5.000.000 Quadratmetern in Betrieb. Die Fabrik konzentriert sich auf die Produktion von hochwertigen Glasflaschen f\u00fcr Lik\u00f6r, Spirituosen, Whiskey, Wodka, Brandy und andere alkoholische Getr\u00e4nke.<\/p>\n\n\t\t<\/div>\n\t<\/div>\n<\/div><\/div><\/div><\/div><div class=\"vc_row wpb_row vc_row-fluid\"><div class=\"wpb_column vc_column_container vc_col-sm-12\"><div class=\"vc_column-inner\"><div class=\"wpb_wrapper\">\n\t<div class=\"wpb_text_column wpb_content_element\" >\n\t\t<div class=\"wpb_wrapper\">\n\t\t\t<h3>Volle Kapazit\u00e4t in unserer Fabrik zur Herstellung von Lik\u00f6rglasflaschen:<\/h3>\n\n\t\t<\/div>\n\t<\/div>\n<div class=\"vcex-spacing wpex-w-100 wpex-clear\" style=\"height:20px;\"><\/div><div class=\"vc_row wpb_row vc_inner vc_row-fluid\"><div class=\"wpb_column vc_column_container vc_col-sm-3\"><div class=\"vc_column-inner\"><div class=\"wpb_wrapper\"><style>.vcex-heading.vcex_69f1f2980bdd8{color:#c6b20a;font-size:50px;font-weight:900;text-transform:capitalize;}<\/style><h2 class=\"vcex-heading vcex-heading-plain vcex-module wpex-heading wpex-text-2xl wpex-text-center vcex_69f1f2980bdd8\"><span class=\"vcex-heading-inner wpex-inline-block\">12<\/span><\/h2>\n\t<div class=\"wpb_text_column wpb_content_element\" >\n\t\t<div class=\"wpb_wrapper\">\n\t\t\t<p style=\"text-align: center;\"><strong>-Produktionslinie-<\/strong><\/p>\n\n\t\t<\/div>\n\t<\/div>\n\n\t<div class=\"wpb_text_column wpb_content_element\" >\n\t\t<div class=\"wpb_wrapper\">\n\t\t\t<p>Halbautomatische hocheffiziente Produktionslinie f\u00fcr Glasflaschen. Sie kann Glasflaschen mit verschiedenen Behandlungsverfahren gleichzeitig herstellen.<\/p>\n\n\t\t<\/div>\n\t<\/div>\n<\/div><\/div><\/div><div class=\"wpb_column vc_column_container vc_col-sm-3\"><div class=\"vc_column-inner\"><div class=\"wpb_wrapper\"><style>.vcex-heading.vcex_69f1f2980c6ff{color:#c6b20a;font-size:50px;font-weight:900;text-transform:capitalize;}<\/style><h2 class=\"vcex-heading vcex-heading-plain vcex-module wpex-heading wpex-text-2xl wpex-text-center vcex_69f1f2980c6ff\"><span class=\"vcex-heading-inner wpex-inline-block\">500+<\/span><\/h2>\n\t<div class=\"wpb_text_column wpb_content_element\" >\n\t\t<div class=\"wpb_wrapper\">\n\t\t\t<p style=\"text-align: center;\"><strong>-Arbeitszeug-<\/strong><\/p>\n\n\t\t<\/div>\n\t<\/div>\n\n\t<div class=\"wpb_text_column wpb_content_element\" >\n\t\t<div class=\"wpb_wrapper\">\n\t\t\t<p style=\"text-align: center;\">Unser Unternehmen besch\u00e4ftigt mehr als 500 Mitarbeiter, darunter 15 Industriedesigner, 35 Produktqualit\u00e4tspr\u00fcfer, Produktionsmitarbeiter, Vertriebs- und Marketingpersonal usw.<\/p>\n\n\t\t<\/div>\n\t<\/div>\n<\/div><\/div><\/div><div class=\"wpb_column vc_column_container vc_col-sm-3\"><div class=\"vc_column-inner\"><div class=\"wpb_wrapper\"><style>.vcex-heading.vcex_69f1f2980cf63{color:#c6b20a;font-size:50px;font-weight:900;text-transform:capitalize;}<\/style><h2 class=\"vcex-heading vcex-heading-plain vcex-module wpex-heading wpex-text-2xl wpex-text-center vcex_69f1f2980cf63\"><span class=\"vcex-heading-inner wpex-inline-block\">8000+<\/span><\/h2>\n\t<div class=\"wpb_text_column wpb_content_element\" >\n\t\t<div class=\"wpb_wrapper\">\n\t\t\t<p style=\"text-align: center;\"><strong>-Gestaltung Mold-<\/strong><\/p>\n\n\t\t<\/div>\n\t<\/div>\n\n\t<div class=\"wpb_text_column wpb_content_element\" >\n\t\t<div class=\"wpb_wrapper\">\n\t\t\t<p style=\"text-align: center;\">Der gr\u00f6\u00dfte Vorteil einer gro\u00dfen Anzahl von eigenen Formen ist die Flexibilit\u00e4t. Eine Fabrik kann kaum alle Ihre Anforderungen erf\u00fcllen.<\/p>\n\n\t\t<\/div>\n\t<\/div>\n<\/div><\/div><\/div><div class=\"wpb_column vc_column_container vc_col-sm-3\"><div class=\"vc_column-inner\"><div class=\"wpb_wrapper\"><style>.vcex-heading.vcex_69f1f2980d781{color:#c6b20a;font-size:50px;font-weight:900;text-transform:capitalize;}<\/style><h2 class=\"vcex-heading vcex-heading-plain vcex-module wpex-heading wpex-text-2xl wpex-text-center vcex_69f1f2980d781\"><span class=\"vcex-heading-inner wpex-inline-block\">120,000+<\/span><\/h2>\n\t<div class=\"wpb_text_column wpb_content_element\" >\n\t\t<div class=\"wpb_wrapper\">\n\t\t\t<p style=\"text-align: center;\"><strong>-Tagesleistung-<\/strong><\/p>\n\n\t\t<\/div>\n\t<\/div>\n\n\t<div class=\"wpb_text_column wpb_content_element\" >\n\t\t<div class=\"wpb_wrapper\">\n\t\t\t<p style=\"text-align: center;\">Reagieren Sie schnell auf den Markt. Unsere Massenproduktion erm\u00f6glicht es Unternehmen, Produktionsphasen schnell und einfach zu durchlaufen.<\/p>\n\n\t\t<\/div>\n\t<\/div>\n<\/div><\/div><\/div><\/div><\/div><\/div><\/div><\/div><div class=\"vc_row wpb_row vc_row-fluid\"><div class=\"wpb_column vc_column_container vc_col-sm-12\"><div class=\"vc_column-inner\"><div class=\"wpb_wrapper\"><h2 class=\"vcex-heading vcex-heading-plain vcex-module wpex-heading wpex-text-2xl\"><span class=\"vcex-heading-inner wpex-inline-block\">Wie man Ruisheng Glas bestellt<\/span><\/h2><div class=\"vcex-spacing wpex-w-100 wpex-clear\" style=\"height:20px;\"><\/div>\n\t<div  class=\"wpb_single_image wpb_content_element vc_align_center wpb_content_element\">\n\t\t\n\t\t<figure class=\"wpb_wrapper vc_figure\">\n\t\t\t<div class=\"vc_single_image-wrapper   vc_box_border_grey\"><img width=\"564\" height=\"795\" src=\"https:\/\/glassbottlewholesale.com\/wp-content\/uploads\/2021\/07\/WX20210712-153708.png\" class=\"vc_single_image-img attachment-full\" alt=\"Wie man Glasflaschen bei Ruisheng bestellt\" title=\"Wie man Glasflaschen bei Ruisheng bestellt\" srcset=\"https:\/\/glassbottlewholesale.com\/wp-content\/uploads\/2021\/07\/WX20210712-153708.png 564w, https:\/\/glassbottlewholesale.com\/wp-content\/uploads\/2021\/07\/WX20210712-153708-213x300.png 213w\" sizes=\"(max-width: 564px) 100vw, 564px\" \/><\/div>\n\t\t<\/figure>\n\t<\/div>\n<\/div><\/div><\/div><\/div>\n<\/div>\n<\/div>\n<\/div>\n<\/div>","protected":false},"excerpt":{"rendered":"<p>Shandong Yuncheng Ruisheng Glass Co, Ltd, eine Premium-Luxus-Whiskey-Flaschenfabrik in China seit 2009, bietet Luxus-Whiskey-Flaschen-Herstellungsservice f\u00fcr Whiskey-Marken, Brennereien, Glasflaschen-Lieferanten, Gro\u00dfh\u00e4ndler, Liquor-H\u00e4ndler und Distributoren, etc.<\/p>\n<table class=\"aliDataTable\">\n<tbody>\n<tr align=\"left\">\n<td valign=\"center\">Produkte<\/td>\n<td valign=\"center\">RS160 China Luxus-Whiskey-Flasche<\/td>\n<\/tr>\n<tr align=\"left\">\n<td valign=\"center\">Marke<\/td>\n<td valign=\"center\">RUISHENG<\/td>\n<\/tr>\n<tr align=\"left\">\n<td valign=\"center\">Material<\/td>\n<td valign=\"center\">Kristallwei\u00dfes Material, extrem wei\u00dfes Material<\/td>\n<\/tr>\n<tr align=\"left\">\n<td valign=\"center\">Flaschendeckel<\/td>\n<td valign=\"center\">Korken: Synthetischer Kork, Polymerkork, Holzkork, Naturkork<\/p>\n<p>Metallkappe: Aluminium-Schraubkappe, Aluminium-Oxid-Kappe<\/p>\n<p>Kunststoffkappe: F\u00e4lschungssichere Kappen<\/td>\n<\/tr>\n<tr align=\"left\">\n<td valign=\"center\">Spezifikation<\/td>\n<td valign=\"center\">500ml\/650ml\/700ml\/750ml\/800ml\/Custom<\/td>\n<\/tr>\n<tr align=\"left\">\n<td valign=\"center\">Merkmal<\/td>\n<td valign=\"center\">Hohe Qualit\u00e4t, transparent, unzerbrechlich, recycelbar<\/td>\n<\/tr>\n<tr align=\"left\">\n<td valign=\"center\">Muster<\/td>\n<td valign=\"center\">Kostenlos, wenn Sie unsere bestehende Form verwenden.<\/td>\n<\/tr>\n<tr align=\"left\">\n<td valign=\"center\">Standard<\/td>\n<td valign=\"center\">ISO9001:2008, ISO14001:2004, SGS, TUV und andere, die Sie w\u00fcnschen<\/td>\n<\/tr>\n<tr align=\"left\">\n<td valign=\"center\">Verpackungsmethode<\/td>\n<td valign=\"center\">Standard-Export-Verpackung oder kundenspezifische Verpackung<\/td>\n<\/tr>\n<tr align=\"left\">\n<td valign=\"center\">Zahlungsfrist<\/td>\n<td valign=\"center\">T\/T, L\/C, Western Union, Paypal.<\/td>\n<\/tr>\n<tr align=\"left\">\n<td valign=\"center\">Lieferzeiten<\/td>\n<td valign=\"center\">\n<p data-spm-anchor-id=\"a2700.details.0.i63.67a5f0eb03DAos\">Innerhalb von 20-30 Tagen je nach gew\u00fcnschter Gr\u00f6\u00dfe und Menge.<\/p>\n<\/td>\n<\/tr>\n<\/tbody>\n<\/table>","protected":false},"featured_media":4577,"comment_status":"open","ping_status":"closed","template":"","meta":[],"product_brand":[],"product_cat":[68],"product_tag":[],"class_list":{"0":"post-4588","1":"product","2":"type-product","3":"status-publish","4":"has-post-thumbnail","6":"product_cat-whiskey-bottle","7":"entry","8":"has-media","10":"first","11":"instock","12":"shipping-taxable","13":"product-type-simple"},"yoast_head":"<!-- This site is optimized with the Yoast SEO plugin v27.3 - https:\/\/yoast.com\/product\/yoast-seo-wordpress\/ -->\n<title>750ml China Whiskey Bottle | Premium Whiskey Bottle Factory<\/title>\n<meta name=\"description\" content=\"Explore our exceptional range of 750ml China Whiskey Bottles, curated from the finest Premium Whiskey Bottle Factory. Get Quote Now.\" \/>\n<meta name=\"robots\" content=\"index, follow, max-snippet:-1, max-image-preview:large, max-video-preview:-1\" \/>\n<link rel=\"canonical\" href=\"https:\/\/ruishengglassco.com\/product\/rs159-china-whiskey-bottle-750-ml-factory\" \/>\n<meta property=\"og:locale\" content=\"de_DE\" \/>\n<meta property=\"og:type\" content=\"article\" \/>\n<meta property=\"og:title\" content=\"750ml China Whiskey Bottle | Premium Whiskey Bottle Factory\" \/>\n<meta property=\"og:description\" content=\"Explore our exceptional range of 750ml China Whiskey Bottles, curated from the finest Premium Whiskey Bottle Factory. Get Quote Now.\" \/>\n<meta property=\"og:url\" content=\"https:\/\/ruishengglassco.com\/product\/rs159-china-whiskey-bottle-750-ml-factory\" \/>\n<meta property=\"og:site_name\" content=\"Glass Bottle Wholesale\" \/>\n<meta property=\"article:modified_time\" content=\"2025-06-12T01:28:01+00:00\" \/>\n<meta property=\"og:image\" content=\"https:\/\/glassbottlewholesale.com\/wp-content\/uploads\/2024\/03\/wholesale-whiskey-bottle-manufacturer9.png\" \/>\n\t<meta property=\"og:image:width\" content=\"800\" \/>\n\t<meta property=\"og:image:height\" content=\"800\" \/>\n\t<meta property=\"og:image:type\" content=\"image\/png\" \/>\n<meta name=\"twitter:card\" content=\"summary_large_image\" \/>\n<meta name=\"twitter:label1\" content=\"Gesch\u00e4tzte Lesezeit\" \/>\n\t<meta name=\"twitter:data1\" content=\"2\u00a0Minuten\" \/>\n<script type=\"application\/ld+json\" class=\"yoast-schema-graph\">{\"@context\":\"https:\\\/\\\/schema.org\",\"@graph\":[{\"@type\":\"WebPage\",\"@id\":\"https:\\\/\\\/glassbottlewholesale.com\\\/rs159-china-whiskey-bottle-750-ml-factory\\\/\",\"url\":\"https:\\\/\\\/ruishengglassco.com\\\/product\\\/rs159-china-whiskey-bottle-750-ml-factory\",\"name\":\"750ml China Whiskey Bottle | Premium Whiskey Bottle Factory\",\"isPartOf\":{\"@id\":\"https:\\\/\\\/glassbottlewholesale.com\\\/#website\"},\"primaryImageOfPage\":{\"@id\":\"https:\\\/\\\/ruishengglassco.com\\\/product\\\/rs159-china-whiskey-bottle-750-ml-factory#primaryimage\"},\"image\":{\"@id\":\"https:\\\/\\\/ruishengglassco.com\\\/product\\\/rs159-china-whiskey-bottle-750-ml-factory#primaryimage\"},\"thumbnailUrl\":\"https:\\\/\\\/glassbottlewholesale.com\\\/wp-content\\\/uploads\\\/2024\\\/03\\\/wholesale-whiskey-bottle-manufacturer9.png\",\"datePublished\":\"2024-03-12T09:04:43+00:00\",\"dateModified\":\"2025-06-12T01:28:01+00:00\",\"description\":\"Explore our exceptional range of 750ml China Whiskey Bottles, curated from the finest Premium Whiskey Bottle Factory. Get Quote Now.\",\"breadcrumb\":{\"@id\":\"https:\\\/\\\/ruishengglassco.com\\\/product\\\/rs159-china-whiskey-bottle-750-ml-factory#breadcrumb\"},\"inLanguage\":\"de\",\"potentialAction\":[{\"@type\":\"ReadAction\",\"target\":[\"https:\\\/\\\/ruishengglassco.com\\\/product\\\/rs159-china-whiskey-bottle-750-ml-factory\"]}]},{\"@type\":\"ImageObject\",\"inLanguage\":\"de\",\"@id\":\"https:\\\/\\\/ruishengglassco.com\\\/product\\\/rs159-china-whiskey-bottle-750-ml-factory#primaryimage\",\"url\":\"https:\\\/\\\/glassbottlewholesale.com\\\/wp-content\\\/uploads\\\/2024\\\/03\\\/wholesale-whiskey-bottle-manufacturer9.png\",\"contentUrl\":\"https:\\\/\\\/glassbottlewholesale.com\\\/wp-content\\\/uploads\\\/2024\\\/03\\\/wholesale-whiskey-bottle-manufacturer9.png\",\"width\":800,\"height\":800,\"caption\":\"whiskey bottle 750 ml factory\"},{\"@type\":\"BreadcrumbList\",\"@id\":\"https:\\\/\\\/ruishengglassco.com\\\/product\\\/rs159-china-whiskey-bottle-750-ml-factory#breadcrumb\",\"itemListElement\":[{\"@type\":\"ListItem\",\"position\":1,\"name\":\"Home\",\"item\":\"https:\\\/\\\/glassbottlewholesale.com\\\/\"},{\"@type\":\"ListItem\",\"position\":2,\"name\":\"Products\",\"item\":\"https:\\\/\\\/glassbottlewholesale.com\\\/shop\\\/\"},{\"@type\":\"ListItem\",\"position\":3,\"name\":\"RS159 China Whiskey Bottle 750 ml Factory\"}]},{\"@type\":\"WebSite\",\"@id\":\"https:\\\/\\\/glassbottlewholesale.com\\\/#website\",\"url\":\"https:\\\/\\\/glassbottlewholesale.com\\\/\",\"name\":\"Glass Bottle Wholesale\",\"description\":\"\",\"publisher\":{\"@id\":\"https:\\\/\\\/glassbottlewholesale.com\\\/#organization\"},\"potentialAction\":[{\"@type\":\"SearchAction\",\"target\":{\"@type\":\"EntryPoint\",\"urlTemplate\":\"https:\\\/\\\/glassbottlewholesale.com\\\/?s={search_term_string}\"},\"query-input\":{\"@type\":\"PropertyValueSpecification\",\"valueRequired\":true,\"valueName\":\"search_term_string\"}}],\"inLanguage\":\"de\"},{\"@type\":\"Organization\",\"@id\":\"https:\\\/\\\/glassbottlewholesale.com\\\/#organization\",\"name\":\"Glass Bottle Wholesale\",\"url\":\"https:\\\/\\\/glassbottlewholesale.com\\\/\",\"logo\":{\"@type\":\"ImageObject\",\"inLanguage\":\"de\",\"@id\":\"https:\\\/\\\/glassbottlewholesale.com\\\/#\\\/schema\\\/logo\\\/image\\\/\",\"url\":\"https:\\\/\\\/glassbottlewholesale.com\\\/wp-content\\\/uploads\\\/2023\\\/12\\\/ruisheng-logo.webp\",\"contentUrl\":\"https:\\\/\\\/glassbottlewholesale.com\\\/wp-content\\\/uploads\\\/2023\\\/12\\\/ruisheng-logo.webp\",\"width\":400,\"height\":233,\"caption\":\"Glass Bottle Wholesale\"},\"image\":{\"@id\":\"https:\\\/\\\/glassbottlewholesale.com\\\/#\\\/schema\\\/logo\\\/image\\\/\"}}]}<\/script>\n<!-- \/ Yoast SEO plugin. -->","yoast_head_json":{"title":"750ml China Whiskey Bottle | Premium Whiskey Bottle Factory","description":"Explore our exceptional range of 750ml China Whiskey Bottles, curated from the finest Premium Whiskey Bottle Factory. Get Quote Now.","robots":{"index":"index","follow":"follow","max-snippet":"max-snippet:-1","max-image-preview":"max-image-preview:large","max-video-preview":"max-video-preview:-1"},"canonical":"https:\/\/ruishengglassco.com\/product\/rs159-china-whiskey-bottle-750-ml-factory","og_locale":"de_DE","og_type":"article","og_title":"750ml China Whiskey Bottle | Premium Whiskey Bottle Factory","og_description":"Explore our exceptional range of 750ml China Whiskey Bottles, curated from the finest Premium Whiskey Bottle Factory. Get Quote Now.","og_url":"https:\/\/ruishengglassco.com\/product\/rs159-china-whiskey-bottle-750-ml-factory","og_site_name":"Glass Bottle Wholesale","article_modified_time":"2025-06-12T01:28:01+00:00","og_image":[{"width":800,"height":800,"url":"https:\/\/glassbottlewholesale.com\/wp-content\/uploads\/2024\/03\/wholesale-whiskey-bottle-manufacturer9.png","type":"image\/png"}],"twitter_card":"summary_large_image","twitter_misc":{"Gesch\u00e4tzte Lesezeit":"2\u00a0Minuten"},"schema":{"@context":"https:\/\/schema.org","@graph":[{"@type":"WebPage","@id":"https:\/\/glassbottlewholesale.com\/rs159-china-whiskey-bottle-750-ml-factory\/","url":"https:\/\/ruishengglassco.com\/product\/rs159-china-whiskey-bottle-750-ml-factory","name":"750ml China Whiskey Bottle | Premium Whiskey Bottle Factory","isPartOf":{"@id":"https:\/\/glassbottlewholesale.com\/#website"},"primaryImageOfPage":{"@id":"https:\/\/ruishengglassco.com\/product\/rs159-china-whiskey-bottle-750-ml-factory#primaryimage"},"image":{"@id":"https:\/\/ruishengglassco.com\/product\/rs159-china-whiskey-bottle-750-ml-factory#primaryimage"},"thumbnailUrl":"https:\/\/glassbottlewholesale.com\/wp-content\/uploads\/2024\/03\/wholesale-whiskey-bottle-manufacturer9.png","datePublished":"2024-03-12T09:04:43+00:00","dateModified":"2025-06-12T01:28:01+00:00","description":"Explore our exceptional range of 750ml China Whiskey Bottles, curated from the finest Premium Whiskey Bottle Factory. Get Quote Now.","breadcrumb":{"@id":"https:\/\/ruishengglassco.com\/product\/rs159-china-whiskey-bottle-750-ml-factory#breadcrumb"},"inLanguage":"de","potentialAction":[{"@type":"ReadAction","target":["https:\/\/ruishengglassco.com\/product\/rs159-china-whiskey-bottle-750-ml-factory"]}]},{"@type":"ImageObject","inLanguage":"de","@id":"https:\/\/ruishengglassco.com\/product\/rs159-china-whiskey-bottle-750-ml-factory#primaryimage","url":"https:\/\/glassbottlewholesale.com\/wp-content\/uploads\/2024\/03\/wholesale-whiskey-bottle-manufacturer9.png","contentUrl":"https:\/\/glassbottlewholesale.com\/wp-content\/uploads\/2024\/03\/wholesale-whiskey-bottle-manufacturer9.png","width":800,"height":800,"caption":"whiskey bottle 750 ml factory"},{"@type":"BreadcrumbList","@id":"https:\/\/ruishengglassco.com\/product\/rs159-china-whiskey-bottle-750-ml-factory#breadcrumb","itemListElement":[{"@type":"ListItem","position":1,"name":"Home","item":"https:\/\/glassbottlewholesale.com\/"},{"@type":"ListItem","position":2,"name":"Products","item":"https:\/\/glassbottlewholesale.com\/shop\/"},{"@type":"ListItem","position":3,"name":"RS159 China Whiskey Bottle 750 ml Factory"}]},{"@type":"WebSite","@id":"https:\/\/glassbottlewholesale.com\/#website","url":"https:\/\/glassbottlewholesale.com\/","name":"Glass Bottle Wholesale","description":"","publisher":{"@id":"https:\/\/glassbottlewholesale.com\/#organization"},"potentialAction":[{"@type":"SearchAction","target":{"@type":"EntryPoint","urlTemplate":"https:\/\/glassbottlewholesale.com\/?s={search_term_string}"},"query-input":{"@type":"PropertyValueSpecification","valueRequired":true,"valueName":"search_term_string"}}],"inLanguage":"de"},{"@type":"Organization","@id":"https:\/\/glassbottlewholesale.com\/#organization","name":"Glass Bottle Wholesale","url":"https:\/\/glassbottlewholesale.com\/","logo":{"@type":"ImageObject","inLanguage":"de","@id":"https:\/\/glassbottlewholesale.com\/#\/schema\/logo\/image\/","url":"https:\/\/glassbottlewholesale.com\/wp-content\/uploads\/2023\/12\/ruisheng-logo.webp","contentUrl":"https:\/\/glassbottlewholesale.com\/wp-content\/uploads\/2023\/12\/ruisheng-logo.webp","width":400,"height":233,"caption":"Glass Bottle Wholesale"},"image":{"@id":"https:\/\/glassbottlewholesale.com\/#\/schema\/logo\/image\/"}}]}},"_links":{"self":[{"href":"https:\/\/glassbottlewholesale.com\/de\/wp-json\/wp\/v2\/product\/4588","targetHints":{"allow":["GET"]}}],"collection":[{"href":"https:\/\/glassbottlewholesale.com\/de\/wp-json\/wp\/v2\/product"}],"about":[{"href":"https:\/\/glassbottlewholesale.com\/de\/wp-json\/wp\/v2\/types\/product"}],"replies":[{"embeddable":true,"href":"https:\/\/glassbottlewholesale.com\/de\/wp-json\/wp\/v2\/comments?post=4588"}],"wp:featuredmedia":[{"embeddable":true,"href":"https:\/\/glassbottlewholesale.com\/de\/wp-json\/wp\/v2\/media\/4577"}],"wp:attachment":[{"href":"https:\/\/glassbottlewholesale.com\/de\/wp-json\/wp\/v2\/media?parent=4588"}],"wp:term":[{"taxonomy":"product_brand","embeddable":true,"href":"https:\/\/glassbottlewholesale.com\/de\/wp-json\/wp\/v2\/product_brand?post=4588"},{"taxonomy":"product_cat","embeddable":true,"href":"https:\/\/glassbottlewholesale.com\/de\/wp-json\/wp\/v2\/product_cat?post=4588"},{"taxonomy":"product_tag","embeddable":true,"href":"https:\/\/glassbottlewholesale.com\/de\/wp-json\/wp\/v2\/product_tag?post=4588"}],"curies":[{"name":"wp","href":"https:\/\/api.w.org\/{rel}","templated":true}]}}