{"id":462,"date":"2019-10-14T13:22:47","date_gmt":"2019-10-14T13:22:47","guid":{"rendered":"https:\/\/queenchingglass.com\/?post_type=product&#038;p=462"},"modified":"2025-07-10T03:07:01","modified_gmt":"2025-07-10T03:07:01","slug":"1000ml-klare-spirituosenglasflaschen","status":"publish","type":"product","link":"https:\/\/glassbottlewholesale.com\/de\/1000ml-klare-spirituosenglasflaschen\/","title":{"rendered":"RS122: 1000 ml klare Spirituosen-Gro\u00dfhandelsglasflaschen zu verkaufen"},"content":{"rendered":"<div class=\"wpb-content-wrapper\"><div class=\"vc_row wpb_row vc_row-fluid\"><div class=\"wpb_column vc_column_container vc_col-sm-12\"><div class=\"vc_column-inner\"><div class=\"wpb_wrapper\">\n\t<div class=\"wpb_text_column wpb_content_element\" >\n\t\t<div class=\"wpb_wrapper\">\n\t\t\t<p>Diese 1000ml Klarglasflaschen mit Korken Gro\u00dfhandel ist eines der wichtigsten Produkte in unserer Fabrik. Wir verwenden die Top-Grad-Glas-Material, um diese zu machen <a href=\"https:\/\/ruishengglassco.com\/glass-liquor-spirit-bottles\">Lik\u00f6rglasflaschen<\/a>. Dieses Material ist hoch Feuerstein Glas Material. Mit diesem Material aus Spiritus Glasflaschen ist sehr klar und nicht leicht gebrochen.<\/p>\n<p>Unsere diese 1000ml klaren Weinglasflaschen zum Verkauf k\u00f6nnen als klare\u00a0<a href=\"https:\/\/ruishengglassco.com\/vodka-bottle\">Wodka-Glasflaschen<\/a>, Gin-Glasflaschen, Rum-Glasflaschen und andere Spirituosen-Glasflaschen. Die Art der Versiegelung dieser Spirituosen Glasflaschen ist Kork Finish. So k\u00f6nnen sie mehr als eine Zeit verwenden.<\/p>\n<h4>Die Details der 1000ml Klarglasflaschen mit Korken Gro\u00dfhandel<\/h4>\n<ul>\n<li>Hauptmaterial: Hochwei\u00dfes Glas<\/li>\n<li>Kappe: Kork<\/li>\n<li>Referenz: RS122<\/li>\n<li>Mindestbestellmenge: 10.000 St\u00fcck<\/li>\n<li>Fassungsverm\u00f6gen: 1000ml<\/li>\n<li>Stk.\/Karton: 24Stk.<\/li>\n<li>Herkunftsort: Shandong, China<\/li>\n<li>Merkmal: Umweltfreundlich<\/li>\n<\/ul>\n<p>Als Hersteller von Glasflaschen mit hohem Feuersteinanteil k\u00f6nnen wir alle Arten von Glasflaschen im Gro\u00dfhandel herstellen. Wir machen verschiedene Formen Glasflaschen als runde Form Glasflaschen, quadratische Form Glasflaschen, flache Form Glasflaschen und andere Form Glasflaschen. Wenn Sie benutzerdefinierte Glasflaschen machen wollen, k\u00f6nnen wir es auch f\u00fcr Sie tun.<\/p>\n<p>Wir k\u00f6nnen auch die tiefe Verarbeitung auf den Glasflaschen, wie Druck, Abziehbild Logo, auf der Flasche gefrostet bieten. Sie sagen uns einfach, was Sie brauchen, wir k\u00f6nnen das f\u00fcr Ihre Nachfrage machen.<\/p>\n<p>In unserem Werk sind etwa 500 Mitarbeiter besch\u00e4ftigt, einschlie\u00dflich der Qualit\u00e4tskontrolle und einer Gruppe von qualifizierten Ingenieuren. Wir stellen sicher, dass alle Glasflaschen, die aus unserer Fabrik senden, die QC passieren und alle Kunden mit unseren Glasflaschen und Service zufrieden sind.<\/p>\n<p>Wenn Sie sich f\u00fcr unsere 1000 ml klaren Spirituosenflaschen aus Glas interessieren oder eine<a href=\"https:\/\/ruishengglassco.com\/custom-glass-bottle\">\u00a0benutzerdefinierte Glasflaschen<\/a>Bitte kontaktieren Sie uns und wir werden unser Bestes f\u00fcr Sie tun, damit Sie mit unseren Glasflaschen zufrieden sind.<\/p>\n\n\t\t<\/div>\n\t<\/div>\n<\/div><\/div><\/div><\/div>\n<\/div>","protected":false},"excerpt":{"rendered":"<table class=\"tg\">\n<tbody>\n<tr>\n<th class=\"tg-n1qb\" colspan=\"2\">1000ml klare Spiritus-Glasflaschen<\/th>\n<\/tr>\n<tr>\n<td class=\"tg-dc35\">Hauptmaterial:<\/td>\n<td class=\"tg-dc35\">Hohes Flintglas<\/td>\n<\/tr>\n<tr>\n<td class=\"tg-us36\">Deckel:<\/td>\n<td class=\"tg-us36\">Schraubverschluss<\/td>\n<\/tr>\n<tr>\n<td class=\"tg-dc35\">Kapazit\u00e4t:<\/td>\n<td class=\"tg-dc35\">1000ml<\/td>\n<\/tr>\n<tr>\n<td class=\"tg-us36\">Besonderheit:<\/td>\n<td class=\"tg-us36\">Umweltfreundlich<\/td>\n<\/tr>\n<tr>\n<td class=\"tg-dc35\">Mindestbestellmenge:<\/td>\n<td class=\"tg-dc35\">10000 STK<\/td>\n<\/tr>\n<tr>\n<td class=\"tg-us36\">Art der Verpackung:<\/td>\n<td class=\"tg-us36\">Export Standardkarton \/ Palette \/ Export Standardkarton und Palette<\/td>\n<\/tr>\n<tr>\n<td class=\"tg-dc35\">OEM\/ODM:<\/td>\n<td class=\"tg-dc35\">Willkommen<\/td>\n<\/tr>\n<tr>\n<td class=\"tg-us36\">Herkunft des Ortes:<\/td>\n<td class=\"tg-us36\">Shandong, China<\/td>\n<\/tr>\n<tr>\n<td class=\"tg-dc35\">Stk.\/Karton:<\/td>\n<td class=\"tg-dc35\">24St\u00fcck \/ 20St\u00fcck<\/td>\n<\/tr>\n<\/tbody>\n<\/table>","protected":false},"featured_media":4483,"comment_status":"open","ping_status":"closed","template":"","meta":[],"product_brand":[],"product_cat":[53,62],"product_tag":[],"class_list":{"0":"post-462","1":"product","2":"type-product","3":"status-publish","4":"has-post-thumbnail","6":"product_cat-1000ml-glass-bottle","7":"product_cat-liqueur-bottle","8":"entry","9":"has-media","11":"first","12":"instock","13":"shipping-taxable","14":"product-type-simple"},"yoast_head":"<!-- This site is optimized with the Yoast SEO plugin v27.3 - https:\/\/yoast.com\/product\/yoast-seo-wordpress\/ -->\n<title>1000ml Clear Glass Bottles With Corks Wholesale Factory China-Ruisheng<\/title>\n<meta name=\"description\" content=\"This 1000ml Clear Glass Bottles With Corks Wholesale is produced by best China glass bottle factory. High Quality&amp;Cheap Bulk Price.\" \/>\n<meta name=\"robots\" content=\"index, follow, max-snippet:-1, max-image-preview:large, max-video-preview:-1\" \/>\n<link rel=\"canonical\" href=\"https:\/\/ruishengglassco.com\/product\/rs122-1000ml-clear-spirit-wholesale-glass-bottles-for-sale\" \/>\n<meta property=\"og:locale\" content=\"de_DE\" \/>\n<meta property=\"og:type\" content=\"article\" \/>\n<meta property=\"og:title\" content=\"1000ml Clear Glass Bottles With Corks Wholesale Factory China-Ruisheng\" \/>\n<meta property=\"og:description\" content=\"This 1000ml Clear Glass Bottles With Corks Wholesale is produced by best China glass bottle factory. High Quality&amp;Cheap Bulk Price.\" \/>\n<meta property=\"og:url\" content=\"https:\/\/ruishengglassco.com\/product\/rs122-1000ml-clear-spirit-wholesale-glass-bottles-for-sale\" \/>\n<meta property=\"og:site_name\" content=\"Glass Bottle Wholesale\" \/>\n<meta property=\"article:modified_time\" content=\"2025-07-10T03:07:01+00:00\" \/>\n<meta property=\"og:image\" content=\"https:\/\/glassbottlewholesale.com\/wp-content\/uploads\/2024\/01\/1000ml-glass-bottle3-.jpg\" \/>\n\t<meta property=\"og:image:width\" content=\"800\" \/>\n\t<meta property=\"og:image:height\" content=\"800\" \/>\n\t<meta property=\"og:image:type\" content=\"image\/jpeg\" \/>\n<meta name=\"twitter:card\" content=\"summary_large_image\" \/>\n<meta name=\"twitter:label1\" content=\"Gesch\u00e4tzte Lesezeit\" \/>\n\t<meta name=\"twitter:data1\" content=\"2\u00a0Minuten\" \/>\n<script type=\"application\/ld+json\" class=\"yoast-schema-graph\">{\"@context\":\"https:\\\/\\\/schema.org\",\"@graph\":[{\"@type\":\"WebPage\",\"@id\":\"https:\\\/\\\/glassbottlewholesale.com\\\/1000ml-clear-spirit-glass-bottles\\\/\",\"url\":\"https:\\\/\\\/ruishengglassco.com\\\/product\\\/rs122-1000ml-clear-spirit-wholesale-glass-bottles-for-sale\",\"name\":\"1000ml Clear Glass Bottles With Corks Wholesale Factory China-Ruisheng\",\"isPartOf\":{\"@id\":\"https:\\\/\\\/glassbottlewholesale.com\\\/#website\"},\"primaryImageOfPage\":{\"@id\":\"https:\\\/\\\/ruishengglassco.com\\\/product\\\/rs122-1000ml-clear-spirit-wholesale-glass-bottles-for-sale#primaryimage\"},\"image\":{\"@id\":\"https:\\\/\\\/ruishengglassco.com\\\/product\\\/rs122-1000ml-clear-spirit-wholesale-glass-bottles-for-sale#primaryimage\"},\"thumbnailUrl\":\"https:\\\/\\\/glassbottlewholesale.com\\\/wp-content\\\/uploads\\\/2024\\\/01\\\/1000ml-glass-bottle3-.jpg\",\"datePublished\":\"2019-10-14T13:22:47+00:00\",\"dateModified\":\"2025-07-10T03:07:01+00:00\",\"description\":\"This 1000ml Clear Glass Bottles With Corks Wholesale is produced by best China glass bottle factory. High Quality&Cheap Bulk Price.\",\"breadcrumb\":{\"@id\":\"https:\\\/\\\/ruishengglassco.com\\\/product\\\/rs122-1000ml-clear-spirit-wholesale-glass-bottles-for-sale#breadcrumb\"},\"inLanguage\":\"de\",\"potentialAction\":[{\"@type\":\"ReadAction\",\"target\":[\"https:\\\/\\\/ruishengglassco.com\\\/product\\\/rs122-1000ml-clear-spirit-wholesale-glass-bottles-for-sale\"]}]},{\"@type\":\"ImageObject\",\"inLanguage\":\"de\",\"@id\":\"https:\\\/\\\/ruishengglassco.com\\\/product\\\/rs122-1000ml-clear-spirit-wholesale-glass-bottles-for-sale#primaryimage\",\"url\":\"https:\\\/\\\/glassbottlewholesale.com\\\/wp-content\\\/uploads\\\/2024\\\/01\\\/1000ml-glass-bottle3-.jpg\",\"contentUrl\":\"https:\\\/\\\/glassbottlewholesale.com\\\/wp-content\\\/uploads\\\/2024\\\/01\\\/1000ml-glass-bottle3-.jpg\",\"width\":800,\"height\":800,\"caption\":\"1000ml Clear Spirit Wholesale Glass Bottles For Sale\"},{\"@type\":\"BreadcrumbList\",\"@id\":\"https:\\\/\\\/ruishengglassco.com\\\/product\\\/rs122-1000ml-clear-spirit-wholesale-glass-bottles-for-sale#breadcrumb\",\"itemListElement\":[{\"@type\":\"ListItem\",\"position\":1,\"name\":\"Home\",\"item\":\"https:\\\/\\\/glassbottlewholesale.com\\\/\"},{\"@type\":\"ListItem\",\"position\":2,\"name\":\"Products\",\"item\":\"https:\\\/\\\/glassbottlewholesale.com\\\/shop\\\/\"},{\"@type\":\"ListItem\",\"position\":3,\"name\":\"RS122: 1000ml Clear Spirit Wholesale Glass Bottles For Sale\"}]},{\"@type\":\"WebSite\",\"@id\":\"https:\\\/\\\/glassbottlewholesale.com\\\/#website\",\"url\":\"https:\\\/\\\/glassbottlewholesale.com\\\/\",\"name\":\"Glass Bottle Wholesale\",\"description\":\"\",\"publisher\":{\"@id\":\"https:\\\/\\\/glassbottlewholesale.com\\\/#organization\"},\"potentialAction\":[{\"@type\":\"SearchAction\",\"target\":{\"@type\":\"EntryPoint\",\"urlTemplate\":\"https:\\\/\\\/glassbottlewholesale.com\\\/?s={search_term_string}\"},\"query-input\":{\"@type\":\"PropertyValueSpecification\",\"valueRequired\":true,\"valueName\":\"search_term_string\"}}],\"inLanguage\":\"de\"},{\"@type\":\"Organization\",\"@id\":\"https:\\\/\\\/glassbottlewholesale.com\\\/#organization\",\"name\":\"Glass Bottle Wholesale\",\"url\":\"https:\\\/\\\/glassbottlewholesale.com\\\/\",\"logo\":{\"@type\":\"ImageObject\",\"inLanguage\":\"de\",\"@id\":\"https:\\\/\\\/glassbottlewholesale.com\\\/#\\\/schema\\\/logo\\\/image\\\/\",\"url\":\"https:\\\/\\\/glassbottlewholesale.com\\\/wp-content\\\/uploads\\\/2023\\\/12\\\/ruisheng-logo.webp\",\"contentUrl\":\"https:\\\/\\\/glassbottlewholesale.com\\\/wp-content\\\/uploads\\\/2023\\\/12\\\/ruisheng-logo.webp\",\"width\":400,\"height\":233,\"caption\":\"Glass Bottle Wholesale\"},\"image\":{\"@id\":\"https:\\\/\\\/glassbottlewholesale.com\\\/#\\\/schema\\\/logo\\\/image\\\/\"}}]}<\/script>\n<!-- \/ Yoast SEO plugin. -->","yoast_head_json":{"title":"1000ml Klarglasflaschen mit Korken Gro\u00dfhandel Fabrik China-Ruisheng","description":"Diese 1000ml Klarglasflaschen mit Korken Gro\u00dfhandel wird von besten China Glasflasche Fabrik produziert. Hohe Qualit\u00e4t&amp;Cheap Bulk Preis.","robots":{"index":"index","follow":"follow","max-snippet":"max-snippet:-1","max-image-preview":"max-image-preview:large","max-video-preview":"max-video-preview:-1"},"canonical":"https:\/\/ruishengglassco.com\/product\/rs122-1000ml-clear-spirit-wholesale-glass-bottles-for-sale","og_locale":"de_DE","og_type":"article","og_title":"1000ml Clear Glass Bottles With Corks Wholesale Factory China-Ruisheng","og_description":"This 1000ml Clear Glass Bottles With Corks Wholesale is produced by best China glass bottle factory. High Quality&Cheap Bulk Price.","og_url":"https:\/\/ruishengglassco.com\/product\/rs122-1000ml-clear-spirit-wholesale-glass-bottles-for-sale","og_site_name":"Glass Bottle Wholesale","article_modified_time":"2025-07-10T03:07:01+00:00","og_image":[{"width":800,"height":800,"url":"https:\/\/glassbottlewholesale.com\/wp-content\/uploads\/2024\/01\/1000ml-glass-bottle3-.jpg","type":"image\/jpeg"}],"twitter_card":"summary_large_image","twitter_misc":{"Gesch\u00e4tzte Lesezeit":"2\u00a0Minuten"},"schema":{"@context":"https:\/\/schema.org","@graph":[{"@type":"WebPage","@id":"https:\/\/glassbottlewholesale.com\/1000ml-clear-spirit-glass-bottles\/","url":"https:\/\/ruishengglassco.com\/product\/rs122-1000ml-clear-spirit-wholesale-glass-bottles-for-sale","name":"1000ml Klarglasflaschen mit Korken Gro\u00dfhandel Fabrik China-Ruisheng","isPartOf":{"@id":"https:\/\/glassbottlewholesale.com\/#website"},"primaryImageOfPage":{"@id":"https:\/\/ruishengglassco.com\/product\/rs122-1000ml-clear-spirit-wholesale-glass-bottles-for-sale#primaryimage"},"image":{"@id":"https:\/\/ruishengglassco.com\/product\/rs122-1000ml-clear-spirit-wholesale-glass-bottles-for-sale#primaryimage"},"thumbnailUrl":"https:\/\/glassbottlewholesale.com\/wp-content\/uploads\/2024\/01\/1000ml-glass-bottle3-.jpg","datePublished":"2019-10-14T13:22:47+00:00","dateModified":"2025-07-10T03:07:01+00:00","description":"Diese 1000ml Klarglasflaschen mit Korken Gro\u00dfhandel wird von besten China Glasflasche Fabrik produziert. Hohe Qualit\u00e4t&amp;Cheap Bulk Preis.","breadcrumb":{"@id":"https:\/\/ruishengglassco.com\/product\/rs122-1000ml-clear-spirit-wholesale-glass-bottles-for-sale#breadcrumb"},"inLanguage":"de","potentialAction":[{"@type":"ReadAction","target":["https:\/\/ruishengglassco.com\/product\/rs122-1000ml-clear-spirit-wholesale-glass-bottles-for-sale"]}]},{"@type":"ImageObject","inLanguage":"de","@id":"https:\/\/ruishengglassco.com\/product\/rs122-1000ml-clear-spirit-wholesale-glass-bottles-for-sale#primaryimage","url":"https:\/\/glassbottlewholesale.com\/wp-content\/uploads\/2024\/01\/1000ml-glass-bottle3-.jpg","contentUrl":"https:\/\/glassbottlewholesale.com\/wp-content\/uploads\/2024\/01\/1000ml-glass-bottle3-.jpg","width":800,"height":800,"caption":"1000ml Clear Spirit Wholesale Glass Bottles For Sale"},{"@type":"BreadcrumbList","@id":"https:\/\/ruishengglassco.com\/product\/rs122-1000ml-clear-spirit-wholesale-glass-bottles-for-sale#breadcrumb","itemListElement":[{"@type":"ListItem","position":1,"name":"Home","item":"https:\/\/glassbottlewholesale.com\/"},{"@type":"ListItem","position":2,"name":"Products","item":"https:\/\/glassbottlewholesale.com\/shop\/"},{"@type":"ListItem","position":3,"name":"RS122: 1000ml Clear Spirit Wholesale Glass Bottles For Sale"}]},{"@type":"WebSite","@id":"https:\/\/glassbottlewholesale.com\/#website","url":"https:\/\/glassbottlewholesale.com\/","name":"Glass Bottle Wholesale","description":"","publisher":{"@id":"https:\/\/glassbottlewholesale.com\/#organization"},"potentialAction":[{"@type":"SearchAction","target":{"@type":"EntryPoint","urlTemplate":"https:\/\/glassbottlewholesale.com\/?s={search_term_string}"},"query-input":{"@type":"PropertyValueSpecification","valueRequired":true,"valueName":"search_term_string"}}],"inLanguage":"de"},{"@type":"Organization","@id":"https:\/\/glassbottlewholesale.com\/#organization","name":"Glass Bottle Wholesale","url":"https:\/\/glassbottlewholesale.com\/","logo":{"@type":"ImageObject","inLanguage":"de","@id":"https:\/\/glassbottlewholesale.com\/#\/schema\/logo\/image\/","url":"https:\/\/glassbottlewholesale.com\/wp-content\/uploads\/2023\/12\/ruisheng-logo.webp","contentUrl":"https:\/\/glassbottlewholesale.com\/wp-content\/uploads\/2023\/12\/ruisheng-logo.webp","width":400,"height":233,"caption":"Glass Bottle Wholesale"},"image":{"@id":"https:\/\/glassbottlewholesale.com\/#\/schema\/logo\/image\/"}}]}},"_links":{"self":[{"href":"https:\/\/glassbottlewholesale.com\/de\/wp-json\/wp\/v2\/product\/462","targetHints":{"allow":["GET"]}}],"collection":[{"href":"https:\/\/glassbottlewholesale.com\/de\/wp-json\/wp\/v2\/product"}],"about":[{"href":"https:\/\/glassbottlewholesale.com\/de\/wp-json\/wp\/v2\/types\/product"}],"replies":[{"embeddable":true,"href":"https:\/\/glassbottlewholesale.com\/de\/wp-json\/wp\/v2\/comments?post=462"}],"wp:featuredmedia":[{"embeddable":true,"href":"https:\/\/glassbottlewholesale.com\/de\/wp-json\/wp\/v2\/media\/4483"}],"wp:attachment":[{"href":"https:\/\/glassbottlewholesale.com\/de\/wp-json\/wp\/v2\/media?parent=462"}],"wp:term":[{"taxonomy":"product_brand","embeddable":true,"href":"https:\/\/glassbottlewholesale.com\/de\/wp-json\/wp\/v2\/product_brand?post=462"},{"taxonomy":"product_cat","embeddable":true,"href":"https:\/\/glassbottlewholesale.com\/de\/wp-json\/wp\/v2\/product_cat?post=462"},{"taxonomy":"product_tag","embeddable":true,"href":"https:\/\/glassbottlewholesale.com\/de\/wp-json\/wp\/v2\/product_tag?post=462"}],"curies":[{"name":"wp","href":"https:\/\/api.w.org\/{rel}","templated":true}]}}