{"id":468,"date":"2019-10-14T14:13:41","date_gmt":"2019-10-14T14:13:41","guid":{"rendered":"https:\/\/queenchingglass.com\/?post_type=product&#038;p=468"},"modified":"2025-07-10T00:58:17","modified_gmt":"2025-07-10T00:58:17","slug":"benutzerdefinierte-750ml-quadratische-glasflaschen-groshandel","status":"publish","type":"product","link":"https:\/\/glassbottlewholesale.com\/de\/benutzerdefinierte-750ml-quadratische-glasflaschen-groshandel\/","title":{"rendered":"RS115: Kundenspezifische quadratische Glasflaschen (750 ml) im Gro\u00dfhandel"},"content":{"rendered":"<div class=\"wpb-content-wrapper\"><div class=\"vc_row wpb_row vc_row-fluid\"><div class=\"wpb_column vc_column_container vc_col-sm-12\"><div class=\"vc_column-inner\"><div class=\"wpb_wrapper\">\n\t<div class=\"wpb_text_column wpb_content_element\" >\n\t\t<div class=\"wpb_wrapper\">\n\t\t\t<h4>Benutzerdefinierte 750ml quadratische Glasflaschen Gro\u00dfhandel<\/h4>\n<p>Unser Werk befindet sich in Shandong, China. Sie erstreckt sich \u00fcber eine gro\u00dfe Fl\u00e4che, so dass wir \u00fcber 500 Arbeiter haben. Unser Unternehmen verf\u00fcgt \u00fcber fortschrittliche Ausr\u00fcstung, wir k\u00f6nnen die Qualit\u00e4t der ma\u00dfgeschneiderten Schnapsflasche garantieren.<\/p>\n<p>Die ma\u00dfgeschneiderte Lik\u00f6rflasche ist eines der hochwertigen Projekte unseres Unternehmens. Unsere Hauptprodukte sind erstklassige Glasflaschen wie Wodkaflaschen, Schnapsflaschen, Whiskeyflaschen, Lik\u00f6rflaschen, Marmeladenflaschen und so weiter. Wir k\u00f6nnen auch Braunglasflaschen, gr\u00fcne Flaschen und Wasserflaschen anbieten.<\/p>\n<p>Unser Unternehmen besteht immer auf Qualit\u00e4t an erster Stelle, und wir halten uns strikt an die Regeln in den Prozess der 750ml quadratischen Schnapsflaschen Gro\u00dfhandel.Wir k\u00f6nnen garantieren, dass wir die perfekte Weinglasflasche machen kann.<\/p>\n<p><span class=\"tran\" data-group=\"0_0\">Unser<\/span> individuelle Schnapsflasche <span class=\"tran\" data-group=\"2_2\">Verkauft<\/span>\u00a0gut\u00a0<span class=\"tran\" data-group=\"3_3\">im In- und Ausland<\/span>. Wir freuen uns aufrichtig auf\u00a0<span class=\"tran\" data-group=\"6_7_4\">zusammenarbeitend mit<\/span>\u00a0<span class=\"tran\" data-group=\"4_5\">Du<\/span>. Dar\u00fcber hinaus haben wir einen erstklassigen Kundendienst, wir werden Ihr Frachtproblem l\u00f6sen.<\/p>\n<h4>Details \u00fcber benutzerdefinierte 750ml Glasflasche Gro\u00dfhandel<\/h4>\n<ul>\n<li>Hauptmaterial: Hochwei\u00dfes Glas<\/li>\n<li>Verschluss: Schraubverschluss<\/li>\n<li>Referenz: RS115<\/li>\n<li>Mindestbestellmenge: 10.000 St\u00fcck<\/li>\n<li>Fassungsverm\u00f6gen: 750ml<\/li>\n<li>Stk.\/Karton: 24Stk.<\/li>\n<li>Herkunftsort: Shandong, China<\/li>\n<li>Merkmal: Umweltfreundlich<\/li>\n<\/ul>\n<p>Wenn Ihnen diese quadratische 750ml Schnapsflasche nicht gef\u00e4llt, k\u00f6nnen Sie sich unsere anderen Produkte ansehen, wir haben eine gro\u00dfe Auswahl an Produkten, Sie k\u00f6nnen w\u00e4hlen, was Ihnen gef\u00e4llt.<\/p>\n<p>Unser Unternehmen nimmt h\u00e4ufig an Ausstellungen im In- und Ausland teil, so dass wir einen gro\u00dfen Markt haben. Es <span class=\"tran\" data-group=\"1_0\">w\u00fcrde<\/span>\u00a0sein\u00a0<span class=\"tran\" data-group=\"0_1\">unser<\/span>\u00a0<span class=\"tran\" data-group=\"2_2\">Vergn\u00fcgen<\/span>\u00a0<span class=\"tran\" data-group=\"3_3\">Zu<\/span>\u00a0setzen.\u00a0<span class=\"tran\" data-group=\"4_4\">unser<\/span>\u00a0<span class=\"tran\" data-group=\"5_5\">umfangreich<\/span>\u00a0<span class=\"tran\" data-group=\"6_6\">erleben<\/span>\u00a0Zu\u00a0<span class=\"tran\" data-group=\"9_7\">Arbeit<\/span>\u00a0<span class=\"tran\" data-group=\"7_8\">f\u00fcr<\/span>\u00a0<span class=\"tran\" data-group=\"8_9\">Du<\/span>. <span class=\"tran\" data-group=\"0_0\">Wir<\/span>\u00a0<span class=\"tran\" data-group=\"1_1\">Herzlichst<\/span>\u00a0<span class=\"tran\" data-group=\"2_2\">Willkommen<\/span>\u00a0<span class=\"tran\" data-group=\"6_3\">Kunden<\/span>\u00a0<span class=\"tran\" data-group=\"3_4\">von<\/span>\u00a0<span class=\"tran\" data-group=\"5_5\">\u00fcberall<\/span>\u00a0<span class=\"tran\" data-group=\"4_6\">der Welt<\/span>\u00a0Zu\u00a0<span class=\"tran\" data-group=\"7_7\">kommen<\/span>\u00a0Zu\u00a0<span class=\"tran\" data-group=\"8_8\">unser<\/span>\u00a0<span class=\"tran\" data-group=\"9_9\">Werk<\/span>\u00a0f\u00fcr\u00a0<span class=\"tran\" data-group=\"10_10\">besuchen<\/span>\u00a0und\u00a0<span class=\"tran\" data-group=\"11_11\">Zusammenarbeit<\/span>.<\/p>\n<p>Ich hoffe, dass Ihnen unsere Glasflaschen gefallen werden, wir akzeptieren auch kundenspezifische Glasflaschen.<\/p>\n<p>Wenn Sie sich f\u00fcr unsere ma\u00dfgeschneiderten Flaschen 750ml quadratische Lik\u00f6rflasche interessieren, bitte <a href=\"https:\/\/ruishengglassco.com\/contact\">kontaktiere uns<\/a>Wir werden Ihnen innerhalb von 24 Stunden antworten.<\/p>\n\n\t\t<\/div>\n\t<\/div>\n<\/div><\/div><\/div><\/div>\n<\/div>","protected":false},"excerpt":{"rendered":"<table class=\"tg\">\n<tbody>\n<tr>\n<th class=\"tg-24i8\" colspan=\"2\">Ma\u00dfgefertigte Flaschen 750ml Quadratische Schnapsflasche<\/th>\n<\/tr>\n<tr>\n<td class=\"tg-b7b8\">Referenz:<\/td>\n<td class=\"tg-b7b8\">RS115<\/td>\n<\/tr>\n<tr>\n<td class=\"tg-yw4l\">Hauptmaterial:<\/td>\n<td class=\"tg-yw4l\">Hohes Wei\u00dfglas<\/td>\n<\/tr>\n<tr>\n<td class=\"tg-b7b8\">Deckel:<\/td>\n<td class=\"tg-b7b8\">Schraubverschluss<\/td>\n<\/tr>\n<tr>\n<td class=\"tg-yw4l\">Kapazit\u00e4t:<\/td>\n<td class=\"tg-yw4l\">750ml<\/td>\n<\/tr>\n<tr>\n<td class=\"tg-b7b8\">Besonderheit:<\/td>\n<td class=\"tg-b7b8\">Umweltfreundlich<\/td>\n<\/tr>\n<tr>\n<td class=\"tg-yw4l\">Mindestbestellmenge:<\/td>\n<td class=\"tg-yw4l\">10000 STK<\/td>\n<\/tr>\n<tr>\n<td class=\"tg-b7b8\">Lieferweg:<\/td>\n<td class=\"tg-b7b8\">Schiff, Express<\/td>\n<\/tr>\n<tr>\n<td class=\"tg-yw4l\">OEM\/ODM:<\/td>\n<td class=\"tg-yw4l\">Willkommen<\/td>\n<\/tr>\n<tr>\n<td class=\"tg-b7b8\">Herkunft des Ortes:<\/td>\n<td class=\"tg-b7b8\">Shandong, China<\/td>\n<\/tr>\n<tr>\n<td class=\"tg-yw4l\">Stk.\/Karton:<\/td>\n<td class=\"tg-yw4l\">24St\u00fcck oder 20St\u00fcck<\/td>\n<\/tr>\n<\/tbody>\n<\/table>","protected":false},"featured_media":4770,"comment_status":"open","ping_status":"closed","template":"","meta":[],"product_brand":[],"product_cat":[52,55,63],"product_tag":[],"class_list":{"0":"post-468","1":"product","2":"type-product","3":"status-publish","4":"has-post-thumbnail","6":"product_cat-750ml-glass-bottle","7":"product_cat-custom-glass-bottle","8":"product_cat-liquor-bottle","9":"entry","10":"has-media","12":"first","13":"instock","14":"shipping-taxable","15":"product-type-simple"},"yoast_head":"<!-- This site is optimized with the Yoast SEO plugin v27.3 - https:\/\/yoast.com\/product\/yoast-seo-wordpress\/ -->\n<title>750ml Square Glass Bottles Wholesale|Customized Liquor Bottle Company<\/title>\n<meta name=\"description\" content=\"Buy 750ml Square Glass Bottles Wholesale From China Liquor Bottle Company. Factory Outlet&amp;Customized Service Offered. Free Sample Here.\" \/>\n<meta name=\"robots\" content=\"index, follow, max-snippet:-1, max-image-preview:large, max-video-preview:-1\" \/>\n<link rel=\"canonical\" href=\"https:\/\/ruishengglassco.com\/product\/rs115-custom-750ml-square-glass-bottles-manufacturers\" \/>\n<meta property=\"og:locale\" content=\"de_DE\" \/>\n<meta property=\"og:type\" content=\"article\" \/>\n<meta property=\"og:title\" content=\"750ml Square Glass Bottles Wholesale|Customized Liquor Bottle Company\" \/>\n<meta property=\"og:description\" content=\"Buy 750ml Square Glass Bottles Wholesale From China Liquor Bottle Company. Factory Outlet&amp;Customized Service Offered. Free Sample Here.\" \/>\n<meta property=\"og:url\" content=\"https:\/\/ruishengglassco.com\/product\/rs115-custom-750ml-square-glass-bottles-manufacturers\" \/>\n<meta property=\"og:site_name\" content=\"Glass Bottle Wholesale\" \/>\n<meta property=\"article:modified_time\" content=\"2025-07-10T00:58:17+00:00\" \/>\n<meta property=\"og:image\" content=\"https:\/\/glassbottlewholesale.com\/wp-content\/uploads\/2024\/04\/glass-bottle-manufacturing20-1.png\" \/>\n\t<meta property=\"og:image:width\" content=\"800\" \/>\n\t<meta property=\"og:image:height\" content=\"800\" \/>\n\t<meta property=\"og:image:type\" content=\"image\/png\" \/>\n<meta name=\"twitter:card\" content=\"summary_large_image\" \/>\n<meta name=\"twitter:label1\" content=\"Gesch\u00e4tzte Lesezeit\" \/>\n\t<meta name=\"twitter:data1\" content=\"2\u00a0Minuten\" \/>\n<script type=\"application\/ld+json\" class=\"yoast-schema-graph\">{\"@context\":\"https:\\\/\\\/schema.org\",\"@graph\":[{\"@type\":\"WebPage\",\"@id\":\"https:\\\/\\\/glassbottlewholesale.com\\\/custom-750ml-square-glass-bottles-wholesale\\\/\",\"url\":\"https:\\\/\\\/ruishengglassco.com\\\/product\\\/rs115-custom-750ml-square-glass-bottles-manufacturers\",\"name\":\"750ml Square Glass Bottles Wholesale|Customized Liquor Bottle Company\",\"isPartOf\":{\"@id\":\"https:\\\/\\\/glassbottlewholesale.com\\\/#website\"},\"primaryImageOfPage\":{\"@id\":\"https:\\\/\\\/ruishengglassco.com\\\/product\\\/rs115-custom-750ml-square-glass-bottles-manufacturers#primaryimage\"},\"image\":{\"@id\":\"https:\\\/\\\/ruishengglassco.com\\\/product\\\/rs115-custom-750ml-square-glass-bottles-manufacturers#primaryimage\"},\"thumbnailUrl\":\"https:\\\/\\\/glassbottlewholesale.com\\\/wp-content\\\/uploads\\\/2024\\\/04\\\/glass-bottle-manufacturing20-1.png\",\"datePublished\":\"2019-10-14T14:13:41+00:00\",\"dateModified\":\"2025-07-10T00:58:17+00:00\",\"description\":\"Buy 750ml Square Glass Bottles Wholesale From China Liquor Bottle Company. Factory Outlet&Customized Service Offered. Free Sample Here.\",\"breadcrumb\":{\"@id\":\"https:\\\/\\\/ruishengglassco.com\\\/product\\\/rs115-custom-750ml-square-glass-bottles-manufacturers#breadcrumb\"},\"inLanguage\":\"de\",\"potentialAction\":[{\"@type\":\"ReadAction\",\"target\":[\"https:\\\/\\\/ruishengglassco.com\\\/product\\\/rs115-custom-750ml-square-glass-bottles-manufacturers\"]}]},{\"@type\":\"ImageObject\",\"inLanguage\":\"de\",\"@id\":\"https:\\\/\\\/ruishengglassco.com\\\/product\\\/rs115-custom-750ml-square-glass-bottles-manufacturers#primaryimage\",\"url\":\"https:\\\/\\\/glassbottlewholesale.com\\\/wp-content\\\/uploads\\\/2024\\\/04\\\/glass-bottle-manufacturing20-1.png\",\"contentUrl\":\"https:\\\/\\\/glassbottlewholesale.com\\\/wp-content\\\/uploads\\\/2024\\\/04\\\/glass-bottle-manufacturing20-1.png\",\"width\":800,\"height\":800,\"caption\":\"RS115: Custom 750ml Square Glass Bottles Wholesale\"},{\"@type\":\"BreadcrumbList\",\"@id\":\"https:\\\/\\\/ruishengglassco.com\\\/product\\\/rs115-custom-750ml-square-glass-bottles-manufacturers#breadcrumb\",\"itemListElement\":[{\"@type\":\"ListItem\",\"position\":1,\"name\":\"Home\",\"item\":\"https:\\\/\\\/glassbottlewholesale.com\\\/\"},{\"@type\":\"ListItem\",\"position\":2,\"name\":\"Products\",\"item\":\"https:\\\/\\\/glassbottlewholesale.com\\\/shop\\\/\"},{\"@type\":\"ListItem\",\"position\":3,\"name\":\"RS115: Custom 750ml Square Glass Bottles Wholesale\"}]},{\"@type\":\"WebSite\",\"@id\":\"https:\\\/\\\/glassbottlewholesale.com\\\/#website\",\"url\":\"https:\\\/\\\/glassbottlewholesale.com\\\/\",\"name\":\"Glass Bottle Wholesale\",\"description\":\"\",\"publisher\":{\"@id\":\"https:\\\/\\\/glassbottlewholesale.com\\\/#organization\"},\"potentialAction\":[{\"@type\":\"SearchAction\",\"target\":{\"@type\":\"EntryPoint\",\"urlTemplate\":\"https:\\\/\\\/glassbottlewholesale.com\\\/?s={search_term_string}\"},\"query-input\":{\"@type\":\"PropertyValueSpecification\",\"valueRequired\":true,\"valueName\":\"search_term_string\"}}],\"inLanguage\":\"de\"},{\"@type\":\"Organization\",\"@id\":\"https:\\\/\\\/glassbottlewholesale.com\\\/#organization\",\"name\":\"Glass Bottle Wholesale\",\"url\":\"https:\\\/\\\/glassbottlewholesale.com\\\/\",\"logo\":{\"@type\":\"ImageObject\",\"inLanguage\":\"de\",\"@id\":\"https:\\\/\\\/glassbottlewholesale.com\\\/#\\\/schema\\\/logo\\\/image\\\/\",\"url\":\"https:\\\/\\\/glassbottlewholesale.com\\\/wp-content\\\/uploads\\\/2023\\\/12\\\/ruisheng-logo.webp\",\"contentUrl\":\"https:\\\/\\\/glassbottlewholesale.com\\\/wp-content\\\/uploads\\\/2023\\\/12\\\/ruisheng-logo.webp\",\"width\":400,\"height\":233,\"caption\":\"Glass Bottle Wholesale\"},\"image\":{\"@id\":\"https:\\\/\\\/glassbottlewholesale.com\\\/#\\\/schema\\\/logo\\\/image\\\/\"}}]}<\/script>\n<!-- \/ Yoast SEO plugin. -->","yoast_head_json":{"title":"750 ml quadratische Glasflaschen, Gro\u00dfhandel | Ma\u00dfgeschneiderte Schnapsflaschenfirma","description":"Kaufen Sie quadratische Glasflaschen mit 750 ml im Gro\u00dfhandel bei der China Liquor Bottle Company. Fabrikverkauf und individueller Service angeboten. Kostenlose Probe hier.","robots":{"index":"index","follow":"follow","max-snippet":"max-snippet:-1","max-image-preview":"max-image-preview:large","max-video-preview":"max-video-preview:-1"},"canonical":"https:\/\/ruishengglassco.com\/product\/rs115-custom-750ml-square-glass-bottles-manufacturers","og_locale":"de_DE","og_type":"article","og_title":"750ml Square Glass Bottles Wholesale|Customized Liquor Bottle Company","og_description":"Buy 750ml Square Glass Bottles Wholesale From China Liquor Bottle Company. Factory Outlet&Customized Service Offered. Free Sample Here.","og_url":"https:\/\/ruishengglassco.com\/product\/rs115-custom-750ml-square-glass-bottles-manufacturers","og_site_name":"Glass Bottle Wholesale","article_modified_time":"2025-07-10T00:58:17+00:00","og_image":[{"width":800,"height":800,"url":"https:\/\/glassbottlewholesale.com\/wp-content\/uploads\/2024\/04\/glass-bottle-manufacturing20-1.png","type":"image\/png"}],"twitter_card":"summary_large_image","twitter_misc":{"Gesch\u00e4tzte Lesezeit":"2\u00a0Minuten"},"schema":{"@context":"https:\/\/schema.org","@graph":[{"@type":"WebPage","@id":"https:\/\/glassbottlewholesale.com\/custom-750ml-square-glass-bottles-wholesale\/","url":"https:\/\/ruishengglassco.com\/product\/rs115-custom-750ml-square-glass-bottles-manufacturers","name":"750 ml quadratische Glasflaschen, Gro\u00dfhandel | Ma\u00dfgeschneiderte Schnapsflaschenfirma","isPartOf":{"@id":"https:\/\/glassbottlewholesale.com\/#website"},"primaryImageOfPage":{"@id":"https:\/\/ruishengglassco.com\/product\/rs115-custom-750ml-square-glass-bottles-manufacturers#primaryimage"},"image":{"@id":"https:\/\/ruishengglassco.com\/product\/rs115-custom-750ml-square-glass-bottles-manufacturers#primaryimage"},"thumbnailUrl":"https:\/\/glassbottlewholesale.com\/wp-content\/uploads\/2024\/04\/glass-bottle-manufacturing20-1.png","datePublished":"2019-10-14T14:13:41+00:00","dateModified":"2025-07-10T00:58:17+00:00","description":"Kaufen Sie quadratische Glasflaschen mit 750 ml im Gro\u00dfhandel bei der China Liquor Bottle Company. Fabrikverkauf und individueller Service angeboten. Kostenlose Probe hier.","breadcrumb":{"@id":"https:\/\/ruishengglassco.com\/product\/rs115-custom-750ml-square-glass-bottles-manufacturers#breadcrumb"},"inLanguage":"de","potentialAction":[{"@type":"ReadAction","target":["https:\/\/ruishengglassco.com\/product\/rs115-custom-750ml-square-glass-bottles-manufacturers"]}]},{"@type":"ImageObject","inLanguage":"de","@id":"https:\/\/ruishengglassco.com\/product\/rs115-custom-750ml-square-glass-bottles-manufacturers#primaryimage","url":"https:\/\/glassbottlewholesale.com\/wp-content\/uploads\/2024\/04\/glass-bottle-manufacturing20-1.png","contentUrl":"https:\/\/glassbottlewholesale.com\/wp-content\/uploads\/2024\/04\/glass-bottle-manufacturing20-1.png","width":800,"height":800,"caption":"RS115: Custom 750ml Square Glass Bottles Wholesale"},{"@type":"BreadcrumbList","@id":"https:\/\/ruishengglassco.com\/product\/rs115-custom-750ml-square-glass-bottles-manufacturers#breadcrumb","itemListElement":[{"@type":"ListItem","position":1,"name":"Home","item":"https:\/\/glassbottlewholesale.com\/"},{"@type":"ListItem","position":2,"name":"Products","item":"https:\/\/glassbottlewholesale.com\/shop\/"},{"@type":"ListItem","position":3,"name":"RS115: Custom 750ml Square Glass Bottles Wholesale"}]},{"@type":"WebSite","@id":"https:\/\/glassbottlewholesale.com\/#website","url":"https:\/\/glassbottlewholesale.com\/","name":"Glass Bottle Wholesale","description":"","publisher":{"@id":"https:\/\/glassbottlewholesale.com\/#organization"},"potentialAction":[{"@type":"SearchAction","target":{"@type":"EntryPoint","urlTemplate":"https:\/\/glassbottlewholesale.com\/?s={search_term_string}"},"query-input":{"@type":"PropertyValueSpecification","valueRequired":true,"valueName":"search_term_string"}}],"inLanguage":"de"},{"@type":"Organization","@id":"https:\/\/glassbottlewholesale.com\/#organization","name":"Glass Bottle Wholesale","url":"https:\/\/glassbottlewholesale.com\/","logo":{"@type":"ImageObject","inLanguage":"de","@id":"https:\/\/glassbottlewholesale.com\/#\/schema\/logo\/image\/","url":"https:\/\/glassbottlewholesale.com\/wp-content\/uploads\/2023\/12\/ruisheng-logo.webp","contentUrl":"https:\/\/glassbottlewholesale.com\/wp-content\/uploads\/2023\/12\/ruisheng-logo.webp","width":400,"height":233,"caption":"Glass Bottle Wholesale"},"image":{"@id":"https:\/\/glassbottlewholesale.com\/#\/schema\/logo\/image\/"}}]}},"_links":{"self":[{"href":"https:\/\/glassbottlewholesale.com\/de\/wp-json\/wp\/v2\/product\/468","targetHints":{"allow":["GET"]}}],"collection":[{"href":"https:\/\/glassbottlewholesale.com\/de\/wp-json\/wp\/v2\/product"}],"about":[{"href":"https:\/\/glassbottlewholesale.com\/de\/wp-json\/wp\/v2\/types\/product"}],"replies":[{"embeddable":true,"href":"https:\/\/glassbottlewholesale.com\/de\/wp-json\/wp\/v2\/comments?post=468"}],"wp:featuredmedia":[{"embeddable":true,"href":"https:\/\/glassbottlewholesale.com\/de\/wp-json\/wp\/v2\/media\/4770"}],"wp:attachment":[{"href":"https:\/\/glassbottlewholesale.com\/de\/wp-json\/wp\/v2\/media?parent=468"}],"wp:term":[{"taxonomy":"product_brand","embeddable":true,"href":"https:\/\/glassbottlewholesale.com\/de\/wp-json\/wp\/v2\/product_brand?post=468"},{"taxonomy":"product_cat","embeddable":true,"href":"https:\/\/glassbottlewholesale.com\/de\/wp-json\/wp\/v2\/product_cat?post=468"},{"taxonomy":"product_tag","embeddable":true,"href":"https:\/\/glassbottlewholesale.com\/de\/wp-json\/wp\/v2\/product_tag?post=468"}],"curies":[{"name":"wp","href":"https:\/\/api.w.org\/{rel}","templated":true}]}}