{"id":472,"date":"2019-10-14T14:17:07","date_gmt":"2019-10-14T14:17:07","guid":{"rendered":"https:\/\/queenchingglass.com\/?post_type=product&#038;p=472"},"modified":"2025-07-10T03:10:28","modified_gmt":"2025-07-10T03:10:28","slug":"750ml-leere-spirituosenflaschen-groshandel","status":"publish","type":"product","link":"https:\/\/glassbottlewholesale.com\/de\/750ml-leere-spirituosenflaschen-groshandel\/","title":{"rendered":"RS113: 750ml leere Schnapsflaschen Gro\u00dfhandel"},"content":{"rendered":"<div class=\"wpb-content-wrapper\"><div class=\"vc_row wpb_row vc_row-fluid\"><div class=\"wpb_column vc_column_container vc_col-sm-12\"><div class=\"vc_column-inner\"><div class=\"wpb_wrapper\">\n\t<div class=\"wpb_text_column wpb_content_element\" >\n\t\t<div class=\"wpb_wrapper\">\n\t\t\t<h3>Willkommen Ihre Bestellung f\u00fcr 750ml leere Lik\u00f6rflaschen Gro\u00dfhandel<\/h3>\n<p>Sind Sie auf der Suche nach einer Website, auf der Sie Spirituosenflaschen online kaufen k\u00f6nnen?  Die\u00a0<em>750ml leere Lik\u00f6rflaschen Gro\u00dfhandel <\/em>ist eines der Projekte in <a href=\"https:\/\/glassbottlewholesale.com\/de\/\">Ruisheng<\/a>einer der gr\u00f6\u00dften Anbieter von Spirituosenflaschen in China. Neben dieser 750ml Glasflasche, haben wir auch eine Vielzahl von Glasflaschen, z. B. 50ml Mini-Glasflasche, 250ml Glasflasche, 700ml Glasflasche, 1-Liter gro\u00dfe Glasflasche, etc. Die als Spiritus Glasflasche, Wodka Glasflasche, Whiskey Glasflasche, Brandy Glasflasche, Tequila Glasflasche, etc. verwendet werden kann.<\/p>\n<p>\u00dcber dieses <a href=\"https:\/\/ruishengglassco.com\/750ml-liquor-glass-bottle-manufacturer\">750ml Glas Spirituosenflaschen Gro\u00dfhandel<\/a>Wir k\u00f6nnen Ihr Logo darauf drucken, oder drucken Sie Ihr Logo auf die Kappe. Wenn Sie don \"t wie diese Farbe, k\u00f6nnen wir auch Farbe mischen, was Sie wollen. Das Glas Schnapsflaschen zum Verkauf werden durch hohe Feuerstein Glasmaterial, das das Glas Schnaps Dekanter mehr klar, langlebig und glatt macht gemacht. Diese 750ml leere Flasche ist geknebelt, sein Flaschenhals ist geeignet f\u00fcr Holzkorken, Polymerkorken, synthetische Korken und so weiter. Unser Unternehmen hat mehr als 500 Mitarbeiter und eine Gruppe von qualifizierten Ingenieuren. Mit reicher Erfahrung, haben wir einen guten Ruf in der ganzen Welt.<\/p>\n<p>Unsere Hauptprodukte sind erstklassige leere Glasflaschen im Gro\u00dfhandel wie Weinflasche, Wodkaflasche, Schnapsflasche, Whiskeyflasche, Mini-Lik\u00f6rflasche, Marmeladenflasche und so weiter. Wir k\u00f6nnen auch Braunglasflaschen anbieten, <a href=\"https:\/\/ruishengglassco.com\/\">gr\u00fcne Flaschen<\/a>Unser Hauptabsatzmarkt ist Europa, die USA, Australien, Amerika, etc. Und alle Produkte genie\u00dfen ein hohes Ansehen f\u00fcr Innovation und Funktionalit\u00e4t.<\/p>\n<h4>\u00dcber 750ml leere Lik\u00f6rflaschen Gro\u00dfhandel<\/h4>\n<ul>\n<li>Hauptmaterial: Hochwei\u00dfes Glas<\/li>\n<li>Verschluss: Schraubverschluss<\/li>\n<li>Referenz: RS113<\/li>\n<li>Mindestbestellmenge: 10.000 St\u00fcck<\/li>\n<li>Fassungsverm\u00f6gen: 750ml<\/li>\n<li>Stk.\/Karton: 24Stk.<\/li>\n<li>Herkunftsort: Shandong, China<\/li>\n<li>Merkmal: Umweltfreundlich<\/li>\n<\/ul>\n<p>Willkommen auf unserer Website und kaufen leere Schnapsflaschen online. Ich hoffe, dass Sie unsere Glasflaschen mit Korken m\u00f6gen und eine Bestellung aufgeben.<\/p>\n<p>Wenn Sie an unseren Preisen f\u00fcr diese coole Schnapsflasche interessiert sind, kontaktieren Sie uns bitte. Wir werden Ihnen innerhalb von 24 Stunden antworten.<\/p>\n\n\t\t<\/div>\n\t<\/div>\n<\/div><\/div><\/div><\/div>\n<\/div>","protected":false},"excerpt":{"rendered":"<p>Angeboten 750ml leere Spirituosenflaschen Gro\u00dfhandel f\u00fcr Glasflasche Lieferant, Unternehmen, Gro\u00dfh\u00e4ndler, H\u00e4ndler. Diese Satz runde Spirituosenflaschen kommen mit Holzkorken oder Schraubverschluss. Corked Glasflaschen bieten zus\u00e4tzlichen Schutz f\u00fcr Ihre Produkte, und halten Sie es in prim\u00e4ren Bedingungen. Private Label Service angeboten.<\/p>\n<h4>Details \u00fcber 750ml leere Schnapsflaschen Gro\u00dfhandel<\/h4>\n<ul>\n<li>Referenz: RS113<\/li>\n<li><strong>OEM\/ODM-Service angeboten. Mindestbestellmenge: 10.000 St\u00fcck (10.000 St\u00fcck)<\/strong><\/li>\n<li>Verschluss: Kork, Schraubverschluss, oder kundenspezifisch<\/li>\n<li>Material: Hochwei\u00dfes Glas<\/li>\n<li>H\u00f6he der Flasche:220 mm<\/li>\n<li>Flaschendurchmesser: 55mm<\/li>\n<\/ul>","protected":false},"featured_media":4494,"comment_status":"open","ping_status":"closed","template":"","meta":[],"product_brand":[],"product_cat":[52,63,66],"product_tag":[],"class_list":{"0":"post-472","1":"product","2":"type-product","3":"status-publish","4":"has-post-thumbnail","6":"product_cat-750ml-glass-bottle","7":"product_cat-liquor-bottle","8":"product_cat-tequila-bottle","9":"entry","10":"has-media","12":"first","13":"instock","14":"shipping-taxable","15":"product-type-simple"},"yoast_head":"<!-- This site is optimized with the Yoast SEO plugin v27.3 - https:\/\/yoast.com\/product\/yoast-seo-wordpress\/ -->\n<title>750ml Empty Liquor Bottles Wholesale | Cheap Glass Bottles Bulk<\/title>\n<meta name=\"description\" content=\"Buy 750ml Empty Liquor Bottles Wholesale From China Glass Bottle Manufacturer. Factory Outlet&amp;Cheap Glass Bottles Bulk Price.\" \/>\n<meta name=\"robots\" content=\"index, follow, max-snippet:-1, max-image-preview:large, max-video-preview:-1\" \/>\n<link rel=\"canonical\" href=\"https:\/\/ruishengglassco.com\/product\/rs113-750ml-empty-liquor-bottles-supplier\" \/>\n<meta property=\"og:locale\" content=\"de_DE\" \/>\n<meta property=\"og:type\" content=\"article\" \/>\n<meta property=\"og:title\" content=\"750ml Empty Liquor Bottles Wholesale | Cheap Glass Bottles Bulk\" \/>\n<meta property=\"og:description\" content=\"Buy 750ml Empty Liquor Bottles Wholesale From China Glass Bottle Manufacturer. Factory Outlet&amp;Cheap Glass Bottles Bulk Price.\" \/>\n<meta property=\"og:url\" content=\"https:\/\/ruishengglassco.com\/product\/rs113-750ml-empty-liquor-bottles-supplier\" \/>\n<meta property=\"og:site_name\" content=\"Glass Bottle Wholesale\" \/>\n<meta property=\"article:modified_time\" content=\"2025-07-10T03:10:28+00:00\" \/>\n<meta property=\"og:image\" content=\"https:\/\/glassbottlewholesale.com\/wp-content\/uploads\/2024\/01\/rs113-1.jpg\" \/>\n\t<meta property=\"og:image:width\" content=\"800\" \/>\n\t<meta property=\"og:image:height\" content=\"800\" \/>\n\t<meta property=\"og:image:type\" content=\"image\/jpeg\" \/>\n<meta name=\"twitter:card\" content=\"summary_large_image\" \/>\n<meta name=\"twitter:label1\" content=\"Gesch\u00e4tzte Lesezeit\" \/>\n\t<meta name=\"twitter:data1\" content=\"2\u00a0Minuten\" \/>\n<script type=\"application\/ld+json\" class=\"yoast-schema-graph\">{\"@context\":\"https:\\\/\\\/schema.org\",\"@graph\":[{\"@type\":\"WebPage\",\"@id\":\"https:\\\/\\\/glassbottlewholesale.com\\\/750ml-empty-liquor-bottles-wholesale\\\/\",\"url\":\"https:\\\/\\\/ruishengglassco.com\\\/product\\\/rs113-750ml-empty-liquor-bottles-supplier\",\"name\":\"750ml Empty Liquor Bottles Wholesale | Cheap Glass Bottles Bulk\",\"isPartOf\":{\"@id\":\"https:\\\/\\\/glassbottlewholesale.com\\\/#website\"},\"primaryImageOfPage\":{\"@id\":\"https:\\\/\\\/ruishengglassco.com\\\/product\\\/rs113-750ml-empty-liquor-bottles-supplier#primaryimage\"},\"image\":{\"@id\":\"https:\\\/\\\/ruishengglassco.com\\\/product\\\/rs113-750ml-empty-liquor-bottles-supplier#primaryimage\"},\"thumbnailUrl\":\"https:\\\/\\\/glassbottlewholesale.com\\\/wp-content\\\/uploads\\\/2024\\\/01\\\/rs113-1.jpg\",\"datePublished\":\"2019-10-14T14:17:07+00:00\",\"dateModified\":\"2025-07-10T03:10:28+00:00\",\"description\":\"Buy 750ml Empty Liquor Bottles Wholesale From China Glass Bottle Manufacturer. Factory Outlet&Cheap Glass Bottles Bulk Price.\",\"breadcrumb\":{\"@id\":\"https:\\\/\\\/ruishengglassco.com\\\/product\\\/rs113-750ml-empty-liquor-bottles-supplier#breadcrumb\"},\"inLanguage\":\"de\",\"potentialAction\":[{\"@type\":\"ReadAction\",\"target\":[\"https:\\\/\\\/ruishengglassco.com\\\/product\\\/rs113-750ml-empty-liquor-bottles-supplier\"]}]},{\"@type\":\"ImageObject\",\"inLanguage\":\"de\",\"@id\":\"https:\\\/\\\/ruishengglassco.com\\\/product\\\/rs113-750ml-empty-liquor-bottles-supplier#primaryimage\",\"url\":\"https:\\\/\\\/glassbottlewholesale.com\\\/wp-content\\\/uploads\\\/2024\\\/01\\\/rs113-1.jpg\",\"contentUrl\":\"https:\\\/\\\/glassbottlewholesale.com\\\/wp-content\\\/uploads\\\/2024\\\/01\\\/rs113-1.jpg\",\"width\":800,\"height\":800,\"caption\":\"RS113: 750ml Empty Liquor Bottles Wholesale\"},{\"@type\":\"BreadcrumbList\",\"@id\":\"https:\\\/\\\/ruishengglassco.com\\\/product\\\/rs113-750ml-empty-liquor-bottles-supplier#breadcrumb\",\"itemListElement\":[{\"@type\":\"ListItem\",\"position\":1,\"name\":\"Home\",\"item\":\"https:\\\/\\\/glassbottlewholesale.com\\\/\"},{\"@type\":\"ListItem\",\"position\":2,\"name\":\"Products\",\"item\":\"https:\\\/\\\/glassbottlewholesale.com\\\/shop\\\/\"},{\"@type\":\"ListItem\",\"position\":3,\"name\":\"RS113: 750ml Empty Liquor Bottles Wholesale\"}]},{\"@type\":\"WebSite\",\"@id\":\"https:\\\/\\\/glassbottlewholesale.com\\\/#website\",\"url\":\"https:\\\/\\\/glassbottlewholesale.com\\\/\",\"name\":\"Glass Bottle Wholesale\",\"description\":\"\",\"publisher\":{\"@id\":\"https:\\\/\\\/glassbottlewholesale.com\\\/#organization\"},\"potentialAction\":[{\"@type\":\"SearchAction\",\"target\":{\"@type\":\"EntryPoint\",\"urlTemplate\":\"https:\\\/\\\/glassbottlewholesale.com\\\/?s={search_term_string}\"},\"query-input\":{\"@type\":\"PropertyValueSpecification\",\"valueRequired\":true,\"valueName\":\"search_term_string\"}}],\"inLanguage\":\"de\"},{\"@type\":\"Organization\",\"@id\":\"https:\\\/\\\/glassbottlewholesale.com\\\/#organization\",\"name\":\"Glass Bottle Wholesale\",\"url\":\"https:\\\/\\\/glassbottlewholesale.com\\\/\",\"logo\":{\"@type\":\"ImageObject\",\"inLanguage\":\"de\",\"@id\":\"https:\\\/\\\/glassbottlewholesale.com\\\/#\\\/schema\\\/logo\\\/image\\\/\",\"url\":\"https:\\\/\\\/glassbottlewholesale.com\\\/wp-content\\\/uploads\\\/2023\\\/12\\\/ruisheng-logo.webp\",\"contentUrl\":\"https:\\\/\\\/glassbottlewholesale.com\\\/wp-content\\\/uploads\\\/2023\\\/12\\\/ruisheng-logo.webp\",\"width\":400,\"height\":233,\"caption\":\"Glass Bottle Wholesale\"},\"image\":{\"@id\":\"https:\\\/\\\/glassbottlewholesale.com\\\/#\\\/schema\\\/logo\\\/image\\\/\"}}]}<\/script>\n<!-- \/ Yoast SEO plugin. -->","yoast_head_json":{"title":"750ml leere Lik\u00f6rflaschen Gro\u00dfhandel | billige Glasflaschen Bulk","description":"Kaufen Sie 750ml leere Lik\u00f6rflaschen Gro\u00dfhandel aus China Glasflasche Hersteller. Factory Outlet&amp;Cheap Glasflaschen Bulk Preis.","robots":{"index":"index","follow":"follow","max-snippet":"max-snippet:-1","max-image-preview":"max-image-preview:large","max-video-preview":"max-video-preview:-1"},"canonical":"https:\/\/ruishengglassco.com\/product\/rs113-750ml-empty-liquor-bottles-supplier","og_locale":"de_DE","og_type":"article","og_title":"750ml Empty Liquor Bottles Wholesale | Cheap Glass Bottles Bulk","og_description":"Buy 750ml Empty Liquor Bottles Wholesale From China Glass Bottle Manufacturer. Factory Outlet&Cheap Glass Bottles Bulk Price.","og_url":"https:\/\/ruishengglassco.com\/product\/rs113-750ml-empty-liquor-bottles-supplier","og_site_name":"Glass Bottle Wholesale","article_modified_time":"2025-07-10T03:10:28+00:00","og_image":[{"width":800,"height":800,"url":"https:\/\/glassbottlewholesale.com\/wp-content\/uploads\/2024\/01\/rs113-1.jpg","type":"image\/jpeg"}],"twitter_card":"summary_large_image","twitter_misc":{"Gesch\u00e4tzte Lesezeit":"2\u00a0Minuten"},"schema":{"@context":"https:\/\/schema.org","@graph":[{"@type":"WebPage","@id":"https:\/\/glassbottlewholesale.com\/750ml-empty-liquor-bottles-wholesale\/","url":"https:\/\/ruishengglassco.com\/product\/rs113-750ml-empty-liquor-bottles-supplier","name":"750ml leere Lik\u00f6rflaschen Gro\u00dfhandel | billige Glasflaschen Bulk","isPartOf":{"@id":"https:\/\/glassbottlewholesale.com\/#website"},"primaryImageOfPage":{"@id":"https:\/\/ruishengglassco.com\/product\/rs113-750ml-empty-liquor-bottles-supplier#primaryimage"},"image":{"@id":"https:\/\/ruishengglassco.com\/product\/rs113-750ml-empty-liquor-bottles-supplier#primaryimage"},"thumbnailUrl":"https:\/\/glassbottlewholesale.com\/wp-content\/uploads\/2024\/01\/rs113-1.jpg","datePublished":"2019-10-14T14:17:07+00:00","dateModified":"2025-07-10T03:10:28+00:00","description":"Kaufen Sie 750ml leere Lik\u00f6rflaschen Gro\u00dfhandel aus China Glasflasche Hersteller. Factory Outlet&amp;Cheap Glasflaschen Bulk Preis.","breadcrumb":{"@id":"https:\/\/ruishengglassco.com\/product\/rs113-750ml-empty-liquor-bottles-supplier#breadcrumb"},"inLanguage":"de","potentialAction":[{"@type":"ReadAction","target":["https:\/\/ruishengglassco.com\/product\/rs113-750ml-empty-liquor-bottles-supplier"]}]},{"@type":"ImageObject","inLanguage":"de","@id":"https:\/\/ruishengglassco.com\/product\/rs113-750ml-empty-liquor-bottles-supplier#primaryimage","url":"https:\/\/glassbottlewholesale.com\/wp-content\/uploads\/2024\/01\/rs113-1.jpg","contentUrl":"https:\/\/glassbottlewholesale.com\/wp-content\/uploads\/2024\/01\/rs113-1.jpg","width":800,"height":800,"caption":"RS113: 750ml Empty Liquor Bottles Wholesale"},{"@type":"BreadcrumbList","@id":"https:\/\/ruishengglassco.com\/product\/rs113-750ml-empty-liquor-bottles-supplier#breadcrumb","itemListElement":[{"@type":"ListItem","position":1,"name":"Home","item":"https:\/\/glassbottlewholesale.com\/"},{"@type":"ListItem","position":2,"name":"Products","item":"https:\/\/glassbottlewholesale.com\/shop\/"},{"@type":"ListItem","position":3,"name":"RS113: 750ml Empty Liquor Bottles Wholesale"}]},{"@type":"WebSite","@id":"https:\/\/glassbottlewholesale.com\/#website","url":"https:\/\/glassbottlewholesale.com\/","name":"Glass Bottle Wholesale","description":"","publisher":{"@id":"https:\/\/glassbottlewholesale.com\/#organization"},"potentialAction":[{"@type":"SearchAction","target":{"@type":"EntryPoint","urlTemplate":"https:\/\/glassbottlewholesale.com\/?s={search_term_string}"},"query-input":{"@type":"PropertyValueSpecification","valueRequired":true,"valueName":"search_term_string"}}],"inLanguage":"de"},{"@type":"Organization","@id":"https:\/\/glassbottlewholesale.com\/#organization","name":"Glass Bottle Wholesale","url":"https:\/\/glassbottlewholesale.com\/","logo":{"@type":"ImageObject","inLanguage":"de","@id":"https:\/\/glassbottlewholesale.com\/#\/schema\/logo\/image\/","url":"https:\/\/glassbottlewholesale.com\/wp-content\/uploads\/2023\/12\/ruisheng-logo.webp","contentUrl":"https:\/\/glassbottlewholesale.com\/wp-content\/uploads\/2023\/12\/ruisheng-logo.webp","width":400,"height":233,"caption":"Glass Bottle Wholesale"},"image":{"@id":"https:\/\/glassbottlewholesale.com\/#\/schema\/logo\/image\/"}}]}},"_links":{"self":[{"href":"https:\/\/glassbottlewholesale.com\/de\/wp-json\/wp\/v2\/product\/472","targetHints":{"allow":["GET"]}}],"collection":[{"href":"https:\/\/glassbottlewholesale.com\/de\/wp-json\/wp\/v2\/product"}],"about":[{"href":"https:\/\/glassbottlewholesale.com\/de\/wp-json\/wp\/v2\/types\/product"}],"replies":[{"embeddable":true,"href":"https:\/\/glassbottlewholesale.com\/de\/wp-json\/wp\/v2\/comments?post=472"}],"wp:featuredmedia":[{"embeddable":true,"href":"https:\/\/glassbottlewholesale.com\/de\/wp-json\/wp\/v2\/media\/4494"}],"wp:attachment":[{"href":"https:\/\/glassbottlewholesale.com\/de\/wp-json\/wp\/v2\/media?parent=472"}],"wp:term":[{"taxonomy":"product_brand","embeddable":true,"href":"https:\/\/glassbottlewholesale.com\/de\/wp-json\/wp\/v2\/product_brand?post=472"},{"taxonomy":"product_cat","embeddable":true,"href":"https:\/\/glassbottlewholesale.com\/de\/wp-json\/wp\/v2\/product_cat?post=472"},{"taxonomy":"product_tag","embeddable":true,"href":"https:\/\/glassbottlewholesale.com\/de\/wp-json\/wp\/v2\/product_tag?post=472"}],"curies":[{"name":"wp","href":"https:\/\/api.w.org\/{rel}","templated":true}]}}