{"id":474,"date":"2019-10-14T14:21:16","date_gmt":"2019-10-14T14:21:16","guid":{"rendered":"https:\/\/queenchingglass.com\/?post_type=product&#038;p=474"},"modified":"2025-07-10T00:55:25","modified_gmt":"2025-07-10T00:55:25","slug":"spezialflaschen-fur-spirituosen-zu-groshandelspreisen","status":"publish","type":"product","link":"https:\/\/glassbottlewholesale.com\/de\/spezialflaschen-fur-spirituosen-zu-groshandelspreisen\/","title":{"rendered":"RS112: Ma\u00dfgeschneiderte 750-ml-Glasflaschen Mengenpreise"},"content":{"rendered":"<div class=\"wpb-content-wrapper\"><div class=\"vc_row wpb_row vc_row-fluid\"><div class=\"wpb_column vc_column_container vc_col-sm-12\"><div class=\"vc_column-inner\"><div class=\"wpb_wrapper\">\n\t<div class=\"wpb_text_column wpb_content_element\" >\n\t\t<div class=\"wpb_wrapper\">\n\t\t\t<p>Diese 750ml einzigartige Glasflasche Gro\u00dfhandel ist eine unserer <a href=\"https:\/\/glassbottlewholesale.com\/de\/produktangaben\/700ml-1000ml-glas-spirituosenflasche-lieferanten\/\">Lik\u00f6rglasflasche<\/a> Es hat einen dicken Hals, und der K\u00f6rper der Flasche ist auch unregelm\u00e4\u00dfig, und die Flasche ist dicker, so dass es nicht leicht zu brechen. Als der gr\u00f6\u00dfte Glasflaschenlieferant, kann Ruisheng in der Lage sein, Ihnen eine gro\u00dfe Menge von 750ml antiken Glasflaschen mit Deckel auf einmal zu liefern.<\/p>\n<p>Unser Unternehmen hat mehr als 500 Besch\u00e4ftigte und eine Gruppe von qualifizierten Ingenieuren. Die Arbeiter in unserem Unternehmen haben reiche Erfahrung, so k\u00f6nnen wir garantieren, dass wir die perfekte Schnapsglasflaschen produzieren k\u00f6nnen. Mit reicher Erfahrung, haben wir einen guten Ruf auf der ganzen Welt bekommen.<\/p>\n<p>Unsere Hauptprodukte sind hochwertige Glasflaschen wie Wodkaflaschen, Schnapsflaschen, Whiskeyflaschen, Lik\u00f6rflaschen, Marmeladenflaschen und so weiter. Wir k\u00f6nnen auch Braunglasflaschen anbieten, <a href=\"https:\/\/ruishengglassco.com\/375ml-liquor-glass-bottle-manufacturer\">gr\u00fcne Flaschen<\/a>und Wasserflaschen. Unser Hauptmarkt ist Europa, die USA, Australien, Amerika, etc. Und alle Produkte genie\u00dfen ein hohes Ansehen f\u00fcr Innovation und Funktionalit\u00e4t.<\/p>\n<p>Wir k\u00f6nnen Ihr Logo darauf drucken, und wir k\u00f6nnen auch tiefe Verarbeitung auf dieser Flasche, wie Druck, Malerei und andere machen.<\/p>\n<h4>Details \u00fcber 750ml Einzigartige Glasflasche Gro\u00dfhandel<\/h4>\n<ul>\n<li>Hauptmaterial: Hochwei\u00dfes Glas<\/li>\n<li>Kappe: Kork<\/li>\n<li>Referenz: RS112<\/li>\n<li>Mindestbestellmenge: 10.000 St\u00fcck<\/li>\n<li>Fassungsverm\u00f6gen: 750ml<\/li>\n<li>Stk.\/Karton: 24Stk.<\/li>\n<li>Herkunftsort: Shandong, China<\/li>\n<li>Merkmal: Umweltfreundlich<\/li>\n<\/ul>\n<p>Wir erschlie\u00dfen schrittweise neue M\u00e4rkte. Wir sind\u00a0<span class=\"tran\" data-group=\"5_1\">sehr<\/span>\u00a0<span class=\"tran\" data-group=\"6_2\">selbstbewusst<\/span>\u00a0<span class=\"tran\" data-group=\"3_3\">\u00fcber<\/span>\u00a0Die\u00a0<span class=\"tran\" data-group=\"4_4\">Qualit\u00e4t<\/span>\u00a0von\u00a0<span class=\"tran\" data-group=\"1_5\">unsere 750ml Glasflaschen zu verkaufen<\/span><span class=\"tran\" data-group=\"2_6\">\u00a0denn die Qualit\u00e4t ist f\u00fcr uns alles.<\/span><\/p>\n<p>Unser Unternehmen verf\u00fcgt \u00fcber ein ausgereiftes Betriebsteam, spezielle Glasflaschen 750ml Glasflaschen mit Schraubverschluss ist unser Projekt in unserem Unternehmen, so sind wir sehr vertraut mit dem Betriebsprozess.<\/p>\n<p>Wenn Sie dies w\u00fcnschen, k\u00f6nnen Sie uns gerne kontaktieren. Wenn Sie uns in unserem Werk besuchen m\u00f6chten, sind wir sehr willkommen.<\/p>\n<p>Unser Fachpersonal wird Sie mit der Fabrik vertraut machen, und wir werden Ihnen den Produktionsprozess der einzigartigen Glasflasche genau beschreiben.<\/p>\n<p>Wenn Sie einen speziellen Preis f\u00fcr Schnapsflaschen haben m\u00f6chten, kontaktieren Sie uns bitte. Wir werden Ihnen innerhalb von 24 Stunden antworten.<\/p>\n\n\t\t<\/div>\n\t<\/div>\n<\/div><\/div><\/div><\/div>\n<\/div>","protected":false},"excerpt":{"rendered":"<p>Benutzerdefinierte spezielle Schnapsflaschen aus China Glasflasche Fabrik. Runde Glasflasche mit einem langen dicken Hals, passende festen Boden Design, halten diese 750ml einzigartige Glasflasche Gro\u00dfhandel besondere, einzigartige, stabil, und nicht leicht zu brechen.<\/p>\n<p>Kontaktieren Sie uns und erhalten Sie Preise f\u00fcr Schnapsflaschen:<\/p>\n<ul>\n<li>Referenz: RS112<\/li>\n<li><strong>Kundenspezifischer Flaschenservice f\u00fcr Spirituosen angeboten. MOQ:10000pcs(10000 PCS)<\/strong><\/li>\n<li>Kappe: Kork, oder individuell<\/li>\n<li>Material: Hochwei\u00dfes Glas<\/li>\n<li>H\u00f6he der Flasche:230 mm<\/li>\n<li>Flaschendurchmesser: 45mm<\/li>\n<\/ul>","protected":false},"featured_media":4779,"comment_status":"open","ping_status":"closed","template":"","meta":[],"product_brand":[],"product_cat":[51,52,55,63],"product_tag":[],"class_list":{"0":"post-474","1":"product","2":"type-product","3":"status-publish","4":"has-post-thumbnail","6":"product_cat-700ml-glass-bottle","7":"product_cat-750ml-glass-bottle","8":"product_cat-custom-glass-bottle","9":"product_cat-liquor-bottle","10":"entry","11":"has-media","13":"first","14":"instock","15":"shipping-taxable","16":"product-type-simple"},"yoast_head":"<!-- This site is optimized with the Yoast SEO plugin v27.3 - https:\/\/yoast.com\/product\/yoast-seo-wordpress\/ -->\n<title>750ml Unique Glass Bottle Wholesale |Custom Special Liquor Bottles Price<\/title>\n<meta name=\"description\" content=\"Do you want to get custom special liquor bottles price? Click here to contact us and get 750ml unique glass bottle wholesale price.\" \/>\n<meta name=\"robots\" content=\"index, follow, max-snippet:-1, max-image-preview:large, max-video-preview:-1\" \/>\n<link rel=\"canonical\" href=\"https:\/\/ruishengglassco.com\/product\/rs112-custom-750ml-glass-bottles-bulk-prices\" \/>\n<meta property=\"og:locale\" content=\"de_DE\" \/>\n<meta property=\"og:type\" content=\"article\" \/>\n<meta property=\"og:title\" content=\"750ml Unique Glass Bottle Wholesale |Custom Special Liquor Bottles Price\" \/>\n<meta property=\"og:description\" content=\"Do you want to get custom special liquor bottles price? Click here to contact us and get 750ml unique glass bottle wholesale price.\" \/>\n<meta property=\"og:url\" content=\"https:\/\/ruishengglassco.com\/product\/rs112-custom-750ml-glass-bottles-bulk-prices\" \/>\n<meta property=\"og:site_name\" content=\"Glass Bottle Wholesale\" \/>\n<meta property=\"article:modified_time\" content=\"2025-07-10T00:55:25+00:00\" \/>\n<meta property=\"og:image\" content=\"https:\/\/glassbottlewholesale.com\/wp-content\/uploads\/2024\/04\/glass-bottle-manufacturing-30-1.png\" \/>\n\t<meta property=\"og:image:width\" content=\"800\" \/>\n\t<meta property=\"og:image:height\" content=\"800\" \/>\n\t<meta property=\"og:image:type\" content=\"image\/png\" \/>\n<meta name=\"twitter:card\" content=\"summary_large_image\" \/>\n<meta name=\"twitter:label1\" content=\"Gesch\u00e4tzte Lesezeit\" \/>\n\t<meta name=\"twitter:data1\" content=\"2\u00a0Minuten\" \/>\n<script type=\"application\/ld+json\" class=\"yoast-schema-graph\">{\"@context\":\"https:\\\/\\\/schema.org\",\"@graph\":[{\"@type\":\"WebPage\",\"@id\":\"https:\\\/\\\/glassbottlewholesale.com\\\/custom-special-liquor-bottles-in-bulk-prices\\\/\",\"url\":\"https:\\\/\\\/ruishengglassco.com\\\/product\\\/rs112-custom-750ml-glass-bottles-bulk-prices\",\"name\":\"750ml Unique Glass Bottle Wholesale |Custom Special Liquor Bottles Price\",\"isPartOf\":{\"@id\":\"https:\\\/\\\/glassbottlewholesale.com\\\/#website\"},\"primaryImageOfPage\":{\"@id\":\"https:\\\/\\\/ruishengglassco.com\\\/product\\\/rs112-custom-750ml-glass-bottles-bulk-prices#primaryimage\"},\"image\":{\"@id\":\"https:\\\/\\\/ruishengglassco.com\\\/product\\\/rs112-custom-750ml-glass-bottles-bulk-prices#primaryimage\"},\"thumbnailUrl\":\"https:\\\/\\\/glassbottlewholesale.com\\\/wp-content\\\/uploads\\\/2024\\\/04\\\/glass-bottle-manufacturing-30-1.png\",\"datePublished\":\"2019-10-14T14:21:16+00:00\",\"dateModified\":\"2025-07-10T00:55:25+00:00\",\"description\":\"Do you want to get custom special liquor bottles price? Click here to contact us and get 750ml unique glass bottle wholesale price.\",\"breadcrumb\":{\"@id\":\"https:\\\/\\\/ruishengglassco.com\\\/product\\\/rs112-custom-750ml-glass-bottles-bulk-prices#breadcrumb\"},\"inLanguage\":\"de\",\"potentialAction\":[{\"@type\":\"ReadAction\",\"target\":[\"https:\\\/\\\/ruishengglassco.com\\\/product\\\/rs112-custom-750ml-glass-bottles-bulk-prices\"]}]},{\"@type\":\"ImageObject\",\"inLanguage\":\"de\",\"@id\":\"https:\\\/\\\/ruishengglassco.com\\\/product\\\/rs112-custom-750ml-glass-bottles-bulk-prices#primaryimage\",\"url\":\"https:\\\/\\\/glassbottlewholesale.com\\\/wp-content\\\/uploads\\\/2024\\\/04\\\/glass-bottle-manufacturing-30-1.png\",\"contentUrl\":\"https:\\\/\\\/glassbottlewholesale.com\\\/wp-content\\\/uploads\\\/2024\\\/04\\\/glass-bottle-manufacturing-30-1.png\",\"width\":800,\"height\":800,\"caption\":\"RS112: Custom 750ml Glass Bottles Bulk Prices\"},{\"@type\":\"BreadcrumbList\",\"@id\":\"https:\\\/\\\/ruishengglassco.com\\\/product\\\/rs112-custom-750ml-glass-bottles-bulk-prices#breadcrumb\",\"itemListElement\":[{\"@type\":\"ListItem\",\"position\":1,\"name\":\"Home\",\"item\":\"https:\\\/\\\/glassbottlewholesale.com\\\/\"},{\"@type\":\"ListItem\",\"position\":2,\"name\":\"Products\",\"item\":\"https:\\\/\\\/glassbottlewholesale.com\\\/shop\\\/\"},{\"@type\":\"ListItem\",\"position\":3,\"name\":\"RS112: Custom 750ml Glass Bottles Bulk Prices\"}]},{\"@type\":\"WebSite\",\"@id\":\"https:\\\/\\\/glassbottlewholesale.com\\\/#website\",\"url\":\"https:\\\/\\\/glassbottlewholesale.com\\\/\",\"name\":\"Glass Bottle Wholesale\",\"description\":\"\",\"publisher\":{\"@id\":\"https:\\\/\\\/glassbottlewholesale.com\\\/#organization\"},\"potentialAction\":[{\"@type\":\"SearchAction\",\"target\":{\"@type\":\"EntryPoint\",\"urlTemplate\":\"https:\\\/\\\/glassbottlewholesale.com\\\/?s={search_term_string}\"},\"query-input\":{\"@type\":\"PropertyValueSpecification\",\"valueRequired\":true,\"valueName\":\"search_term_string\"}}],\"inLanguage\":\"de\"},{\"@type\":\"Organization\",\"@id\":\"https:\\\/\\\/glassbottlewholesale.com\\\/#organization\",\"name\":\"Glass Bottle Wholesale\",\"url\":\"https:\\\/\\\/glassbottlewholesale.com\\\/\",\"logo\":{\"@type\":\"ImageObject\",\"inLanguage\":\"de\",\"@id\":\"https:\\\/\\\/glassbottlewholesale.com\\\/#\\\/schema\\\/logo\\\/image\\\/\",\"url\":\"https:\\\/\\\/glassbottlewholesale.com\\\/wp-content\\\/uploads\\\/2023\\\/12\\\/ruisheng-logo.webp\",\"contentUrl\":\"https:\\\/\\\/glassbottlewholesale.com\\\/wp-content\\\/uploads\\\/2023\\\/12\\\/ruisheng-logo.webp\",\"width\":400,\"height\":233,\"caption\":\"Glass Bottle Wholesale\"},\"image\":{\"@id\":\"https:\\\/\\\/glassbottlewholesale.com\\\/#\\\/schema\\\/logo\\\/image\\\/\"}}]}<\/script>\n<!-- \/ Yoast SEO plugin. -->","yoast_head_json":{"title":"750ml Einzigartige Glasflasche Gro\u00dfhandel |Custom Special Liquor Flaschen Preis","description":"M\u00f6chten Sie benutzerdefinierte spezielle Schnapsflaschen Preis zu bekommen? Klicken Sie hier, um uns zu kontaktieren und erhalten 750ml einzigartige Glasflasche Gro\u00dfhandelspreis.","robots":{"index":"index","follow":"follow","max-snippet":"max-snippet:-1","max-image-preview":"max-image-preview:large","max-video-preview":"max-video-preview:-1"},"canonical":"https:\/\/ruishengglassco.com\/product\/rs112-custom-750ml-glass-bottles-bulk-prices","og_locale":"de_DE","og_type":"article","og_title":"750ml Unique Glass Bottle Wholesale |Custom Special Liquor Bottles Price","og_description":"Do you want to get custom special liquor bottles price? Click here to contact us and get 750ml unique glass bottle wholesale price.","og_url":"https:\/\/ruishengglassco.com\/product\/rs112-custom-750ml-glass-bottles-bulk-prices","og_site_name":"Glass Bottle Wholesale","article_modified_time":"2025-07-10T00:55:25+00:00","og_image":[{"width":800,"height":800,"url":"https:\/\/glassbottlewholesale.com\/wp-content\/uploads\/2024\/04\/glass-bottle-manufacturing-30-1.png","type":"image\/png"}],"twitter_card":"summary_large_image","twitter_misc":{"Gesch\u00e4tzte Lesezeit":"2\u00a0Minuten"},"schema":{"@context":"https:\/\/schema.org","@graph":[{"@type":"WebPage","@id":"https:\/\/glassbottlewholesale.com\/custom-special-liquor-bottles-in-bulk-prices\/","url":"https:\/\/ruishengglassco.com\/product\/rs112-custom-750ml-glass-bottles-bulk-prices","name":"750ml Einzigartige Glasflasche Gro\u00dfhandel |Custom Special Liquor Flaschen Preis","isPartOf":{"@id":"https:\/\/glassbottlewholesale.com\/#website"},"primaryImageOfPage":{"@id":"https:\/\/ruishengglassco.com\/product\/rs112-custom-750ml-glass-bottles-bulk-prices#primaryimage"},"image":{"@id":"https:\/\/ruishengglassco.com\/product\/rs112-custom-750ml-glass-bottles-bulk-prices#primaryimage"},"thumbnailUrl":"https:\/\/glassbottlewholesale.com\/wp-content\/uploads\/2024\/04\/glass-bottle-manufacturing-30-1.png","datePublished":"2019-10-14T14:21:16+00:00","dateModified":"2025-07-10T00:55:25+00:00","description":"M\u00f6chten Sie benutzerdefinierte spezielle Schnapsflaschen Preis zu bekommen? Klicken Sie hier, um uns zu kontaktieren und erhalten 750ml einzigartige Glasflasche Gro\u00dfhandelspreis.","breadcrumb":{"@id":"https:\/\/ruishengglassco.com\/product\/rs112-custom-750ml-glass-bottles-bulk-prices#breadcrumb"},"inLanguage":"de","potentialAction":[{"@type":"ReadAction","target":["https:\/\/ruishengglassco.com\/product\/rs112-custom-750ml-glass-bottles-bulk-prices"]}]},{"@type":"ImageObject","inLanguage":"de","@id":"https:\/\/ruishengglassco.com\/product\/rs112-custom-750ml-glass-bottles-bulk-prices#primaryimage","url":"https:\/\/glassbottlewholesale.com\/wp-content\/uploads\/2024\/04\/glass-bottle-manufacturing-30-1.png","contentUrl":"https:\/\/glassbottlewholesale.com\/wp-content\/uploads\/2024\/04\/glass-bottle-manufacturing-30-1.png","width":800,"height":800,"caption":"RS112: Custom 750ml Glass Bottles Bulk Prices"},{"@type":"BreadcrumbList","@id":"https:\/\/ruishengglassco.com\/product\/rs112-custom-750ml-glass-bottles-bulk-prices#breadcrumb","itemListElement":[{"@type":"ListItem","position":1,"name":"Home","item":"https:\/\/glassbottlewholesale.com\/"},{"@type":"ListItem","position":2,"name":"Products","item":"https:\/\/glassbottlewholesale.com\/shop\/"},{"@type":"ListItem","position":3,"name":"RS112: Custom 750ml Glass Bottles Bulk Prices"}]},{"@type":"WebSite","@id":"https:\/\/glassbottlewholesale.com\/#website","url":"https:\/\/glassbottlewholesale.com\/","name":"Glass Bottle Wholesale","description":"","publisher":{"@id":"https:\/\/glassbottlewholesale.com\/#organization"},"potentialAction":[{"@type":"SearchAction","target":{"@type":"EntryPoint","urlTemplate":"https:\/\/glassbottlewholesale.com\/?s={search_term_string}"},"query-input":{"@type":"PropertyValueSpecification","valueRequired":true,"valueName":"search_term_string"}}],"inLanguage":"de"},{"@type":"Organization","@id":"https:\/\/glassbottlewholesale.com\/#organization","name":"Glass Bottle Wholesale","url":"https:\/\/glassbottlewholesale.com\/","logo":{"@type":"ImageObject","inLanguage":"de","@id":"https:\/\/glassbottlewholesale.com\/#\/schema\/logo\/image\/","url":"https:\/\/glassbottlewholesale.com\/wp-content\/uploads\/2023\/12\/ruisheng-logo.webp","contentUrl":"https:\/\/glassbottlewholesale.com\/wp-content\/uploads\/2023\/12\/ruisheng-logo.webp","width":400,"height":233,"caption":"Glass Bottle Wholesale"},"image":{"@id":"https:\/\/glassbottlewholesale.com\/#\/schema\/logo\/image\/"}}]}},"_links":{"self":[{"href":"https:\/\/glassbottlewholesale.com\/de\/wp-json\/wp\/v2\/product\/474","targetHints":{"allow":["GET"]}}],"collection":[{"href":"https:\/\/glassbottlewholesale.com\/de\/wp-json\/wp\/v2\/product"}],"about":[{"href":"https:\/\/glassbottlewholesale.com\/de\/wp-json\/wp\/v2\/types\/product"}],"replies":[{"embeddable":true,"href":"https:\/\/glassbottlewholesale.com\/de\/wp-json\/wp\/v2\/comments?post=474"}],"wp:featuredmedia":[{"embeddable":true,"href":"https:\/\/glassbottlewholesale.com\/de\/wp-json\/wp\/v2\/media\/4779"}],"wp:attachment":[{"href":"https:\/\/glassbottlewholesale.com\/de\/wp-json\/wp\/v2\/media?parent=474"}],"wp:term":[{"taxonomy":"product_brand","embeddable":true,"href":"https:\/\/glassbottlewholesale.com\/de\/wp-json\/wp\/v2\/product_brand?post=474"},{"taxonomy":"product_cat","embeddable":true,"href":"https:\/\/glassbottlewholesale.com\/de\/wp-json\/wp\/v2\/product_cat?post=474"},{"taxonomy":"product_tag","embeddable":true,"href":"https:\/\/glassbottlewholesale.com\/de\/wp-json\/wp\/v2\/product_tag?post=474"}],"curies":[{"name":"wp","href":"https:\/\/api.w.org\/{rel}","templated":true}]}}