{"id":479,"date":"2019-10-14T14:38:16","date_gmt":"2019-10-14T14:38:16","guid":{"rendered":"https:\/\/queenchingglass.com\/?post_type=product&#038;p=479"},"modified":"2025-07-10T02:55:46","modified_gmt":"2025-07-10T02:55:46","slug":"groshandel-250ml-grune-schnapsflasche-fabrikverkauf","status":"publish","type":"product","link":"https:\/\/glassbottlewholesale.com\/de\/groshandel-250ml-grune-schnapsflasche-fabrikverkauf\/","title":{"rendered":"RS110: Gro\u00dfhandel 250ml gr\u00fcne Schnapsflasche Fabrikverkauf"},"content":{"rendered":"<div class=\"wpb-content-wrapper\"><div class=\"vc_row wpb_row vc_row-fluid\"><div class=\"wpb_column vc_column_container vc_col-sm-12\"><div class=\"vc_column-inner\"><div class=\"wpb_wrapper\">\n\t<div class=\"wpb_text_column wpb_content_element\" >\n\t\t<div class=\"wpb_wrapper\">\n\t\t\t<h4>250ml gr\u00fcne Glasflasche Gro\u00dfhandel<\/h4>\n<p>250 ml gr\u00fcne Glasflaschen im Gro\u00dfhandel sind eines der Produkte unseres Unternehmens. Wir stellen auch 500 ml, 700 ml, 750 ml und 1000 ml gr\u00fcne Glasflaschen f\u00fcr Spirituosen her.<\/p>\n<p>F\u00fcr diese runden Glasflaschen verwenden wir Spr\u00fchtechnologie und nutzen moderne Produktionsanlagen zur Herstellung der Flaschen. So werden unsere Flaschen schnell und in hoher Qualit\u00e4t hergestellt.<\/p>\n<p>Ruishsheng Glass Bottle ist ein f\u00fchrender Hersteller von leeren Schnapsflaschen und Lieferant von Glasflaschen. Wenn Sie also andere Farben und Kapazit\u00e4ten w\u00fcnschen, k\u00f6nnen wir auch <a href=\"https:\/\/ruishengglassco.com\/glass-liquor-spirit-bottles\">benutzerdefinierte Glasflaschen<\/a>\u00a0f\u00fcr Sie.<\/p>\n<h4>Die Informationen \u00fcber gro\u00dfe 250ml kleine Glasflaschen zum Verkauf<\/h4>\n<ul>\n<li>Hauptmaterial: Hochwei\u00dfes Glas<\/li>\n<li>Verschluss: Schraubverschluss<\/li>\n<li>Referenz: RS110<\/li>\n<li>Mindestbestellmenge: 10.000 St\u00fcck<\/li>\n<li>Fassungsverm\u00f6gen: 200ml<\/li>\n<li>Stk.\/Karton: 24Stk.<\/li>\n<li>Herkunftsort: Shandong, China<\/li>\n<li>Merkmal: Umweltfreundlich<\/li>\n<\/ul>\n<p>Diese klare Glas-Boston-Rundflasche kann verwendet werden in <a href=\"https:\/\/ruishengglassco.com\/250ml-liquor-glass-bottle-manufacturer\">Weinglasflasche<\/a> , Wodkaflasche, Brandyflasche und andere Flaschen. Viele Kunden m\u00f6gen diese Glasflasche, weil sie diese Glasflasche zum Aufbewahren von Saft verwenden m\u00f6chten. Wenn Sie mehr Flaschen f\u00fcr Getr\u00e4nke m\u00f6chten, k\u00f6nnen wir Ihnen auch Glasgetr\u00e4nkeflaschen im Gro\u00dfhandel anbieten.<\/p>\n<p>Unsere Produkte bestehen die nationale Qualit\u00e4tskontrolle, sodass die Qualit\u00e4t jeder Flasche gew\u00e4hrleistet ist.<\/p>\n<p>Dar\u00fcber hinaus verf\u00fcgt unser Unternehmen \u00fcber einen erstklassigen Kundendienst, der Ihre Fragen beantwortet.<\/p>\n<p>Unsere Hauptprodukte sind Glasflaschen der Spitzenklasse wie Wodkaflaschen, Brandyflaschen, Whiskyflaschen, Schnapsflaschen, Marmeladenflaschen und so weiter. Wir k\u00f6nnen auch Braunglasflaschen, gr\u00fcne Flaschen und Wasserflaschen anbieten. Unser Hauptmarkt ist Europa, USA, Australien, Amerika usw. Und alle Produkte genie\u00dfen einen guten Ruf f\u00fcr Innovation und Funktionalit\u00e4t.<\/p>\n<p><span class=\"tran\" data-group=\"0_0\">Wenn<\/span>\u00a0<span class=\"tran\" data-group=\"1_1\">Du<\/span>\u00a0<span class=\"tran\" data-group=\"2_2\">sind interessiert<\/span>\u00a0auf jeden\u00a0<span class=\"tran\" data-group=\"4_5\">unser<\/span>\u00a0<a href=\"https:\/\/ruishengglassco.com\/250ml-liquor-glass-bottle-manufacturer\">kleine Glasflaschen mit Korken,<\/a>\u00a0<span class=\"tran\" data-group=\"7_7\">Bitte<\/span>\u00a0<span class=\"tran\" data-group=\"8_8\">f\u00fchlen<\/span>\u00a0frei zu\u00a0<span class=\"tran\" data-group=\"9_9\">Kontakt<\/span>\u00a0<span class=\"tran\" data-group=\"10_10\">uns<\/span>\u00a0<span class=\"tran\" data-group=\"11_11\">f\u00fcr<\/span>\u00a0<span class=\"tran\" data-group=\"12_12\">weiter<\/span>\u00a0<span class=\"tran\" data-group=\"13_13\">Einzelheiten<\/span>\u00a0.<\/p>\n<p>Wir k\u00f6nnen Ihnen auch unseren Katalog geben, Sie k\u00f6nnen jemanden ausw\u00e4hlen, der Ihnen gef\u00e4llt.<\/p>\n<p>Willkommen, Sie besuchen unser Unternehmen und geben eine Bestellung auf. Wir haben spezielles Personal, das uns dorthin bringt.<\/p>\n<p>Ich hoffe, Ihnen gefallen diese zum Verkauf stehenden Mini-Klarglasflaschen (250 ml).<\/p>\n<p>Bitte kontaktieren Sie uns jederzeit. Wir werden Ihnen innerhalb von 24 Stunden antworten.<\/p>\n\n\t\t<\/div>\n\t<\/div>\n<\/div><\/div><\/div><\/div>\n<\/div>","protected":false},"excerpt":{"rendered":"<table class=\"tg\">\n<tbody>\n<tr>\n<th class=\"tg-24i8\" colspan=\"2\">250ml gr\u00fcne Glasflasche Gro\u00dfhandel<\/th>\n<\/tr>\n<tr>\n<td class=\"tg-b7b8\">Referenz:<\/td>\n<td class=\"tg-b7b8\">RS110<\/td>\n<\/tr>\n<tr>\n<td class=\"tg-yw4l\">Hauptmaterial:<\/td>\n<td class=\"tg-yw4l\">Hohes Flintglas<\/td>\n<\/tr>\n<tr>\n<td class=\"tg-b7b8\">Deckel:<\/td>\n<td class=\"tg-b7b8\">Schraubverschluss<\/td>\n<\/tr>\n<tr>\n<td class=\"tg-yw4l\">Kapazit\u00e4t:<\/td>\n<td class=\"tg-yw4l\">200ml 250ml<\/td>\n<\/tr>\n<tr>\n<td class=\"tg-b7b8\">Besonderheit:<\/td>\n<td class=\"tg-b7b8\">Umweltfreundlich<\/td>\n<\/tr>\n<tr>\n<td class=\"tg-yw4l\">Mindestbestellmenge:<\/td>\n<td class=\"tg-yw4l\">10000 STK<\/td>\n<\/tr>\n<tr>\n<td class=\"tg-b7b8\">Lieferweg:<\/td>\n<td class=\"tg-b7b8\">Schiff, Express<\/td>\n<\/tr>\n<tr>\n<td class=\"tg-yw4l\">OEM\/ODM:<\/td>\n<td class=\"tg-yw4l\">Willkommen<\/td>\n<\/tr>\n<tr>\n<td class=\"tg-b7b8\">Herkunft des Ortes:<\/td>\n<td class=\"tg-b7b8\">Shandong, China<\/td>\n<\/tr>\n<tr>\n<td class=\"tg-yw4l\">Stk.\/Karton:<\/td>\n<td class=\"tg-yw4l\">24 St\u00fcck \/ 20 St\u00fcck \/ 15 St\u00fcck<\/td>\n<\/tr>\n<\/tbody>\n<\/table>","protected":false},"featured_media":1873,"comment_status":"open","ping_status":"closed","template":"","meta":[],"product_brand":[],"product_cat":[48],"product_tag":[],"class_list":{"0":"post-479","1":"product","2":"type-product","3":"status-publish","4":"has-post-thumbnail","6":"product_cat-250ml-glass-bottle","7":"entry","8":"has-media","10":"first","11":"instock","12":"shipping-taxable","13":"product-type-simple"},"yoast_head":"<!-- This site is optimized with the Yoast SEO plugin v27.3 - https:\/\/yoast.com\/product\/yoast-seo-wordpress\/ -->\n<title>250ml Green Glass Bottle Wholesale | Empty Liquor Bottles Manufacturer<\/title>\n<meta name=\"description\" content=\"Ruisheng Glass Bottle, A professional Empty Liquor Bottles Manufacturer, sales 250ml Green Glass Bottle Wholesale in Factory Outlet Bulk Price.\" \/>\n<meta name=\"robots\" content=\"index, follow, max-snippet:-1, max-image-preview:large, max-video-preview:-1\" \/>\n<link rel=\"canonical\" href=\"https:\/\/ruishengglassco.com\/product\/rs110-wholesale-250ml-green-liquor-bottle-factory-outlet\" \/>\n<meta property=\"og:locale\" content=\"de_DE\" \/>\n<meta property=\"og:type\" content=\"article\" \/>\n<meta property=\"og:title\" content=\"250ml Green Glass Bottle Wholesale | Empty Liquor Bottles Manufacturer\" \/>\n<meta property=\"og:description\" content=\"Ruisheng Glass Bottle, A professional Empty Liquor Bottles Manufacturer, sales 250ml Green Glass Bottle Wholesale in Factory Outlet Bulk Price.\" \/>\n<meta property=\"og:url\" content=\"https:\/\/ruishengglassco.com\/product\/rs110-wholesale-250ml-green-liquor-bottle-factory-outlet\" \/>\n<meta property=\"og:site_name\" content=\"Glass Bottle Wholesale\" \/>\n<meta property=\"article:modified_time\" content=\"2025-07-10T02:55:46+00:00\" \/>\n<meta property=\"og:image\" content=\"https:\/\/glassbottlewholesale.com\/wp-content\/uploads\/2020\/02\/200ml_1-1.jpg\" \/>\n\t<meta property=\"og:image:width\" content=\"400\" \/>\n\t<meta property=\"og:image:height\" content=\"400\" \/>\n\t<meta property=\"og:image:type\" content=\"image\/jpeg\" \/>\n<meta name=\"twitter:card\" content=\"summary_large_image\" \/>\n<meta name=\"twitter:label1\" content=\"Gesch\u00e4tzte Lesezeit\" \/>\n\t<meta name=\"twitter:data1\" content=\"2\u00a0Minuten\" \/>\n<script type=\"application\/ld+json\" class=\"yoast-schema-graph\">{\"@context\":\"https:\\\/\\\/schema.org\",\"@graph\":[{\"@type\":\"WebPage\",\"@id\":\"https:\\\/\\\/glassbottlewholesale.com\\\/wholesale-250ml-green-liquor-bottle-factory-outlet\\\/\",\"url\":\"https:\\\/\\\/ruishengglassco.com\\\/product\\\/rs110-wholesale-250ml-green-liquor-bottle-factory-outlet\",\"name\":\"250ml Green Glass Bottle Wholesale | Empty Liquor Bottles Manufacturer\",\"isPartOf\":{\"@id\":\"https:\\\/\\\/glassbottlewholesale.com\\\/#website\"},\"primaryImageOfPage\":{\"@id\":\"https:\\\/\\\/ruishengglassco.com\\\/product\\\/rs110-wholesale-250ml-green-liquor-bottle-factory-outlet#primaryimage\"},\"image\":{\"@id\":\"https:\\\/\\\/ruishengglassco.com\\\/product\\\/rs110-wholesale-250ml-green-liquor-bottle-factory-outlet#primaryimage\"},\"thumbnailUrl\":\"https:\\\/\\\/glassbottlewholesale.com\\\/wp-content\\\/uploads\\\/2020\\\/02\\\/200ml_1-1.jpg\",\"datePublished\":\"2019-10-14T14:38:16+00:00\",\"dateModified\":\"2025-07-10T02:55:46+00:00\",\"description\":\"Ruisheng Glass Bottle, A professional Empty Liquor Bottles Manufacturer, sales 250ml Green Glass Bottle Wholesale in Factory Outlet Bulk Price.\",\"breadcrumb\":{\"@id\":\"https:\\\/\\\/ruishengglassco.com\\\/product\\\/rs110-wholesale-250ml-green-liquor-bottle-factory-outlet#breadcrumb\"},\"inLanguage\":\"de\",\"potentialAction\":[{\"@type\":\"ReadAction\",\"target\":[\"https:\\\/\\\/ruishengglassco.com\\\/product\\\/rs110-wholesale-250ml-green-liquor-bottle-factory-outlet\"]}]},{\"@type\":\"ImageObject\",\"inLanguage\":\"de\",\"@id\":\"https:\\\/\\\/ruishengglassco.com\\\/product\\\/rs110-wholesale-250ml-green-liquor-bottle-factory-outlet#primaryimage\",\"url\":\"https:\\\/\\\/glassbottlewholesale.com\\\/wp-content\\\/uploads\\\/2020\\\/02\\\/200ml_1-1.jpg\",\"contentUrl\":\"https:\\\/\\\/glassbottlewholesale.com\\\/wp-content\\\/uploads\\\/2020\\\/02\\\/200ml_1-1.jpg\",\"width\":400,\"height\":400,\"caption\":\"Wholesale 250ml Green Liquor Bottle Factory Outlet\"},{\"@type\":\"BreadcrumbList\",\"@id\":\"https:\\\/\\\/ruishengglassco.com\\\/product\\\/rs110-wholesale-250ml-green-liquor-bottle-factory-outlet#breadcrumb\",\"itemListElement\":[{\"@type\":\"ListItem\",\"position\":1,\"name\":\"Home\",\"item\":\"https:\\\/\\\/glassbottlewholesale.com\\\/\"},{\"@type\":\"ListItem\",\"position\":2,\"name\":\"Products\",\"item\":\"https:\\\/\\\/glassbottlewholesale.com\\\/shop\\\/\"},{\"@type\":\"ListItem\",\"position\":3,\"name\":\"RS110: Wholesale 250ml Green Liquor Bottle Factory Outlet\"}]},{\"@type\":\"WebSite\",\"@id\":\"https:\\\/\\\/glassbottlewholesale.com\\\/#website\",\"url\":\"https:\\\/\\\/glassbottlewholesale.com\\\/\",\"name\":\"Glass Bottle Wholesale\",\"description\":\"\",\"publisher\":{\"@id\":\"https:\\\/\\\/glassbottlewholesale.com\\\/#organization\"},\"potentialAction\":[{\"@type\":\"SearchAction\",\"target\":{\"@type\":\"EntryPoint\",\"urlTemplate\":\"https:\\\/\\\/glassbottlewholesale.com\\\/?s={search_term_string}\"},\"query-input\":{\"@type\":\"PropertyValueSpecification\",\"valueRequired\":true,\"valueName\":\"search_term_string\"}}],\"inLanguage\":\"de\"},{\"@type\":\"Organization\",\"@id\":\"https:\\\/\\\/glassbottlewholesale.com\\\/#organization\",\"name\":\"Glass Bottle Wholesale\",\"url\":\"https:\\\/\\\/glassbottlewholesale.com\\\/\",\"logo\":{\"@type\":\"ImageObject\",\"inLanguage\":\"de\",\"@id\":\"https:\\\/\\\/glassbottlewholesale.com\\\/#\\\/schema\\\/logo\\\/image\\\/\",\"url\":\"https:\\\/\\\/glassbottlewholesale.com\\\/wp-content\\\/uploads\\\/2023\\\/12\\\/ruisheng-logo.webp\",\"contentUrl\":\"https:\\\/\\\/glassbottlewholesale.com\\\/wp-content\\\/uploads\\\/2023\\\/12\\\/ruisheng-logo.webp\",\"width\":400,\"height\":233,\"caption\":\"Glass Bottle Wholesale\"},\"image\":{\"@id\":\"https:\\\/\\\/glassbottlewholesale.com\\\/#\\\/schema\\\/logo\\\/image\\\/\"}}]}<\/script>\n<!-- \/ Yoast SEO plugin. -->","yoast_head_json":{"title":"250ml gr\u00fcne Glasflasche Gro\u00dfhandel | Hersteller leerer Schnapsflaschen","description":"Ruisheng-Glasflasche, ein professioneller Hersteller leerer Schnapsflaschen, verkauft 250 ml gr\u00fcne Glasflaschen im Gro\u00dfhandel zum Fabrikverkaufs-Gro\u00dfhandelspreis.","robots":{"index":"index","follow":"follow","max-snippet":"max-snippet:-1","max-image-preview":"max-image-preview:large","max-video-preview":"max-video-preview:-1"},"canonical":"https:\/\/ruishengglassco.com\/product\/rs110-wholesale-250ml-green-liquor-bottle-factory-outlet","og_locale":"de_DE","og_type":"article","og_title":"250ml Green Glass Bottle Wholesale | Empty Liquor Bottles Manufacturer","og_description":"Ruisheng Glass Bottle, A professional Empty Liquor Bottles Manufacturer, sales 250ml Green Glass Bottle Wholesale in Factory Outlet Bulk Price.","og_url":"https:\/\/ruishengglassco.com\/product\/rs110-wholesale-250ml-green-liquor-bottle-factory-outlet","og_site_name":"Glass Bottle Wholesale","article_modified_time":"2025-07-10T02:55:46+00:00","og_image":[{"width":400,"height":400,"url":"https:\/\/glassbottlewholesale.com\/wp-content\/uploads\/2020\/02\/200ml_1-1.jpg","type":"image\/jpeg"}],"twitter_card":"summary_large_image","twitter_misc":{"Gesch\u00e4tzte Lesezeit":"2\u00a0Minuten"},"schema":{"@context":"https:\/\/schema.org","@graph":[{"@type":"WebPage","@id":"https:\/\/glassbottlewholesale.com\/wholesale-250ml-green-liquor-bottle-factory-outlet\/","url":"https:\/\/ruishengglassco.com\/product\/rs110-wholesale-250ml-green-liquor-bottle-factory-outlet","name":"250ml gr\u00fcne Glasflasche Gro\u00dfhandel | Hersteller leerer Schnapsflaschen","isPartOf":{"@id":"https:\/\/glassbottlewholesale.com\/#website"},"primaryImageOfPage":{"@id":"https:\/\/ruishengglassco.com\/product\/rs110-wholesale-250ml-green-liquor-bottle-factory-outlet#primaryimage"},"image":{"@id":"https:\/\/ruishengglassco.com\/product\/rs110-wholesale-250ml-green-liquor-bottle-factory-outlet#primaryimage"},"thumbnailUrl":"https:\/\/glassbottlewholesale.com\/wp-content\/uploads\/2020\/02\/200ml_1-1.jpg","datePublished":"2019-10-14T14:38:16+00:00","dateModified":"2025-07-10T02:55:46+00:00","description":"Ruisheng-Glasflasche, ein professioneller Hersteller leerer Schnapsflaschen, verkauft 250 ml gr\u00fcne Glasflaschen im Gro\u00dfhandel zum Fabrikverkaufs-Gro\u00dfhandelspreis.","breadcrumb":{"@id":"https:\/\/ruishengglassco.com\/product\/rs110-wholesale-250ml-green-liquor-bottle-factory-outlet#breadcrumb"},"inLanguage":"de","potentialAction":[{"@type":"ReadAction","target":["https:\/\/ruishengglassco.com\/product\/rs110-wholesale-250ml-green-liquor-bottle-factory-outlet"]}]},{"@type":"ImageObject","inLanguage":"de","@id":"https:\/\/ruishengglassco.com\/product\/rs110-wholesale-250ml-green-liquor-bottle-factory-outlet#primaryimage","url":"https:\/\/glassbottlewholesale.com\/wp-content\/uploads\/2020\/02\/200ml_1-1.jpg","contentUrl":"https:\/\/glassbottlewholesale.com\/wp-content\/uploads\/2020\/02\/200ml_1-1.jpg","width":400,"height":400,"caption":"Wholesale 250ml Green Liquor Bottle Factory Outlet"},{"@type":"BreadcrumbList","@id":"https:\/\/ruishengglassco.com\/product\/rs110-wholesale-250ml-green-liquor-bottle-factory-outlet#breadcrumb","itemListElement":[{"@type":"ListItem","position":1,"name":"Home","item":"https:\/\/glassbottlewholesale.com\/"},{"@type":"ListItem","position":2,"name":"Products","item":"https:\/\/glassbottlewholesale.com\/shop\/"},{"@type":"ListItem","position":3,"name":"RS110: Wholesale 250ml Green Liquor Bottle Factory Outlet"}]},{"@type":"WebSite","@id":"https:\/\/glassbottlewholesale.com\/#website","url":"https:\/\/glassbottlewholesale.com\/","name":"Glass Bottle Wholesale","description":"","publisher":{"@id":"https:\/\/glassbottlewholesale.com\/#organization"},"potentialAction":[{"@type":"SearchAction","target":{"@type":"EntryPoint","urlTemplate":"https:\/\/glassbottlewholesale.com\/?s={search_term_string}"},"query-input":{"@type":"PropertyValueSpecification","valueRequired":true,"valueName":"search_term_string"}}],"inLanguage":"de"},{"@type":"Organization","@id":"https:\/\/glassbottlewholesale.com\/#organization","name":"Glass Bottle Wholesale","url":"https:\/\/glassbottlewholesale.com\/","logo":{"@type":"ImageObject","inLanguage":"de","@id":"https:\/\/glassbottlewholesale.com\/#\/schema\/logo\/image\/","url":"https:\/\/glassbottlewholesale.com\/wp-content\/uploads\/2023\/12\/ruisheng-logo.webp","contentUrl":"https:\/\/glassbottlewholesale.com\/wp-content\/uploads\/2023\/12\/ruisheng-logo.webp","width":400,"height":233,"caption":"Glass Bottle Wholesale"},"image":{"@id":"https:\/\/glassbottlewholesale.com\/#\/schema\/logo\/image\/"}}]}},"_links":{"self":[{"href":"https:\/\/glassbottlewholesale.com\/de\/wp-json\/wp\/v2\/product\/479","targetHints":{"allow":["GET"]}}],"collection":[{"href":"https:\/\/glassbottlewholesale.com\/de\/wp-json\/wp\/v2\/product"}],"about":[{"href":"https:\/\/glassbottlewholesale.com\/de\/wp-json\/wp\/v2\/types\/product"}],"replies":[{"embeddable":true,"href":"https:\/\/glassbottlewholesale.com\/de\/wp-json\/wp\/v2\/comments?post=479"}],"wp:featuredmedia":[{"embeddable":true,"href":"https:\/\/glassbottlewholesale.com\/de\/wp-json\/wp\/v2\/media\/1873"}],"wp:attachment":[{"href":"https:\/\/glassbottlewholesale.com\/de\/wp-json\/wp\/v2\/media?parent=479"}],"wp:term":[{"taxonomy":"product_brand","embeddable":true,"href":"https:\/\/glassbottlewholesale.com\/de\/wp-json\/wp\/v2\/product_brand?post=479"},{"taxonomy":"product_cat","embeddable":true,"href":"https:\/\/glassbottlewholesale.com\/de\/wp-json\/wp\/v2\/product_cat?post=479"},{"taxonomy":"product_tag","embeddable":true,"href":"https:\/\/glassbottlewholesale.com\/de\/wp-json\/wp\/v2\/product_tag?post=479"}],"curies":[{"name":"wp","href":"https:\/\/api.w.org\/{rel}","templated":true}]}}