{"id":481,"date":"2019-10-15T12:28:07","date_gmt":"2019-10-15T12:28:07","guid":{"rendered":"https:\/\/queenchingglass.com\/?post_type=product&#038;p=481"},"modified":"2025-07-10T00:51:56","modified_gmt":"2025-07-10T00:51:56","slug":"700ml-1000ml-glas-spirituosenflasche-lieferanten","status":"publish","type":"product","link":"https:\/\/glassbottlewholesale.com\/de\/700ml-1000ml-glas-spirituosenflasche-lieferanten\/","title":{"rendered":"RS109: 700 ml 1000 ml Glas-Lik\u00f6rflaschen Lieferanten"},"content":{"rendered":"<div class=\"wpb-content-wrapper\"><div class=\"vc_row wpb_row vc_row-fluid\"><div class=\"wpb_column vc_column_container vc_col-sm-12\"><div class=\"vc_column-inner\"><div class=\"wpb_wrapper\">\n\t<div class=\"wpb_text_column wpb_content_element\" >\n\t\t<div class=\"wpb_wrapper\">\n\t\t\t<div class=\"\" data-block=\"true\" data-editor=\"fjt74\" data-offset-key=\"de3pj-0-0\">\n<div class=\"public-DraftStyleDefault-block public-DraftStyleDefault-ltr\" data-offset-key=\"de3pj-0-0\"><span class=\"hardreadability\"><span data-offset-key=\"de3pj-0-0\"><a href=\"https:\/\/ruishengglassco.com\/about\">Shandong Yuncheng Ruisheng Glas Co., Ltd.<\/a> ist einer der Lieferanten von Spirituosenglasflaschen, <em><strong>Gro\u00dfhandel Spirituosenflaschen<\/strong><\/em> 700ml 750ml 1000ml und viele andere Kapazit\u00e4ten Glasflasche f\u00fcr alkoholische Getr\u00e4nke<\/span><\/span><span data-offset-key=\"de3pj-1-0\">.\u00a0<\/span><span class=\"hardreadability\"><span data-offset-key=\"de3pj-2-0\"> In unserer Fabrik gibt es viele Arten von Fl\u00fcssigglasflaschen, wie z.B. Wodkaflaschen aus Glas, Schnapsflaschen aus Glas, Ginflaschen und so weiter.<\/span><\/span><span data-offset-key=\"de3pj-3-0\">. Wir stellen nicht nur Glasflaschen der Spitzenklasse her, sondern auch Glasflaschen der mittleren Klasse.<\/span><\/div>\n<\/div>\n<div class=\"\" data-block=\"true\" data-editor=\"fjt74\" data-offset-key=\"95qos-0-0\">\n<div class=\"public-DraftStyleDefault-block public-DraftStyleDefault-ltr\" data-offset-key=\"95qos-0-0\"><span data-offset-key=\"95qos-0-0\">\u00a0<\/span><\/div>\n<\/div>\n<div class=\"\" data-block=\"true\" data-editor=\"fjt74\" data-offset-key=\"erj6v-0-0\">\n<div class=\"public-DraftStyleDefault-block public-DraftStyleDefault-ltr\" data-offset-key=\"erj6v-0-0\"><span data-offset-key=\"erj6v-0-0\">Hier sehen Sie eine Reihe von runden Glasflaschen wie 500 ml, 700 ml, 750 ml und 1000 ml. <\/span><span class=\"hardreadability\"><span data-offset-key=\"erj6v-1-0\">Wir k\u00f6nnen nackte Glasflaschen, mattierte Glasflaschen und bemalte Glasflaschen anbieten, ganz nach Ihren W\u00fcnschen.<\/span><\/span><span data-offset-key=\"erj6v-2-0\">. Wenn Sie ein Logo ben\u00f6tigen, k\u00f6nnen wir auch ein Siebdruck-Logo, Abziehbild-Logo, Hei\u00dfpr\u00e4ge-Logo auf den Flaschen machen.<\/span><\/div>\n<\/div>\n<div class=\"\" data-block=\"true\" data-editor=\"fjt74\" data-offset-key=\"5ho2o-0-0\">\n<div class=\"public-DraftStyleDefault-block public-DraftStyleDefault-ltr\" data-offset-key=\"5ho2o-0-0\"><span data-offset-key=\"5ho2o-0-0\">\u00a0<\/span><\/div>\n<\/div>\n<div class=\"\" data-block=\"true\" data-editor=\"fjt74\" data-offset-key=\"b6mug-0-0\">\n<div class=\"public-DraftStyleDefault-block public-DraftStyleDefault-ltr\" data-offset-key=\"b6mug-0-0\"><span class=\"hardreadability\"><span data-offset-key=\"b6mug-0-0\">Unsere Schnapsflasche aus Glas ist mit Kork veredelt, wir verwenden in der Regel hochpolymere Korken, komplexe Korken, Holzkorken und andere Korken.<\/span><\/span><span data-offset-key=\"b6mug-1-0\">. Unsere 1000ml Glasflaschen k\u00f6nnen auch seine Mund Anzug f\u00fcr den Schraubverschluss \u00e4ndern. Und \u00fcber die Schraubkappe, k\u00f6nnen wir eine kurze Schraubkappe, mittlere Schraubkappe und lange Schraubkappe anbieten.<\/span><\/div>\n<\/div>\n<div class=\"\" data-block=\"true\" data-editor=\"fjt74\" data-offset-key=\"anhg2-0-0\">\n<div class=\"public-DraftStyleDefault-block public-DraftStyleDefault-ltr\" data-offset-key=\"anhg2-0-0\"><span data-offset-key=\"anhg2-0-0\">\u00a0<\/span><\/div>\n<\/div>\n<div class=\"\" data-block=\"true\" data-editor=\"fjt74\" data-offset-key=\"3468v-0-0\">\n<div class=\"public-DraftStyleDefault-block public-DraftStyleDefault-ltr\" data-offset-key=\"3468v-0-0\"><span data-offset-key=\"3468v-0-0\">Wir haben eine Reihe von strengen Qualit\u00e4tsmanagementsystemen f\u00fcr diese Glasflaschen. Alle Glasflaschen, die <\/span><span class=\"passivevoice\"><span data-offset-key=\"3468v-1-0\">gesendet werden<\/span><\/span><span data-offset-key=\"3468v-2-0\"> aus unserem B\u00fcro, bevor sie den QC-Test bestehen. <\/span><span class=\"hardreadability\"><span data-offset-key=\"3468v-3-0\">Und alle Produkte genie\u00dfen bei unseren Kunden in aller Welt ein hohes Ansehen f\u00fcr Innovation und Funktionalit\u00e4t.<\/span><\/span><span data-offset-key=\"3468v-4-0\">.<\/span><\/div>\n<\/div>\n<div class=\"\" data-block=\"true\" data-editor=\"fjt74\" data-offset-key=\"4fg26-0-0\">\n<div class=\"public-DraftStyleDefault-block public-DraftStyleDefault-ltr\" data-offset-key=\"4fg26-0-0\"><span data-offset-key=\"4fg26-0-0\">\u00a0<\/span><\/div>\n<\/div>\n<div class=\"\" data-block=\"true\" data-editor=\"fjt74\" data-offset-key=\"33ie-0-0\">\n<div class=\"public-DraftStyleDefault-block public-DraftStyleDefault-ltr\" data-offset-key=\"33ie-0-0\"><span data-offset-key=\"33ie-0-0\">Wir begr\u00fc\u00dfen OEM- oder ODM-Bestellungen. Wenn Sie benutzerdefinierte Glasflaschen machen wollen, k\u00f6nnen wir es auch f\u00fcr Sie machen. Es <\/span><span class=\"qualifier\"><span data-offset-key=\"33ie-1-0\">Nur<\/span><\/span><span data-offset-key=\"33ie-2-0\"> m\u00fcssen Sie Fotos oder Muster anbieten.<\/span><\/div>\n<\/div>\n<div class=\"\" data-block=\"true\" data-editor=\"fjt74\" data-offset-key=\"3c688-0-0\">\n<div class=\"public-DraftStyleDefault-block public-DraftStyleDefault-ltr\" data-offset-key=\"3c688-0-0\"><span data-offset-key=\"3c688-0-0\">\u00a0<\/span><\/div>\n<\/div>\n<h4 class=\"public-DraftStyleDefault-block public-DraftStyleDefault-ltr\" data-offset-key=\"8ln21-0-0\"><span data-offset-key=\"8ln21-0-0\">Die Details des Gro\u00dfhandels Lik\u00f6rflaschen<\/span><\/h4>\n<div class=\"\" data-block=\"true\" data-editor=\"fjt74\" data-offset-key=\"a9lcl-0-0\">\n<div class=\"public-DraftStyleDefault-block public-DraftStyleDefault-ltr\" data-offset-key=\"a9lcl-0-0\"><span data-offset-key=\"a9lcl-0-0\">\u00a0<\/span><\/div>\n<\/div>\n<ul>\n<li class=\"public-DraftStyleDefault-block public-DraftStyleDefault-ltr\" data-offset-key=\"36vqo-0-0\"><span data-offset-key=\"36vqo-0-0\">Hauptmaterial: Hochwei\u00dfes Glas<\/span><span data-offset-key=\"fu6iu-0-0\"><br data-text=\"true\" \/><\/span><\/li>\n<li class=\"public-DraftStyleDefault-block public-DraftStyleDefault-ltr\" data-offset-key=\"5mmf-0-0\"><span data-offset-key=\"5mmf-0-0\">Kappe: Kork<\/span><\/li>\n<li data-block=\"true\" data-editor=\"fjt74\" data-offset-key=\"9fcta-0-0\"><span data-offset-key=\"80bg6-0-0\">Referenz: RS109<\/span><\/li>\n<li data-block=\"true\" data-editor=\"fjt74\" data-offset-key=\"asnef-0-0\"><span data-offset-key=\"5l13k-0-0\">Mindestbestellmenge: 10.000 St\u00fcck<\/span><\/li>\n<li data-block=\"true\" data-editor=\"fjt74\" data-offset-key=\"2uifl-0-0\"><span data-offset-key=\"fb1pn-0-0\">Fassungsverm\u00f6gen: 500ml 700ml 750ml 1000ml<\/span><\/li>\n<li data-block=\"true\" data-editor=\"fjt74\" data-offset-key=\"9sgma-0-0\"><span data-offset-key=\"93ppb-0-0\">St\u00fcck\/Gebinde: 24 St\u00fcck oder 20 St\u00fcck<\/span><\/li>\n<li data-block=\"true\" data-editor=\"fjt74\" data-offset-key=\"e3qd7-0-0\"><span data-offset-key=\"8sp57-0-0\">Herkunftsort: Shandong, China<\/span><\/li>\n<li data-block=\"true\" data-editor=\"fjt74\" data-offset-key=\"a6c0-0-0\"><span data-offset-key=\"73gcj-0-0\">Besonderheit: <\/span><span class=\"adverb\"><span data-offset-key=\"73gcj-1-0\">Umweltfreundlich<\/span><\/span><\/li>\n<\/ul>\n<div class=\"\" data-block=\"true\" data-editor=\"fjt74\" data-offset-key=\"dp5u9-0-0\">\n<div class=\"public-DraftStyleDefault-block public-DraftStyleDefault-ltr\" data-offset-key=\"dp5u9-0-0\"><span data-offset-key=\"dp5u9-0-0\">\u00a0<\/span><\/div>\n<\/div>\n<div class=\"\" data-block=\"true\" data-editor=\"fjt74\" data-offset-key=\"arq5a-0-0\">\n<div class=\"public-DraftStyleDefault-block public-DraftStyleDefault-ltr\" data-offset-key=\"arq5a-0-0\"><span data-offset-key=\"arq5a-0-0\">Wenn Sie <\/span><span class=\"passivevoice\"><span data-offset-key=\"arq5a-1-0\">sind interessiert<\/span><\/span><span data-offset-key=\"arq5a-2-0\"> im Gro\u00dfhandel Spirituosenflaschen Preis, kontaktieren Sie uns bitte. Wir werden unser Bestes f\u00fcr Sie tun.<\/span><\/div>\n<\/div>\n\n\t\t<\/div>\n\t<\/div>\n<\/div><\/div><\/div><\/div>\n<\/div>","protected":false},"excerpt":{"rendered":"<table class=\"tg\">\n<tbody>\n<tr>\n<th class=\"tg-24i8\" colspan=\"2\">Gro\u00dfhandel Spirituosenflaschen 700ml 1000ml<\/th>\n<\/tr>\n<tr>\n<td class=\"tg-b7b8\">Referenz:<\/td>\n<td class=\"tg-b7b8\">RS109<\/td>\n<\/tr>\n<tr>\n<td class=\"tg-yw4l\">Hauptmaterial:<\/td>\n<td class=\"tg-yw4l\">Hohes Wei\u00dfglas<\/td>\n<\/tr>\n<tr>\n<td class=\"tg-b7b8\">Deckel:<\/td>\n<td class=\"tg-b7b8\">Schraubkappe<\/td>\n<\/tr>\n<tr>\n<td class=\"tg-yw4l\">Kapazit\u00e4t:<\/td>\n<td class=\"tg-yw4l\">500ml 700ml 750ml 1000ml<\/td>\n<\/tr>\n<tr>\n<td class=\"tg-b7b8\">Besonderheit:<\/td>\n<td class=\"tg-b7b8\">Umweltfreundlich<\/td>\n<\/tr>\n<tr>\n<td class=\"tg-yw4l\">Mindestbestellmenge:<\/td>\n<td class=\"tg-yw4l\">10000 STK<\/td>\n<\/tr>\n<tr>\n<td class=\"tg-b7b8\">Lieferweg:<\/td>\n<td class=\"tg-b7b8\">Schiff, Express<\/td>\n<\/tr>\n<tr>\n<td class=\"tg-yw4l\">OEM\/ODM:<\/td>\n<td class=\"tg-yw4l\">Willkommen<\/td>\n<\/tr>\n<tr>\n<td class=\"tg-b7b8\">Herkunft des Ortes:<\/td>\n<td class=\"tg-b7b8\">Shandong, China<\/td>\n<\/tr>\n<tr>\n<td class=\"tg-yw4l\">Stk.\/Karton:<\/td>\n<td class=\"tg-yw4l\">24St\u00fcck oder 20St\u00fcck<\/td>\n<\/tr>\n<\/tbody>\n<\/table>","protected":false},"featured_media":4348,"comment_status":"open","ping_status":"closed","template":"","meta":[],"product_brand":[],"product_cat":[53,51,63],"product_tag":[],"class_list":{"0":"post-481","1":"product","2":"type-product","3":"status-publish","4":"has-post-thumbnail","6":"product_cat-1000ml-glass-bottle","7":"product_cat-700ml-glass-bottle","8":"product_cat-liquor-bottle","9":"entry","10":"has-media","12":"first","13":"instock","14":"shipping-taxable","15":"product-type-simple"},"yoast_head":"<!-- This site is optimized with the Yoast SEO plugin v27.3 - https:\/\/yoast.com\/product\/yoast-seo-wordpress\/ -->\n<title>Wholesale Liquor Bottles 700ml 1000ml | Spirit Glass Bottle Suppliers<\/title>\n<meta name=\"description\" content=\"Shandong Yuncheng Ruisheng Glass Co., Ltd is One Of The Spirit Glass Bottle Suppliers, Wholesale Liquor Bottles 700ml 1000ml In Bulk Cheap Price.\" \/>\n<meta name=\"robots\" content=\"index, follow, max-snippet:-1, max-image-preview:large, max-video-preview:-1\" \/>\n<link rel=\"canonical\" href=\"https:\/\/ruishengglassco.com\/product\/rs109700ml-1000ml-glass-liquor-bottle-suppliers\" \/>\n<meta property=\"og:locale\" content=\"de_DE\" \/>\n<meta property=\"og:type\" content=\"article\" \/>\n<meta property=\"og:title\" content=\"Wholesale Liquor Bottles 700ml 1000ml | Spirit Glass Bottle Suppliers\" \/>\n<meta property=\"og:description\" content=\"Shandong Yuncheng Ruisheng Glass Co., Ltd is One Of The Spirit Glass Bottle Suppliers, Wholesale Liquor Bottles 700ml 1000ml In Bulk Cheap Price.\" \/>\n<meta property=\"og:url\" content=\"https:\/\/ruishengglassco.com\/product\/rs109700ml-1000ml-glass-liquor-bottle-suppliers\" \/>\n<meta property=\"og:site_name\" content=\"Glass Bottle Wholesale\" \/>\n<meta property=\"article:modified_time\" content=\"2025-07-10T00:51:56+00:00\" \/>\n<meta property=\"og:image\" content=\"https:\/\/glassbottlewholesale.com\/wp-content\/uploads\/2023\/12\/700ml-new-square-bottle-1.jpg\" \/>\n\t<meta property=\"og:image:width\" content=\"800\" \/>\n\t<meta property=\"og:image:height\" content=\"800\" \/>\n\t<meta property=\"og:image:type\" content=\"image\/jpeg\" \/>\n<meta name=\"twitter:card\" content=\"summary_large_image\" \/>\n<meta name=\"twitter:label1\" content=\"Gesch\u00e4tzte Lesezeit\" \/>\n\t<meta name=\"twitter:data1\" content=\"2\u00a0Minuten\" \/>\n<script type=\"application\/ld+json\" class=\"yoast-schema-graph\">{\"@context\":\"https:\\\/\\\/schema.org\",\"@graph\":[{\"@type\":\"WebPage\",\"@id\":\"https:\\\/\\\/glassbottlewholesale.com\\\/700ml-1000ml-glass-liquor-bottle-suppliers\\\/\",\"url\":\"https:\\\/\\\/ruishengglassco.com\\\/product\\\/rs109700ml-1000ml-glass-liquor-bottle-suppliers\",\"name\":\"Wholesale Liquor Bottles 700ml 1000ml | Spirit Glass Bottle Suppliers\",\"isPartOf\":{\"@id\":\"https:\\\/\\\/glassbottlewholesale.com\\\/#website\"},\"primaryImageOfPage\":{\"@id\":\"https:\\\/\\\/ruishengglassco.com\\\/product\\\/rs109700ml-1000ml-glass-liquor-bottle-suppliers#primaryimage\"},\"image\":{\"@id\":\"https:\\\/\\\/ruishengglassco.com\\\/product\\\/rs109700ml-1000ml-glass-liquor-bottle-suppliers#primaryimage\"},\"thumbnailUrl\":\"https:\\\/\\\/glassbottlewholesale.com\\\/wp-content\\\/uploads\\\/2023\\\/12\\\/700ml-new-square-bottle-1.jpg\",\"datePublished\":\"2019-10-15T12:28:07+00:00\",\"dateModified\":\"2025-07-10T00:51:56+00:00\",\"description\":\"Shandong Yuncheng Ruisheng Glass Co., Ltd is One Of The Spirit Glass Bottle Suppliers, Wholesale Liquor Bottles 700ml 1000ml In Bulk Cheap Price.\",\"breadcrumb\":{\"@id\":\"https:\\\/\\\/ruishengglassco.com\\\/product\\\/rs109700ml-1000ml-glass-liquor-bottle-suppliers#breadcrumb\"},\"inLanguage\":\"de\",\"potentialAction\":[{\"@type\":\"ReadAction\",\"target\":[\"https:\\\/\\\/ruishengglassco.com\\\/product\\\/rs109700ml-1000ml-glass-liquor-bottle-suppliers\"]}]},{\"@type\":\"ImageObject\",\"inLanguage\":\"de\",\"@id\":\"https:\\\/\\\/ruishengglassco.com\\\/product\\\/rs109700ml-1000ml-glass-liquor-bottle-suppliers#primaryimage\",\"url\":\"https:\\\/\\\/glassbottlewholesale.com\\\/wp-content\\\/uploads\\\/2023\\\/12\\\/700ml-new-square-bottle-1.jpg\",\"contentUrl\":\"https:\\\/\\\/glassbottlewholesale.com\\\/wp-content\\\/uploads\\\/2023\\\/12\\\/700ml-new-square-bottle-1.jpg\",\"width\":800,\"height\":800,\"caption\":\"700ml new square bottle\"},{\"@type\":\"BreadcrumbList\",\"@id\":\"https:\\\/\\\/ruishengglassco.com\\\/product\\\/rs109700ml-1000ml-glass-liquor-bottle-suppliers#breadcrumb\",\"itemListElement\":[{\"@type\":\"ListItem\",\"position\":1,\"name\":\"Home\",\"item\":\"https:\\\/\\\/glassbottlewholesale.com\\\/\"},{\"@type\":\"ListItem\",\"position\":2,\"name\":\"Products\",\"item\":\"https:\\\/\\\/glassbottlewholesale.com\\\/shop\\\/\"},{\"@type\":\"ListItem\",\"position\":3,\"name\":\"RS109:700ml 1000ml Glass Liquor Bottle Suppliers\"}]},{\"@type\":\"WebSite\",\"@id\":\"https:\\\/\\\/glassbottlewholesale.com\\\/#website\",\"url\":\"https:\\\/\\\/glassbottlewholesale.com\\\/\",\"name\":\"Glass Bottle Wholesale\",\"description\":\"\",\"publisher\":{\"@id\":\"https:\\\/\\\/glassbottlewholesale.com\\\/#organization\"},\"potentialAction\":[{\"@type\":\"SearchAction\",\"target\":{\"@type\":\"EntryPoint\",\"urlTemplate\":\"https:\\\/\\\/glassbottlewholesale.com\\\/?s={search_term_string}\"},\"query-input\":{\"@type\":\"PropertyValueSpecification\",\"valueRequired\":true,\"valueName\":\"search_term_string\"}}],\"inLanguage\":\"de\"},{\"@type\":\"Organization\",\"@id\":\"https:\\\/\\\/glassbottlewholesale.com\\\/#organization\",\"name\":\"Glass Bottle Wholesale\",\"url\":\"https:\\\/\\\/glassbottlewholesale.com\\\/\",\"logo\":{\"@type\":\"ImageObject\",\"inLanguage\":\"de\",\"@id\":\"https:\\\/\\\/glassbottlewholesale.com\\\/#\\\/schema\\\/logo\\\/image\\\/\",\"url\":\"https:\\\/\\\/glassbottlewholesale.com\\\/wp-content\\\/uploads\\\/2023\\\/12\\\/ruisheng-logo.webp\",\"contentUrl\":\"https:\\\/\\\/glassbottlewholesale.com\\\/wp-content\\\/uploads\\\/2023\\\/12\\\/ruisheng-logo.webp\",\"width\":400,\"height\":233,\"caption\":\"Glass Bottle Wholesale\"},\"image\":{\"@id\":\"https:\\\/\\\/glassbottlewholesale.com\\\/#\\\/schema\\\/logo\\\/image\\\/\"}}]}<\/script>\n<!-- \/ Yoast SEO plugin. -->","yoast_head_json":{"title":"Gro\u00dfhandel Spirituosenflaschen 700ml 1000ml | Spiritus Glasflasche Lieferanten","description":"Shandong Yuncheng Ruisheng Glass Co, Ltd ist einer der Spiritusglasflaschen Lieferanten, Gro\u00dfhandel Lik\u00f6rflaschen 700ml 1000ml in Bulk g\u00fcnstigen Preis.","robots":{"index":"index","follow":"follow","max-snippet":"max-snippet:-1","max-image-preview":"max-image-preview:large","max-video-preview":"max-video-preview:-1"},"canonical":"https:\/\/ruishengglassco.com\/product\/rs109700ml-1000ml-glass-liquor-bottle-suppliers","og_locale":"de_DE","og_type":"article","og_title":"Wholesale Liquor Bottles 700ml 1000ml | Spirit Glass Bottle Suppliers","og_description":"Shandong Yuncheng Ruisheng Glass Co., Ltd is One Of The Spirit Glass Bottle Suppliers, Wholesale Liquor Bottles 700ml 1000ml In Bulk Cheap Price.","og_url":"https:\/\/ruishengglassco.com\/product\/rs109700ml-1000ml-glass-liquor-bottle-suppliers","og_site_name":"Glass Bottle Wholesale","article_modified_time":"2025-07-10T00:51:56+00:00","og_image":[{"width":800,"height":800,"url":"https:\/\/glassbottlewholesale.com\/wp-content\/uploads\/2023\/12\/700ml-new-square-bottle-1.jpg","type":"image\/jpeg"}],"twitter_card":"summary_large_image","twitter_misc":{"Gesch\u00e4tzte Lesezeit":"2\u00a0Minuten"},"schema":{"@context":"https:\/\/schema.org","@graph":[{"@type":"WebPage","@id":"https:\/\/glassbottlewholesale.com\/700ml-1000ml-glass-liquor-bottle-suppliers\/","url":"https:\/\/ruishengglassco.com\/product\/rs109700ml-1000ml-glass-liquor-bottle-suppliers","name":"Gro\u00dfhandel Spirituosenflaschen 700ml 1000ml | Spiritus Glasflasche Lieferanten","isPartOf":{"@id":"https:\/\/glassbottlewholesale.com\/#website"},"primaryImageOfPage":{"@id":"https:\/\/ruishengglassco.com\/product\/rs109700ml-1000ml-glass-liquor-bottle-suppliers#primaryimage"},"image":{"@id":"https:\/\/ruishengglassco.com\/product\/rs109700ml-1000ml-glass-liquor-bottle-suppliers#primaryimage"},"thumbnailUrl":"https:\/\/glassbottlewholesale.com\/wp-content\/uploads\/2023\/12\/700ml-new-square-bottle-1.jpg","datePublished":"2019-10-15T12:28:07+00:00","dateModified":"2025-07-10T00:51:56+00:00","description":"Shandong Yuncheng Ruisheng Glass Co, Ltd ist einer der Spiritusglasflaschen Lieferanten, Gro\u00dfhandel Lik\u00f6rflaschen 700ml 1000ml in Bulk g\u00fcnstigen Preis.","breadcrumb":{"@id":"https:\/\/ruishengglassco.com\/product\/rs109700ml-1000ml-glass-liquor-bottle-suppliers#breadcrumb"},"inLanguage":"de","potentialAction":[{"@type":"ReadAction","target":["https:\/\/ruishengglassco.com\/product\/rs109700ml-1000ml-glass-liquor-bottle-suppliers"]}]},{"@type":"ImageObject","inLanguage":"de","@id":"https:\/\/ruishengglassco.com\/product\/rs109700ml-1000ml-glass-liquor-bottle-suppliers#primaryimage","url":"https:\/\/glassbottlewholesale.com\/wp-content\/uploads\/2023\/12\/700ml-new-square-bottle-1.jpg","contentUrl":"https:\/\/glassbottlewholesale.com\/wp-content\/uploads\/2023\/12\/700ml-new-square-bottle-1.jpg","width":800,"height":800,"caption":"700ml new square bottle"},{"@type":"BreadcrumbList","@id":"https:\/\/ruishengglassco.com\/product\/rs109700ml-1000ml-glass-liquor-bottle-suppliers#breadcrumb","itemListElement":[{"@type":"ListItem","position":1,"name":"Home","item":"https:\/\/glassbottlewholesale.com\/"},{"@type":"ListItem","position":2,"name":"Products","item":"https:\/\/glassbottlewholesale.com\/shop\/"},{"@type":"ListItem","position":3,"name":"RS109:700ml 1000ml Glass Liquor Bottle Suppliers"}]},{"@type":"WebSite","@id":"https:\/\/glassbottlewholesale.com\/#website","url":"https:\/\/glassbottlewholesale.com\/","name":"Glass Bottle Wholesale","description":"","publisher":{"@id":"https:\/\/glassbottlewholesale.com\/#organization"},"potentialAction":[{"@type":"SearchAction","target":{"@type":"EntryPoint","urlTemplate":"https:\/\/glassbottlewholesale.com\/?s={search_term_string}"},"query-input":{"@type":"PropertyValueSpecification","valueRequired":true,"valueName":"search_term_string"}}],"inLanguage":"de"},{"@type":"Organization","@id":"https:\/\/glassbottlewholesale.com\/#organization","name":"Glass Bottle Wholesale","url":"https:\/\/glassbottlewholesale.com\/","logo":{"@type":"ImageObject","inLanguage":"de","@id":"https:\/\/glassbottlewholesale.com\/#\/schema\/logo\/image\/","url":"https:\/\/glassbottlewholesale.com\/wp-content\/uploads\/2023\/12\/ruisheng-logo.webp","contentUrl":"https:\/\/glassbottlewholesale.com\/wp-content\/uploads\/2023\/12\/ruisheng-logo.webp","width":400,"height":233,"caption":"Glass Bottle Wholesale"},"image":{"@id":"https:\/\/glassbottlewholesale.com\/#\/schema\/logo\/image\/"}}]}},"_links":{"self":[{"href":"https:\/\/glassbottlewholesale.com\/de\/wp-json\/wp\/v2\/product\/481","targetHints":{"allow":["GET"]}}],"collection":[{"href":"https:\/\/glassbottlewholesale.com\/de\/wp-json\/wp\/v2\/product"}],"about":[{"href":"https:\/\/glassbottlewholesale.com\/de\/wp-json\/wp\/v2\/types\/product"}],"replies":[{"embeddable":true,"href":"https:\/\/glassbottlewholesale.com\/de\/wp-json\/wp\/v2\/comments?post=481"}],"wp:featuredmedia":[{"embeddable":true,"href":"https:\/\/glassbottlewholesale.com\/de\/wp-json\/wp\/v2\/media\/4348"}],"wp:attachment":[{"href":"https:\/\/glassbottlewholesale.com\/de\/wp-json\/wp\/v2\/media?parent=481"}],"wp:term":[{"taxonomy":"product_brand","embeddable":true,"href":"https:\/\/glassbottlewholesale.com\/de\/wp-json\/wp\/v2\/product_brand?post=481"},{"taxonomy":"product_cat","embeddable":true,"href":"https:\/\/glassbottlewholesale.com\/de\/wp-json\/wp\/v2\/product_cat?post=481"},{"taxonomy":"product_tag","embeddable":true,"href":"https:\/\/glassbottlewholesale.com\/de\/wp-json\/wp\/v2\/product_tag?post=481"}],"curies":[{"name":"wp","href":"https:\/\/api.w.org\/{rel}","templated":true}]}}