{"id":485,"date":"2019-10-15T12:31:02","date_gmt":"2019-10-15T12:31:02","guid":{"rendered":"https:\/\/queenchingglass.com\/?post_type=product&#038;p=485"},"modified":"2025-07-10T00:48:54","modified_gmt":"2025-07-10T00:48:54","slug":"bulk-glasflaschen-mit-deckel-groshandel","status":"publish","type":"product","link":"https:\/\/glassbottlewholesale.com\/de\/bulk-glasflaschen-mit-deckel-groshandel\/","title":{"rendered":"RS107: Glasflaschen mit Deckel im Gro\u00dfhandel"},"content":{"rendered":"<div class=\"wpb-content-wrapper\"><div class=\"vc_row wpb_row vc_row-fluid\"><div class=\"wpb_column vc_column_container vc_col-sm-12\"><div class=\"vc_column-inner\"><div class=\"wpb_wrapper\">\n\t<div class=\"wpb_text_column wpb_content_element\" >\n\t\t<div class=\"wpb_wrapper\">\n\t\t\t<p>M\u00f6chten Sie leere Spirituosenflaschen zum Verkauf anbieten? Ruisheng, die Top verkorkt Glasflaschen Hersteller, bietet breite Reihe von Gro\u00dfhandel Glasflaschen mit Deckel wie Boston runde Glasflasche, quadratische Glasflasche und benutzerdefinierte geformte Glasflasche und spezielle verkorkt Glasflaschen f\u00fcr Geist, Whiskey, Schnaps, Rum, Wodka, und etc.<\/p>\n<div>Machen Sie ein Handwerk oder Schiff Waren auf Kunden durch die Auswahl eines gebogenen<a href=\"https:\/\/ruishengglassco.com\/375ml-liquor-glass-bottle-manufacturer\">\u00a0kleinere Glasflasche<\/a> oder gr\u00f6\u00dfere Glasflaschen f\u00fcr den Gro\u00dfhandel. Gr\u00f6\u00dfe ist von 50ml bis zu 1500ml verf\u00fcgbar. Benutzerdefinierte Auftr\u00e4ge k\u00f6nnen akzeptiert werden.  Die meisten Glasflaschen zum Verkauf werden durch hohe flie\u00dfende Glasmaterial, das den K\u00f6rper der Schnapsflasche mehr stark und sch\u00f6n macht gemacht. Wir garantieren, dass alle der klaren Glasflaschen mit Kappen sind ungiftig, 100% wiederverwendbar, wiederverwendbar und sicher f\u00fcr die Erde.<\/div>\n<p>Diese 750ml Glasflaschen Gro\u00dfhandel hat eine einzigartige Form, die Spitze ist breit und der Boden ist d\u00fcnn, und er hat ein Muster auf der Seite. Wir k\u00f6nnen auch die Flaschen nach den Zeichnungen, die Sie zur Verf\u00fcgung gestellt, k\u00f6nnen wir jede Flasche, die Sie wollen, zu machen.<\/p>\n<h4>Die Informationen von Bulk Empty Liquor Bottles For Sale:<\/h4>\n<ul>\n<li>Hauptmaterial: Hochwei\u00dfes Glas<\/li>\n<li>Verschluss: Schraubverschluss<\/li>\n<li>Referenz: RS107<\/li>\n<li>Mindestbestellmenge: 10.000 St\u00fcck<\/li>\n<li>Fassungsverm\u00f6gen: 700ml 750ml<\/li>\n<li>Stk.\/Karton: 24Stk.<\/li>\n<li>Herkunftsort: Shandong, China<\/li>\n<li>Merkmal: Umweltfreundlich<\/li>\n<\/ul>\n<p>Ruisheng Glasflasche hat eine lange Produktionsgeschichte von 700ml\u00a0<a href=\"https:\/\/ruishengglassco.com\/glass-liquor-spirit-bottles\">Herstellung von Fl\u00fcssigglasflaschen<\/a>Alle beteiligten Personen sind sehr erfahren, wir sind sehr zuversichtlich, dass wir das Produkt, das Sie zufrieden sind, machen k\u00f6nnen. Ruisheng transparente Glasflasche haben in Europa, den USA, Australien, Amerika, etc. begr\u00fc\u00dft worden. Und alle Produkte genie\u00dfen ein hohes Ansehen f\u00fcr Innovation und Funktionalit\u00e4t.<\/p>\n<p>Ruisheng Glasflasche hat jetzt einen neuen Standort erweitert und fortschrittliche Maschinen eingef\u00fchrt, unsere Produktionsgeschwindigkeit ist viel h\u00f6her als zuvor. So machen wir gute Flaschen auf das Datum festgelegt, und liefern die Waren an Sie.<\/p>\n<p>Wenn Sie leere Spirituosenflaschen in gro\u00dfen Mengen kaufen m\u00f6chten, wenden Sie sich bitte an\u00a0<a href=\"https:\/\/glassbottlewholesale.com\/de\/contact-us\/\">kontaktiere uns<\/a>. Wir werden Ihnen innerhalb von 24 Stunden antworten.<\/p>\n<p>Ich hoffe, Sie k\u00f6nnen eine Bestellung aufgeben.<\/p>\n\n\t\t<\/div>\n\t<\/div>\n<\/div><\/div><\/div><\/div>\n<\/div>","protected":false},"excerpt":{"rendered":"<table class=\"tg\">\n<tbody>\n<tr>\n<th class=\"tg-24i8\" colspan=\"2\">700ml Glasflaschen und 750ml Klarglasflaschen<\/th>\n<\/tr>\n<tr>\n<td class=\"tg-b7b8\">Hauptmaterial:<\/td>\n<td class=\"tg-b7b8\">Hohes Wei\u00dfglas<\/td>\n<\/tr>\n<tr>\n<td class=\"tg-yw4l\">Deckel:<\/td>\n<td class=\"tg-yw4l\">Schraubverschluss<\/td>\n<\/tr>\n<tr>\n<td class=\"tg-b7b8\">Kapazit\u00e4t:<\/td>\n<td class=\"tg-b7b8\">700ml 750ml<\/td>\n<\/tr>\n<tr>\n<td class=\"tg-yw4l\">Besonderheit:<\/td>\n<td class=\"tg-yw4l\">Umweltfreundlich<\/td>\n<\/tr>\n<tr>\n<td class=\"tg-b7b8\">Mindestbestellmenge:<\/td>\n<td class=\"tg-b7b8\">10000 STK<\/td>\n<\/tr>\n<tr>\n<td class=\"tg-yw4l\">Herkunft des Ortes:<\/td>\n<td class=\"tg-yw4l\">Shandong, China<\/td>\n<\/tr>\n<tr>\n<td class=\"tg-b7b8\">Stk.\/Karton:<\/td>\n<td class=\"tg-b7b8\">24 St\u00fcck<\/td>\n<\/tr>\n<tr>\n<td class=\"tg-yw4l\">Referenz:<\/td>\n<td class=\"tg-yw4l\">RS107<\/td>\n<\/tr>\n<tr>\n<td class=\"tg-b7b8\">Lieferweg:<\/td>\n<td class=\"tg-b7b8\">Schiff, Express<\/td>\n<\/tr>\n<tr>\n<td class=\"tg-yw4l\">OEM\/ODM:<\/td>\n<td class=\"tg-yw4l\">Alle<\/td>\n<\/tr>\n<\/tbody>\n<\/table>","protected":false},"featured_media":4386,"comment_status":"open","ping_status":"closed","template":"","meta":[],"product_brand":[],"product_cat":[51,52,63],"product_tag":[],"class_list":{"0":"post-485","1":"product","2":"type-product","3":"status-publish","4":"has-post-thumbnail","6":"product_cat-700ml-glass-bottle","7":"product_cat-750ml-glass-bottle","8":"product_cat-liquor-bottle","9":"entry","10":"has-media","12":"first","13":"instock","14":"shipping-taxable","15":"product-type-simple"},"yoast_head":"<!-- This site is optimized with the Yoast SEO plugin v27.3 - https:\/\/yoast.com\/product\/yoast-seo-wordpress\/ -->\n<title>Bulk Empty Liquor Bottles For Sale | Wholesale Glass Bottles With Lids<\/title>\n<meta name=\"description\" content=\"Do you want to bulk empty liquor ottles for sale? Click here to wholesale glass bottles with lids for spirit. Factory Outlet Price&amp;Free Sample.\" \/>\n<meta name=\"robots\" content=\"index, follow, max-snippet:-1, max-image-preview:large, max-video-preview:-1\" \/>\n<link rel=\"canonical\" href=\"https:\/\/ruishengglassco.com\/product\/rs107-bulk-glass-bottles-with-lids-manufacturers\" \/>\n<meta property=\"og:locale\" content=\"de_DE\" \/>\n<meta property=\"og:type\" content=\"article\" \/>\n<meta property=\"og:title\" content=\"Bulk Empty Liquor Bottles For Sale | Wholesale Glass Bottles With Lids\" \/>\n<meta property=\"og:description\" content=\"Do you want to bulk empty liquor ottles for sale? Click here to wholesale glass bottles with lids for spirit. Factory Outlet Price&amp;Free Sample.\" \/>\n<meta property=\"og:url\" content=\"https:\/\/ruishengglassco.com\/product\/rs107-bulk-glass-bottles-with-lids-manufacturers\" \/>\n<meta property=\"og:site_name\" content=\"Glass Bottle Wholesale\" \/>\n<meta property=\"article:modified_time\" content=\"2025-07-10T00:48:54+00:00\" \/>\n<meta property=\"og:image\" content=\"https:\/\/glassbottlewholesale.com\/wp-content\/uploads\/2023\/12\/Bulk-Glass-Bottles-With-Lids-Wholesale.jpg\" \/>\n\t<meta property=\"og:image:width\" content=\"800\" \/>\n\t<meta property=\"og:image:height\" content=\"800\" \/>\n\t<meta property=\"og:image:type\" content=\"image\/jpeg\" \/>\n<meta name=\"twitter:card\" content=\"summary_large_image\" \/>\n<meta name=\"twitter:label1\" content=\"Gesch\u00e4tzte Lesezeit\" \/>\n\t<meta name=\"twitter:data1\" content=\"2\u00a0Minuten\" \/>\n<script type=\"application\/ld+json\" class=\"yoast-schema-graph\">{\"@context\":\"https:\\\/\\\/schema.org\",\"@graph\":[{\"@type\":\"WebPage\",\"@id\":\"https:\\\/\\\/glassbottlewholesale.com\\\/bulk-glass-bottles-with-lids-wholesale\\\/\",\"url\":\"https:\\\/\\\/ruishengglassco.com\\\/product\\\/rs107-bulk-glass-bottles-with-lids-manufacturers\",\"name\":\"Bulk Empty Liquor Bottles For Sale | Wholesale Glass Bottles With Lids\",\"isPartOf\":{\"@id\":\"https:\\\/\\\/glassbottlewholesale.com\\\/#website\"},\"primaryImageOfPage\":{\"@id\":\"https:\\\/\\\/ruishengglassco.com\\\/product\\\/rs107-bulk-glass-bottles-with-lids-manufacturers#primaryimage\"},\"image\":{\"@id\":\"https:\\\/\\\/ruishengglassco.com\\\/product\\\/rs107-bulk-glass-bottles-with-lids-manufacturers#primaryimage\"},\"thumbnailUrl\":\"https:\\\/\\\/glassbottlewholesale.com\\\/wp-content\\\/uploads\\\/2023\\\/12\\\/Bulk-Glass-Bottles-With-Lids-Wholesale.jpg\",\"datePublished\":\"2019-10-15T12:31:02+00:00\",\"dateModified\":\"2025-07-10T00:48:54+00:00\",\"description\":\"Do you want to bulk empty liquor ottles for sale? Click here to wholesale glass bottles with lids for spirit. Factory Outlet Price&Free Sample.\",\"breadcrumb\":{\"@id\":\"https:\\\/\\\/ruishengglassco.com\\\/product\\\/rs107-bulk-glass-bottles-with-lids-manufacturers#breadcrumb\"},\"inLanguage\":\"de\",\"potentialAction\":[{\"@type\":\"ReadAction\",\"target\":[\"https:\\\/\\\/ruishengglassco.com\\\/product\\\/rs107-bulk-glass-bottles-with-lids-manufacturers\"]}]},{\"@type\":\"ImageObject\",\"inLanguage\":\"de\",\"@id\":\"https:\\\/\\\/ruishengglassco.com\\\/product\\\/rs107-bulk-glass-bottles-with-lids-manufacturers#primaryimage\",\"url\":\"https:\\\/\\\/glassbottlewholesale.com\\\/wp-content\\\/uploads\\\/2023\\\/12\\\/Bulk-Glass-Bottles-With-Lids-Wholesale.jpg\",\"contentUrl\":\"https:\\\/\\\/glassbottlewholesale.com\\\/wp-content\\\/uploads\\\/2023\\\/12\\\/Bulk-Glass-Bottles-With-Lids-Wholesale.jpg\",\"width\":800,\"height\":800,\"caption\":\"Bulk Glass Bottles With Lids Wholesale\"},{\"@type\":\"BreadcrumbList\",\"@id\":\"https:\\\/\\\/ruishengglassco.com\\\/product\\\/rs107-bulk-glass-bottles-with-lids-manufacturers#breadcrumb\",\"itemListElement\":[{\"@type\":\"ListItem\",\"position\":1,\"name\":\"Home\",\"item\":\"https:\\\/\\\/glassbottlewholesale.com\\\/\"},{\"@type\":\"ListItem\",\"position\":2,\"name\":\"Products\",\"item\":\"https:\\\/\\\/glassbottlewholesale.com\\\/shop\\\/\"},{\"@type\":\"ListItem\",\"position\":3,\"name\":\"RS107: Bulk Glass Bottles With Lids Wholesale\"}]},{\"@type\":\"WebSite\",\"@id\":\"https:\\\/\\\/glassbottlewholesale.com\\\/#website\",\"url\":\"https:\\\/\\\/glassbottlewholesale.com\\\/\",\"name\":\"Glass Bottle Wholesale\",\"description\":\"\",\"publisher\":{\"@id\":\"https:\\\/\\\/glassbottlewholesale.com\\\/#organization\"},\"potentialAction\":[{\"@type\":\"SearchAction\",\"target\":{\"@type\":\"EntryPoint\",\"urlTemplate\":\"https:\\\/\\\/glassbottlewholesale.com\\\/?s={search_term_string}\"},\"query-input\":{\"@type\":\"PropertyValueSpecification\",\"valueRequired\":true,\"valueName\":\"search_term_string\"}}],\"inLanguage\":\"de\"},{\"@type\":\"Organization\",\"@id\":\"https:\\\/\\\/glassbottlewholesale.com\\\/#organization\",\"name\":\"Glass Bottle Wholesale\",\"url\":\"https:\\\/\\\/glassbottlewholesale.com\\\/\",\"logo\":{\"@type\":\"ImageObject\",\"inLanguage\":\"de\",\"@id\":\"https:\\\/\\\/glassbottlewholesale.com\\\/#\\\/schema\\\/logo\\\/image\\\/\",\"url\":\"https:\\\/\\\/glassbottlewholesale.com\\\/wp-content\\\/uploads\\\/2023\\\/12\\\/ruisheng-logo.webp\",\"contentUrl\":\"https:\\\/\\\/glassbottlewholesale.com\\\/wp-content\\\/uploads\\\/2023\\\/12\\\/ruisheng-logo.webp\",\"width\":400,\"height\":233,\"caption\":\"Glass Bottle Wholesale\"},\"image\":{\"@id\":\"https:\\\/\\\/glassbottlewholesale.com\\\/#\\\/schema\\\/logo\\\/image\\\/\"}}]}<\/script>\n<!-- \/ Yoast SEO plugin. -->","yoast_head_json":{"title":"Bulk leere Schnapsflaschen zu verkaufen | Gro\u00dfhandel Glasflaschen mit Deckeln","description":"M\u00f6chten Sie leere Spirituosenflaschen zum Verkauf anbieten? Klicken Sie hier, um Gro\u00dfhandel Glasflaschen mit Deckeln f\u00fcr Alkohol. Factory Outlet Price&amp;Free Sample.","robots":{"index":"index","follow":"follow","max-snippet":"max-snippet:-1","max-image-preview":"max-image-preview:large","max-video-preview":"max-video-preview:-1"},"canonical":"https:\/\/ruishengglassco.com\/product\/rs107-bulk-glass-bottles-with-lids-manufacturers","og_locale":"de_DE","og_type":"article","og_title":"Bulk Empty Liquor Bottles For Sale | Wholesale Glass Bottles With Lids","og_description":"Do you want to bulk empty liquor ottles for sale? Click here to wholesale glass bottles with lids for spirit. Factory Outlet Price&Free Sample.","og_url":"https:\/\/ruishengglassco.com\/product\/rs107-bulk-glass-bottles-with-lids-manufacturers","og_site_name":"Glass Bottle Wholesale","article_modified_time":"2025-07-10T00:48:54+00:00","og_image":[{"width":800,"height":800,"url":"https:\/\/glassbottlewholesale.com\/wp-content\/uploads\/2023\/12\/Bulk-Glass-Bottles-With-Lids-Wholesale.jpg","type":"image\/jpeg"}],"twitter_card":"summary_large_image","twitter_misc":{"Gesch\u00e4tzte Lesezeit":"2\u00a0Minuten"},"schema":{"@context":"https:\/\/schema.org","@graph":[{"@type":"WebPage","@id":"https:\/\/glassbottlewholesale.com\/bulk-glass-bottles-with-lids-wholesale\/","url":"https:\/\/ruishengglassco.com\/product\/rs107-bulk-glass-bottles-with-lids-manufacturers","name":"Bulk leere Schnapsflaschen zu verkaufen | Gro\u00dfhandel Glasflaschen mit Deckeln","isPartOf":{"@id":"https:\/\/glassbottlewholesale.com\/#website"},"primaryImageOfPage":{"@id":"https:\/\/ruishengglassco.com\/product\/rs107-bulk-glass-bottles-with-lids-manufacturers#primaryimage"},"image":{"@id":"https:\/\/ruishengglassco.com\/product\/rs107-bulk-glass-bottles-with-lids-manufacturers#primaryimage"},"thumbnailUrl":"https:\/\/glassbottlewholesale.com\/wp-content\/uploads\/2023\/12\/Bulk-Glass-Bottles-With-Lids-Wholesale.jpg","datePublished":"2019-10-15T12:31:02+00:00","dateModified":"2025-07-10T00:48:54+00:00","description":"M\u00f6chten Sie leere Spirituosenflaschen zum Verkauf anbieten? Klicken Sie hier, um Gro\u00dfhandel Glasflaschen mit Deckeln f\u00fcr Alkohol. Factory Outlet Price&amp;Free Sample.","breadcrumb":{"@id":"https:\/\/ruishengglassco.com\/product\/rs107-bulk-glass-bottles-with-lids-manufacturers#breadcrumb"},"inLanguage":"de","potentialAction":[{"@type":"ReadAction","target":["https:\/\/ruishengglassco.com\/product\/rs107-bulk-glass-bottles-with-lids-manufacturers"]}]},{"@type":"ImageObject","inLanguage":"de","@id":"https:\/\/ruishengglassco.com\/product\/rs107-bulk-glass-bottles-with-lids-manufacturers#primaryimage","url":"https:\/\/glassbottlewholesale.com\/wp-content\/uploads\/2023\/12\/Bulk-Glass-Bottles-With-Lids-Wholesale.jpg","contentUrl":"https:\/\/glassbottlewholesale.com\/wp-content\/uploads\/2023\/12\/Bulk-Glass-Bottles-With-Lids-Wholesale.jpg","width":800,"height":800,"caption":"Bulk Glass Bottles With Lids Wholesale"},{"@type":"BreadcrumbList","@id":"https:\/\/ruishengglassco.com\/product\/rs107-bulk-glass-bottles-with-lids-manufacturers#breadcrumb","itemListElement":[{"@type":"ListItem","position":1,"name":"Home","item":"https:\/\/glassbottlewholesale.com\/"},{"@type":"ListItem","position":2,"name":"Products","item":"https:\/\/glassbottlewholesale.com\/shop\/"},{"@type":"ListItem","position":3,"name":"RS107: Bulk Glass Bottles With Lids Wholesale"}]},{"@type":"WebSite","@id":"https:\/\/glassbottlewholesale.com\/#website","url":"https:\/\/glassbottlewholesale.com\/","name":"Glass Bottle Wholesale","description":"","publisher":{"@id":"https:\/\/glassbottlewholesale.com\/#organization"},"potentialAction":[{"@type":"SearchAction","target":{"@type":"EntryPoint","urlTemplate":"https:\/\/glassbottlewholesale.com\/?s={search_term_string}"},"query-input":{"@type":"PropertyValueSpecification","valueRequired":true,"valueName":"search_term_string"}}],"inLanguage":"de"},{"@type":"Organization","@id":"https:\/\/glassbottlewholesale.com\/#organization","name":"Glass Bottle Wholesale","url":"https:\/\/glassbottlewholesale.com\/","logo":{"@type":"ImageObject","inLanguage":"de","@id":"https:\/\/glassbottlewholesale.com\/#\/schema\/logo\/image\/","url":"https:\/\/glassbottlewholesale.com\/wp-content\/uploads\/2023\/12\/ruisheng-logo.webp","contentUrl":"https:\/\/glassbottlewholesale.com\/wp-content\/uploads\/2023\/12\/ruisheng-logo.webp","width":400,"height":233,"caption":"Glass Bottle Wholesale"},"image":{"@id":"https:\/\/glassbottlewholesale.com\/#\/schema\/logo\/image\/"}}]}},"_links":{"self":[{"href":"https:\/\/glassbottlewholesale.com\/de\/wp-json\/wp\/v2\/product\/485","targetHints":{"allow":["GET"]}}],"collection":[{"href":"https:\/\/glassbottlewholesale.com\/de\/wp-json\/wp\/v2\/product"}],"about":[{"href":"https:\/\/glassbottlewholesale.com\/de\/wp-json\/wp\/v2\/types\/product"}],"replies":[{"embeddable":true,"href":"https:\/\/glassbottlewholesale.com\/de\/wp-json\/wp\/v2\/comments?post=485"}],"wp:featuredmedia":[{"embeddable":true,"href":"https:\/\/glassbottlewholesale.com\/de\/wp-json\/wp\/v2\/media\/4386"}],"wp:attachment":[{"href":"https:\/\/glassbottlewholesale.com\/de\/wp-json\/wp\/v2\/media?parent=485"}],"wp:term":[{"taxonomy":"product_brand","embeddable":true,"href":"https:\/\/glassbottlewholesale.com\/de\/wp-json\/wp\/v2\/product_brand?post=485"},{"taxonomy":"product_cat","embeddable":true,"href":"https:\/\/glassbottlewholesale.com\/de\/wp-json\/wp\/v2\/product_cat?post=485"},{"taxonomy":"product_tag","embeddable":true,"href":"https:\/\/glassbottlewholesale.com\/de\/wp-json\/wp\/v2\/product_tag?post=485"}],"curies":[{"name":"wp","href":"https:\/\/api.w.org\/{rel}","templated":true}]}}