{"id":489,"date":"2019-10-15T12:33:51","date_gmt":"2019-10-15T12:33:51","guid":{"rendered":"https:\/\/queenchingglass.com\/?post_type=product&#038;p=489"},"modified":"2025-07-10T00:46:52","modified_gmt":"2025-07-10T00:46:52","slug":"1500ml-alkohol-glasflaschen-mit-deckeln","status":"publish","type":"product","link":"https:\/\/glassbottlewholesale.com\/de\/1500ml-alkohol-glasflaschen-mit-deckeln\/","title":{"rendered":"RS105: 1500 ml Alkohol-Glasflaschen mit Deckel"},"content":{"rendered":"<div class=\"wpb-content-wrapper\"><div class=\"vc_row wpb_row vc_row-fluid\"><div class=\"wpb_column vc_column_container vc_col-sm-12\"><div class=\"vc_column-inner\"><div class=\"wpb_wrapper\">\n\t<div class=\"wpb_text_column wpb_content_element\" >\n\t\t<div class=\"wpb_wrapper\">\n\t\t\t<p>Ruisheng, ein professioneller Hersteller von Glasflaschen in China, stellt Glasflaschen mit Deckeln f\u00fcr Alkohol her. Die Fabrik ist auf hochwertige Glasflaschenherstellung seit 2009 konzentriert. Unsere diese verkorkt Glasflaschen oft als Glas Alkohol Flasche, Whiskey-Flasche, Brandy-Flasche, Wodka-Flasche, Rum-Flasche, Gin-Flasche, und andere Spirituosen-Flaschen f\u00fcr Weing\u00fcter, Einkaufszentren, Superm\u00e4rkte, Glasflasche Gro\u00dfh\u00e4ndler und H\u00e4ndler, etc. verwendet.<\/p>\n<p>Als Anbieter von Glasflaschen verwendet Ruisheng f\u00fcr die Herstellung von Glasflaschen mit Stopfen Superflint-Glasmaterial, das die Glasflasche klarer, transparenter und glatter macht. Ruisheng bietet 3 Arten von Deckeln zur Auswahl: Kork, Schraubverschluss, Guala Cap. In der Zwischenzeit bieten wir kundenspezifischen Glasflaschenservice: Glasflaschenvorlage, Farbe, Kapazit\u00e4t, Logo und andere. Hier sind einige Details \u00fcber unsere Glasflasche Gro\u00dfhandel:<\/p>\n<p>\u00dcber 1500ml Alkoholflaschen Gro\u00dfhandel<\/p>\n<ul>\n<li><strong>Name:\u00a0<\/strong>\u00a01500ml Alkohol-Glasflaschen<\/li>\n<li><strong>Marke:<\/strong>\u00a0RS<\/li>\n<li><strong>Farbe:<\/strong>\u00a0Klar<\/li>\n<li><strong>Material:<\/strong>\u00a0Kristallwei\u00dfes Material, extrem wei\u00dfes Material<\/li>\n<li><strong>Mindestbestellmenge:<\/strong>\u00a010000 STK<\/li>\n<li><strong>Besonderheit:<\/strong>\u00a0Hohe Qualit\u00e4t, transparent, unzerbrechlich, recycelbar<\/li>\n<li><strong>Standard:<\/strong>\u00a0ISO9001:2008, ISO14001:2004, FDA<\/li>\n<li><strong>Verpackungsmethode:<\/strong>\u00a0Standard-Export-Verpackung oder kundenspezifische Verpackung<\/li>\n<li><strong>Zahlungsfrist:<\/strong>\u00a0T\/T, L\/C, Western Union, Paypal.<\/li>\n<li><strong>Lieferzeiten:<\/strong>\u00a0Innerhalb von 20-30 Tagen je nach gew\u00fcnschter Gr\u00f6\u00dfe und Menge.<\/li>\n<li><strong>Bieten Sie kostenlose Muster an, wenn wir<\/strong><\/li>\n<\/ul>\n<p>Nach fast 10 Jahren der Entwicklung ist Ruisheng heute ein gro\u00dfes internationales Unternehmen mit einer Fl\u00e4che von mehr als 300.000 Hektar und einer t\u00e4glichen Produktionskapazit\u00e4t von mehr als 120.000 St\u00fcck Flaschen. Unsere Glasflaschen mit Korken werden in die USA, Gro\u00dfbritannien, Frankreich, \u00c4gypten, VAE, Argentinien, S\u00fcdamerika und andere L\u00e4nder exportiert.<\/p>\n<p>Wenn Sie an losen Glasflaschen mit Deckel interessiert sind, k\u00f6nnen Sie uns gerne kontaktieren. Wir werden Ihnen innerhalb von 24 Stunden antworten. Sie k\u00f6nnen auch <a href=\"https:\/\/glassbottlewholesale.com\/de\/contact\/\">eine Nachricht hinterlassen<\/a> an uns, wir werden Sie so schnell wie m\u00f6glich kontaktieren.<\/p>\n\n\t\t<\/div>\n\t<\/div>\n<\/div><\/div><\/div><\/div>\n<\/div>","protected":false},"excerpt":{"rendered":"<table class=\"tg\">\n<tbody>\n<tr>\n<th class=\"tg-24i8\" colspan=\"2\">1500ml Alkohol Glasflaschen mit Deckel<\/th>\n<\/tr>\n<tr>\n<td class=\"tg-b7b8\">Referenz:<\/td>\n<td class=\"tg-b7b8\">RS105<\/td>\n<\/tr>\n<tr>\n<td class=\"tg-yw4l\">Hauptmaterial:<\/td>\n<td class=\"tg-yw4l\">Hochwertiges Flintglas (,dieses Material wird auch als kristallwei\u00dfes Glas bezeichnet )<\/td>\n<\/tr>\n<tr>\n<td class=\"tg-b7b8\">Deckel:<\/td>\n<td class=\"tg-b7b8\">Kork, Schraubverschluss, Guala Cap.<\/td>\n<\/tr>\n<tr>\n<td class=\"tg-yw4l\">Kapazit\u00e4t:<\/td>\n<td class=\"tg-yw4l\">1500ML<\/td>\n<\/tr>\n<tr>\n<td class=\"tg-b7b8\">Besonderheit:<\/td>\n<td class=\"tg-b7b8\">Umweltfreundlich<\/td>\n<\/tr>\n<tr>\n<td class=\"tg-yw4l\">Mindestbestellmenge:<\/td>\n<td class=\"tg-yw4l\">10000 STK<\/td>\n<\/tr>\n<tr>\n<td class=\"tg-b7b8\">Art der Verpackung:<\/td>\n<td class=\"tg-b7b8\">Export Standardkarton \/ Palette \/ Export Standardkarton und Palette<\/td>\n<\/tr>\n<tr>\n<td class=\"tg-yw4l\">OEM\/ODM:<\/td>\n<td class=\"tg-yw4l\">Willkommen<\/td>\n<\/tr>\n<tr>\n<td class=\"tg-b7b8\">Herkunft des Ortes:<\/td>\n<td class=\"tg-b7b8\">Shandong, China<\/td>\n<\/tr>\n<tr>\n<td class=\"tg-yw4l\">Stk.\/Karton:<\/td>\n<td class=\"tg-yw4l\">24 St\u00fcck oder nach Kundenwunsch<\/td>\n<\/tr>\n<\/tbody>\n<\/table>","protected":false},"featured_media":490,"comment_status":"open","ping_status":"closed","template":"","meta":[],"product_brand":[],"product_cat":[54,63],"product_tag":[],"class_list":{"0":"post-489","1":"product","2":"type-product","3":"status-publish","4":"has-post-thumbnail","6":"product_cat-1500ml-glass-bottle","7":"product_cat-liquor-bottle","8":"entry","9":"has-media","11":"first","12":"instock","13":"shipping-taxable","14":"product-type-simple"},"yoast_head":"<!-- This site is optimized with the Yoast SEO plugin v27.3 - https:\/\/yoast.com\/product\/yoast-seo-wordpress\/ -->\n<title>Bulk Glass Bottles With Lids | 1500ml Alcohol Bottles Wholesale-RS<\/title>\n<meta name=\"description\" content=\"Bulk Glass Bottles with Lids in Wholesale Price! High Quality 1500ml Alcohol Glass Bottles With Free Sample&amp;5 Years Warranty.\" \/>\n<meta name=\"robots\" content=\"index, follow, max-snippet:-1, max-image-preview:large, max-video-preview:-1\" \/>\n<link rel=\"canonical\" href=\"https:\/\/ruishengglassco.com\/product\/rs105-1500ml-alcohol-glass-bottles-with-lids\" \/>\n<meta property=\"og:locale\" content=\"de_DE\" \/>\n<meta property=\"og:type\" content=\"article\" \/>\n<meta property=\"og:title\" content=\"Bulk Glass Bottles With Lids | 1500ml Alcohol Bottles Wholesale-RS\" \/>\n<meta property=\"og:description\" content=\"Bulk Glass Bottles with Lids in Wholesale Price! High Quality 1500ml Alcohol Glass Bottles With Free Sample&amp;5 Years Warranty.\" \/>\n<meta property=\"og:url\" content=\"https:\/\/ruishengglassco.com\/product\/rs105-1500ml-alcohol-glass-bottles-with-lids\" \/>\n<meta property=\"og:site_name\" content=\"Glass Bottle Wholesale\" \/>\n<meta property=\"article:modified_time\" content=\"2025-07-10T00:46:52+00:00\" \/>\n<meta property=\"og:image\" content=\"https:\/\/glassbottlewholesale.com\/wp-content\/uploads\/2019\/10\/\u767d\u915213.jpg\" \/>\n\t<meta property=\"og:image:width\" content=\"640\" \/>\n\t<meta property=\"og:image:height\" content=\"640\" \/>\n\t<meta property=\"og:image:type\" content=\"image\/jpeg\" \/>\n<meta name=\"twitter:card\" content=\"summary_large_image\" \/>\n<meta name=\"twitter:label1\" content=\"Gesch\u00e4tzte Lesezeit\" \/>\n\t<meta name=\"twitter:data1\" content=\"2\u00a0Minuten\" \/>\n<script type=\"application\/ld+json\" class=\"yoast-schema-graph\">{\"@context\":\"https:\\\/\\\/schema.org\",\"@graph\":[{\"@type\":\"WebPage\",\"@id\":\"https:\\\/\\\/glassbottlewholesale.com\\\/1500ml-alcohol-glass-bottles-with-lids\\\/\",\"url\":\"https:\\\/\\\/ruishengglassco.com\\\/product\\\/rs105-1500ml-alcohol-glass-bottles-with-lids\",\"name\":\"Bulk Glass Bottles With Lids | 1500ml Alcohol Bottles Wholesale-RS\",\"isPartOf\":{\"@id\":\"https:\\\/\\\/glassbottlewholesale.com\\\/#website\"},\"primaryImageOfPage\":{\"@id\":\"https:\\\/\\\/ruishengglassco.com\\\/product\\\/rs105-1500ml-alcohol-glass-bottles-with-lids#primaryimage\"},\"image\":{\"@id\":\"https:\\\/\\\/ruishengglassco.com\\\/product\\\/rs105-1500ml-alcohol-glass-bottles-with-lids#primaryimage\"},\"thumbnailUrl\":\"https:\\\/\\\/glassbottlewholesale.com\\\/wp-content\\\/uploads\\\/2019\\\/10\\\/\u767d\u915213.jpg\",\"datePublished\":\"2019-10-15T12:33:51+00:00\",\"dateModified\":\"2025-07-10T00:46:52+00:00\",\"description\":\"Bulk Glass Bottles with Lids in Wholesale Price! High Quality 1500ml Alcohol Glass Bottles With Free Sample&5 Years Warranty.\",\"breadcrumb\":{\"@id\":\"https:\\\/\\\/ruishengglassco.com\\\/product\\\/rs105-1500ml-alcohol-glass-bottles-with-lids#breadcrumb\"},\"inLanguage\":\"de\",\"potentialAction\":[{\"@type\":\"ReadAction\",\"target\":[\"https:\\\/\\\/ruishengglassco.com\\\/product\\\/rs105-1500ml-alcohol-glass-bottles-with-lids\"]}]},{\"@type\":\"ImageObject\",\"inLanguage\":\"de\",\"@id\":\"https:\\\/\\\/ruishengglassco.com\\\/product\\\/rs105-1500ml-alcohol-glass-bottles-with-lids#primaryimage\",\"url\":\"https:\\\/\\\/glassbottlewholesale.com\\\/wp-content\\\/uploads\\\/2019\\\/10\\\/\u767d\u915213.jpg\",\"contentUrl\":\"https:\\\/\\\/glassbottlewholesale.com\\\/wp-content\\\/uploads\\\/2019\\\/10\\\/\u767d\u915213.jpg\",\"width\":640,\"height\":640,\"caption\":\"Bulk Glass Bottles With Lids\"},{\"@type\":\"BreadcrumbList\",\"@id\":\"https:\\\/\\\/ruishengglassco.com\\\/product\\\/rs105-1500ml-alcohol-glass-bottles-with-lids#breadcrumb\",\"itemListElement\":[{\"@type\":\"ListItem\",\"position\":1,\"name\":\"Home\",\"item\":\"https:\\\/\\\/glassbottlewholesale.com\\\/\"},{\"@type\":\"ListItem\",\"position\":2,\"name\":\"Products\",\"item\":\"https:\\\/\\\/glassbottlewholesale.com\\\/shop\\\/\"},{\"@type\":\"ListItem\",\"position\":3,\"name\":\"RS105: 1500ml Alcohol Glass Bottles With Lids\"}]},{\"@type\":\"WebSite\",\"@id\":\"https:\\\/\\\/glassbottlewholesale.com\\\/#website\",\"url\":\"https:\\\/\\\/glassbottlewholesale.com\\\/\",\"name\":\"Glass Bottle Wholesale\",\"description\":\"\",\"publisher\":{\"@id\":\"https:\\\/\\\/glassbottlewholesale.com\\\/#organization\"},\"potentialAction\":[{\"@type\":\"SearchAction\",\"target\":{\"@type\":\"EntryPoint\",\"urlTemplate\":\"https:\\\/\\\/glassbottlewholesale.com\\\/?s={search_term_string}\"},\"query-input\":{\"@type\":\"PropertyValueSpecification\",\"valueRequired\":true,\"valueName\":\"search_term_string\"}}],\"inLanguage\":\"de\"},{\"@type\":\"Organization\",\"@id\":\"https:\\\/\\\/glassbottlewholesale.com\\\/#organization\",\"name\":\"Glass Bottle Wholesale\",\"url\":\"https:\\\/\\\/glassbottlewholesale.com\\\/\",\"logo\":{\"@type\":\"ImageObject\",\"inLanguage\":\"de\",\"@id\":\"https:\\\/\\\/glassbottlewholesale.com\\\/#\\\/schema\\\/logo\\\/image\\\/\",\"url\":\"https:\\\/\\\/glassbottlewholesale.com\\\/wp-content\\\/uploads\\\/2023\\\/12\\\/ruisheng-logo.webp\",\"contentUrl\":\"https:\\\/\\\/glassbottlewholesale.com\\\/wp-content\\\/uploads\\\/2023\\\/12\\\/ruisheng-logo.webp\",\"width\":400,\"height\":233,\"caption\":\"Glass Bottle Wholesale\"},\"image\":{\"@id\":\"https:\\\/\\\/glassbottlewholesale.com\\\/#\\\/schema\\\/logo\\\/image\\\/\"}}]}<\/script>\n<!-- \/ Yoast SEO plugin. -->","yoast_head_json":{"title":"Bulk-Glasflaschen mit Deckel | 1500ml Alkohol-Flaschen Gro\u00dfhandel-RS","description":"Bulk Glasflaschen mit Deckel im Gro\u00dfhandelspreis! Hochwertige 1500ml Alkohol-Glasflaschen mit kostenloser Probe &amp; 5 Jahre Garantie.","robots":{"index":"index","follow":"follow","max-snippet":"max-snippet:-1","max-image-preview":"max-image-preview:large","max-video-preview":"max-video-preview:-1"},"canonical":"https:\/\/ruishengglassco.com\/product\/rs105-1500ml-alcohol-glass-bottles-with-lids","og_locale":"de_DE","og_type":"article","og_title":"Bulk Glass Bottles With Lids | 1500ml Alcohol Bottles Wholesale-RS","og_description":"Bulk Glass Bottles with Lids in Wholesale Price! High Quality 1500ml Alcohol Glass Bottles With Free Sample&5 Years Warranty.","og_url":"https:\/\/ruishengglassco.com\/product\/rs105-1500ml-alcohol-glass-bottles-with-lids","og_site_name":"Glass Bottle Wholesale","article_modified_time":"2025-07-10T00:46:52+00:00","og_image":[{"width":640,"height":640,"url":"https:\/\/glassbottlewholesale.com\/wp-content\/uploads\/2019\/10\/\u767d\u915213.jpg","type":"image\/jpeg"}],"twitter_card":"summary_large_image","twitter_misc":{"Gesch\u00e4tzte Lesezeit":"2\u00a0Minuten"},"schema":{"@context":"https:\/\/schema.org","@graph":[{"@type":"WebPage","@id":"https:\/\/glassbottlewholesale.com\/1500ml-alcohol-glass-bottles-with-lids\/","url":"https:\/\/ruishengglassco.com\/product\/rs105-1500ml-alcohol-glass-bottles-with-lids","name":"Bulk-Glasflaschen mit Deckel | 1500ml Alkohol-Flaschen Gro\u00dfhandel-RS","isPartOf":{"@id":"https:\/\/glassbottlewholesale.com\/#website"},"primaryImageOfPage":{"@id":"https:\/\/ruishengglassco.com\/product\/rs105-1500ml-alcohol-glass-bottles-with-lids#primaryimage"},"image":{"@id":"https:\/\/ruishengglassco.com\/product\/rs105-1500ml-alcohol-glass-bottles-with-lids#primaryimage"},"thumbnailUrl":"https:\/\/glassbottlewholesale.com\/wp-content\/uploads\/2019\/10\/\u767d\u915213.jpg","datePublished":"2019-10-15T12:33:51+00:00","dateModified":"2025-07-10T00:46:52+00:00","description":"Bulk Glasflaschen mit Deckel im Gro\u00dfhandelspreis! Hochwertige 1500ml Alkohol-Glasflaschen mit kostenloser Probe &amp; 5 Jahre Garantie.","breadcrumb":{"@id":"https:\/\/ruishengglassco.com\/product\/rs105-1500ml-alcohol-glass-bottles-with-lids#breadcrumb"},"inLanguage":"de","potentialAction":[{"@type":"ReadAction","target":["https:\/\/ruishengglassco.com\/product\/rs105-1500ml-alcohol-glass-bottles-with-lids"]}]},{"@type":"ImageObject","inLanguage":"de","@id":"https:\/\/ruishengglassco.com\/product\/rs105-1500ml-alcohol-glass-bottles-with-lids#primaryimage","url":"https:\/\/glassbottlewholesale.com\/wp-content\/uploads\/2019\/10\/\u767d\u915213.jpg","contentUrl":"https:\/\/glassbottlewholesale.com\/wp-content\/uploads\/2019\/10\/\u767d\u915213.jpg","width":640,"height":640,"caption":"Bulk Glass Bottles With Lids"},{"@type":"BreadcrumbList","@id":"https:\/\/ruishengglassco.com\/product\/rs105-1500ml-alcohol-glass-bottles-with-lids#breadcrumb","itemListElement":[{"@type":"ListItem","position":1,"name":"Home","item":"https:\/\/glassbottlewholesale.com\/"},{"@type":"ListItem","position":2,"name":"Products","item":"https:\/\/glassbottlewholesale.com\/shop\/"},{"@type":"ListItem","position":3,"name":"RS105: 1500ml Alcohol Glass Bottles With Lids"}]},{"@type":"WebSite","@id":"https:\/\/glassbottlewholesale.com\/#website","url":"https:\/\/glassbottlewholesale.com\/","name":"Glass Bottle Wholesale","description":"","publisher":{"@id":"https:\/\/glassbottlewholesale.com\/#organization"},"potentialAction":[{"@type":"SearchAction","target":{"@type":"EntryPoint","urlTemplate":"https:\/\/glassbottlewholesale.com\/?s={search_term_string}"},"query-input":{"@type":"PropertyValueSpecification","valueRequired":true,"valueName":"search_term_string"}}],"inLanguage":"de"},{"@type":"Organization","@id":"https:\/\/glassbottlewholesale.com\/#organization","name":"Glass Bottle Wholesale","url":"https:\/\/glassbottlewholesale.com\/","logo":{"@type":"ImageObject","inLanguage":"de","@id":"https:\/\/glassbottlewholesale.com\/#\/schema\/logo\/image\/","url":"https:\/\/glassbottlewholesale.com\/wp-content\/uploads\/2023\/12\/ruisheng-logo.webp","contentUrl":"https:\/\/glassbottlewholesale.com\/wp-content\/uploads\/2023\/12\/ruisheng-logo.webp","width":400,"height":233,"caption":"Glass Bottle Wholesale"},"image":{"@id":"https:\/\/glassbottlewholesale.com\/#\/schema\/logo\/image\/"}}]}},"_links":{"self":[{"href":"https:\/\/glassbottlewholesale.com\/de\/wp-json\/wp\/v2\/product\/489","targetHints":{"allow":["GET"]}}],"collection":[{"href":"https:\/\/glassbottlewholesale.com\/de\/wp-json\/wp\/v2\/product"}],"about":[{"href":"https:\/\/glassbottlewholesale.com\/de\/wp-json\/wp\/v2\/types\/product"}],"replies":[{"embeddable":true,"href":"https:\/\/glassbottlewholesale.com\/de\/wp-json\/wp\/v2\/comments?post=489"}],"wp:featuredmedia":[{"embeddable":true,"href":"https:\/\/glassbottlewholesale.com\/de\/wp-json\/wp\/v2\/media\/490"}],"wp:attachment":[{"href":"https:\/\/glassbottlewholesale.com\/de\/wp-json\/wp\/v2\/media?parent=489"}],"wp:term":[{"taxonomy":"product_brand","embeddable":true,"href":"https:\/\/glassbottlewholesale.com\/de\/wp-json\/wp\/v2\/product_brand?post=489"},{"taxonomy":"product_cat","embeddable":true,"href":"https:\/\/glassbottlewholesale.com\/de\/wp-json\/wp\/v2\/product_cat?post=489"},{"taxonomy":"product_tag","embeddable":true,"href":"https:\/\/glassbottlewholesale.com\/de\/wp-json\/wp\/v2\/product_tag?post=489"}],"curies":[{"name":"wp","href":"https:\/\/api.w.org\/{rel}","templated":true}]}}