{"id":508,"date":"2019-12-15T12:47:19","date_gmt":"2019-12-15T12:47:19","guid":{"rendered":"https:\/\/queenchingglass.com\/?post_type=product&#038;p=508"},"modified":"2025-07-10T02:30:50","modified_gmt":"2025-07-10T02:30:50","slug":"kundenspezifische-boston-runde-375ml-flaschen-groshandel-fur-wein-wodka-schnaps","status":"publish","type":"product","link":"https:\/\/glassbottlewholesale.com\/de\/kundenspezifische-boston-runde-375ml-flaschen-groshandel-fur-wein-wodka-schnaps\/","title":{"rendered":"RS050: Ma\u00dfgeschneiderte Boston Round 375ml Flaschen Gro\u00dfhandel f\u00fcr Wein\/Wodka\/Brandy"},"content":{"rendered":"<div class=\"wpb-content-wrapper\"><div class=\"vc_row wpb_row vc_row-fluid\"><div class=\"wpb_column vc_column_container vc_col-sm-12\"><div class=\"vc_column-inner\"><div class=\"wpb_wrapper\">\n\t<div class=\"wpb_text_column wpb_content_element\" >\n\t\t<div class=\"wpb_wrapper\">\n\t\t\t<p>Customized Boston Runde Glasflaschen Gro\u00dfhandel ist einer der hei\u00dfen Verkauf Glasflaschen in unserer Fabrik. Dieser Fabrikverkauf 375ml Glasflaschen Verkauf an viele L\u00e4nder und Regionen, wie Australien, Amerika, Europa, Neuseeland, und so weiter.  Diese leere Boston runde Glasflasche kann verwendet werden, um Wein, Wodka, Schnaps, Gin, Rum und andere Fl\u00fcssigkeit zu halten.<\/p>\n<p>Unsere 375-ml-Glasflaschen im Gro\u00dfhandel sind mit einem Bardeckel\/Korken versehen. Diese <a href=\"https:\/\/ruishengglassco.com\/\">Glasflasche zu verkaufen<\/a> ist eine traditionelle Weinflasche im nordischen Stil, eine einfache runde Form, die sich ideal zum Etikettieren eignet. Wir produzieren diese zylinderf\u00f6rmigen Glasflaschen f\u00fcr viele Destillerieunternehmen aus der ganzen Welt. Wir bieten eine 19,5 mm gro\u00dfe Kappe an, die durch Reibung auf die Glasweinflasche aufgesetzt wird. Das Gewicht dieser Flasche betr\u00e4gt 420 g. Das Schwergewicht verf\u00fcgt \u00fcber einen dicken Boden, der ein hochwertiges Element f\u00f6rdert.<\/p>\n<h4>Die Details der 375ml Glasweinflaschen<\/h4>\n<p>Das Material dieser Weinglasflaschen ist hochwertiges Flintglas, es ist das beste Material f\u00fcr Glasflaschen.<\/p>\n<p>Die leere Schnapsflasche hat einen Durchmesser von 75 mm und eine H\u00f6he von 175 mm. Die M\u00fcndung ist aus Kork. Und wir k\u00f6nnen seine M\u00fcndung \u00e4ndern, um Schraubverschluss zu sein, wenn Sie es brauchen.<\/p>\n<p>\u00dcber die Verpackung Weg f\u00fcr diese 375ml Bulk Glasflaschen, haben wir drei M\u00f6glichkeiten. Der erste Weg ist die Kartonverpackung. Wir verwenden in der Regel Standard-Export-Karton, um diese Flasche zu verpacken, ist dieser Karton eine f\u00fcnfschichtige Wellpappe gemacht. Auf diesem Karton schreiben wir einfach den Namen der Glasflasche, die Kapazit\u00e4t und die Anzahl der Flaschen in den Kartons. Wenn Sie Ihre benutzerdefinierte Farbe Box machen wollen, k\u00f6nnen wir es auch machen.<\/p>\n<p>Die zweite Verpackungsart f\u00fcr diese Glasflaschen ist die Palette. Unsere Palette ist frei von Begasung. Dieser Weg ist sehr einfach, die Glasflaschen zu tragen und spart viel Zeit.<\/p>\n<p>Die letzte Verpackungsmethode f\u00fcr diese Flaschen ist eine Kombination aus der ersten und zweiten Methode. Es ist die beste und sicherste Art, Glasflaschen zu verpacken.<\/p>\n<p>Wenn Sie daran interessiert sind, Boston Round Glass Bottles Wholesale 375ml zu kaufen, hinterlassen Sie bitte hier eine Nachricht, um die Details zu erhalten.<\/p>\n\n\t\t<\/div>\n\t<\/div>\n<\/div><\/div><\/div><\/div>\n<\/div>","protected":false},"excerpt":{"rendered":"<table class=\"tg\">\n<tbody>\n<tr>\n<th class=\"tg-24i8\" colspan=\"2\">Kundenspezifische 375ml Boston Runde Glasflaschen Gro\u00dfhandel<\/th>\n<\/tr>\n<tr>\n<td class=\"tg-b7b8\">Referenz:<\/td>\n<td class=\"tg-b7b8\">RS050<\/td>\n<\/tr>\n<tr>\n<td class=\"tg-yw4l\">Hauptmaterial:<\/td>\n<td class=\"tg-yw4l\">Hochflintglas (dieses Material wird auch als kristallwei\u00dfes Glas bezeichnet)<\/td>\n<\/tr>\n<tr>\n<td class=\"tg-b7b8\">Deckel:<\/td>\n<td class=\"tg-b7b8\">Kork\/Kr\u00e4henm\u00fctze<\/td>\n<\/tr>\n<tr>\n<td class=\"tg-yw4l\">Kapazit\u00e4t:<\/td>\n<td class=\"tg-yw4l\">375ml<\/td>\n<\/tr>\n<tr>\n<td class=\"tg-b7b8\">Besonderheit:<\/td>\n<td class=\"tg-b7b8\">Umweltfreundlich<\/td>\n<\/tr>\n<tr>\n<td class=\"tg-yw4l\">Mindestbestellmenge:<\/td>\n<td class=\"tg-yw4l\">10000 STK<\/td>\n<\/tr>\n<tr>\n<td class=\"tg-b7b8\">Art der Verpackung:<\/td>\n<td class=\"tg-b7b8\">Export Standardkarton \/ Palette \/ Export Standardkarton und Palette<\/td>\n<\/tr>\n<tr>\n<td class=\"tg-yw4l\">OEM\/ODM:<\/td>\n<td class=\"tg-yw4l\">Willkommen<\/td>\n<\/tr>\n<tr>\n<td class=\"tg-b7b8\">Herkunft des Ortes:<\/td>\n<td class=\"tg-b7b8\">Shandong, China<\/td>\n<\/tr>\n<tr>\n<td class=\"tg-yw4l\">Stk.\/Karton:<\/td>\n<td class=\"tg-yw4l\">24 St\u00fcck oder nach Kundenwunsch<\/td>\n<\/tr>\n<\/tbody>\n<\/table>","protected":false},"featured_media":2672,"comment_status":"open","ping_status":"closed","template":"","meta":[],"product_brand":[],"product_cat":[49,60,67],"product_tag":[],"class_list":{"0":"post-508","1":"product","2":"type-product","3":"status-publish","4":"has-post-thumbnail","6":"product_cat-375ml-glass-bottle","7":"product_cat-brandy-bottle","8":"product_cat-vodka-bottle","9":"entry","10":"has-media","12":"first","13":"instock","14":"shipping-taxable","15":"product-type-simple"},"yoast_head":"<!-- This site is optimized with the Yoast SEO plugin v27.3 - https:\/\/yoast.com\/product\/yoast-seo-wordpress\/ -->\n<title>Boston Round Glass Bottles Wholesale | Bulk Glass Flask Bottles<\/title>\n<meta name=\"description\" content=\"Buy Boston Round Glass Bottles Wholesale Always in Lowest Price! 50ml, 250ml, 750ml, 1000ml(from 2 oz to 32 oz) Glass Flask Bottles For Wine\/Vodka\/Brandy\" \/>\n<meta name=\"robots\" content=\"index, follow, max-snippet:-1, max-image-preview:large, max-video-preview:-1\" \/>\n<link rel=\"canonical\" href=\"https:\/\/ruishengglassco.com\/product\/rs050-customized-boston-round-375ml-bottles-for-wine-vodka-brandy\" \/>\n<meta property=\"og:locale\" content=\"de_DE\" \/>\n<meta property=\"og:type\" content=\"article\" \/>\n<meta property=\"og:title\" content=\"Boston Round Glass Bottles Wholesale | Bulk Glass Flask Bottles\" \/>\n<meta property=\"og:description\" content=\"Buy Boston Round Glass Bottles Wholesale Always in Lowest Price! 50ml, 250ml, 750ml, 1000ml(from 2 oz to 32 oz) Glass Flask Bottles For Wine\/Vodka\/Brandy\" \/>\n<meta property=\"og:url\" content=\"https:\/\/ruishengglassco.com\/product\/rs050-customized-boston-round-375ml-bottles-for-wine-vodka-brandy\" \/>\n<meta property=\"og:site_name\" content=\"Glass Bottle Wholesale\" \/>\n<meta property=\"article:modified_time\" content=\"2025-07-10T02:30:50+00:00\" \/>\n<meta property=\"og:image\" content=\"https:\/\/glassbottlewholesale.com\/wp-content\/uploads\/2019\/10\/18.jpg\" \/>\n\t<meta property=\"og:image:width\" content=\"800\" \/>\n\t<meta property=\"og:image:height\" content=\"800\" \/>\n\t<meta property=\"og:image:type\" content=\"image\/jpeg\" \/>\n<meta name=\"twitter:card\" content=\"summary_large_image\" \/>\n<meta name=\"twitter:label1\" content=\"Gesch\u00e4tzte Lesezeit\" \/>\n\t<meta name=\"twitter:data1\" content=\"2\u00a0Minuten\" \/>\n<script type=\"application\/ld+json\" class=\"yoast-schema-graph\">{\"@context\":\"https:\\\/\\\/schema.org\",\"@graph\":[{\"@type\":\"WebPage\",\"@id\":\"https:\\\/\\\/glassbottlewholesale.com\\\/customized-boston-round-375ml-bottles-wholesale-for-wine-vodka-brandy\\\/\",\"url\":\"https:\\\/\\\/ruishengglassco.com\\\/product\\\/rs050-customized-boston-round-375ml-bottles-for-wine-vodka-brandy\",\"name\":\"Boston Round Glass Bottles Wholesale | Bulk Glass Flask Bottles\",\"isPartOf\":{\"@id\":\"https:\\\/\\\/glassbottlewholesale.com\\\/#website\"},\"primaryImageOfPage\":{\"@id\":\"https:\\\/\\\/ruishengglassco.com\\\/product\\\/rs050-customized-boston-round-375ml-bottles-for-wine-vodka-brandy#primaryimage\"},\"image\":{\"@id\":\"https:\\\/\\\/ruishengglassco.com\\\/product\\\/rs050-customized-boston-round-375ml-bottles-for-wine-vodka-brandy#primaryimage\"},\"thumbnailUrl\":\"https:\\\/\\\/glassbottlewholesale.com\\\/wp-content\\\/uploads\\\/2019\\\/10\\\/18.jpg\",\"datePublished\":\"2019-12-15T12:47:19+00:00\",\"dateModified\":\"2025-07-10T02:30:50+00:00\",\"description\":\"Buy Boston Round Glass Bottles Wholesale Always in Lowest Price! 50ml, 250ml, 750ml, 1000ml(from 2 oz to 32 oz) Glass Flask Bottles For Wine\\\/Vodka\\\/Brandy\",\"breadcrumb\":{\"@id\":\"https:\\\/\\\/ruishengglassco.com\\\/product\\\/rs050-customized-boston-round-375ml-bottles-for-wine-vodka-brandy#breadcrumb\"},\"inLanguage\":\"de\",\"potentialAction\":[{\"@type\":\"ReadAction\",\"target\":[\"https:\\\/\\\/ruishengglassco.com\\\/product\\\/rs050-customized-boston-round-375ml-bottles-for-wine-vodka-brandy\"]}]},{\"@type\":\"ImageObject\",\"inLanguage\":\"de\",\"@id\":\"https:\\\/\\\/ruishengglassco.com\\\/product\\\/rs050-customized-boston-round-375ml-bottles-for-wine-vodka-brandy#primaryimage\",\"url\":\"https:\\\/\\\/glassbottlewholesale.com\\\/wp-content\\\/uploads\\\/2019\\\/10\\\/18.jpg\",\"contentUrl\":\"https:\\\/\\\/glassbottlewholesale.com\\\/wp-content\\\/uploads\\\/2019\\\/10\\\/18.jpg\",\"width\":800,\"height\":800,\"caption\":\"Customized Boston Round 375ml Bottles Wholesale For Wine\\\/Vodka\\\/Brandy\"},{\"@type\":\"BreadcrumbList\",\"@id\":\"https:\\\/\\\/ruishengglassco.com\\\/product\\\/rs050-customized-boston-round-375ml-bottles-for-wine-vodka-brandy#breadcrumb\",\"itemListElement\":[{\"@type\":\"ListItem\",\"position\":1,\"name\":\"Home\",\"item\":\"https:\\\/\\\/glassbottlewholesale.com\\\/\"},{\"@type\":\"ListItem\",\"position\":2,\"name\":\"Products\",\"item\":\"https:\\\/\\\/glassbottlewholesale.com\\\/shop\\\/\"},{\"@type\":\"ListItem\",\"position\":3,\"name\":\"RS050: Customized Boston Round 375ml Bottles Wholesale For Wine\\\/Vodka\\\/Brandy\"}]},{\"@type\":\"WebSite\",\"@id\":\"https:\\\/\\\/glassbottlewholesale.com\\\/#website\",\"url\":\"https:\\\/\\\/glassbottlewholesale.com\\\/\",\"name\":\"Glass Bottle Wholesale\",\"description\":\"\",\"publisher\":{\"@id\":\"https:\\\/\\\/glassbottlewholesale.com\\\/#organization\"},\"potentialAction\":[{\"@type\":\"SearchAction\",\"target\":{\"@type\":\"EntryPoint\",\"urlTemplate\":\"https:\\\/\\\/glassbottlewholesale.com\\\/?s={search_term_string}\"},\"query-input\":{\"@type\":\"PropertyValueSpecification\",\"valueRequired\":true,\"valueName\":\"search_term_string\"}}],\"inLanguage\":\"de\"},{\"@type\":\"Organization\",\"@id\":\"https:\\\/\\\/glassbottlewholesale.com\\\/#organization\",\"name\":\"Glass Bottle Wholesale\",\"url\":\"https:\\\/\\\/glassbottlewholesale.com\\\/\",\"logo\":{\"@type\":\"ImageObject\",\"inLanguage\":\"de\",\"@id\":\"https:\\\/\\\/glassbottlewholesale.com\\\/#\\\/schema\\\/logo\\\/image\\\/\",\"url\":\"https:\\\/\\\/glassbottlewholesale.com\\\/wp-content\\\/uploads\\\/2023\\\/12\\\/ruisheng-logo.webp\",\"contentUrl\":\"https:\\\/\\\/glassbottlewholesale.com\\\/wp-content\\\/uploads\\\/2023\\\/12\\\/ruisheng-logo.webp\",\"width\":400,\"height\":233,\"caption\":\"Glass Bottle Wholesale\"},\"image\":{\"@id\":\"https:\\\/\\\/glassbottlewholesale.com\\\/#\\\/schema\\\/logo\\\/image\\\/\"}}]}<\/script>\n<!-- \/ Yoast SEO plugin. -->","yoast_head_json":{"title":"Boston Runde Glasflaschen Gro\u00dfhandel | Bulk Glasflasche Flaschen","description":"Kaufen Boston Runde Glasflaschen Gro\u00dfhandel immer zum niedrigsten Preis! 50ml, 250ml, 750ml, 1000ml (von 2 Unzen bis 32 Unzen) Glasflaschen f\u00fcr Wein\/Wodka\/Brandy","robots":{"index":"index","follow":"follow","max-snippet":"max-snippet:-1","max-image-preview":"max-image-preview:large","max-video-preview":"max-video-preview:-1"},"canonical":"https:\/\/ruishengglassco.com\/product\/rs050-customized-boston-round-375ml-bottles-for-wine-vodka-brandy","og_locale":"de_DE","og_type":"article","og_title":"Boston Round Glass Bottles Wholesale | Bulk Glass Flask Bottles","og_description":"Buy Boston Round Glass Bottles Wholesale Always in Lowest Price! 50ml, 250ml, 750ml, 1000ml(from 2 oz to 32 oz) Glass Flask Bottles For Wine\/Vodka\/Brandy","og_url":"https:\/\/ruishengglassco.com\/product\/rs050-customized-boston-round-375ml-bottles-for-wine-vodka-brandy","og_site_name":"Glass Bottle Wholesale","article_modified_time":"2025-07-10T02:30:50+00:00","og_image":[{"width":800,"height":800,"url":"https:\/\/glassbottlewholesale.com\/wp-content\/uploads\/2019\/10\/18.jpg","type":"image\/jpeg"}],"twitter_card":"summary_large_image","twitter_misc":{"Gesch\u00e4tzte Lesezeit":"2\u00a0Minuten"},"schema":{"@context":"https:\/\/schema.org","@graph":[{"@type":"WebPage","@id":"https:\/\/glassbottlewholesale.com\/customized-boston-round-375ml-bottles-wholesale-for-wine-vodka-brandy\/","url":"https:\/\/ruishengglassco.com\/product\/rs050-customized-boston-round-375ml-bottles-for-wine-vodka-brandy","name":"Boston Runde Glasflaschen Gro\u00dfhandel | Bulk Glasflasche Flaschen","isPartOf":{"@id":"https:\/\/glassbottlewholesale.com\/#website"},"primaryImageOfPage":{"@id":"https:\/\/ruishengglassco.com\/product\/rs050-customized-boston-round-375ml-bottles-for-wine-vodka-brandy#primaryimage"},"image":{"@id":"https:\/\/ruishengglassco.com\/product\/rs050-customized-boston-round-375ml-bottles-for-wine-vodka-brandy#primaryimage"},"thumbnailUrl":"https:\/\/glassbottlewholesale.com\/wp-content\/uploads\/2019\/10\/18.jpg","datePublished":"2019-12-15T12:47:19+00:00","dateModified":"2025-07-10T02:30:50+00:00","description":"Kaufen Boston Runde Glasflaschen Gro\u00dfhandel immer zum niedrigsten Preis! 50ml, 250ml, 750ml, 1000ml (von 2 Unzen bis 32 Unzen) Glasflaschen f\u00fcr Wein\/Wodka\/Brandy","breadcrumb":{"@id":"https:\/\/ruishengglassco.com\/product\/rs050-customized-boston-round-375ml-bottles-for-wine-vodka-brandy#breadcrumb"},"inLanguage":"de","potentialAction":[{"@type":"ReadAction","target":["https:\/\/ruishengglassco.com\/product\/rs050-customized-boston-round-375ml-bottles-for-wine-vodka-brandy"]}]},{"@type":"ImageObject","inLanguage":"de","@id":"https:\/\/ruishengglassco.com\/product\/rs050-customized-boston-round-375ml-bottles-for-wine-vodka-brandy#primaryimage","url":"https:\/\/glassbottlewholesale.com\/wp-content\/uploads\/2019\/10\/18.jpg","contentUrl":"https:\/\/glassbottlewholesale.com\/wp-content\/uploads\/2019\/10\/18.jpg","width":800,"height":800,"caption":"Customized Boston Round 375ml Bottles Wholesale For Wine\/Vodka\/Brandy"},{"@type":"BreadcrumbList","@id":"https:\/\/ruishengglassco.com\/product\/rs050-customized-boston-round-375ml-bottles-for-wine-vodka-brandy#breadcrumb","itemListElement":[{"@type":"ListItem","position":1,"name":"Home","item":"https:\/\/glassbottlewholesale.com\/"},{"@type":"ListItem","position":2,"name":"Products","item":"https:\/\/glassbottlewholesale.com\/shop\/"},{"@type":"ListItem","position":3,"name":"RS050: Customized Boston Round 375ml Bottles Wholesale For Wine\/Vodka\/Brandy"}]},{"@type":"WebSite","@id":"https:\/\/glassbottlewholesale.com\/#website","url":"https:\/\/glassbottlewholesale.com\/","name":"Glass Bottle Wholesale","description":"","publisher":{"@id":"https:\/\/glassbottlewholesale.com\/#organization"},"potentialAction":[{"@type":"SearchAction","target":{"@type":"EntryPoint","urlTemplate":"https:\/\/glassbottlewholesale.com\/?s={search_term_string}"},"query-input":{"@type":"PropertyValueSpecification","valueRequired":true,"valueName":"search_term_string"}}],"inLanguage":"de"},{"@type":"Organization","@id":"https:\/\/glassbottlewholesale.com\/#organization","name":"Glass Bottle Wholesale","url":"https:\/\/glassbottlewholesale.com\/","logo":{"@type":"ImageObject","inLanguage":"de","@id":"https:\/\/glassbottlewholesale.com\/#\/schema\/logo\/image\/","url":"https:\/\/glassbottlewholesale.com\/wp-content\/uploads\/2023\/12\/ruisheng-logo.webp","contentUrl":"https:\/\/glassbottlewholesale.com\/wp-content\/uploads\/2023\/12\/ruisheng-logo.webp","width":400,"height":233,"caption":"Glass Bottle Wholesale"},"image":{"@id":"https:\/\/glassbottlewholesale.com\/#\/schema\/logo\/image\/"}}]}},"_links":{"self":[{"href":"https:\/\/glassbottlewholesale.com\/de\/wp-json\/wp\/v2\/product\/508","targetHints":{"allow":["GET"]}}],"collection":[{"href":"https:\/\/glassbottlewholesale.com\/de\/wp-json\/wp\/v2\/product"}],"about":[{"href":"https:\/\/glassbottlewholesale.com\/de\/wp-json\/wp\/v2\/types\/product"}],"replies":[{"embeddable":true,"href":"https:\/\/glassbottlewholesale.com\/de\/wp-json\/wp\/v2\/comments?post=508"}],"wp:featuredmedia":[{"embeddable":true,"href":"https:\/\/glassbottlewholesale.com\/de\/wp-json\/wp\/v2\/media\/2672"}],"wp:attachment":[{"href":"https:\/\/glassbottlewholesale.com\/de\/wp-json\/wp\/v2\/media?parent=508"}],"wp:term":[{"taxonomy":"product_brand","embeddable":true,"href":"https:\/\/glassbottlewholesale.com\/de\/wp-json\/wp\/v2\/product_brand?post=508"},{"taxonomy":"product_cat","embeddable":true,"href":"https:\/\/glassbottlewholesale.com\/de\/wp-json\/wp\/v2\/product_cat?post=508"},{"taxonomy":"product_tag","embeddable":true,"href":"https:\/\/glassbottlewholesale.com\/de\/wp-json\/wp\/v2\/product_tag?post=508"}],"curies":[{"name":"wp","href":"https:\/\/api.w.org\/{rel}","templated":true}]}}