{"id":511,"date":"2019-10-15T12:49:01","date_gmt":"2019-10-15T12:49:01","guid":{"rendered":"https:\/\/queenchingglass.com\/?post_type=product&#038;p=511"},"modified":"2025-07-10T03:22:46","modified_gmt":"2025-07-10T03:22:46","slug":"50cl-boston-runde-glasflaschen-groshandel","status":"publish","type":"product","link":"https:\/\/glassbottlewholesale.com\/de\/50cl-boston-runde-glasflaschen-groshandel\/","title":{"rendered":"RS098: 50cl Boston Runde Glasflaschen Gro\u00dfhandel"},"content":{"rendered":"<div class=\"wpb-content-wrapper\"><div class=\"vc_row wpb_row vc_row-fluid\"><div class=\"wpb_column vc_column_container vc_col-sm-12\"><div class=\"vc_column-inner\"><div class=\"wpb_wrapper\">\n\t<div class=\"wpb_text_column wpb_content_element\" >\n\t\t<div class=\"wpb_wrapper\">\n\t\t\t<p>Die 50cl Boston Runde Glasflaschen Gro\u00dfhandel von h\u00f6chster Qualit\u00e4t Glasflasche Material aus China gemacht. Diese billige Spirituosenflaschen Gro\u00dfhandel wird verwendet, um Wodka, Whiskey, Schnaps, Getr\u00e4nke und andere Fl\u00fcssigkeiten zu halten.<\/p>\n<p>Unser Werk -\u00a0<a href=\"https:\/\/ruishengglassco.com\/about\">Shandong Yuncheng Ruisheng Glass Co, Ltd.<\/a> befindet sich im Landkreis Yuncheng, der f\u00fcr die Herstellung von Spirituosenverpackungen bekannt ist. Unsere Fabrik kann die Bestellung von einer klaren Glasflasche bis hin zu tiefer Verarbeitung auf den Flaschen anbieten.<\/p>\n<p>In unserer Fabrik gibt es 12 Produktionslinien f\u00fcr Glasflaschen, sowohl vollautomatische Maschinen als auch halbautomatische Maschinen. Unser Tagesaussto\u00df betr\u00e4gt etwa 120.000 St\u00fcck. Egal wie viele <a href=\"https:\/\/ruishengglassco.com\/glass-liquor-spirit-bottles\">Lik\u00f6rglasflaschen<\/a> Sie bestellen, wir alle k\u00f6nnen es rechtzeitig fertigstellen. Unsere Fabrik hat mehr als 500 Mitarbeiter und eine Gruppe von qualifizierten QC und Designer. Wir k\u00f6nnen entwerfen und machen die benutzerdefinierte Glasflaschen nach Ihrem Foto oder Idee zu bekommen.<\/p>\n<h4>Die Details der runden 50cl Boston-Glasflaschen<\/h4>\n<p>Diese 50cl Boston runde Glasflaschen Gro\u00dfhandel wird durch die hohe Feuerstein Glasmaterial hergestellt. Dieses Material ist die Top-Qualit\u00e4t f\u00fcr den t\u00e4glichen Gebrauch Glasflaschen. Diese Glasflasche Gewicht ist 580 \u00b1 10g, und seine randvolle Kapazit\u00e4t ist 520 \u00b1 10 ml. Die Gr\u00f6\u00dfe der Glasflasche betr\u00e4gt 84,2x 192,2 mm. Ihr Durchmesser betr\u00e4gt 84,2 mm, und die H\u00f6he 192,2 mm. Und die Dicke des Bodens betr\u00e4gt 19\u00b1 2mm.<\/p>\n<h4>Die Lieferzeit dieser billigen Schnapsflaschen Gro\u00dfhandel<\/h4>\n<p>Vorr\u00e4tige Glasflaschen<\/p>\n<p>Wir k\u00f6nnen sie sofort verschicken. Und die Ankunftszeit ist abh\u00e4ngig von der Transitzeit bis zum endg\u00fcltigen Bestimmungsort.<\/p>\n<p>Die bestehende Form Glasflaschen<\/p>\n<p>Diese Glasflaschen werden innerhalb von 20 bis 30 Tagen versandt. Und die Ankunftszeit ist abh\u00e4ngig von der Transitzeit an den endg\u00fcltigen Bestimmungsort.<\/p>\n<p>Die individuellen Glasflaschen<\/p>\n<p>Die Gie\u00dfzeit betr\u00e4gt ca. 15-20 Tage, und die Lieferzeit f\u00fcr die Massenproduktion betr\u00e4gt ca. 20-30 Tage und richtet sich nach unserem Produktionsplan. Die Ankunftszeit ist abh\u00e4ngig von der Transitzeit zum endg\u00fcltigen Bestimmungsort<\/p>\n<p>Wenn Sie 50cl Boston Rundglasflaschen kaufen m\u00f6chten, oder<a href=\"https:\/\/ruishengglassco.com\/\">\u00a0Glasflaschen Gro\u00dfhandel<\/a>Bitte kontaktieren Sie uns \u00fcber unsere Website Kontakt, wir werden Sie so schnell wie m\u00f6glich kontaktieren.<\/p>\n\n\t\t<\/div>\n\t<\/div>\n<\/div><\/div><\/div><\/div>\n<\/div>","protected":false},"excerpt":{"rendered":"<p>Wenn Sie an unseren 500ml Boston Glasflaschen interessiert sind, kontaktieren Sie uns bitte. Wir werden Ihnen innerhalb von 24 Stunden antworten.<\/p>","protected":false},"featured_media":2140,"comment_status":"open","ping_status":"closed","template":"","meta":[],"product_brand":[],"product_cat":[50,64],"product_tag":[],"class_list":{"0":"post-511","1":"product","2":"type-product","3":"status-publish","4":"has-post-thumbnail","6":"product_cat-500ml-glass-bottle","7":"product_cat-gin-bottle","8":"entry","9":"has-media","11":"first","12":"instock","13":"shipping-taxable","14":"product-type-simple"},"yoast_head":"<!-- This site is optimized with the Yoast SEO plugin v27.3 - https:\/\/yoast.com\/product\/yoast-seo-wordpress\/ -->\n<title>Cheap Liquor Bottles Wholesale | 50cl Boston Round Glass Bottles Bulk<\/title>\n<meta name=\"description\" content=\"Want To Buy Cheap Liquor Bottles Wholesale? Click here to know 50cl Boston Round Glass Bottles Bulk From China Liquor Bottle Manufacturing Factory.\" \/>\n<meta name=\"robots\" content=\"index, follow, max-snippet:-1, max-image-preview:large, max-video-preview:-1\" \/>\n<link rel=\"canonical\" href=\"https:\/\/ruishengglassco.com\/product\/rs09850cl-boston-round-glass-bottles-wholesale\" \/>\n<meta property=\"og:locale\" content=\"de_DE\" \/>\n<meta property=\"og:type\" content=\"article\" \/>\n<meta property=\"og:title\" content=\"Cheap Liquor Bottles Wholesale | 50cl Boston Round Glass Bottles Bulk\" \/>\n<meta property=\"og:description\" content=\"Want To Buy Cheap Liquor Bottles Wholesale? Click here to know 50cl Boston Round Glass Bottles Bulk From China Liquor Bottle Manufacturing Factory.\" \/>\n<meta property=\"og:url\" content=\"https:\/\/ruishengglassco.com\/product\/rs09850cl-boston-round-glass-bottles-wholesale\" \/>\n<meta property=\"og:site_name\" content=\"Glass Bottle Wholesale\" \/>\n<meta property=\"article:modified_time\" content=\"2025-07-10T03:22:46+00:00\" \/>\n<meta property=\"og:image\" content=\"https:\/\/glassbottlewholesale.com\/wp-content\/uploads\/2019\/10\/E6_9D_9C_E6_9D_BE_E5_AD_902_6f895d2c4b90e8542569142af75a7d62.jpg\" \/>\n\t<meta property=\"og:image:width\" content=\"400\" \/>\n\t<meta property=\"og:image:height\" content=\"400\" \/>\n\t<meta property=\"og:image:type\" content=\"image\/jpeg\" \/>\n<meta name=\"twitter:card\" content=\"summary_large_image\" \/>\n<meta name=\"twitter:label1\" content=\"Gesch\u00e4tzte Lesezeit\" \/>\n\t<meta name=\"twitter:data1\" content=\"2\u00a0Minuten\" \/>\n<script type=\"application\/ld+json\" class=\"yoast-schema-graph\">{\"@context\":\"https:\\\/\\\/schema.org\",\"@graph\":[{\"@type\":\"WebPage\",\"@id\":\"https:\\\/\\\/glassbottlewholesale.com\\\/50cl-boston-round-glass-bottles-wholesale\\\/\",\"url\":\"https:\\\/\\\/ruishengglassco.com\\\/product\\\/rs09850cl-boston-round-glass-bottles-wholesale\",\"name\":\"Cheap Liquor Bottles Wholesale | 50cl Boston Round Glass Bottles Bulk\",\"isPartOf\":{\"@id\":\"https:\\\/\\\/glassbottlewholesale.com\\\/#website\"},\"primaryImageOfPage\":{\"@id\":\"https:\\\/\\\/ruishengglassco.com\\\/product\\\/rs09850cl-boston-round-glass-bottles-wholesale#primaryimage\"},\"image\":{\"@id\":\"https:\\\/\\\/ruishengglassco.com\\\/product\\\/rs09850cl-boston-round-glass-bottles-wholesale#primaryimage\"},\"thumbnailUrl\":\"https:\\\/\\\/glassbottlewholesale.com\\\/wp-content\\\/uploads\\\/2019\\\/10\\\/E6_9D_9C_E6_9D_BE_E5_AD_902_6f895d2c4b90e8542569142af75a7d62.jpg\",\"datePublished\":\"2019-10-15T12:49:01+00:00\",\"dateModified\":\"2025-07-10T03:22:46+00:00\",\"description\":\"Want To Buy Cheap Liquor Bottles Wholesale? Click here to know 50cl Boston Round Glass Bottles Bulk From China Liquor Bottle Manufacturing Factory.\",\"breadcrumb\":{\"@id\":\"https:\\\/\\\/ruishengglassco.com\\\/product\\\/rs09850cl-boston-round-glass-bottles-wholesale#breadcrumb\"},\"inLanguage\":\"de\",\"potentialAction\":[{\"@type\":\"ReadAction\",\"target\":[\"https:\\\/\\\/ruishengglassco.com\\\/product\\\/rs09850cl-boston-round-glass-bottles-wholesale\"]}]},{\"@type\":\"ImageObject\",\"inLanguage\":\"de\",\"@id\":\"https:\\\/\\\/ruishengglassco.com\\\/product\\\/rs09850cl-boston-round-glass-bottles-wholesale#primaryimage\",\"url\":\"https:\\\/\\\/glassbottlewholesale.com\\\/wp-content\\\/uploads\\\/2019\\\/10\\\/E6_9D_9C_E6_9D_BE_E5_AD_902_6f895d2c4b90e8542569142af75a7d62.jpg\",\"contentUrl\":\"https:\\\/\\\/glassbottlewholesale.com\\\/wp-content\\\/uploads\\\/2019\\\/10\\\/E6_9D_9C_E6_9D_BE_E5_AD_902_6f895d2c4b90e8542569142af75a7d62.jpg\",\"width\":400,\"height\":400,\"caption\":\"50cl Boston Round Glass Bottles Wholesale\"},{\"@type\":\"BreadcrumbList\",\"@id\":\"https:\\\/\\\/ruishengglassco.com\\\/product\\\/rs09850cl-boston-round-glass-bottles-wholesale#breadcrumb\",\"itemListElement\":[{\"@type\":\"ListItem\",\"position\":1,\"name\":\"Home\",\"item\":\"https:\\\/\\\/glassbottlewholesale.com\\\/\"},{\"@type\":\"ListItem\",\"position\":2,\"name\":\"Products\",\"item\":\"https:\\\/\\\/glassbottlewholesale.com\\\/shop\\\/\"},{\"@type\":\"ListItem\",\"position\":3,\"name\":\"RS098:50cl Boston Round Glass Bottles Wholesale\"}]},{\"@type\":\"WebSite\",\"@id\":\"https:\\\/\\\/glassbottlewholesale.com\\\/#website\",\"url\":\"https:\\\/\\\/glassbottlewholesale.com\\\/\",\"name\":\"Glass Bottle Wholesale\",\"description\":\"\",\"publisher\":{\"@id\":\"https:\\\/\\\/glassbottlewholesale.com\\\/#organization\"},\"potentialAction\":[{\"@type\":\"SearchAction\",\"target\":{\"@type\":\"EntryPoint\",\"urlTemplate\":\"https:\\\/\\\/glassbottlewholesale.com\\\/?s={search_term_string}\"},\"query-input\":{\"@type\":\"PropertyValueSpecification\",\"valueRequired\":true,\"valueName\":\"search_term_string\"}}],\"inLanguage\":\"de\"},{\"@type\":\"Organization\",\"@id\":\"https:\\\/\\\/glassbottlewholesale.com\\\/#organization\",\"name\":\"Glass Bottle Wholesale\",\"url\":\"https:\\\/\\\/glassbottlewholesale.com\\\/\",\"logo\":{\"@type\":\"ImageObject\",\"inLanguage\":\"de\",\"@id\":\"https:\\\/\\\/glassbottlewholesale.com\\\/#\\\/schema\\\/logo\\\/image\\\/\",\"url\":\"https:\\\/\\\/glassbottlewholesale.com\\\/wp-content\\\/uploads\\\/2023\\\/12\\\/ruisheng-logo.webp\",\"contentUrl\":\"https:\\\/\\\/glassbottlewholesale.com\\\/wp-content\\\/uploads\\\/2023\\\/12\\\/ruisheng-logo.webp\",\"width\":400,\"height\":233,\"caption\":\"Glass Bottle Wholesale\"},\"image\":{\"@id\":\"https:\\\/\\\/glassbottlewholesale.com\\\/#\\\/schema\\\/logo\\\/image\\\/\"}}]}<\/script>\n<!-- \/ Yoast SEO plugin. -->","yoast_head_json":{"title":"G\u00fcnstige Lik\u00f6rflaschen Gro\u00dfhandel | 50cl Boston Runde Glasflaschen Bulk","description":"M\u00f6chten Sie billig kaufen Liquor Flaschen Gro\u00dfhandel? Klicken Sie hier, um zu wissen, 50cl Boston Runde Glasflaschen Bulk aus China Liquor Bottle Manufacturing Factory.","robots":{"index":"index","follow":"follow","max-snippet":"max-snippet:-1","max-image-preview":"max-image-preview:large","max-video-preview":"max-video-preview:-1"},"canonical":"https:\/\/ruishengglassco.com\/product\/rs09850cl-boston-round-glass-bottles-wholesale","og_locale":"de_DE","og_type":"article","og_title":"Cheap Liquor Bottles Wholesale | 50cl Boston Round Glass Bottles Bulk","og_description":"Want To Buy Cheap Liquor Bottles Wholesale? Click here to know 50cl Boston Round Glass Bottles Bulk From China Liquor Bottle Manufacturing Factory.","og_url":"https:\/\/ruishengglassco.com\/product\/rs09850cl-boston-round-glass-bottles-wholesale","og_site_name":"Glass Bottle Wholesale","article_modified_time":"2025-07-10T03:22:46+00:00","og_image":[{"width":400,"height":400,"url":"https:\/\/glassbottlewholesale.com\/wp-content\/uploads\/2019\/10\/E6_9D_9C_E6_9D_BE_E5_AD_902_6f895d2c4b90e8542569142af75a7d62.jpg","type":"image\/jpeg"}],"twitter_card":"summary_large_image","twitter_misc":{"Gesch\u00e4tzte Lesezeit":"2\u00a0Minuten"},"schema":{"@context":"https:\/\/schema.org","@graph":[{"@type":"WebPage","@id":"https:\/\/glassbottlewholesale.com\/50cl-boston-round-glass-bottles-wholesale\/","url":"https:\/\/ruishengglassco.com\/product\/rs09850cl-boston-round-glass-bottles-wholesale","name":"G\u00fcnstige Lik\u00f6rflaschen Gro\u00dfhandel | 50cl Boston Runde Glasflaschen Bulk","isPartOf":{"@id":"https:\/\/glassbottlewholesale.com\/#website"},"primaryImageOfPage":{"@id":"https:\/\/ruishengglassco.com\/product\/rs09850cl-boston-round-glass-bottles-wholesale#primaryimage"},"image":{"@id":"https:\/\/ruishengglassco.com\/product\/rs09850cl-boston-round-glass-bottles-wholesale#primaryimage"},"thumbnailUrl":"https:\/\/glassbottlewholesale.com\/wp-content\/uploads\/2019\/10\/E6_9D_9C_E6_9D_BE_E5_AD_902_6f895d2c4b90e8542569142af75a7d62.jpg","datePublished":"2019-10-15T12:49:01+00:00","dateModified":"2025-07-10T03:22:46+00:00","description":"M\u00f6chten Sie billig kaufen Liquor Flaschen Gro\u00dfhandel? Klicken Sie hier, um zu wissen, 50cl Boston Runde Glasflaschen Bulk aus China Liquor Bottle Manufacturing Factory.","breadcrumb":{"@id":"https:\/\/ruishengglassco.com\/product\/rs09850cl-boston-round-glass-bottles-wholesale#breadcrumb"},"inLanguage":"de","potentialAction":[{"@type":"ReadAction","target":["https:\/\/ruishengglassco.com\/product\/rs09850cl-boston-round-glass-bottles-wholesale"]}]},{"@type":"ImageObject","inLanguage":"de","@id":"https:\/\/ruishengglassco.com\/product\/rs09850cl-boston-round-glass-bottles-wholesale#primaryimage","url":"https:\/\/glassbottlewholesale.com\/wp-content\/uploads\/2019\/10\/E6_9D_9C_E6_9D_BE_E5_AD_902_6f895d2c4b90e8542569142af75a7d62.jpg","contentUrl":"https:\/\/glassbottlewholesale.com\/wp-content\/uploads\/2019\/10\/E6_9D_9C_E6_9D_BE_E5_AD_902_6f895d2c4b90e8542569142af75a7d62.jpg","width":400,"height":400,"caption":"50cl Boston Round Glass Bottles Wholesale"},{"@type":"BreadcrumbList","@id":"https:\/\/ruishengglassco.com\/product\/rs09850cl-boston-round-glass-bottles-wholesale#breadcrumb","itemListElement":[{"@type":"ListItem","position":1,"name":"Home","item":"https:\/\/glassbottlewholesale.com\/"},{"@type":"ListItem","position":2,"name":"Products","item":"https:\/\/glassbottlewholesale.com\/shop\/"},{"@type":"ListItem","position":3,"name":"RS098:50cl Boston Round Glass Bottles Wholesale"}]},{"@type":"WebSite","@id":"https:\/\/glassbottlewholesale.com\/#website","url":"https:\/\/glassbottlewholesale.com\/","name":"Glass Bottle Wholesale","description":"","publisher":{"@id":"https:\/\/glassbottlewholesale.com\/#organization"},"potentialAction":[{"@type":"SearchAction","target":{"@type":"EntryPoint","urlTemplate":"https:\/\/glassbottlewholesale.com\/?s={search_term_string}"},"query-input":{"@type":"PropertyValueSpecification","valueRequired":true,"valueName":"search_term_string"}}],"inLanguage":"de"},{"@type":"Organization","@id":"https:\/\/glassbottlewholesale.com\/#organization","name":"Glass Bottle Wholesale","url":"https:\/\/glassbottlewholesale.com\/","logo":{"@type":"ImageObject","inLanguage":"de","@id":"https:\/\/glassbottlewholesale.com\/#\/schema\/logo\/image\/","url":"https:\/\/glassbottlewholesale.com\/wp-content\/uploads\/2023\/12\/ruisheng-logo.webp","contentUrl":"https:\/\/glassbottlewholesale.com\/wp-content\/uploads\/2023\/12\/ruisheng-logo.webp","width":400,"height":233,"caption":"Glass Bottle Wholesale"},"image":{"@id":"https:\/\/glassbottlewholesale.com\/#\/schema\/logo\/image\/"}}]}},"_links":{"self":[{"href":"https:\/\/glassbottlewholesale.com\/de\/wp-json\/wp\/v2\/product\/511","targetHints":{"allow":["GET"]}}],"collection":[{"href":"https:\/\/glassbottlewholesale.com\/de\/wp-json\/wp\/v2\/product"}],"about":[{"href":"https:\/\/glassbottlewholesale.com\/de\/wp-json\/wp\/v2\/types\/product"}],"replies":[{"embeddable":true,"href":"https:\/\/glassbottlewholesale.com\/de\/wp-json\/wp\/v2\/comments?post=511"}],"wp:featuredmedia":[{"embeddable":true,"href":"https:\/\/glassbottlewholesale.com\/de\/wp-json\/wp\/v2\/media\/2140"}],"wp:attachment":[{"href":"https:\/\/glassbottlewholesale.com\/de\/wp-json\/wp\/v2\/media?parent=511"}],"wp:term":[{"taxonomy":"product_brand","embeddable":true,"href":"https:\/\/glassbottlewholesale.com\/de\/wp-json\/wp\/v2\/product_brand?post=511"},{"taxonomy":"product_cat","embeddable":true,"href":"https:\/\/glassbottlewholesale.com\/de\/wp-json\/wp\/v2\/product_cat?post=511"},{"taxonomy":"product_tag","embeddable":true,"href":"https:\/\/glassbottlewholesale.com\/de\/wp-json\/wp\/v2\/product_tag?post=511"}],"curies":[{"name":"wp","href":"https:\/\/api.w.org\/{rel}","templated":true}]}}