{"id":513,"date":"2019-10-15T12:50:14","date_gmt":"2019-10-15T12:50:14","guid":{"rendered":"https:\/\/queenchingglass.com\/?post_type=product&#038;p=513"},"modified":"2025-07-10T03:21:41","modified_gmt":"2025-07-10T03:21:41","slug":"1000ml-klarglasflaschen-mit-stopfen-groshandel","status":"publish","type":"product","link":"https:\/\/glassbottlewholesale.com\/de\/1000ml-klarglasflaschen-mit-stopfen-groshandel\/","title":{"rendered":"RS097: 1000 ml Klarglasflaschen Gro\u00dfhandel mit Stopfen"},"content":{"rendered":"<div class=\"wpb-content-wrapper\"><div class=\"vc_row wpb_row vc_row-fluid\"><div class=\"wpb_column vc_column_container vc_col-sm-12\"><div class=\"vc_column-inner\"><div class=\"wpb_wrapper\">\n\t<div class=\"wpb_text_column wpb_content_element\" >\n\t\t<div class=\"wpb_wrapper\">\n\t\t\t<p>Diese 1000ml Klarglasflaschen im Gro\u00dfhandel werden mit den modernsten CNC-Handmaschinen hergestellt. Wir verwenden in der Regel diese Maschinen, um Top-Grad-Glasflaschen zu produzieren. Unsere diese klaren Glasflaschen Gro\u00dfhandel wird verwendet, Top-Grad-Glasflaschen zu machen. Diese Glasflasche mit Kork ist sehr glatt und klar.<\/p>\n<p>Das\u00a0<a href=\"https:\/\/ruishengglassco.com\/1000ml-liquor-glass-bottle-manufacturer\">1 Liter Lik\u00f6rglasflasche<\/a> hat eine runde Form, und der Dichtungstyp ist Kork. Wir k\u00f6nnen verschiedene Farben und verschiedene Materialkorken anbieten, wie z.B. schwarze\/goldene\/silberne Kappe mit Hochpolymer-Kork, schwarze Kappe mit komplexem Kork, schwarze Kappe mit Holzkork, Holzkappe und Holzkork und andere Korken.<\/p>\n<h4>Die Information \u00fcber die 1000ml Klarglasflaschen im Gro\u00dfhandel<\/h4>\n<ul>\n<li>Hauptmaterial: kristallwei\u00dfes \/ hohes Flintglas<\/li>\n<li>Verschluss: Blackcap mit Hochpolymer-Kork<\/li>\n<li>Referenz: RS097<\/li>\n<li>Mindestbestellmenge: 10.000 St\u00fcck<\/li>\n<li>Fassungsverm\u00f6gen: 1000ml<\/li>\n<li>Pcs\/Ctn: 24pcs oder nach Kundenwunsch<\/li>\n<li>Herkunftsort: Shandong, China<\/li>\n<li>Besonderheit: Umweltfreundlich und wiederverwendet<\/li>\n<\/ul>\n<p>Wenn Sie andere Verschlusstypen f\u00fcr diese 1000ml-Glasflaschen w\u00fcnschen, k\u00f6nnen wir sie mit einem Schraubverschluss herstellen. Und wenn Sie ben\u00f6tigen <a href=\"https:\/\/ruishengglassco.com\/custom-glass-bottle\">benutzerdefinierte Glasflaschen<\/a>Wir k\u00f6nnen OEM- oder ODM-Auftr\u00e4ge annehmen. Unser Arbeitsprinzip ist von hoher Qualit\u00e4t und hoher Definition. Es gibt 4 Produktionslinien f\u00fcr die manuellen CNC-Maschinen zur Herstellung von kristallwei\u00dfen Glasflaschen und 2 S\u00e4tze vollautomatische IS-Maschinen zur Herstellung von hohen wei\u00dfen Glasflaschen.<\/p>\n<p>Diese 1-Liter-Glasflaschen mit Korken k\u00f6nnen als Lik\u00f6rflaschen, Kaugummiflaschen und andere Getr\u00e4nkeflaschen verwendet werden. Wir k\u00f6nnen daf\u00fcr sorgen, dass alle unsere Flaschen in Preis und Qualit\u00e4t attraktiv sind. Unser Hauptmarkt ist Europa, die USA, Australien, Amerika, etc. Und alle Produkte genie\u00dfen ein hohes Ansehen f\u00fcr Innovation und Funktionalit\u00e4t.<\/p>\n<p>Wenn Sie Interesse an unseren 1000ml Klarglasflaschen Gro\u00dfhandel oder kaufen Schnapsflaschen in loser Sch\u00fcttung, willkommen bei uns zu kontaktieren, und wir werden unser Bestes f\u00fcr Sie tun.<\/p>\n\n\t\t<\/div>\n\t<\/div>\n<\/div><\/div><\/div><\/div>\n<\/div>","protected":false},"excerpt":{"rendered":"<table class=\"tg\">\n<tbody>\n<tr>\n<th class=\"tg-24i8\" colspan=\"2\">1000ml Klarglasflasche mit Kork Gro\u00dfhandel<\/th>\n<\/tr>\n<tr>\n<td class=\"tg-b7b8\">Referenz:<\/td>\n<td class=\"tg-b7b8\">RS097<\/td>\n<\/tr>\n<tr>\n<td class=\"tg-yw4l\">Hauptmaterial:<\/td>\n<td class=\"tg-yw4l\">kristallwei\u00df \/ hohes Flintglas<\/td>\n<\/tr>\n<tr>\n<td class=\"tg-b7b8\">Deckel:<\/td>\n<td class=\"tg-b7b8\">Schwarze Kappe mit hochpolymerem Korken<\/td>\n<\/tr>\n<tr>\n<td class=\"tg-yw4l\">Kapazit\u00e4t:<\/td>\n<td class=\"tg-yw4l\">1000ml<\/td>\n<\/tr>\n<tr>\n<td class=\"tg-b7b8\">Besonderheit:<\/td>\n<td class=\"tg-b7b8\">Umweltfreundlich<\/td>\n<\/tr>\n<tr>\n<td class=\"tg-yw4l\">Mindestbestellmenge:<\/td>\n<td class=\"tg-yw4l\">10000 STK<\/td>\n<\/tr>\n<tr>\n<td class=\"tg-b7b8\">Art der Verpackung:<\/td>\n<td class=\"tg-b7b8\">Export Standardkarton \/ Palette \/ Export Standardkarton und Palette<\/td>\n<\/tr>\n<tr>\n<td class=\"tg-yw4l\">OEM\/ODM:<\/td>\n<td class=\"tg-yw4l\">Willkommen<\/td>\n<\/tr>\n<tr>\n<td class=\"tg-b7b8\">Herkunft des Ortes:<\/td>\n<td class=\"tg-b7b8\">Shandong, China<\/td>\n<\/tr>\n<tr>\n<td class=\"tg-yw4l\">Stk.\/Karton:<\/td>\n<td class=\"tg-yw4l\">24 St\u00fcck oder nach Kundenwunsch<\/td>\n<\/tr>\n<\/tbody>\n<\/table>","protected":false},"featured_media":4482,"comment_status":"open","ping_status":"closed","template":"","meta":[],"product_brand":[],"product_cat":[53,59,64],"product_tag":[],"class_list":{"0":"post-513","1":"product","2":"type-product","3":"status-publish","4":"has-post-thumbnail","6":"product_cat-1000ml-glass-bottle","7":"product_cat-absinthe-bottle","8":"product_cat-gin-bottle","9":"entry","10":"has-media","12":"first","13":"instock","14":"shipping-taxable","15":"product-type-simple"},"yoast_head":"<!-- This site is optimized with the Yoast SEO plugin v27.3 - https:\/\/yoast.com\/product\/yoast-seo-wordpress\/ -->\n<title>1000ml Clear Glass Bottles Wholesale | China Liquor Bottle Manufacturer<\/title>\n<meta name=\"description\" content=\"Ruisheng, one of best China Liquor Bottle Manufacturer, sales bulk 1000ml clear glass bottles wholesale for spirit. Factory Outlet&amp;Quality Assurance.\" \/>\n<meta name=\"robots\" content=\"index, follow, max-snippet:-1, max-image-preview:large, max-video-preview:-1\" \/>\n<link rel=\"canonical\" href=\"https:\/\/ruishengglassco.com\/product\/rs0971000ml-clear-glass-bottles-supplier-with-stoppers\" \/>\n<meta property=\"og:locale\" content=\"de_DE\" \/>\n<meta property=\"og:type\" content=\"article\" \/>\n<meta property=\"og:title\" content=\"1000ml Clear Glass Bottles Wholesale | China Liquor Bottle Manufacturer\" \/>\n<meta property=\"og:description\" content=\"Ruisheng, one of best China Liquor Bottle Manufacturer, sales bulk 1000ml clear glass bottles wholesale for spirit. Factory Outlet&amp;Quality Assurance.\" \/>\n<meta property=\"og:url\" content=\"https:\/\/ruishengglassco.com\/product\/rs0971000ml-clear-glass-bottles-supplier-with-stoppers\" \/>\n<meta property=\"og:site_name\" content=\"Glass Bottle Wholesale\" \/>\n<meta property=\"article:modified_time\" content=\"2025-07-10T03:21:41+00:00\" \/>\n<meta property=\"og:image\" content=\"https:\/\/glassbottlewholesale.com\/wp-content\/uploads\/2024\/01\/1000ml-KS-round-glass-bottle.jpg\" \/>\n\t<meta property=\"og:image:width\" content=\"800\" \/>\n\t<meta property=\"og:image:height\" content=\"800\" \/>\n\t<meta property=\"og:image:type\" content=\"image\/jpeg\" \/>\n<meta name=\"twitter:card\" content=\"summary_large_image\" \/>\n<meta name=\"twitter:label1\" content=\"Gesch\u00e4tzte Lesezeit\" \/>\n\t<meta name=\"twitter:data1\" content=\"2\u00a0Minuten\" \/>\n<script type=\"application\/ld+json\" class=\"yoast-schema-graph\">{\"@context\":\"https:\\\/\\\/schema.org\",\"@graph\":[{\"@type\":\"WebPage\",\"@id\":\"https:\\\/\\\/glassbottlewholesale.com\\\/1000ml-clear-glass-bottles-with-stoppers-wholesale\\\/\",\"url\":\"https:\\\/\\\/ruishengglassco.com\\\/product\\\/rs0971000ml-clear-glass-bottles-supplier-with-stoppers\",\"name\":\"1000ml Clear Glass Bottles Wholesale | China Liquor Bottle Manufacturer\",\"isPartOf\":{\"@id\":\"https:\\\/\\\/glassbottlewholesale.com\\\/#website\"},\"primaryImageOfPage\":{\"@id\":\"https:\\\/\\\/ruishengglassco.com\\\/product\\\/rs0971000ml-clear-glass-bottles-supplier-with-stoppers#primaryimage\"},\"image\":{\"@id\":\"https:\\\/\\\/ruishengglassco.com\\\/product\\\/rs0971000ml-clear-glass-bottles-supplier-with-stoppers#primaryimage\"},\"thumbnailUrl\":\"https:\\\/\\\/glassbottlewholesale.com\\\/wp-content\\\/uploads\\\/2024\\\/01\\\/1000ml-KS-round-glass-bottle.jpg\",\"datePublished\":\"2019-10-15T12:50:14+00:00\",\"dateModified\":\"2025-07-10T03:21:41+00:00\",\"description\":\"Ruisheng, one of best China Liquor Bottle Manufacturer, sales bulk 1000ml clear glass bottles wholesale for spirit. Factory Outlet&Quality Assurance.\",\"breadcrumb\":{\"@id\":\"https:\\\/\\\/ruishengglassco.com\\\/product\\\/rs0971000ml-clear-glass-bottles-supplier-with-stoppers#breadcrumb\"},\"inLanguage\":\"de\",\"potentialAction\":[{\"@type\":\"ReadAction\",\"target\":[\"https:\\\/\\\/ruishengglassco.com\\\/product\\\/rs0971000ml-clear-glass-bottles-supplier-with-stoppers\"]}]},{\"@type\":\"ImageObject\",\"inLanguage\":\"de\",\"@id\":\"https:\\\/\\\/ruishengglassco.com\\\/product\\\/rs0971000ml-clear-glass-bottles-supplier-with-stoppers#primaryimage\",\"url\":\"https:\\\/\\\/glassbottlewholesale.com\\\/wp-content\\\/uploads\\\/2024\\\/01\\\/1000ml-KS-round-glass-bottle.jpg\",\"contentUrl\":\"https:\\\/\\\/glassbottlewholesale.com\\\/wp-content\\\/uploads\\\/2024\\\/01\\\/1000ml-KS-round-glass-bottle.jpg\",\"width\":800,\"height\":800,\"caption\":\"1000ml Clear Glass Bottles Wholesale\"},{\"@type\":\"BreadcrumbList\",\"@id\":\"https:\\\/\\\/ruishengglassco.com\\\/product\\\/rs0971000ml-clear-glass-bottles-supplier-with-stoppers#breadcrumb\",\"itemListElement\":[{\"@type\":\"ListItem\",\"position\":1,\"name\":\"Home\",\"item\":\"https:\\\/\\\/glassbottlewholesale.com\\\/\"},{\"@type\":\"ListItem\",\"position\":2,\"name\":\"Products\",\"item\":\"https:\\\/\\\/glassbottlewholesale.com\\\/shop\\\/\"},{\"@type\":\"ListItem\",\"position\":3,\"name\":\"RS097:1000ml Clear Glass Bottles Wholesale With Stoppers\"}]},{\"@type\":\"WebSite\",\"@id\":\"https:\\\/\\\/glassbottlewholesale.com\\\/#website\",\"url\":\"https:\\\/\\\/glassbottlewholesale.com\\\/\",\"name\":\"Glass Bottle Wholesale\",\"description\":\"\",\"publisher\":{\"@id\":\"https:\\\/\\\/glassbottlewholesale.com\\\/#organization\"},\"potentialAction\":[{\"@type\":\"SearchAction\",\"target\":{\"@type\":\"EntryPoint\",\"urlTemplate\":\"https:\\\/\\\/glassbottlewholesale.com\\\/?s={search_term_string}\"},\"query-input\":{\"@type\":\"PropertyValueSpecification\",\"valueRequired\":true,\"valueName\":\"search_term_string\"}}],\"inLanguage\":\"de\"},{\"@type\":\"Organization\",\"@id\":\"https:\\\/\\\/glassbottlewholesale.com\\\/#organization\",\"name\":\"Glass Bottle Wholesale\",\"url\":\"https:\\\/\\\/glassbottlewholesale.com\\\/\",\"logo\":{\"@type\":\"ImageObject\",\"inLanguage\":\"de\",\"@id\":\"https:\\\/\\\/glassbottlewholesale.com\\\/#\\\/schema\\\/logo\\\/image\\\/\",\"url\":\"https:\\\/\\\/glassbottlewholesale.com\\\/wp-content\\\/uploads\\\/2023\\\/12\\\/ruisheng-logo.webp\",\"contentUrl\":\"https:\\\/\\\/glassbottlewholesale.com\\\/wp-content\\\/uploads\\\/2023\\\/12\\\/ruisheng-logo.webp\",\"width\":400,\"height\":233,\"caption\":\"Glass Bottle Wholesale\"},\"image\":{\"@id\":\"https:\\\/\\\/glassbottlewholesale.com\\\/#\\\/schema\\\/logo\\\/image\\\/\"}}]}<\/script>\n<!-- \/ Yoast SEO plugin. -->","yoast_head_json":{"title":"1000ml Klarglasflaschen Gro\u00dfhandel | China Liquor Flasche Hersteller","description":"Ruisheng, einer der besten China Liquor Flasche Hersteller, Vertrieb Bulk 1000ml Klarglasflaschen Gro\u00dfhandel f\u00fcr Geist. Factory Outlet &amp; Qualit\u00e4tssicherung.","robots":{"index":"index","follow":"follow","max-snippet":"max-snippet:-1","max-image-preview":"max-image-preview:large","max-video-preview":"max-video-preview:-1"},"canonical":"https:\/\/ruishengglassco.com\/product\/rs0971000ml-clear-glass-bottles-supplier-with-stoppers","og_locale":"de_DE","og_type":"article","og_title":"1000ml Clear Glass Bottles Wholesale | China Liquor Bottle Manufacturer","og_description":"Ruisheng, one of best China Liquor Bottle Manufacturer, sales bulk 1000ml clear glass bottles wholesale for spirit. Factory Outlet&Quality Assurance.","og_url":"https:\/\/ruishengglassco.com\/product\/rs0971000ml-clear-glass-bottles-supplier-with-stoppers","og_site_name":"Glass Bottle Wholesale","article_modified_time":"2025-07-10T03:21:41+00:00","og_image":[{"width":800,"height":800,"url":"https:\/\/glassbottlewholesale.com\/wp-content\/uploads\/2024\/01\/1000ml-KS-round-glass-bottle.jpg","type":"image\/jpeg"}],"twitter_card":"summary_large_image","twitter_misc":{"Gesch\u00e4tzte Lesezeit":"2\u00a0Minuten"},"schema":{"@context":"https:\/\/schema.org","@graph":[{"@type":"WebPage","@id":"https:\/\/glassbottlewholesale.com\/1000ml-clear-glass-bottles-with-stoppers-wholesale\/","url":"https:\/\/ruishengglassco.com\/product\/rs0971000ml-clear-glass-bottles-supplier-with-stoppers","name":"1000ml Klarglasflaschen Gro\u00dfhandel | China Liquor Flasche Hersteller","isPartOf":{"@id":"https:\/\/glassbottlewholesale.com\/#website"},"primaryImageOfPage":{"@id":"https:\/\/ruishengglassco.com\/product\/rs0971000ml-clear-glass-bottles-supplier-with-stoppers#primaryimage"},"image":{"@id":"https:\/\/ruishengglassco.com\/product\/rs0971000ml-clear-glass-bottles-supplier-with-stoppers#primaryimage"},"thumbnailUrl":"https:\/\/glassbottlewholesale.com\/wp-content\/uploads\/2024\/01\/1000ml-KS-round-glass-bottle.jpg","datePublished":"2019-10-15T12:50:14+00:00","dateModified":"2025-07-10T03:21:41+00:00","description":"Ruisheng, einer der besten China Liquor Flasche Hersteller, Vertrieb Bulk 1000ml Klarglasflaschen Gro\u00dfhandel f\u00fcr Geist. Factory Outlet &amp; Qualit\u00e4tssicherung.","breadcrumb":{"@id":"https:\/\/ruishengglassco.com\/product\/rs0971000ml-clear-glass-bottles-supplier-with-stoppers#breadcrumb"},"inLanguage":"de","potentialAction":[{"@type":"ReadAction","target":["https:\/\/ruishengglassco.com\/product\/rs0971000ml-clear-glass-bottles-supplier-with-stoppers"]}]},{"@type":"ImageObject","inLanguage":"de","@id":"https:\/\/ruishengglassco.com\/product\/rs0971000ml-clear-glass-bottles-supplier-with-stoppers#primaryimage","url":"https:\/\/glassbottlewholesale.com\/wp-content\/uploads\/2024\/01\/1000ml-KS-round-glass-bottle.jpg","contentUrl":"https:\/\/glassbottlewholesale.com\/wp-content\/uploads\/2024\/01\/1000ml-KS-round-glass-bottle.jpg","width":800,"height":800,"caption":"1000ml Clear Glass Bottles Wholesale"},{"@type":"BreadcrumbList","@id":"https:\/\/ruishengglassco.com\/product\/rs0971000ml-clear-glass-bottles-supplier-with-stoppers#breadcrumb","itemListElement":[{"@type":"ListItem","position":1,"name":"Home","item":"https:\/\/glassbottlewholesale.com\/"},{"@type":"ListItem","position":2,"name":"Products","item":"https:\/\/glassbottlewholesale.com\/shop\/"},{"@type":"ListItem","position":3,"name":"RS097:1000ml Clear Glass Bottles Wholesale With Stoppers"}]},{"@type":"WebSite","@id":"https:\/\/glassbottlewholesale.com\/#website","url":"https:\/\/glassbottlewholesale.com\/","name":"Glass Bottle Wholesale","description":"","publisher":{"@id":"https:\/\/glassbottlewholesale.com\/#organization"},"potentialAction":[{"@type":"SearchAction","target":{"@type":"EntryPoint","urlTemplate":"https:\/\/glassbottlewholesale.com\/?s={search_term_string}"},"query-input":{"@type":"PropertyValueSpecification","valueRequired":true,"valueName":"search_term_string"}}],"inLanguage":"de"},{"@type":"Organization","@id":"https:\/\/glassbottlewholesale.com\/#organization","name":"Glass Bottle Wholesale","url":"https:\/\/glassbottlewholesale.com\/","logo":{"@type":"ImageObject","inLanguage":"de","@id":"https:\/\/glassbottlewholesale.com\/#\/schema\/logo\/image\/","url":"https:\/\/glassbottlewholesale.com\/wp-content\/uploads\/2023\/12\/ruisheng-logo.webp","contentUrl":"https:\/\/glassbottlewholesale.com\/wp-content\/uploads\/2023\/12\/ruisheng-logo.webp","width":400,"height":233,"caption":"Glass Bottle Wholesale"},"image":{"@id":"https:\/\/glassbottlewholesale.com\/#\/schema\/logo\/image\/"}}]}},"_links":{"self":[{"href":"https:\/\/glassbottlewholesale.com\/de\/wp-json\/wp\/v2\/product\/513","targetHints":{"allow":["GET"]}}],"collection":[{"href":"https:\/\/glassbottlewholesale.com\/de\/wp-json\/wp\/v2\/product"}],"about":[{"href":"https:\/\/glassbottlewholesale.com\/de\/wp-json\/wp\/v2\/types\/product"}],"replies":[{"embeddable":true,"href":"https:\/\/glassbottlewholesale.com\/de\/wp-json\/wp\/v2\/comments?post=513"}],"wp:featuredmedia":[{"embeddable":true,"href":"https:\/\/glassbottlewholesale.com\/de\/wp-json\/wp\/v2\/media\/4482"}],"wp:attachment":[{"href":"https:\/\/glassbottlewholesale.com\/de\/wp-json\/wp\/v2\/media?parent=513"}],"wp:term":[{"taxonomy":"product_brand","embeddable":true,"href":"https:\/\/glassbottlewholesale.com\/de\/wp-json\/wp\/v2\/product_brand?post=513"},{"taxonomy":"product_cat","embeddable":true,"href":"https:\/\/glassbottlewholesale.com\/de\/wp-json\/wp\/v2\/product_cat?post=513"},{"taxonomy":"product_tag","embeddable":true,"href":"https:\/\/glassbottlewholesale.com\/de\/wp-json\/wp\/v2\/product_tag?post=513"}],"curies":[{"name":"wp","href":"https:\/\/api.w.org\/{rel}","templated":true}]}}