{"id":515,"date":"2019-10-15T12:51:43","date_gmt":"2019-10-15T12:51:43","guid":{"rendered":"https:\/\/queenchingglass.com\/?post_type=product&#038;p=515"},"modified":"2025-07-10T01:30:17","modified_gmt":"2025-07-10T01:30:17","slug":"700ml-empty-gin-bottle-wholesale","status":"publish","type":"product","link":"https:\/\/glassbottlewholesale.com\/de\/700ml-empty-gin-bottle-wholesale\/","title":{"rendered":"RS096: 700ml leere Gin-Flaschen Gro\u00dfhandel"},"content":{"rendered":"<div class=\"wpb-content-wrapper\"><div class=\"vc_row wpb_row vc_row-fluid\"><div class=\"wpb_column vc_column_container vc_col-sm-12\"><div class=\"vc_column-inner\"><div class=\"wpb_wrapper\">\n\t<div class=\"wpb_text_column wpb_content_element\" >\n\t\t<div class=\"wpb_wrapper\">\n\t\t\t<p>Als Marktf\u00fchrer unter den Glasflaschenherstellern in China konzentriert sich Ruisheng seit 2009 auf Design und Produktion von Glasflaschen.  Unsere 700ml leere Gin-Flaschen Gro\u00dfhandel ist vor allem f\u00fcr die Verpackung von alkoholischen Produkten verwendet. Diese 700ml leere Gin schwarze Flasche ist vor allem f\u00fcr Gin Lagerung und Verpackung konzipiert.<\/p>\n<p>RS-2028 Serie leere Glas Gin Flaschen Gro\u00dfhandel nimmt hochwertige Super Flint Gl\u00e4ser, die Glasflasche mehr transparent, klar und hart macht. Es ist willkommen, Gin-Hersteller, Glasflasche Gro\u00dfh\u00e4ndler, Superm\u00e4rkte, und etc.<\/p>\n<p>Hier finden Sie Informationen \u00fcber unsere leeren Gin-Flaschen zum Verkauf. Willkommen in Ihrem Gro\u00dfhandel oder Gro\u00dfauftrag zu starten!<\/p>\n<h4>\u00dcber 700ml leere Ginflaschen Gro\u00dfhandel<\/h4>\n<ul>\n<li><strong>Marke:<\/strong>\u00a0<a href=\"https:\/\/glassbottlewholesale.com\/de\/uber-uns\/\">RS<\/a><\/li>\n<li><strong>Gr\u00f6\u00dfe der Gin-Flasche:<\/strong> 700ml &amp;750ml Lik\u00f6rflaschen (oder kundenspezifische Bestellung von 50ml bis 15ooml)<\/li>\n<li><strong>Die Form:\u00a0<\/strong> Runde, quadratische, ovale, gew\u00f6lbte, totenkopff\u00f6rmige Glasflaschen und einzigartige Ginflaschenformen (kundenspezifischer Glasflaschenservice verf\u00fcgbar)<\/li>\n<li><strong>Art der Versiegelung:<\/strong>\u00a0Korkverschluss, Schraubverschluss und Guala-Verschluss versiegelt<\/li>\n<li><strong>Mindestbestellmenge:<\/strong> 1\u00d740HQ (26.000-30000pcs 700ml Flaschen). kostenlose leere Gin-Flaschen Probe angeboten.<\/li>\n<li>Eine kostenlose Probe kann angeboten werden.<\/li>\n<\/ul>\n<p>Unser Unternehmen hat in 2 Produktionslinien der modernsten 8S-Vollautomaten, 3 Produktionslinien von CNC-Handmaschinen und 4 Produktionslinien von CNC-Halbautomaten f\u00fcr die Herstellung von Glasflaschen investiert. Bei der Sicherstellung der Lieferung von Miniatur-Gin-Gl\u00e4sern Gro\u00dfhandel, ist die Qualit\u00e4t auch garantiert.<\/p>\n<p>Mit ausreichender Versorgung, hoher Qualit\u00e4t und angemessenem Preis wurden die 700ml besten Gin-Flaschen in die USA, Gro\u00dfbritannien, Kanada, Australien, Frankreich, Niederlande, Deutschland, Belgien, etc. exportiert und genie\u00dfen einen guten Ruf bei unseren Kunden.<\/p>\n<p>Wenn Sie mit diesen leeren Schnapsflaschen zum Verkauf zufrieden sind, kontaktieren Sie mich bitte rechtzeitig. Wenn es Ihnen nicht gef\u00e4llt, k\u00f6nnen Sie sich unsere anderen Flaschen ansehen. Oder ich werde Ihnen den Katalog geben, Sie k\u00f6nnen w\u00e4hlen, was Sie m\u00f6gen. Wenn Sie an unseren 700ml leeren Gin-Flaschen Gro\u00dfhandel interessiert sind, bitte <a href=\"https:\/\/ruishengglassco.com\/contact\">kontaktieren Sie uns.<\/a> Wir werden Ihnen innerhalb von 24 Stunden antworten.<\/p>\n\n\t\t<\/div>\n\t<\/div>\n<\/div><\/div><\/div><\/div>\n<\/div>","protected":false},"excerpt":{"rendered":"<table class=\"tg\">\n<tbody>\n<tr>\n<th class=\"tg-24i8\" colspan=\"2\">700ml leere Ginflaschen Gro\u00dfhandel<\/th>\n<\/tr>\n<tr>\n<td class=\"tg-b7b8\">Referenz:<\/td>\n<td class=\"tg-b7b8\">RS096<\/td>\n<\/tr>\n<tr>\n<td class=\"tg-yw4l\">Hauptmaterial:<\/td>\n<td class=\"tg-yw4l\">Hochflintglas (dieses Material wird auch als kristallwei\u00dfes Glas bezeichnet)<\/td>\n<\/tr>\n<tr>\n<td class=\"tg-b7b8\">Deckel:<\/td>\n<td class=\"tg-b7b8\">Korkverschluss, Schraubverschluss und Guala-Verschluss<\/td>\n<\/tr>\n<tr>\n<td class=\"tg-yw4l\">Kapazit\u00e4t:<\/td>\n<td class=\"tg-yw4l\">700ml\/750ml<\/td>\n<\/tr>\n<tr>\n<td class=\"tg-b7b8\">Besonderheit:<\/td>\n<td class=\"tg-b7b8\">Umweltfreundlich<\/td>\n<\/tr>\n<tr>\n<td class=\"tg-yw4l\">Mindestbestellmenge:<\/td>\n<td class=\"tg-yw4l\">10000 STK<\/td>\n<\/tr>\n<tr>\n<td class=\"tg-b7b8\">Art der Verpackung:<\/td>\n<td class=\"tg-b7b8\">Export Standardkarton \/ Palette \/ Export Standardkarton und Palette<\/td>\n<\/tr>\n<tr>\n<td class=\"tg-yw4l\">OEM\/ODM:<\/td>\n<td class=\"tg-yw4l\">Willkommen<\/td>\n<\/tr>\n<tr>\n<td class=\"tg-b7b8\">Herkunft des Ortes:<\/td>\n<td class=\"tg-b7b8\">Shandong, China<\/td>\n<\/tr>\n<tr>\n<td class=\"tg-yw4l\">Stk.\/Karton:<\/td>\n<td class=\"tg-yw4l\">24 St\u00fcck oder nach Kundenwunsch<\/td>\n<\/tr>\n<\/tbody>\n<\/table>","protected":false},"featured_media":4376,"comment_status":"open","ping_status":"closed","template":"","meta":[],"product_brand":[],"product_cat":[51,64],"product_tag":[],"class_list":{"0":"post-515","1":"product","2":"type-product","3":"status-publish","4":"has-post-thumbnail","6":"product_cat-700ml-glass-bottle","7":"product_cat-gin-bottle","8":"entry","9":"has-media","11":"first","12":"instock","13":"shipping-taxable","14":"product-type-simple"},"yoast_head":"<!-- This site is optimized with the Yoast SEO plugin v27.3 - https:\/\/yoast.com\/product\/yoast-seo-wordpress\/ -->\n<title>700ml Empty Gin Bottles Wholesale | Best Gin Black Bottles Maker-RS<\/title>\n<meta name=\"description\" content=\"Ruisheng, one of the glass bottle manufacturers in China, provide 700ml empty gin bottles wholesale in a factory price. OEM\/ODM Order Acceptable.\" \/>\n<meta name=\"robots\" content=\"index, follow, max-snippet:-1, max-image-preview:large, max-video-preview:-1\" \/>\n<link rel=\"canonical\" href=\"https:\/\/ruishengglassco.com\/product\/rs096-700ml-empty-gin-bottles-manufacturers\" \/>\n<meta property=\"og:locale\" content=\"de_DE\" \/>\n<meta property=\"og:type\" content=\"article\" \/>\n<meta property=\"og:title\" content=\"700ml Empty Gin Bottles Wholesale | Best Gin Black Bottles Maker-RS\" \/>\n<meta property=\"og:description\" content=\"Ruisheng, one of the glass bottle manufacturers in China, provide 700ml empty gin bottles wholesale in a factory price. OEM\/ODM Order Acceptable.\" \/>\n<meta property=\"og:url\" content=\"https:\/\/ruishengglassco.com\/product\/rs096-700ml-empty-gin-bottles-manufacturers\" \/>\n<meta property=\"og:site_name\" content=\"Glass Bottle Wholesale\" \/>\n<meta property=\"article:modified_time\" content=\"2025-07-10T01:30:17+00:00\" \/>\n<meta property=\"og:image\" content=\"https:\/\/glassbottlewholesale.com\/wp-content\/uploads\/2023\/12\/700ml-Empty-Gin-Bottles-Wholesale.png\" \/>\n\t<meta property=\"og:image:width\" content=\"500\" \/>\n\t<meta property=\"og:image:height\" content=\"500\" \/>\n\t<meta property=\"og:image:type\" content=\"image\/png\" \/>\n<meta name=\"twitter:card\" content=\"summary_large_image\" \/>\n<meta name=\"twitter:label1\" content=\"Gesch\u00e4tzte Lesezeit\" \/>\n\t<meta name=\"twitter:data1\" content=\"2\u00a0Minuten\" \/>\n<script type=\"application\/ld+json\" class=\"yoast-schema-graph\">{\"@context\":\"https:\\\/\\\/schema.org\",\"@graph\":[{\"@type\":\"WebPage\",\"@id\":\"https:\\\/\\\/glassbottlewholesale.com\\\/700ml-empty-gin-bottle-wholesale\\\/\",\"url\":\"https:\\\/\\\/ruishengglassco.com\\\/product\\\/rs096-700ml-empty-gin-bottles-manufacturers\",\"name\":\"700ml Empty Gin Bottles Wholesale | Best Gin Black Bottles Maker-RS\",\"isPartOf\":{\"@id\":\"https:\\\/\\\/glassbottlewholesale.com\\\/#website\"},\"primaryImageOfPage\":{\"@id\":\"https:\\\/\\\/ruishengglassco.com\\\/product\\\/rs096-700ml-empty-gin-bottles-manufacturers#primaryimage\"},\"image\":{\"@id\":\"https:\\\/\\\/ruishengglassco.com\\\/product\\\/rs096-700ml-empty-gin-bottles-manufacturers#primaryimage\"},\"thumbnailUrl\":\"https:\\\/\\\/glassbottlewholesale.com\\\/wp-content\\\/uploads\\\/2023\\\/12\\\/700ml-Empty-Gin-Bottles-Wholesale.png\",\"datePublished\":\"2019-10-15T12:51:43+00:00\",\"dateModified\":\"2025-07-10T01:30:17+00:00\",\"description\":\"Ruisheng, one of the glass bottle manufacturers in China, provide 700ml empty gin bottles wholesale in a factory price. OEM\\\/ODM Order Acceptable.\",\"breadcrumb\":{\"@id\":\"https:\\\/\\\/ruishengglassco.com\\\/product\\\/rs096-700ml-empty-gin-bottles-manufacturers#breadcrumb\"},\"inLanguage\":\"de\",\"potentialAction\":[{\"@type\":\"ReadAction\",\"target\":[\"https:\\\/\\\/ruishengglassco.com\\\/product\\\/rs096-700ml-empty-gin-bottles-manufacturers\"]}]},{\"@type\":\"ImageObject\",\"inLanguage\":\"de\",\"@id\":\"https:\\\/\\\/ruishengglassco.com\\\/product\\\/rs096-700ml-empty-gin-bottles-manufacturers#primaryimage\",\"url\":\"https:\\\/\\\/glassbottlewholesale.com\\\/wp-content\\\/uploads\\\/2023\\\/12\\\/700ml-Empty-Gin-Bottles-Wholesale.png\",\"contentUrl\":\"https:\\\/\\\/glassbottlewholesale.com\\\/wp-content\\\/uploads\\\/2023\\\/12\\\/700ml-Empty-Gin-Bottles-Wholesale.png\",\"width\":500,\"height\":500,\"caption\":\"700ml Empty Gin Bottles Wholesale\"},{\"@type\":\"BreadcrumbList\",\"@id\":\"https:\\\/\\\/ruishengglassco.com\\\/product\\\/rs096-700ml-empty-gin-bottles-manufacturers#breadcrumb\",\"itemListElement\":[{\"@type\":\"ListItem\",\"position\":1,\"name\":\"Home\",\"item\":\"https:\\\/\\\/glassbottlewholesale.com\\\/\"},{\"@type\":\"ListItem\",\"position\":2,\"name\":\"Products\",\"item\":\"https:\\\/\\\/glassbottlewholesale.com\\\/shop\\\/\"},{\"@type\":\"ListItem\",\"position\":3,\"name\":\"RS096: 700ml Empty Gin Bottles Wholesale\"}]},{\"@type\":\"WebSite\",\"@id\":\"https:\\\/\\\/glassbottlewholesale.com\\\/#website\",\"url\":\"https:\\\/\\\/glassbottlewholesale.com\\\/\",\"name\":\"Glass Bottle Wholesale\",\"description\":\"\",\"publisher\":{\"@id\":\"https:\\\/\\\/glassbottlewholesale.com\\\/#organization\"},\"potentialAction\":[{\"@type\":\"SearchAction\",\"target\":{\"@type\":\"EntryPoint\",\"urlTemplate\":\"https:\\\/\\\/glassbottlewholesale.com\\\/?s={search_term_string}\"},\"query-input\":{\"@type\":\"PropertyValueSpecification\",\"valueRequired\":true,\"valueName\":\"search_term_string\"}}],\"inLanguage\":\"de\"},{\"@type\":\"Organization\",\"@id\":\"https:\\\/\\\/glassbottlewholesale.com\\\/#organization\",\"name\":\"Glass Bottle Wholesale\",\"url\":\"https:\\\/\\\/glassbottlewholesale.com\\\/\",\"logo\":{\"@type\":\"ImageObject\",\"inLanguage\":\"de\",\"@id\":\"https:\\\/\\\/glassbottlewholesale.com\\\/#\\\/schema\\\/logo\\\/image\\\/\",\"url\":\"https:\\\/\\\/glassbottlewholesale.com\\\/wp-content\\\/uploads\\\/2023\\\/12\\\/ruisheng-logo.webp\",\"contentUrl\":\"https:\\\/\\\/glassbottlewholesale.com\\\/wp-content\\\/uploads\\\/2023\\\/12\\\/ruisheng-logo.webp\",\"width\":400,\"height\":233,\"caption\":\"Glass Bottle Wholesale\"},\"image\":{\"@id\":\"https:\\\/\\\/glassbottlewholesale.com\\\/#\\\/schema\\\/logo\\\/image\\\/\"}}]}<\/script>\n<!-- \/ Yoast SEO plugin. -->","yoast_head_json":{"title":"700ml Empty Gin Bottles Wholesale | Best Gin Black Bottles Maker-RS","description":"Ruisheng, one of the glass bottle manufacturers in China, provide 700ml empty gin bottles wholesale in a factory price. OEM\/ODM Order Acceptable.","robots":{"index":"index","follow":"follow","max-snippet":"max-snippet:-1","max-image-preview":"max-image-preview:large","max-video-preview":"max-video-preview:-1"},"canonical":"https:\/\/ruishengglassco.com\/product\/rs096-700ml-empty-gin-bottles-manufacturers","og_locale":"de_DE","og_type":"article","og_title":"700ml Empty Gin Bottles Wholesale | Best Gin Black Bottles Maker-RS","og_description":"Ruisheng, one of the glass bottle manufacturers in China, provide 700ml empty gin bottles wholesale in a factory price. OEM\/ODM Order Acceptable.","og_url":"https:\/\/ruishengglassco.com\/product\/rs096-700ml-empty-gin-bottles-manufacturers","og_site_name":"Glass Bottle Wholesale","article_modified_time":"2025-07-10T01:30:17+00:00","og_image":[{"width":500,"height":500,"url":"https:\/\/glassbottlewholesale.com\/wp-content\/uploads\/2023\/12\/700ml-Empty-Gin-Bottles-Wholesale.png","type":"image\/png"}],"twitter_card":"summary_large_image","twitter_misc":{"Gesch\u00e4tzte Lesezeit":"2\u00a0Minuten"},"schema":{"@context":"https:\/\/schema.org","@graph":[{"@type":"WebPage","@id":"https:\/\/glassbottlewholesale.com\/700ml-empty-gin-bottle-wholesale\/","url":"https:\/\/ruishengglassco.com\/product\/rs096-700ml-empty-gin-bottles-manufacturers","name":"700ml Empty Gin Bottles Wholesale | Best Gin Black Bottles Maker-RS","isPartOf":{"@id":"https:\/\/glassbottlewholesale.com\/#website"},"primaryImageOfPage":{"@id":"https:\/\/ruishengglassco.com\/product\/rs096-700ml-empty-gin-bottles-manufacturers#primaryimage"},"image":{"@id":"https:\/\/ruishengglassco.com\/product\/rs096-700ml-empty-gin-bottles-manufacturers#primaryimage"},"thumbnailUrl":"https:\/\/glassbottlewholesale.com\/wp-content\/uploads\/2023\/12\/700ml-Empty-Gin-Bottles-Wholesale.png","datePublished":"2019-10-15T12:51:43+00:00","dateModified":"2025-07-10T01:30:17+00:00","description":"Ruisheng, one of the glass bottle manufacturers in China, provide 700ml empty gin bottles wholesale in a factory price. OEM\/ODM Order Acceptable.","breadcrumb":{"@id":"https:\/\/ruishengglassco.com\/product\/rs096-700ml-empty-gin-bottles-manufacturers#breadcrumb"},"inLanguage":"de","potentialAction":[{"@type":"ReadAction","target":["https:\/\/ruishengglassco.com\/product\/rs096-700ml-empty-gin-bottles-manufacturers"]}]},{"@type":"ImageObject","inLanguage":"de","@id":"https:\/\/ruishengglassco.com\/product\/rs096-700ml-empty-gin-bottles-manufacturers#primaryimage","url":"https:\/\/glassbottlewholesale.com\/wp-content\/uploads\/2023\/12\/700ml-Empty-Gin-Bottles-Wholesale.png","contentUrl":"https:\/\/glassbottlewholesale.com\/wp-content\/uploads\/2023\/12\/700ml-Empty-Gin-Bottles-Wholesale.png","width":500,"height":500,"caption":"700ml Empty Gin Bottles Wholesale"},{"@type":"BreadcrumbList","@id":"https:\/\/ruishengglassco.com\/product\/rs096-700ml-empty-gin-bottles-manufacturers#breadcrumb","itemListElement":[{"@type":"ListItem","position":1,"name":"Home","item":"https:\/\/glassbottlewholesale.com\/"},{"@type":"ListItem","position":2,"name":"Products","item":"https:\/\/glassbottlewholesale.com\/shop\/"},{"@type":"ListItem","position":3,"name":"RS096: 700ml Empty Gin Bottles Wholesale"}]},{"@type":"WebSite","@id":"https:\/\/glassbottlewholesale.com\/#website","url":"https:\/\/glassbottlewholesale.com\/","name":"Glass Bottle Wholesale","description":"","publisher":{"@id":"https:\/\/glassbottlewholesale.com\/#organization"},"potentialAction":[{"@type":"SearchAction","target":{"@type":"EntryPoint","urlTemplate":"https:\/\/glassbottlewholesale.com\/?s={search_term_string}"},"query-input":{"@type":"PropertyValueSpecification","valueRequired":true,"valueName":"search_term_string"}}],"inLanguage":"de"},{"@type":"Organization","@id":"https:\/\/glassbottlewholesale.com\/#organization","name":"Glass Bottle Wholesale","url":"https:\/\/glassbottlewholesale.com\/","logo":{"@type":"ImageObject","inLanguage":"de","@id":"https:\/\/glassbottlewholesale.com\/#\/schema\/logo\/image\/","url":"https:\/\/glassbottlewholesale.com\/wp-content\/uploads\/2023\/12\/ruisheng-logo.webp","contentUrl":"https:\/\/glassbottlewholesale.com\/wp-content\/uploads\/2023\/12\/ruisheng-logo.webp","width":400,"height":233,"caption":"Glass Bottle Wholesale"},"image":{"@id":"https:\/\/glassbottlewholesale.com\/#\/schema\/logo\/image\/"}}]}},"_links":{"self":[{"href":"https:\/\/glassbottlewholesale.com\/de\/wp-json\/wp\/v2\/product\/515","targetHints":{"allow":["GET"]}}],"collection":[{"href":"https:\/\/glassbottlewholesale.com\/de\/wp-json\/wp\/v2\/product"}],"about":[{"href":"https:\/\/glassbottlewholesale.com\/de\/wp-json\/wp\/v2\/types\/product"}],"replies":[{"embeddable":true,"href":"https:\/\/glassbottlewholesale.com\/de\/wp-json\/wp\/v2\/comments?post=515"}],"wp:featuredmedia":[{"embeddable":true,"href":"https:\/\/glassbottlewholesale.com\/de\/wp-json\/wp\/v2\/media\/4376"}],"wp:attachment":[{"href":"https:\/\/glassbottlewholesale.com\/de\/wp-json\/wp\/v2\/media?parent=515"}],"wp:term":[{"taxonomy":"product_brand","embeddable":true,"href":"https:\/\/glassbottlewholesale.com\/de\/wp-json\/wp\/v2\/product_brand?post=515"},{"taxonomy":"product_cat","embeddable":true,"href":"https:\/\/glassbottlewholesale.com\/de\/wp-json\/wp\/v2\/product_cat?post=515"},{"taxonomy":"product_tag","embeddable":true,"href":"https:\/\/glassbottlewholesale.com\/de\/wp-json\/wp\/v2\/product_tag?post=515"}],"curies":[{"name":"wp","href":"https:\/\/api.w.org\/{rel}","templated":true}]}}