{"id":679,"date":"2019-10-18T06:25:35","date_gmt":"2019-10-18T06:25:35","guid":{"rendered":"https:\/\/queenchingglass.com\/?post_type=product&#038;p=679"},"modified":"2025-07-10T03:15:10","modified_gmt":"2025-07-10T03:15:10","slug":"erstklassige-50ml-glasflasche","status":"publish","type":"product","link":"https:\/\/glassbottlewholesale.com\/de\/erstklassige-50ml-glasflasche\/","title":{"rendered":"Hochwertige 50-ml-Quadratglasflaschen im Gro\u00dfhandel"},"content":{"rendered":"<div class=\"wpb-content-wrapper\"><div class=\"vc_row wpb_row vc_row-fluid\"><div class=\"wpb_column vc_column_container vc_col-sm-12\"><div class=\"vc_column-inner\"><div class=\"wpb_wrapper\">\n\t<div class=\"wpb_text_column wpb_content_element\" >\n\t\t<div class=\"wpb_wrapper\">\n\t\t\t<p>Der <strong>Top Grade 50ml\u00a0 Glass Bottles Wholesale <\/strong>is made in Shandong Yuncheng Ruisheng Glass Co., Ltd. Our company is one of the biggest super flint<a href=\"https:\/\/ruishengglassco.com\/glass-liquor-spirit-bottles\"> Lik\u00f6rglasflaschen herstellt<\/a> in China. Unser Unternehmen hat mehr als 500 Mitarbeiter und eine Gruppe von qualifizierten Ingenieuren. Mit reicher Erfahrung haben wir einen guten Ruf in der ganzen Welt.<\/p>\n<p>Als ein Top-Gro\u00dfhandel Spirituosenflasche mit Korken Hersteller, Ruisheng konzentriert sich auf hochwertige Glasflasche Herstellung wie Wodka-Flasche, Brandy-Flasche, Whiskey-Flasche, Lik\u00f6r-Flasche, Marmelade Flasche und so weiter. Wir k\u00f6nnen auch verschiedene Farbe Spirituosenflasche Gro\u00dfhandel wie Braunglasflaschen, gr\u00fcne Flaschen, Wei\u00dfglasflaschen, transparente Glasflaschen, etc. anbieten. Unser Hauptmarkt ist das Vereinigte K\u00f6nigreich, die USA, Australien, Kanada und viele andere L\u00e4nder. Und alle Produkte genie\u00dfen ein hohes Ansehen f\u00fcr Innovation und Funktionalit\u00e4t.<\/p>\n<p>We had engaged in export business for many years, we have strictly quality control and delivery time, we are a Specialized international business department, we can provide the best before and after-sales service will reply to you in time once you have some doubts. And we had made bottles for years, the bottle price is standard. We believe our price is reasonable based on our bottle quality.<\/p>\n<p>The top-grade 50ml\u00a0 glass bottle with corks is made by high flint glass material which makes the glass bottle more clear, more durable and more smooth.\u00a0 Which is suitable for the package of liquor, vodka, brandy, whiskey, jam and so on.<\/p>\n<h4>Details About Top Grade 50ml Glass Bottles Wholesale<\/h4>\n<ul>\n<li>Hauptmaterial: Hochwei\u00dfes Glas<\/li>\n<li>Verschluss: Kork<\/li>\n<li>Reference: R-0704<\/li>\n<li>Mindestbestellmenge: 10.000 St\u00fcck<\/li>\n<li>Fassungsverm\u00f6gen: 50ml<\/li>\n<li>Stk.\/Karton: 24Stk.<\/li>\n<li>Herkunftsort: Shandong, China<\/li>\n<li>Merkmal: Umweltfreundlich<\/li>\n<\/ul>\n<p>And how to choose e-liquid glass bottles? Choose the right miniature liquor bottles bulk, the first one is the quality of the liquid bottles, <a href=\"https:\/\/ruishengglassco.com\/glass-liquor-spirit-bottles\">Hochwertige Glasflasche<\/a> ist in der Lage, die Qualit\u00e4t von Spirituosen zu gew\u00e4hrleisten und ihren Wert zu verbessern. Dar\u00fcber hinaus m\u00fcssen die Kunden auch die Aufmerksamkeit auf die Qualit\u00e4t von Spirituosen Produkte, Spirituosen Geschmack und kulturelle Propaganda zu w\u00e4hlen e fl\u00fcssige Glasflasche zu zahlen. Zus\u00e4tzliche, w\u00e4hlen und kaufen Lik\u00f6r Flasche Produkt m\u00fcssen eine regelm\u00e4\u00dfige Lik\u00f6r Flasche Hersteller w\u00e4hlen, um die Qualit\u00e4t und den Preis von Alkohol-Flaschen zu gew\u00e4hrleisten.<\/p>\n<p>If you are interested in our Top Grade 50ml Glass Bottles Wholesale, please contact us. We will reply to you within 24hours.<\/p>\n\n\t\t<\/div>\n\t<\/div>\n<\/div><\/div><\/div><\/div>\n<\/div>","protected":false},"excerpt":{"rendered":"<p>The top grade 50ml\u00a0 glass bottle with corks is made by high flint glass material which makes the glass bottle more clear, more durable and more smooth.\u00a0 Which is suitable for the package of liquor, vodka, brandy, whiskey, jam and so on.<\/p>","protected":false},"featured_media":2717,"comment_status":"open","ping_status":"closed","template":"","meta":[],"product_brand":[],"product_cat":[58,63],"product_tag":[],"class_list":{"0":"post-679","1":"product","2":"type-product","3":"status-publish","4":"has-post-thumbnail","6":"product_cat-50ml-glass-bottle","7":"product_cat-liquor-bottle","8":"entry","9":"has-media","11":"first","12":"instock","13":"shipping-taxable","14":"product-type-simple"},"yoast_head":"<!-- This site is optimized with the Yoast SEO plugin v27.3 - https:\/\/yoast.com\/product\/yoast-seo-wordpress\/ -->\n<title>Top Grade 50ml Glass Bottles Wholesale | Miniature Liquor Bottles Bulk<\/title>\n<meta name=\"description\" content=\"Buy Top Grade 50ml Glass Bottles Wholesale From China Liquor Bottle Factory. Outlet Cheap Price&amp;Free Sample. Get Miniature Liquor Bottles Bulk Price Now.\" \/>\n<meta name=\"robots\" content=\"index, follow, max-snippet:-1, max-image-preview:large, max-video-preview:-1\" \/>\n<link rel=\"canonical\" href=\"https:\/\/ruishengglassco.com\/product\/top-grade-50ml-square-glass-bottles-wholesale\" \/>\n<meta property=\"og:locale\" content=\"de_DE\" \/>\n<meta property=\"og:type\" content=\"article\" \/>\n<meta property=\"og:title\" content=\"Top Grade 50ml Glass Bottles Wholesale | Miniature Liquor Bottles Bulk\" \/>\n<meta property=\"og:description\" content=\"Buy Top Grade 50ml Glass Bottles Wholesale From China Liquor Bottle Factory. Outlet Cheap Price&amp;Free Sample. Get Miniature Liquor Bottles Bulk Price Now.\" \/>\n<meta property=\"og:url\" content=\"https:\/\/ruishengglassco.com\/product\/top-grade-50ml-square-glass-bottles-wholesale\" \/>\n<meta property=\"og:site_name\" content=\"Glass Bottle Wholesale\" \/>\n<meta property=\"article:modified_time\" content=\"2025-07-10T03:15:10+00:00\" \/>\n<meta property=\"og:image\" content=\"https:\/\/glassbottlewholesale.com\/wp-content\/uploads\/2019\/10\/R27-glassbottle.jpg\" \/>\n\t<meta property=\"og:image:width\" content=\"800\" \/>\n\t<meta property=\"og:image:height\" content=\"800\" \/>\n\t<meta property=\"og:image:type\" content=\"image\/jpeg\" \/>\n<meta name=\"twitter:card\" content=\"summary_large_image\" \/>\n<meta name=\"twitter:label1\" content=\"Gesch\u00e4tzte Lesezeit\" \/>\n\t<meta name=\"twitter:data1\" content=\"2\u00a0Minuten\" \/>\n<script type=\"application\/ld+json\" class=\"yoast-schema-graph\">{\"@context\":\"https:\\\/\\\/schema.org\",\"@graph\":[{\"@type\":\"WebPage\",\"@id\":\"https:\\\/\\\/glassbottlewholesale.com\\\/top-grade-50ml-glass-bottle\\\/\",\"url\":\"https:\\\/\\\/ruishengglassco.com\\\/product\\\/top-grade-50ml-square-glass-bottles-wholesale\",\"name\":\"Top Grade 50ml Glass Bottles Wholesale | Miniature Liquor Bottles Bulk\",\"isPartOf\":{\"@id\":\"https:\\\/\\\/glassbottlewholesale.com\\\/#website\"},\"primaryImageOfPage\":{\"@id\":\"https:\\\/\\\/ruishengglassco.com\\\/product\\\/top-grade-50ml-square-glass-bottles-wholesale#primaryimage\"},\"image\":{\"@id\":\"https:\\\/\\\/ruishengglassco.com\\\/product\\\/top-grade-50ml-square-glass-bottles-wholesale#primaryimage\"},\"thumbnailUrl\":\"https:\\\/\\\/glassbottlewholesale.com\\\/wp-content\\\/uploads\\\/2019\\\/10\\\/R27-glassbottle.jpg\",\"datePublished\":\"2019-10-18T06:25:35+00:00\",\"dateModified\":\"2025-07-10T03:15:10+00:00\",\"description\":\"Buy Top Grade 50ml Glass Bottles Wholesale From China Liquor Bottle Factory. Outlet Cheap Price&Free Sample. Get Miniature Liquor Bottles Bulk Price Now.\",\"breadcrumb\":{\"@id\":\"https:\\\/\\\/ruishengglassco.com\\\/product\\\/top-grade-50ml-square-glass-bottles-wholesale#breadcrumb\"},\"inLanguage\":\"de\",\"potentialAction\":[{\"@type\":\"ReadAction\",\"target\":[\"https:\\\/\\\/ruishengglassco.com\\\/product\\\/top-grade-50ml-square-glass-bottles-wholesale\"]}]},{\"@type\":\"ImageObject\",\"inLanguage\":\"de\",\"@id\":\"https:\\\/\\\/ruishengglassco.com\\\/product\\\/top-grade-50ml-square-glass-bottles-wholesale#primaryimage\",\"url\":\"https:\\\/\\\/glassbottlewholesale.com\\\/wp-content\\\/uploads\\\/2019\\\/10\\\/R27-glassbottle.jpg\",\"contentUrl\":\"https:\\\/\\\/glassbottlewholesale.com\\\/wp-content\\\/uploads\\\/2019\\\/10\\\/R27-glassbottle.jpg\",\"width\":800,\"height\":800,\"caption\":\"Top Grade 50ml Glass Bottles Wholesale\"},{\"@type\":\"BreadcrumbList\",\"@id\":\"https:\\\/\\\/ruishengglassco.com\\\/product\\\/top-grade-50ml-square-glass-bottles-wholesale#breadcrumb\",\"itemListElement\":[{\"@type\":\"ListItem\",\"position\":1,\"name\":\"Home\",\"item\":\"https:\\\/\\\/glassbottlewholesale.com\\\/\"},{\"@type\":\"ListItem\",\"position\":2,\"name\":\"Products\",\"item\":\"https:\\\/\\\/glassbottlewholesale.com\\\/shop\\\/\"},{\"@type\":\"ListItem\",\"position\":3,\"name\":\"Top Grade 50ml Square Glass Bottles Wholesale\"}]},{\"@type\":\"WebSite\",\"@id\":\"https:\\\/\\\/glassbottlewholesale.com\\\/#website\",\"url\":\"https:\\\/\\\/glassbottlewholesale.com\\\/\",\"name\":\"Glass Bottle Wholesale\",\"description\":\"\",\"publisher\":{\"@id\":\"https:\\\/\\\/glassbottlewholesale.com\\\/#organization\"},\"potentialAction\":[{\"@type\":\"SearchAction\",\"target\":{\"@type\":\"EntryPoint\",\"urlTemplate\":\"https:\\\/\\\/glassbottlewholesale.com\\\/?s={search_term_string}\"},\"query-input\":{\"@type\":\"PropertyValueSpecification\",\"valueRequired\":true,\"valueName\":\"search_term_string\"}}],\"inLanguage\":\"de\"},{\"@type\":\"Organization\",\"@id\":\"https:\\\/\\\/glassbottlewholesale.com\\\/#organization\",\"name\":\"Glass Bottle Wholesale\",\"url\":\"https:\\\/\\\/glassbottlewholesale.com\\\/\",\"logo\":{\"@type\":\"ImageObject\",\"inLanguage\":\"de\",\"@id\":\"https:\\\/\\\/glassbottlewholesale.com\\\/#\\\/schema\\\/logo\\\/image\\\/\",\"url\":\"https:\\\/\\\/glassbottlewholesale.com\\\/wp-content\\\/uploads\\\/2023\\\/12\\\/ruisheng-logo.webp\",\"contentUrl\":\"https:\\\/\\\/glassbottlewholesale.com\\\/wp-content\\\/uploads\\\/2023\\\/12\\\/ruisheng-logo.webp\",\"width\":400,\"height\":233,\"caption\":\"Glass Bottle Wholesale\"},\"image\":{\"@id\":\"https:\\\/\\\/glassbottlewholesale.com\\\/#\\\/schema\\\/logo\\\/image\\\/\"}}]}<\/script>\n<!-- \/ Yoast SEO plugin. -->","yoast_head_json":{"title":"Hochwertige 50-ml-Glasflaschen im Gro\u00dfhandel | Miniatur-Schnapsflaschen in gro\u00dfen Mengen","description":"Kaufen Sie hochwertige 50-ml-Glasflaschen im Gro\u00dfhandel bei einer chinesischen Schnapsflaschenfabrik. Outlet-Preise und kostenlose Probe. Holen Sie sich jetzt Miniatur-Schnapsflaschen zum Gro\u00dfhandelspreis.","robots":{"index":"index","follow":"follow","max-snippet":"max-snippet:-1","max-image-preview":"max-image-preview:large","max-video-preview":"max-video-preview:-1"},"canonical":"https:\/\/ruishengglassco.com\/product\/top-grade-50ml-square-glass-bottles-wholesale","og_locale":"de_DE","og_type":"article","og_title":"Top Grade 50ml Glass Bottles Wholesale | Miniature Liquor Bottles Bulk","og_description":"Buy Top Grade 50ml Glass Bottles Wholesale From China Liquor Bottle Factory. Outlet Cheap Price&Free Sample. Get Miniature Liquor Bottles Bulk Price Now.","og_url":"https:\/\/ruishengglassco.com\/product\/top-grade-50ml-square-glass-bottles-wholesale","og_site_name":"Glass Bottle Wholesale","article_modified_time":"2025-07-10T03:15:10+00:00","og_image":[{"width":800,"height":800,"url":"https:\/\/glassbottlewholesale.com\/wp-content\/uploads\/2019\/10\/R27-glassbottle.jpg","type":"image\/jpeg"}],"twitter_card":"summary_large_image","twitter_misc":{"Gesch\u00e4tzte Lesezeit":"2\u00a0Minuten"},"schema":{"@context":"https:\/\/schema.org","@graph":[{"@type":"WebPage","@id":"https:\/\/glassbottlewholesale.com\/top-grade-50ml-glass-bottle\/","url":"https:\/\/ruishengglassco.com\/product\/top-grade-50ml-square-glass-bottles-wholesale","name":"Hochwertige 50-ml-Glasflaschen im Gro\u00dfhandel | Miniatur-Schnapsflaschen in gro\u00dfen Mengen","isPartOf":{"@id":"https:\/\/glassbottlewholesale.com\/#website"},"primaryImageOfPage":{"@id":"https:\/\/ruishengglassco.com\/product\/top-grade-50ml-square-glass-bottles-wholesale#primaryimage"},"image":{"@id":"https:\/\/ruishengglassco.com\/product\/top-grade-50ml-square-glass-bottles-wholesale#primaryimage"},"thumbnailUrl":"https:\/\/glassbottlewholesale.com\/wp-content\/uploads\/2019\/10\/R27-glassbottle.jpg","datePublished":"2019-10-18T06:25:35+00:00","dateModified":"2025-07-10T03:15:10+00:00","description":"Kaufen Sie hochwertige 50-ml-Glasflaschen im Gro\u00dfhandel bei einer chinesischen Schnapsflaschenfabrik. Outlet-Preise und kostenlose Probe. Holen Sie sich jetzt Miniatur-Schnapsflaschen zum Gro\u00dfhandelspreis.","breadcrumb":{"@id":"https:\/\/ruishengglassco.com\/product\/top-grade-50ml-square-glass-bottles-wholesale#breadcrumb"},"inLanguage":"de","potentialAction":[{"@type":"ReadAction","target":["https:\/\/ruishengglassco.com\/product\/top-grade-50ml-square-glass-bottles-wholesale"]}]},{"@type":"ImageObject","inLanguage":"de","@id":"https:\/\/ruishengglassco.com\/product\/top-grade-50ml-square-glass-bottles-wholesale#primaryimage","url":"https:\/\/glassbottlewholesale.com\/wp-content\/uploads\/2019\/10\/R27-glassbottle.jpg","contentUrl":"https:\/\/glassbottlewholesale.com\/wp-content\/uploads\/2019\/10\/R27-glassbottle.jpg","width":800,"height":800,"caption":"Top Grade 50ml Glass Bottles Wholesale"},{"@type":"BreadcrumbList","@id":"https:\/\/ruishengglassco.com\/product\/top-grade-50ml-square-glass-bottles-wholesale#breadcrumb","itemListElement":[{"@type":"ListItem","position":1,"name":"Home","item":"https:\/\/glassbottlewholesale.com\/"},{"@type":"ListItem","position":2,"name":"Products","item":"https:\/\/glassbottlewholesale.com\/shop\/"},{"@type":"ListItem","position":3,"name":"Top Grade 50ml Square Glass Bottles Wholesale"}]},{"@type":"WebSite","@id":"https:\/\/glassbottlewholesale.com\/#website","url":"https:\/\/glassbottlewholesale.com\/","name":"Glass Bottle Wholesale","description":"","publisher":{"@id":"https:\/\/glassbottlewholesale.com\/#organization"},"potentialAction":[{"@type":"SearchAction","target":{"@type":"EntryPoint","urlTemplate":"https:\/\/glassbottlewholesale.com\/?s={search_term_string}"},"query-input":{"@type":"PropertyValueSpecification","valueRequired":true,"valueName":"search_term_string"}}],"inLanguage":"de"},{"@type":"Organization","@id":"https:\/\/glassbottlewholesale.com\/#organization","name":"Glass Bottle Wholesale","url":"https:\/\/glassbottlewholesale.com\/","logo":{"@type":"ImageObject","inLanguage":"de","@id":"https:\/\/glassbottlewholesale.com\/#\/schema\/logo\/image\/","url":"https:\/\/glassbottlewholesale.com\/wp-content\/uploads\/2023\/12\/ruisheng-logo.webp","contentUrl":"https:\/\/glassbottlewholesale.com\/wp-content\/uploads\/2023\/12\/ruisheng-logo.webp","width":400,"height":233,"caption":"Glass Bottle Wholesale"},"image":{"@id":"https:\/\/glassbottlewholesale.com\/#\/schema\/logo\/image\/"}}]}},"_links":{"self":[{"href":"https:\/\/glassbottlewholesale.com\/de\/wp-json\/wp\/v2\/product\/679","targetHints":{"allow":["GET"]}}],"collection":[{"href":"https:\/\/glassbottlewholesale.com\/de\/wp-json\/wp\/v2\/product"}],"about":[{"href":"https:\/\/glassbottlewholesale.com\/de\/wp-json\/wp\/v2\/types\/product"}],"replies":[{"embeddable":true,"href":"https:\/\/glassbottlewholesale.com\/de\/wp-json\/wp\/v2\/comments?post=679"}],"wp:featuredmedia":[{"embeddable":true,"href":"https:\/\/glassbottlewholesale.com\/de\/wp-json\/wp\/v2\/media\/2717"}],"wp:attachment":[{"href":"https:\/\/glassbottlewholesale.com\/de\/wp-json\/wp\/v2\/media?parent=679"}],"wp:term":[{"taxonomy":"product_brand","embeddable":true,"href":"https:\/\/glassbottlewholesale.com\/de\/wp-json\/wp\/v2\/product_brand?post=679"},{"taxonomy":"product_cat","embeddable":true,"href":"https:\/\/glassbottlewholesale.com\/de\/wp-json\/wp\/v2\/product_cat?post=679"},{"taxonomy":"product_tag","embeddable":true,"href":"https:\/\/glassbottlewholesale.com\/de\/wp-json\/wp\/v2\/product_tag?post=679"}],"curies":[{"name":"wp","href":"https:\/\/api.w.org\/{rel}","templated":true}]}}