{"id":695,"date":"2019-10-18T06:55:27","date_gmt":"2019-10-18T06:55:27","guid":{"rendered":"https:\/\/queenchingglass.com\/?post_type=product&#038;p=695"},"modified":"2025-07-10T01:53:30","modified_gmt":"2025-07-10T01:53:30","slug":"500ml-custom-glass-spirit-bottles-sale","status":"publish","type":"product","link":"https:\/\/glassbottlewholesale.com\/de\/500ml-custom-glass-spirit-bottles-sale\/","title":{"rendered":"RS077: 16 OZ Glasflaschen mit Korken Gro\u00dfhandel"},"content":{"rendered":"<div class=\"wpb-content-wrapper\"><div class=\"vc_row wpb_row vc_row-fluid\"><div class=\"wpb_column vc_column_container vc_col-sm-12\"><div class=\"vc_column-inner\"><div class=\"wpb_wrapper\">\n\t<div class=\"wpb_text_column wpb_content_element\" >\n\t\t<div class=\"wpb_wrapper\">\n\t\t\t<p>Die 16 OZ Glasflaschen Gro\u00dfhandel ist in Shandong Yuncheng Ruisheng Glass Co. gemacht, Ltd. Unser Unternehmen ist einer der gr\u00f6\u00dften Super Flint Glasflasche Manufaktur in China.<\/p>\n<p>Diese leere Glasflasche ist vor allem f\u00fcr Tequila, seine Formen wie Kalebasse sind von hoher Feuerstein Glasmaterial, das die Glasflasche klarer, haltbarer und glatter macht gemacht.<\/p>\n<p>Unser Unternehmen besch\u00e4ftigt \u00fcber 500 Mitarbeiter und eine Gruppe qualifizierter Ingenieure. Dank unserer reichen Erfahrung genie\u00dfen wir weltweit einen guten Ruf.<\/p>\n<p>Unsere Hauptprodukte sind hochwertige Glasflaschen wie Wodkaflaschen, Schnapsflaschen, Whiskeyflaschen, Lik\u00f6rflaschen, Marmeladenflaschen und so weiter. Wir k\u00f6nnen auch Braunglasflaschen, gr\u00fcne Flaschen und Wasserflaschen anbieten. Unser Hauptabsatzmarkt ist Europa, die USA, Australien, Amerika, usw. Und alle Produkte genie\u00dfen einen guten Ruf f\u00fcr ihre Innovation und Funktionalit\u00e4t.<\/p>\n<h4>Details \u00fcber 16 OZ Glasflaschen Gro\u00dfhandel<\/h4>\n<ul>\n<li>Hauptmaterial: Hochwei\u00dfes Glas<\/li>\n<li>M\u00fctze: Guala-M\u00fctze<\/li>\n<li>Referenz: RS077<\/li>\n<li>Mindestbestellmenge: 10.000 St\u00fcck<\/li>\n<li>Fassungsverm\u00f6gen:500ml<\/li>\n<li>St\u00fcck\/Gebinde:24St\u00fcck<\/li>\n<li>Herkunftsort: Shandong, China<\/li>\n<li>Merkmal: Umweltfreundlich<\/li>\n<\/ul>\n<p>Wenn Sie individuelle Preise f\u00fcr ausgefallene Tequila-Flaschen erhalten m\u00f6chten, wenden Sie sich bitte an <a href=\"https:\/\/ruishengglassco.com\/contact\">kontaktieren Sie uns.<\/a> Wir werden Ihnen innerhalb von 24 Stunden antworten.<\/p>\n\n\t\t<\/div>\n\t<\/div>\n<\/div><\/div><\/div><\/div>\n<\/div>","protected":false},"excerpt":{"rendered":"<p>500ml custom spirit bottles(16 oz glass bottles wholesale) is specially designed for tequila packaging. Unique shapes design makes it outstanding to catch buyer&#8217;s eyes.<\/p>\n<ul>\n<li><b>OEM\/ODM-Service mit freier Probe. MOQ: 10000 PCS\u00a0<\/b><\/li>\n<li>Gewicht der Flaschen: 640g<\/li>\n<li>H\u00f6he der Flasche: 220mm<\/li>\n<li>Flaschendurchmesser: 90mm<\/li>\n<\/ul>\n<p>Wenn Sie m\u00f6chten, um benutzerdefinierte fancy Tequila Flasche Preis, kontaktieren Sie uns bitte. Wir k\u00f6nnen versuchen, um als die erste Bestellung zu akzeptieren.<\/p>","protected":false},"featured_media":696,"comment_status":"open","ping_status":"closed","template":"","meta":[],"product_brand":[],"product_cat":[50,55,66],"product_tag":[],"class_list":{"0":"post-695","1":"product","2":"type-product","3":"status-publish","4":"has-post-thumbnail","6":"product_cat-500ml-glass-bottle","7":"product_cat-custom-glass-bottle","8":"product_cat-tequila-bottle","9":"entry","10":"has-media","12":"first","13":"instock","14":"shipping-taxable","15":"product-type-simple"},"yoast_head":"<!-- This site is optimized with the Yoast SEO plugin v27.3 - https:\/\/yoast.com\/product\/yoast-seo-wordpress\/ -->\n<title>16 OZ Glass Bottles Wholesale | Custom Fancy Tequila Bottle Price<\/title>\n<meta name=\"description\" content=\"Do you want to buy 16 oz glass bottles wholesale for tequila from China glass bottle manufacturer, click here to get custom fancy tequila bottle price.\" \/>\n<meta name=\"robots\" content=\"index, follow, max-snippet:-1, max-image-preview:large, max-video-preview:-1\" \/>\n<link rel=\"canonical\" href=\"https:\/\/ruishengglassco.com\/product\/rs077-16-oz-glass-bottles-with-corks-wholesale\" \/>\n<meta property=\"og:locale\" content=\"de_DE\" \/>\n<meta property=\"og:type\" content=\"article\" \/>\n<meta property=\"og:title\" content=\"16 OZ Glass Bottles Wholesale | Custom Fancy Tequila Bottle Price\" \/>\n<meta property=\"og:description\" content=\"Do you want to buy 16 oz glass bottles wholesale for tequila from China glass bottle manufacturer, click here to get custom fancy tequila bottle price.\" \/>\n<meta property=\"og:url\" content=\"https:\/\/ruishengglassco.com\/product\/rs077-16-oz-glass-bottles-with-corks-wholesale\" \/>\n<meta property=\"og:site_name\" content=\"Glass Bottle Wholesale\" \/>\n<meta property=\"article:modified_time\" content=\"2025-07-10T01:53:30+00:00\" \/>\n<meta property=\"og:image\" content=\"https:\/\/glassbottlewholesale.com\/wp-content\/uploads\/2019\/10\/tupian7i\u5417Joni\u5c31.jpg\" \/>\n\t<meta property=\"og:image:width\" content=\"460\" \/>\n\t<meta property=\"og:image:height\" content=\"460\" \/>\n\t<meta property=\"og:image:type\" content=\"image\/jpeg\" \/>\n<meta name=\"twitter:card\" content=\"summary_large_image\" \/>\n<meta name=\"twitter:label1\" content=\"Gesch\u00e4tzte Lesezeit\" \/>\n\t<meta name=\"twitter:data1\" content=\"1\u00a0Minute\" \/>\n<script type=\"application\/ld+json\" class=\"yoast-schema-graph\">{\"@context\":\"https:\\\/\\\/schema.org\",\"@graph\":[{\"@type\":\"WebPage\",\"@id\":\"https:\\\/\\\/glassbottlewholesale.com\\\/500ml-custom-glass-spirit-bottles-sale\\\/\",\"url\":\"https:\\\/\\\/ruishengglassco.com\\\/product\\\/rs077-16-oz-glass-bottles-with-corks-wholesale\",\"name\":\"16 OZ Glass Bottles Wholesale | Custom Fancy Tequila Bottle Price\",\"isPartOf\":{\"@id\":\"https:\\\/\\\/glassbottlewholesale.com\\\/#website\"},\"primaryImageOfPage\":{\"@id\":\"https:\\\/\\\/ruishengglassco.com\\\/product\\\/rs077-16-oz-glass-bottles-with-corks-wholesale#primaryimage\"},\"image\":{\"@id\":\"https:\\\/\\\/ruishengglassco.com\\\/product\\\/rs077-16-oz-glass-bottles-with-corks-wholesale#primaryimage\"},\"thumbnailUrl\":\"https:\\\/\\\/glassbottlewholesale.com\\\/wp-content\\\/uploads\\\/2019\\\/10\\\/tupian7i\u5417Joni\u5c31.jpg\",\"datePublished\":\"2019-10-18T06:55:27+00:00\",\"dateModified\":\"2025-07-10T01:53:30+00:00\",\"description\":\"Do you want to buy 16 oz glass bottles wholesale for tequila from China glass bottle manufacturer, click here to get custom fancy tequila bottle price.\",\"breadcrumb\":{\"@id\":\"https:\\\/\\\/ruishengglassco.com\\\/product\\\/rs077-16-oz-glass-bottles-with-corks-wholesale#breadcrumb\"},\"inLanguage\":\"de\",\"potentialAction\":[{\"@type\":\"ReadAction\",\"target\":[\"https:\\\/\\\/ruishengglassco.com\\\/product\\\/rs077-16-oz-glass-bottles-with-corks-wholesale\"]}]},{\"@type\":\"ImageObject\",\"inLanguage\":\"de\",\"@id\":\"https:\\\/\\\/ruishengglassco.com\\\/product\\\/rs077-16-oz-glass-bottles-with-corks-wholesale#primaryimage\",\"url\":\"https:\\\/\\\/glassbottlewholesale.com\\\/wp-content\\\/uploads\\\/2019\\\/10\\\/tupian7i\u5417Joni\u5c31.jpg\",\"contentUrl\":\"https:\\\/\\\/glassbottlewholesale.com\\\/wp-content\\\/uploads\\\/2019\\\/10\\\/tupian7i\u5417Joni\u5c31.jpg\",\"width\":460,\"height\":460,\"caption\":\"16 OZ Glass Bottles Wholesale\"},{\"@type\":\"BreadcrumbList\",\"@id\":\"https:\\\/\\\/ruishengglassco.com\\\/product\\\/rs077-16-oz-glass-bottles-with-corks-wholesale#breadcrumb\",\"itemListElement\":[{\"@type\":\"ListItem\",\"position\":1,\"name\":\"Home\",\"item\":\"https:\\\/\\\/glassbottlewholesale.com\\\/\"},{\"@type\":\"ListItem\",\"position\":2,\"name\":\"Products\",\"item\":\"https:\\\/\\\/glassbottlewholesale.com\\\/shop\\\/\"},{\"@type\":\"ListItem\",\"position\":3,\"name\":\"RS077: 16 OZ Glass Bottles With Corks Wholesale\"}]},{\"@type\":\"WebSite\",\"@id\":\"https:\\\/\\\/glassbottlewholesale.com\\\/#website\",\"url\":\"https:\\\/\\\/glassbottlewholesale.com\\\/\",\"name\":\"Glass Bottle Wholesale\",\"description\":\"\",\"publisher\":{\"@id\":\"https:\\\/\\\/glassbottlewholesale.com\\\/#organization\"},\"potentialAction\":[{\"@type\":\"SearchAction\",\"target\":{\"@type\":\"EntryPoint\",\"urlTemplate\":\"https:\\\/\\\/glassbottlewholesale.com\\\/?s={search_term_string}\"},\"query-input\":{\"@type\":\"PropertyValueSpecification\",\"valueRequired\":true,\"valueName\":\"search_term_string\"}}],\"inLanguage\":\"de\"},{\"@type\":\"Organization\",\"@id\":\"https:\\\/\\\/glassbottlewholesale.com\\\/#organization\",\"name\":\"Glass Bottle Wholesale\",\"url\":\"https:\\\/\\\/glassbottlewholesale.com\\\/\",\"logo\":{\"@type\":\"ImageObject\",\"inLanguage\":\"de\",\"@id\":\"https:\\\/\\\/glassbottlewholesale.com\\\/#\\\/schema\\\/logo\\\/image\\\/\",\"url\":\"https:\\\/\\\/glassbottlewholesale.com\\\/wp-content\\\/uploads\\\/2023\\\/12\\\/ruisheng-logo.webp\",\"contentUrl\":\"https:\\\/\\\/glassbottlewholesale.com\\\/wp-content\\\/uploads\\\/2023\\\/12\\\/ruisheng-logo.webp\",\"width\":400,\"height\":233,\"caption\":\"Glass Bottle Wholesale\"},\"image\":{\"@id\":\"https:\\\/\\\/glassbottlewholesale.com\\\/#\\\/schema\\\/logo\\\/image\\\/\"}}]}<\/script>\n<!-- \/ Yoast SEO plugin. -->","yoast_head_json":{"title":"16 OZ Glass Bottles Wholesale | Custom Fancy Tequila Bottle Price","description":"Do you want to buy 16 oz glass bottles wholesale for tequila from China glass bottle manufacturer, click here to get custom fancy tequila bottle price.","robots":{"index":"index","follow":"follow","max-snippet":"max-snippet:-1","max-image-preview":"max-image-preview:large","max-video-preview":"max-video-preview:-1"},"canonical":"https:\/\/ruishengglassco.com\/product\/rs077-16-oz-glass-bottles-with-corks-wholesale","og_locale":"de_DE","og_type":"article","og_title":"16 OZ Glass Bottles Wholesale | Custom Fancy Tequila Bottle Price","og_description":"Do you want to buy 16 oz glass bottles wholesale for tequila from China glass bottle manufacturer, click here to get custom fancy tequila bottle price.","og_url":"https:\/\/ruishengglassco.com\/product\/rs077-16-oz-glass-bottles-with-corks-wholesale","og_site_name":"Glass Bottle Wholesale","article_modified_time":"2025-07-10T01:53:30+00:00","og_image":[{"width":460,"height":460,"url":"https:\/\/glassbottlewholesale.com\/wp-content\/uploads\/2019\/10\/tupian7i\u5417Joni\u5c31.jpg","type":"image\/jpeg"}],"twitter_card":"summary_large_image","twitter_misc":{"Gesch\u00e4tzte Lesezeit":"1\u00a0Minute"},"schema":{"@context":"https:\/\/schema.org","@graph":[{"@type":"WebPage","@id":"https:\/\/glassbottlewholesale.com\/500ml-custom-glass-spirit-bottles-sale\/","url":"https:\/\/ruishengglassco.com\/product\/rs077-16-oz-glass-bottles-with-corks-wholesale","name":"16 OZ Glass Bottles Wholesale | Custom Fancy Tequila Bottle Price","isPartOf":{"@id":"https:\/\/glassbottlewholesale.com\/#website"},"primaryImageOfPage":{"@id":"https:\/\/ruishengglassco.com\/product\/rs077-16-oz-glass-bottles-with-corks-wholesale#primaryimage"},"image":{"@id":"https:\/\/ruishengglassco.com\/product\/rs077-16-oz-glass-bottles-with-corks-wholesale#primaryimage"},"thumbnailUrl":"https:\/\/glassbottlewholesale.com\/wp-content\/uploads\/2019\/10\/tupian7i\u5417Joni\u5c31.jpg","datePublished":"2019-10-18T06:55:27+00:00","dateModified":"2025-07-10T01:53:30+00:00","description":"Do you want to buy 16 oz glass bottles wholesale for tequila from China glass bottle manufacturer, click here to get custom fancy tequila bottle price.","breadcrumb":{"@id":"https:\/\/ruishengglassco.com\/product\/rs077-16-oz-glass-bottles-with-corks-wholesale#breadcrumb"},"inLanguage":"de","potentialAction":[{"@type":"ReadAction","target":["https:\/\/ruishengglassco.com\/product\/rs077-16-oz-glass-bottles-with-corks-wholesale"]}]},{"@type":"ImageObject","inLanguage":"de","@id":"https:\/\/ruishengglassco.com\/product\/rs077-16-oz-glass-bottles-with-corks-wholesale#primaryimage","url":"https:\/\/glassbottlewholesale.com\/wp-content\/uploads\/2019\/10\/tupian7i\u5417Joni\u5c31.jpg","contentUrl":"https:\/\/glassbottlewholesale.com\/wp-content\/uploads\/2019\/10\/tupian7i\u5417Joni\u5c31.jpg","width":460,"height":460,"caption":"16 OZ Glass Bottles Wholesale"},{"@type":"BreadcrumbList","@id":"https:\/\/ruishengglassco.com\/product\/rs077-16-oz-glass-bottles-with-corks-wholesale#breadcrumb","itemListElement":[{"@type":"ListItem","position":1,"name":"Home","item":"https:\/\/glassbottlewholesale.com\/"},{"@type":"ListItem","position":2,"name":"Products","item":"https:\/\/glassbottlewholesale.com\/shop\/"},{"@type":"ListItem","position":3,"name":"RS077: 16 OZ Glass Bottles With Corks Wholesale"}]},{"@type":"WebSite","@id":"https:\/\/glassbottlewholesale.com\/#website","url":"https:\/\/glassbottlewholesale.com\/","name":"Glass Bottle Wholesale","description":"","publisher":{"@id":"https:\/\/glassbottlewholesale.com\/#organization"},"potentialAction":[{"@type":"SearchAction","target":{"@type":"EntryPoint","urlTemplate":"https:\/\/glassbottlewholesale.com\/?s={search_term_string}"},"query-input":{"@type":"PropertyValueSpecification","valueRequired":true,"valueName":"search_term_string"}}],"inLanguage":"de"},{"@type":"Organization","@id":"https:\/\/glassbottlewholesale.com\/#organization","name":"Glass Bottle Wholesale","url":"https:\/\/glassbottlewholesale.com\/","logo":{"@type":"ImageObject","inLanguage":"de","@id":"https:\/\/glassbottlewholesale.com\/#\/schema\/logo\/image\/","url":"https:\/\/glassbottlewholesale.com\/wp-content\/uploads\/2023\/12\/ruisheng-logo.webp","contentUrl":"https:\/\/glassbottlewholesale.com\/wp-content\/uploads\/2023\/12\/ruisheng-logo.webp","width":400,"height":233,"caption":"Glass Bottle Wholesale"},"image":{"@id":"https:\/\/glassbottlewholesale.com\/#\/schema\/logo\/image\/"}}]}},"_links":{"self":[{"href":"https:\/\/glassbottlewholesale.com\/de\/wp-json\/wp\/v2\/product\/695","targetHints":{"allow":["GET"]}}],"collection":[{"href":"https:\/\/glassbottlewholesale.com\/de\/wp-json\/wp\/v2\/product"}],"about":[{"href":"https:\/\/glassbottlewholesale.com\/de\/wp-json\/wp\/v2\/types\/product"}],"replies":[{"embeddable":true,"href":"https:\/\/glassbottlewholesale.com\/de\/wp-json\/wp\/v2\/comments?post=695"}],"wp:featuredmedia":[{"embeddable":true,"href":"https:\/\/glassbottlewholesale.com\/de\/wp-json\/wp\/v2\/media\/696"}],"wp:attachment":[{"href":"https:\/\/glassbottlewholesale.com\/de\/wp-json\/wp\/v2\/media?parent=695"}],"wp:term":[{"taxonomy":"product_brand","embeddable":true,"href":"https:\/\/glassbottlewholesale.com\/de\/wp-json\/wp\/v2\/product_brand?post=695"},{"taxonomy":"product_cat","embeddable":true,"href":"https:\/\/glassbottlewholesale.com\/de\/wp-json\/wp\/v2\/product_cat?post=695"},{"taxonomy":"product_tag","embeddable":true,"href":"https:\/\/glassbottlewholesale.com\/de\/wp-json\/wp\/v2\/product_tag?post=695"}],"curies":[{"name":"wp","href":"https:\/\/api.w.org\/{rel}","templated":true}]}}