{"id":708,"date":"2019-10-18T07:18:11","date_gmt":"2019-10-18T07:18:11","guid":{"rendered":"https:\/\/queenchingglass.com\/?post_type=product&#038;p=708"},"modified":"2025-07-10T03:30:43","modified_gmt":"2025-07-10T03:30:43","slug":"500ml-korkverschluss-glasflaschen-groshandel","status":"publish","type":"product","link":"https:\/\/glassbottlewholesale.com\/de\/500ml-korkverschluss-glasflaschen-groshandel\/","title":{"rendered":"RS075: 500ml Glasflaschen mit Korkverschluss, Gro\u00dfhandel"},"content":{"rendered":"<div class=\"wpb-content-wrapper\"><div class=\"vc_row wpb_row vc_row-fluid\"><div class=\"wpb_column vc_column_container vc_col-sm-12\"><div class=\"vc_column-inner\"><div class=\"wpb_wrapper\">\n\t<div class=\"wpb_text_column wpb_content_element\" >\n\t\t<div class=\"wpb_wrapper\">\n\t\t\t<h2>Detaillierte Informationen \u00fcber 500ml Kork Top Glasflaschen Gro\u00dfhandel<\/h2>\n<p>Die 500ml <strong>Korkverschluss Glasflaschen Gro\u00dfhandel<\/strong> ist eines der meistverkauften Produkte in unserer Fabrik. Diese Lik\u00f6r Glasflasche ist wie ein Turm geformt, es ist schmal auf der Oberseite und breit auf dem Boden. Der Verschluss dieser Glasflasche Gro\u00dfhandel ist Kork, schwarze Farbe, goldene Farbe, silberne Farbe und andere Farbe sind verf\u00fcgbar. Es ist vor allem f\u00fcr Gin Verpackung konzipiert.<\/p>\n<p>Ruisheng Glass stellt diese leeren 500-ml-Ginflaschen her. Unser Unternehmen befindet sich in einer Stadt, die f\u00fcr ihre Getr\u00e4nkeverpackungsprodukte bekannt ist. In dieser Stadt k\u00f6nnen Sie alle Arten von Glasbeh\u00e4ltern, Verschl\u00fcssen, Verpackungskartons und alle Arten von Etiketten finden. Ruisheng ist bestrebt, den Kunden einen Service aus einer Hand zu bieten. Wir k\u00f6nnen eine tiefgehende Verarbeitung und Dekoration der verkorkten Glasflaschen anbieten.<\/p>\n<p>In unserer Fabrik gibt es 12 Produktionslinien f\u00fcr die Herstellung von Glasflaschen mit Korken, darunter vollautomatische Maschinen und halbautomatische Maschinen. Wir k\u00f6nnen 12 Typ produzieren<a href=\"https:\/\/ruishengglassco.com\/glass-liquor-spirit-bottles\"> Spirituosenglasflaschen<\/a> etwa 10.000 St\u00fcck pro Tag und insgesamt etwa 120.000 St\u00fcck pro Tag. Egal, wie viele leere Glasflaschen Sie w\u00fcnschen, wir k\u00f6nnen sie f\u00fcr Sie rechtzeitig produzieren.<\/p>\n<h5>Die Details der 500ml Korkverschluss-Glasflaschen<\/h5>\n<p>Das Gewicht dieser 500ml Glasflaschen mit Stopfen betr\u00e4gt 550g. Ihr Boden ist d\u00fcnn und man kann den Schnaps darin sehr gut sehen. Der Bodendurchmesser dieser verkorkten Glasflasche betr\u00e4gt 88 mm. Und ihre H\u00f6he betr\u00e4gt 280 mm. Diese Glasflasche ist mit einem Korken verschlossen. Der obere Innendurchmesser betr\u00e4gt 17,5 mm und der obere Au\u00dfendurchmesser 28,5 mm. Diese \u00d6ffnung der Gro\u00dfhandel Glasflaschen ist f\u00fcr die Standard-T-Korken geeignet. \u00dcber die T- Korken Farbe, k\u00f6nnen wir verschiedene Farben f\u00fcr Sie, wie schwarz, golden, Silber und andere benutzerdefinierte Farben anbieten. Und \u00fcber die T- Korken Material, k\u00f6nnen wir bieten hohe Polymer-Kork, komplexe Kork, Holzkork und Glas Kork.<\/p>\n<p>Wenn Sie mehr Informationen \u00fcber unsere Glas-Kork-Flaschen oder unsere Fabrik wissen wollen, kontaktieren Sie uns bitte.<\/p>\n\n\t\t<\/div>\n\t<\/div>\n<\/div><\/div><\/div><\/div>\n<\/div>","protected":false},"excerpt":{"rendered":"<p>Ruisheng, ein professioneller Hersteller von Spirituosenflaschen aus Glas, bietet einen Gro\u00dfhandelsservice f\u00fcr Spirituosenmarken und Unternehmen an. Diese Serie <strong>500ml Korkverschluss Glasflaschen Gro\u00dfhandel<\/strong> ist eines der meistverkauften Produkte in unserer Fabrik. Diese Lik\u00f6r Glasflasche ist wie ein Turm geformt, es ist schmal auf der Oberseite und breit auf dem Boden. Der Verschluss dieser Glasflasche Gro\u00dfhandel ist Kork, schwarze Farbe, goldene Farbe, silberne Farbe, und andere Farben sind verf\u00fcgbar.<\/p>\n<div><strong><span class=\"mceItemHidden\"><span class=\"hiddenSpellError\">\u2013<\/span><span class=\"hiddenSpellError\">Mindestbestellmenge<\/span>: 10000 PCS (Rund 10000 <span class=\"hiddenSpellError\">Stck<\/span>)<\/span><\/strong><\/div>\n<div><span class=\"mceItemHidden\"><span class=\"hiddenSpellError\">-Frei<\/span>\u00a0Angebotene Probe.<\/span><\/div>\n<div><span class=\"mceItemHidden\"><span class=\"hiddenSpellError\">-Allgemein<\/span>\u00a0Lieferung innerhalb von 30 Tagen.<\/span><\/div>\n<div><span class=\"mceItemHidden\"><span class=\"hiddenSpellError\">-OEM<\/span>\/ODM-Service angeboten<\/span><\/div>\n<p>Wenn Sie den Preis von Glasflaschen mit Korken im Gro\u00dfhandel wissen m\u00f6chten, bitte<a href=\"https:\/\/glassbottlewholesale.com\/de\/contact\/\"> Kontakt<\/a> unser Verkaufsteam.<\/p>","protected":false},"featured_media":709,"comment_status":"open","ping_status":"closed","template":"","meta":[],"product_brand":[],"product_cat":[50,64],"product_tag":[],"class_list":{"0":"post-708","1":"product","2":"type-product","3":"status-publish","4":"has-post-thumbnail","6":"product_cat-500ml-glass-bottle","7":"product_cat-gin-bottle","8":"entry","9":"has-media","11":"first","12":"instock","13":"shipping-taxable","14":"product-type-simple"},"yoast_head":"<!-- This site is optimized with the Yoast SEO plugin v27.3 - https:\/\/yoast.com\/product\/yoast-seo-wordpress\/ -->\n<title>500ml Cork Top Glass Bottles Wholesale | Empty Gin Bottle Suppliers<\/title>\n<meta name=\"description\" content=\"Buy 500ml Cork Top Glass Bottles Wholesale From China Empty Gin Bottle Suppliers. Factory Outlet Price&amp;Free Sample Offered. Get Quote Here.\" \/>\n<meta name=\"robots\" content=\"index, follow, max-snippet:-1, max-image-preview:large, max-video-preview:-1\" \/>\n<link rel=\"canonical\" href=\"https:\/\/ruishengglassco.com\/product\/rs075-500ml-cork-top-glass-bottles-wholesale\" \/>\n<meta property=\"og:locale\" content=\"de_DE\" \/>\n<meta property=\"og:type\" content=\"article\" \/>\n<meta property=\"og:title\" content=\"500ml Cork Top Glass Bottles Wholesale | Empty Gin Bottle Suppliers\" \/>\n<meta property=\"og:description\" content=\"Buy 500ml Cork Top Glass Bottles Wholesale From China Empty Gin Bottle Suppliers. Factory Outlet Price&amp;Free Sample Offered. Get Quote Here.\" \/>\n<meta property=\"og:url\" content=\"https:\/\/ruishengglassco.com\/product\/rs075-500ml-cork-top-glass-bottles-wholesale\" \/>\n<meta property=\"og:site_name\" content=\"Glass Bottle Wholesale\" \/>\n<meta property=\"article:modified_time\" content=\"2025-07-10T03:30:43+00:00\" \/>\n<meta property=\"og:image\" content=\"https:\/\/glassbottlewholesale.com\/wp-content\/uploads\/2019\/10\/500ml-550g-\u897f\u7f8e\u9152\u4e1a-1-640x640\u8f85\u5bfc\u73ed.jpg\" \/>\n\t<meta property=\"og:image:width\" content=\"460\" \/>\n\t<meta property=\"og:image:height\" content=\"460\" \/>\n\t<meta property=\"og:image:type\" content=\"image\/jpeg\" \/>\n<meta name=\"twitter:card\" content=\"summary_large_image\" \/>\n<meta name=\"twitter:label1\" content=\"Gesch\u00e4tzte Lesezeit\" \/>\n\t<meta name=\"twitter:data1\" content=\"2\u00a0Minuten\" \/>\n<script type=\"application\/ld+json\" class=\"yoast-schema-graph\">{\"@context\":\"https:\\\/\\\/schema.org\",\"@graph\":[{\"@type\":\"WebPage\",\"@id\":\"https:\\\/\\\/glassbottlewholesale.com\\\/500ml-cork-top-glass-bottles-wholesale\\\/\",\"url\":\"https:\\\/\\\/ruishengglassco.com\\\/product\\\/rs075-500ml-cork-top-glass-bottles-wholesale\",\"name\":\"500ml Cork Top Glass Bottles Wholesale | Empty Gin Bottle Suppliers\",\"isPartOf\":{\"@id\":\"https:\\\/\\\/glassbottlewholesale.com\\\/#website\"},\"primaryImageOfPage\":{\"@id\":\"https:\\\/\\\/ruishengglassco.com\\\/product\\\/rs075-500ml-cork-top-glass-bottles-wholesale#primaryimage\"},\"image\":{\"@id\":\"https:\\\/\\\/ruishengglassco.com\\\/product\\\/rs075-500ml-cork-top-glass-bottles-wholesale#primaryimage\"},\"thumbnailUrl\":\"https:\\\/\\\/glassbottlewholesale.com\\\/wp-content\\\/uploads\\\/2019\\\/10\\\/500ml-550g-\u897f\u7f8e\u9152\u4e1a-1-640x640\u8f85\u5bfc\u73ed.jpg\",\"datePublished\":\"2019-10-18T07:18:11+00:00\",\"dateModified\":\"2025-07-10T03:30:43+00:00\",\"description\":\"Buy 500ml Cork Top Glass Bottles Wholesale From China Empty Gin Bottle Suppliers. Factory Outlet Price&Free Sample Offered. Get Quote Here.\",\"breadcrumb\":{\"@id\":\"https:\\\/\\\/ruishengglassco.com\\\/product\\\/rs075-500ml-cork-top-glass-bottles-wholesale#breadcrumb\"},\"inLanguage\":\"de\",\"potentialAction\":[{\"@type\":\"ReadAction\",\"target\":[\"https:\\\/\\\/ruishengglassco.com\\\/product\\\/rs075-500ml-cork-top-glass-bottles-wholesale\"]}]},{\"@type\":\"ImageObject\",\"inLanguage\":\"de\",\"@id\":\"https:\\\/\\\/ruishengglassco.com\\\/product\\\/rs075-500ml-cork-top-glass-bottles-wholesale#primaryimage\",\"url\":\"https:\\\/\\\/glassbottlewholesale.com\\\/wp-content\\\/uploads\\\/2019\\\/10\\\/500ml-550g-\u897f\u7f8e\u9152\u4e1a-1-640x640\u8f85\u5bfc\u73ed.jpg\",\"contentUrl\":\"https:\\\/\\\/glassbottlewholesale.com\\\/wp-content\\\/uploads\\\/2019\\\/10\\\/500ml-550g-\u897f\u7f8e\u9152\u4e1a-1-640x640\u8f85\u5bfc\u73ed.jpg\",\"width\":460,\"height\":460,\"caption\":\"Cork Top Glass Bottles Wholesale\"},{\"@type\":\"BreadcrumbList\",\"@id\":\"https:\\\/\\\/ruishengglassco.com\\\/product\\\/rs075-500ml-cork-top-glass-bottles-wholesale#breadcrumb\",\"itemListElement\":[{\"@type\":\"ListItem\",\"position\":1,\"name\":\"Home\",\"item\":\"https:\\\/\\\/glassbottlewholesale.com\\\/\"},{\"@type\":\"ListItem\",\"position\":2,\"name\":\"Products\",\"item\":\"https:\\\/\\\/glassbottlewholesale.com\\\/shop\\\/\"},{\"@type\":\"ListItem\",\"position\":3,\"name\":\"RS075: 500ml Cork Top Glass Bottles Wholesale\"}]},{\"@type\":\"WebSite\",\"@id\":\"https:\\\/\\\/glassbottlewholesale.com\\\/#website\",\"url\":\"https:\\\/\\\/glassbottlewholesale.com\\\/\",\"name\":\"Glass Bottle Wholesale\",\"description\":\"\",\"publisher\":{\"@id\":\"https:\\\/\\\/glassbottlewholesale.com\\\/#organization\"},\"potentialAction\":[{\"@type\":\"SearchAction\",\"target\":{\"@type\":\"EntryPoint\",\"urlTemplate\":\"https:\\\/\\\/glassbottlewholesale.com\\\/?s={search_term_string}\"},\"query-input\":{\"@type\":\"PropertyValueSpecification\",\"valueRequired\":true,\"valueName\":\"search_term_string\"}}],\"inLanguage\":\"de\"},{\"@type\":\"Organization\",\"@id\":\"https:\\\/\\\/glassbottlewholesale.com\\\/#organization\",\"name\":\"Glass Bottle Wholesale\",\"url\":\"https:\\\/\\\/glassbottlewholesale.com\\\/\",\"logo\":{\"@type\":\"ImageObject\",\"inLanguage\":\"de\",\"@id\":\"https:\\\/\\\/glassbottlewholesale.com\\\/#\\\/schema\\\/logo\\\/image\\\/\",\"url\":\"https:\\\/\\\/glassbottlewholesale.com\\\/wp-content\\\/uploads\\\/2023\\\/12\\\/ruisheng-logo.webp\",\"contentUrl\":\"https:\\\/\\\/glassbottlewholesale.com\\\/wp-content\\\/uploads\\\/2023\\\/12\\\/ruisheng-logo.webp\",\"width\":400,\"height\":233,\"caption\":\"Glass Bottle Wholesale\"},\"image\":{\"@id\":\"https:\\\/\\\/glassbottlewholesale.com\\\/#\\\/schema\\\/logo\\\/image\\\/\"}}]}<\/script>\n<!-- \/ Yoast SEO plugin. -->","yoast_head_json":{"title":"500ml Cork Top Glass Bottles Wholesale | Empty Gin Bottle Suppliers","description":"Buy 500ml Cork Top Glass Bottles Wholesale From China Empty Gin Bottle Suppliers. Factory Outlet Price&Free Sample Offered. Get Quote Here.","robots":{"index":"index","follow":"follow","max-snippet":"max-snippet:-1","max-image-preview":"max-image-preview:large","max-video-preview":"max-video-preview:-1"},"canonical":"https:\/\/ruishengglassco.com\/product\/rs075-500ml-cork-top-glass-bottles-wholesale","og_locale":"de_DE","og_type":"article","og_title":"500ml Cork Top Glass Bottles Wholesale | Empty Gin Bottle Suppliers","og_description":"Buy 500ml Cork Top Glass Bottles Wholesale From China Empty Gin Bottle Suppliers. Factory Outlet Price&Free Sample Offered. Get Quote Here.","og_url":"https:\/\/ruishengglassco.com\/product\/rs075-500ml-cork-top-glass-bottles-wholesale","og_site_name":"Glass Bottle Wholesale","article_modified_time":"2025-07-10T03:30:43+00:00","og_image":[{"width":460,"height":460,"url":"https:\/\/glassbottlewholesale.com\/wp-content\/uploads\/2019\/10\/500ml-550g-\u897f\u7f8e\u9152\u4e1a-1-640x640\u8f85\u5bfc\u73ed.jpg","type":"image\/jpeg"}],"twitter_card":"summary_large_image","twitter_misc":{"Gesch\u00e4tzte Lesezeit":"2\u00a0Minuten"},"schema":{"@context":"https:\/\/schema.org","@graph":[{"@type":"WebPage","@id":"https:\/\/glassbottlewholesale.com\/500ml-cork-top-glass-bottles-wholesale\/","url":"https:\/\/ruishengglassco.com\/product\/rs075-500ml-cork-top-glass-bottles-wholesale","name":"500ml Cork Top Glass Bottles Wholesale | Empty Gin Bottle Suppliers","isPartOf":{"@id":"https:\/\/glassbottlewholesale.com\/#website"},"primaryImageOfPage":{"@id":"https:\/\/ruishengglassco.com\/product\/rs075-500ml-cork-top-glass-bottles-wholesale#primaryimage"},"image":{"@id":"https:\/\/ruishengglassco.com\/product\/rs075-500ml-cork-top-glass-bottles-wholesale#primaryimage"},"thumbnailUrl":"https:\/\/glassbottlewholesale.com\/wp-content\/uploads\/2019\/10\/500ml-550g-\u897f\u7f8e\u9152\u4e1a-1-640x640\u8f85\u5bfc\u73ed.jpg","datePublished":"2019-10-18T07:18:11+00:00","dateModified":"2025-07-10T03:30:43+00:00","description":"Buy 500ml Cork Top Glass Bottles Wholesale From China Empty Gin Bottle Suppliers. Factory Outlet Price&Free Sample Offered. Get Quote Here.","breadcrumb":{"@id":"https:\/\/ruishengglassco.com\/product\/rs075-500ml-cork-top-glass-bottles-wholesale#breadcrumb"},"inLanguage":"de","potentialAction":[{"@type":"ReadAction","target":["https:\/\/ruishengglassco.com\/product\/rs075-500ml-cork-top-glass-bottles-wholesale"]}]},{"@type":"ImageObject","inLanguage":"de","@id":"https:\/\/ruishengglassco.com\/product\/rs075-500ml-cork-top-glass-bottles-wholesale#primaryimage","url":"https:\/\/glassbottlewholesale.com\/wp-content\/uploads\/2019\/10\/500ml-550g-\u897f\u7f8e\u9152\u4e1a-1-640x640\u8f85\u5bfc\u73ed.jpg","contentUrl":"https:\/\/glassbottlewholesale.com\/wp-content\/uploads\/2019\/10\/500ml-550g-\u897f\u7f8e\u9152\u4e1a-1-640x640\u8f85\u5bfc\u73ed.jpg","width":460,"height":460,"caption":"Cork Top Glass Bottles Wholesale"},{"@type":"BreadcrumbList","@id":"https:\/\/ruishengglassco.com\/product\/rs075-500ml-cork-top-glass-bottles-wholesale#breadcrumb","itemListElement":[{"@type":"ListItem","position":1,"name":"Home","item":"https:\/\/glassbottlewholesale.com\/"},{"@type":"ListItem","position":2,"name":"Products","item":"https:\/\/glassbottlewholesale.com\/shop\/"},{"@type":"ListItem","position":3,"name":"RS075: 500ml Cork Top Glass Bottles Wholesale"}]},{"@type":"WebSite","@id":"https:\/\/glassbottlewholesale.com\/#website","url":"https:\/\/glassbottlewholesale.com\/","name":"Glass Bottle Wholesale","description":"","publisher":{"@id":"https:\/\/glassbottlewholesale.com\/#organization"},"potentialAction":[{"@type":"SearchAction","target":{"@type":"EntryPoint","urlTemplate":"https:\/\/glassbottlewholesale.com\/?s={search_term_string}"},"query-input":{"@type":"PropertyValueSpecification","valueRequired":true,"valueName":"search_term_string"}}],"inLanguage":"de"},{"@type":"Organization","@id":"https:\/\/glassbottlewholesale.com\/#organization","name":"Glass Bottle Wholesale","url":"https:\/\/glassbottlewholesale.com\/","logo":{"@type":"ImageObject","inLanguage":"de","@id":"https:\/\/glassbottlewholesale.com\/#\/schema\/logo\/image\/","url":"https:\/\/glassbottlewholesale.com\/wp-content\/uploads\/2023\/12\/ruisheng-logo.webp","contentUrl":"https:\/\/glassbottlewholesale.com\/wp-content\/uploads\/2023\/12\/ruisheng-logo.webp","width":400,"height":233,"caption":"Glass Bottle Wholesale"},"image":{"@id":"https:\/\/glassbottlewholesale.com\/#\/schema\/logo\/image\/"}}]}},"_links":{"self":[{"href":"https:\/\/glassbottlewholesale.com\/de\/wp-json\/wp\/v2\/product\/708","targetHints":{"allow":["GET"]}}],"collection":[{"href":"https:\/\/glassbottlewholesale.com\/de\/wp-json\/wp\/v2\/product"}],"about":[{"href":"https:\/\/glassbottlewholesale.com\/de\/wp-json\/wp\/v2\/types\/product"}],"replies":[{"embeddable":true,"href":"https:\/\/glassbottlewholesale.com\/de\/wp-json\/wp\/v2\/comments?post=708"}],"wp:featuredmedia":[{"embeddable":true,"href":"https:\/\/glassbottlewholesale.com\/de\/wp-json\/wp\/v2\/media\/709"}],"wp:attachment":[{"href":"https:\/\/glassbottlewholesale.com\/de\/wp-json\/wp\/v2\/media?parent=708"}],"wp:term":[{"taxonomy":"product_brand","embeddable":true,"href":"https:\/\/glassbottlewholesale.com\/de\/wp-json\/wp\/v2\/product_brand?post=708"},{"taxonomy":"product_cat","embeddable":true,"href":"https:\/\/glassbottlewholesale.com\/de\/wp-json\/wp\/v2\/product_cat?post=708"},{"taxonomy":"product_tag","embeddable":true,"href":"https:\/\/glassbottlewholesale.com\/de\/wp-json\/wp\/v2\/product_tag?post=708"}],"curies":[{"name":"wp","href":"https:\/\/api.w.org\/{rel}","templated":true}]}}