{"id":726,"date":"2019-10-18T07:49:54","date_gmt":"2019-10-18T07:49:54","guid":{"rendered":"https:\/\/queenchingglass.com\/?post_type=product&#038;p=726"},"modified":"2025-07-10T01:44:37","modified_gmt":"2025-07-10T01:44:37","slug":"750ml-milchglasflaschen-groshandel","status":"publish","type":"product","link":"https:\/\/glassbottlewholesale.com\/de\/750ml-milchglasflaschen-groshandel\/","title":{"rendered":"RS070: 750ml Milchglasflaschen Gro\u00dfhandel"},"content":{"rendered":"<div class=\"wpb-content-wrapper\"><div class=\"vc_row wpb_row vc_row-fluid\"><div class=\"wpb_column vc_column_container vc_col-sm-12\"><div class=\"vc_column-inner\"><div class=\"wpb_wrapper\">\n\t<div class=\"wpb_text_column wpb_content_element\" >\n\t\t<div class=\"wpb_wrapper\">\n\t\t\t<p>Diese 750-ml-Flaschen aus Milchglas mit Korken sind eines unserer meistverkauften Produkte weltweit. Sie haben eine g\u00e4ngige Form f\u00fcr 750-ml-Glasflaschen f\u00fcr Wodka. Wir haben jedoch eine kleinere Gr\u00f6\u00dfe f\u00fcr diese Glasflaschenform, deren Fassungsverm\u00f6gen 500 ml betr\u00e4gt.<\/p>\n<p>Unsere Milchglasflasche wird aus hochwertigem Rohmaterial hergestellt. Die Schnapsglasflaschen sind sehr klar, glatt und nicht so zerbrechlich wie andere Glasflaschen. Ohne Milchglas sehen Sie, dass sie sehr klar ist.<\/p>\n<p>Das <a href=\"https:\/\/ruishengglassco.com\/750ml-liquor-glass-bottle-manufacturer\">750ml Glasflasche Gro\u00dfhandel<\/a> ist keine leichte Glasflasche. Sie werden die Beschaffenheit sp\u00fcren, wenn Sie sie in die Hand nehmen.<\/p>\n<h4>Die Details von 750ml Milchglasflaschen Gro\u00dfhandel mit Korken<\/h4>\n<p>Die Informationen zur Glasflasche lauten wie folgt:<\/p>\n<ul>\n<li>Hauptmaterial: Hochwei\u00dfes Glas<\/li>\n<li>Kappe: Kork<\/li>\n<li>Referenz: RS070<\/li>\n<li>Mindestbestellmenge: 10.000 St\u00fcck<\/li>\n<li>Kapazit\u00e4t: 500ml 750ml<\/li>\n<li>Stk.\/Karton: 24Stk.<\/li>\n<li>Herkunftsort: Shandong, China<\/li>\n<li>Merkmal: Umweltfreundlich<\/li>\n<\/ul>\n<h4>Die Korken f\u00fcr diese 750 ml Milchglasflaschen Gro\u00dfhandel<\/h4>\n<p>Was den Korken f\u00fcr diese 750-ml-Glasflaschen betrifft, gibt es in unserer Fabrik verschiedene Korken. Korken aus verschiedenen Materialien wie Hochpolymerkorken, Komplexkorken und Holzkorken. Korken in verschiedenen Farben wie Goldkorken, Silberkorken, Schwarzkorken und Korken in anderen Farben.<\/p>\n<p>Diese Glasflasche kann in vielen L\u00e4ndern verwendet werden, beispielsweise in Amerika, Europa, Australien, Russland usw. Und wir arbeiten mit vielen Kunden auf der ganzen Welt zusammen und genie\u00dfen bei ihnen einen guten Ruf.<\/p>\n<p>Unser Unternehmen hat in 2 Produktionslinien der modernsten 8S-Vollautomaten, 3 Produktionslinien mit CNC-Handmaschinen und 4 Produktionslinien mit CNC-Halbautomaten investiert. Unsere Fabrik verf\u00fcgt au\u00dferdem \u00fcber 2 IS-Maschinen. Die 8S-Maschine und die CNC-Maschinen werden zur Herstellung erstklassiger Glasflaschen \u2013 Superflintglasflaschen \u2013 verwendet. Die Tagesproduktion betr\u00e4gt 120.000 St\u00fcck. Die IS-Maschinen werden zur Herstellung mittelklassiger Glasflaschen verwendet und ihre Tagesproduktion betr\u00e4gt 200.000 St\u00fcck.<\/p>\n<p>Als professioneller Hersteller und Lieferant von Glasflaschen f\u00fcr Alkohol k\u00f6nnen wir auch kundenspezifische Glasflaschen nach Kundenwunsch herstellen. Wenn Sie m\u00f6chten, k\u00f6nnen Sie uns mitteilen, welche Sie m\u00f6chten, und wir veranlassen, dass unser Designer sie f\u00fcr Sie entwirft.<\/p>\n<p>Wenn Sie diese 750-ml-Flaschen aus Milchglas im Gro\u00dfhandel bestellen m\u00f6chten oder sich nach einer kundenspezifischen Glasflasche erkundigen m\u00f6chten, kontaktieren Sie uns und wir stellen die Flasche her, die Sie ben\u00f6tigen.<\/p>\n<p>Neben 750ml Milchglasflaschen haben wir auch 100ml Glasflaschen im Gro\u00dfhandel, 250ml Glasflaschen mit Stopfen, <a href=\"https:\/\/ruishengglassco.com\/375ml-liquor-glass-bottle-manufacturer\">klare Glasflaschen 375<\/a><a href=\"https:\/\/glassbottlewholesale.com\/de\/produktangaben\/375ml-glass-liquor-bottles-manufacturers\/\"> ml<\/a>, kleine Glasflaschen 50cl,<a href=\"https:\/\/ruishengglassco.com\/1000ml-liquor-glass-bottle-manufacturer\"> 1000ml Spirituosenflaschen<\/a>, usw. Wenn Sie sich \u00fcber unseren Glasflaschengro\u00dfhandel erkundigen m\u00f6chten, kontaktieren Sie uns bitte. Wir werden Ihnen so schnell wie m\u00f6glich antworten. Unser Ziel ist es, eine hochwertige Glasflasche herzustellen und den Kunden auf der ganzen Welt den besten Service zu bieten.<\/p>\n\n\t\t<\/div>\n\t<\/div>\n<\/div><\/div><\/div><\/div>\n<\/div>","protected":false},"excerpt":{"rendered":"<p>.tg  {border-collapse:collapse;border-spacing:0;border-color:#ccc;}<br \/>.tg td{font-family:Arial, sans-serif;font-size:14px;padding:10px 5px;border-style:solid;border-width:1px;overflow:hidden;word-break:normal;border-color:#ccc;color:#333;background-color:#fff;}<br \/>.tg th{font-family:Arial, sans-serif;font-size:14px;font-weight:normal;padding:10px 5px;border-style:solid;border-width:1px;overflow:hidden;word-break:normal;border-color:#ccc;color:#333;background-color:#f0f0f0;}<br \/>.tg .tg-wrg0{font-size:22px;text-align:center;vertical-align:top}<br \/>.tg .tg-b7b8{background-color:#f9f9f9;vertical-align:top}<br \/>.tg .tg-yw4l{vertical-align:top}<\/p>\n<table class=\"tg\" style=\"undefined;width: 365px\">\n<colgroup>\n<col style=\"width: 156px\" \/>\n<col style=\"width: 209px\" \/> <\/colgroup>\n<tbody>\n<tr>\n<th class=\"tg-wrg0\" colspan=\"2\">Milchglasflaschen Gro\u00dfhandel mit Korken 750ml<\/th>\n<\/tr>\n<tr>\n<td class=\"tg-b7b8\">Hauptmaterial:<\/td>\n<td class=\"tg-b7b8\">Hohes Wei\u00dfglas<\/td>\n<\/tr>\n<tr>\n<td class=\"tg-yw4l\">Deckel:<\/td>\n<td class=\"tg-yw4l\">Kork<\/td>\n<\/tr>\n<tr>\n<td class=\"tg-b7b8\">Kapazit\u00e4t:<\/td>\n<td class=\"tg-b7b8\">500ml 750ml<\/td>\n<\/tr>\n<tr>\n<td class=\"tg-yw4l\">Besonderheit:<\/td>\n<td class=\"tg-yw4l\">Umweltfreundlich<\/td>\n<\/tr>\n<tr>\n<td class=\"tg-b7b8\">Mindestbestellmenge:<\/td>\n<td class=\"tg-b7b8\">10000 STK<\/td>\n<\/tr>\n<tr>\n<td class=\"tg-yw4l\">Herkunft des Ortes:<\/td>\n<td class=\"tg-yw4l\">Shandong, China<\/td>\n<\/tr>\n<tr>\n<td class=\"tg-b7b8\">Stk.\/Karton:<\/td>\n<td class=\"tg-b7b8\">24 St\u00fcck<\/td>\n<\/tr>\n<tr>\n<td class=\"tg-yw4l\">Referenz:<\/td>\n<td class=\"tg-yw4l\">RS070<\/td>\n<\/tr>\n<\/tbody>\n<\/table>","protected":false},"featured_media":2653,"comment_status":"open","ping_status":"closed","template":"","meta":[],"product_brand":[],"product_cat":[52,63,67],"product_tag":[],"class_list":{"0":"post-726","1":"product","2":"type-product","3":"status-publish","4":"has-post-thumbnail","6":"product_cat-750ml-glass-bottle","7":"product_cat-liquor-bottle","8":"product_cat-vodka-bottle","9":"entry","10":"has-media","12":"first","13":"instock","14":"shipping-taxable","15":"product-type-simple"},"yoast_head":"<!-- This site is optimized with the Yoast SEO plugin v27.3 - https:\/\/yoast.com\/product\/yoast-seo-wordpress\/ -->\n<title>750ml Frosted Glass Bottles Wholesale | Glass Alcohol Bottles Supplier<\/title>\n<meta name=\"description\" content=\"Do you want to buy 750ml frosted glass bottles wholesale from China glass alcohol bottles suppliers? Factory Outlet&amp;Cheap Price Here.\" \/>\n<meta name=\"robots\" content=\"index, follow, max-snippet:-1, max-image-preview:large, max-video-preview:-1\" \/>\n<link rel=\"canonical\" href=\"https:\/\/ruishengglassco.com\/product\/rs070-750ml-frosted-glass-bottles-factory\" \/>\n<meta property=\"og:locale\" content=\"de_DE\" \/>\n<meta property=\"og:type\" content=\"article\" \/>\n<meta property=\"og:title\" content=\"750ml Frosted Glass Bottles Wholesale | Glass Alcohol Bottles Supplier\" \/>\n<meta property=\"og:description\" content=\"Do you want to buy 750ml frosted glass bottles wholesale from China glass alcohol bottles suppliers? Factory Outlet&amp;Cheap Price Here.\" \/>\n<meta property=\"og:url\" content=\"https:\/\/ruishengglassco.com\/product\/rs070-750ml-frosted-glass-bottles-factory\" \/>\n<meta property=\"og:site_name\" content=\"Glass Bottle Wholesale\" \/>\n<meta property=\"article:modified_time\" content=\"2025-07-10T01:44:37+00:00\" \/>\n<meta property=\"og:image\" content=\"https:\/\/glassbottlewholesale.com\/wp-content\/uploads\/2019\/10\/DSC_1618.jpg\" \/>\n\t<meta property=\"og:image:width\" content=\"800\" \/>\n\t<meta property=\"og:image:height\" content=\"800\" \/>\n\t<meta property=\"og:image:type\" content=\"image\/jpeg\" \/>\n<meta name=\"twitter:card\" content=\"summary_large_image\" \/>\n<meta name=\"twitter:label1\" content=\"Gesch\u00e4tzte Lesezeit\" \/>\n\t<meta name=\"twitter:data1\" content=\"2\u00a0Minuten\" \/>\n<script type=\"application\/ld+json\" class=\"yoast-schema-graph\">{\"@context\":\"https:\\\/\\\/schema.org\",\"@graph\":[{\"@type\":\"WebPage\",\"@id\":\"https:\\\/\\\/glassbottlewholesale.com\\\/750ml-frosted-glass-bottles-wholesale\\\/\",\"url\":\"https:\\\/\\\/ruishengglassco.com\\\/product\\\/rs070-750ml-frosted-glass-bottles-factory\",\"name\":\"750ml Frosted Glass Bottles Wholesale | Glass Alcohol Bottles Supplier\",\"isPartOf\":{\"@id\":\"https:\\\/\\\/glassbottlewholesale.com\\\/#website\"},\"primaryImageOfPage\":{\"@id\":\"https:\\\/\\\/ruishengglassco.com\\\/product\\\/rs070-750ml-frosted-glass-bottles-factory#primaryimage\"},\"image\":{\"@id\":\"https:\\\/\\\/ruishengglassco.com\\\/product\\\/rs070-750ml-frosted-glass-bottles-factory#primaryimage\"},\"thumbnailUrl\":\"https:\\\/\\\/glassbottlewholesale.com\\\/wp-content\\\/uploads\\\/2019\\\/10\\\/DSC_1618.jpg\",\"datePublished\":\"2019-10-18T07:49:54+00:00\",\"dateModified\":\"2025-07-10T01:44:37+00:00\",\"description\":\"Do you want to buy 750ml frosted glass bottles wholesale from China glass alcohol bottles suppliers? Factory Outlet&Cheap Price Here.\",\"breadcrumb\":{\"@id\":\"https:\\\/\\\/ruishengglassco.com\\\/product\\\/rs070-750ml-frosted-glass-bottles-factory#breadcrumb\"},\"inLanguage\":\"de\",\"potentialAction\":[{\"@type\":\"ReadAction\",\"target\":[\"https:\\\/\\\/ruishengglassco.com\\\/product\\\/rs070-750ml-frosted-glass-bottles-factory\"]}]},{\"@type\":\"ImageObject\",\"inLanguage\":\"de\",\"@id\":\"https:\\\/\\\/ruishengglassco.com\\\/product\\\/rs070-750ml-frosted-glass-bottles-factory#primaryimage\",\"url\":\"https:\\\/\\\/glassbottlewholesale.com\\\/wp-content\\\/uploads\\\/2019\\\/10\\\/DSC_1618.jpg\",\"contentUrl\":\"https:\\\/\\\/glassbottlewholesale.com\\\/wp-content\\\/uploads\\\/2019\\\/10\\\/DSC_1618.jpg\",\"width\":800,\"height\":800,\"caption\":\"750ml Frosted Glass Bottles Wholesale\"},{\"@type\":\"BreadcrumbList\",\"@id\":\"https:\\\/\\\/ruishengglassco.com\\\/product\\\/rs070-750ml-frosted-glass-bottles-factory#breadcrumb\",\"itemListElement\":[{\"@type\":\"ListItem\",\"position\":1,\"name\":\"Home\",\"item\":\"https:\\\/\\\/glassbottlewholesale.com\\\/\"},{\"@type\":\"ListItem\",\"position\":2,\"name\":\"Products\",\"item\":\"https:\\\/\\\/glassbottlewholesale.com\\\/shop\\\/\"},{\"@type\":\"ListItem\",\"position\":3,\"name\":\"RS070: 750ml Frosted Glass Bottles Wholesale\"}]},{\"@type\":\"WebSite\",\"@id\":\"https:\\\/\\\/glassbottlewholesale.com\\\/#website\",\"url\":\"https:\\\/\\\/glassbottlewholesale.com\\\/\",\"name\":\"Glass Bottle Wholesale\",\"description\":\"\",\"publisher\":{\"@id\":\"https:\\\/\\\/glassbottlewholesale.com\\\/#organization\"},\"potentialAction\":[{\"@type\":\"SearchAction\",\"target\":{\"@type\":\"EntryPoint\",\"urlTemplate\":\"https:\\\/\\\/glassbottlewholesale.com\\\/?s={search_term_string}\"},\"query-input\":{\"@type\":\"PropertyValueSpecification\",\"valueRequired\":true,\"valueName\":\"search_term_string\"}}],\"inLanguage\":\"de\"},{\"@type\":\"Organization\",\"@id\":\"https:\\\/\\\/glassbottlewholesale.com\\\/#organization\",\"name\":\"Glass Bottle Wholesale\",\"url\":\"https:\\\/\\\/glassbottlewholesale.com\\\/\",\"logo\":{\"@type\":\"ImageObject\",\"inLanguage\":\"de\",\"@id\":\"https:\\\/\\\/glassbottlewholesale.com\\\/#\\\/schema\\\/logo\\\/image\\\/\",\"url\":\"https:\\\/\\\/glassbottlewholesale.com\\\/wp-content\\\/uploads\\\/2023\\\/12\\\/ruisheng-logo.webp\",\"contentUrl\":\"https:\\\/\\\/glassbottlewholesale.com\\\/wp-content\\\/uploads\\\/2023\\\/12\\\/ruisheng-logo.webp\",\"width\":400,\"height\":233,\"caption\":\"Glass Bottle Wholesale\"},\"image\":{\"@id\":\"https:\\\/\\\/glassbottlewholesale.com\\\/#\\\/schema\\\/logo\\\/image\\\/\"}}]}<\/script>\n<!-- \/ Yoast SEO plugin. -->","yoast_head_json":{"title":"750 ml Milchglasflaschen Gro\u00dfhandel | Lieferant von Glasalkoholflaschen","description":"M\u00f6chten Sie 750 ml Milchglasflaschen im Gro\u00dfhandel von chinesischen Lieferanten f\u00fcr Glasalkoholflaschen kaufen? Fabrikverkauf und g\u00fcnstige Preise hier.","robots":{"index":"index","follow":"follow","max-snippet":"max-snippet:-1","max-image-preview":"max-image-preview:large","max-video-preview":"max-video-preview:-1"},"canonical":"https:\/\/ruishengglassco.com\/product\/rs070-750ml-frosted-glass-bottles-factory","og_locale":"de_DE","og_type":"article","og_title":"750ml Frosted Glass Bottles Wholesale | Glass Alcohol Bottles Supplier","og_description":"Do you want to buy 750ml frosted glass bottles wholesale from China glass alcohol bottles suppliers? Factory Outlet&Cheap Price Here.","og_url":"https:\/\/ruishengglassco.com\/product\/rs070-750ml-frosted-glass-bottles-factory","og_site_name":"Glass Bottle Wholesale","article_modified_time":"2025-07-10T01:44:37+00:00","og_image":[{"width":800,"height":800,"url":"https:\/\/glassbottlewholesale.com\/wp-content\/uploads\/2019\/10\/DSC_1618.jpg","type":"image\/jpeg"}],"twitter_card":"summary_large_image","twitter_misc":{"Gesch\u00e4tzte Lesezeit":"2\u00a0Minuten"},"schema":{"@context":"https:\/\/schema.org","@graph":[{"@type":"WebPage","@id":"https:\/\/glassbottlewholesale.com\/750ml-frosted-glass-bottles-wholesale\/","url":"https:\/\/ruishengglassco.com\/product\/rs070-750ml-frosted-glass-bottles-factory","name":"750 ml Milchglasflaschen Gro\u00dfhandel | Lieferant von Glasalkoholflaschen","isPartOf":{"@id":"https:\/\/glassbottlewholesale.com\/#website"},"primaryImageOfPage":{"@id":"https:\/\/ruishengglassco.com\/product\/rs070-750ml-frosted-glass-bottles-factory#primaryimage"},"image":{"@id":"https:\/\/ruishengglassco.com\/product\/rs070-750ml-frosted-glass-bottles-factory#primaryimage"},"thumbnailUrl":"https:\/\/glassbottlewholesale.com\/wp-content\/uploads\/2019\/10\/DSC_1618.jpg","datePublished":"2019-10-18T07:49:54+00:00","dateModified":"2025-07-10T01:44:37+00:00","description":"M\u00f6chten Sie 750 ml Milchglasflaschen im Gro\u00dfhandel von chinesischen Lieferanten f\u00fcr Glasalkoholflaschen kaufen? Fabrikverkauf und g\u00fcnstige Preise hier.","breadcrumb":{"@id":"https:\/\/ruishengglassco.com\/product\/rs070-750ml-frosted-glass-bottles-factory#breadcrumb"},"inLanguage":"de","potentialAction":[{"@type":"ReadAction","target":["https:\/\/ruishengglassco.com\/product\/rs070-750ml-frosted-glass-bottles-factory"]}]},{"@type":"ImageObject","inLanguage":"de","@id":"https:\/\/ruishengglassco.com\/product\/rs070-750ml-frosted-glass-bottles-factory#primaryimage","url":"https:\/\/glassbottlewholesale.com\/wp-content\/uploads\/2019\/10\/DSC_1618.jpg","contentUrl":"https:\/\/glassbottlewholesale.com\/wp-content\/uploads\/2019\/10\/DSC_1618.jpg","width":800,"height":800,"caption":"750ml Frosted Glass Bottles Wholesale"},{"@type":"BreadcrumbList","@id":"https:\/\/ruishengglassco.com\/product\/rs070-750ml-frosted-glass-bottles-factory#breadcrumb","itemListElement":[{"@type":"ListItem","position":1,"name":"Home","item":"https:\/\/glassbottlewholesale.com\/"},{"@type":"ListItem","position":2,"name":"Products","item":"https:\/\/glassbottlewholesale.com\/shop\/"},{"@type":"ListItem","position":3,"name":"RS070: 750ml Frosted Glass Bottles Wholesale"}]},{"@type":"WebSite","@id":"https:\/\/glassbottlewholesale.com\/#website","url":"https:\/\/glassbottlewholesale.com\/","name":"Glass Bottle Wholesale","description":"","publisher":{"@id":"https:\/\/glassbottlewholesale.com\/#organization"},"potentialAction":[{"@type":"SearchAction","target":{"@type":"EntryPoint","urlTemplate":"https:\/\/glassbottlewholesale.com\/?s={search_term_string}"},"query-input":{"@type":"PropertyValueSpecification","valueRequired":true,"valueName":"search_term_string"}}],"inLanguage":"de"},{"@type":"Organization","@id":"https:\/\/glassbottlewholesale.com\/#organization","name":"Glass Bottle Wholesale","url":"https:\/\/glassbottlewholesale.com\/","logo":{"@type":"ImageObject","inLanguage":"de","@id":"https:\/\/glassbottlewholesale.com\/#\/schema\/logo\/image\/","url":"https:\/\/glassbottlewholesale.com\/wp-content\/uploads\/2023\/12\/ruisheng-logo.webp","contentUrl":"https:\/\/glassbottlewholesale.com\/wp-content\/uploads\/2023\/12\/ruisheng-logo.webp","width":400,"height":233,"caption":"Glass Bottle Wholesale"},"image":{"@id":"https:\/\/glassbottlewholesale.com\/#\/schema\/logo\/image\/"}}]}},"_links":{"self":[{"href":"https:\/\/glassbottlewholesale.com\/de\/wp-json\/wp\/v2\/product\/726","targetHints":{"allow":["GET"]}}],"collection":[{"href":"https:\/\/glassbottlewholesale.com\/de\/wp-json\/wp\/v2\/product"}],"about":[{"href":"https:\/\/glassbottlewholesale.com\/de\/wp-json\/wp\/v2\/types\/product"}],"replies":[{"embeddable":true,"href":"https:\/\/glassbottlewholesale.com\/de\/wp-json\/wp\/v2\/comments?post=726"}],"wp:featuredmedia":[{"embeddable":true,"href":"https:\/\/glassbottlewholesale.com\/de\/wp-json\/wp\/v2\/media\/2653"}],"wp:attachment":[{"href":"https:\/\/glassbottlewholesale.com\/de\/wp-json\/wp\/v2\/media?parent=726"}],"wp:term":[{"taxonomy":"product_brand","embeddable":true,"href":"https:\/\/glassbottlewholesale.com\/de\/wp-json\/wp\/v2\/product_brand?post=726"},{"taxonomy":"product_cat","embeddable":true,"href":"https:\/\/glassbottlewholesale.com\/de\/wp-json\/wp\/v2\/product_cat?post=726"},{"taxonomy":"product_tag","embeddable":true,"href":"https:\/\/glassbottlewholesale.com\/de\/wp-json\/wp\/v2\/product_tag?post=726"}],"curies":[{"name":"wp","href":"https:\/\/api.w.org\/{rel}","templated":true}]}}