{"id":737,"date":"2019-12-18T08:09:39","date_gmt":"2019-12-18T08:09:39","guid":{"rendered":"https:\/\/queenchingglass.com\/?post_type=product&#038;p=737"},"modified":"2025-07-10T03:35:59","modified_gmt":"2025-07-10T03:35:59","slug":"500ml-700ml-750ml-ausgefallene-glasflasche-groshandel","status":"publish","type":"product","link":"https:\/\/glassbottlewholesale.com\/de\/500ml-700ml-750ml-ausgefallene-glasflasche-groshandel\/","title":{"rendered":"RS046: 500 ml, 700 ml, 750 ml, ausgefallene Glasflaschen, Gro\u00dfhandel"},"content":{"rendered":"<div class=\"wpb-content-wrapper\"><div class=\"vc_row wpb_row vc_row-fluid\"><div class=\"wpb_column vc_column_container vc_col-sm-12\"><div class=\"vc_column-inner\"><div class=\"wpb_wrapper\">\n\t<div class=\"wpb_text_column wpb_content_element\" >\n\t\t<div class=\"wpb_wrapper\">\n\t\t\t<p>Der <strong>Fancy Glasflasche Gro\u00dfhandel <\/strong>ist ein wichtiges Projekt von Ruisheng. Ruisheng, der Top-Hersteller von verkorkten Glasflaschen, bietet eine breite Reihe von Glasflaschen Gro\u00dfhandel wie Boston runde Glasflasche, quadratische Glasflasche, und benutzerdefinierte geformte Glasflasche, und spezielle verkorkte Glasflaschen f\u00fcr Spirituosen, Whiskey, Schnaps, Rum, Wodka, und etc.<\/p>\n<div>Machen Sie ein Handwerk oder Schiff Waren auf Kunden durch die Auswahl eines gebogenen<a href=\"https:\/\/ruishengglassco.com\/375ml-liquor-glass-bottle-manufacturer\"> kleinere Glasflasche<\/a> oder gr\u00f6\u00dfere Glasflaschen f\u00fcr den Gro\u00dfhandel. Gr\u00f6\u00dfe ist von 50ml bis zu 1500ml verf\u00fcgbar. Benutzerdefinierte Auftr\u00e4ge k\u00f6nnen akzeptiert werden. Die meisten Glasflaschen zum Verkauf werden durch hohe flie\u00dfende Glasmaterial, das den K\u00f6rper der Schnapsflasche mehr stark und sch\u00f6n macht gemacht. Wir garantieren, dass alle der klaren Glasflaschen mit Kappen sind ungiftig, 100% wiederverwendbar, wiederverwendbar und sicher f\u00fcr die Erde.<\/div>\n<p>Diese Fancy Design 500ml Diamant Glasflaschen k\u00f6nnen auch die Flaschen nach den Zeichnungen, die Sie zur Verf\u00fcgung gestellt, k\u00f6nnen wir jede Flasche, die Sie wollen.<\/p>\n<h4>Die Informationen der Fancy Design 500ml Diamant Glasflaschen wie unten:<\/h4>\n<ul>\n<li>Hauptmaterial: Superflintglas<\/li>\n<li>Verschluss: Kork<\/li>\n<li>Referenz: RS046<\/li>\n<li>Mindestbestellmenge: 10.000 St\u00fcck<\/li>\n<li>Fassungsverm\u00f6gen: 500ml<\/li>\n<li>Stk.\/Karton: 24Stk.<\/li>\n<li>Herkunftsort: Shandong, China<\/li>\n<li>Merkmal: Umweltfreundlich<\/li>\n<\/ul>\n<p>Ruisheng Glasflasche hat eine lange Produktionsgeschichte von 500ml <a href=\"https:\/\/ruishengglassco.com\/glass-liquor-spirit-bottles\">Herstellung von Fl\u00fcssigglasflaschen<\/a>Alle beteiligten Personen sind sehr erfahren, wir sind sehr zuversichtlich, dass wir das Produkt machen k\u00f6nnen, dass Sie zufrieden sind. Ruisheng transparente Glasflasche hat in Europa, den USA, Australien, Amerika, etc. begr\u00fc\u00dft worden. Und alle Produkte genie\u00dfen ein hohes Ansehen f\u00fcr Innovation und Funktionalit\u00e4t.<\/p>\n<p>Ruisheng Glasflasche hat jetzt einen neuen Standort erweitert und fortschrittliche Maschinen eingef\u00fchrt, unsere Produktionsgeschwindigkeit ist viel h\u00f6her als zuvor. So machen wir gute Flaschen auf das Datum festgelegt, und liefern die Waren an Sie.<\/p>\n<p>Wenn Sie mit dieser Klarglasflasche zufrieden sind, kontaktieren Sie mich bitte rechtzeitig. Wenn sie Ihnen nicht gef\u00e4llt, k\u00f6nnen Sie sich unsere anderen Flaschen ansehen. Oder ich gebe Ihnen den Katalog, Sie k\u00f6nnen w\u00e4hlen, was Sie m\u00f6gen. Wenn Sie an unseren hermetischen Alkoholflaschen interessiert sind, kontaktieren Sie uns bitte. Wir werden Ihnen innerhalb von 24 Stunden antworten.<\/p>\n\n\t\t<\/div>\n\t<\/div>\n<\/div><\/div><\/div><\/div>\n<\/div>","protected":false},"excerpt":{"rendered":"<p><a href=\"https:\/\/glassbottlewholesale.com\/de\/\">Ruisheng<\/a>, a professional glass bottle manufacturer with over 10 years of manufacturing experience, provide fancy glass bottle wholesale for the liquor brand, company, glass bottle suppliers, wholesalers, etc. Factory outlet glass bottle with a cheap bulk price. This Fancy design 500ml diamond glass bottles can also customize the bottles according to the drawings you provided, we can make any bottle you want.<\/p>\n<p>Please feel free to contact us to get a diamond liquor bottle price.<\/p>","protected":false},"featured_media":4365,"comment_status":"open","ping_status":"closed","template":"","meta":[],"product_brand":[],"product_cat":[50,51,52,63,65,66],"product_tag":[],"class_list":{"0":"post-737","1":"product","2":"type-product","3":"status-publish","4":"has-post-thumbnail","6":"product_cat-500ml-glass-bottle","7":"product_cat-700ml-glass-bottle","8":"product_cat-750ml-glass-bottle","9":"product_cat-liquor-bottle","10":"product_cat-rum-bottle","11":"product_cat-tequila-bottle","12":"entry","13":"has-media","15":"first","16":"instock","17":"shipping-taxable","18":"product-type-simple"},"yoast_head":"<!-- This site is optimized with the Yoast SEO plugin v27.3 - https:\/\/yoast.com\/product\/yoast-seo-wordpress\/ -->\n<title>750ml Fancy Glass Bottle Wholesale | Diamond Liquor Bottle Suppliers<\/title>\n<meta name=\"description\" content=\"Ruisheng, one of the largest China glass liquor bottle supplirs&amp;factory, sales 750ml fancy glass bottle wholesale in bulk price.\" \/>\n<meta name=\"robots\" content=\"index, follow, max-snippet:-1, max-image-preview:large, max-video-preview:-1\" \/>\n<link rel=\"canonical\" href=\"https:\/\/ruishengglassco.com\/product\/rs046-500ml-700ml-750ml-fancy-glass-bottles-manufacturers\" \/>\n<meta property=\"og:locale\" content=\"de_DE\" \/>\n<meta property=\"og:type\" content=\"article\" \/>\n<meta property=\"og:title\" content=\"750ml Fancy Glass Bottle Wholesale | Diamond Liquor Bottle Suppliers\" \/>\n<meta property=\"og:description\" content=\"Ruisheng, one of the largest China glass liquor bottle supplirs&amp;factory, sales 750ml fancy glass bottle wholesale in bulk price.\" \/>\n<meta property=\"og:url\" content=\"https:\/\/ruishengglassco.com\/product\/rs046-500ml-700ml-750ml-fancy-glass-bottles-manufacturers\" \/>\n<meta property=\"og:site_name\" content=\"Glass Bottle Wholesale\" \/>\n<meta property=\"article:modified_time\" content=\"2025-07-10T03:35:59+00:00\" \/>\n<meta property=\"og:image\" content=\"https:\/\/glassbottlewholesale.com\/wp-content\/uploads\/2023\/12\/700ml-6.png\" \/>\n\t<meta property=\"og:image:width\" content=\"602\" \/>\n\t<meta property=\"og:image:height\" content=\"608\" \/>\n\t<meta property=\"og:image:type\" content=\"image\/png\" \/>\n<meta name=\"twitter:card\" content=\"summary_large_image\" \/>\n<meta name=\"twitter:label1\" content=\"Gesch\u00e4tzte Lesezeit\" \/>\n\t<meta name=\"twitter:data1\" content=\"2\u00a0Minuten\" \/>\n<script type=\"application\/ld+json\" class=\"yoast-schema-graph\">{\"@context\":\"https:\\\/\\\/schema.org\",\"@graph\":[{\"@type\":\"WebPage\",\"@id\":\"https:\\\/\\\/glassbottlewholesale.com\\\/500ml-700ml-750ml-fancy-glass-bottle-wholesale\\\/\",\"url\":\"https:\\\/\\\/ruishengglassco.com\\\/product\\\/rs046-500ml-700ml-750ml-fancy-glass-bottles-manufacturers\",\"name\":\"750ml Fancy Glass Bottle Wholesale | Diamond Liquor Bottle Suppliers\",\"isPartOf\":{\"@id\":\"https:\\\/\\\/glassbottlewholesale.com\\\/#website\"},\"primaryImageOfPage\":{\"@id\":\"https:\\\/\\\/ruishengglassco.com\\\/product\\\/rs046-500ml-700ml-750ml-fancy-glass-bottles-manufacturers#primaryimage\"},\"image\":{\"@id\":\"https:\\\/\\\/ruishengglassco.com\\\/product\\\/rs046-500ml-700ml-750ml-fancy-glass-bottles-manufacturers#primaryimage\"},\"thumbnailUrl\":\"https:\\\/\\\/glassbottlewholesale.com\\\/wp-content\\\/uploads\\\/2023\\\/12\\\/700ml-6.png\",\"datePublished\":\"2019-12-18T08:09:39+00:00\",\"dateModified\":\"2025-07-10T03:35:59+00:00\",\"description\":\"Ruisheng, one of the largest China glass liquor bottle supplirs&factory, sales 750ml fancy glass bottle wholesale in bulk price.\",\"breadcrumb\":{\"@id\":\"https:\\\/\\\/ruishengglassco.com\\\/product\\\/rs046-500ml-700ml-750ml-fancy-glass-bottles-manufacturers#breadcrumb\"},\"inLanguage\":\"de\",\"potentialAction\":[{\"@type\":\"ReadAction\",\"target\":[\"https:\\\/\\\/ruishengglassco.com\\\/product\\\/rs046-500ml-700ml-750ml-fancy-glass-bottles-manufacturers\"]}]},{\"@type\":\"ImageObject\",\"inLanguage\":\"de\",\"@id\":\"https:\\\/\\\/ruishengglassco.com\\\/product\\\/rs046-500ml-700ml-750ml-fancy-glass-bottles-manufacturers#primaryimage\",\"url\":\"https:\\\/\\\/glassbottlewholesale.com\\\/wp-content\\\/uploads\\\/2023\\\/12\\\/700ml-6.png\",\"contentUrl\":\"https:\\\/\\\/glassbottlewholesale.com\\\/wp-content\\\/uploads\\\/2023\\\/12\\\/700ml-6.png\",\"width\":602,\"height\":608,\"caption\":\"700ml glass bottle wholesale\"},{\"@type\":\"BreadcrumbList\",\"@id\":\"https:\\\/\\\/ruishengglassco.com\\\/product\\\/rs046-500ml-700ml-750ml-fancy-glass-bottles-manufacturers#breadcrumb\",\"itemListElement\":[{\"@type\":\"ListItem\",\"position\":1,\"name\":\"Home\",\"item\":\"https:\\\/\\\/glassbottlewholesale.com\\\/\"},{\"@type\":\"ListItem\",\"position\":2,\"name\":\"Products\",\"item\":\"https:\\\/\\\/glassbottlewholesale.com\\\/shop\\\/\"},{\"@type\":\"ListItem\",\"position\":3,\"name\":\"RS046: 500ml 700ml 750ml Fancy Glass Bottles Wholesale\"}]},{\"@type\":\"WebSite\",\"@id\":\"https:\\\/\\\/glassbottlewholesale.com\\\/#website\",\"url\":\"https:\\\/\\\/glassbottlewholesale.com\\\/\",\"name\":\"Glass Bottle Wholesale\",\"description\":\"\",\"publisher\":{\"@id\":\"https:\\\/\\\/glassbottlewholesale.com\\\/#organization\"},\"potentialAction\":[{\"@type\":\"SearchAction\",\"target\":{\"@type\":\"EntryPoint\",\"urlTemplate\":\"https:\\\/\\\/glassbottlewholesale.com\\\/?s={search_term_string}\"},\"query-input\":{\"@type\":\"PropertyValueSpecification\",\"valueRequired\":true,\"valueName\":\"search_term_string\"}}],\"inLanguage\":\"de\"},{\"@type\":\"Organization\",\"@id\":\"https:\\\/\\\/glassbottlewholesale.com\\\/#organization\",\"name\":\"Glass Bottle Wholesale\",\"url\":\"https:\\\/\\\/glassbottlewholesale.com\\\/\",\"logo\":{\"@type\":\"ImageObject\",\"inLanguage\":\"de\",\"@id\":\"https:\\\/\\\/glassbottlewholesale.com\\\/#\\\/schema\\\/logo\\\/image\\\/\",\"url\":\"https:\\\/\\\/glassbottlewholesale.com\\\/wp-content\\\/uploads\\\/2023\\\/12\\\/ruisheng-logo.webp\",\"contentUrl\":\"https:\\\/\\\/glassbottlewholesale.com\\\/wp-content\\\/uploads\\\/2023\\\/12\\\/ruisheng-logo.webp\",\"width\":400,\"height\":233,\"caption\":\"Glass Bottle Wholesale\"},\"image\":{\"@id\":\"https:\\\/\\\/glassbottlewholesale.com\\\/#\\\/schema\\\/logo\\\/image\\\/\"}}]}<\/script>\n<!-- \/ Yoast SEO plugin. -->","yoast_head_json":{"title":"750ml ausgefallene Glasflasche Gro\u00dfhandel | Diamond Liquor Bottle Lieferanten","description":"Ruisheng, einer der gr\u00f6\u00dften Lieferanten und Fabriken f\u00fcr Glasflaschen f\u00fcr Spirituosen in China, verkauft 750 ml elegante Glasflaschen zum Gro\u00dfhandelspreis.","robots":{"index":"index","follow":"follow","max-snippet":"max-snippet:-1","max-image-preview":"max-image-preview:large","max-video-preview":"max-video-preview:-1"},"canonical":"https:\/\/ruishengglassco.com\/product\/rs046-500ml-700ml-750ml-fancy-glass-bottles-manufacturers","og_locale":"de_DE","og_type":"article","og_title":"750ml Fancy Glass Bottle Wholesale | Diamond Liquor Bottle Suppliers","og_description":"Ruisheng, one of the largest China glass liquor bottle supplirs&factory, sales 750ml fancy glass bottle wholesale in bulk price.","og_url":"https:\/\/ruishengglassco.com\/product\/rs046-500ml-700ml-750ml-fancy-glass-bottles-manufacturers","og_site_name":"Glass Bottle Wholesale","article_modified_time":"2025-07-10T03:35:59+00:00","og_image":[{"width":602,"height":608,"url":"https:\/\/glassbottlewholesale.com\/wp-content\/uploads\/2023\/12\/700ml-6.png","type":"image\/png"}],"twitter_card":"summary_large_image","twitter_misc":{"Gesch\u00e4tzte Lesezeit":"2\u00a0Minuten"},"schema":{"@context":"https:\/\/schema.org","@graph":[{"@type":"WebPage","@id":"https:\/\/glassbottlewholesale.com\/500ml-700ml-750ml-fancy-glass-bottle-wholesale\/","url":"https:\/\/ruishengglassco.com\/product\/rs046-500ml-700ml-750ml-fancy-glass-bottles-manufacturers","name":"750ml ausgefallene Glasflasche Gro\u00dfhandel | Diamond Liquor Bottle Lieferanten","isPartOf":{"@id":"https:\/\/glassbottlewholesale.com\/#website"},"primaryImageOfPage":{"@id":"https:\/\/ruishengglassco.com\/product\/rs046-500ml-700ml-750ml-fancy-glass-bottles-manufacturers#primaryimage"},"image":{"@id":"https:\/\/ruishengglassco.com\/product\/rs046-500ml-700ml-750ml-fancy-glass-bottles-manufacturers#primaryimage"},"thumbnailUrl":"https:\/\/glassbottlewholesale.com\/wp-content\/uploads\/2023\/12\/700ml-6.png","datePublished":"2019-12-18T08:09:39+00:00","dateModified":"2025-07-10T03:35:59+00:00","description":"Ruisheng, einer der gr\u00f6\u00dften Lieferanten und Fabriken f\u00fcr Glasflaschen f\u00fcr Spirituosen in China, verkauft 750 ml elegante Glasflaschen zum Gro\u00dfhandelspreis.","breadcrumb":{"@id":"https:\/\/ruishengglassco.com\/product\/rs046-500ml-700ml-750ml-fancy-glass-bottles-manufacturers#breadcrumb"},"inLanguage":"de","potentialAction":[{"@type":"ReadAction","target":["https:\/\/ruishengglassco.com\/product\/rs046-500ml-700ml-750ml-fancy-glass-bottles-manufacturers"]}]},{"@type":"ImageObject","inLanguage":"de","@id":"https:\/\/ruishengglassco.com\/product\/rs046-500ml-700ml-750ml-fancy-glass-bottles-manufacturers#primaryimage","url":"https:\/\/glassbottlewholesale.com\/wp-content\/uploads\/2023\/12\/700ml-6.png","contentUrl":"https:\/\/glassbottlewholesale.com\/wp-content\/uploads\/2023\/12\/700ml-6.png","width":602,"height":608,"caption":"700ml glass bottle wholesale"},{"@type":"BreadcrumbList","@id":"https:\/\/ruishengglassco.com\/product\/rs046-500ml-700ml-750ml-fancy-glass-bottles-manufacturers#breadcrumb","itemListElement":[{"@type":"ListItem","position":1,"name":"Home","item":"https:\/\/glassbottlewholesale.com\/"},{"@type":"ListItem","position":2,"name":"Products","item":"https:\/\/glassbottlewholesale.com\/shop\/"},{"@type":"ListItem","position":3,"name":"RS046: 500ml 700ml 750ml Fancy Glass Bottles Wholesale"}]},{"@type":"WebSite","@id":"https:\/\/glassbottlewholesale.com\/#website","url":"https:\/\/glassbottlewholesale.com\/","name":"Glass Bottle Wholesale","description":"","publisher":{"@id":"https:\/\/glassbottlewholesale.com\/#organization"},"potentialAction":[{"@type":"SearchAction","target":{"@type":"EntryPoint","urlTemplate":"https:\/\/glassbottlewholesale.com\/?s={search_term_string}"},"query-input":{"@type":"PropertyValueSpecification","valueRequired":true,"valueName":"search_term_string"}}],"inLanguage":"de"},{"@type":"Organization","@id":"https:\/\/glassbottlewholesale.com\/#organization","name":"Glass Bottle Wholesale","url":"https:\/\/glassbottlewholesale.com\/","logo":{"@type":"ImageObject","inLanguage":"de","@id":"https:\/\/glassbottlewholesale.com\/#\/schema\/logo\/image\/","url":"https:\/\/glassbottlewholesale.com\/wp-content\/uploads\/2023\/12\/ruisheng-logo.webp","contentUrl":"https:\/\/glassbottlewholesale.com\/wp-content\/uploads\/2023\/12\/ruisheng-logo.webp","width":400,"height":233,"caption":"Glass Bottle Wholesale"},"image":{"@id":"https:\/\/glassbottlewholesale.com\/#\/schema\/logo\/image\/"}}]}},"_links":{"self":[{"href":"https:\/\/glassbottlewholesale.com\/de\/wp-json\/wp\/v2\/product\/737","targetHints":{"allow":["GET"]}}],"collection":[{"href":"https:\/\/glassbottlewholesale.com\/de\/wp-json\/wp\/v2\/product"}],"about":[{"href":"https:\/\/glassbottlewholesale.com\/de\/wp-json\/wp\/v2\/types\/product"}],"replies":[{"embeddable":true,"href":"https:\/\/glassbottlewholesale.com\/de\/wp-json\/wp\/v2\/comments?post=737"}],"wp:featuredmedia":[{"embeddable":true,"href":"https:\/\/glassbottlewholesale.com\/de\/wp-json\/wp\/v2\/media\/4365"}],"wp:attachment":[{"href":"https:\/\/glassbottlewholesale.com\/de\/wp-json\/wp\/v2\/media?parent=737"}],"wp:term":[{"taxonomy":"product_brand","embeddable":true,"href":"https:\/\/glassbottlewholesale.com\/de\/wp-json\/wp\/v2\/product_brand?post=737"},{"taxonomy":"product_cat","embeddable":true,"href":"https:\/\/glassbottlewholesale.com\/de\/wp-json\/wp\/v2\/product_cat?post=737"},{"taxonomy":"product_tag","embeddable":true,"href":"https:\/\/glassbottlewholesale.com\/de\/wp-json\/wp\/v2\/product_tag?post=737"}],"curies":[{"name":"wp","href":"https:\/\/api.w.org\/{rel}","templated":true}]}}