{"id":748,"date":"2019-10-18T08:25:16","date_gmt":"2019-10-18T08:25:16","guid":{"rendered":"https:\/\/queenchingglass.com\/?post_type=product&#038;p=748"},"modified":"2025-07-10T01:41:14","modified_gmt":"2025-07-10T01:41:14","slug":"700ml-leere-glasflaschen-lose","status":"publish","type":"product","link":"https:\/\/glassbottlewholesale.com\/de\/700ml-leere-glasflaschen-lose\/","title":{"rendered":"700 ml leere Glasflaschen in Gro\u00dfpackung"},"content":{"rendered":"<div class=\"wpb-content-wrapper\"><div class=\"vc_row wpb_row vc_row-fluid\"><div class=\"wpb_column vc_column_container vc_col-sm-12\"><div class=\"vc_column-inner\"><div class=\"wpb_wrapper\">\n\t<div class=\"wpb_text_column wpb_content_element\" >\n\t\t<div class=\"wpb_wrapper\">\n\t\t\t<p>Als einer der gr\u00f6\u00dften 70cl Glas Spirituosenflaschen Hersteller, Ruisheng konzentriert sich auf Spirituosenflaschen Produktion seit 2009. Diese 700ml leere Spirituosenflaschen bulk ist eine der hei\u00dfen Verk\u00e4ufe Glasflaschen in unserer Fabrik. Diese Glasflaschen f\u00fcr Spirituosen ist durch seinen dicken Glasboden hervorgehoben. Sein Material ist kristallwei\u00dfes Glas. Und diese 700ml Glas Spirituosenflaschen sind sehr glatt und langlebig. Diese solide Glasflasche ist perfekt f\u00fcr die Verpackung von Wodka, Getr\u00e4nken und anderen Fl\u00fcssigkeiten.<\/p>\n<p>Diese 700ml Glas Lik\u00f6rflasche werden von dem gr\u00f6\u00dften Super Flint Glasflaschenlieferanten in China hergestellt. Das Ziel unseres Unternehmens ist es, eine hochwertige Glasflasche zu machen und bieten den besten Service. Wir k\u00f6nnen die Ein-Schritt-Lik\u00f6r-Glasflaschen-Versorgungsservice f\u00fcr Sie anbieten. Wie z.B. Zeichnung der Flasche, Druck des Logos, Dekoration des Etiketts, Verschlusskappe, farbige Schachtel, und andere.<\/p>\n<h4>Die Informationen \u00fcber die 700ml leeren Schnapsflaschen lose<\/h4>\n<p>Diese 70cl Spirituosenflasche 's Gewicht ist 580g. Und es ist von Kristall wei\u00dfes Glas Material, die Glasflasche zum Verkauf mit einem schweren Boden gemacht. Es macht die Kundenprodukte in einer hohen Qualit\u00e4t.<\/p>\n<p>Die Gr\u00f6\u00dfe dieser 700ml Glasflasche im Gro\u00dfhandel ist 62,6\u00d7340 mm. Die klare Flasche hat einen Durchmesser von 62,6 mm und eine H\u00f6he von 340 mm. Der Dichtungstyp dieser 70cl Lik\u00f6rflasche ist T-Kork. Wir k\u00f6nnen verschiedene Gr\u00f6\u00dfen und die verschiedenen Farben f\u00fcr diesen Korken anbieten. \u00dcber seine Gr\u00f6\u00dfe, k\u00f6nnen wir kleine Korken, mittlere Korken, gro\u00dfe Korken und so weiter machen. \u00dcber seine Farbe, k\u00f6nnen wir goldene Farbe Korken, silberne Farbe Korken, rote Farbe Korken, und andere kundenspezifische Farbe Korken.<\/p>\n<p>Unsere leeren Glasflaschen werden in viele L\u00e4nder und Regionen verkauft. Wie z.B. USA, Australien, Schweiz, Neuseeland, Peru. Wir haben einen guten Ruf von ihnen auf der ganzen Welt bekommen.<\/p>\n<p>Unsere Fabrik bietet auch OEM-Auftr\u00e4ge an. Es gibt mehr als 10 Designer in unserer Fabrik, wir k\u00f6nnen die benutzerdefinierten Glasflaschen von der Zeichnung bis zum Versand machen.<\/p>\n<p>Unsere 700ml leere Schnapsflaschen ist nur eine unserer bestehenden Glasflaschen, wenn Sie mehr brauchen, willkommen <a href=\"\/\/ruishengglassco.com\/contact\">Kontakt mit uns<\/a>.<\/p>\n\n\t\t<\/div>\n\t<\/div>\n<\/div><\/div><\/div><\/div>\n<\/div>","protected":false},"excerpt":{"rendered":"<table>\n<tbody>\n<tr>\n<th colspan=\"2\">700 ml leere Glasflaschen in Gro\u00dfpackung<\/th>\n<\/tr>\n<tr>\n<td>Referenz:<\/td>\n<td>R-042<\/td>\n<\/tr>\n<tr>\n<td>Hauptmaterial:<\/td>\n<td>Superflintglas (dieses Material wird auch als kristallwei\u00dfes Glas bezeichnet)<\/td>\n<\/tr>\n<tr>\n<td>Anwendung:<\/td>\n<td>Lik\u00f6r, Whiskey, Wodka, Brandy, XO, etc<\/td>\n<\/tr>\n<tr>\n<td>Deckel:<\/td>\n<td>Kork\/Kr\u00e4henkappe<\/td>\n<\/tr>\n<tr>\n<td>Kapazit\u00e4t:<\/td>\n<td>700ml<\/td>\n<\/tr>\n<tr>\n<td>Besonderheit:<\/td>\n<td>Umweltfreundlich<\/td>\n<\/tr>\n<tr>\n<td>Mindestbestellmenge:<\/td>\n<td>10000 STK<\/td>\n<\/tr>\n<tr>\n<td>Art der Verpackung:<\/td>\n<td>Export Standardkarton \/ Palette \/ Export Standardkarton und Palette<\/td>\n<\/tr>\n<tr>\n<td>OEM\/ODM:<\/td>\n<td>Willkommen<\/td>\n<\/tr>\n<tr>\n<td>Herkunft des Ortes:<\/td>\n<td>Shandong, China<\/td>\n<\/tr>\n<tr>\n<td>Stk.\/Karton:<\/td>\n<td>24 St\u00fcck oder nach Kundenwunsch<\/td>\n<\/tr>\n<\/tbody>\n<\/table>","protected":false},"featured_media":4361,"comment_status":"open","ping_status":"closed","template":"","meta":[],"product_brand":[],"product_cat":[51,63],"product_tag":[],"class_list":{"0":"post-748","1":"product","2":"type-product","3":"status-publish","4":"has-post-thumbnail","6":"product_cat-700ml-glass-bottle","7":"product_cat-liquor-bottle","8":"entry","9":"has-media","11":"first","12":"instock","13":"shipping-taxable","14":"product-type-simple"},"yoast_head":"<!-- This site is optimized with the Yoast SEO plugin v27.3 - https:\/\/yoast.com\/product\/yoast-seo-wordpress\/ -->\n<title>Buy Empty Liquor Bottles Bulk | 70cl Glass Spirit Bottles Manufacturer<\/title>\n<meta name=\"description\" content=\"Do you want to buy empty liquor bottles bulk from China glass spirit bottles manufacturer? Factory Outlet&amp;Quality Assurance.\" \/>\n<meta name=\"robots\" content=\"index, follow, max-snippet:-1, max-image-preview:large, max-video-preview:-1\" \/>\n<link rel=\"canonical\" href=\"https:\/\/ruishengglassco.com\/product\/700ml-empty-glass-bottles-bulk\" \/>\n<meta property=\"og:locale\" content=\"de_DE\" \/>\n<meta property=\"og:type\" content=\"article\" \/>\n<meta property=\"og:title\" content=\"Buy Empty Liquor Bottles Bulk | 70cl Glass Spirit Bottles Manufacturer\" \/>\n<meta property=\"og:description\" content=\"Do you want to buy empty liquor bottles bulk from China glass spirit bottles manufacturer? Factory Outlet&amp;Quality Assurance.\" \/>\n<meta property=\"og:url\" content=\"https:\/\/ruishengglassco.com\/product\/700ml-empty-glass-bottles-bulk\" \/>\n<meta property=\"og:site_name\" content=\"Glass Bottle Wholesale\" \/>\n<meta property=\"article:modified_time\" content=\"2025-07-10T01:41:14+00:00\" \/>\n<meta property=\"og:image\" content=\"https:\/\/glassbottlewholesale.com\/wp-content\/uploads\/2023\/12\/700ml-2.png\" \/>\n\t<meta property=\"og:image:width\" content=\"605\" \/>\n\t<meta property=\"og:image:height\" content=\"606\" \/>\n\t<meta property=\"og:image:type\" content=\"image\/png\" \/>\n<meta name=\"twitter:card\" content=\"summary_large_image\" \/>\n<meta name=\"twitter:label1\" content=\"Gesch\u00e4tzte Lesezeit\" \/>\n\t<meta name=\"twitter:data1\" content=\"2\u00a0Minuten\" \/>\n<script type=\"application\/ld+json\" class=\"yoast-schema-graph\">{\"@context\":\"https:\\\/\\\/schema.org\",\"@graph\":[{\"@type\":\"WebPage\",\"@id\":\"https:\\\/\\\/glassbottlewholesale.com\\\/700ml-empty-glass-bottles-bulk\\\/\",\"url\":\"https:\\\/\\\/ruishengglassco.com\\\/product\\\/700ml-empty-glass-bottles-bulk\",\"name\":\"Buy Empty Liquor Bottles Bulk | 70cl Glass Spirit Bottles Manufacturer\",\"isPartOf\":{\"@id\":\"https:\\\/\\\/glassbottlewholesale.com\\\/#website\"},\"primaryImageOfPage\":{\"@id\":\"https:\\\/\\\/ruishengglassco.com\\\/product\\\/700ml-empty-glass-bottles-bulk#primaryimage\"},\"image\":{\"@id\":\"https:\\\/\\\/ruishengglassco.com\\\/product\\\/700ml-empty-glass-bottles-bulk#primaryimage\"},\"thumbnailUrl\":\"https:\\\/\\\/glassbottlewholesale.com\\\/wp-content\\\/uploads\\\/2023\\\/12\\\/700ml-2.png\",\"datePublished\":\"2019-10-18T08:25:16+00:00\",\"dateModified\":\"2025-07-10T01:41:14+00:00\",\"description\":\"Do you want to buy empty liquor bottles bulk from China glass spirit bottles manufacturer? Factory Outlet&Quality Assurance.\",\"breadcrumb\":{\"@id\":\"https:\\\/\\\/ruishengglassco.com\\\/product\\\/700ml-empty-glass-bottles-bulk#breadcrumb\"},\"inLanguage\":\"de\",\"potentialAction\":[{\"@type\":\"ReadAction\",\"target\":[\"https:\\\/\\\/ruishengglassco.com\\\/product\\\/700ml-empty-glass-bottles-bulk\"]}]},{\"@type\":\"ImageObject\",\"inLanguage\":\"de\",\"@id\":\"https:\\\/\\\/ruishengglassco.com\\\/product\\\/700ml-empty-glass-bottles-bulk#primaryimage\",\"url\":\"https:\\\/\\\/glassbottlewholesale.com\\\/wp-content\\\/uploads\\\/2023\\\/12\\\/700ml-2.png\",\"contentUrl\":\"https:\\\/\\\/glassbottlewholesale.com\\\/wp-content\\\/uploads\\\/2023\\\/12\\\/700ml-2.png\",\"width\":605,\"height\":606,\"caption\":\"700ml Empty Glass Bottles Bulk\"},{\"@type\":\"BreadcrumbList\",\"@id\":\"https:\\\/\\\/ruishengglassco.com\\\/product\\\/700ml-empty-glass-bottles-bulk#breadcrumb\",\"itemListElement\":[{\"@type\":\"ListItem\",\"position\":1,\"name\":\"Home\",\"item\":\"https:\\\/\\\/glassbottlewholesale.com\\\/\"},{\"@type\":\"ListItem\",\"position\":2,\"name\":\"Products\",\"item\":\"https:\\\/\\\/glassbottlewholesale.com\\\/shop\\\/\"},{\"@type\":\"ListItem\",\"position\":3,\"name\":\"700ml Empty Glass Bottles Bulk\"}]},{\"@type\":\"WebSite\",\"@id\":\"https:\\\/\\\/glassbottlewholesale.com\\\/#website\",\"url\":\"https:\\\/\\\/glassbottlewholesale.com\\\/\",\"name\":\"Glass Bottle Wholesale\",\"description\":\"\",\"publisher\":{\"@id\":\"https:\\\/\\\/glassbottlewholesale.com\\\/#organization\"},\"potentialAction\":[{\"@type\":\"SearchAction\",\"target\":{\"@type\":\"EntryPoint\",\"urlTemplate\":\"https:\\\/\\\/glassbottlewholesale.com\\\/?s={search_term_string}\"},\"query-input\":{\"@type\":\"PropertyValueSpecification\",\"valueRequired\":true,\"valueName\":\"search_term_string\"}}],\"inLanguage\":\"de\"},{\"@type\":\"Organization\",\"@id\":\"https:\\\/\\\/glassbottlewholesale.com\\\/#organization\",\"name\":\"Glass Bottle Wholesale\",\"url\":\"https:\\\/\\\/glassbottlewholesale.com\\\/\",\"logo\":{\"@type\":\"ImageObject\",\"inLanguage\":\"de\",\"@id\":\"https:\\\/\\\/glassbottlewholesale.com\\\/#\\\/schema\\\/logo\\\/image\\\/\",\"url\":\"https:\\\/\\\/glassbottlewholesale.com\\\/wp-content\\\/uploads\\\/2023\\\/12\\\/ruisheng-logo.webp\",\"contentUrl\":\"https:\\\/\\\/glassbottlewholesale.com\\\/wp-content\\\/uploads\\\/2023\\\/12\\\/ruisheng-logo.webp\",\"width\":400,\"height\":233,\"caption\":\"Glass Bottle Wholesale\"},\"image\":{\"@id\":\"https:\\\/\\\/glassbottlewholesale.com\\\/#\\\/schema\\\/logo\\\/image\\\/\"}}]}<\/script>\n<!-- \/ Yoast SEO plugin. -->","yoast_head_json":{"title":"Kaufen Sie leere Lik\u00f6rflaschen Bulk | 70cl Glas Spirituosenflaschen Hersteller","description":"M\u00f6chten Sie leere Spirituosenflaschen in gro\u00dfen Mengen von einem chinesischen Hersteller von Spirituosenflaschen aus Glas kaufen? Factory Outlet&amp;Qualit\u00e4tssicherung.","robots":{"index":"index","follow":"follow","max-snippet":"max-snippet:-1","max-image-preview":"max-image-preview:large","max-video-preview":"max-video-preview:-1"},"canonical":"https:\/\/ruishengglassco.com\/product\/700ml-empty-glass-bottles-bulk","og_locale":"de_DE","og_type":"article","og_title":"Buy Empty Liquor Bottles Bulk | 70cl Glass Spirit Bottles Manufacturer","og_description":"Do you want to buy empty liquor bottles bulk from China glass spirit bottles manufacturer? Factory Outlet&Quality Assurance.","og_url":"https:\/\/ruishengglassco.com\/product\/700ml-empty-glass-bottles-bulk","og_site_name":"Glass Bottle Wholesale","article_modified_time":"2025-07-10T01:41:14+00:00","og_image":[{"width":605,"height":606,"url":"https:\/\/glassbottlewholesale.com\/wp-content\/uploads\/2023\/12\/700ml-2.png","type":"image\/png"}],"twitter_card":"summary_large_image","twitter_misc":{"Gesch\u00e4tzte Lesezeit":"2\u00a0Minuten"},"schema":{"@context":"https:\/\/schema.org","@graph":[{"@type":"WebPage","@id":"https:\/\/glassbottlewholesale.com\/700ml-empty-glass-bottles-bulk\/","url":"https:\/\/ruishengglassco.com\/product\/700ml-empty-glass-bottles-bulk","name":"Kaufen Sie leere Lik\u00f6rflaschen Bulk | 70cl Glas Spirituosenflaschen Hersteller","isPartOf":{"@id":"https:\/\/glassbottlewholesale.com\/#website"},"primaryImageOfPage":{"@id":"https:\/\/ruishengglassco.com\/product\/700ml-empty-glass-bottles-bulk#primaryimage"},"image":{"@id":"https:\/\/ruishengglassco.com\/product\/700ml-empty-glass-bottles-bulk#primaryimage"},"thumbnailUrl":"https:\/\/glassbottlewholesale.com\/wp-content\/uploads\/2023\/12\/700ml-2.png","datePublished":"2019-10-18T08:25:16+00:00","dateModified":"2025-07-10T01:41:14+00:00","description":"M\u00f6chten Sie leere Spirituosenflaschen in gro\u00dfen Mengen von einem chinesischen Hersteller von Spirituosenflaschen aus Glas kaufen? Factory Outlet&amp;Qualit\u00e4tssicherung.","breadcrumb":{"@id":"https:\/\/ruishengglassco.com\/product\/700ml-empty-glass-bottles-bulk#breadcrumb"},"inLanguage":"de","potentialAction":[{"@type":"ReadAction","target":["https:\/\/ruishengglassco.com\/product\/700ml-empty-glass-bottles-bulk"]}]},{"@type":"ImageObject","inLanguage":"de","@id":"https:\/\/ruishengglassco.com\/product\/700ml-empty-glass-bottles-bulk#primaryimage","url":"https:\/\/glassbottlewholesale.com\/wp-content\/uploads\/2023\/12\/700ml-2.png","contentUrl":"https:\/\/glassbottlewholesale.com\/wp-content\/uploads\/2023\/12\/700ml-2.png","width":605,"height":606,"caption":"700ml Empty Glass Bottles Bulk"},{"@type":"BreadcrumbList","@id":"https:\/\/ruishengglassco.com\/product\/700ml-empty-glass-bottles-bulk#breadcrumb","itemListElement":[{"@type":"ListItem","position":1,"name":"Home","item":"https:\/\/glassbottlewholesale.com\/"},{"@type":"ListItem","position":2,"name":"Products","item":"https:\/\/glassbottlewholesale.com\/shop\/"},{"@type":"ListItem","position":3,"name":"700ml Empty Glass Bottles Bulk"}]},{"@type":"WebSite","@id":"https:\/\/glassbottlewholesale.com\/#website","url":"https:\/\/glassbottlewholesale.com\/","name":"Glass Bottle Wholesale","description":"","publisher":{"@id":"https:\/\/glassbottlewholesale.com\/#organization"},"potentialAction":[{"@type":"SearchAction","target":{"@type":"EntryPoint","urlTemplate":"https:\/\/glassbottlewholesale.com\/?s={search_term_string}"},"query-input":{"@type":"PropertyValueSpecification","valueRequired":true,"valueName":"search_term_string"}}],"inLanguage":"de"},{"@type":"Organization","@id":"https:\/\/glassbottlewholesale.com\/#organization","name":"Glass Bottle Wholesale","url":"https:\/\/glassbottlewholesale.com\/","logo":{"@type":"ImageObject","inLanguage":"de","@id":"https:\/\/glassbottlewholesale.com\/#\/schema\/logo\/image\/","url":"https:\/\/glassbottlewholesale.com\/wp-content\/uploads\/2023\/12\/ruisheng-logo.webp","contentUrl":"https:\/\/glassbottlewholesale.com\/wp-content\/uploads\/2023\/12\/ruisheng-logo.webp","width":400,"height":233,"caption":"Glass Bottle Wholesale"},"image":{"@id":"https:\/\/glassbottlewholesale.com\/#\/schema\/logo\/image\/"}}]}},"_links":{"self":[{"href":"https:\/\/glassbottlewholesale.com\/de\/wp-json\/wp\/v2\/product\/748","targetHints":{"allow":["GET"]}}],"collection":[{"href":"https:\/\/glassbottlewholesale.com\/de\/wp-json\/wp\/v2\/product"}],"about":[{"href":"https:\/\/glassbottlewholesale.com\/de\/wp-json\/wp\/v2\/types\/product"}],"replies":[{"embeddable":true,"href":"https:\/\/glassbottlewholesale.com\/de\/wp-json\/wp\/v2\/comments?post=748"}],"wp:featuredmedia":[{"embeddable":true,"href":"https:\/\/glassbottlewholesale.com\/de\/wp-json\/wp\/v2\/media\/4361"}],"wp:attachment":[{"href":"https:\/\/glassbottlewholesale.com\/de\/wp-json\/wp\/v2\/media?parent=748"}],"wp:term":[{"taxonomy":"product_brand","embeddable":true,"href":"https:\/\/glassbottlewholesale.com\/de\/wp-json\/wp\/v2\/product_brand?post=748"},{"taxonomy":"product_cat","embeddable":true,"href":"https:\/\/glassbottlewholesale.com\/de\/wp-json\/wp\/v2\/product_cat?post=748"},{"taxonomy":"product_tag","embeddable":true,"href":"https:\/\/glassbottlewholesale.com\/de\/wp-json\/wp\/v2\/product_tag?post=748"}],"curies":[{"name":"wp","href":"https:\/\/api.w.org\/{rel}","templated":true}]}}