{"id":756,"date":"2019-10-18T08:33:21","date_gmt":"2019-10-18T08:33:21","guid":{"rendered":"https:\/\/queenchingglass.com\/?post_type=product&#038;p=756"},"modified":"2025-07-10T01:39:37","modified_gmt":"2025-07-10T01:39:37","slug":"1-liter-glas-wodka-flaschen-im-groshandel-mit-korken","status":"publish","type":"product","link":"https:\/\/glassbottlewholesale.com\/de\/1-liter-glas-wodka-flaschen-im-groshandel-mit-korken\/","title":{"rendered":"RS062: 1 Liter Glas-Wodkaflaschen Gro\u00dfhandel mit Korken"},"content":{"rendered":"<div class=\"wpb-content-wrapper\"><div class=\"vc_row wpb_row vc_row-fluid\"><div class=\"wpb_column vc_column_container vc_col-sm-12\"><div class=\"vc_column-inner\"><div class=\"wpb_wrapper\">\n\t<div class=\"wpb_text_column wpb_content_element\" >\n\t\t<div class=\"wpb_wrapper\">\n\t\t\t<p>Ruisheng, einer der gr\u00f6\u00dften Wodka-Flaschen Lieferanten aus China, bieten diese gro\u00dfe Flasche Wodka Gro\u00dfhandelspreis. Diese <a href=\"https:\/\/ruishengglassco.com\/1000ml-liquor-glass-bottle-manufacturer\">1000ml Glasflasche mit Korken<\/a> ist eine der gro\u00dfen Wodkaflaschen.<\/p>\n<p>Wir bieten eine breite Palette von 1000ml Glasflaschen wie Schnapsflaschen, Rumflaschen, Wodkaflaschen, Whiskeyflaschen, Ginflaschen und Weinflaschen etc. Es ist in allen Formen, Gr\u00f6\u00dfen und Farben erh\u00e4ltlich, wie z.B. von 50ml bis 3000ml, von normaler Form bis zu kundenspezifischer Form, von Feuersteinfarbe bis zu schwarzer Farbe. Es gibt 12 Produktionslinien in unserer Fabrik, dies stellt sicher, dass wir die Produktion von Qualit\u00e4tsprodukten auf dem Markt gew\u00e4hrleisten k\u00f6nnen.<\/p>\n<p>Die gro\u00dfe Wodkaflasche ist eine hohe Glasflasche mit Feuerstein. Es ist in der Regel zu halten Wodka, aber Sie k\u00f6nnen auch verwenden, um Whisky, Schnaps und andere Fl\u00fcssigkeit zu halten. Unsere einzigartigen Wodkaflaschen werden mit einer fortschrittlichen Glasflaschenmaschine - IS-Maschine - hergestellt. Diese Maschine ist vollautomatisch, nicht brauchen so viele Menschen.<\/p>\n<p>Es gibt viele \u00e4hnliche Gro\u00dfhandel Glasflaschen f\u00fcr diese Flaschen, wie 250ml, 375ml, 500ml, 700ml und so weiter. Diese Glasflasche Verschluss ist Kork. Wir bieten den Korken f\u00fcr verschiedene Gr\u00f6\u00dfen, verschiedene Materialien, verschiedene Farben. Wir k\u00f6nnen jeden Korken bieten Sie wollen.83mm.<\/p>\n<h4>Die Details dieser gro\u00dfen Flasche Wodka Gro\u00dfhandelspreis<\/h4>\n<p>Diese 1000ml Glasflasche mit Korken ist durch die hohe Feuerstein Glas \/ Kristall wei\u00dfes Glas Material gemacht. Sein Glas Gewicht ist 850g, und diese Wodka-Flasche mit Dicke Boden, das machen die Glasflasche in eine hohe Qualit\u00e4t. Die Gr\u00f6\u00dfe dieser gro\u00dfen Wodkaflasche betr\u00e4gt 90 x 283 mm. Der \u00e4u\u00dfere Munddurchmesser betr\u00e4gt 34,5 mm und der innere Munddurchmesser 21,2 mm. Diese beste Wodkaflasche ist f\u00fcr einen 22,5 mm T-Korken geeignet. Und der Korken kann jeder sein, den Sie wollen.<\/p>\n<p>In unserer Fabrik gibt es mehr als 10 QC-Mitarbeiter und Designer. Wir begr\u00fc\u00dfen auch OEM-Bestellung. Egal, welche Flasche Sie wollen, k\u00f6nnen Sie uns sagen, als wir Zeichnung und machen es nach Ihren Anforderungen.<\/p>\n<p>&nbsp;<\/p>\n\n\t\t<\/div>\n\t<\/div>\n<\/div><\/div><\/div><\/div>\n<\/div>","protected":false},"excerpt":{"rendered":"<p>.tg  {border-collapse:collapse;border-spacing:0;border-color:#ccc;}<br \/>.tg td{font-family:Arial, sans-serif;font-size:14px;padding:10px 5px;border-style:solid;border-width:1px;overflow:hidden;word-break:normal;border-color:#ccc;color:#333;background-color:#fff;}<br \/>.tg th{font-family:Arial, sans-serif;font-size:14px;font-weight:normal;padding:10px 5px;border-style:solid;border-width:1px;overflow:hidden;word-break:normal;border-color:#ccc;color:#333;background-color:#f0f0f0;}<br \/>.tg .tg-hjji{font-size:24px;text-align:center;vertical-align:top}<br \/>.tg .tg-b7b8{background-color:#f9f9f9;vertical-align:top}<br \/>.tg .tg-yw4l{vertical-align:top}<\/p>\n<table class=\"tg\">\n<tbody>\n<tr>\n<th class=\"tg-hjji\" colspan=\"2\">Gro\u00dfe Flasche Wodka Gro\u00dfhandelspreis<\/th>\n<\/tr>\n<tr>\n<td class=\"tg-b7b8\">Kapazit\u00e4t<\/td>\n<td class=\"tg-b7b8\">1000ml 1.5L<\/td>\n<\/tr>\n<tr>\n<td class=\"tg-yw4l\">Material<\/td>\n<td class=\"tg-yw4l\">Superflint-Glasmaterial,Hochflint-Glasmaterial<\/td>\n<\/tr>\n<tr>\n<td class=\"tg-b7b8\">Dichtungsart<\/td>\n<td class=\"tg-b7b8\">Kork, Guala-Kappe, Schraubverschluss<\/td>\n<\/tr>\n<tr>\n<td class=\"tg-yw4l\">Oberfl\u00e4che<\/td>\n<td class=\"tg-yw4l\">Frost, Abziehbild, Malerei, Hei\u00dfpr\u00e4gung, Pr\u00e4gung, Druck, Glden, Siebdruck<\/td>\n<\/tr>\n<tr>\n<td class=\"tg-b7b8\">Muster<\/td>\n<td class=\"tg-b7b8\">Frei unter Verwendung unserer bestehenden Form<\/td>\n<\/tr>\n<tr>\n<td class=\"tg-yw4l\">Vorlaufzeit<\/td>\n<td class=\"tg-yw4l\">20-30 Tage f\u00fcr Massenprodukte<\/td>\n<\/tr>\n<tr>\n<td class=\"tg-b7b8\">Hafen<\/td>\n<td class=\"tg-b7b8\">Qingdao, China<\/td>\n<\/tr>\n<tr>\n<td class=\"tg-yw4l\">Zahlung<\/td>\n<td class=\"tg-yw4l\">T\/T, Paypal, Trande Versicherung<\/td>\n<\/tr>\n<\/tbody>\n<\/table>","protected":false},"featured_media":4375,"comment_status":"open","ping_status":"closed","template":"","meta":[],"product_brand":[],"product_cat":[53,67],"product_tag":[],"class_list":{"0":"post-756","1":"product","2":"type-product","3":"status-publish","4":"has-post-thumbnail","6":"product_cat-1000ml-glass-bottle","7":"product_cat-vodka-bottle","8":"entry","9":"has-media","11":"first","12":"instock","13":"shipping-taxable","14":"product-type-simple"},"yoast_head":"<!-- This site is optimized with the Yoast SEO plugin v27.3 - https:\/\/yoast.com\/product\/yoast-seo-wordpress\/ -->\n<title>Big Bottle of Vodka Wholesale Price|1 liter Glass Bottle With Corks<\/title>\n<meta name=\"description\" content=\"Big Bottle of Vodka Wholesale Price. 100% quality assurance.Also provide 1000ml glass bottle wholesale for brandy, rum , vodka, whiksey, gin and wine ect.\" \/>\n<meta name=\"robots\" content=\"index, follow, max-snippet:-1, max-image-preview:large, max-video-preview:-1\" \/>\n<link rel=\"canonical\" href=\"https:\/\/ruishengglassco.com\/product\/rs062-1-liter-glass-vodka-bottles-manufacturers-with-corks\" \/>\n<meta property=\"og:locale\" content=\"de_DE\" \/>\n<meta property=\"og:type\" content=\"article\" \/>\n<meta property=\"og:title\" content=\"Big Bottle of Vodka Wholesale Price|1 liter Glass Bottle With Corks\" \/>\n<meta property=\"og:description\" content=\"Big Bottle of Vodka Wholesale Price. 100% quality assurance.Also provide 1000ml glass bottle wholesale for brandy, rum , vodka, whiksey, gin and wine ect.\" \/>\n<meta property=\"og:url\" content=\"https:\/\/ruishengglassco.com\/product\/rs062-1-liter-glass-vodka-bottles-manufacturers-with-corks\" \/>\n<meta property=\"og:site_name\" content=\"Glass Bottle Wholesale\" \/>\n<meta property=\"article:modified_time\" content=\"2025-07-10T01:39:37+00:00\" \/>\n<meta property=\"og:image\" content=\"https:\/\/glassbottlewholesale.com\/wp-content\/uploads\/2023\/12\/1000ml850g-1.jpg\" \/>\n\t<meta property=\"og:image:width\" content=\"800\" \/>\n\t<meta property=\"og:image:height\" content=\"800\" \/>\n\t<meta property=\"og:image:type\" content=\"image\/jpeg\" \/>\n<meta name=\"twitter:card\" content=\"summary_large_image\" \/>\n<meta name=\"twitter:label1\" content=\"Gesch\u00e4tzte Lesezeit\" \/>\n\t<meta name=\"twitter:data1\" content=\"2\u00a0Minuten\" \/>\n<script type=\"application\/ld+json\" class=\"yoast-schema-graph\">{\"@context\":\"https:\\\/\\\/schema.org\",\"@graph\":[{\"@type\":\"WebPage\",\"@id\":\"https:\\\/\\\/glassbottlewholesale.com\\\/1-liter-glass-vodka-bottles-wholesale-with-corks\\\/\",\"url\":\"https:\\\/\\\/ruishengglassco.com\\\/product\\\/rs062-1-liter-glass-vodka-bottles-manufacturers-with-corks\",\"name\":\"Big Bottle of Vodka Wholesale Price|1 liter Glass Bottle With Corks\",\"isPartOf\":{\"@id\":\"https:\\\/\\\/glassbottlewholesale.com\\\/#website\"},\"primaryImageOfPage\":{\"@id\":\"https:\\\/\\\/ruishengglassco.com\\\/product\\\/rs062-1-liter-glass-vodka-bottles-manufacturers-with-corks#primaryimage\"},\"image\":{\"@id\":\"https:\\\/\\\/ruishengglassco.com\\\/product\\\/rs062-1-liter-glass-vodka-bottles-manufacturers-with-corks#primaryimage\"},\"thumbnailUrl\":\"https:\\\/\\\/glassbottlewholesale.com\\\/wp-content\\\/uploads\\\/2023\\\/12\\\/1000ml850g-1.jpg\",\"datePublished\":\"2019-10-18T08:33:21+00:00\",\"dateModified\":\"2025-07-10T01:39:37+00:00\",\"description\":\"Big Bottle of Vodka Wholesale Price. 100% quality assurance.Also provide 1000ml glass bottle wholesale for brandy, rum , vodka, whiksey, gin and wine ect.\",\"breadcrumb\":{\"@id\":\"https:\\\/\\\/ruishengglassco.com\\\/product\\\/rs062-1-liter-glass-vodka-bottles-manufacturers-with-corks#breadcrumb\"},\"inLanguage\":\"de\",\"potentialAction\":[{\"@type\":\"ReadAction\",\"target\":[\"https:\\\/\\\/ruishengglassco.com\\\/product\\\/rs062-1-liter-glass-vodka-bottles-manufacturers-with-corks\"]}]},{\"@type\":\"ImageObject\",\"inLanguage\":\"de\",\"@id\":\"https:\\\/\\\/ruishengglassco.com\\\/product\\\/rs062-1-liter-glass-vodka-bottles-manufacturers-with-corks#primaryimage\",\"url\":\"https:\\\/\\\/glassbottlewholesale.com\\\/wp-content\\\/uploads\\\/2023\\\/12\\\/1000ml850g-1.jpg\",\"contentUrl\":\"https:\\\/\\\/glassbottlewholesale.com\\\/wp-content\\\/uploads\\\/2023\\\/12\\\/1000ml850g-1.jpg\",\"width\":800,\"height\":800,\"caption\":\"1000ml glass bottle wholesale\"},{\"@type\":\"BreadcrumbList\",\"@id\":\"https:\\\/\\\/ruishengglassco.com\\\/product\\\/rs062-1-liter-glass-vodka-bottles-manufacturers-with-corks#breadcrumb\",\"itemListElement\":[{\"@type\":\"ListItem\",\"position\":1,\"name\":\"Home\",\"item\":\"https:\\\/\\\/glassbottlewholesale.com\\\/\"},{\"@type\":\"ListItem\",\"position\":2,\"name\":\"Products\",\"item\":\"https:\\\/\\\/glassbottlewholesale.com\\\/shop\\\/\"},{\"@type\":\"ListItem\",\"position\":3,\"name\":\"RS062: 1 Liter Glass Vodka Bottles Wholesale With Corks\"}]},{\"@type\":\"WebSite\",\"@id\":\"https:\\\/\\\/glassbottlewholesale.com\\\/#website\",\"url\":\"https:\\\/\\\/glassbottlewholesale.com\\\/\",\"name\":\"Glass Bottle Wholesale\",\"description\":\"\",\"publisher\":{\"@id\":\"https:\\\/\\\/glassbottlewholesale.com\\\/#organization\"},\"potentialAction\":[{\"@type\":\"SearchAction\",\"target\":{\"@type\":\"EntryPoint\",\"urlTemplate\":\"https:\\\/\\\/glassbottlewholesale.com\\\/?s={search_term_string}\"},\"query-input\":{\"@type\":\"PropertyValueSpecification\",\"valueRequired\":true,\"valueName\":\"search_term_string\"}}],\"inLanguage\":\"de\"},{\"@type\":\"Organization\",\"@id\":\"https:\\\/\\\/glassbottlewholesale.com\\\/#organization\",\"name\":\"Glass Bottle Wholesale\",\"url\":\"https:\\\/\\\/glassbottlewholesale.com\\\/\",\"logo\":{\"@type\":\"ImageObject\",\"inLanguage\":\"de\",\"@id\":\"https:\\\/\\\/glassbottlewholesale.com\\\/#\\\/schema\\\/logo\\\/image\\\/\",\"url\":\"https:\\\/\\\/glassbottlewholesale.com\\\/wp-content\\\/uploads\\\/2023\\\/12\\\/ruisheng-logo.webp\",\"contentUrl\":\"https:\\\/\\\/glassbottlewholesale.com\\\/wp-content\\\/uploads\\\/2023\\\/12\\\/ruisheng-logo.webp\",\"width\":400,\"height\":233,\"caption\":\"Glass Bottle Wholesale\"},\"image\":{\"@id\":\"https:\\\/\\\/glassbottlewholesale.com\\\/#\\\/schema\\\/logo\\\/image\\\/\"}}]}<\/script>\n<!-- \/ Yoast SEO plugin. -->","yoast_head_json":{"title":"Gro\u00dfe Flasche Wodka Gro\u00dfhandelspreis|1 Liter Glasflasche mit Korken","description":"Big Bottle of Vodka Gro\u00dfhandelspreis. 100% Qualit\u00e4tssicherung.bieten auch 1000ml Glasflasche Gro\u00dfhandel f\u00fcr Schnaps, Rum, Wodka, Whiksey, Gin und Wein ect.","robots":{"index":"index","follow":"follow","max-snippet":"max-snippet:-1","max-image-preview":"max-image-preview:large","max-video-preview":"max-video-preview:-1"},"canonical":"https:\/\/ruishengglassco.com\/product\/rs062-1-liter-glass-vodka-bottles-manufacturers-with-corks","og_locale":"de_DE","og_type":"article","og_title":"Big Bottle of Vodka Wholesale Price|1 liter Glass Bottle With Corks","og_description":"Big Bottle of Vodka Wholesale Price. 100% quality assurance.Also provide 1000ml glass bottle wholesale for brandy, rum , vodka, whiksey, gin and wine ect.","og_url":"https:\/\/ruishengglassco.com\/product\/rs062-1-liter-glass-vodka-bottles-manufacturers-with-corks","og_site_name":"Glass Bottle Wholesale","article_modified_time":"2025-07-10T01:39:37+00:00","og_image":[{"width":800,"height":800,"url":"https:\/\/glassbottlewholesale.com\/wp-content\/uploads\/2023\/12\/1000ml850g-1.jpg","type":"image\/jpeg"}],"twitter_card":"summary_large_image","twitter_misc":{"Gesch\u00e4tzte Lesezeit":"2\u00a0Minuten"},"schema":{"@context":"https:\/\/schema.org","@graph":[{"@type":"WebPage","@id":"https:\/\/glassbottlewholesale.com\/1-liter-glass-vodka-bottles-wholesale-with-corks\/","url":"https:\/\/ruishengglassco.com\/product\/rs062-1-liter-glass-vodka-bottles-manufacturers-with-corks","name":"Gro\u00dfe Flasche Wodka Gro\u00dfhandelspreis|1 Liter Glasflasche mit Korken","isPartOf":{"@id":"https:\/\/glassbottlewholesale.com\/#website"},"primaryImageOfPage":{"@id":"https:\/\/ruishengglassco.com\/product\/rs062-1-liter-glass-vodka-bottles-manufacturers-with-corks#primaryimage"},"image":{"@id":"https:\/\/ruishengglassco.com\/product\/rs062-1-liter-glass-vodka-bottles-manufacturers-with-corks#primaryimage"},"thumbnailUrl":"https:\/\/glassbottlewholesale.com\/wp-content\/uploads\/2023\/12\/1000ml850g-1.jpg","datePublished":"2019-10-18T08:33:21+00:00","dateModified":"2025-07-10T01:39:37+00:00","description":"Big Bottle of Vodka Gro\u00dfhandelspreis. 100% Qualit\u00e4tssicherung.bieten auch 1000ml Glasflasche Gro\u00dfhandel f\u00fcr Schnaps, Rum, Wodka, Whiksey, Gin und Wein ect.","breadcrumb":{"@id":"https:\/\/ruishengglassco.com\/product\/rs062-1-liter-glass-vodka-bottles-manufacturers-with-corks#breadcrumb"},"inLanguage":"de","potentialAction":[{"@type":"ReadAction","target":["https:\/\/ruishengglassco.com\/product\/rs062-1-liter-glass-vodka-bottles-manufacturers-with-corks"]}]},{"@type":"ImageObject","inLanguage":"de","@id":"https:\/\/ruishengglassco.com\/product\/rs062-1-liter-glass-vodka-bottles-manufacturers-with-corks#primaryimage","url":"https:\/\/glassbottlewholesale.com\/wp-content\/uploads\/2023\/12\/1000ml850g-1.jpg","contentUrl":"https:\/\/glassbottlewholesale.com\/wp-content\/uploads\/2023\/12\/1000ml850g-1.jpg","width":800,"height":800,"caption":"1000ml glass bottle wholesale"},{"@type":"BreadcrumbList","@id":"https:\/\/ruishengglassco.com\/product\/rs062-1-liter-glass-vodka-bottles-manufacturers-with-corks#breadcrumb","itemListElement":[{"@type":"ListItem","position":1,"name":"Home","item":"https:\/\/glassbottlewholesale.com\/"},{"@type":"ListItem","position":2,"name":"Products","item":"https:\/\/glassbottlewholesale.com\/shop\/"},{"@type":"ListItem","position":3,"name":"RS062: 1 Liter Glass Vodka Bottles Wholesale With Corks"}]},{"@type":"WebSite","@id":"https:\/\/glassbottlewholesale.com\/#website","url":"https:\/\/glassbottlewholesale.com\/","name":"Glass Bottle Wholesale","description":"","publisher":{"@id":"https:\/\/glassbottlewholesale.com\/#organization"},"potentialAction":[{"@type":"SearchAction","target":{"@type":"EntryPoint","urlTemplate":"https:\/\/glassbottlewholesale.com\/?s={search_term_string}"},"query-input":{"@type":"PropertyValueSpecification","valueRequired":true,"valueName":"search_term_string"}}],"inLanguage":"de"},{"@type":"Organization","@id":"https:\/\/glassbottlewholesale.com\/#organization","name":"Glass Bottle Wholesale","url":"https:\/\/glassbottlewholesale.com\/","logo":{"@type":"ImageObject","inLanguage":"de","@id":"https:\/\/glassbottlewholesale.com\/#\/schema\/logo\/image\/","url":"https:\/\/glassbottlewholesale.com\/wp-content\/uploads\/2023\/12\/ruisheng-logo.webp","contentUrl":"https:\/\/glassbottlewholesale.com\/wp-content\/uploads\/2023\/12\/ruisheng-logo.webp","width":400,"height":233,"caption":"Glass Bottle Wholesale"},"image":{"@id":"https:\/\/glassbottlewholesale.com\/#\/schema\/logo\/image\/"}}]}},"_links":{"self":[{"href":"https:\/\/glassbottlewholesale.com\/de\/wp-json\/wp\/v2\/product\/756","targetHints":{"allow":["GET"]}}],"collection":[{"href":"https:\/\/glassbottlewholesale.com\/de\/wp-json\/wp\/v2\/product"}],"about":[{"href":"https:\/\/glassbottlewholesale.com\/de\/wp-json\/wp\/v2\/types\/product"}],"replies":[{"embeddable":true,"href":"https:\/\/glassbottlewholesale.com\/de\/wp-json\/wp\/v2\/comments?post=756"}],"wp:featuredmedia":[{"embeddable":true,"href":"https:\/\/glassbottlewholesale.com\/de\/wp-json\/wp\/v2\/media\/4375"}],"wp:attachment":[{"href":"https:\/\/glassbottlewholesale.com\/de\/wp-json\/wp\/v2\/media?parent=756"}],"wp:term":[{"taxonomy":"product_brand","embeddable":true,"href":"https:\/\/glassbottlewholesale.com\/de\/wp-json\/wp\/v2\/product_brand?post=756"},{"taxonomy":"product_cat","embeddable":true,"href":"https:\/\/glassbottlewholesale.com\/de\/wp-json\/wp\/v2\/product_cat?post=756"},{"taxonomy":"product_tag","embeddable":true,"href":"https:\/\/glassbottlewholesale.com\/de\/wp-json\/wp\/v2\/product_tag?post=756"}],"curies":[{"name":"wp","href":"https:\/\/api.w.org\/{rel}","templated":true}]}}