{"id":758,"date":"2019-10-18T08:36:43","date_gmt":"2019-10-18T08:36:43","guid":{"rendered":"https:\/\/queenchingglass.com\/?post_type=product&#038;p=758"},"modified":"2025-07-10T01:39:02","modified_gmt":"2025-07-10T01:39:02","slug":"custom-wholesale-small-glass-bottles-250ml","status":"publish","type":"product","link":"https:\/\/glassbottlewholesale.com\/de\/custom-wholesale-small-glass-bottles-250ml\/","title":{"rendered":"RS0611: Kundenspezifischer Gro\u00dfhandel kleiner Glasflaschen 250 ml"},"content":{"rendered":"<div class=\"wpb-content-wrapper\"><div class=\"vc_row wpb_row vc_row-fluid\"><div class=\"wpb_column vc_column_container vc_col-sm-12\"><div class=\"vc_column-inner\"><div class=\"wpb_wrapper\">\n\t<div class=\"wpb_text_column wpb_content_element\" >\n\t\t<div class=\"wpb_wrapper\">\n\t\t\t<h4>Individuelle Glasflaschen mit Deckeln<\/h4>\n<p>Neben der Herstellung von mittelgro\u00dfen und gro\u00dfen Fl\u00fcssigglasflaschen stellt unser Unternehmen auch kundenspezifische Glasflaschen mit Deckel 250ml her. Ruisheng kleine Glasflaschen, die Annahme hoher Feuerstein Glasmaterial, macht diese Glasflaschen zum Verkauf mehr klar und transparent\u3002<\/p>\n<p>Diese <a href=\"https:\/\/ruishengglassco.com\/\">Glasflaschen mit Deckeln<\/a> kann f\u00fcr Parf\u00fcms, Werbegeschenke oder Gew\u00fcrze verwendet werden, Sie k\u00f6nnen es auch verwenden, um die Proben pr\u00e4sentiert zu halten. Es hat eine Menge von Kapazit\u00e4t, 50ml.100ml.150ml oder 200ml. Sie k\u00f6nnen auch f\u00fcr seine Kapazit\u00e4t fragen, was Sie wollen.<\/p>\n<p>Unser Unternehmen hat eine Menge von diesen benutzerdefinierten gedruckten Glasflaschen, es hat viele Arten von Formen, wie Turm Form, Herzform, Sch\u00e4del Form, und schwarzem Glas Boston runde Flaschen. Wir akzeptieren auch ODM\/OEM-Auftrag, nur Sie geben uns ein Bild oder eine Zeichnung, wir k\u00f6nnen die gleiche Flasche tun.<\/p>\n<h4>Die Informationen von Custom Glasflaschen mit Deckel 250ml :<\/h4>\n<ul>\n<li>Hauptmaterial: Hochwei\u00dfes Glas<\/li>\n<li>Verschluss: Schraubverschluss<\/li>\n<li>Referenz: RS061<\/li>\n<li>Mindestbestellmenge: 10.000 St\u00fcck<\/li>\n<li>Fassungsverm\u00f6gen: 100ml<\/li>\n<li>Stk.\/Karton: 24Stk.<\/li>\n<li>Herkunftsort: Shandong, China<\/li>\n<li>Merkmal: Umweltfreundlich<\/li>\n<\/ul>\n<p>Diese individuellen Glasflaschen f\u00fcr Spirituosen werden sehr schnell hergestellt, und wir haben einige Flaschen auf Lager. Wenn Sie es dringend brauchen, k\u00f6nnen wir die Lieferung f\u00fcr Sie so schnell wie m\u00f6glich zu arrangieren.<\/p>\n<p>Als einer der gr\u00f6\u00dften chinesischen Hersteller von Spirituosenflaschen kann Ruisheng mit dieser Flasche auch Spr\u00fchk\u00f6pfe f\u00fcr Sie herstellen.<\/p>\n<p>Unsere Hauptprodukte sind hochwertige Klarglasflaschen wie Wodkaflaschen, Schnapsflaschen, Whiskeyflaschen, Lik\u00f6rflaschen, Marmeladenflaschen und so weiter. Wir k\u00f6nnen auch Braunglasflaschen, gr\u00fcne Flaschen und Wasserflaschen anbieten. Unser Hauptabsatzmarkt ist Europa, Russland, Australien, Amerika, usw. Alle Produkte genie\u00dfen ein hohes Ansehen f\u00fcr Innovation und Funktionalit\u00e4t.<\/p>\n<p>Ich hoffe, Sie m\u00f6gen diese benutzerdefinierten kleinen Glasflaschen Gro\u00dfhandel, k\u00f6nnen wir auch senden Sie den Katalog, k\u00f6nnen Sie w\u00e4hlen, jemand, den Sie m\u00f6gen. Wir begr\u00fc\u00dfen Sie auch, um unsere Fabrik zu besuchen und eine Bestellung aufgeben. Wir hoffen, mit Ihnen f\u00fcr eine lange Zeit zu kooperieren. <span class=\"tran\" data-group=\"0_0\">Ich hoffe, dass<\/span> <span class=\"tran\" data-group=\"1_1\">Wir<\/span> <span class=\"tran\" data-group=\"2_2\">kann<\/span> <span class=\"tran highlight\" data-group=\"3_3\">zusammenarbeiten<\/span> <span class=\"tran\" data-group=\"4_4\">fr\u00f6hlich<\/span>.<\/p>\n<p>Wenn Sie an Glasflaschen in loser Sch\u00fcttung zum Fabrikverkaufspreis interessiert sind, kontaktieren Sie uns bitte. Wir werden Ihnen innerhalb von 24 Stunden antworten.<\/p>\n\n\t\t<\/div>\n\t<\/div>\n<\/div><\/div><\/div><\/div>\n<\/div>","protected":false},"excerpt":{"rendered":"<p>.tg  {border-collapse:collapse;border-spacing:0;border-color:#ccc;}<br \/>.tg td{font-family:Arial, sans-serif;font-size:14px;padding:10px 5px;border-style:solid;border-width:1px;overflow:hidden;word-break:normal;border-color:#ccc;color:#333;background-color:#fff;}<br \/>.tg th{font-family:Arial, sans-serif;font-size:14px;font-weight:normal;padding:10px 5px;border-style:solid;border-width:1px;overflow:hidden;word-break:normal;border-color:#ccc;color:#333;background-color:#f0f0f0;}<br \/>.tg .tg-24i8{font-size:24px;vertical-align:top}<br \/>.tg .tg-b7b8{background-color:#f9f9f9;vertical-align:top}<br \/>.tg .tg-yw4l{vertical-align:top}<\/p>\n<table class=\"tg\">\n<tbody>\n<tr>\n<th class=\"tg-24i8\" colspan=\"2\">Individuelle kleine Glasflaschen mit Deckeln<\/th>\n<\/tr>\n<tr>\n<td class=\"tg-b7b8\">Referenz:<\/td>\n<td class=\"tg-b7b8\">RS061<\/td>\n<\/tr>\n<tr>\n<td class=\"tg-yw4l\">Hauptmaterial:<\/td>\n<td class=\"tg-yw4l\">Hochflintglas (dieses Material wird auch als kristallwei\u00dfes Glas bezeichnet)<\/td>\n<\/tr>\n<tr>\n<td class=\"tg-b7b8\">Deckel:<\/td>\n<td class=\"tg-b7b8\">Schorfm\u00fctze<\/td>\n<\/tr>\n<tr>\n<td class=\"tg-yw4l\">Kapazit\u00e4t:<\/td>\n<td class=\"tg-yw4l\">Benutzerdefiniert<\/td>\n<\/tr>\n<tr>\n<td class=\"tg-b7b8\">Besonderheit:<\/td>\n<td class=\"tg-b7b8\">Umweltfreundlich<\/td>\n<\/tr>\n<tr>\n<td class=\"tg-yw4l\">Mindestbestellmenge:<\/td>\n<td class=\"tg-yw4l\">10000 STK<\/td>\n<\/tr>\n<tr>\n<td class=\"tg-b7b8\">Art der Verpackung:<\/td>\n<td class=\"tg-b7b8\">Export Standardkarton \/ Palette \/ Export Standardkarton und Palette<\/td>\n<\/tr>\n<tr>\n<td class=\"tg-yw4l\">OEM\/ODM:<\/td>\n<td class=\"tg-yw4l\">Willkommen<\/td>\n<\/tr>\n<tr>\n<td class=\"tg-b7b8\">Herkunft des Ortes:<\/td>\n<td class=\"tg-b7b8\">Shandong, China<\/td>\n<\/tr>\n<tr>\n<td class=\"tg-yw4l\">Stk.\/Karton:<\/td>\n<td class=\"tg-yw4l\">24 St\u00fcck oder nach Kundenwunsch<\/td>\n<\/tr>\n<\/tbody>\n<\/table>","protected":false},"featured_media":2793,"comment_status":"open","ping_status":"closed","template":"","meta":[],"product_brand":[],"product_cat":[48,55,67],"product_tag":[],"class_list":{"0":"post-758","1":"product","2":"type-product","3":"status-publish","4":"has-post-thumbnail","6":"product_cat-250ml-glass-bottle","7":"product_cat-custom-glass-bottle","8":"product_cat-vodka-bottle","9":"entry","10":"has-media","12":"first","13":"instock","14":"shipping-taxable","15":"product-type-simple"},"yoast_head":"<!-- This site is optimized with the Yoast SEO plugin v27.3 - https:\/\/yoast.com\/product\/yoast-seo-wordpress\/ -->\n<title>250ml Custom Glass Bottles With Lids | China Spirit Bottles Manufacturers<\/title>\n<meta name=\"description\" content=\"Ruisheng, a professional China Spirit Bottle Manufacturer, Wholesale 250ml 250ml Custom Glass Bottles with Lids In Factory Outlet Price.\" \/>\n<meta name=\"robots\" content=\"index, follow, max-snippet:-1, max-image-preview:large, max-video-preview:-1\" \/>\n<link rel=\"canonical\" href=\"https:\/\/ruishengglassco.com\/product\/rs0611-custom-manufacturers-small-glass-bottles-250ml\" \/>\n<meta property=\"og:locale\" content=\"de_DE\" \/>\n<meta property=\"og:type\" content=\"article\" \/>\n<meta property=\"og:title\" content=\"250ml Custom Glass Bottles With Lids | China Spirit Bottles Manufacturers\" \/>\n<meta property=\"og:description\" content=\"Ruisheng, a professional China Spirit Bottle Manufacturer, Wholesale 250ml 250ml Custom Glass Bottles with Lids In Factory Outlet Price.\" \/>\n<meta property=\"og:url\" content=\"https:\/\/ruishengglassco.com\/product\/rs0611-custom-manufacturers-small-glass-bottles-250ml\" \/>\n<meta property=\"og:site_name\" content=\"Glass Bottle Wholesale\" \/>\n<meta property=\"article:modified_time\" content=\"2025-07-10T01:39:02+00:00\" \/>\n<meta property=\"og:image\" content=\"https:\/\/glassbottlewholesale.com\/wp-content\/uploads\/2021\/05\/R85-glassbottle.jpg\" \/>\n\t<meta property=\"og:image:width\" content=\"800\" \/>\n\t<meta property=\"og:image:height\" content=\"800\" \/>\n\t<meta property=\"og:image:type\" content=\"image\/jpeg\" \/>\n<meta name=\"twitter:card\" content=\"summary_large_image\" \/>\n<meta name=\"twitter:label1\" content=\"Gesch\u00e4tzte Lesezeit\" \/>\n\t<meta name=\"twitter:data1\" content=\"2\u00a0Minuten\" \/>\n<script type=\"application\/ld+json\" class=\"yoast-schema-graph\">{\"@context\":\"https:\\\/\\\/schema.org\",\"@graph\":[{\"@type\":\"WebPage\",\"@id\":\"https:\\\/\\\/glassbottlewholesale.com\\\/custom-wholesale-small-glass-bottles-250ml\\\/\",\"url\":\"https:\\\/\\\/ruishengglassco.com\\\/product\\\/rs0611-custom-manufacturers-small-glass-bottles-250ml\",\"name\":\"250ml Custom Glass Bottles With Lids | China Spirit Bottles Manufacturers\",\"isPartOf\":{\"@id\":\"https:\\\/\\\/glassbottlewholesale.com\\\/#website\"},\"primaryImageOfPage\":{\"@id\":\"https:\\\/\\\/ruishengglassco.com\\\/product\\\/rs0611-custom-manufacturers-small-glass-bottles-250ml#primaryimage\"},\"image\":{\"@id\":\"https:\\\/\\\/ruishengglassco.com\\\/product\\\/rs0611-custom-manufacturers-small-glass-bottles-250ml#primaryimage\"},\"thumbnailUrl\":\"https:\\\/\\\/glassbottlewholesale.com\\\/wp-content\\\/uploads\\\/2021\\\/05\\\/R85-glassbottle.jpg\",\"datePublished\":\"2019-10-18T08:36:43+00:00\",\"dateModified\":\"2025-07-10T01:39:02+00:00\",\"description\":\"Ruisheng, a professional China Spirit Bottle Manufacturer, Wholesale 250ml 250ml Custom Glass Bottles with Lids In Factory Outlet Price.\",\"breadcrumb\":{\"@id\":\"https:\\\/\\\/ruishengglassco.com\\\/product\\\/rs0611-custom-manufacturers-small-glass-bottles-250ml#breadcrumb\"},\"inLanguage\":\"de\",\"potentialAction\":[{\"@type\":\"ReadAction\",\"target\":[\"https:\\\/\\\/ruishengglassco.com\\\/product\\\/rs0611-custom-manufacturers-small-glass-bottles-250ml\"]}]},{\"@type\":\"ImageObject\",\"inLanguage\":\"de\",\"@id\":\"https:\\\/\\\/ruishengglassco.com\\\/product\\\/rs0611-custom-manufacturers-small-glass-bottles-250ml#primaryimage\",\"url\":\"https:\\\/\\\/glassbottlewholesale.com\\\/wp-content\\\/uploads\\\/2021\\\/05\\\/R85-glassbottle.jpg\",\"contentUrl\":\"https:\\\/\\\/glassbottlewholesale.com\\\/wp-content\\\/uploads\\\/2021\\\/05\\\/R85-glassbottle.jpg\",\"width\":800,\"height\":800,\"caption\":\"Custom Wholesale Small Glass Bottles 250ml\"},{\"@type\":\"BreadcrumbList\",\"@id\":\"https:\\\/\\\/ruishengglassco.com\\\/product\\\/rs0611-custom-manufacturers-small-glass-bottles-250ml#breadcrumb\",\"itemListElement\":[{\"@type\":\"ListItem\",\"position\":1,\"name\":\"Home\",\"item\":\"https:\\\/\\\/glassbottlewholesale.com\\\/\"},{\"@type\":\"ListItem\",\"position\":2,\"name\":\"Products\",\"item\":\"https:\\\/\\\/glassbottlewholesale.com\\\/shop\\\/\"},{\"@type\":\"ListItem\",\"position\":3,\"name\":\"RS0611: Custom Wholesale Small Glass Bottles 250ml\"}]},{\"@type\":\"WebSite\",\"@id\":\"https:\\\/\\\/glassbottlewholesale.com\\\/#website\",\"url\":\"https:\\\/\\\/glassbottlewholesale.com\\\/\",\"name\":\"Glass Bottle Wholesale\",\"description\":\"\",\"publisher\":{\"@id\":\"https:\\\/\\\/glassbottlewholesale.com\\\/#organization\"},\"potentialAction\":[{\"@type\":\"SearchAction\",\"target\":{\"@type\":\"EntryPoint\",\"urlTemplate\":\"https:\\\/\\\/glassbottlewholesale.com\\\/?s={search_term_string}\"},\"query-input\":{\"@type\":\"PropertyValueSpecification\",\"valueRequired\":true,\"valueName\":\"search_term_string\"}}],\"inLanguage\":\"de\"},{\"@type\":\"Organization\",\"@id\":\"https:\\\/\\\/glassbottlewholesale.com\\\/#organization\",\"name\":\"Glass Bottle Wholesale\",\"url\":\"https:\\\/\\\/glassbottlewholesale.com\\\/\",\"logo\":{\"@type\":\"ImageObject\",\"inLanguage\":\"de\",\"@id\":\"https:\\\/\\\/glassbottlewholesale.com\\\/#\\\/schema\\\/logo\\\/image\\\/\",\"url\":\"https:\\\/\\\/glassbottlewholesale.com\\\/wp-content\\\/uploads\\\/2023\\\/12\\\/ruisheng-logo.webp\",\"contentUrl\":\"https:\\\/\\\/glassbottlewholesale.com\\\/wp-content\\\/uploads\\\/2023\\\/12\\\/ruisheng-logo.webp\",\"width\":400,\"height\":233,\"caption\":\"Glass Bottle Wholesale\"},\"image\":{\"@id\":\"https:\\\/\\\/glassbottlewholesale.com\\\/#\\\/schema\\\/logo\\\/image\\\/\"}}]}<\/script>\n<!-- \/ Yoast SEO plugin. -->","yoast_head_json":{"title":"250ml Custom Glass Bottles With Lids | China Spirit Bottles Manufacturers","description":"Ruisheng, a professional China Spirit Bottle Manufacturer, Wholesale 250ml 250ml Custom Glass Bottles with Lids In Factory Outlet Price.","robots":{"index":"index","follow":"follow","max-snippet":"max-snippet:-1","max-image-preview":"max-image-preview:large","max-video-preview":"max-video-preview:-1"},"canonical":"https:\/\/ruishengglassco.com\/product\/rs0611-custom-manufacturers-small-glass-bottles-250ml","og_locale":"de_DE","og_type":"article","og_title":"250ml Custom Glass Bottles With Lids | China Spirit Bottles Manufacturers","og_description":"Ruisheng, a professional China Spirit Bottle Manufacturer, Wholesale 250ml 250ml Custom Glass Bottles with Lids In Factory Outlet Price.","og_url":"https:\/\/ruishengglassco.com\/product\/rs0611-custom-manufacturers-small-glass-bottles-250ml","og_site_name":"Glass Bottle Wholesale","article_modified_time":"2025-07-10T01:39:02+00:00","og_image":[{"width":800,"height":800,"url":"https:\/\/glassbottlewholesale.com\/wp-content\/uploads\/2021\/05\/R85-glassbottle.jpg","type":"image\/jpeg"}],"twitter_card":"summary_large_image","twitter_misc":{"Gesch\u00e4tzte Lesezeit":"2\u00a0Minuten"},"schema":{"@context":"https:\/\/schema.org","@graph":[{"@type":"WebPage","@id":"https:\/\/glassbottlewholesale.com\/custom-wholesale-small-glass-bottles-250ml\/","url":"https:\/\/ruishengglassco.com\/product\/rs0611-custom-manufacturers-small-glass-bottles-250ml","name":"250ml Custom Glass Bottles With Lids | China Spirit Bottles Manufacturers","isPartOf":{"@id":"https:\/\/glassbottlewholesale.com\/#website"},"primaryImageOfPage":{"@id":"https:\/\/ruishengglassco.com\/product\/rs0611-custom-manufacturers-small-glass-bottles-250ml#primaryimage"},"image":{"@id":"https:\/\/ruishengglassco.com\/product\/rs0611-custom-manufacturers-small-glass-bottles-250ml#primaryimage"},"thumbnailUrl":"https:\/\/glassbottlewholesale.com\/wp-content\/uploads\/2021\/05\/R85-glassbottle.jpg","datePublished":"2019-10-18T08:36:43+00:00","dateModified":"2025-07-10T01:39:02+00:00","description":"Ruisheng, a professional China Spirit Bottle Manufacturer, Wholesale 250ml 250ml Custom Glass Bottles with Lids In Factory Outlet Price.","breadcrumb":{"@id":"https:\/\/ruishengglassco.com\/product\/rs0611-custom-manufacturers-small-glass-bottles-250ml#breadcrumb"},"inLanguage":"de","potentialAction":[{"@type":"ReadAction","target":["https:\/\/ruishengglassco.com\/product\/rs0611-custom-manufacturers-small-glass-bottles-250ml"]}]},{"@type":"ImageObject","inLanguage":"de","@id":"https:\/\/ruishengglassco.com\/product\/rs0611-custom-manufacturers-small-glass-bottles-250ml#primaryimage","url":"https:\/\/glassbottlewholesale.com\/wp-content\/uploads\/2021\/05\/R85-glassbottle.jpg","contentUrl":"https:\/\/glassbottlewholesale.com\/wp-content\/uploads\/2021\/05\/R85-glassbottle.jpg","width":800,"height":800,"caption":"Custom Wholesale Small Glass Bottles 250ml"},{"@type":"BreadcrumbList","@id":"https:\/\/ruishengglassco.com\/product\/rs0611-custom-manufacturers-small-glass-bottles-250ml#breadcrumb","itemListElement":[{"@type":"ListItem","position":1,"name":"Home","item":"https:\/\/glassbottlewholesale.com\/"},{"@type":"ListItem","position":2,"name":"Products","item":"https:\/\/glassbottlewholesale.com\/shop\/"},{"@type":"ListItem","position":3,"name":"RS0611: Custom Wholesale Small Glass Bottles 250ml"}]},{"@type":"WebSite","@id":"https:\/\/glassbottlewholesale.com\/#website","url":"https:\/\/glassbottlewholesale.com\/","name":"Glass Bottle Wholesale","description":"","publisher":{"@id":"https:\/\/glassbottlewholesale.com\/#organization"},"potentialAction":[{"@type":"SearchAction","target":{"@type":"EntryPoint","urlTemplate":"https:\/\/glassbottlewholesale.com\/?s={search_term_string}"},"query-input":{"@type":"PropertyValueSpecification","valueRequired":true,"valueName":"search_term_string"}}],"inLanguage":"de"},{"@type":"Organization","@id":"https:\/\/glassbottlewholesale.com\/#organization","name":"Glass Bottle Wholesale","url":"https:\/\/glassbottlewholesale.com\/","logo":{"@type":"ImageObject","inLanguage":"de","@id":"https:\/\/glassbottlewholesale.com\/#\/schema\/logo\/image\/","url":"https:\/\/glassbottlewholesale.com\/wp-content\/uploads\/2023\/12\/ruisheng-logo.webp","contentUrl":"https:\/\/glassbottlewholesale.com\/wp-content\/uploads\/2023\/12\/ruisheng-logo.webp","width":400,"height":233,"caption":"Glass Bottle Wholesale"},"image":{"@id":"https:\/\/glassbottlewholesale.com\/#\/schema\/logo\/image\/"}}]}},"_links":{"self":[{"href":"https:\/\/glassbottlewholesale.com\/de\/wp-json\/wp\/v2\/product\/758","targetHints":{"allow":["GET"]}}],"collection":[{"href":"https:\/\/glassbottlewholesale.com\/de\/wp-json\/wp\/v2\/product"}],"about":[{"href":"https:\/\/glassbottlewholesale.com\/de\/wp-json\/wp\/v2\/types\/product"}],"replies":[{"embeddable":true,"href":"https:\/\/glassbottlewholesale.com\/de\/wp-json\/wp\/v2\/comments?post=758"}],"wp:featuredmedia":[{"embeddable":true,"href":"https:\/\/glassbottlewholesale.com\/de\/wp-json\/wp\/v2\/media\/2793"}],"wp:attachment":[{"href":"https:\/\/glassbottlewholesale.com\/de\/wp-json\/wp\/v2\/media?parent=758"}],"wp:term":[{"taxonomy":"product_brand","embeddable":true,"href":"https:\/\/glassbottlewholesale.com\/de\/wp-json\/wp\/v2\/product_brand?post=758"},{"taxonomy":"product_cat","embeddable":true,"href":"https:\/\/glassbottlewholesale.com\/de\/wp-json\/wp\/v2\/product_cat?post=758"},{"taxonomy":"product_tag","embeddable":true,"href":"https:\/\/glassbottlewholesale.com\/de\/wp-json\/wp\/v2\/product_tag?post=758"}],"curies":[{"name":"wp","href":"https:\/\/api.w.org\/{rel}","templated":true}]}}