{"id":762,"date":"2019-12-18T08:44:59","date_gmt":"2019-12-18T08:44:59","guid":{"rendered":"https:\/\/queenchingglass.com\/?post_type=product&#038;p=762"},"modified":"2025-07-10T03:35:34","modified_gmt":"2025-07-10T03:35:34","slug":"groshandel-750ml-glasflasche-mit-korken-fur-spirituosen","status":"publish","type":"product","link":"https:\/\/glassbottlewholesale.com\/de\/groshandel-750ml-glasflasche-mit-korken-fur-spirituosen\/","title":{"rendered":"RS045: Gro\u00dfhandel 750ml Glasflasche mit Korken f\u00fcr Spirituosen"},"content":{"rendered":"<div class=\"wpb-content-wrapper\"><div class=\"vc_row wpb_row vc_row-fluid\"><div class=\"wpb_column vc_column_container vc_col-sm-12\"><div class=\"vc_column-inner\"><div class=\"wpb_wrapper\">\n\t<div class=\"wpb_text_column wpb_content_element\" >\n\t\t<div class=\"wpb_wrapper\">\n\t\t\t<h2>Glass Bottle With Cork Wholesale For Spirit<\/h2>\n<p>Our company is mainly engaged in the export of <a href=\"https:\/\/ruishengglassco.com\/750ml-liquor-glass-bottle-manufacturer\">750ml spirit glass bottles<\/a>, we have exported to the United States, Russia, Africa, and other countries, and has received the customer&#8217;s consistent high praise. Custom printed glass bottles 750ml glass bottle suppliers are one of the projects in our company.<\/p>\n<p>Our company has more than 500 employees and a group of skilled engineers. With rich experience, we have got a good reputation all over the world. We check every bottle very carefully, we will deal with the unqualified bottles. We can guarantee that every bottle in your hand is perfect.<\/p>\n<p>Our main products are top grade 750 ml glass bottle for sale such as vodka bottle, brandy bottle, whiskey bottle, liquor bottle, jam bottle and so on. We also can offer amber glass bottles, green bottles, and water bottles. Our main market is Europe, the USA, Australia, America, etc. And all products enjoy a high reputation for innovation and functionality.<\/p>\n<h4>Details About Glass Bottle With Cork Wholesale<\/h4>\n<ul>\n<li>Hauptmaterial: Hochwei\u00dfes Glas<\/li>\n<li>Verschluss: Schraubverschluss<\/li>\n<li>Reference: RS045<\/li>\n<li>Mindestbestellmenge: 10.000 St\u00fcck<\/li>\n<li>Capacity:750ml<\/li>\n<li>St\u00fcck\/Gebinde:24St\u00fcck<\/li>\n<li>Herkunftsort: Shandong, China<\/li>\n<li>Merkmal: Umweltfreundlich<\/li>\n<\/ul>\n<p>This custom printed glass bottles 750ml has a unique shape, it has a long neck and has a thicker base. We can do deep processing on its surface, we can print your logo on it. Besides, the mouth of this bottle can change, we can change it to what you want.<\/p>\n<p>Most noteworthy is you can visit our factory any time, we are ready to welcome you. We have special people to introduce the company, make sure you have a complete understanding of our company.<\/p>\n<p>Our company also accepts<a href=\"https:\/\/ruishengglassco.com\/custom-glass-bottle\"> individuelle Glasflasche<\/a>, we can make the same glass bottle according to the information you provided.<\/p>\n<p>If you are interested in our this Custom printed glass bottles 750ml glass bottle suppliers, please contact us. We will reply to you within 24hours.<\/p>\n\n\t\t<\/div>\n\t<\/div>\n<\/div><\/div><\/div><\/div>\n<\/div>","protected":false},"excerpt":{"rendered":"<p>.tg  {border-collapse:collapse;border-spacing:0;border-color:#ccc;}<br \/>.tg td{font-family:Arial, sans-serif;font-size:14px;padding:10px 5px;border-style:solid;border-width:1px;overflow:hidden;word-break:normal;border-color:#ccc;color:#333;background-color:#fff;}<br \/>.tg th{font-family:Arial, sans-serif;font-size:14px;font-weight:normal;padding:10px 5px;border-style:solid;border-width:1px;overflow:hidden;word-break:normal;border-color:#ccc;color:#333;background-color:#f0f0f0;}<br \/>.tg .tg-24i8{font-size:24px;vertical-align:top}<br \/>.tg .tg-b7b8{background-color:#f9f9f9;vertical-align:top}<br \/>.tg .tg-yw4l{vertical-align:top}<\/p>\n<table class=\"tg\">\n<tbody>\n<tr>\n<th class=\"tg-24i8\" colspan=\"2\">Wholesale 750ml Glass Bottle With Cork For Spirit<\/th>\n<\/tr>\n<tr>\n<td class=\"tg-b7b8\">Hauptmaterial:<\/td>\n<td class=\"tg-b7b8\">Lead-free super white glass<\/td>\n<\/tr>\n<tr>\n<td class=\"tg-yw4l\">Deckel:<\/td>\n<td class=\"tg-yw4l\">Metal Cap\/Cork\/Screw cap<\/td>\n<\/tr>\n<tr>\n<td class=\"tg-b7b8\">Kapazit\u00e4t:<\/td>\n<td class=\"tg-b7b8\">700ml\/750ml<\/td>\n<\/tr>\n<tr>\n<td class=\"tg-yw4l\">Farbe<\/td>\n<td class=\"tg-yw4l\">Transparent<\/td>\n<\/tr>\n<tr>\n<td class=\"tg-b7b8\"><strong>Mindestbestellmenge:<\/strong><\/td>\n<td class=\"tg-b7b8\"><strong>10000 STK<\/strong><\/td>\n<\/tr>\n<tr>\n<td class=\"tg-yw4l\">Gewicht<\/td>\n<td class=\"tg-yw4l\">540g<\/td>\n<\/tr>\n<tr>\n<td class=\"tg-b7b8\">H\u00f6he<\/td>\n<td class=\"tg-b7b8\">232mm<\/td>\n<\/tr>\n<tr>\n<td class=\"tg-yw4l\">Referenz:<\/td>\n<td class=\"tg-yw4l\">RS045<\/td>\n<\/tr>\n<tr>\n<td class=\"tg-b7b8\">Lieferweg:<\/td>\n<td class=\"tg-b7b8\">Schiff, Express<\/td>\n<\/tr>\n<tr>\n<td class=\"tg-yw4l\">OEM\/ODM:<\/td>\n<td class=\"tg-yw4l\">Willkommen<\/td>\n<\/tr>\n<\/tbody>\n<\/table>","protected":false},"featured_media":4760,"comment_status":"open","ping_status":"closed","template":"","meta":[],"product_brand":[],"product_cat":[51,52,63],"product_tag":[],"class_list":{"0":"post-762","1":"product","2":"type-product","3":"status-publish","4":"has-post-thumbnail","6":"product_cat-700ml-glass-bottle","7":"product_cat-750ml-glass-bottle","8":"product_cat-liquor-bottle","9":"entry","10":"has-media","12":"first","13":"instock","14":"shipping-taxable","15":"product-type-simple"},"yoast_head":"<!-- This site is optimized with the Yoast SEO plugin v27.3 - https:\/\/yoast.com\/product\/yoast-seo-wordpress\/ -->\n<title>Glass Bottle With Cork Wholesale | Bulk Spirit Bottle Manufacturers<\/title>\n<meta name=\"description\" content=\"Ruisheng, one of the largest bulk spirit bottle manufacturers from China, provide glass bottle with corks wholesale for liquor brand&amp;company.\" \/>\n<meta name=\"robots\" content=\"index, follow, max-snippet:-1, max-image-preview:large, max-video-preview:-1\" \/>\n<link rel=\"canonical\" href=\"https:\/\/ruishengglassco.com\/product\/rs045-wholesale-750ml-glass-bottle-with-cork-for-spirit\" \/>\n<meta property=\"og:locale\" content=\"de_DE\" \/>\n<meta property=\"og:type\" content=\"article\" \/>\n<meta property=\"og:title\" content=\"Glass Bottle With Cork Wholesale | Bulk Spirit Bottle Manufacturers\" \/>\n<meta property=\"og:description\" content=\"Ruisheng, one of the largest bulk spirit bottle manufacturers from China, provide glass bottle with corks wholesale for liquor brand&amp;company.\" \/>\n<meta property=\"og:url\" content=\"https:\/\/ruishengglassco.com\/product\/rs045-wholesale-750ml-glass-bottle-with-cork-for-spirit\" \/>\n<meta property=\"og:site_name\" content=\"Glass Bottle Wholesale\" \/>\n<meta property=\"article:modified_time\" content=\"2025-07-10T03:35:34+00:00\" \/>\n<meta property=\"og:image\" content=\"https:\/\/glassbottlewholesale.com\/wp-content\/uploads\/2024\/04\/glass-bottle-manufacturing12.png\" \/>\n\t<meta property=\"og:image:width\" content=\"800\" \/>\n\t<meta property=\"og:image:height\" content=\"800\" \/>\n\t<meta property=\"og:image:type\" content=\"image\/png\" \/>\n<meta name=\"twitter:card\" content=\"summary_large_image\" \/>\n<meta name=\"twitter:label1\" content=\"Gesch\u00e4tzte Lesezeit\" \/>\n\t<meta name=\"twitter:data1\" content=\"2\u00a0Minuten\" \/>\n<script type=\"application\/ld+json\" class=\"yoast-schema-graph\">{\"@context\":\"https:\\\/\\\/schema.org\",\"@graph\":[{\"@type\":\"WebPage\",\"@id\":\"https:\\\/\\\/glassbottlewholesale.com\\\/wholesale-750ml-glass-bottle-with-cork-for-spirit\\\/\",\"url\":\"https:\\\/\\\/ruishengglassco.com\\\/product\\\/rs045-wholesale-750ml-glass-bottle-with-cork-for-spirit\",\"name\":\"Glass Bottle With Cork Wholesale | Bulk Spirit Bottle Manufacturers\",\"isPartOf\":{\"@id\":\"https:\\\/\\\/glassbottlewholesale.com\\\/#website\"},\"primaryImageOfPage\":{\"@id\":\"https:\\\/\\\/ruishengglassco.com\\\/product\\\/rs045-wholesale-750ml-glass-bottle-with-cork-for-spirit#primaryimage\"},\"image\":{\"@id\":\"https:\\\/\\\/ruishengglassco.com\\\/product\\\/rs045-wholesale-750ml-glass-bottle-with-cork-for-spirit#primaryimage\"},\"thumbnailUrl\":\"https:\\\/\\\/glassbottlewholesale.com\\\/wp-content\\\/uploads\\\/2024\\\/04\\\/glass-bottle-manufacturing12.png\",\"datePublished\":\"2019-12-18T08:44:59+00:00\",\"dateModified\":\"2025-07-10T03:35:34+00:00\",\"description\":\"Ruisheng, one of the largest bulk spirit bottle manufacturers from China, provide glass bottle with corks wholesale for liquor brand&company.\",\"breadcrumb\":{\"@id\":\"https:\\\/\\\/ruishengglassco.com\\\/product\\\/rs045-wholesale-750ml-glass-bottle-with-cork-for-spirit#breadcrumb\"},\"inLanguage\":\"de\",\"potentialAction\":[{\"@type\":\"ReadAction\",\"target\":[\"https:\\\/\\\/ruishengglassco.com\\\/product\\\/rs045-wholesale-750ml-glass-bottle-with-cork-for-spirit\"]}]},{\"@type\":\"ImageObject\",\"inLanguage\":\"de\",\"@id\":\"https:\\\/\\\/ruishengglassco.com\\\/product\\\/rs045-wholesale-750ml-glass-bottle-with-cork-for-spirit#primaryimage\",\"url\":\"https:\\\/\\\/glassbottlewholesale.com\\\/wp-content\\\/uploads\\\/2024\\\/04\\\/glass-bottle-manufacturing12.png\",\"contentUrl\":\"https:\\\/\\\/glassbottlewholesale.com\\\/wp-content\\\/uploads\\\/2024\\\/04\\\/glass-bottle-manufacturing12.png\",\"width\":800,\"height\":800,\"caption\":\"RS045: Wholesale 750ml Glass Bottle With Cork For Spirit\"},{\"@type\":\"BreadcrumbList\",\"@id\":\"https:\\\/\\\/ruishengglassco.com\\\/product\\\/rs045-wholesale-750ml-glass-bottle-with-cork-for-spirit#breadcrumb\",\"itemListElement\":[{\"@type\":\"ListItem\",\"position\":1,\"name\":\"Home\",\"item\":\"https:\\\/\\\/glassbottlewholesale.com\\\/\"},{\"@type\":\"ListItem\",\"position\":2,\"name\":\"Products\",\"item\":\"https:\\\/\\\/glassbottlewholesale.com\\\/shop\\\/\"},{\"@type\":\"ListItem\",\"position\":3,\"name\":\"RS045: Wholesale 750ml Glass Bottle With Cork For Spirit\"}]},{\"@type\":\"WebSite\",\"@id\":\"https:\\\/\\\/glassbottlewholesale.com\\\/#website\",\"url\":\"https:\\\/\\\/glassbottlewholesale.com\\\/\",\"name\":\"Glass Bottle Wholesale\",\"description\":\"\",\"publisher\":{\"@id\":\"https:\\\/\\\/glassbottlewholesale.com\\\/#organization\"},\"potentialAction\":[{\"@type\":\"SearchAction\",\"target\":{\"@type\":\"EntryPoint\",\"urlTemplate\":\"https:\\\/\\\/glassbottlewholesale.com\\\/?s={search_term_string}\"},\"query-input\":{\"@type\":\"PropertyValueSpecification\",\"valueRequired\":true,\"valueName\":\"search_term_string\"}}],\"inLanguage\":\"de\"},{\"@type\":\"Organization\",\"@id\":\"https:\\\/\\\/glassbottlewholesale.com\\\/#organization\",\"name\":\"Glass Bottle Wholesale\",\"url\":\"https:\\\/\\\/glassbottlewholesale.com\\\/\",\"logo\":{\"@type\":\"ImageObject\",\"inLanguage\":\"de\",\"@id\":\"https:\\\/\\\/glassbottlewholesale.com\\\/#\\\/schema\\\/logo\\\/image\\\/\",\"url\":\"https:\\\/\\\/glassbottlewholesale.com\\\/wp-content\\\/uploads\\\/2023\\\/12\\\/ruisheng-logo.webp\",\"contentUrl\":\"https:\\\/\\\/glassbottlewholesale.com\\\/wp-content\\\/uploads\\\/2023\\\/12\\\/ruisheng-logo.webp\",\"width\":400,\"height\":233,\"caption\":\"Glass Bottle Wholesale\"},\"image\":{\"@id\":\"https:\\\/\\\/glassbottlewholesale.com\\\/#\\\/schema\\\/logo\\\/image\\\/\"}}]}<\/script>\n<!-- \/ Yoast SEO plugin. -->","yoast_head_json":{"title":"Glasflasche mit Korken Gro\u00dfhandel | Hersteller von Spirituosenflaschen in gro\u00dfen Mengen","description":"Ruisheng, einer der gr\u00f6\u00dften Gro\u00dfhersteller von Spirituosenflaschen aus China, beliefert Spirituosenmarken und -unternehmen im Gro\u00dfhandel mit Glasflaschen mit Korken.","robots":{"index":"index","follow":"follow","max-snippet":"max-snippet:-1","max-image-preview":"max-image-preview:large","max-video-preview":"max-video-preview:-1"},"canonical":"https:\/\/ruishengglassco.com\/product\/rs045-wholesale-750ml-glass-bottle-with-cork-for-spirit","og_locale":"de_DE","og_type":"article","og_title":"Glass Bottle With Cork Wholesale | Bulk Spirit Bottle Manufacturers","og_description":"Ruisheng, one of the largest bulk spirit bottle manufacturers from China, provide glass bottle with corks wholesale for liquor brand&company.","og_url":"https:\/\/ruishengglassco.com\/product\/rs045-wholesale-750ml-glass-bottle-with-cork-for-spirit","og_site_name":"Glass Bottle Wholesale","article_modified_time":"2025-07-10T03:35:34+00:00","og_image":[{"width":800,"height":800,"url":"https:\/\/glassbottlewholesale.com\/wp-content\/uploads\/2024\/04\/glass-bottle-manufacturing12.png","type":"image\/png"}],"twitter_card":"summary_large_image","twitter_misc":{"Gesch\u00e4tzte Lesezeit":"2\u00a0Minuten"},"schema":{"@context":"https:\/\/schema.org","@graph":[{"@type":"WebPage","@id":"https:\/\/glassbottlewholesale.com\/wholesale-750ml-glass-bottle-with-cork-for-spirit\/","url":"https:\/\/ruishengglassco.com\/product\/rs045-wholesale-750ml-glass-bottle-with-cork-for-spirit","name":"Glasflasche mit Korken Gro\u00dfhandel | Hersteller von Spirituosenflaschen in gro\u00dfen Mengen","isPartOf":{"@id":"https:\/\/glassbottlewholesale.com\/#website"},"primaryImageOfPage":{"@id":"https:\/\/ruishengglassco.com\/product\/rs045-wholesale-750ml-glass-bottle-with-cork-for-spirit#primaryimage"},"image":{"@id":"https:\/\/ruishengglassco.com\/product\/rs045-wholesale-750ml-glass-bottle-with-cork-for-spirit#primaryimage"},"thumbnailUrl":"https:\/\/glassbottlewholesale.com\/wp-content\/uploads\/2024\/04\/glass-bottle-manufacturing12.png","datePublished":"2019-12-18T08:44:59+00:00","dateModified":"2025-07-10T03:35:34+00:00","description":"Ruisheng, einer der gr\u00f6\u00dften Gro\u00dfhersteller von Spirituosenflaschen aus China, beliefert Spirituosenmarken und -unternehmen im Gro\u00dfhandel mit Glasflaschen mit Korken.","breadcrumb":{"@id":"https:\/\/ruishengglassco.com\/product\/rs045-wholesale-750ml-glass-bottle-with-cork-for-spirit#breadcrumb"},"inLanguage":"de","potentialAction":[{"@type":"ReadAction","target":["https:\/\/ruishengglassco.com\/product\/rs045-wholesale-750ml-glass-bottle-with-cork-for-spirit"]}]},{"@type":"ImageObject","inLanguage":"de","@id":"https:\/\/ruishengglassco.com\/product\/rs045-wholesale-750ml-glass-bottle-with-cork-for-spirit#primaryimage","url":"https:\/\/glassbottlewholesale.com\/wp-content\/uploads\/2024\/04\/glass-bottle-manufacturing12.png","contentUrl":"https:\/\/glassbottlewholesale.com\/wp-content\/uploads\/2024\/04\/glass-bottle-manufacturing12.png","width":800,"height":800,"caption":"RS045: Wholesale 750ml Glass Bottle With Cork For Spirit"},{"@type":"BreadcrumbList","@id":"https:\/\/ruishengglassco.com\/product\/rs045-wholesale-750ml-glass-bottle-with-cork-for-spirit#breadcrumb","itemListElement":[{"@type":"ListItem","position":1,"name":"Home","item":"https:\/\/glassbottlewholesale.com\/"},{"@type":"ListItem","position":2,"name":"Products","item":"https:\/\/glassbottlewholesale.com\/shop\/"},{"@type":"ListItem","position":3,"name":"RS045: Wholesale 750ml Glass Bottle With Cork For Spirit"}]},{"@type":"WebSite","@id":"https:\/\/glassbottlewholesale.com\/#website","url":"https:\/\/glassbottlewholesale.com\/","name":"Glass Bottle Wholesale","description":"","publisher":{"@id":"https:\/\/glassbottlewholesale.com\/#organization"},"potentialAction":[{"@type":"SearchAction","target":{"@type":"EntryPoint","urlTemplate":"https:\/\/glassbottlewholesale.com\/?s={search_term_string}"},"query-input":{"@type":"PropertyValueSpecification","valueRequired":true,"valueName":"search_term_string"}}],"inLanguage":"de"},{"@type":"Organization","@id":"https:\/\/glassbottlewholesale.com\/#organization","name":"Glass Bottle Wholesale","url":"https:\/\/glassbottlewholesale.com\/","logo":{"@type":"ImageObject","inLanguage":"de","@id":"https:\/\/glassbottlewholesale.com\/#\/schema\/logo\/image\/","url":"https:\/\/glassbottlewholesale.com\/wp-content\/uploads\/2023\/12\/ruisheng-logo.webp","contentUrl":"https:\/\/glassbottlewholesale.com\/wp-content\/uploads\/2023\/12\/ruisheng-logo.webp","width":400,"height":233,"caption":"Glass Bottle Wholesale"},"image":{"@id":"https:\/\/glassbottlewholesale.com\/#\/schema\/logo\/image\/"}}]}},"_links":{"self":[{"href":"https:\/\/glassbottlewholesale.com\/de\/wp-json\/wp\/v2\/product\/762","targetHints":{"allow":["GET"]}}],"collection":[{"href":"https:\/\/glassbottlewholesale.com\/de\/wp-json\/wp\/v2\/product"}],"about":[{"href":"https:\/\/glassbottlewholesale.com\/de\/wp-json\/wp\/v2\/types\/product"}],"replies":[{"embeddable":true,"href":"https:\/\/glassbottlewholesale.com\/de\/wp-json\/wp\/v2\/comments?post=762"}],"wp:featuredmedia":[{"embeddable":true,"href":"https:\/\/glassbottlewholesale.com\/de\/wp-json\/wp\/v2\/media\/4760"}],"wp:attachment":[{"href":"https:\/\/glassbottlewholesale.com\/de\/wp-json\/wp\/v2\/media?parent=762"}],"wp:term":[{"taxonomy":"product_brand","embeddable":true,"href":"https:\/\/glassbottlewholesale.com\/de\/wp-json\/wp\/v2\/product_brand?post=762"},{"taxonomy":"product_cat","embeddable":true,"href":"https:\/\/glassbottlewholesale.com\/de\/wp-json\/wp\/v2\/product_cat?post=762"},{"taxonomy":"product_tag","embeddable":true,"href":"https:\/\/glassbottlewholesale.com\/de\/wp-json\/wp\/v2\/product_tag?post=762"}],"curies":[{"name":"wp","href":"https:\/\/api.w.org\/{rel}","templated":true}]}}