{"id":779,"date":"2019-10-18T09:15:15","date_gmt":"2019-10-18T09:15:15","guid":{"rendered":"https:\/\/queenchingglass.com\/?post_type=product&#038;p=779"},"modified":"2025-07-10T01:37:39","modified_gmt":"2025-07-10T01:37:39","slug":"wholesale-spirit-bottle-750ml-700ml-500ml","status":"publish","type":"product","link":"https:\/\/glassbottlewholesale.com\/de\/wholesale-spirit-bottle-750ml-700ml-500ml\/","title":{"rendered":"RS058: Gro\u00dfhandel Spirituosenflasche 750ml 700ml 500ml"},"content":{"rendered":"<div class=\"wpb-content-wrapper\"><div class=\"vc_row wpb_row vc_row-fluid\"><div class=\"wpb_column vc_column_container vc_col-sm-12\"><div class=\"vc_column-inner\"><div class=\"wpb_wrapper\">\n\t<div class=\"wpb_text_column wpb_content_element\" >\n\t\t<div class=\"wpb_wrapper\">\n\t\t\t<p>Der Gro\u00dfhandel Spirituosenflaschen bulk 750ml 700ml 500ml ist ein wichtiges Projekt in Ruisheng. Ruisheng, die Top verkorkt Glasflaschen Hersteller, bietet breite Reihe von Glasflaschen Gro\u00dfhandel wie Boston runde Glasflasche, quadratische Glasflasche und benutzerdefinierte geformte Glasflasche und spezielle verkorkt Glasflaschen f\u00fcr Geist, Whiskey, Schnaps, Rum, Wodka, und etc.<\/p>\n<div>Machen Sie ein Handwerk oder Schiff Waren auf Kunden durch die Auswahl eines gebogenen<a href=\"https:\/\/ruishengglassco.com\/375ml-liquor-glass-bottle-manufacturer\"> kleinere Glasflasche<\/a> oder gr\u00f6\u00dfere Glasflaschen f\u00fcr den Gro\u00dfhandel. Gr\u00f6\u00dfe ist von 50ml bis zu 1500ml verf\u00fcgbar. Benutzerdefinierte Bestellung kann akzeptiert werden. Die meisten Glasflaschen zum Verkauf werden durch hohe flie\u00dfende Glasmaterial, das den K\u00f6rper der Lik\u00f6rflasche mehr stark und sch\u00f6n macht gemacht. Wir garantieren, dass alle der klaren Glasflaschen mit Kappen sind ungiftig, 100% wiederverwendbar, wiederverwendbar und sicher f\u00fcr die Erde.<\/div>\n<p>Diese Glasflasche Gro\u00dfhandel ist vor allem f\u00fcr hochwertige XO Brandy Verpackung entwickelt, um die hervorragende Qualit\u00e4t Ihrer Spirituosen zu zeigen.<\/p>\n<h4>Informationen \u00fcber Gro\u00dfhandel Spirituosenflaschen Bulk f\u00fcr XO Brandy<\/h4>\n<ul>\n<li>Hauptmaterial: Hochwei\u00dfes Glas<\/li>\n<li>Verschluss: Schraubverschluss<\/li>\n<li>Referenz: RS058<\/li>\n<li>Mindestbestellmenge: 10.000 St\u00fcck<\/li>\n<li>Fassungsverm\u00f6gen: 700ml<\/li>\n<li>Stk.\/Karton: 24Stk.<\/li>\n<li>Herkunftsort: Shandong, China<\/li>\n<li>Merkmal: Umweltfreundlich<\/li>\n<\/ul>\n<p>Ruisheng Glasflasche hat eine lange Produktionsgeschichte von 700ml <a href=\"https:\/\/ruishengglassco.com\/700ml-liquor-glass-bottle-manufacturer\">Herstellung von Fl\u00fcssigglasflaschen<\/a>Alle beteiligten Personen sind sehr erfahren, wir sind sehr zuversichtlich, dass wir das Produkt machen k\u00f6nnen, dass Sie zufrieden sind. Ruisheng transparente Glasflasche hat in Europa, den USA, Australien, Amerika, etc. begr\u00fc\u00dft worden. Und alle Produkte genie\u00dfen ein hohes Ansehen f\u00fcr Innovation und Funktionalit\u00e4t.<\/p>\n<p>Ruisheng Glasflasche hat jetzt einen neuen Standort erweitert und fortschrittliche Maschinen eingef\u00fchrt, unsere Produktionsgeschwindigkeit ist viel h\u00f6her als zuvor. So machen wir gute Flaschen auf das Datum festgelegt, und liefern die Waren an Sie.<\/p>\n<p>Wenn Sie im Gro\u00dfhandel Spirituosenflaschen f\u00fcr XO, Brandy kaufen m\u00f6chten, bitte <a href=\"https:\/\/ruishengglassco.com\/contact\">kontaktiere uns<\/a>Wir werden Ihnen innerhalb von 24 Stunden antworten.<\/p>\n<p>Ich hoffe, Sie k\u00f6nnen eine Bestellung aufgeben.<\/p>\n\n\t\t<\/div>\n\t<\/div>\n<\/div><\/div><\/div><\/div>\n<\/div>","protected":false},"excerpt":{"rendered":"<table style=\"undefined;width: 367px\">\n<colgroup>\n<col style=\"width: 133px\" \/>\n<col style=\"width: 234px\" \/> <\/colgroup>\n<tbody>\n<tr>\n<th colspan=\"2\">Gro\u00dfhandel Spirituosenflaschen f\u00fcr XO Brandy<\/th>\n<\/tr>\n<tr>\n<td>Hauptmaterial:<\/td>\n<td>kristallwei\u00dfes Material<\/td>\n<\/tr>\n<tr>\n<td>Deckel:<\/td>\n<td>Schraubverschluss<\/td>\n<\/tr>\n<tr>\n<td>Kapazit\u00e4t:<\/td>\n<td>750ml<\/td>\n<\/tr>\n<tr>\n<td>Besonderheit:<\/td>\n<td>Umweltfreundlich<\/td>\n<\/tr>\n<tr>\n<td>Mindestbestellmenge:<\/td>\n<td>10000 STK<\/td>\n<\/tr>\n<tr>\n<td>Lieferweg:<\/td>\n<td>Schiff, Express<\/td>\n<\/tr>\n<tr>\n<td>OEM\/ODM:<\/td>\n<td>Willkommen<\/td>\n<\/tr>\n<tr>\n<td>Herkunft des Ortes:<\/td>\n<td>Shandong, China<\/td>\n<\/tr>\n<tr>\n<td>Stk.\/Karton:<\/td>\n<td>24 St\u00fcck<\/td>\n<\/tr>\n<\/tbody>\n<\/table>","protected":false},"featured_media":4385,"comment_status":"open","ping_status":"closed","template":"","meta":[],"product_brand":[],"product_cat":[50,51,52,63,61],"product_tag":[],"class_list":{"0":"post-779","1":"product","2":"type-product","3":"status-publish","4":"has-post-thumbnail","6":"product_cat-500ml-glass-bottle","7":"product_cat-700ml-glass-bottle","8":"product_cat-750ml-glass-bottle","9":"product_cat-liquor-bottle","10":"product_cat-xo-brandy-bottle","11":"entry","12":"has-media","14":"first","15":"instock","16":"shipping-taxable","17":"product-type-simple"},"yoast_head":"<!-- This site is optimized with the Yoast SEO plugin v27.3 - https:\/\/yoast.com\/product\/yoast-seo-wordpress\/ -->\n<title>Wholesale Spirit Bottles Bulk | XO Brandy Bottle Supplier<\/title>\n<meta name=\"description\" content=\"Buy Wholesale Spirit Bottles Bulk From China Glass Bottle Mnaufacturer. Professional Xo Brandy Bottle Supplier, Sales In High Quality&amp;Cheap Price\" \/>\n<meta name=\"robots\" content=\"index, follow, max-snippet:-1, max-image-preview:large, max-video-preview:-1\" \/>\n<link rel=\"canonical\" href=\"https:\/\/ruishengglassco.com\/product\/rs058-spirit-bottle-750ml-700ml-500ml\" \/>\n<meta property=\"og:locale\" content=\"de_DE\" \/>\n<meta property=\"og:type\" content=\"article\" \/>\n<meta property=\"og:title\" content=\"Wholesale Spirit Bottles Bulk | XO Brandy Bottle Supplier\" \/>\n<meta property=\"og:description\" content=\"Buy Wholesale Spirit Bottles Bulk From China Glass Bottle Mnaufacturer. Professional Xo Brandy Bottle Supplier, Sales In High Quality&amp;Cheap Price\" \/>\n<meta property=\"og:url\" content=\"https:\/\/ruishengglassco.com\/product\/rs058-spirit-bottle-750ml-700ml-500ml\" \/>\n<meta property=\"og:site_name\" content=\"Glass Bottle Wholesale\" \/>\n<meta property=\"article:modified_time\" content=\"2025-07-10T01:37:39+00:00\" \/>\n<meta property=\"og:image\" content=\"https:\/\/glassbottlewholesale.com\/wp-content\/uploads\/2023\/12\/Wholesale-Spirit-Bottle-750ml-700ml-500ml-1.jpg\" \/>\n\t<meta property=\"og:image:width\" content=\"800\" \/>\n\t<meta property=\"og:image:height\" content=\"800\" \/>\n\t<meta property=\"og:image:type\" content=\"image\/jpeg\" \/>\n<meta name=\"twitter:card\" content=\"summary_large_image\" \/>\n<meta name=\"twitter:label1\" content=\"Gesch\u00e4tzte Lesezeit\" \/>\n\t<meta name=\"twitter:data1\" content=\"2\u00a0Minuten\" \/>\n<script type=\"application\/ld+json\" class=\"yoast-schema-graph\">{\"@context\":\"https:\\\/\\\/schema.org\",\"@graph\":[{\"@type\":\"WebPage\",\"@id\":\"https:\\\/\\\/glassbottlewholesale.com\\\/wholesale-spirit-bottle-750ml-700ml-500ml\\\/\",\"url\":\"https:\\\/\\\/ruishengglassco.com\\\/product\\\/rs058-spirit-bottle-750ml-700ml-500ml\",\"name\":\"Wholesale Spirit Bottles Bulk | XO Brandy Bottle Supplier\",\"isPartOf\":{\"@id\":\"https:\\\/\\\/glassbottlewholesale.com\\\/#website\"},\"primaryImageOfPage\":{\"@id\":\"https:\\\/\\\/ruishengglassco.com\\\/product\\\/rs058-spirit-bottle-750ml-700ml-500ml#primaryimage\"},\"image\":{\"@id\":\"https:\\\/\\\/ruishengglassco.com\\\/product\\\/rs058-spirit-bottle-750ml-700ml-500ml#primaryimage\"},\"thumbnailUrl\":\"https:\\\/\\\/glassbottlewholesale.com\\\/wp-content\\\/uploads\\\/2023\\\/12\\\/Wholesale-Spirit-Bottle-750ml-700ml-500ml-1.jpg\",\"datePublished\":\"2019-10-18T09:15:15+00:00\",\"dateModified\":\"2025-07-10T01:37:39+00:00\",\"description\":\"Buy Wholesale Spirit Bottles Bulk From China Glass Bottle Mnaufacturer. Professional Xo Brandy Bottle Supplier, Sales In High Quality&Cheap Price\",\"breadcrumb\":{\"@id\":\"https:\\\/\\\/ruishengglassco.com\\\/product\\\/rs058-spirit-bottle-750ml-700ml-500ml#breadcrumb\"},\"inLanguage\":\"de\",\"potentialAction\":[{\"@type\":\"ReadAction\",\"target\":[\"https:\\\/\\\/ruishengglassco.com\\\/product\\\/rs058-spirit-bottle-750ml-700ml-500ml\"]}]},{\"@type\":\"ImageObject\",\"inLanguage\":\"de\",\"@id\":\"https:\\\/\\\/ruishengglassco.com\\\/product\\\/rs058-spirit-bottle-750ml-700ml-500ml#primaryimage\",\"url\":\"https:\\\/\\\/glassbottlewholesale.com\\\/wp-content\\\/uploads\\\/2023\\\/12\\\/Wholesale-Spirit-Bottle-750ml-700ml-500ml-1.jpg\",\"contentUrl\":\"https:\\\/\\\/glassbottlewholesale.com\\\/wp-content\\\/uploads\\\/2023\\\/12\\\/Wholesale-Spirit-Bottle-750ml-700ml-500ml-1.jpg\",\"width\":800,\"height\":800,\"caption\":\"Wholesale Spirit Bottle 750ml 700ml 500ml (1)\"},{\"@type\":\"BreadcrumbList\",\"@id\":\"https:\\\/\\\/ruishengglassco.com\\\/product\\\/rs058-spirit-bottle-750ml-700ml-500ml#breadcrumb\",\"itemListElement\":[{\"@type\":\"ListItem\",\"position\":1,\"name\":\"Home\",\"item\":\"https:\\\/\\\/glassbottlewholesale.com\\\/\"},{\"@type\":\"ListItem\",\"position\":2,\"name\":\"Products\",\"item\":\"https:\\\/\\\/glassbottlewholesale.com\\\/shop\\\/\"},{\"@type\":\"ListItem\",\"position\":3,\"name\":\"RS058: Wholesale Spirit Bottle 750ml 700ml 500ml\"}]},{\"@type\":\"WebSite\",\"@id\":\"https:\\\/\\\/glassbottlewholesale.com\\\/#website\",\"url\":\"https:\\\/\\\/glassbottlewholesale.com\\\/\",\"name\":\"Glass Bottle Wholesale\",\"description\":\"\",\"publisher\":{\"@id\":\"https:\\\/\\\/glassbottlewholesale.com\\\/#organization\"},\"potentialAction\":[{\"@type\":\"SearchAction\",\"target\":{\"@type\":\"EntryPoint\",\"urlTemplate\":\"https:\\\/\\\/glassbottlewholesale.com\\\/?s={search_term_string}\"},\"query-input\":{\"@type\":\"PropertyValueSpecification\",\"valueRequired\":true,\"valueName\":\"search_term_string\"}}],\"inLanguage\":\"de\"},{\"@type\":\"Organization\",\"@id\":\"https:\\\/\\\/glassbottlewholesale.com\\\/#organization\",\"name\":\"Glass Bottle Wholesale\",\"url\":\"https:\\\/\\\/glassbottlewholesale.com\\\/\",\"logo\":{\"@type\":\"ImageObject\",\"inLanguage\":\"de\",\"@id\":\"https:\\\/\\\/glassbottlewholesale.com\\\/#\\\/schema\\\/logo\\\/image\\\/\",\"url\":\"https:\\\/\\\/glassbottlewholesale.com\\\/wp-content\\\/uploads\\\/2023\\\/12\\\/ruisheng-logo.webp\",\"contentUrl\":\"https:\\\/\\\/glassbottlewholesale.com\\\/wp-content\\\/uploads\\\/2023\\\/12\\\/ruisheng-logo.webp\",\"width\":400,\"height\":233,\"caption\":\"Glass Bottle Wholesale\"},\"image\":{\"@id\":\"https:\\\/\\\/glassbottlewholesale.com\\\/#\\\/schema\\\/logo\\\/image\\\/\"}}]}<\/script>\n<!-- \/ Yoast SEO plugin. -->","yoast_head_json":{"title":"Wholesale Spirit Bottles Bulk | XO Brandy Bottle Supplier","description":"Buy Wholesale Spirit Bottles Bulk From China Glass Bottle Mnaufacturer. Professional Xo Brandy Bottle Supplier, Sales In High Quality&Cheap Price","robots":{"index":"index","follow":"follow","max-snippet":"max-snippet:-1","max-image-preview":"max-image-preview:large","max-video-preview":"max-video-preview:-1"},"canonical":"https:\/\/ruishengglassco.com\/product\/rs058-spirit-bottle-750ml-700ml-500ml","og_locale":"de_DE","og_type":"article","og_title":"Wholesale Spirit Bottles Bulk | XO Brandy Bottle Supplier","og_description":"Buy Wholesale Spirit Bottles Bulk From China Glass Bottle Mnaufacturer. Professional Xo Brandy Bottle Supplier, Sales In High Quality&Cheap Price","og_url":"https:\/\/ruishengglassco.com\/product\/rs058-spirit-bottle-750ml-700ml-500ml","og_site_name":"Glass Bottle Wholesale","article_modified_time":"2025-07-10T01:37:39+00:00","og_image":[{"width":800,"height":800,"url":"https:\/\/glassbottlewholesale.com\/wp-content\/uploads\/2023\/12\/Wholesale-Spirit-Bottle-750ml-700ml-500ml-1.jpg","type":"image\/jpeg"}],"twitter_card":"summary_large_image","twitter_misc":{"Gesch\u00e4tzte Lesezeit":"2\u00a0Minuten"},"schema":{"@context":"https:\/\/schema.org","@graph":[{"@type":"WebPage","@id":"https:\/\/glassbottlewholesale.com\/wholesale-spirit-bottle-750ml-700ml-500ml\/","url":"https:\/\/ruishengglassco.com\/product\/rs058-spirit-bottle-750ml-700ml-500ml","name":"Wholesale Spirit Bottles Bulk | XO Brandy Bottle Supplier","isPartOf":{"@id":"https:\/\/glassbottlewholesale.com\/#website"},"primaryImageOfPage":{"@id":"https:\/\/ruishengglassco.com\/product\/rs058-spirit-bottle-750ml-700ml-500ml#primaryimage"},"image":{"@id":"https:\/\/ruishengglassco.com\/product\/rs058-spirit-bottle-750ml-700ml-500ml#primaryimage"},"thumbnailUrl":"https:\/\/glassbottlewholesale.com\/wp-content\/uploads\/2023\/12\/Wholesale-Spirit-Bottle-750ml-700ml-500ml-1.jpg","datePublished":"2019-10-18T09:15:15+00:00","dateModified":"2025-07-10T01:37:39+00:00","description":"Buy Wholesale Spirit Bottles Bulk From China Glass Bottle Mnaufacturer. Professional Xo Brandy Bottle Supplier, Sales In High Quality&Cheap Price","breadcrumb":{"@id":"https:\/\/ruishengglassco.com\/product\/rs058-spirit-bottle-750ml-700ml-500ml#breadcrumb"},"inLanguage":"de","potentialAction":[{"@type":"ReadAction","target":["https:\/\/ruishengglassco.com\/product\/rs058-spirit-bottle-750ml-700ml-500ml"]}]},{"@type":"ImageObject","inLanguage":"de","@id":"https:\/\/ruishengglassco.com\/product\/rs058-spirit-bottle-750ml-700ml-500ml#primaryimage","url":"https:\/\/glassbottlewholesale.com\/wp-content\/uploads\/2023\/12\/Wholesale-Spirit-Bottle-750ml-700ml-500ml-1.jpg","contentUrl":"https:\/\/glassbottlewholesale.com\/wp-content\/uploads\/2023\/12\/Wholesale-Spirit-Bottle-750ml-700ml-500ml-1.jpg","width":800,"height":800,"caption":"Wholesale Spirit Bottle 750ml 700ml 500ml (1)"},{"@type":"BreadcrumbList","@id":"https:\/\/ruishengglassco.com\/product\/rs058-spirit-bottle-750ml-700ml-500ml#breadcrumb","itemListElement":[{"@type":"ListItem","position":1,"name":"Home","item":"https:\/\/glassbottlewholesale.com\/"},{"@type":"ListItem","position":2,"name":"Products","item":"https:\/\/glassbottlewholesale.com\/shop\/"},{"@type":"ListItem","position":3,"name":"RS058: Wholesale Spirit Bottle 750ml 700ml 500ml"}]},{"@type":"WebSite","@id":"https:\/\/glassbottlewholesale.com\/#website","url":"https:\/\/glassbottlewholesale.com\/","name":"Glass Bottle Wholesale","description":"","publisher":{"@id":"https:\/\/glassbottlewholesale.com\/#organization"},"potentialAction":[{"@type":"SearchAction","target":{"@type":"EntryPoint","urlTemplate":"https:\/\/glassbottlewholesale.com\/?s={search_term_string}"},"query-input":{"@type":"PropertyValueSpecification","valueRequired":true,"valueName":"search_term_string"}}],"inLanguage":"de"},{"@type":"Organization","@id":"https:\/\/glassbottlewholesale.com\/#organization","name":"Glass Bottle Wholesale","url":"https:\/\/glassbottlewholesale.com\/","logo":{"@type":"ImageObject","inLanguage":"de","@id":"https:\/\/glassbottlewholesale.com\/#\/schema\/logo\/image\/","url":"https:\/\/glassbottlewholesale.com\/wp-content\/uploads\/2023\/12\/ruisheng-logo.webp","contentUrl":"https:\/\/glassbottlewholesale.com\/wp-content\/uploads\/2023\/12\/ruisheng-logo.webp","width":400,"height":233,"caption":"Glass Bottle Wholesale"},"image":{"@id":"https:\/\/glassbottlewholesale.com\/#\/schema\/logo\/image\/"}}]}},"_links":{"self":[{"href":"https:\/\/glassbottlewholesale.com\/de\/wp-json\/wp\/v2\/product\/779","targetHints":{"allow":["GET"]}}],"collection":[{"href":"https:\/\/glassbottlewholesale.com\/de\/wp-json\/wp\/v2\/product"}],"about":[{"href":"https:\/\/glassbottlewholesale.com\/de\/wp-json\/wp\/v2\/types\/product"}],"replies":[{"embeddable":true,"href":"https:\/\/glassbottlewholesale.com\/de\/wp-json\/wp\/v2\/comments?post=779"}],"wp:featuredmedia":[{"embeddable":true,"href":"https:\/\/glassbottlewholesale.com\/de\/wp-json\/wp\/v2\/media\/4385"}],"wp:attachment":[{"href":"https:\/\/glassbottlewholesale.com\/de\/wp-json\/wp\/v2\/media?parent=779"}],"wp:term":[{"taxonomy":"product_brand","embeddable":true,"href":"https:\/\/glassbottlewholesale.com\/de\/wp-json\/wp\/v2\/product_brand?post=779"},{"taxonomy":"product_cat","embeddable":true,"href":"https:\/\/glassbottlewholesale.com\/de\/wp-json\/wp\/v2\/product_cat?post=779"},{"taxonomy":"product_tag","embeddable":true,"href":"https:\/\/glassbottlewholesale.com\/de\/wp-json\/wp\/v2\/product_tag?post=779"}],"curies":[{"name":"wp","href":"https:\/\/api.w.org\/{rel}","templated":true}]}}