{"id":782,"date":"2019-12-18T09:18:35","date_gmt":"2019-12-18T09:18:35","guid":{"rendered":"https:\/\/queenchingglass.com\/?post_type=product&#038;p=782"},"modified":"2025-07-10T02:26:38","modified_gmt":"2025-07-10T02:26:38","slug":"bulk-glass-bottles-for-brandy","status":"publish","type":"product","link":"https:\/\/glassbottlewholesale.com\/de\/bulk-glass-bottles-for-brandy\/","title":{"rendered":"RS044: 70 cl Glasflaschen f\u00fcr Brandy"},"content":{"rendered":"<div class=\"wpb-content-wrapper\"><div class=\"vc_row wpb_row vc_row-fluid\"><div class=\"wpb_column vc_column_container vc_col-sm-12\"><div class=\"vc_column-inner\"><div class=\"wpb_wrapper\">\n\t<div class=\"wpb_text_column wpb_content_element\" >\n\t\t<div class=\"wpb_wrapper\">\n\t\t\t<p>Eine transparente, klare, leere Schnapsflasche, die f\u00fcr die Verpackung von Branntwein entwickelt wurde. Die Annahme extrem wei\u00dfes Kristallglas Material, das unsere Brandy Dekanter mehr transparent, langlebig, und nicht leicht zu brechen macht. Attraktives Aussehen mit Bogen Formen Design am Boden wird Ihr Kunde die Augen zum ersten Mal zu fangen. Leere Schnapsflasche mit der Metallkappe wird der Beh\u00e4lter von Sauerstoff zu halten.<\/p>\n<h4>Details zum Preis der leeren Brandyflasche<\/h4>\n<ul>\n<li>Referenz: RS044<\/li>\n<li>Fassungsverm\u00f6gen:70cl<\/li>\n<li>Hauptmaterial: kristallwei\u00dfes Material, extrem wei\u00dfes Material<\/li>\n<li>Kappe: Kronkorken\/Kork<\/li>\n<li>Mindestbestellmenge: 10.000 St\u00fcck<\/li>\n<li>Stk.\/Karton: 24Stk.<\/li>\n<li>Herkunftsort: Shandong, China<\/li>\n<li>Merkmal: Umweltfreundlich<\/li>\n<li>Preis: <a href=\"https:\/\/ruishengglassco.com\/contact\">Erhalten Sie Zitat<\/a><\/li>\n<\/ul>\n<p>&nbsp;<\/p>\n<p>Neben der Schnapsflasche kann sie auch als Whiskeyflasche, Wodkaflasche, Ginflasche, Tequilaflasche usw. verwendet werden. Als professioneller Hersteller von Spirituosenflaschen in China k\u00f6nnen wir kundenspezifische Glasflaschen anbieten. Wir bieten Hunderte von Glasformen zur Auswahl an. Wenn Sie mit diesen Formen nicht zufrieden sind, k\u00f6nnen wir sie nach Ihren Anforderungen entwerfen. Sie k\u00f6nnen die Gr\u00f6\u00dfe, die Farbe, das Muster, das Logo, die Verarbeitungsmethode, die Verpackung usw. der Glasflasche anfordern. Wir werden unser Bestes tun, um Ihre W\u00fcnsche zu realisieren.<\/p>\n<p>Unser Unternehmen ist gut in diesen hochwertigen Glasflaschen, so dass wir garantieren, dass wir die Qualit\u00e4t der Glasflasche produzieren k\u00f6nnen. Die Produktion von 700ml leeren Glasflaschen zum Verkauf wurde streng von Materialien ausgew\u00e4hlt, wir bringen in Materialien aus dem Herkunftsland, au\u00dferdem verwenden wir fortschrittliche Maschinen zu verarbeiten und eine Glasflasche zu machen.<\/p>\n<p>Wenn Sie mit diesen leeren Schnapsflaschen zufrieden sind, kontaktieren Sie mich bitte rechtzeitig. Wenn Sie es nicht m\u00f6gen, k\u00f6nnen Sie sich unsere anderen Flaschen ansehen. Oder ich werde Ihnen den Katalog geben, Sie k\u00f6nnen w\u00e4hlen, was Sie m\u00f6gen. Wenn Sie an dem Preis der leeren Schnapsflaschen interessiert sind, bitte <a href=\"https:\/\/ruishengglassco.com\/contact\">kontaktieren Sie uns.<\/a> Wir werden Ihnen innerhalb von 24 Stunden antworten.<\/p>\n\n\t\t<\/div>\n\t<\/div>\n<\/div><\/div><\/div><\/div>\n<\/div>","protected":false},"excerpt":{"rendered":"<p>Sind Sie auf der Suche nach dem 70cl leere Schnapsflasche Preis Fabrikverkauf? Als einer der f\u00fchrenden China Schnapsflaschenhersteller mit mehr als 10 Jahren Erfahrung, hat Ruisheng in Brandy-Flaschen Herstellung f\u00fcr Brandy-Marken, Unternehmen, Glasflasche Gro\u00dfh\u00e4ndler und H\u00e4ndler beteiligt gewesen. Diese leere Brandyflasche Gro\u00dfhandel ist speziell f\u00fcr hochwertige Brandy-Verpackung konzipiert. Die Bestellinformationen sind unten aufgef\u00fchrt:<\/p>\n<ul>\n<li><strong><em>MOQ: 10000 PCS (etwa 11000 St\u00fcck)<\/em><\/strong><\/li>\n<li>Fassungsverm\u00f6gen: 700ml\/750ml\/1000ml<\/li>\n<li>Farbe: Transparent<\/li>\n<li>Gewicht: 640g<\/li>\n<li>H\u00f6he: 211 mm<\/li>\n<li>Durchmesser: 60 mm<\/li>\n<li>Angebotener OEM\/ODM-Service<\/li>\n<\/ul>\n<p>If you&#8217;re interested in the <em>Preis der leeren Weinbrandflasche<\/em>klicken Sie bitte hier, um uns zu kontaktieren.<\/p>","protected":false},"featured_media":4384,"comment_status":"open","ping_status":"closed","template":"","meta":[],"product_brand":[],"product_cat":[51,52,60,63],"product_tag":[],"class_list":{"0":"post-782","1":"product","2":"type-product","3":"status-publish","4":"has-post-thumbnail","6":"product_cat-700ml-glass-bottle","7":"product_cat-750ml-glass-bottle","8":"product_cat-brandy-bottle","9":"product_cat-liquor-bottle","10":"entry","11":"has-media","13":"first","14":"instock","15":"shipping-taxable","16":"product-type-simple"},"yoast_head":"<!-- This site is optimized with the Yoast SEO plugin v27.3 - https:\/\/yoast.com\/product\/yoast-seo-wordpress\/ -->\n<title>Empty Brandy Bottle Price | China Liquor Bottle Manufacturers<\/title>\n<meta name=\"description\" content=\"Ruisheng, a professional China liquor bottle manufacturer, provide empty brandy bottle price for brands, companies, and wholesalers. Get Quote Here.\" \/>\n<meta name=\"robots\" content=\"index, follow, max-snippet:-1, max-image-preview:large, max-video-preview:-1\" \/>\n<link rel=\"canonical\" href=\"https:\/\/ruishengglassco.com\/product\/rs044-70cl-bulk-glass-bottles-for-brandy\" \/>\n<meta property=\"og:locale\" content=\"de_DE\" \/>\n<meta property=\"og:type\" content=\"article\" \/>\n<meta property=\"og:title\" content=\"Empty Brandy Bottle Price | China Liquor Bottle Manufacturers\" \/>\n<meta property=\"og:description\" content=\"Ruisheng, a professional China liquor bottle manufacturer, provide empty brandy bottle price for brands, companies, and wholesalers. Get Quote Here.\" \/>\n<meta property=\"og:url\" content=\"https:\/\/ruishengglassco.com\/product\/rs044-70cl-bulk-glass-bottles-for-brandy\" \/>\n<meta property=\"og:site_name\" content=\"Glass Bottle Wholesale\" \/>\n<meta property=\"article:modified_time\" content=\"2025-07-10T02:26:38+00:00\" \/>\n<meta property=\"og:image\" content=\"https:\/\/glassbottlewholesale.com\/wp-content\/uploads\/2023\/12\/70cl-Bulk-Glass-Bottles-For-Brandy-1.jpg\" \/>\n\t<meta property=\"og:image:width\" content=\"800\" \/>\n\t<meta property=\"og:image:height\" content=\"800\" \/>\n\t<meta property=\"og:image:type\" content=\"image\/jpeg\" \/>\n<meta name=\"twitter:card\" content=\"summary_large_image\" \/>\n<meta name=\"twitter:label1\" content=\"Gesch\u00e4tzte Lesezeit\" \/>\n\t<meta name=\"twitter:data1\" content=\"2\u00a0Minuten\" \/>\n<script type=\"application\/ld+json\" class=\"yoast-schema-graph\">{\"@context\":\"https:\\\/\\\/schema.org\",\"@graph\":[{\"@type\":\"WebPage\",\"@id\":\"https:\\\/\\\/glassbottlewholesale.com\\\/bulk-glass-bottles-for-brandy\\\/\",\"url\":\"https:\\\/\\\/ruishengglassco.com\\\/product\\\/rs044-70cl-bulk-glass-bottles-for-brandy\",\"name\":\"Empty Brandy Bottle Price | China Liquor Bottle Manufacturers\",\"isPartOf\":{\"@id\":\"https:\\\/\\\/glassbottlewholesale.com\\\/#website\"},\"primaryImageOfPage\":{\"@id\":\"https:\\\/\\\/ruishengglassco.com\\\/product\\\/rs044-70cl-bulk-glass-bottles-for-brandy#primaryimage\"},\"image\":{\"@id\":\"https:\\\/\\\/ruishengglassco.com\\\/product\\\/rs044-70cl-bulk-glass-bottles-for-brandy#primaryimage\"},\"thumbnailUrl\":\"https:\\\/\\\/glassbottlewholesale.com\\\/wp-content\\\/uploads\\\/2023\\\/12\\\/70cl-Bulk-Glass-Bottles-For-Brandy-1.jpg\",\"datePublished\":\"2019-12-18T09:18:35+00:00\",\"dateModified\":\"2025-07-10T02:26:38+00:00\",\"description\":\"Ruisheng, a professional China liquor bottle manufacturer, provide empty brandy bottle price for brands, companies, and wholesalers. Get Quote Here.\",\"breadcrumb\":{\"@id\":\"https:\\\/\\\/ruishengglassco.com\\\/product\\\/rs044-70cl-bulk-glass-bottles-for-brandy#breadcrumb\"},\"inLanguage\":\"de\",\"potentialAction\":[{\"@type\":\"ReadAction\",\"target\":[\"https:\\\/\\\/ruishengglassco.com\\\/product\\\/rs044-70cl-bulk-glass-bottles-for-brandy\"]}]},{\"@type\":\"ImageObject\",\"inLanguage\":\"de\",\"@id\":\"https:\\\/\\\/ruishengglassco.com\\\/product\\\/rs044-70cl-bulk-glass-bottles-for-brandy#primaryimage\",\"url\":\"https:\\\/\\\/glassbottlewholesale.com\\\/wp-content\\\/uploads\\\/2023\\\/12\\\/70cl-Bulk-Glass-Bottles-For-Brandy-1.jpg\",\"contentUrl\":\"https:\\\/\\\/glassbottlewholesale.com\\\/wp-content\\\/uploads\\\/2023\\\/12\\\/70cl-Bulk-Glass-Bottles-For-Brandy-1.jpg\",\"width\":800,\"height\":800,\"caption\":\"70cl Bulk Glass Bottles For Brandy\"},{\"@type\":\"BreadcrumbList\",\"@id\":\"https:\\\/\\\/ruishengglassco.com\\\/product\\\/rs044-70cl-bulk-glass-bottles-for-brandy#breadcrumb\",\"itemListElement\":[{\"@type\":\"ListItem\",\"position\":1,\"name\":\"Home\",\"item\":\"https:\\\/\\\/glassbottlewholesale.com\\\/\"},{\"@type\":\"ListItem\",\"position\":2,\"name\":\"Products\",\"item\":\"https:\\\/\\\/glassbottlewholesale.com\\\/shop\\\/\"},{\"@type\":\"ListItem\",\"position\":3,\"name\":\"RS044: 70cl Bulk Glass Bottles For Brandy\"}]},{\"@type\":\"WebSite\",\"@id\":\"https:\\\/\\\/glassbottlewholesale.com\\\/#website\",\"url\":\"https:\\\/\\\/glassbottlewholesale.com\\\/\",\"name\":\"Glass Bottle Wholesale\",\"description\":\"\",\"publisher\":{\"@id\":\"https:\\\/\\\/glassbottlewholesale.com\\\/#organization\"},\"potentialAction\":[{\"@type\":\"SearchAction\",\"target\":{\"@type\":\"EntryPoint\",\"urlTemplate\":\"https:\\\/\\\/glassbottlewholesale.com\\\/?s={search_term_string}\"},\"query-input\":{\"@type\":\"PropertyValueSpecification\",\"valueRequired\":true,\"valueName\":\"search_term_string\"}}],\"inLanguage\":\"de\"},{\"@type\":\"Organization\",\"@id\":\"https:\\\/\\\/glassbottlewholesale.com\\\/#organization\",\"name\":\"Glass Bottle Wholesale\",\"url\":\"https:\\\/\\\/glassbottlewholesale.com\\\/\",\"logo\":{\"@type\":\"ImageObject\",\"inLanguage\":\"de\",\"@id\":\"https:\\\/\\\/glassbottlewholesale.com\\\/#\\\/schema\\\/logo\\\/image\\\/\",\"url\":\"https:\\\/\\\/glassbottlewholesale.com\\\/wp-content\\\/uploads\\\/2023\\\/12\\\/ruisheng-logo.webp\",\"contentUrl\":\"https:\\\/\\\/glassbottlewholesale.com\\\/wp-content\\\/uploads\\\/2023\\\/12\\\/ruisheng-logo.webp\",\"width\":400,\"height\":233,\"caption\":\"Glass Bottle Wholesale\"},\"image\":{\"@id\":\"https:\\\/\\\/glassbottlewholesale.com\\\/#\\\/schema\\\/logo\\\/image\\\/\"}}]}<\/script>\n<!-- \/ Yoast SEO plugin. -->","yoast_head_json":{"title":"Empty Brandy Bottle Price | China Liquor Bottle Manufacturers","description":"Ruisheng, a professional China liquor bottle manufacturer, provide empty brandy bottle price for brands, companies, and wholesalers. Get Quote Here.","robots":{"index":"index","follow":"follow","max-snippet":"max-snippet:-1","max-image-preview":"max-image-preview:large","max-video-preview":"max-video-preview:-1"},"canonical":"https:\/\/ruishengglassco.com\/product\/rs044-70cl-bulk-glass-bottles-for-brandy","og_locale":"de_DE","og_type":"article","og_title":"Empty Brandy Bottle Price | China Liquor Bottle Manufacturers","og_description":"Ruisheng, a professional China liquor bottle manufacturer, provide empty brandy bottle price for brands, companies, and wholesalers. Get Quote Here.","og_url":"https:\/\/ruishengglassco.com\/product\/rs044-70cl-bulk-glass-bottles-for-brandy","og_site_name":"Glass Bottle Wholesale","article_modified_time":"2025-07-10T02:26:38+00:00","og_image":[{"width":800,"height":800,"url":"https:\/\/glassbottlewholesale.com\/wp-content\/uploads\/2023\/12\/70cl-Bulk-Glass-Bottles-For-Brandy-1.jpg","type":"image\/jpeg"}],"twitter_card":"summary_large_image","twitter_misc":{"Gesch\u00e4tzte Lesezeit":"2\u00a0Minuten"},"schema":{"@context":"https:\/\/schema.org","@graph":[{"@type":"WebPage","@id":"https:\/\/glassbottlewholesale.com\/bulk-glass-bottles-for-brandy\/","url":"https:\/\/ruishengglassco.com\/product\/rs044-70cl-bulk-glass-bottles-for-brandy","name":"Empty Brandy Bottle Price | China Liquor Bottle Manufacturers","isPartOf":{"@id":"https:\/\/glassbottlewholesale.com\/#website"},"primaryImageOfPage":{"@id":"https:\/\/ruishengglassco.com\/product\/rs044-70cl-bulk-glass-bottles-for-brandy#primaryimage"},"image":{"@id":"https:\/\/ruishengglassco.com\/product\/rs044-70cl-bulk-glass-bottles-for-brandy#primaryimage"},"thumbnailUrl":"https:\/\/glassbottlewholesale.com\/wp-content\/uploads\/2023\/12\/70cl-Bulk-Glass-Bottles-For-Brandy-1.jpg","datePublished":"2019-12-18T09:18:35+00:00","dateModified":"2025-07-10T02:26:38+00:00","description":"Ruisheng, a professional China liquor bottle manufacturer, provide empty brandy bottle price for brands, companies, and wholesalers. Get Quote Here.","breadcrumb":{"@id":"https:\/\/ruishengglassco.com\/product\/rs044-70cl-bulk-glass-bottles-for-brandy#breadcrumb"},"inLanguage":"de","potentialAction":[{"@type":"ReadAction","target":["https:\/\/ruishengglassco.com\/product\/rs044-70cl-bulk-glass-bottles-for-brandy"]}]},{"@type":"ImageObject","inLanguage":"de","@id":"https:\/\/ruishengglassco.com\/product\/rs044-70cl-bulk-glass-bottles-for-brandy#primaryimage","url":"https:\/\/glassbottlewholesale.com\/wp-content\/uploads\/2023\/12\/70cl-Bulk-Glass-Bottles-For-Brandy-1.jpg","contentUrl":"https:\/\/glassbottlewholesale.com\/wp-content\/uploads\/2023\/12\/70cl-Bulk-Glass-Bottles-For-Brandy-1.jpg","width":800,"height":800,"caption":"70cl Bulk Glass Bottles For Brandy"},{"@type":"BreadcrumbList","@id":"https:\/\/ruishengglassco.com\/product\/rs044-70cl-bulk-glass-bottles-for-brandy#breadcrumb","itemListElement":[{"@type":"ListItem","position":1,"name":"Home","item":"https:\/\/glassbottlewholesale.com\/"},{"@type":"ListItem","position":2,"name":"Products","item":"https:\/\/glassbottlewholesale.com\/shop\/"},{"@type":"ListItem","position":3,"name":"RS044: 70cl Bulk Glass Bottles For Brandy"}]},{"@type":"WebSite","@id":"https:\/\/glassbottlewholesale.com\/#website","url":"https:\/\/glassbottlewholesale.com\/","name":"Glass Bottle Wholesale","description":"","publisher":{"@id":"https:\/\/glassbottlewholesale.com\/#organization"},"potentialAction":[{"@type":"SearchAction","target":{"@type":"EntryPoint","urlTemplate":"https:\/\/glassbottlewholesale.com\/?s={search_term_string}"},"query-input":{"@type":"PropertyValueSpecification","valueRequired":true,"valueName":"search_term_string"}}],"inLanguage":"de"},{"@type":"Organization","@id":"https:\/\/glassbottlewholesale.com\/#organization","name":"Glass Bottle Wholesale","url":"https:\/\/glassbottlewholesale.com\/","logo":{"@type":"ImageObject","inLanguage":"de","@id":"https:\/\/glassbottlewholesale.com\/#\/schema\/logo\/image\/","url":"https:\/\/glassbottlewholesale.com\/wp-content\/uploads\/2023\/12\/ruisheng-logo.webp","contentUrl":"https:\/\/glassbottlewholesale.com\/wp-content\/uploads\/2023\/12\/ruisheng-logo.webp","width":400,"height":233,"caption":"Glass Bottle Wholesale"},"image":{"@id":"https:\/\/glassbottlewholesale.com\/#\/schema\/logo\/image\/"}}]}},"_links":{"self":[{"href":"https:\/\/glassbottlewholesale.com\/de\/wp-json\/wp\/v2\/product\/782","targetHints":{"allow":["GET"]}}],"collection":[{"href":"https:\/\/glassbottlewholesale.com\/de\/wp-json\/wp\/v2\/product"}],"about":[{"href":"https:\/\/glassbottlewholesale.com\/de\/wp-json\/wp\/v2\/types\/product"}],"replies":[{"embeddable":true,"href":"https:\/\/glassbottlewholesale.com\/de\/wp-json\/wp\/v2\/comments?post=782"}],"wp:featuredmedia":[{"embeddable":true,"href":"https:\/\/glassbottlewholesale.com\/de\/wp-json\/wp\/v2\/media\/4384"}],"wp:attachment":[{"href":"https:\/\/glassbottlewholesale.com\/de\/wp-json\/wp\/v2\/media?parent=782"}],"wp:term":[{"taxonomy":"product_brand","embeddable":true,"href":"https:\/\/glassbottlewholesale.com\/de\/wp-json\/wp\/v2\/product_brand?post=782"},{"taxonomy":"product_cat","embeddable":true,"href":"https:\/\/glassbottlewholesale.com\/de\/wp-json\/wp\/v2\/product_cat?post=782"},{"taxonomy":"product_tag","embeddable":true,"href":"https:\/\/glassbottlewholesale.com\/de\/wp-json\/wp\/v2\/product_tag?post=782"}],"curies":[{"name":"wp","href":"https:\/\/api.w.org\/{rel}","templated":true}]}}