{"id":788,"date":"2019-10-18T09:23:42","date_gmt":"2019-10-18T09:23:42","guid":{"rendered":"https:\/\/queenchingglass.com\/?post_type=product&#038;p=788"},"modified":"2025-02-28T23:46:21","modified_gmt":"2025-02-28T23:46:21","slug":"700ml-750ml-glasflaschen-groshandel","status":"publish","type":"product","link":"https:\/\/glassbottlewholesale.com\/de\/700ml-750ml-glasflaschen-groshandel\/","title":{"rendered":"RS057: 700ml 750ml Flasche Hohe Glasflaschen Gro\u00dfhandel"},"content":{"rendered":"<p>Das<strong> 700ml quadratische Glasflaschen Gro\u00dfhandel <\/strong>ist eines unserer Fabrik-Verkaufsprodukte. Das Material dieser Glasflasche ist kristallwei\u00dfes, extrem wei\u00dfes Material.<\/p>\n<p>Unser Unternehmen ist spezialisiert auf die Herstellung dieser hochwertigen Glasflaschen und wir garantieren daher, dass wir Glasflaschen in Spitzenqualit\u00e4t herstellen k\u00f6nnen.<\/p>\n<p>Wenn Sie eine andere Kapazit\u00e4t w\u00fcnschen, k\u00f6nnen wir diese entsprechend Ihrem Wunsch \u00e4ndern.<\/p>\n<p>Unsere Hauptprodukte sind hochwertige Glasflaschen mit Korken, wie Wodkaflaschen, Brandyflaschen, Whiskyflaschen, Schnapsflaschen, Marmeladenflaschen und so weiter. Wir k\u00f6nnen auch Braunglasflaschen, gr\u00fcne Flaschen und Wasserflaschen anbieten. Unser Hauptmarkt ist Europa, die USA, Australien, Amerika usw. Und alle Produkte genie\u00dfen einen guten Ruf f\u00fcr Innovation und Funktionalit\u00e4t.<\/p>\n<p>Bei der Herstellung der quadratischen 700-ml-Flasche aus Wei\u00dfglas f\u00fcr Oliven\u00f6l wurde eine strenge Auswahl der Materialien vorgenommen. Wir beziehen die Materialien aus dem Ursprungsland und verwenden dar\u00fcber hinaus hochmoderne Maschinen zur Verarbeitung und Herstellung der Glasflasche.<\/p>\n<h4>Die Informationen von <strong>700ml quadratische Glasflaschen Gro\u00dfhandel<\/strong>:<\/h4>\n<ul>\n<li>Hauptmaterial: kristallwei\u00dfes Material, extrem wei\u00dfes Material<\/li>\n<li>Kappe: Kork<\/li>\n<li>Referenz: RS057<\/li>\n<li>Mindestbestellmenge: 10.000 St\u00fcck<\/li>\n<li>Fassungsverm\u00f6gen: 700ml<\/li>\n<li>Stk.\/Karton: 24Stk.<\/li>\n<li>Herkunftsort: Shandong, China<\/li>\n<li>Merkmal: Umweltfreundlich<\/li>\n<\/ul>\n<p>Wenn Sie mit diesem Glasflaschen-Gro\u00dfhandel zufrieden sind, kontaktieren Sie mich bitte rechtzeitig. Wenn es Ihnen nicht gef\u00e4llt, k\u00f6nnen Sie sich unsere anderen Flaschen ansehen. Oder ich gebe Ihnen den Katalog, Sie k\u00f6nnen ausw\u00e4hlen, was Ihnen gef\u00e4llt. Wenn Sie an unseren hermetischen Alkoholflaschen interessiert sind, kontaktieren Sie uns bitte. Wir werden Ihnen innerhalb von 24 Stunden antworten.<\/p>","protected":false},"excerpt":{"rendered":"<p>Das<strong> 700ml quadratische Glasflaschen Gro\u00dfhandel <\/strong>ist eines unserer Fabrik-Verkaufsprodukte. Das Material dieser Glasflasche ist kristallwei\u00dfes, extrem wei\u00dfes Material.<\/p>","protected":false},"featured_media":4488,"comment_status":"open","ping_status":"closed","template":"","meta":[],"product_brand":[],"product_cat":[51,52,63],"product_tag":[],"class_list":{"0":"post-788","1":"product","2":"type-product","3":"status-publish","4":"has-post-thumbnail","6":"product_cat-700ml-glass-bottle","7":"product_cat-750ml-glass-bottle","8":"product_cat-liquor-bottle","9":"entry","10":"has-media","12":"first","13":"instock","14":"shipping-taxable","15":"product-type-simple"},"yoast_head":"<!-- This site is optimized with the Yoast SEO plugin v27.3 - https:\/\/yoast.com\/product\/yoast-seo-wordpress\/ -->\n<title>Glass Flask Bottles Wholesale | Square Liquor Bottle Manufacturer<\/title>\n<meta name=\"description\" content=\"Buy Glass Flask Bottles Wholesale From China Liquor Bottle Manufacturer. Clear Square Liquor Bottle Will Catch Your Eyes In An Instant.\" \/>\n<meta name=\"robots\" content=\"index, follow, max-snippet:-1, max-image-preview:large, max-video-preview:-1\" \/>\n<link rel=\"canonical\" href=\"https:\/\/ruishengglassco.com\/product\/rs057-700ml-750ml-flask-tall-glass-bottles-wholesale\" \/>\n<meta property=\"og:locale\" content=\"de_DE\" \/>\n<meta property=\"og:type\" content=\"article\" \/>\n<meta property=\"og:title\" content=\"Glass Flask Bottles Wholesale | Square Liquor Bottle Manufacturer\" \/>\n<meta property=\"og:description\" content=\"Buy Glass Flask Bottles Wholesale From China Liquor Bottle Manufacturer. Clear Square Liquor Bottle Will Catch Your Eyes In An Instant.\" \/>\n<meta property=\"og:url\" content=\"https:\/\/ruishengglassco.com\/product\/rs057-700ml-750ml-flask-tall-glass-bottles-wholesale\" \/>\n<meta property=\"og:site_name\" content=\"Glass Bottle Wholesale\" \/>\n<meta property=\"article:modified_time\" content=\"2025-02-28T23:46:21+00:00\" \/>\n<meta property=\"og:image\" content=\"https:\/\/glassbottlewholesale.com\/wp-content\/uploads\/2024\/01\/rs057-1.jpg\" \/>\n\t<meta property=\"og:image:width\" content=\"800\" \/>\n\t<meta property=\"og:image:height\" content=\"800\" \/>\n\t<meta property=\"og:image:type\" content=\"image\/jpeg\" \/>\n<meta name=\"twitter:card\" content=\"summary_large_image\" \/>\n<meta name=\"twitter:label1\" content=\"Gesch\u00e4tzte Lesezeit\" \/>\n\t<meta name=\"twitter:data1\" content=\"2\u00a0Minuten\" \/>\n<script type=\"application\/ld+json\" class=\"yoast-schema-graph\">{\"@context\":\"https:\\\/\\\/schema.org\",\"@graph\":[{\"@type\":\"WebPage\",\"@id\":\"https:\\\/\\\/glassbottlewholesale.com\\\/700ml-750ml-glass-flask-bottles-wholesale\\\/\",\"url\":\"https:\\\/\\\/ruishengglassco.com\\\/product\\\/rs057-700ml-750ml-flask-tall-glass-bottles-wholesale\",\"name\":\"Glass Flask Bottles Wholesale | Square Liquor Bottle Manufacturer\",\"isPartOf\":{\"@id\":\"https:\\\/\\\/glassbottlewholesale.com\\\/#website\"},\"primaryImageOfPage\":{\"@id\":\"https:\\\/\\\/ruishengglassco.com\\\/product\\\/rs057-700ml-750ml-flask-tall-glass-bottles-wholesale#primaryimage\"},\"image\":{\"@id\":\"https:\\\/\\\/ruishengglassco.com\\\/product\\\/rs057-700ml-750ml-flask-tall-glass-bottles-wholesale#primaryimage\"},\"thumbnailUrl\":\"https:\\\/\\\/glassbottlewholesale.com\\\/wp-content\\\/uploads\\\/2024\\\/01\\\/rs057-1.jpg\",\"datePublished\":\"2019-10-18T09:23:42+00:00\",\"dateModified\":\"2025-02-28T23:46:21+00:00\",\"description\":\"Buy Glass Flask Bottles Wholesale From China Liquor Bottle Manufacturer. Clear Square Liquor Bottle Will Catch Your Eyes In An Instant.\",\"breadcrumb\":{\"@id\":\"https:\\\/\\\/ruishengglassco.com\\\/product\\\/rs057-700ml-750ml-flask-tall-glass-bottles-wholesale#breadcrumb\"},\"inLanguage\":\"de\",\"potentialAction\":[{\"@type\":\"ReadAction\",\"target\":[\"https:\\\/\\\/ruishengglassco.com\\\/product\\\/rs057-700ml-750ml-flask-tall-glass-bottles-wholesale\"]}]},{\"@type\":\"ImageObject\",\"inLanguage\":\"de\",\"@id\":\"https:\\\/\\\/ruishengglassco.com\\\/product\\\/rs057-700ml-750ml-flask-tall-glass-bottles-wholesale#primaryimage\",\"url\":\"https:\\\/\\\/glassbottlewholesale.com\\\/wp-content\\\/uploads\\\/2024\\\/01\\\/rs057-1.jpg\",\"contentUrl\":\"https:\\\/\\\/glassbottlewholesale.com\\\/wp-content\\\/uploads\\\/2024\\\/01\\\/rs057-1.jpg\",\"width\":800,\"height\":800,\"caption\":\"Glass Flask Bottles Wholesale\"},{\"@type\":\"BreadcrumbList\",\"@id\":\"https:\\\/\\\/ruishengglassco.com\\\/product\\\/rs057-700ml-750ml-flask-tall-glass-bottles-wholesale#breadcrumb\",\"itemListElement\":[{\"@type\":\"ListItem\",\"position\":1,\"name\":\"Home\",\"item\":\"https:\\\/\\\/glassbottlewholesale.com\\\/\"},{\"@type\":\"ListItem\",\"position\":2,\"name\":\"Products\",\"item\":\"https:\\\/\\\/glassbottlewholesale.com\\\/shop\\\/\"},{\"@type\":\"ListItem\",\"position\":3,\"name\":\"RS057: 700ml 750ml Flask Tall Glass Bottles Wholesale\"}]},{\"@type\":\"WebSite\",\"@id\":\"https:\\\/\\\/glassbottlewholesale.com\\\/#website\",\"url\":\"https:\\\/\\\/glassbottlewholesale.com\\\/\",\"name\":\"Glass Bottle Wholesale\",\"description\":\"\",\"publisher\":{\"@id\":\"https:\\\/\\\/glassbottlewholesale.com\\\/#organization\"},\"potentialAction\":[{\"@type\":\"SearchAction\",\"target\":{\"@type\":\"EntryPoint\",\"urlTemplate\":\"https:\\\/\\\/glassbottlewholesale.com\\\/?s={search_term_string}\"},\"query-input\":{\"@type\":\"PropertyValueSpecification\",\"valueRequired\":true,\"valueName\":\"search_term_string\"}}],\"inLanguage\":\"de\"},{\"@type\":\"Organization\",\"@id\":\"https:\\\/\\\/glassbottlewholesale.com\\\/#organization\",\"name\":\"Glass Bottle Wholesale\",\"url\":\"https:\\\/\\\/glassbottlewholesale.com\\\/\",\"logo\":{\"@type\":\"ImageObject\",\"inLanguage\":\"de\",\"@id\":\"https:\\\/\\\/glassbottlewholesale.com\\\/#\\\/schema\\\/logo\\\/image\\\/\",\"url\":\"https:\\\/\\\/glassbottlewholesale.com\\\/wp-content\\\/uploads\\\/2023\\\/12\\\/ruisheng-logo.webp\",\"contentUrl\":\"https:\\\/\\\/glassbottlewholesale.com\\\/wp-content\\\/uploads\\\/2023\\\/12\\\/ruisheng-logo.webp\",\"width\":400,\"height\":233,\"caption\":\"Glass Bottle Wholesale\"},\"image\":{\"@id\":\"https:\\\/\\\/glassbottlewholesale.com\\\/#\\\/schema\\\/logo\\\/image\\\/\"}}]}<\/script>\n<!-- \/ Yoast SEO plugin. -->","yoast_head_json":{"title":"Glasflaschen im Gro\u00dfhandel | Hersteller quadratischer Schnapsflaschen","description":"Kaufen Sie Glasflaschen im Gro\u00dfhandel von chinesischen Schnapsflaschenherstellern. Die klare, quadratische Schnapsflasche f\u00e4llt sofort ins Auge.","robots":{"index":"index","follow":"follow","max-snippet":"max-snippet:-1","max-image-preview":"max-image-preview:large","max-video-preview":"max-video-preview:-1"},"canonical":"https:\/\/ruishengglassco.com\/product\/rs057-700ml-750ml-flask-tall-glass-bottles-wholesale","og_locale":"de_DE","og_type":"article","og_title":"Glass Flask Bottles Wholesale | Square Liquor Bottle Manufacturer","og_description":"Buy Glass Flask Bottles Wholesale From China Liquor Bottle Manufacturer. Clear Square Liquor Bottle Will Catch Your Eyes In An Instant.","og_url":"https:\/\/ruishengglassco.com\/product\/rs057-700ml-750ml-flask-tall-glass-bottles-wholesale","og_site_name":"Glass Bottle Wholesale","article_modified_time":"2025-02-28T23:46:21+00:00","og_image":[{"width":800,"height":800,"url":"https:\/\/glassbottlewholesale.com\/wp-content\/uploads\/2024\/01\/rs057-1.jpg","type":"image\/jpeg"}],"twitter_card":"summary_large_image","twitter_misc":{"Gesch\u00e4tzte Lesezeit":"2\u00a0Minuten"},"schema":{"@context":"https:\/\/schema.org","@graph":[{"@type":"WebPage","@id":"https:\/\/glassbottlewholesale.com\/700ml-750ml-glass-flask-bottles-wholesale\/","url":"https:\/\/ruishengglassco.com\/product\/rs057-700ml-750ml-flask-tall-glass-bottles-wholesale","name":"Glasflaschen im Gro\u00dfhandel | Hersteller quadratischer Schnapsflaschen","isPartOf":{"@id":"https:\/\/glassbottlewholesale.com\/#website"},"primaryImageOfPage":{"@id":"https:\/\/ruishengglassco.com\/product\/rs057-700ml-750ml-flask-tall-glass-bottles-wholesale#primaryimage"},"image":{"@id":"https:\/\/ruishengglassco.com\/product\/rs057-700ml-750ml-flask-tall-glass-bottles-wholesale#primaryimage"},"thumbnailUrl":"https:\/\/glassbottlewholesale.com\/wp-content\/uploads\/2024\/01\/rs057-1.jpg","datePublished":"2019-10-18T09:23:42+00:00","dateModified":"2025-02-28T23:46:21+00:00","description":"Kaufen Sie Glasflaschen im Gro\u00dfhandel von chinesischen Schnapsflaschenherstellern. Die klare, quadratische Schnapsflasche f\u00e4llt sofort ins Auge.","breadcrumb":{"@id":"https:\/\/ruishengglassco.com\/product\/rs057-700ml-750ml-flask-tall-glass-bottles-wholesale#breadcrumb"},"inLanguage":"de","potentialAction":[{"@type":"ReadAction","target":["https:\/\/ruishengglassco.com\/product\/rs057-700ml-750ml-flask-tall-glass-bottles-wholesale"]}]},{"@type":"ImageObject","inLanguage":"de","@id":"https:\/\/ruishengglassco.com\/product\/rs057-700ml-750ml-flask-tall-glass-bottles-wholesale#primaryimage","url":"https:\/\/glassbottlewholesale.com\/wp-content\/uploads\/2024\/01\/rs057-1.jpg","contentUrl":"https:\/\/glassbottlewholesale.com\/wp-content\/uploads\/2024\/01\/rs057-1.jpg","width":800,"height":800,"caption":"Glass Flask Bottles Wholesale"},{"@type":"BreadcrumbList","@id":"https:\/\/ruishengglassco.com\/product\/rs057-700ml-750ml-flask-tall-glass-bottles-wholesale#breadcrumb","itemListElement":[{"@type":"ListItem","position":1,"name":"Home","item":"https:\/\/glassbottlewholesale.com\/"},{"@type":"ListItem","position":2,"name":"Products","item":"https:\/\/glassbottlewholesale.com\/shop\/"},{"@type":"ListItem","position":3,"name":"RS057: 700ml 750ml Flask Tall Glass Bottles Wholesale"}]},{"@type":"WebSite","@id":"https:\/\/glassbottlewholesale.com\/#website","url":"https:\/\/glassbottlewholesale.com\/","name":"Glass Bottle Wholesale","description":"","publisher":{"@id":"https:\/\/glassbottlewholesale.com\/#organization"},"potentialAction":[{"@type":"SearchAction","target":{"@type":"EntryPoint","urlTemplate":"https:\/\/glassbottlewholesale.com\/?s={search_term_string}"},"query-input":{"@type":"PropertyValueSpecification","valueRequired":true,"valueName":"search_term_string"}}],"inLanguage":"de"},{"@type":"Organization","@id":"https:\/\/glassbottlewholesale.com\/#organization","name":"Glass Bottle Wholesale","url":"https:\/\/glassbottlewholesale.com\/","logo":{"@type":"ImageObject","inLanguage":"de","@id":"https:\/\/glassbottlewholesale.com\/#\/schema\/logo\/image\/","url":"https:\/\/glassbottlewholesale.com\/wp-content\/uploads\/2023\/12\/ruisheng-logo.webp","contentUrl":"https:\/\/glassbottlewholesale.com\/wp-content\/uploads\/2023\/12\/ruisheng-logo.webp","width":400,"height":233,"caption":"Glass Bottle Wholesale"},"image":{"@id":"https:\/\/glassbottlewholesale.com\/#\/schema\/logo\/image\/"}}]}},"_links":{"self":[{"href":"https:\/\/glassbottlewholesale.com\/de\/wp-json\/wp\/v2\/product\/788","targetHints":{"allow":["GET"]}}],"collection":[{"href":"https:\/\/glassbottlewholesale.com\/de\/wp-json\/wp\/v2\/product"}],"about":[{"href":"https:\/\/glassbottlewholesale.com\/de\/wp-json\/wp\/v2\/types\/product"}],"replies":[{"embeddable":true,"href":"https:\/\/glassbottlewholesale.com\/de\/wp-json\/wp\/v2\/comments?post=788"}],"wp:featuredmedia":[{"embeddable":true,"href":"https:\/\/glassbottlewholesale.com\/de\/wp-json\/wp\/v2\/media\/4488"}],"wp:attachment":[{"href":"https:\/\/glassbottlewholesale.com\/de\/wp-json\/wp\/v2\/media?parent=788"}],"wp:term":[{"taxonomy":"product_brand","embeddable":true,"href":"https:\/\/glassbottlewholesale.com\/de\/wp-json\/wp\/v2\/product_brand?post=788"},{"taxonomy":"product_cat","embeddable":true,"href":"https:\/\/glassbottlewholesale.com\/de\/wp-json\/wp\/v2\/product_cat?post=788"},{"taxonomy":"product_tag","embeddable":true,"href":"https:\/\/glassbottlewholesale.com\/de\/wp-json\/wp\/v2\/product_tag?post=788"}],"curies":[{"name":"wp","href":"https:\/\/api.w.org\/{rel}","templated":true}]}}