{"id":1444,"date":"2019-11-25T05:57:48","date_gmt":"2019-11-25T05:57:48","guid":{"rendered":"https:\/\/queenchingglass.com\/?post_type=product&#038;p=1444"},"modified":"2024-06-10T10:54:58","modified_gmt":"2024-06-10T10:54:58","slug":"botella-de-cristal-transparente-de-50-ml-para-licor","status":"publish","type":"product","link":"https:\/\/glassbottlewholesale.com\/es\/botella-de-cristal-transparente-de-50-ml-para-licor\/","title":{"rendered":"RS055: Botellas de vidrio en miniatura Botella de vidrio transparente de 50 ml y 100 ml para licor"},"content":{"rendered":"<p>Este mini botellas de licor vac\u00edas a granel se puede utilizar como una botella de alcohol para beber y una botella de perfume, podemos imprimir su logotipo en \u00e9l, y el color de la pintura lo que quieras. Nuestra empresa tiene muchos a\u00f1os de experiencia, por lo que puede confiar en nosotros para hacer buenas botellas de vidrio.<br \/>\nLa materia prima de nuestras botellas de licor vac\u00edas al por mayor se extrae del origen, y luego es estrictamente seleccionada por el personal. Utilizar equipos de gama alta y hacer botellas de alta calidad.<br \/>\nEstas botellas de licor tambi\u00e9n las tenemos de otras capacidades, como 100ml, 375ml, 500ml, 700ml, 750ml. Nuestra empresa tambi\u00e9n acepta el servicio de botellas de vidrio personalizadas, lo que quiera, podemos hacerlo. Podemos pintar la botella del color que desee. Nuestra empresa siempre insiste en la calidad en primer lugar, puede contar con nosotros para hacer un buen producto.<\/p>\n<p>Nuestros principales productos son botellas de vidrio de primera calidad, tales como botellas de vodka, botellas de brandy, botellas de whisky, botellas de licor, botellas de mermelada y as\u00ed sucesivamente. Tambi\u00e9n podemos ofrecer botellas de vidrio \u00e1mbar, botellas verdes y botellas de agua. Nuestro principal mercado es Europa, EE.UU., Australia, Am\u00e9rica, etc. Y todos los productos gozan de una gran reputaci\u00f3n por su innovaci\u00f3n y funcionalidad.<\/p>\n<h4>La informaci\u00f3n sobre las mini botellas de licor vac\u00edas a granel<\/h4>\n<ul>\n<li>Material principal: Cristal blanco, Vidrio<\/li>\n<li>Tapa: puede personalizarse<\/li>\n<li>Referencia: RS055<\/li>\n<li>MOQ: 10000 PCS( About 500000 pcs)<\/li>\n<li>Capacidad: 50 ml\/100 ml<\/li>\n<li>Piezas\/caja: 24 piezas<\/li>\n<li>Origen del lugar: Shandong, China<\/li>\n<li>Caracter\u00edstica: Respetuoso del medio ambiente<\/li>\n<\/ul>\n<p>Si quieres comprar mini botellas de licor vac\u00edas a granel de China 50ml botella de vidrio transparente proveedores, por favor <a href=\"https:\/\/glassbottlewholesale.com\/es\/contact\/\">Cont\u00e1ctenos<\/a>. Le responderemos dentro de las 24 horas.<\/p>","protected":false},"excerpt":{"rendered":"<p>Transparencia. Elegancia. Belleza. Alta calidad... Ruisheng 50ml transparente mini botellas de licor vac\u00edas a granel poner todas las caracter\u00edsticas excelentes en uno. Adopta material de vidrio sin plomo, protecci\u00f3n de la salud y el medio ambiente, ampliamente utilizado en el envasado de licor. Si usted est\u00e1 buscando un recipiente de vidrio licor perfecto, debe ser su primera opci\u00f3n.<\/p>","protected":false},"featured_media":2718,"comment_status":"open","ping_status":"closed","template":"","meta":[],"product_brand":[],"product_cat":[58],"product_tag":[],"class_list":{"0":"post-1444","1":"product","2":"type-product","3":"status-publish","4":"has-post-thumbnail","6":"product_cat-50ml-glass-bottle","7":"entry","8":"has-media","10":"first","11":"instock","12":"shipping-taxable","13":"product-type-simple"},"yoast_head":"<!-- This site is optimized with the Yoast SEO plugin v27.3 - https:\/\/yoast.com\/product\/yoast-seo-wordpress\/ -->\n<title>Empty Mini Liquor Bottles Bulk | 50ml Transparent Glass Bottle Suppliers<\/title>\n<meta name=\"description\" content=\"Do you want to buy empty mini liquor bottles bulk from China 50ml transparent glass bottle suppliers? Factory Outlet With Wholesale Price! Get Quote Now.\" \/>\n<meta name=\"robots\" content=\"index, follow, max-snippet:-1, max-image-preview:large, max-video-preview:-1\" \/>\n<link rel=\"canonical\" href=\"https:\/\/ruishengglassco.com\/product\/rs055-miniature-glass-bottles-50ml-100ml-transparent-glass-bottle-for-liquor\" \/>\n<meta property=\"og:locale\" content=\"es_ES\" \/>\n<meta property=\"og:type\" content=\"article\" \/>\n<meta property=\"og:title\" content=\"Empty Mini Liquor Bottles Bulk | 50ml Transparent Glass Bottle Suppliers\" \/>\n<meta property=\"og:description\" content=\"Do you want to buy empty mini liquor bottles bulk from China 50ml transparent glass bottle suppliers? Factory Outlet With Wholesale Price! Get Quote Now.\" \/>\n<meta property=\"og:url\" content=\"https:\/\/ruishengglassco.com\/product\/rs055-miniature-glass-bottles-50ml-100ml-transparent-glass-bottle-for-liquor\" \/>\n<meta property=\"og:site_name\" content=\"Glass Bottle Wholesale\" \/>\n<meta property=\"article:modified_time\" content=\"2024-06-10T10:54:58+00:00\" \/>\n<meta property=\"og:image\" content=\"https:\/\/glassbottlewholesale.com\/wp-content\/uploads\/2019\/10\/R30-glassbottle.jpg\" \/>\n\t<meta property=\"og:image:width\" content=\"800\" \/>\n\t<meta property=\"og:image:height\" content=\"800\" \/>\n\t<meta property=\"og:image:type\" content=\"image\/jpeg\" \/>\n<meta name=\"twitter:card\" content=\"summary_large_image\" \/>\n<meta name=\"twitter:label1\" content=\"Tiempo de lectura\" \/>\n\t<meta name=\"twitter:data1\" content=\"2 minutos\" \/>\n<script type=\"application\/ld+json\" class=\"yoast-schema-graph\">{\"@context\":\"https:\\\/\\\/schema.org\",\"@graph\":[{\"@type\":\"WebPage\",\"@id\":\"https:\\\/\\\/glassbottlewholesale.com\\\/50ml-transparent-glass-bottle-for-liquor\\\/\",\"url\":\"https:\\\/\\\/ruishengglassco.com\\\/product\\\/rs055-miniature-glass-bottles-50ml-100ml-transparent-glass-bottle-for-liquor\",\"name\":\"Empty Mini Liquor Bottles Bulk | 50ml Transparent Glass Bottle Suppliers\",\"isPartOf\":{\"@id\":\"https:\\\/\\\/glassbottlewholesale.com\\\/#website\"},\"primaryImageOfPage\":{\"@id\":\"https:\\\/\\\/ruishengglassco.com\\\/product\\\/rs055-miniature-glass-bottles-50ml-100ml-transparent-glass-bottle-for-liquor#primaryimage\"},\"image\":{\"@id\":\"https:\\\/\\\/ruishengglassco.com\\\/product\\\/rs055-miniature-glass-bottles-50ml-100ml-transparent-glass-bottle-for-liquor#primaryimage\"},\"thumbnailUrl\":\"https:\\\/\\\/glassbottlewholesale.com\\\/wp-content\\\/uploads\\\/2019\\\/10\\\/R30-glassbottle.jpg\",\"datePublished\":\"2019-11-25T05:57:48+00:00\",\"dateModified\":\"2024-06-10T10:54:58+00:00\",\"description\":\"Do you want to buy empty mini liquor bottles bulk from China 50ml transparent glass bottle suppliers? Factory Outlet With Wholesale Price! Get Quote Now.\",\"breadcrumb\":{\"@id\":\"https:\\\/\\\/ruishengglassco.com\\\/product\\\/rs055-miniature-glass-bottles-50ml-100ml-transparent-glass-bottle-for-liquor#breadcrumb\"},\"inLanguage\":\"es\",\"potentialAction\":[{\"@type\":\"ReadAction\",\"target\":[\"https:\\\/\\\/ruishengglassco.com\\\/product\\\/rs055-miniature-glass-bottles-50ml-100ml-transparent-glass-bottle-for-liquor\"]}]},{\"@type\":\"ImageObject\",\"inLanguage\":\"es\",\"@id\":\"https:\\\/\\\/ruishengglassco.com\\\/product\\\/rs055-miniature-glass-bottles-50ml-100ml-transparent-glass-bottle-for-liquor#primaryimage\",\"url\":\"https:\\\/\\\/glassbottlewholesale.com\\\/wp-content\\\/uploads\\\/2019\\\/10\\\/R30-glassbottle.jpg\",\"contentUrl\":\"https:\\\/\\\/glassbottlewholesale.com\\\/wp-content\\\/uploads\\\/2019\\\/10\\\/R30-glassbottle.jpg\",\"width\":800,\"height\":800,\"caption\":\"Miniature Glass Bottles 50ml 100ml Transparent Glass Bottle For Liquor\"},{\"@type\":\"BreadcrumbList\",\"@id\":\"https:\\\/\\\/ruishengglassco.com\\\/product\\\/rs055-miniature-glass-bottles-50ml-100ml-transparent-glass-bottle-for-liquor#breadcrumb\",\"itemListElement\":[{\"@type\":\"ListItem\",\"position\":1,\"name\":\"Home\",\"item\":\"https:\\\/\\\/glassbottlewholesale.com\\\/\"},{\"@type\":\"ListItem\",\"position\":2,\"name\":\"Products\",\"item\":\"https:\\\/\\\/glassbottlewholesale.com\\\/shop\\\/\"},{\"@type\":\"ListItem\",\"position\":3,\"name\":\"RS055: Miniature Glass Bottles 50ml 100ml Transparent Glass Bottle For Liquor\"}]},{\"@type\":\"WebSite\",\"@id\":\"https:\\\/\\\/glassbottlewholesale.com\\\/#website\",\"url\":\"https:\\\/\\\/glassbottlewholesale.com\\\/\",\"name\":\"Glass Bottle Wholesale\",\"description\":\"\",\"publisher\":{\"@id\":\"https:\\\/\\\/glassbottlewholesale.com\\\/#organization\"},\"potentialAction\":[{\"@type\":\"SearchAction\",\"target\":{\"@type\":\"EntryPoint\",\"urlTemplate\":\"https:\\\/\\\/glassbottlewholesale.com\\\/?s={search_term_string}\"},\"query-input\":{\"@type\":\"PropertyValueSpecification\",\"valueRequired\":true,\"valueName\":\"search_term_string\"}}],\"inLanguage\":\"es\"},{\"@type\":\"Organization\",\"@id\":\"https:\\\/\\\/glassbottlewholesale.com\\\/#organization\",\"name\":\"Glass Bottle Wholesale\",\"url\":\"https:\\\/\\\/glassbottlewholesale.com\\\/\",\"logo\":{\"@type\":\"ImageObject\",\"inLanguage\":\"es\",\"@id\":\"https:\\\/\\\/glassbottlewholesale.com\\\/#\\\/schema\\\/logo\\\/image\\\/\",\"url\":\"https:\\\/\\\/glassbottlewholesale.com\\\/wp-content\\\/uploads\\\/2023\\\/12\\\/ruisheng-logo.webp\",\"contentUrl\":\"https:\\\/\\\/glassbottlewholesale.com\\\/wp-content\\\/uploads\\\/2023\\\/12\\\/ruisheng-logo.webp\",\"width\":400,\"height\":233,\"caption\":\"Glass Bottle Wholesale\"},\"image\":{\"@id\":\"https:\\\/\\\/glassbottlewholesale.com\\\/#\\\/schema\\\/logo\\\/image\\\/\"}}]}<\/script>\n<!-- \/ Yoast SEO plugin. -->","yoast_head_json":{"title":"Empty Mini Liquor Bottles Bulk | 50ml Transparent Glass Bottle Suppliers","description":"Do you want to buy empty mini liquor bottles bulk from China 50ml transparent glass bottle suppliers? Factory Outlet With Wholesale Price! Get Quote Now.","robots":{"index":"index","follow":"follow","max-snippet":"max-snippet:-1","max-image-preview":"max-image-preview:large","max-video-preview":"max-video-preview:-1"},"canonical":"https:\/\/ruishengglassco.com\/product\/rs055-miniature-glass-bottles-50ml-100ml-transparent-glass-bottle-for-liquor","og_locale":"es_ES","og_type":"article","og_title":"Empty Mini Liquor Bottles Bulk | 50ml Transparent Glass Bottle Suppliers","og_description":"Do you want to buy empty mini liquor bottles bulk from China 50ml transparent glass bottle suppliers? Factory Outlet With Wholesale Price! Get Quote Now.","og_url":"https:\/\/ruishengglassco.com\/product\/rs055-miniature-glass-bottles-50ml-100ml-transparent-glass-bottle-for-liquor","og_site_name":"Glass Bottle Wholesale","article_modified_time":"2024-06-10T10:54:58+00:00","og_image":[{"width":800,"height":800,"url":"https:\/\/glassbottlewholesale.com\/wp-content\/uploads\/2019\/10\/R30-glassbottle.jpg","type":"image\/jpeg"}],"twitter_card":"summary_large_image","twitter_misc":{"Tiempo de lectura":"2 minutos"},"schema":{"@context":"https:\/\/schema.org","@graph":[{"@type":"WebPage","@id":"https:\/\/glassbottlewholesale.com\/50ml-transparent-glass-bottle-for-liquor\/","url":"https:\/\/ruishengglassco.com\/product\/rs055-miniature-glass-bottles-50ml-100ml-transparent-glass-bottle-for-liquor","name":"Empty Mini Liquor Bottles Bulk | 50ml Transparent Glass Bottle Suppliers","isPartOf":{"@id":"https:\/\/glassbottlewholesale.com\/#website"},"primaryImageOfPage":{"@id":"https:\/\/ruishengglassco.com\/product\/rs055-miniature-glass-bottles-50ml-100ml-transparent-glass-bottle-for-liquor#primaryimage"},"image":{"@id":"https:\/\/ruishengglassco.com\/product\/rs055-miniature-glass-bottles-50ml-100ml-transparent-glass-bottle-for-liquor#primaryimage"},"thumbnailUrl":"https:\/\/glassbottlewholesale.com\/wp-content\/uploads\/2019\/10\/R30-glassbottle.jpg","datePublished":"2019-11-25T05:57:48+00:00","dateModified":"2024-06-10T10:54:58+00:00","description":"Do you want to buy empty mini liquor bottles bulk from China 50ml transparent glass bottle suppliers? Factory Outlet With Wholesale Price! Get Quote Now.","breadcrumb":{"@id":"https:\/\/ruishengglassco.com\/product\/rs055-miniature-glass-bottles-50ml-100ml-transparent-glass-bottle-for-liquor#breadcrumb"},"inLanguage":"es","potentialAction":[{"@type":"ReadAction","target":["https:\/\/ruishengglassco.com\/product\/rs055-miniature-glass-bottles-50ml-100ml-transparent-glass-bottle-for-liquor"]}]},{"@type":"ImageObject","inLanguage":"es","@id":"https:\/\/ruishengglassco.com\/product\/rs055-miniature-glass-bottles-50ml-100ml-transparent-glass-bottle-for-liquor#primaryimage","url":"https:\/\/glassbottlewholesale.com\/wp-content\/uploads\/2019\/10\/R30-glassbottle.jpg","contentUrl":"https:\/\/glassbottlewholesale.com\/wp-content\/uploads\/2019\/10\/R30-glassbottle.jpg","width":800,"height":800,"caption":"Miniature Glass Bottles 50ml 100ml Transparent Glass Bottle For Liquor"},{"@type":"BreadcrumbList","@id":"https:\/\/ruishengglassco.com\/product\/rs055-miniature-glass-bottles-50ml-100ml-transparent-glass-bottle-for-liquor#breadcrumb","itemListElement":[{"@type":"ListItem","position":1,"name":"Home","item":"https:\/\/glassbottlewholesale.com\/"},{"@type":"ListItem","position":2,"name":"Products","item":"https:\/\/glassbottlewholesale.com\/shop\/"},{"@type":"ListItem","position":3,"name":"RS055: Miniature Glass Bottles 50ml 100ml Transparent Glass Bottle For Liquor"}]},{"@type":"WebSite","@id":"https:\/\/glassbottlewholesale.com\/#website","url":"https:\/\/glassbottlewholesale.com\/","name":"Glass Bottle Wholesale","description":"","publisher":{"@id":"https:\/\/glassbottlewholesale.com\/#organization"},"potentialAction":[{"@type":"SearchAction","target":{"@type":"EntryPoint","urlTemplate":"https:\/\/glassbottlewholesale.com\/?s={search_term_string}"},"query-input":{"@type":"PropertyValueSpecification","valueRequired":true,"valueName":"search_term_string"}}],"inLanguage":"es"},{"@type":"Organization","@id":"https:\/\/glassbottlewholesale.com\/#organization","name":"Glass Bottle Wholesale","url":"https:\/\/glassbottlewholesale.com\/","logo":{"@type":"ImageObject","inLanguage":"es","@id":"https:\/\/glassbottlewholesale.com\/#\/schema\/logo\/image\/","url":"https:\/\/glassbottlewholesale.com\/wp-content\/uploads\/2023\/12\/ruisheng-logo.webp","contentUrl":"https:\/\/glassbottlewholesale.com\/wp-content\/uploads\/2023\/12\/ruisheng-logo.webp","width":400,"height":233,"caption":"Glass Bottle Wholesale"},"image":{"@id":"https:\/\/glassbottlewholesale.com\/#\/schema\/logo\/image\/"}}]}},"_links":{"self":[{"href":"https:\/\/glassbottlewholesale.com\/es\/wp-json\/wp\/v2\/product\/1444","targetHints":{"allow":["GET"]}}],"collection":[{"href":"https:\/\/glassbottlewholesale.com\/es\/wp-json\/wp\/v2\/product"}],"about":[{"href":"https:\/\/glassbottlewholesale.com\/es\/wp-json\/wp\/v2\/types\/product"}],"replies":[{"embeddable":true,"href":"https:\/\/glassbottlewholesale.com\/es\/wp-json\/wp\/v2\/comments?post=1444"}],"wp:featuredmedia":[{"embeddable":true,"href":"https:\/\/glassbottlewholesale.com\/es\/wp-json\/wp\/v2\/media\/2718"}],"wp:attachment":[{"href":"https:\/\/glassbottlewholesale.com\/es\/wp-json\/wp\/v2\/media?parent=1444"}],"wp:term":[{"taxonomy":"product_brand","embeddable":true,"href":"https:\/\/glassbottlewholesale.com\/es\/wp-json\/wp\/v2\/product_brand?post=1444"},{"taxonomy":"product_cat","embeddable":true,"href":"https:\/\/glassbottlewholesale.com\/es\/wp-json\/wp\/v2\/product_cat?post=1444"},{"taxonomy":"product_tag","embeddable":true,"href":"https:\/\/glassbottlewholesale.com\/es\/wp-json\/wp\/v2\/product_tag?post=1444"}],"curies":[{"name":"wp","href":"https:\/\/api.w.org\/{rel}","templated":true}]}}