{"id":2376,"date":"2020-12-02T03:13:35","date_gmt":"2020-12-02T03:13:35","guid":{"rendered":"https:\/\/glassbottlewholesale.com\/?post_type=product&#038;p=2376"},"modified":"2024-07-03T01:04:31","modified_gmt":"2024-07-03T01:04:31","slug":"precio-de-botella-de-vodka-personalizado-del-fabricante-de-botellas-de-vidrio","status":"publish","type":"product","link":"https:\/\/glassbottlewholesale.com\/es\/precio-de-botella-de-vodka-personalizado-del-fabricante-de-botellas-de-vidrio\/","title":{"rendered":"RS032: Precio de botella de vodka personalizada del fabricante de botellas de vidrio"},"content":{"rendered":"","protected":false},"excerpt":{"rendered":"<h2>Informaci\u00f3n de pedido sobre el precio de la botella de vodka personalizada del fabricante de botellas de vidrio<\/h2>\n<ul>\n<li>N\u00famero de modelo: RS032<\/li>\n<li>Nombre de la marca: RUISHENG<\/li>\n<li><strong>Cantidad m\u00ednima de pedido: 6000 unidades<\/strong><\/li>\n<li>Capacidad: 500ml\/700ml\/750ml\/personalizado<\/li>\n<li>Manejo de superficies: calcoman\u00eda<\/li>\n<li>Material: vidrio s\u00faper pedernal<\/li>\n<li>Material del collar: botella de vidrio transparente<\/li>\n<li>Tipo de sellado: Corcho<\/li>\n<li>Uso: VODKA<\/li>\n<li>Lugar de origen: Shandong, China<\/li>\n<li>Paquete: cajas de cart\u00f3n y paletas de exportaci\u00f3n est\u00e1ndar<\/li>\n<li>Servicio: Servicio OEM\/ODM<\/li>\n<\/ul>","protected":false},"featured_media":2364,"comment_status":"open","ping_status":"closed","template":"","meta":[],"product_brand":[],"product_cat":[55,67],"product_tag":[],"class_list":{"0":"post-2376","1":"product","2":"type-product","3":"status-publish","4":"has-post-thumbnail","6":"product_cat-custom-glass-bottle","7":"product_cat-vodka-bottle","8":"entry","9":"has-media","11":"first","12":"instock","13":"shipping-taxable","14":"product-type-simple"},"yoast_head":"<!-- This site is optimized with the Yoast SEO plugin v27.3 - https:\/\/yoast.com\/product\/yoast-seo-wordpress\/ -->\n<title>RS032: Custom Vodka Bottle Price From Glass Bottle Manufacturer - Glass Bottle Wholesale<\/title>\n<meta name=\"robots\" content=\"index, follow, max-snippet:-1, max-image-preview:large, max-video-preview:-1\" \/>\n<link rel=\"canonical\" href=\"https:\/\/ruishengglassco.com\/product\/rs032-custom-vodka-bottle-price-from-glass-bottle-manufacturer\" \/>\n<meta property=\"og:locale\" content=\"es_ES\" \/>\n<meta property=\"og:type\" content=\"article\" \/>\n<meta property=\"og:title\" content=\"RS032: Custom Vodka Bottle Price From Glass Bottle Manufacturer - Glass Bottle Wholesale\" \/>\n<meta property=\"og:description\" content=\"Order Information About Custom Vodka Bottle Price From Glass Bottle Manufacturer   Model Number: RS032  Brand Name: RUISHENG  MOQ: 6000pcs  Capacity: 500ml\/700ml\/750ml\/customized  Surface Handling: Decal  Material: Super Flint Glass  Collar Material: Clear Glass Bottle  Sealing Type: Cork  Use: VODKA  Place of Origin: Shandong, China  package: Standard export cartons and pallets  Service: OEM\/ODM Service\" \/>\n<meta property=\"og:url\" content=\"https:\/\/ruishengglassco.com\/product\/rs032-custom-vodka-bottle-price-from-glass-bottle-manufacturer\" \/>\n<meta property=\"og:site_name\" content=\"Glass Bottle Wholesale\" \/>\n<meta property=\"article:modified_time\" content=\"2024-07-03T01:04:31+00:00\" \/>\n<meta property=\"og:image\" content=\"https:\/\/glassbottlewholesale.com\/wp-content\/uploads\/2020\/12\/vodka-bottle.jpg\" \/>\n\t<meta property=\"og:image:width\" content=\"750\" \/>\n\t<meta property=\"og:image:height\" content=\"750\" \/>\n\t<meta property=\"og:image:type\" content=\"image\/jpeg\" \/>\n<meta name=\"twitter:card\" content=\"summary_large_image\" \/>\n<script type=\"application\/ld+json\" class=\"yoast-schema-graph\">{\"@context\":\"https:\\\/\\\/schema.org\",\"@graph\":[{\"@type\":\"WebPage\",\"@id\":\"https:\\\/\\\/glassbottlewholesale.com\\\/custom-vodka-bottle-price-from-glass-bottle-manufacturer\\\/\",\"url\":\"https:\\\/\\\/ruishengglassco.com\\\/product\\\/rs032-custom-vodka-bottle-price-from-glass-bottle-manufacturer\",\"name\":\"RS032: Custom Vodka Bottle Price From Glass Bottle Manufacturer - Glass Bottle Wholesale\",\"isPartOf\":{\"@id\":\"https:\\\/\\\/glassbottlewholesale.com\\\/#website\"},\"primaryImageOfPage\":{\"@id\":\"https:\\\/\\\/ruishengglassco.com\\\/product\\\/rs032-custom-vodka-bottle-price-from-glass-bottle-manufacturer#primaryimage\"},\"image\":{\"@id\":\"https:\\\/\\\/ruishengglassco.com\\\/product\\\/rs032-custom-vodka-bottle-price-from-glass-bottle-manufacturer#primaryimage\"},\"thumbnailUrl\":\"https:\\\/\\\/glassbottlewholesale.com\\\/wp-content\\\/uploads\\\/2020\\\/12\\\/vodka-bottle.jpg\",\"datePublished\":\"2020-12-02T03:13:35+00:00\",\"dateModified\":\"2024-07-03T01:04:31+00:00\",\"breadcrumb\":{\"@id\":\"https:\\\/\\\/ruishengglassco.com\\\/product\\\/rs032-custom-vodka-bottle-price-from-glass-bottle-manufacturer#breadcrumb\"},\"inLanguage\":\"es\",\"potentialAction\":[{\"@type\":\"ReadAction\",\"target\":[\"https:\\\/\\\/ruishengglassco.com\\\/product\\\/rs032-custom-vodka-bottle-price-from-glass-bottle-manufacturer\"]}]},{\"@type\":\"ImageObject\",\"inLanguage\":\"es\",\"@id\":\"https:\\\/\\\/ruishengglassco.com\\\/product\\\/rs032-custom-vodka-bottle-price-from-glass-bottle-manufacturer#primaryimage\",\"url\":\"https:\\\/\\\/glassbottlewholesale.com\\\/wp-content\\\/uploads\\\/2020\\\/12\\\/vodka-bottle.jpg\",\"contentUrl\":\"https:\\\/\\\/glassbottlewholesale.com\\\/wp-content\\\/uploads\\\/2020\\\/12\\\/vodka-bottle.jpg\",\"width\":750,\"height\":750,\"caption\":\"Custom Vodka Bottle Price From Glass Bottle Manufacturer\"},{\"@type\":\"BreadcrumbList\",\"@id\":\"https:\\\/\\\/ruishengglassco.com\\\/product\\\/rs032-custom-vodka-bottle-price-from-glass-bottle-manufacturer#breadcrumb\",\"itemListElement\":[{\"@type\":\"ListItem\",\"position\":1,\"name\":\"Home\",\"item\":\"https:\\\/\\\/glassbottlewholesale.com\\\/\"},{\"@type\":\"ListItem\",\"position\":2,\"name\":\"Products\",\"item\":\"https:\\\/\\\/glassbottlewholesale.com\\\/shop\\\/\"},{\"@type\":\"ListItem\",\"position\":3,\"name\":\"RS032: Custom Vodka Bottle Price From Glass Bottle Manufacturer\"}]},{\"@type\":\"WebSite\",\"@id\":\"https:\\\/\\\/glassbottlewholesale.com\\\/#website\",\"url\":\"https:\\\/\\\/glassbottlewholesale.com\\\/\",\"name\":\"Glass Bottle Wholesale\",\"description\":\"\",\"publisher\":{\"@id\":\"https:\\\/\\\/glassbottlewholesale.com\\\/#organization\"},\"potentialAction\":[{\"@type\":\"SearchAction\",\"target\":{\"@type\":\"EntryPoint\",\"urlTemplate\":\"https:\\\/\\\/glassbottlewholesale.com\\\/?s={search_term_string}\"},\"query-input\":{\"@type\":\"PropertyValueSpecification\",\"valueRequired\":true,\"valueName\":\"search_term_string\"}}],\"inLanguage\":\"es\"},{\"@type\":\"Organization\",\"@id\":\"https:\\\/\\\/glassbottlewholesale.com\\\/#organization\",\"name\":\"Glass Bottle Wholesale\",\"url\":\"https:\\\/\\\/glassbottlewholesale.com\\\/\",\"logo\":{\"@type\":\"ImageObject\",\"inLanguage\":\"es\",\"@id\":\"https:\\\/\\\/glassbottlewholesale.com\\\/#\\\/schema\\\/logo\\\/image\\\/\",\"url\":\"https:\\\/\\\/glassbottlewholesale.com\\\/wp-content\\\/uploads\\\/2023\\\/12\\\/ruisheng-logo.webp\",\"contentUrl\":\"https:\\\/\\\/glassbottlewholesale.com\\\/wp-content\\\/uploads\\\/2023\\\/12\\\/ruisheng-logo.webp\",\"width\":400,\"height\":233,\"caption\":\"Glass Bottle Wholesale\"},\"image\":{\"@id\":\"https:\\\/\\\/glassbottlewholesale.com\\\/#\\\/schema\\\/logo\\\/image\\\/\"}}]}<\/script>\n<!-- \/ Yoast SEO plugin. -->","yoast_head_json":{"title":"RS032: Custom Vodka Bottle Price From Glass Bottle Manufacturer - Glass Bottle Wholesale","robots":{"index":"index","follow":"follow","max-snippet":"max-snippet:-1","max-image-preview":"max-image-preview:large","max-video-preview":"max-video-preview:-1"},"canonical":"https:\/\/ruishengglassco.com\/product\/rs032-custom-vodka-bottle-price-from-glass-bottle-manufacturer","og_locale":"es_ES","og_type":"article","og_title":"RS032: Custom Vodka Bottle Price From Glass Bottle Manufacturer - Glass Bottle Wholesale","og_description":"Order Information About Custom Vodka Bottle Price From Glass Bottle Manufacturer   Model Number: RS032  Brand Name: RUISHENG  MOQ: 6000pcs  Capacity: 500ml\/700ml\/750ml\/customized  Surface Handling: Decal  Material: Super Flint Glass  Collar Material: Clear Glass Bottle  Sealing Type: Cork  Use: VODKA  Place of Origin: Shandong, China  package: Standard export cartons and pallets  Service: OEM\/ODM Service","og_url":"https:\/\/ruishengglassco.com\/product\/rs032-custom-vodka-bottle-price-from-glass-bottle-manufacturer","og_site_name":"Glass Bottle Wholesale","article_modified_time":"2024-07-03T01:04:31+00:00","og_image":[{"width":750,"height":750,"url":"https:\/\/glassbottlewholesale.com\/wp-content\/uploads\/2020\/12\/vodka-bottle.jpg","type":"image\/jpeg"}],"twitter_card":"summary_large_image","schema":{"@context":"https:\/\/schema.org","@graph":[{"@type":"WebPage","@id":"https:\/\/glassbottlewholesale.com\/custom-vodka-bottle-price-from-glass-bottle-manufacturer\/","url":"https:\/\/ruishengglassco.com\/product\/rs032-custom-vodka-bottle-price-from-glass-bottle-manufacturer","name":"RS032: Custom Vodka Bottle Price From Glass Bottle Manufacturer - Glass Bottle Wholesale","isPartOf":{"@id":"https:\/\/glassbottlewholesale.com\/#website"},"primaryImageOfPage":{"@id":"https:\/\/ruishengglassco.com\/product\/rs032-custom-vodka-bottle-price-from-glass-bottle-manufacturer#primaryimage"},"image":{"@id":"https:\/\/ruishengglassco.com\/product\/rs032-custom-vodka-bottle-price-from-glass-bottle-manufacturer#primaryimage"},"thumbnailUrl":"https:\/\/glassbottlewholesale.com\/wp-content\/uploads\/2020\/12\/vodka-bottle.jpg","datePublished":"2020-12-02T03:13:35+00:00","dateModified":"2024-07-03T01:04:31+00:00","breadcrumb":{"@id":"https:\/\/ruishengglassco.com\/product\/rs032-custom-vodka-bottle-price-from-glass-bottle-manufacturer#breadcrumb"},"inLanguage":"es","potentialAction":[{"@type":"ReadAction","target":["https:\/\/ruishengglassco.com\/product\/rs032-custom-vodka-bottle-price-from-glass-bottle-manufacturer"]}]},{"@type":"ImageObject","inLanguage":"es","@id":"https:\/\/ruishengglassco.com\/product\/rs032-custom-vodka-bottle-price-from-glass-bottle-manufacturer#primaryimage","url":"https:\/\/glassbottlewholesale.com\/wp-content\/uploads\/2020\/12\/vodka-bottle.jpg","contentUrl":"https:\/\/glassbottlewholesale.com\/wp-content\/uploads\/2020\/12\/vodka-bottle.jpg","width":750,"height":750,"caption":"Custom Vodka Bottle Price From Glass Bottle Manufacturer"},{"@type":"BreadcrumbList","@id":"https:\/\/ruishengglassco.com\/product\/rs032-custom-vodka-bottle-price-from-glass-bottle-manufacturer#breadcrumb","itemListElement":[{"@type":"ListItem","position":1,"name":"Home","item":"https:\/\/glassbottlewholesale.com\/"},{"@type":"ListItem","position":2,"name":"Products","item":"https:\/\/glassbottlewholesale.com\/shop\/"},{"@type":"ListItem","position":3,"name":"RS032: Custom Vodka Bottle Price From Glass Bottle Manufacturer"}]},{"@type":"WebSite","@id":"https:\/\/glassbottlewholesale.com\/#website","url":"https:\/\/glassbottlewholesale.com\/","name":"Glass Bottle Wholesale","description":"","publisher":{"@id":"https:\/\/glassbottlewholesale.com\/#organization"},"potentialAction":[{"@type":"SearchAction","target":{"@type":"EntryPoint","urlTemplate":"https:\/\/glassbottlewholesale.com\/?s={search_term_string}"},"query-input":{"@type":"PropertyValueSpecification","valueRequired":true,"valueName":"search_term_string"}}],"inLanguage":"es"},{"@type":"Organization","@id":"https:\/\/glassbottlewholesale.com\/#organization","name":"Glass Bottle Wholesale","url":"https:\/\/glassbottlewholesale.com\/","logo":{"@type":"ImageObject","inLanguage":"es","@id":"https:\/\/glassbottlewholesale.com\/#\/schema\/logo\/image\/","url":"https:\/\/glassbottlewholesale.com\/wp-content\/uploads\/2023\/12\/ruisheng-logo.webp","contentUrl":"https:\/\/glassbottlewholesale.com\/wp-content\/uploads\/2023\/12\/ruisheng-logo.webp","width":400,"height":233,"caption":"Glass Bottle Wholesale"},"image":{"@id":"https:\/\/glassbottlewholesale.com\/#\/schema\/logo\/image\/"}}]}},"_links":{"self":[{"href":"https:\/\/glassbottlewholesale.com\/es\/wp-json\/wp\/v2\/product\/2376","targetHints":{"allow":["GET"]}}],"collection":[{"href":"https:\/\/glassbottlewholesale.com\/es\/wp-json\/wp\/v2\/product"}],"about":[{"href":"https:\/\/glassbottlewholesale.com\/es\/wp-json\/wp\/v2\/types\/product"}],"replies":[{"embeddable":true,"href":"https:\/\/glassbottlewholesale.com\/es\/wp-json\/wp\/v2\/comments?post=2376"}],"wp:featuredmedia":[{"embeddable":true,"href":"https:\/\/glassbottlewholesale.com\/es\/wp-json\/wp\/v2\/media\/2364"}],"wp:attachment":[{"href":"https:\/\/glassbottlewholesale.com\/es\/wp-json\/wp\/v2\/media?parent=2376"}],"wp:term":[{"taxonomy":"product_brand","embeddable":true,"href":"https:\/\/glassbottlewholesale.com\/es\/wp-json\/wp\/v2\/product_brand?post=2376"},{"taxonomy":"product_cat","embeddable":true,"href":"https:\/\/glassbottlewholesale.com\/es\/wp-json\/wp\/v2\/product_cat?post=2376"},{"taxonomy":"product_tag","embeddable":true,"href":"https:\/\/glassbottlewholesale.com\/es\/wp-json\/wp\/v2\/product_tag?post=2376"}],"curies":[{"name":"wp","href":"https:\/\/api.w.org\/{rel}","templated":true}]}}